{"id":46423,"date":"2015-05-14T14:28:07","date_gmt":"2015-05-14T12:28:07","guid":{"rendered":"https:\/\/www.comprarmejor.es\/legal-warning\/"},"modified":"2026-03-03T11:12:23","modified_gmt":"2026-03-03T10:12:23","slug":"legal-warning","status":"publish","type":"page","link":"https:\/\/www.comprarmejor.es\/en\/legal-warning\/","title":{"rendered":"Legal warning"},"content":{"rendered":"<div class=\"wpb-content-wrapper\"><p>[vc_row][vc_column][vc_column_text css=&#8221;&#8221;]<\/p>\n<h1 style=\"text-align: justify;\"><strong>Aviso Legal<\/strong><\/h1>\n<p style=\"text-align: justify;\">El presente Aviso Legal regula el uso del servicio de la p\u00e1gina web: <strong><a href=\"https:\/\/www.comprarmejor.es\/en\/\" target=\"_blank\" rel=\"noopener noreferrer\">https:\/\/www.comprarmejor.es<\/a><\/strong> que Javier Mill\u00e1n (<strong>ComprarMejor.org<\/strong>), con N.I.F. ES24875675W, pone a disposici\u00f3n de los usuarios de Internet para prestar sus servicios de intermediaci\u00f3n y venta electr\u00f3nica.<\/p>\n<p style=\"text-align: justify;\"><strong>Direcci\u00f3n: <\/strong>Apartado 5.113, 29003 M\u00e1laga (Espa\u00f1a)<\/p>\n<p style=\"text-align: justify;\"><strong>Tel\u00e9fono: <\/strong>(+34) 644 36 2001 (only available in Spanish, and calls with a hidden number are automatically rejected).<\/p>\n<p style=\"text-align: justify;\"><strong>E-mail : <\/strong><a href=\"mailto:info@comprarmejor.es\">info@comprarmejor.es<\/a><\/p>\n<p style=\"text-align: justify;\"><strong>Propiedad Intelectual e Industrial:<\/strong><\/p>\n<p style=\"text-align: justify;\">Los derechos de propiedad intelectual de la p\u00e1gina web, su c\u00f3digo fuente, dise\u00f1o, estructura de navegaci\u00f3n, bases de datos y los distintos elementos en \u00e9l contenidos (im\u00e1genes, ficheros, logos y cualquier otro elemento susceptible de protecci\u00f3n) son titularidad de <strong>ComprarMejor.org<\/strong>, a quien corresponde el ejercicio exclusivo de los derechos de explotaci\u00f3n de los mismos en cualquier forma y, en especial, los derechos de reproducci\u00f3n, distribuci\u00f3n, comunicaci\u00f3n p\u00fablica y transformaci\u00f3n.<\/p>\n<p style=\"text-align: justify;\">Est\u00e1n prohibidas la reproducci\u00f3n, transformaci\u00f3n, distribuci\u00f3n, comunicaci\u00f3n p\u00fablica, puesta a disposici\u00f3n del p\u00fablico y, en general cualquier otra forma de explotaci\u00f3n, parcial o total de los elementos referidos en el apartado anterior. Estos actos de explotaci\u00f3n s\u00f3lo podr\u00e1n ser realizados en virtud de autorizaci\u00f3n expresa de <strong>ComprarMejor.org<\/strong>, y que, en todo caso, deber\u00e1n hacer referencia expl\u00edcita a la titularidad de los citados derechos de propiedad intelectual de la misma<em>. <\/em>Respecto a las citas de productos y servicios de terceros se reconoce a favor de sus titulares los correspondientes derechos de propiedad industrial e intelectual, no implicando su sola menci\u00f3n o aparici\u00f3n en la Web la existencia de derechos o responsabilidad alguna sobre los mismos, como tampoco respaldo, patrocinio o recomendaci\u00f3n a no ser que se manifieste de manera expresa.<\/p>\n<p style=\"text-align: justify;\">La utilizaci\u00f3n no autorizada de la informaci\u00f3n contenida en la Web as\u00ed como la lesi\u00f3n de los derechos de Propiedad Intelectual e Industrial de <strong>ComprarMejor.org<\/strong>, dar\u00e1 lugar a las responsabilidades legalmente establecidas.<\/p>\n<p style=\"text-align: justify;\"><strong>Contenidos propios de ComprarMejor.org:<\/strong><\/p>\n<p style=\"text-align: justify;\">Esta web contiene materiales preparados por la Empresa con car\u00e1cter informativo, pudiendo ser modificados, desarrollados o actualizados sin previo aviso.<\/p>\n<p style=\"text-align: justify;\">La documentaci\u00f3n insertada puede no reflejar el estado legislativo o jurisprudencial m\u00e1s actual. <strong>ComprarMejor.org<\/strong> no se responsabiliza de los posibles errores, variaciones u omisiones que pudieran apreciarse, as\u00ed como del uso que de estos documentos se haga. Aconsejamos, la consulta de los boletines o diarios oficiales, as\u00ed como las fuentes informativas de las cuales se hayan obtenido dichas informaciones.<\/p>\n<p style=\"text-align: justify;\">Los enlaces que contiene esta p\u00e1gina web pueden conducir al usuario a otros sitios y p\u00e1ginas web de terceros sobre las que la empresa no ejerce ning\u00fan tipo de control ni responde de los contenidos y estado de las webs de enlace.<\/p>\n<p style=\"text-align: justify;\">Todo enlace de terceros a la Web debe serlo a su p\u00e1gina principal, quedando expresamente prohibidos los \u201clinks profundos\u201d, el \u201cframing\u201d y cualquier otro aprovechamiento de los contenidos de la Web a favor de terceros no autorizados.<\/p>\n<p style=\"text-align: justify;\"><strong>RESPONSABILIDAD:<\/strong><\/p>\n<p style=\"text-align: justify;\"><strong>ComprarMejor.org<\/strong> no se hace responsable en ning\u00fan caso de cualquier da\u00f1o que se pudiera causar a un tercero por los usuarios de la web como consecuencia del uso ilegal o inadecuado del mismo, ni como consecuencia de los contenidos e informaciones accesibles o facilitadas a trav\u00e9s de ella, ni de los sitios vinculados a la misma. Los responsables ser\u00e1n los usuarios o terceros causantes de los da\u00f1os.<\/p>\n<p style=\"text-align: justify;\">Las eventuales referencias que se hagan en la web a cualquier producto, servicio, proceso, enlace, hipertexto o cualquier otra informaci\u00f3n, utilizando la marca, el nombre comercial, o el nombre del fabricante o suministrador, que sean de titularidad de terceros, no constituye ni implica respaldo, patrocinio o recomendaci\u00f3n por parte de la empresa.<\/p>\n<p style=\"text-align: justify;\"><strong>ComprarMejor.org<\/strong> no garantiza la disponibilidad y continuidad del funcionamiento de la web y de los servicios, por lo que no ser\u00e1 responsable de los da\u00f1os y perjuicios que se pudieran causar como consecuencia de la falta de disponibilidad y\/o continuidad.<\/p>\n<p style=\"text-align: justify;\"><strong>ComprarMejor.org<\/strong> no garantiza la ausencia de virus en los servicios y contenidos de la web, ya sean prestados directamente o por terceros, incluidas las conexiones a trav\u00e9s de &#8220;links&#8221;, por lo que no ser\u00e1 responsable de los da\u00f1os y perjuicios que se puedan causar como consecuencia de la existencia de dichos virus. El usuario tiene la obligaci\u00f3n de tener en su sistema inform\u00e1tico los programas adecuados para detectar y proteger cualquier intrusi\u00f3n en el mismo.<\/p>\n<p style=\"text-align: justify;\"><strong>ComprarMejor.org<\/strong> no garantiza la licitud, fiabilidad, utilidad, veracidad, exactitud, exhaustividad y actualidad de los contenidos y servicios de la web prestados por terceros, incluidos los &#8220;links&#8221;, por lo que no ser\u00e1 responsable de los da\u00f1os y perjuicios que pudieran sufrir los usuarios como consecuencia de la ilicitud, no fiabilidad, inutilidad, inexactitud, falta de veracidad, no exhaustividad y\/o no actualidad de los servicios y\/o contenidos que los usuarios incluyan directamente en esta web.<\/p>\n<p style=\"text-align: justify;\"><span lang=\"en\" xml:lang=\"en\"><span class=\"hps\"><span lang=\"en\" xml:lang=\"en\"><br \/>\n<strong>ComprarMejor.org<\/strong><br \/>\n<\/span><\/span><\/span><\/p>\n<p>[\/vc_column_text][\/vc_column][\/vc_row]<\/p>\n<\/div>","protected":false},"excerpt":{"rendered":"<p>[vc_row][vc_column][vc_column_text css=&#8221;&#8221;] Aviso Legal El presente Aviso Legal regula el uso del servicio de la p\u00e1gina web: https:\/\/www.comprarmejor.es que Javier Mill\u00e1n (ComprarMejor.org), con N.I.F. ES24875675W, pone a disposici\u00f3n de los usuarios de Internet para prestar sus servicios de intermediaci\u00f3n y venta electr\u00f3nica. Direcci\u00f3n: Apartado 5.113, 29003 M\u00e1laga (Espa\u00f1a) Tel\u00e9fono: (+34) 644 36 2001 (only available&hellip;<\/p>\n","protected":false},"author":468,"featured_media":0,"parent":0,"menu_order":1,"comment_status":"closed","ping_status":"closed","template":"","meta":{"footnotes":""},"class_list":["post-46423","page","type-page","status-publish","hentry","description-off"],"yoast_head":"<!-- This site is optimized with the Yoast SEO plugin v27.3 - https:\/\/yoast.com\/product\/yoast-seo-wordpress\/ -->\n<title>Legal notice (ComprarMejor website with legal information) (in Spanish)<\/title>\n<meta name=\"description\" content=\"Legal notice (ComprarMejor website with legal information about the company&#039;s responsibility and services) (texts in Spanish)\" \/>\n<meta name=\"robots\" content=\"noindex, follow\" \/>\n<meta property=\"og:locale\" content=\"en_US\" \/>\n<meta property=\"og:type\" content=\"article\" \/>\n<meta property=\"og:title\" content=\"Legal notice (ComprarMejor website with legal information) (in Spanish)\" \/>\n<meta property=\"og:description\" content=\"Legal notice (ComprarMejor website with legal information about the company&#039;s responsibility and services) (texts in Spanish)\" \/>\n<meta property=\"og:url\" content=\"https:\/\/www.comprarmejor.es\/en\/legal-warning\/\" \/>\n<meta property=\"og:site_name\" content=\"ComprarMejor\" \/>\n<meta property=\"article:modified_time\" content=\"2026-03-03T10:12:23+00:00\" \/>\n<meta property=\"og:image\" content=\"https:\/\/www.comprarmejor.es\/wp-content\/uploads\/2025\/09\/comprarmejortrinidad.jpg\" \/>\n\t<meta property=\"og:image:width\" content=\"1022\" \/>\n\t<meta property=\"og:image:height\" content=\"1380\" \/>\n\t<meta property=\"og:image:type\" content=\"image\/jpeg\" \/>\n<meta name=\"twitter:card\" content=\"summary_large_image\" \/>\n<meta name=\"twitter:label1\" content=\"Est. reading time\" \/>\n\t<meta name=\"twitter:data1\" content=\"4 minutes\" \/>\n<script type=\"application\/ld+json\" class=\"yoast-schema-graph\">{\"@context\":\"https:\\\/\\\/schema.org\",\"@graph\":[{\"@type\":\"WebPage\",\"@id\":\"https:\\\/\\\/www.comprarmejor.es\\\/en\\\/legal-warning\\\/\",\"url\":\"https:\\\/\\\/www.comprarmejor.es\\\/en\\\/legal-warning\\\/\",\"name\":\"Legal notice (ComprarMejor website with legal information) (in Spanish)\",\"isPartOf\":{\"@id\":\"https:\\\/\\\/www.comprarmejor.es\\\/en\\\/#website\"},\"datePublished\":\"2015-05-14T12:28:07+00:00\",\"dateModified\":\"2026-03-03T10:12:23+00:00\",\"description\":\"Legal notice (ComprarMejor website with legal information about the company's responsibility and services) (texts in Spanish)\",\"breadcrumb\":{\"@id\":\"https:\\\/\\\/www.comprarmejor.es\\\/en\\\/legal-warning\\\/#breadcrumb\"},\"inLanguage\":\"en-US\",\"potentialAction\":[{\"@type\":\"ReadAction\",\"target\":[\"https:\\\/\\\/www.comprarmejor.es\\\/en\\\/legal-warning\\\/\"]}]},{\"@type\":\"BreadcrumbList\",\"@id\":\"https:\\\/\\\/www.comprarmejor.es\\\/en\\\/legal-warning\\\/#breadcrumb\",\"itemListElement\":[{\"@type\":\"ListItem\",\"position\":1,\"name\":\"Portada\",\"item\":\"https:\\\/\\\/www.comprarmejor.es\\\/en\\\/\"},{\"@type\":\"ListItem\",\"position\":2,\"name\":\"Legal warning\"}]},{\"@type\":\"WebSite\",\"@id\":\"https:\\\/\\\/www.comprarmejor.es\\\/en\\\/#website\",\"url\":\"https:\\\/\\\/www.comprarmejor.es\\\/en\\\/\",\"name\":\"ComprarMejor\",\"description\":\"ComprarMejor\",\"publisher\":{\"@id\":\"https:\\\/\\\/www.comprarmejor.es\\\/en\\\/#organization\"},\"potentialAction\":[{\"@type\":\"SearchAction\",\"target\":{\"@type\":\"EntryPoint\",\"urlTemplate\":\"https:\\\/\\\/www.comprarmejor.es\\\/en\\\/?s={search_term_string}\"},\"query-input\":{\"@type\":\"PropertyValueSpecification\",\"valueRequired\":true,\"valueName\":\"search_term_string\"}}],\"inLanguage\":\"en-US\"},{\"@type\":\"Organization\",\"@id\":\"https:\\\/\\\/www.comprarmejor.es\\\/en\\\/#organization\",\"name\":\"COMPRAR MEJOR\",\"url\":\"https:\\\/\\\/www.comprarmejor.es\\\/en\\\/\",\"logo\":{\"@type\":\"ImageObject\",\"inLanguage\":\"en-US\",\"@id\":\"https:\\\/\\\/www.comprarmejor.es\\\/en\\\/#\\\/schema\\\/logo\\\/image\\\/\",\"url\":\"https:\\\/\\\/www.comprarmejor.es\\\/wp-content\\\/uploads\\\/2025\\\/09\\\/comprarmejortrinidad.jpg\",\"contentUrl\":\"https:\\\/\\\/www.comprarmejor.es\\\/wp-content\\\/uploads\\\/2025\\\/09\\\/comprarmejortrinidad.jpg\",\"width\":1022,\"height\":1380,\"caption\":\"COMPRAR MEJOR\"},\"image\":{\"@id\":\"https:\\\/\\\/www.comprarmejor.es\\\/en\\\/#\\\/schema\\\/logo\\\/image\\\/\"},\"sameAs\":[\"https:\\\/\\\/www.instagram.com\\\/amigosdelcodice\"]}]}<\/script>\n<!-- \/ Yoast SEO plugin. -->","yoast_head_json":{"title":"Legal notice (ComprarMejor website with legal information) (in Spanish)","description":"Legal notice (ComprarMejor website with legal information about the company's responsibility and services) (texts in Spanish)","robots":{"index":"noindex","follow":"follow"},"og_locale":"en_US","og_type":"article","og_title":"Legal notice (ComprarMejor website with legal information) (in Spanish)","og_description":"Legal notice (ComprarMejor website with legal information about the company's responsibility and services) (texts in Spanish)","og_url":"https:\/\/www.comprarmejor.es\/en\/legal-warning\/","og_site_name":"ComprarMejor","article_modified_time":"2026-03-03T10:12:23+00:00","og_image":[{"width":1022,"height":1380,"url":"https:\/\/www.comprarmejor.es\/wp-content\/uploads\/2025\/09\/comprarmejortrinidad.jpg","type":"image\/jpeg"}],"twitter_card":"summary_large_image","twitter_misc":{"Est. reading time":"4 minutes"},"schema":{"@context":"https:\/\/schema.org","@graph":[{"@type":"WebPage","@id":"https:\/\/www.comprarmejor.es\/en\/legal-warning\/","url":"https:\/\/www.comprarmejor.es\/en\/legal-warning\/","name":"Legal notice (ComprarMejor website with legal information) (in Spanish)","isPartOf":{"@id":"https:\/\/www.comprarmejor.es\/en\/#website"},"datePublished":"2015-05-14T12:28:07+00:00","dateModified":"2026-03-03T10:12:23+00:00","description":"Legal notice (ComprarMejor website with legal information about the company's responsibility and services) (texts in Spanish)","breadcrumb":{"@id":"https:\/\/www.comprarmejor.es\/en\/legal-warning\/#breadcrumb"},"inLanguage":"en-US","potentialAction":[{"@type":"ReadAction","target":["https:\/\/www.comprarmejor.es\/en\/legal-warning\/"]}]},{"@type":"BreadcrumbList","@id":"https:\/\/www.comprarmejor.es\/en\/legal-warning\/#breadcrumb","itemListElement":[{"@type":"ListItem","position":1,"name":"Portada","item":"https:\/\/www.comprarmejor.es\/en\/"},{"@type":"ListItem","position":2,"name":"Legal warning"}]},{"@type":"WebSite","@id":"https:\/\/www.comprarmejor.es\/en\/#website","url":"https:\/\/www.comprarmejor.es\/en\/","name":"ComprarMejor","description":"ComprarMejor","publisher":{"@id":"https:\/\/www.comprarmejor.es\/en\/#organization"},"potentialAction":[{"@type":"SearchAction","target":{"@type":"EntryPoint","urlTemplate":"https:\/\/www.comprarmejor.es\/en\/?s={search_term_string}"},"query-input":{"@type":"PropertyValueSpecification","valueRequired":true,"valueName":"search_term_string"}}],"inLanguage":"en-US"},{"@type":"Organization","@id":"https:\/\/www.comprarmejor.es\/en\/#organization","name":"COMPRAR MEJOR","url":"https:\/\/www.comprarmejor.es\/en\/","logo":{"@type":"ImageObject","inLanguage":"en-US","@id":"https:\/\/www.comprarmejor.es\/en\/#\/schema\/logo\/image\/","url":"https:\/\/www.comprarmejor.es\/wp-content\/uploads\/2025\/09\/comprarmejortrinidad.jpg","contentUrl":"https:\/\/www.comprarmejor.es\/wp-content\/uploads\/2025\/09\/comprarmejortrinidad.jpg","width":1022,"height":1380,"caption":"COMPRAR MEJOR"},"image":{"@id":"https:\/\/www.comprarmejor.es\/en\/#\/schema\/logo\/image\/"},"sameAs":["https:\/\/www.instagram.com\/amigosdelcodice"]}]}},"_links":{"self":[{"href":"https:\/\/www.comprarmejor.es\/en\/wp-json\/wp\/v2\/pages\/46423","targetHints":{"allow":["GET"]}}],"collection":[{"href":"https:\/\/www.comprarmejor.es\/en\/wp-json\/wp\/v2\/pages"}],"about":[{"href":"https:\/\/www.comprarmejor.es\/en\/wp-json\/wp\/v2\/types\/page"}],"author":[{"embeddable":true,"href":"https:\/\/www.comprarmejor.es\/en\/wp-json\/wp\/v2\/users\/468"}],"replies":[{"embeddable":true,"href":"https:\/\/www.comprarmejor.es\/en\/wp-json\/wp\/v2\/comments?post=46423"}],"version-history":[{"count":5,"href":"https:\/\/www.comprarmejor.es\/en\/wp-json\/wp\/v2\/pages\/46423\/revisions"}],"predecessor-version":[{"id":106209,"href":"https:\/\/www.comprarmejor.es\/en\/wp-json\/wp\/v2\/pages\/46423\/revisions\/106209"}],"wp:attachment":[{"href":"https:\/\/www.comprarmejor.es\/en\/wp-json\/wp\/v2\/media?parent=46423"}],"curies":[{"name":"wp","href":"https:\/\/api.w.org\/{rel}","templated":true}]}}