{"id":46429,"date":"2015-05-14T14:28:07","date_gmt":"2015-05-14T12:28:07","guid":{"rendered":"https:\/\/www.comprarmejor.es\/about-us\/"},"modified":"2026-03-03T11:26:23","modified_gmt":"2026-03-03T10:26:23","slug":"about-us","status":"publish","type":"page","link":"https:\/\/www.comprarmejor.es\/en\/about-us\/","title":{"rendered":"About us"},"content":{"rendered":"<div class=\"wpb-content-wrapper\"><p>[vc_row][vc_column][vc_column_text css=&#8221;&#8221;]<\/p>\n<p style=\"text-align: justify;\"><strong>ComprarMejor<\/strong> tiene su sede en M\u00e1laga (Espa\u00f1a) y desde 2007 servimos a nuestros clientes y amigos en todo el mundo. S\u00f3lo vendemos a trav\u00e9s de internet y con las Agencias de transporte por mensajer\u00eda m\u00e1s selectivas, as\u00ed como con Correos. Tambi\u00e9n vendemos desde hace muchos a\u00f1os en otras plataformas, como todocolecci\u00f3n.net, donde tenemos muy buenas referencias de nuestros clientes y ning\u00fan voto negativo.<\/p>\n<p style=\"text-align: justify;\"><strong>ComprarMejor<\/strong> (en los dominios <strong>.org .net .es<\/strong>) es un escaparate privado en el que el trato con el cliente es totalmente personalizado, donde podr\u00e1 Comprar Mejor y con <strong>absoluta confianza<\/strong>, art\u00edculos de primer\u00edsima calidad, objetos de colecci\u00f3n y piezas \u00fanicas en su categor\u00eda. Nuestros facs\u00edmiles son completamente nuevos, la mayor\u00eda de ellos a estrenar; si alguno tiene alg\u00fan tipo de uso, se hace constar en el texto del art\u00edculo. Todos nuestros art\u00edculos han pasado un riguroso examen de calidad y todos ellos son 100% originales, seleccionados especialmente para que pueda disfrutar de los productos m\u00e1s exclusivos y exigentes. No encontrar\u00e1 nada igual en ninguna otra parte. Muchos de nuestros art\u00edculos son piezas \u00fanicas, de alto valor, exclusivas para coleccionistas exigentes.<\/p>\n<p style=\"text-align: justify;\"><strong>ComprarMejor.es<\/strong> es la \u00fanica web autorizada para comercializar las copias originales en <a href=\"https:\/\/www.comprarmejor.es\/categoria-producto\/ediciones-facsimiles\/pergamino\/\">pergamino 100% natural<\/a>, obras realizadas al estilo medieval, una gozada para los sentidos y exclusivas para los bibli\u00f3filos m\u00e1s exigentes.<\/p>\n<p style=\"text-align: justify;\">Dentro de la categor\u00eda de &#8220;<a href=\"https:\/\/www.comprarmejor.es\/en\/product-category\/facsimiles-editions\/\">Facs\u00edmiles<\/a>&#8221; encontrar\u00e1 obras completamente nuevas, provenientes de nuestro propio fondo bibliogr\u00e1fico, o de nuestros clientes que nos las ofrecen para su venta, totalmente revisadas, controladas y en perfecto estado, y de las propias editoriales. Si no encuentra la que busca, <strong>cons\u00faltenos<\/strong> por ella sin ning\u00fan compromiso. Nos gusta hablar con nuestros clientes y amigos.<\/p>\n<p style=\"text-align: justify;\">Si tiene una boda, un cumplea\u00f1os, un aniversario,&#8230; o si simplemente quiere hacer un regalo especial, original y exclusivo, aqu\u00ed encontrar\u00e1 algo especial para todos esos momentos \u00fanicos en la vida.<\/p>\n<p style=\"text-align: justify;\">Todos nuestros art\u00edculos est\u00e1n garantizados en los t\u00e9rminos que en cada uno de ellos se indica y tal como se especifica en &#8220;<a href=\"https:\/\/www.comprarmejor.es\/en\/warranty\/\">Garant\u00eda<\/a>&#8220;.<\/p>\n<p style=\"text-align: justify;\">En algunos de nuestros art\u00edculos, los precios indicados no son definitivos. <strong>Consulte y haga su mejor oferta y estudiaremos su propuesta<\/strong>.<\/p>\n<p style=\"text-align: justify;\">Aunque nuestras formas de pago sean por lo com\u00fan a trav\u00e9s de tarjeta o PayPal, estudiamos cualquier otra f\u00f3rmula que nos plantee y aceptemos. Cons\u00faltenos por nuestro <strong>Club de Compra<\/strong>, la f\u00f3rmula m\u00e1s c\u00f3moda para comprar a plazos (los art\u00edculos no se env\u00edan, por lo general, hasta que se ha recibido el pago total de los mismos).<\/p>\n<p style=\"text-align: justify;\">No deje de visitarnos porque estaremos incluyendo nuevos art\u00edculos. No dude en consultarnos cualquier cuesti\u00f3n que se le pueda presentar o de solicitarnos ese art\u00edculo que est\u00e1 buscando: el servicio de b\u00fasqueda es gratuito para nuestros clientes. No queremos ser an\u00f3nimos, queremos tener un trato directo y especial con nuestros clientes.<\/p>\n<p style=\"text-align: justify;\"><strong>AVISO<\/strong>: <strong>ComprarMejor<\/strong> lleva en Internet desde 2007 y s\u00f3lo nos hacemos responsables de lo que ofrecemos en nuestros dominios <strong>.es .net .org<\/strong>. Desde entonces venimos ofreciendo Calidad y Servicio con honradez y fidelidad a nuestros clientes. <strong>ComprarMejor<\/strong> no se hace responsable de los servicios que otros dominios con el mismo o parecido nombre est\u00e9n ofreciendo o puedan realizar.<\/p>\n<p style=\"text-align: justify;\"><strong>ComprarMejor.org<\/strong><\/p>\n<p>[\/vc_column_text][\/vc_column][\/vc_row]<\/p>\n<\/div>","protected":false},"excerpt":{"rendered":"<p>[vc_row][vc_column][vc_column_text css=&#8221;&#8221;] ComprarMejor tiene su sede en M\u00e1laga (Espa\u00f1a) y desde 2007 servimos a nuestros clientes y amigos en todo el mundo. S\u00f3lo vendemos a trav\u00e9s de internet y con las Agencias de transporte por mensajer\u00eda m\u00e1s selectivas, as\u00ed como con Correos. Tambi\u00e9n vendemos desde hace muchos a\u00f1os en otras plataformas, como todocolecci\u00f3n.net, donde tenemos&hellip;<\/p>\n","protected":false},"author":468,"featured_media":0,"parent":0,"menu_order":3,"comment_status":"closed","ping_status":"closed","template":"","meta":{"footnotes":""},"class_list":["post-46429","page","type-page","status-publish","hentry","description-off"],"yoast_head":"<!-- This site is optimized with the Yoast SEO plugin v27.3 - https:\/\/yoast.com\/product\/yoast-seo-wordpress\/ -->\n<title>Company (ComprarMejor website with Company information)<\/title>\n<meta name=\"description\" content=\"ComprarMejor website with relevant Company information, benefits and conditions of service and customer service, personalized and quality.\" \/>\n<meta name=\"robots\" content=\"noindex, follow\" \/>\n<meta property=\"og:locale\" content=\"en_US\" \/>\n<meta property=\"og:type\" content=\"article\" \/>\n<meta property=\"og:title\" content=\"Company (ComprarMejor website with Company information)\" \/>\n<meta property=\"og:description\" content=\"ComprarMejor website with relevant Company information, benefits and conditions of service and customer service, personalized and quality.\" \/>\n<meta property=\"og:url\" content=\"https:\/\/www.comprarmejor.es\/en\/about-us\/\" \/>\n<meta property=\"og:site_name\" content=\"ComprarMejor\" \/>\n<meta property=\"article:modified_time\" content=\"2026-03-03T10:26:23+00:00\" \/>\n<meta property=\"og:image\" content=\"https:\/\/www.comprarmejor.es\/wp-content\/uploads\/2025\/09\/comprarmejortrinidad.jpg\" \/>\n\t<meta property=\"og:image:width\" content=\"1022\" \/>\n\t<meta property=\"og:image:height\" content=\"1380\" \/>\n\t<meta property=\"og:image:type\" content=\"image\/jpeg\" \/>\n<meta name=\"twitter:card\" content=\"summary_large_image\" \/>\n<meta name=\"twitter:label1\" content=\"Est. reading time\" \/>\n\t<meta name=\"twitter:data1\" content=\"3 minutes\" \/>\n<script type=\"application\/ld+json\" class=\"yoast-schema-graph\">{\"@context\":\"https:\\\/\\\/schema.org\",\"@graph\":[{\"@type\":\"WebPage\",\"@id\":\"https:\\\/\\\/www.comprarmejor.es\\\/en\\\/about-us\\\/\",\"url\":\"https:\\\/\\\/www.comprarmejor.es\\\/en\\\/about-us\\\/\",\"name\":\"Company (ComprarMejor website with Company information)\",\"isPartOf\":{\"@id\":\"https:\\\/\\\/www.comprarmejor.es\\\/en\\\/#website\"},\"datePublished\":\"2015-05-14T12:28:07+00:00\",\"dateModified\":\"2026-03-03T10:26:23+00:00\",\"description\":\"ComprarMejor website with relevant Company information, benefits and conditions of service and customer service, personalized and quality.\",\"breadcrumb\":{\"@id\":\"https:\\\/\\\/www.comprarmejor.es\\\/en\\\/about-us\\\/#breadcrumb\"},\"inLanguage\":\"en-US\",\"potentialAction\":[{\"@type\":\"ReadAction\",\"target\":[\"https:\\\/\\\/www.comprarmejor.es\\\/en\\\/about-us\\\/\"]}]},{\"@type\":\"BreadcrumbList\",\"@id\":\"https:\\\/\\\/www.comprarmejor.es\\\/en\\\/about-us\\\/#breadcrumb\",\"itemListElement\":[{\"@type\":\"ListItem\",\"position\":1,\"name\":\"Portada\",\"item\":\"https:\\\/\\\/www.comprarmejor.es\\\/en\\\/\"},{\"@type\":\"ListItem\",\"position\":2,\"name\":\"About us\"}]},{\"@type\":\"WebSite\",\"@id\":\"https:\\\/\\\/www.comprarmejor.es\\\/en\\\/#website\",\"url\":\"https:\\\/\\\/www.comprarmejor.es\\\/en\\\/\",\"name\":\"ComprarMejor\",\"description\":\"ComprarMejor\",\"publisher\":{\"@id\":\"https:\\\/\\\/www.comprarmejor.es\\\/en\\\/#organization\"},\"potentialAction\":[{\"@type\":\"SearchAction\",\"target\":{\"@type\":\"EntryPoint\",\"urlTemplate\":\"https:\\\/\\\/www.comprarmejor.es\\\/en\\\/?s={search_term_string}\"},\"query-input\":{\"@type\":\"PropertyValueSpecification\",\"valueRequired\":true,\"valueName\":\"search_term_string\"}}],\"inLanguage\":\"en-US\"},{\"@type\":\"Organization\",\"@id\":\"https:\\\/\\\/www.comprarmejor.es\\\/en\\\/#organization\",\"name\":\"COMPRAR MEJOR\",\"url\":\"https:\\\/\\\/www.comprarmejor.es\\\/en\\\/\",\"logo\":{\"@type\":\"ImageObject\",\"inLanguage\":\"en-US\",\"@id\":\"https:\\\/\\\/www.comprarmejor.es\\\/en\\\/#\\\/schema\\\/logo\\\/image\\\/\",\"url\":\"https:\\\/\\\/www.comprarmejor.es\\\/wp-content\\\/uploads\\\/2025\\\/09\\\/comprarmejortrinidad.jpg\",\"contentUrl\":\"https:\\\/\\\/www.comprarmejor.es\\\/wp-content\\\/uploads\\\/2025\\\/09\\\/comprarmejortrinidad.jpg\",\"width\":1022,\"height\":1380,\"caption\":\"COMPRAR MEJOR\"},\"image\":{\"@id\":\"https:\\\/\\\/www.comprarmejor.es\\\/en\\\/#\\\/schema\\\/logo\\\/image\\\/\"},\"sameAs\":[\"https:\\\/\\\/www.instagram.com\\\/amigosdelcodice\"]}]}<\/script>\n<!-- \/ Yoast SEO plugin. -->","yoast_head_json":{"title":"Company (ComprarMejor website with Company information)","description":"ComprarMejor website with relevant Company information, benefits and conditions of service and customer service, personalized and quality.","robots":{"index":"noindex","follow":"follow"},"og_locale":"en_US","og_type":"article","og_title":"Company (ComprarMejor website with Company information)","og_description":"ComprarMejor website with relevant Company information, benefits and conditions of service and customer service, personalized and quality.","og_url":"https:\/\/www.comprarmejor.es\/en\/about-us\/","og_site_name":"ComprarMejor","article_modified_time":"2026-03-03T10:26:23+00:00","og_image":[{"width":1022,"height":1380,"url":"https:\/\/www.comprarmejor.es\/wp-content\/uploads\/2025\/09\/comprarmejortrinidad.jpg","type":"image\/jpeg"}],"twitter_card":"summary_large_image","twitter_misc":{"Est. reading time":"3 minutes"},"schema":{"@context":"https:\/\/schema.org","@graph":[{"@type":"WebPage","@id":"https:\/\/www.comprarmejor.es\/en\/about-us\/","url":"https:\/\/www.comprarmejor.es\/en\/about-us\/","name":"Company (ComprarMejor website with Company information)","isPartOf":{"@id":"https:\/\/www.comprarmejor.es\/en\/#website"},"datePublished":"2015-05-14T12:28:07+00:00","dateModified":"2026-03-03T10:26:23+00:00","description":"ComprarMejor website with relevant Company information, benefits and conditions of service and customer service, personalized and quality.","breadcrumb":{"@id":"https:\/\/www.comprarmejor.es\/en\/about-us\/#breadcrumb"},"inLanguage":"en-US","potentialAction":[{"@type":"ReadAction","target":["https:\/\/www.comprarmejor.es\/en\/about-us\/"]}]},{"@type":"BreadcrumbList","@id":"https:\/\/www.comprarmejor.es\/en\/about-us\/#breadcrumb","itemListElement":[{"@type":"ListItem","position":1,"name":"Portada","item":"https:\/\/www.comprarmejor.es\/en\/"},{"@type":"ListItem","position":2,"name":"About us"}]},{"@type":"WebSite","@id":"https:\/\/www.comprarmejor.es\/en\/#website","url":"https:\/\/www.comprarmejor.es\/en\/","name":"ComprarMejor","description":"ComprarMejor","publisher":{"@id":"https:\/\/www.comprarmejor.es\/en\/#organization"},"potentialAction":[{"@type":"SearchAction","target":{"@type":"EntryPoint","urlTemplate":"https:\/\/www.comprarmejor.es\/en\/?s={search_term_string}"},"query-input":{"@type":"PropertyValueSpecification","valueRequired":true,"valueName":"search_term_string"}}],"inLanguage":"en-US"},{"@type":"Organization","@id":"https:\/\/www.comprarmejor.es\/en\/#organization","name":"COMPRAR MEJOR","url":"https:\/\/www.comprarmejor.es\/en\/","logo":{"@type":"ImageObject","inLanguage":"en-US","@id":"https:\/\/www.comprarmejor.es\/en\/#\/schema\/logo\/image\/","url":"https:\/\/www.comprarmejor.es\/wp-content\/uploads\/2025\/09\/comprarmejortrinidad.jpg","contentUrl":"https:\/\/www.comprarmejor.es\/wp-content\/uploads\/2025\/09\/comprarmejortrinidad.jpg","width":1022,"height":1380,"caption":"COMPRAR MEJOR"},"image":{"@id":"https:\/\/www.comprarmejor.es\/en\/#\/schema\/logo\/image\/"},"sameAs":["https:\/\/www.instagram.com\/amigosdelcodice"]}]}},"_links":{"self":[{"href":"https:\/\/www.comprarmejor.es\/en\/wp-json\/wp\/v2\/pages\/46429","targetHints":{"allow":["GET"]}}],"collection":[{"href":"https:\/\/www.comprarmejor.es\/en\/wp-json\/wp\/v2\/pages"}],"about":[{"href":"https:\/\/www.comprarmejor.es\/en\/wp-json\/wp\/v2\/types\/page"}],"author":[{"embeddable":true,"href":"https:\/\/www.comprarmejor.es\/en\/wp-json\/wp\/v2\/users\/468"}],"replies":[{"embeddable":true,"href":"https:\/\/www.comprarmejor.es\/en\/wp-json\/wp\/v2\/comments?post=46429"}],"version-history":[{"count":5,"href":"https:\/\/www.comprarmejor.es\/en\/wp-json\/wp\/v2\/pages\/46429\/revisions"}],"predecessor-version":[{"id":106214,"href":"https:\/\/www.comprarmejor.es\/en\/wp-json\/wp\/v2\/pages\/46429\/revisions\/106214"}],"wp:attachment":[{"href":"https:\/\/www.comprarmejor.es\/en\/wp-json\/wp\/v2\/media?parent=46429"}],"curies":[{"name":"wp","href":"https:\/\/api.w.org\/{rel}","templated":true}]}}