{"id":46447,"date":"2015-05-26T10:18:05","date_gmt":"2015-05-26T08:18:05","guid":{"rendered":"https:\/\/www.comprarmejor.es\/producto\/1890-gold-pocket-watch-of-eva-peron-evita\/"},"modified":"2019-08-27T12:48:03","modified_gmt":"2019-08-27T10:48:03","slug":"1890-gold-pocket-watch-of-eva-peron-evita","status":"publish","type":"product","link":"https:\/\/www.comprarmejor.es\/en\/product\/1890-gold-pocket-watch-of-eva-peron-evita\/","title":{"rendered":"1890 Gold pocket watch of Eva Peron (Evita)"},"content":{"rendered":"<p style=\"text-align:justify;\"><span id=\"result_box\" lang=\"en\" xml:lang=\"en\"><span title=\"Bell\u00edsimo y exclusivo reloj de bolsillo estilo saboneta que fue de Eva Per\u00f3n (Evita), realizado en oro 18k con engarce de 3 peque\u00f1os diamantes.\">Exclusive and beautiful pocket watch style saboneta was Eva Peron (Evita), made in 18k gold with small diamonds 3 linker. <\/span><span title=\"Datado c.\">Dated c. <\/span><span title=\"1890. Excepcional y \u00fanica oportunidad.\">1890. Exceptional and unique opportunity.<\/p>\n<p><\/span><span title=\"Las caracter\u00edsticas t\u00e9cnicas de esta joya son las siguientes: peso total 19,10 gr.\">The technical characteristics of this gem are: total weight 19.10 gr. <\/span><span title=\"Medidas 28 mm de di\u00e1metro sin argolla y 40 mm con argolla.\">Measures 28 mm in diameter and 40 mm without ring to ring. <\/span><span title=\"Cuadrante artesanal de porcelana, agujas art\u00edsticamente elaboradas, 3 tapas de oro, la exterior lleva engarzados 3 diamantes peque\u00f1os en las hojas grabadas en la tapa exterior y en el interior se encuentra grabado 047 \u2013 18K.\">Handmade porcelain dial, artistically made needles, 3 gold caps, the outer leads 3 small diamonds crimped leaves engraved on the outside cover and inside is stamped 047 &#8211; 18K. <\/span><span title=\"Maquinaria tipo cilindro.\">Machinery type cylinder. <\/span><span title=\"En la tapa de la maquinaria se encuentra grabado: Remontoir 10 rub\u00eds \u2013 N. 218047 \u2013 18K.\">At the top of the machine is recorded: Remontoir 10 rubies &#8211; N. 218 047 &#8211; 18K. <\/span><span title=\"En la parte posterior lleva grabada la siguiente inscripci\u00f3n: \u201cGracias por tu ayuda, 26-7-1950, (firmado) Eva Per\u00f3n\u201d (Evita fallecer\u00eda el mismo d\u00eda, pero 2 a\u00f1os m\u00e1s tarde).\">On the back is engraved the following inscription: &#8220;Thanks for your help, 26.07.1950, (signed) Eva Peron&#8221; (Evita would die the same day, but two years later).<\/p>\n<p><\/span><span title=\"El reloj se encuentra en buen estado y funcionando, aunque no est\u00e1 nuevo (esta pieza tiene m\u00e1s de 125 a\u00f1os), y ha sido reparado y limpiado por uno de los mejores talleres artesanales de relojer\u00eda de Madrid.\"><span lang=\"en\" xml:lang=\"en\"><span class=\"hps\"><span lang=\"en\" xml:lang=\"en\"><span title=\"El reloj se encuentra en muy buen estado y funcionando, y ha sido revisado y limpiado por uno de los mejores talleres artesanales de relojer\u00eda de Madrid.\">The clock is in very good condition and working, and has been reviewed and cleaned by one of the best watchmaking workshops in Madrid. <\/span><span title=\"La maquinaria, aunque funcionando, no se encuentra en perfecto estado, dada su antig\u00fcedad y por las vicisitudes que ha pasado.\">The machinery, although working, is not in perfect condition, given its age and the vicissitudes that have passed.<\/span><\/span><\/span><\/span><\/p>\n<p><\/span><span title=\"Desde su fabricaci\u00f3n, esta bella e hist\u00f3rica pieza ha pasado por 6 propietarios.\">From manufacturing, this beautiful and historic piece has gone through 6 owners. <\/span><span title=\"A principios de 1895 la madre de Per\u00f3n se queda embarazada de \u00e9l y su marido le regala, por este motivo, este reloj encargado ex profeso.\">In early 1895 Peron&#8217;s mother is pregnant with his child and her husband gives her, for this reason, expressly commissioned this watch. <\/span><span title=\"21 a\u00f1os m\u00e1s tarde, cuando Per\u00f3n egresa en el Liceo Militar, en 1916, como Subteniente, su madre se lo regala.\">21 years later, when Peron graduated at the Military School in 1916, as lieutenant, his mother gives him. <\/span><span title=\"\u00c9l lo conserva hasta que conoce a Eva Duarte y en su compromiso con \u00e9sta le traspasa la posesi\u00f3n de la pieza.\">He retains until he meets Eva Duarte and his commitment to it pierces the possession of the piece. <\/span><span title=\"Hasta ese momento ninguno de sus propietarios hab\u00eda realizado ning\u00fan tipo de grabaci\u00f3n en la pieza, bien sea una dedicatoria o unas iniciales.\">Until then none of its owners had made no sound in the room, either a dedication or initials.<\/p>\n<p><\/span><span title=\"Evita no fue aceptada por la alta sociedad de Buenos Aires y tuvo pocas amigas y gente de confianza.\">Evita was not accepted by high society of Buenos Aires and had few friends and people you trust. <\/span><span title=\"Este aislamiento personal fue m\u00e1s acentuado durante el proceso de su dolorosa enfermedad.\">This personal privacy was more pronounced during his painful disease. <\/span><span title=\"Una de sus pocas amigas fue Pierina Dealessi, actriz teatral, quien estuvo a su lado en los \u00faltimos a\u00f1os de su vida.\">One of his few friends was Pierina Dealessi, theater actress, who was at his side in the last years of his life. <\/span><span title=\"Pierina Dealessi es actualmente una de las calles principales de la zona m\u00e1s lujosa de Puerto Madero en Buenos Aires (Argentina).\">Dealessi Pierina is currently one of the main streets in the most luxurious area of \u200b\u200bPuerto Madero in Buenos Aires (Argentina).<\/p>\n<p><\/span><span title=\"Evita era muy generosa con la gente y m\u00e1s con aquellas personas que le demostraron su afecto y confianza.\">Evita was very generous with people and with those who showed their affection and trust. <\/span><span title=\"El 26 de julio de 1950, Pierina se encontraba en La Casa Rosada con Evita y \u00e9sta le ense\u00f1a el reloj de oro a su amiga y le pregunta si le gusta.\">The July 26, 1950, Pierina was in Casa Rosada Evita and she teaches the gold watch his friend and asks him if he likes. <\/span><span title=\"Ante los ruegos de Evita, Pierina acepta el reloj pero no se lo lleva en ese momento, ya que Evita le dice que quiere hacerlo grabar, no con iniciales (que nunca ha tenido) pero s\u00ed con una dedicatoria.\">Before the pleas of Evita, Pierina accepts the clock but not wearing it at the time, since Evita says he wants to do recording, no initial (who has never had) but with a dedication. <\/span><span title=\"Esa misma tarde, Evita hace llamar al joyero, quien le hace firmar a Evita de su pu\u00f1o y letra en la chapa de oro del reloj, ya continuaci\u00f3n realiza la grabaci\u00f3n de la firma y de la dedicatoria sin m\u00e1s materiales que un buril, el mismo\">That same afternoon, avoids calling the jeweler, who made him sign Evita his handwriting in gold-plated watch, and then you record signature and dedication without a chisel materials, the same <\/span><span title=\"que le regal\u00f3 el joyero a Evita una vez terminada la grabaci\u00f3n.\">that he gave the jeweler Evita once finished recording.<\/p>\n<p><\/span><span title=\"Al d\u00eda siguiente, Pierina vuelve a ir a La Casa Rosada y Evita le hace entrega del reloj como agradecimiento por todo lo que hac\u00eda por ella, sobre todo por los cuidados que le profesaba en el proceso de su enfermedad.\">The next day, go back Pierina Casa Rosada and Evita gives him the clock in appreciation for everything she did for her, especially for the care you professing you through the process of their disease. <\/span><span title=\"Pierina intenta rechazarlo nuevamente pero Evita le dice \u201ccons\u00e9rvalo, puede que en un futuro pr\u00f3ximo, te pueda servir a ti o pueda ser de ayuda para el pueblo argentino y adem\u00e1s, ya ha sido grabado.\u201d\">Pierina try again reject but Evita says &#8220;Keep it, maybe in the near future, we can serve you or can be of help to the Argentine people and also has already been recorded.&#8221;<\/p>\n<p><\/span><span title=\"Pasaron los a\u00f1os y vino la tr\u00e1gica Guerra de las Malvinas.\">Years passed and came the tragic Falklands War. <\/span><span title=\"El gobierno militar realizaba recolectas de alimentos, joyas y dinero para la causa.\">The military government conducted pickings food, jewelry and money to the cause. <\/span><span title=\"Pierina le coment\u00f3 a un amigo suyo y anticuario, que iba a donar sus joyas para ayudar a los soldados.\">Pierina commented to a friend of his and antiquarian, who would donate their jewelry to help the soldiers. <\/span><span title=\"Su amigo, y no sin raz\u00f3n, le coment\u00f3 que si hac\u00eda eso lo m\u00e1s seguro era que se perder\u00edan \u201cpor el camino\u201d, que si quer\u00eda \u00e9l se las comprar\u00eda y as\u00ed podr\u00eda donar el dinero.\">His friend, and not without reason, he said that if I did that it was safer to be lost &#8220;by the way&#8221; if he wanted to buy them and so could donate money. <\/span><span title=\"En \u00e9stas, vieron el reloj de Evita y en aquel momento le cont\u00f3 toda la historia de la pieza a su amigo y le dijo \u201c\u00a1qu\u00e9 raz\u00f3n ten\u00eda Evita cuando me coment\u00f3 que podr\u00eda servir al pueblo!\u201d.\">In these, they saw the clock at the time Evita and told him the whole story of the piece to his friend and said &#8220;why did Evita when I commented that it could serve the people!&#8221;.<\/p>\n<p><\/span><span title=\"En su firma, los graf\u00f3logos afirman que si le damos la vuelta y la invertimos, se ve claramente que contienen un 33, una cruz y un \u00fatero mal formado (lo puede ver en una de las fotos).\"><span lang=\"en\" xml:lang=\"en\"><span title=\"Esta joya no es s\u00f3lo un reloj de bolsillo de oro, bello y elegante, sino que por las manos por las que ha pasado y por sus avatares, se ha convertido en una pieza hist\u00f3rica y clarividente de la vida de Mar\u00eda Eva Duarte de Per\u00f3n:\">This jewel is not only a gold pocket watch, beautiful and elegant, but because of the hands it has gone through and its avatars, it has become a historical and farsighted piece of the life of Mar\u00eda Eva Duarte de Per\u00f3n: <\/span><span title=\"su muerte ocurri\u00f3 exactamente el mismo d\u00eda, pero dos a\u00f1os m\u00e1s tarde, en el que le dedic\u00f3 y regal\u00f3 este reloj a Pierina.\">his death happened exactly the same day, but two years later, in which he dedicated and gave this watch to Pierina. <\/span><span title=\"Evita muri\u00f3 a los 33 a\u00f1os de c\u00e1ncer de \u00fatero, seg\u00fan algunas versiones.\">Evita died at 33 years of uterine cancer, according to some versions. <\/span><span title=\"En su firma, los graf\u00f3logos afirman que si le damos la vuelta y la invertimos, se ve claramente que contienen un 33, una cruz y un \u00fatero mal formado (lo puede ver en una de las fotos).\">In his signature, the graphologists affirm that if we turn it around and reverse it, it clearly shows that it contains a 33, a cross and a malformed uterus (you can see it in one of the photos)<\/span><\/span>.<\/p>\n<p><\/span><span title=\"Dada la antig\u00fcedad del reloj, no podemos garantizar (como es normal en este tipo de piezas) un funcionamiento horario exacto.\">Given the age of the clock, we can not guarantee (as is normal in these parts) an exact schedule <span lang=\"en\" xml:lang=\"en\"><span title=\"Dada la antig\u00fcedad del reloj, no podemos garantizar (como es normal en este tipo de piezas) un funcionamiento horario exacto.\">operation.<\/p>\n<p><\/span><span title=\"Si usted desea ser el s\u00e9ptimo poseedor y propietario de esta joya y no es residente de alg\u00fan pa\u00eds de la Uni\u00f3n Europea, sepa que su env\u00edo depender\u00e1 del tiempo que tarde la tramitaci\u00f3n de la documentaci\u00f3n de exportaci\u00f3n por ser un bien afectado por la Ley de Protecci\u00f3n\">If you wish to be the seventh owner and owner of this jewel and are not a resident of any European Union country, know that your shipment will depend on the time it takes to process the export documentation as it is a good affected by the Protection Law <\/span><span title=\"del Patrimonio Hist\u00f3rico.\">of Historical Heritage<\/span><\/span>.<\/span><span title=\"Si lo necesita y lo solicita, s\u00ed que le podemos facilitar un certificado notarial apostillado de cuanto se ha descrito y de la originalidad de la pieza, una vez se haya formalizado el pedido.\"><\/p>\n<p><\/span><strong><a class=\"btn btn-default\" href=\"http:\/\/comprarmejor.es\/en\/contact\">Ask us<\/a>\u00a0<\/strong><span lang=\"en\" xml:lang=\"en\"><span title=\"Cons\u00faltenos sin compromiso (indicando la referencia del art\u00edculo) cualquier duda.\">without obligation (indicating the reference of the article) any doubt. <\/span><span title=\"Los gastos de env\u00edo para este art\u00edculo son gratuitos.\">The shipping costs for this article are free.<\/span><\/span><\/span><\/p>\n","protected":false},"excerpt":{"rendered":"<p style=\"text-align:justify;\"><span id=\"result_box\" lang=\"en\" xml:lang=\"en\"><span title=\"Reloj de bolsillo de oro que perteneci\u00f3 a Eva Per\u00f3n (Evita), y que le regal\u00f3 su marido el Presidente Per\u00f3n de Argentina.\">Gold pocket watch that belonged to Eva Peron (Evita), and that gave her husband the President Peron of Argentina.<\/span><\/span><\/p>\n","protected":false},"featured_media":46437,"template":"","meta":[],"product_brand":[],"product_cat":[2222],"product_tag":[4500,5114],"class_list":{"0":"post-46447","1":"product","2":"type-product","3":"status-publish","4":"has-post-thumbnail","6":"product_cat-watches","7":"product_tag-argentina-en","8":"product_tag-evita-en-2","9":"product_shipping_class-from-0-to-1-kg","10":"description-off","12":"first","13":"instock","14":"sale","15":"taxable","16":"shipping-taxable","17":"purchasable","18":"product-type-simple"},"yoast_head":"<!-- This site is optimized with the Yoast SEO plugin v27.3 - https:\/\/yoast.com\/product\/yoast-seo-wordpress\/ -->\n<title>1890 Gold pocket watch of Eva Peron (Evita)<\/title>\n<meta name=\"description\" content=\"Gold pocket watch that belonged to Eva Peron (Evita), and that gave her husband the President Peron of Argentina.\" \/>\n<meta name=\"robots\" content=\"index, follow, max-snippet:-1, max-image-preview:large, max-video-preview:-1\" \/>\n<link rel=\"canonical\" href=\"https:\/\/www.comprarmejor.es\/en\/product\/1890-gold-pocket-watch-of-eva-peron-evita\/\" \/>\n<meta property=\"og:locale\" content=\"en_US\" \/>\n<meta property=\"og:type\" content=\"article\" \/>\n<meta property=\"og:title\" content=\"1890 Gold pocket watch of Eva Peron (Evita)\" \/>\n<meta property=\"og:description\" content=\"Gold pocket watch that belonged to Eva Peron (Evita), and that gave her husband the President Peron of Argentina.\" \/>\n<meta property=\"og:url\" content=\"https:\/\/www.comprarmejor.es\/en\/product\/1890-gold-pocket-watch-of-eva-peron-evita\/\" \/>\n<meta property=\"og:site_name\" content=\"ComprarMejor\" \/>\n<meta property=\"article:modified_time\" content=\"2019-08-27T10:48:03+00:00\" \/>\n<meta property=\"og:image\" content=\"https:\/\/www.comprarmejor.es\/wp-content\/uploads\/2015\/05\/p_2_4_24-Reloj-de-bolsillo-de-oro-de-Eva-Peron-Evita.jpg\" \/>\n\t<meta property=\"og:image:width\" content=\"500\" \/>\n\t<meta property=\"og:image:height\" content=\"396\" \/>\n\t<meta property=\"og:image:type\" content=\"image\/jpeg\" \/>\n<meta name=\"twitter:card\" content=\"summary_large_image\" \/>\n<meta name=\"twitter:label1\" content=\"Est. reading time\" \/>\n\t<meta name=\"twitter:data1\" content=\"4 minutes\" \/>\n<script type=\"application\/ld+json\" class=\"yoast-schema-graph\">{\"@context\":\"https:\\\/\\\/schema.org\",\"@graph\":[{\"@type\":\"WebPage\",\"@id\":\"https:\\\/\\\/www.comprarmejor.es\\\/en\\\/product\\\/1890-gold-pocket-watch-of-eva-peron-evita\\\/\",\"url\":\"https:\\\/\\\/www.comprarmejor.es\\\/en\\\/product\\\/1890-gold-pocket-watch-of-eva-peron-evita\\\/\",\"name\":\"1890 Gold pocket watch of Eva Peron (Evita)\",\"isPartOf\":{\"@id\":\"https:\\\/\\\/www.comprarmejor.es\\\/en\\\/#website\"},\"primaryImageOfPage\":{\"@id\":\"https:\\\/\\\/www.comprarmejor.es\\\/en\\\/product\\\/1890-gold-pocket-watch-of-eva-peron-evita\\\/#primaryimage\"},\"image\":{\"@id\":\"https:\\\/\\\/www.comprarmejor.es\\\/en\\\/product\\\/1890-gold-pocket-watch-of-eva-peron-evita\\\/#primaryimage\"},\"thumbnailUrl\":\"https:\\\/\\\/www.comprarmejor.es\\\/wp-content\\\/uploads\\\/2015\\\/05\\\/p_2_4_24-Reloj-de-bolsillo-de-oro-de-Eva-Peron-Evita.jpg\",\"datePublished\":\"2015-05-26T08:18:05+00:00\",\"dateModified\":\"2019-08-27T10:48:03+00:00\",\"description\":\"Gold pocket watch that belonged to Eva Peron (Evita), and that gave her husband the President Peron of Argentina.\",\"breadcrumb\":{\"@id\":\"https:\\\/\\\/www.comprarmejor.es\\\/en\\\/product\\\/1890-gold-pocket-watch-of-eva-peron-evita\\\/#breadcrumb\"},\"inLanguage\":\"en-US\",\"potentialAction\":[{\"@type\":\"ReadAction\",\"target\":[\"https:\\\/\\\/www.comprarmejor.es\\\/en\\\/product\\\/1890-gold-pocket-watch-of-eva-peron-evita\\\/\"]}]},{\"@type\":\"ImageObject\",\"inLanguage\":\"en-US\",\"@id\":\"https:\\\/\\\/www.comprarmejor.es\\\/en\\\/product\\\/1890-gold-pocket-watch-of-eva-peron-evita\\\/#primaryimage\",\"url\":\"https:\\\/\\\/www.comprarmejor.es\\\/wp-content\\\/uploads\\\/2015\\\/05\\\/p_2_4_24-Reloj-de-bolsillo-de-oro-de-Eva-Peron-Evita.jpg\",\"contentUrl\":\"https:\\\/\\\/www.comprarmejor.es\\\/wp-content\\\/uploads\\\/2015\\\/05\\\/p_2_4_24-Reloj-de-bolsillo-de-oro-de-Eva-Peron-Evita.jpg\",\"width\":500,\"height\":396},{\"@type\":\"BreadcrumbList\",\"@id\":\"https:\\\/\\\/www.comprarmejor.es\\\/en\\\/product\\\/1890-gold-pocket-watch-of-eva-peron-evita\\\/#breadcrumb\",\"itemListElement\":[{\"@type\":\"ListItem\",\"position\":1,\"name\":\"Portada\",\"item\":\"https:\\\/\\\/www.comprarmejor.es\\\/en\\\/\"},{\"@type\":\"ListItem\",\"position\":2,\"name\":\"Shop\",\"item\":\"https:\\\/\\\/www.comprarmejor.es\\\/en\\\/shop\\\/\"},{\"@type\":\"ListItem\",\"position\":3,\"name\":\"1890 Gold pocket watch of Eva Peron (Evita)\"}]},{\"@type\":\"WebSite\",\"@id\":\"https:\\\/\\\/www.comprarmejor.es\\\/en\\\/#website\",\"url\":\"https:\\\/\\\/www.comprarmejor.es\\\/en\\\/\",\"name\":\"ComprarMejor\",\"description\":\"ComprarMejor\",\"publisher\":{\"@id\":\"https:\\\/\\\/www.comprarmejor.es\\\/en\\\/#organization\"},\"potentialAction\":[{\"@type\":\"SearchAction\",\"target\":{\"@type\":\"EntryPoint\",\"urlTemplate\":\"https:\\\/\\\/www.comprarmejor.es\\\/en\\\/?s={search_term_string}\"},\"query-input\":{\"@type\":\"PropertyValueSpecification\",\"valueRequired\":true,\"valueName\":\"search_term_string\"}}],\"inLanguage\":\"en-US\"},{\"@type\":\"Organization\",\"@id\":\"https:\\\/\\\/www.comprarmejor.es\\\/en\\\/#organization\",\"name\":\"COMPRAR MEJOR\",\"url\":\"https:\\\/\\\/www.comprarmejor.es\\\/en\\\/\",\"logo\":{\"@type\":\"ImageObject\",\"inLanguage\":\"en-US\",\"@id\":\"https:\\\/\\\/www.comprarmejor.es\\\/en\\\/#\\\/schema\\\/logo\\\/image\\\/\",\"url\":\"https:\\\/\\\/www.comprarmejor.es\\\/wp-content\\\/uploads\\\/2025\\\/09\\\/comprarmejortrinidad.jpg\",\"contentUrl\":\"https:\\\/\\\/www.comprarmejor.es\\\/wp-content\\\/uploads\\\/2025\\\/09\\\/comprarmejortrinidad.jpg\",\"width\":1022,\"height\":1380,\"caption\":\"COMPRAR MEJOR\"},\"image\":{\"@id\":\"https:\\\/\\\/www.comprarmejor.es\\\/en\\\/#\\\/schema\\\/logo\\\/image\\\/\"},\"sameAs\":[\"https:\\\/\\\/www.instagram.com\\\/amigosdelcodice\"]}]}<\/script>\n<!-- \/ Yoast SEO plugin. -->","yoast_head_json":{"title":"1890 Gold pocket watch of Eva Peron (Evita)","description":"Gold pocket watch that belonged to Eva Peron (Evita), and that gave her husband the President Peron of Argentina.","robots":{"index":"index","follow":"follow","max-snippet":"max-snippet:-1","max-image-preview":"max-image-preview:large","max-video-preview":"max-video-preview:-1"},"canonical":"https:\/\/www.comprarmejor.es\/en\/product\/1890-gold-pocket-watch-of-eva-peron-evita\/","og_locale":"en_US","og_type":"article","og_title":"1890 Gold pocket watch of Eva Peron (Evita)","og_description":"Gold pocket watch that belonged to Eva Peron (Evita), and that gave her husband the President Peron of Argentina.","og_url":"https:\/\/www.comprarmejor.es\/en\/product\/1890-gold-pocket-watch-of-eva-peron-evita\/","og_site_name":"ComprarMejor","article_modified_time":"2019-08-27T10:48:03+00:00","og_image":[{"width":500,"height":396,"url":"https:\/\/www.comprarmejor.es\/wp-content\/uploads\/2015\/05\/p_2_4_24-Reloj-de-bolsillo-de-oro-de-Eva-Peron-Evita.jpg","type":"image\/jpeg"}],"twitter_card":"summary_large_image","twitter_misc":{"Est. reading time":"4 minutes"},"schema":{"@context":"https:\/\/schema.org","@graph":[{"@type":"WebPage","@id":"https:\/\/www.comprarmejor.es\/en\/product\/1890-gold-pocket-watch-of-eva-peron-evita\/","url":"https:\/\/www.comprarmejor.es\/en\/product\/1890-gold-pocket-watch-of-eva-peron-evita\/","name":"1890 Gold pocket watch of Eva Peron (Evita)","isPartOf":{"@id":"https:\/\/www.comprarmejor.es\/en\/#website"},"primaryImageOfPage":{"@id":"https:\/\/www.comprarmejor.es\/en\/product\/1890-gold-pocket-watch-of-eva-peron-evita\/#primaryimage"},"image":{"@id":"https:\/\/www.comprarmejor.es\/en\/product\/1890-gold-pocket-watch-of-eva-peron-evita\/#primaryimage"},"thumbnailUrl":"https:\/\/www.comprarmejor.es\/wp-content\/uploads\/2015\/05\/p_2_4_24-Reloj-de-bolsillo-de-oro-de-Eva-Peron-Evita.jpg","datePublished":"2015-05-26T08:18:05+00:00","dateModified":"2019-08-27T10:48:03+00:00","description":"Gold pocket watch that belonged to Eva Peron (Evita), and that gave her husband the President Peron of Argentina.","breadcrumb":{"@id":"https:\/\/www.comprarmejor.es\/en\/product\/1890-gold-pocket-watch-of-eva-peron-evita\/#breadcrumb"},"inLanguage":"en-US","potentialAction":[{"@type":"ReadAction","target":["https:\/\/www.comprarmejor.es\/en\/product\/1890-gold-pocket-watch-of-eva-peron-evita\/"]}]},{"@type":"ImageObject","inLanguage":"en-US","@id":"https:\/\/www.comprarmejor.es\/en\/product\/1890-gold-pocket-watch-of-eva-peron-evita\/#primaryimage","url":"https:\/\/www.comprarmejor.es\/wp-content\/uploads\/2015\/05\/p_2_4_24-Reloj-de-bolsillo-de-oro-de-Eva-Peron-Evita.jpg","contentUrl":"https:\/\/www.comprarmejor.es\/wp-content\/uploads\/2015\/05\/p_2_4_24-Reloj-de-bolsillo-de-oro-de-Eva-Peron-Evita.jpg","width":500,"height":396},{"@type":"BreadcrumbList","@id":"https:\/\/www.comprarmejor.es\/en\/product\/1890-gold-pocket-watch-of-eva-peron-evita\/#breadcrumb","itemListElement":[{"@type":"ListItem","position":1,"name":"Portada","item":"https:\/\/www.comprarmejor.es\/en\/"},{"@type":"ListItem","position":2,"name":"Shop","item":"https:\/\/www.comprarmejor.es\/en\/shop\/"},{"@type":"ListItem","position":3,"name":"1890 Gold pocket watch of Eva Peron (Evita)"}]},{"@type":"WebSite","@id":"https:\/\/www.comprarmejor.es\/en\/#website","url":"https:\/\/www.comprarmejor.es\/en\/","name":"ComprarMejor","description":"ComprarMejor","publisher":{"@id":"https:\/\/www.comprarmejor.es\/en\/#organization"},"potentialAction":[{"@type":"SearchAction","target":{"@type":"EntryPoint","urlTemplate":"https:\/\/www.comprarmejor.es\/en\/?s={search_term_string}"},"query-input":{"@type":"PropertyValueSpecification","valueRequired":true,"valueName":"search_term_string"}}],"inLanguage":"en-US"},{"@type":"Organization","@id":"https:\/\/www.comprarmejor.es\/en\/#organization","name":"COMPRAR MEJOR","url":"https:\/\/www.comprarmejor.es\/en\/","logo":{"@type":"ImageObject","inLanguage":"en-US","@id":"https:\/\/www.comprarmejor.es\/en\/#\/schema\/logo\/image\/","url":"https:\/\/www.comprarmejor.es\/wp-content\/uploads\/2025\/09\/comprarmejortrinidad.jpg","contentUrl":"https:\/\/www.comprarmejor.es\/wp-content\/uploads\/2025\/09\/comprarmejortrinidad.jpg","width":1022,"height":1380,"caption":"COMPRAR MEJOR"},"image":{"@id":"https:\/\/www.comprarmejor.es\/en\/#\/schema\/logo\/image\/"},"sameAs":["https:\/\/www.instagram.com\/amigosdelcodice"]}]}},"_links":{"self":[{"href":"https:\/\/www.comprarmejor.es\/en\/wp-json\/wp\/v2\/product\/46447","targetHints":{"allow":["GET"]}}],"collection":[{"href":"https:\/\/www.comprarmejor.es\/en\/wp-json\/wp\/v2\/product"}],"about":[{"href":"https:\/\/www.comprarmejor.es\/en\/wp-json\/wp\/v2\/types\/product"}],"wp:featuredmedia":[{"embeddable":true,"href":"https:\/\/www.comprarmejor.es\/en\/wp-json\/wp\/v2\/media\/46437"}],"wp:attachment":[{"href":"https:\/\/www.comprarmejor.es\/en\/wp-json\/wp\/v2\/media?parent=46447"}],"wp:term":[{"taxonomy":"product_brand","embeddable":true,"href":"https:\/\/www.comprarmejor.es\/en\/wp-json\/wp\/v2\/product_brand?post=46447"},{"taxonomy":"product_cat","embeddable":true,"href":"https:\/\/www.comprarmejor.es\/en\/wp-json\/wp\/v2\/product_cat?post=46447"},{"taxonomy":"product_tag","embeddable":true,"href":"https:\/\/www.comprarmejor.es\/en\/wp-json\/wp\/v2\/product_tag?post=46447"}],"curies":[{"name":"wp","href":"https:\/\/api.w.org\/{rel}","templated":true}]}}