{"id":46459,"date":"2015-07-08T18:25:38","date_gmt":"2015-07-08T16:25:38","guid":{"rendered":"https:\/\/www.comprarmejor.es\/producto\/bookcase-shelf-desktop-or-mini-books\/"},"modified":"2023-05-19T18:14:51","modified_gmt":"2023-05-19T16:14:51","slug":"natural-bamboo-lectern-for-tablets-or-fine-books","status":"publish","type":"product","link":"https:\/\/www.comprarmejor.es\/en\/product\/natural-bamboo-lectern-for-tablets-or-fine-books\/","title":{"rendered":"Natural bamboo lectern for tablets or fine books"},"content":{"rendered":"<p style=\"text-align: justify;\">Natural bamboo lectern for open or closed thin books or tablets. Also for any other decorative piece such as a painting, stone sheet, electronic photo album, etc.<\/p>\n<p style=\"text-align: justify;\">Format width 33 cm, height 22 cm and depth 22 cm. Hollow in the base up to 2.5 cm thick for whatever you want to place.<\/p>\n<p style=\"text-align: justify;\">Brand new, unused item.<\/p>\n<p style=\"text-align: justify;\">Shipping costs according to order and destination. <span title=\"Consulte cualquier duda.\"><a class=\"btn btn-default\" href=\"https:\/\/www.comprarmejor.es\/en\/contact\">Ask us<\/a>\u00a0<span class=\"HwtZe\" lang=\"en\"><span class=\"jCAhz ChMk0b\"><span class=\"ryNqvb\">any questions, indicating the article reference.<\/span><\/span><\/span><\/span><\/p>\n","protected":false},"excerpt":{"rendered":"<p><span id=\"result_box\" lang=\"en\" xml:lang=\"en\"><span title=\"Mueble librer\u00eda de sobremesa o estante para mini libros o peque\u00f1os art\u00edculos de decoraci\u00f3n.\"><span class=\"VIiyi\" lang=\"en\"><span class=\"JLqJ4b\" data-language-for-alternatives=\"en\" data-language-to-translate-into=\"es\" data-phrase-index=\"0\" data-number-of-phrases=\"1\"><span class=\"HwtZe\" lang=\"en\"><span class=\"jCAhz ChMk0b\"><span class=\"ryNqvb\">Natural bamboo lectern for open or closed thin books or tablets.<\/span><\/span> <span class=\"jCAhz ChMk0b\"><span class=\"ryNqvb\">Also for any other decorative piece such as a painting, stone sheet, electronic photo album,<br \/>\n<\/span><\/span><\/span><\/span><\/span><\/span><\/span><\/p>\n","protected":false},"featured_media":88214,"template":"","meta":[],"product_brand":[],"product_cat":[5386],"product_tag":[],"class_list":{"0":"post-46459","1":"product","2":"type-product","3":"status-publish","4":"has-post-thumbnail","6":"product_cat-home-decoration","7":"product_shipping_class-from-2-to-5-kg","8":"description-off","10":"first","11":"instock","12":"taxable","13":"shipping-taxable","14":"purchasable","15":"product-type-simple"},"yoast_head":"<!-- This site is optimized with the Yoast SEO plugin v27.3 - https:\/\/yoast.com\/product\/yoast-seo-wordpress\/ -->\n<title>Natural bamboo lectern for tablets or fine books<\/title>\n<meta name=\"description\" content=\"Natural bamboo lectern for open or closed thin books or tablets. Also for any other decorative piece such as a painting, stone sheet, electronic photo album\" \/>\n<meta name=\"robots\" content=\"index, follow, max-snippet:-1, max-image-preview:large, max-video-preview:-1\" \/>\n<link rel=\"canonical\" href=\"https:\/\/www.comprarmejor.es\/en\/product\/natural-bamboo-lectern-for-tablets-or-fine-books\/\" \/>\n<meta property=\"og:locale\" content=\"en_US\" \/>\n<meta property=\"og:type\" content=\"article\" \/>\n<meta property=\"og:title\" content=\"Natural bamboo lectern for tablets or fine books\" \/>\n<meta property=\"og:description\" content=\"Natural bamboo lectern for open or closed thin books or tablets. Also for any other decorative piece such as a painting, stone sheet, electronic photo album\" \/>\n<meta property=\"og:url\" content=\"https:\/\/www.comprarmejor.es\/en\/product\/natural-bamboo-lectern-for-tablets-or-fine-books\/\" \/>\n<meta property=\"og:site_name\" content=\"ComprarMejor\" \/>\n<meta property=\"article:modified_time\" content=\"2023-05-19T16:14:51+00:00\" \/>\n<meta property=\"og:image\" content=\"https:\/\/www.comprarmejor.es\/wp-content\/uploads\/2015\/07\/AtrilBn-1.jpg\" \/>\n\t<meta property=\"og:image:width\" content=\"747\" \/>\n\t<meta property=\"og:image:height\" content=\"596\" \/>\n\t<meta property=\"og:image:type\" content=\"image\/jpeg\" \/>\n<meta name=\"twitter:card\" content=\"summary_large_image\" \/>\n<meta name=\"twitter:label1\" content=\"Est. reading time\" \/>\n\t<meta name=\"twitter:data1\" content=\"1 minute\" \/>\n<script type=\"application\/ld+json\" class=\"yoast-schema-graph\">{\"@context\":\"https:\\\/\\\/schema.org\",\"@graph\":[{\"@type\":\"WebPage\",\"@id\":\"https:\\\/\\\/www.comprarmejor.es\\\/en\\\/product\\\/natural-bamboo-lectern-for-tablets-or-fine-books\\\/\",\"url\":\"https:\\\/\\\/www.comprarmejor.es\\\/en\\\/product\\\/natural-bamboo-lectern-for-tablets-or-fine-books\\\/\",\"name\":\"Natural bamboo lectern for tablets or fine books\",\"isPartOf\":{\"@id\":\"https:\\\/\\\/www.comprarmejor.es\\\/en\\\/#website\"},\"primaryImageOfPage\":{\"@id\":\"https:\\\/\\\/www.comprarmejor.es\\\/en\\\/product\\\/natural-bamboo-lectern-for-tablets-or-fine-books\\\/#primaryimage\"},\"image\":{\"@id\":\"https:\\\/\\\/www.comprarmejor.es\\\/en\\\/product\\\/natural-bamboo-lectern-for-tablets-or-fine-books\\\/#primaryimage\"},\"thumbnailUrl\":\"https:\\\/\\\/www.comprarmejor.es\\\/wp-content\\\/uploads\\\/2015\\\/07\\\/AtrilBn-1.jpg\",\"datePublished\":\"2015-07-08T16:25:38+00:00\",\"dateModified\":\"2023-05-19T16:14:51+00:00\",\"description\":\"Natural bamboo lectern for open or closed thin books or tablets. Also for any other decorative piece such as a painting, stone sheet, electronic photo album\",\"breadcrumb\":{\"@id\":\"https:\\\/\\\/www.comprarmejor.es\\\/en\\\/product\\\/natural-bamboo-lectern-for-tablets-or-fine-books\\\/#breadcrumb\"},\"inLanguage\":\"en-US\",\"potentialAction\":[{\"@type\":\"ReadAction\",\"target\":[\"https:\\\/\\\/www.comprarmejor.es\\\/en\\\/product\\\/natural-bamboo-lectern-for-tablets-or-fine-books\\\/\"]}]},{\"@type\":\"ImageObject\",\"inLanguage\":\"en-US\",\"@id\":\"https:\\\/\\\/www.comprarmejor.es\\\/en\\\/product\\\/natural-bamboo-lectern-for-tablets-or-fine-books\\\/#primaryimage\",\"url\":\"https:\\\/\\\/www.comprarmejor.es\\\/wp-content\\\/uploads\\\/2015\\\/07\\\/AtrilBn-1.jpg\",\"contentUrl\":\"https:\\\/\\\/www.comprarmejor.es\\\/wp-content\\\/uploads\\\/2015\\\/07\\\/AtrilBn-1.jpg\",\"width\":747,\"height\":596},{\"@type\":\"BreadcrumbList\",\"@id\":\"https:\\\/\\\/www.comprarmejor.es\\\/en\\\/product\\\/natural-bamboo-lectern-for-tablets-or-fine-books\\\/#breadcrumb\",\"itemListElement\":[{\"@type\":\"ListItem\",\"position\":1,\"name\":\"Portada\",\"item\":\"https:\\\/\\\/www.comprarmejor.es\\\/en\\\/\"},{\"@type\":\"ListItem\",\"position\":2,\"name\":\"Shop\",\"item\":\"https:\\\/\\\/www.comprarmejor.es\\\/en\\\/shop\\\/\"},{\"@type\":\"ListItem\",\"position\":3,\"name\":\"Natural bamboo lectern for tablets or fine books\"}]},{\"@type\":\"WebSite\",\"@id\":\"https:\\\/\\\/www.comprarmejor.es\\\/en\\\/#website\",\"url\":\"https:\\\/\\\/www.comprarmejor.es\\\/en\\\/\",\"name\":\"ComprarMejor\",\"description\":\"ComprarMejor\",\"publisher\":{\"@id\":\"https:\\\/\\\/www.comprarmejor.es\\\/en\\\/#organization\"},\"potentialAction\":[{\"@type\":\"SearchAction\",\"target\":{\"@type\":\"EntryPoint\",\"urlTemplate\":\"https:\\\/\\\/www.comprarmejor.es\\\/en\\\/?s={search_term_string}\"},\"query-input\":{\"@type\":\"PropertyValueSpecification\",\"valueRequired\":true,\"valueName\":\"search_term_string\"}}],\"inLanguage\":\"en-US\"},{\"@type\":\"Organization\",\"@id\":\"https:\\\/\\\/www.comprarmejor.es\\\/en\\\/#organization\",\"name\":\"COMPRAR MEJOR\",\"url\":\"https:\\\/\\\/www.comprarmejor.es\\\/en\\\/\",\"logo\":{\"@type\":\"ImageObject\",\"inLanguage\":\"en-US\",\"@id\":\"https:\\\/\\\/www.comprarmejor.es\\\/en\\\/#\\\/schema\\\/logo\\\/image\\\/\",\"url\":\"https:\\\/\\\/www.comprarmejor.es\\\/wp-content\\\/uploads\\\/2025\\\/09\\\/comprarmejortrinidad.jpg\",\"contentUrl\":\"https:\\\/\\\/www.comprarmejor.es\\\/wp-content\\\/uploads\\\/2025\\\/09\\\/comprarmejortrinidad.jpg\",\"width\":1022,\"height\":1380,\"caption\":\"COMPRAR MEJOR\"},\"image\":{\"@id\":\"https:\\\/\\\/www.comprarmejor.es\\\/en\\\/#\\\/schema\\\/logo\\\/image\\\/\"},\"sameAs\":[\"https:\\\/\\\/www.instagram.com\\\/amigosdelcodice\"]}]}<\/script>\n<!-- \/ Yoast SEO plugin. -->","yoast_head_json":{"title":"Natural bamboo lectern for tablets or fine books","description":"Natural bamboo lectern for open or closed thin books or tablets. Also for any other decorative piece such as a painting, stone sheet, electronic photo album","robots":{"index":"index","follow":"follow","max-snippet":"max-snippet:-1","max-image-preview":"max-image-preview:large","max-video-preview":"max-video-preview:-1"},"canonical":"https:\/\/www.comprarmejor.es\/en\/product\/natural-bamboo-lectern-for-tablets-or-fine-books\/","og_locale":"en_US","og_type":"article","og_title":"Natural bamboo lectern for tablets or fine books","og_description":"Natural bamboo lectern for open or closed thin books or tablets. Also for any other decorative piece such as a painting, stone sheet, electronic photo album","og_url":"https:\/\/www.comprarmejor.es\/en\/product\/natural-bamboo-lectern-for-tablets-or-fine-books\/","og_site_name":"ComprarMejor","article_modified_time":"2023-05-19T16:14:51+00:00","og_image":[{"width":747,"height":596,"url":"https:\/\/www.comprarmejor.es\/wp-content\/uploads\/2015\/07\/AtrilBn-1.jpg","type":"image\/jpeg"}],"twitter_card":"summary_large_image","twitter_misc":{"Est. reading time":"1 minute"},"schema":{"@context":"https:\/\/schema.org","@graph":[{"@type":"WebPage","@id":"https:\/\/www.comprarmejor.es\/en\/product\/natural-bamboo-lectern-for-tablets-or-fine-books\/","url":"https:\/\/www.comprarmejor.es\/en\/product\/natural-bamboo-lectern-for-tablets-or-fine-books\/","name":"Natural bamboo lectern for tablets or fine books","isPartOf":{"@id":"https:\/\/www.comprarmejor.es\/en\/#website"},"primaryImageOfPage":{"@id":"https:\/\/www.comprarmejor.es\/en\/product\/natural-bamboo-lectern-for-tablets-or-fine-books\/#primaryimage"},"image":{"@id":"https:\/\/www.comprarmejor.es\/en\/product\/natural-bamboo-lectern-for-tablets-or-fine-books\/#primaryimage"},"thumbnailUrl":"https:\/\/www.comprarmejor.es\/wp-content\/uploads\/2015\/07\/AtrilBn-1.jpg","datePublished":"2015-07-08T16:25:38+00:00","dateModified":"2023-05-19T16:14:51+00:00","description":"Natural bamboo lectern for open or closed thin books or tablets. Also for any other decorative piece such as a painting, stone sheet, electronic photo album","breadcrumb":{"@id":"https:\/\/www.comprarmejor.es\/en\/product\/natural-bamboo-lectern-for-tablets-or-fine-books\/#breadcrumb"},"inLanguage":"en-US","potentialAction":[{"@type":"ReadAction","target":["https:\/\/www.comprarmejor.es\/en\/product\/natural-bamboo-lectern-for-tablets-or-fine-books\/"]}]},{"@type":"ImageObject","inLanguage":"en-US","@id":"https:\/\/www.comprarmejor.es\/en\/product\/natural-bamboo-lectern-for-tablets-or-fine-books\/#primaryimage","url":"https:\/\/www.comprarmejor.es\/wp-content\/uploads\/2015\/07\/AtrilBn-1.jpg","contentUrl":"https:\/\/www.comprarmejor.es\/wp-content\/uploads\/2015\/07\/AtrilBn-1.jpg","width":747,"height":596},{"@type":"BreadcrumbList","@id":"https:\/\/www.comprarmejor.es\/en\/product\/natural-bamboo-lectern-for-tablets-or-fine-books\/#breadcrumb","itemListElement":[{"@type":"ListItem","position":1,"name":"Portada","item":"https:\/\/www.comprarmejor.es\/en\/"},{"@type":"ListItem","position":2,"name":"Shop","item":"https:\/\/www.comprarmejor.es\/en\/shop\/"},{"@type":"ListItem","position":3,"name":"Natural bamboo lectern for tablets or fine books"}]},{"@type":"WebSite","@id":"https:\/\/www.comprarmejor.es\/en\/#website","url":"https:\/\/www.comprarmejor.es\/en\/","name":"ComprarMejor","description":"ComprarMejor","publisher":{"@id":"https:\/\/www.comprarmejor.es\/en\/#organization"},"potentialAction":[{"@type":"SearchAction","target":{"@type":"EntryPoint","urlTemplate":"https:\/\/www.comprarmejor.es\/en\/?s={search_term_string}"},"query-input":{"@type":"PropertyValueSpecification","valueRequired":true,"valueName":"search_term_string"}}],"inLanguage":"en-US"},{"@type":"Organization","@id":"https:\/\/www.comprarmejor.es\/en\/#organization","name":"COMPRAR MEJOR","url":"https:\/\/www.comprarmejor.es\/en\/","logo":{"@type":"ImageObject","inLanguage":"en-US","@id":"https:\/\/www.comprarmejor.es\/en\/#\/schema\/logo\/image\/","url":"https:\/\/www.comprarmejor.es\/wp-content\/uploads\/2025\/09\/comprarmejortrinidad.jpg","contentUrl":"https:\/\/www.comprarmejor.es\/wp-content\/uploads\/2025\/09\/comprarmejortrinidad.jpg","width":1022,"height":1380,"caption":"COMPRAR MEJOR"},"image":{"@id":"https:\/\/www.comprarmejor.es\/en\/#\/schema\/logo\/image\/"},"sameAs":["https:\/\/www.instagram.com\/amigosdelcodice"]}]}},"_links":{"self":[{"href":"https:\/\/www.comprarmejor.es\/en\/wp-json\/wp\/v2\/product\/46459","targetHints":{"allow":["GET"]}}],"collection":[{"href":"https:\/\/www.comprarmejor.es\/en\/wp-json\/wp\/v2\/product"}],"about":[{"href":"https:\/\/www.comprarmejor.es\/en\/wp-json\/wp\/v2\/types\/product"}],"wp:featuredmedia":[{"embeddable":true,"href":"https:\/\/www.comprarmejor.es\/en\/wp-json\/wp\/v2\/media\/88214"}],"wp:attachment":[{"href":"https:\/\/www.comprarmejor.es\/en\/wp-json\/wp\/v2\/media?parent=46459"}],"wp:term":[{"taxonomy":"product_brand","embeddable":true,"href":"https:\/\/www.comprarmejor.es\/en\/wp-json\/wp\/v2\/product_brand?post=46459"},{"taxonomy":"product_cat","embeddable":true,"href":"https:\/\/www.comprarmejor.es\/en\/wp-json\/wp\/v2\/product_cat?post=46459"},{"taxonomy":"product_tag","embeddable":true,"href":"https:\/\/www.comprarmejor.es\/en\/wp-json\/wp\/v2\/product_tag?post=46459"}],"curies":[{"name":"wp","href":"https:\/\/api.w.org\/{rel}","templated":true}]}}