{"id":46533,"date":"2015-07-10T10:59:44","date_gmt":"2015-07-10T08:59:44","guid":{"rendered":"https:\/\/www.comprarmejor.es\/producto\/tales-of-the-alhambra-selection-washington-irving-with-original-lithographs-by-david-zaafra\/"},"modified":"2019-09-17T16:49:47","modified_gmt":"2019-09-17T14:49:47","slug":"tales-of-the-alhambra-selection-washington-irving-with-original-lithographs-by-david-zaafra","status":"publish","type":"product","link":"https:\/\/www.comprarmejor.es\/en\/product\/tales-of-the-alhambra-selection-washington-irving-with-original-lithographs-by-david-zaafra\/","title":{"rendered":"Tales of the Alhambra (selection), Washington Irving, with original lithographs by David Zaafra"},"content":{"rendered":"<p style=\"text-align:justify;\"><span id=\"result_box\" lang=\"en\" xml:lang=\"en\"><span title=\"Cuentos de la Alhambra (selecci\u00f3n), de Washington Irving, con 32 litograf\u00edas originales de David Zaafra.\"><strong>Tales of the Alhambra<\/strong> (selection), <strong>Washington Irving<\/strong>, with 32 original lithographs by <strong>David Zaafra<\/strong>. <span lang=\"en\" xml:lang=\"en\"><span title=\"Textos en espa\u00f1ol.\">Texts in Spanish.<\/span><\/span><\/p>\n<p><\/span><span title=\"Extraordinaria edici\u00f3n de lujo especial para bibli\u00f3filos realizada para conmemorar el 175 aniversario de la publicaci\u00f3n de la obra.\">Extraordinary special luxury edition for bibliophiles made to commemorate the 175th anniversary of the publication of the work. <\/span><span title=\"Recoge una selecci\u00f3n de los relatos m\u00e1s conocidos ilustrados con las magn\u00edficas litograf\u00edas de David Zaafra, para quien, adem\u00e1s, la obra supone un homenaje personal a un autor ya un monumento que marcaron fuertemente su ni\u00f1ez.\">Includes a selection of the best known stories illustrated with gorgeous lithographs David Zaafra, for whom, moreover, the work is a personal tribute to an author and a monument that strongly marked his childhood.<\/p>\n<p><\/span><span title=\"Presentaci\u00f3n de Enrique Seijas Mu\u00f1oz.\"><span lang=\"en\" xml:lang=\"en\">Edition in Madrid, 2006. Format 26 x 36 cm. A volume, with case. <strong>Original single<\/strong> bound completely handmade real leather Spanish pasta, backstrap with nerves, letrer\u00eda and rosettes. Pages XV, pages 113, 2h. With 32 original lithographs signed and numbered by the artist and numerous drawings in headers and texts. Presentation of Enrique Munoz Seijas.<\/span><\/p>\n<p><\/span><span title=\"Estuche abierto tipo guardapolvo hecho a mano y forrado en aut\u00e9ntico papel de aguas artesanal.\">Overall open type case handmade paper wrapped authentic artisanal waters.<\/p>\n<p><\/span><span title=\"Edici\u00f3n limitada de 300 ejemplares numerados, impresa y encuadernada con t\u00e9cnicas artesanales.\">Limited edition of 300 numbered, printed and bound copies with craftsmanship. <\/span><span title=\"Las litograf\u00edas se encuentran intercaladas a lo largo del texto, levemente pegadas al lomo por si se deseara desprenderlas para su enmarcaci\u00f3n;\">The lithographs are interspersed throughout the text, bound to the spine slightly if it is desired to detach them framing; <\/span><span title=\"todas ellas numeradas y firmadas.\">all they numbered and signed.<\/p>\n<p><\/span><span title=\"Ejemplar nuevo, a estrenar.\">Exemplary new, brand new.<\/p>\n<p><\/span><span title=\"Gastos de env\u00edo por cuenta del comprador, seg\u00fan pedido y destino.\">Shipping by the buyer, upon request and destination. <\/span><span title=\"Cons\u00faltenos cualquier duda.\"><strong><a class=\"btn btn-default\" href=\"http:\/\/comprarmejor.es\/en\/contact\">Ask us<\/a> <\/strong>any questions, <span lang=\"en\" xml:lang=\"en\">as well as any other items you are seeking.<\/span><\/span><\/span><\/p>\n","protected":false},"excerpt":{"rendered":"<p style=\"text-align:justify;\"><span id=\"result_box\" lang=\"en\" xml:lang=\"en\"><span title=\"Selecci\u00f3n de Cuentos de la Alhambra, de Washington Irving, con 32 litograf\u00edas originales de David Zaafra.\">Selected Tales of the Alhambra Washington Irving, with 32 original lithographs by David Zaafra.<\/span><\/span><\/p>\n","protected":false},"featured_media":46515,"template":"","meta":[],"product_brand":[],"product_cat":[2266,2238,2272],"product_tag":[4163,5791,4164,5107,5108],"class_list":{"0":"post-46533","1":"product","2":"type-product","3":"status-publish","4":"has-post-thumbnail","6":"product_cat-engravings","7":"product_cat-exclusive-copies","8":"product_cat-illustrated-books","9":"product_tag-alhambra-en","10":"product_tag-arte-en","11":"product_tag-granada-en-2","12":"product_tag-irving-en-2","13":"product_tag-zaafra-en","14":"product_shipping_class-from-6-to-10-kg","15":"description-off","17":"first","18":"instock","19":"taxable","20":"shipping-taxable","21":"purchasable","22":"product-type-simple"},"yoast_head":"<!-- This site is optimized with the Yoast SEO plugin v27.3 - https:\/\/yoast.com\/product\/yoast-seo-wordpress\/ -->\n<title>Tales of the Alhambra, Washington Irving, lithographs by David Zaafra<\/title>\n<meta name=\"description\" content=\"Selected Tales of the Alhambra Washington Irving, with 32 original lithographs by David Zaafra. Texts in Spanish.\" \/>\n<meta name=\"robots\" content=\"index, follow, max-snippet:-1, max-image-preview:large, max-video-preview:-1\" \/>\n<link rel=\"canonical\" href=\"https:\/\/www.comprarmejor.es\/en\/product\/tales-of-the-alhambra-selection-washington-irving-with-original-lithographs-by-david-zaafra\/\" \/>\n<meta property=\"og:locale\" content=\"en_US\" \/>\n<meta property=\"og:type\" content=\"article\" \/>\n<meta property=\"og:title\" content=\"Tales of the Alhambra, Washington Irving, lithographs by David Zaafra\" \/>\n<meta property=\"og:description\" content=\"Selected Tales of the Alhambra Washington Irving, with 32 original lithographs by David Zaafra. Texts in Spanish.\" \/>\n<meta property=\"og:url\" content=\"https:\/\/www.comprarmejor.es\/en\/product\/tales-of-the-alhambra-selection-washington-irving-with-original-lithographs-by-david-zaafra\/\" \/>\n<meta property=\"og:site_name\" content=\"ComprarMejor\" \/>\n<meta property=\"article:modified_time\" content=\"2019-09-17T14:49:47+00:00\" \/>\n<meta property=\"og:image\" content=\"https:\/\/www.comprarmejor.es\/wp-content\/uploads\/2015\/07\/p_5_5_55-Cuentos-de-la-Alhambra-seleccion-de-Washington-Irving-con-litografias-originales-de-David-Zaafra.jpg\" \/>\n\t<meta property=\"og:image:width\" content=\"600\" \/>\n\t<meta property=\"og:image:height\" content=\"450\" \/>\n\t<meta property=\"og:image:type\" content=\"image\/jpeg\" \/>\n<meta name=\"twitter:card\" content=\"summary_large_image\" \/>\n<meta name=\"twitter:label1\" content=\"Est. reading time\" \/>\n\t<meta name=\"twitter:data1\" content=\"1 minute\" \/>\n<script type=\"application\/ld+json\" class=\"yoast-schema-graph\">{\"@context\":\"https:\\\/\\\/schema.org\",\"@graph\":[{\"@type\":\"WebPage\",\"@id\":\"https:\\\/\\\/www.comprarmejor.es\\\/en\\\/product\\\/tales-of-the-alhambra-selection-washington-irving-with-original-lithographs-by-david-zaafra\\\/\",\"url\":\"https:\\\/\\\/www.comprarmejor.es\\\/en\\\/product\\\/tales-of-the-alhambra-selection-washington-irving-with-original-lithographs-by-david-zaafra\\\/\",\"name\":\"Tales of the Alhambra, Washington Irving, lithographs by David Zaafra\",\"isPartOf\":{\"@id\":\"https:\\\/\\\/www.comprarmejor.es\\\/en\\\/#website\"},\"primaryImageOfPage\":{\"@id\":\"https:\\\/\\\/www.comprarmejor.es\\\/en\\\/product\\\/tales-of-the-alhambra-selection-washington-irving-with-original-lithographs-by-david-zaafra\\\/#primaryimage\"},\"image\":{\"@id\":\"https:\\\/\\\/www.comprarmejor.es\\\/en\\\/product\\\/tales-of-the-alhambra-selection-washington-irving-with-original-lithographs-by-david-zaafra\\\/#primaryimage\"},\"thumbnailUrl\":\"https:\\\/\\\/www.comprarmejor.es\\\/wp-content\\\/uploads\\\/2015\\\/07\\\/p_5_5_55-Cuentos-de-la-Alhambra-seleccion-de-Washington-Irving-con-litografias-originales-de-David-Zaafra.jpg\",\"datePublished\":\"2015-07-10T08:59:44+00:00\",\"dateModified\":\"2019-09-17T14:49:47+00:00\",\"description\":\"Selected Tales of the Alhambra Washington Irving, with 32 original lithographs by David Zaafra. Texts in Spanish.\",\"breadcrumb\":{\"@id\":\"https:\\\/\\\/www.comprarmejor.es\\\/en\\\/product\\\/tales-of-the-alhambra-selection-washington-irving-with-original-lithographs-by-david-zaafra\\\/#breadcrumb\"},\"inLanguage\":\"en-US\",\"potentialAction\":[{\"@type\":\"ReadAction\",\"target\":[\"https:\\\/\\\/www.comprarmejor.es\\\/en\\\/product\\\/tales-of-the-alhambra-selection-washington-irving-with-original-lithographs-by-david-zaafra\\\/\"]}]},{\"@type\":\"ImageObject\",\"inLanguage\":\"en-US\",\"@id\":\"https:\\\/\\\/www.comprarmejor.es\\\/en\\\/product\\\/tales-of-the-alhambra-selection-washington-irving-with-original-lithographs-by-david-zaafra\\\/#primaryimage\",\"url\":\"https:\\\/\\\/www.comprarmejor.es\\\/wp-content\\\/uploads\\\/2015\\\/07\\\/p_5_5_55-Cuentos-de-la-Alhambra-seleccion-de-Washington-Irving-con-litografias-originales-de-David-Zaafra.jpg\",\"contentUrl\":\"https:\\\/\\\/www.comprarmejor.es\\\/wp-content\\\/uploads\\\/2015\\\/07\\\/p_5_5_55-Cuentos-de-la-Alhambra-seleccion-de-Washington-Irving-con-litografias-originales-de-David-Zaafra.jpg\",\"width\":600,\"height\":450},{\"@type\":\"BreadcrumbList\",\"@id\":\"https:\\\/\\\/www.comprarmejor.es\\\/en\\\/product\\\/tales-of-the-alhambra-selection-washington-irving-with-original-lithographs-by-david-zaafra\\\/#breadcrumb\",\"itemListElement\":[{\"@type\":\"ListItem\",\"position\":1,\"name\":\"Portada\",\"item\":\"https:\\\/\\\/www.comprarmejor.es\\\/en\\\/\"},{\"@type\":\"ListItem\",\"position\":2,\"name\":\"Shop\",\"item\":\"https:\\\/\\\/www.comprarmejor.es\\\/en\\\/shop\\\/\"},{\"@type\":\"ListItem\",\"position\":3,\"name\":\"Tales of the Alhambra (selection), Washington Irving, with original lithographs by David Zaafra\"}]},{\"@type\":\"WebSite\",\"@id\":\"https:\\\/\\\/www.comprarmejor.es\\\/en\\\/#website\",\"url\":\"https:\\\/\\\/www.comprarmejor.es\\\/en\\\/\",\"name\":\"ComprarMejor\",\"description\":\"ComprarMejor\",\"publisher\":{\"@id\":\"https:\\\/\\\/www.comprarmejor.es\\\/en\\\/#organization\"},\"potentialAction\":[{\"@type\":\"SearchAction\",\"target\":{\"@type\":\"EntryPoint\",\"urlTemplate\":\"https:\\\/\\\/www.comprarmejor.es\\\/en\\\/?s={search_term_string}\"},\"query-input\":{\"@type\":\"PropertyValueSpecification\",\"valueRequired\":true,\"valueName\":\"search_term_string\"}}],\"inLanguage\":\"en-US\"},{\"@type\":\"Organization\",\"@id\":\"https:\\\/\\\/www.comprarmejor.es\\\/en\\\/#organization\",\"name\":\"COMPRAR MEJOR\",\"url\":\"https:\\\/\\\/www.comprarmejor.es\\\/en\\\/\",\"logo\":{\"@type\":\"ImageObject\",\"inLanguage\":\"en-US\",\"@id\":\"https:\\\/\\\/www.comprarmejor.es\\\/en\\\/#\\\/schema\\\/logo\\\/image\\\/\",\"url\":\"https:\\\/\\\/www.comprarmejor.es\\\/wp-content\\\/uploads\\\/2025\\\/09\\\/comprarmejortrinidad.jpg\",\"contentUrl\":\"https:\\\/\\\/www.comprarmejor.es\\\/wp-content\\\/uploads\\\/2025\\\/09\\\/comprarmejortrinidad.jpg\",\"width\":1022,\"height\":1380,\"caption\":\"COMPRAR MEJOR\"},\"image\":{\"@id\":\"https:\\\/\\\/www.comprarmejor.es\\\/en\\\/#\\\/schema\\\/logo\\\/image\\\/\"},\"sameAs\":[\"https:\\\/\\\/www.instagram.com\\\/amigosdelcodice\"]}]}<\/script>\n<!-- \/ Yoast SEO plugin. -->","yoast_head_json":{"title":"Tales of the Alhambra, Washington Irving, lithographs by David Zaafra","description":"Selected Tales of the Alhambra Washington Irving, with 32 original lithographs by David Zaafra. Texts in Spanish.","robots":{"index":"index","follow":"follow","max-snippet":"max-snippet:-1","max-image-preview":"max-image-preview:large","max-video-preview":"max-video-preview:-1"},"canonical":"https:\/\/www.comprarmejor.es\/en\/product\/tales-of-the-alhambra-selection-washington-irving-with-original-lithographs-by-david-zaafra\/","og_locale":"en_US","og_type":"article","og_title":"Tales of the Alhambra, Washington Irving, lithographs by David Zaafra","og_description":"Selected Tales of the Alhambra Washington Irving, with 32 original lithographs by David Zaafra. Texts in Spanish.","og_url":"https:\/\/www.comprarmejor.es\/en\/product\/tales-of-the-alhambra-selection-washington-irving-with-original-lithographs-by-david-zaafra\/","og_site_name":"ComprarMejor","article_modified_time":"2019-09-17T14:49:47+00:00","og_image":[{"width":600,"height":450,"url":"https:\/\/www.comprarmejor.es\/wp-content\/uploads\/2015\/07\/p_5_5_55-Cuentos-de-la-Alhambra-seleccion-de-Washington-Irving-con-litografias-originales-de-David-Zaafra.jpg","type":"image\/jpeg"}],"twitter_card":"summary_large_image","twitter_misc":{"Est. reading time":"1 minute"},"schema":{"@context":"https:\/\/schema.org","@graph":[{"@type":"WebPage","@id":"https:\/\/www.comprarmejor.es\/en\/product\/tales-of-the-alhambra-selection-washington-irving-with-original-lithographs-by-david-zaafra\/","url":"https:\/\/www.comprarmejor.es\/en\/product\/tales-of-the-alhambra-selection-washington-irving-with-original-lithographs-by-david-zaafra\/","name":"Tales of the Alhambra, Washington Irving, lithographs by David Zaafra","isPartOf":{"@id":"https:\/\/www.comprarmejor.es\/en\/#website"},"primaryImageOfPage":{"@id":"https:\/\/www.comprarmejor.es\/en\/product\/tales-of-the-alhambra-selection-washington-irving-with-original-lithographs-by-david-zaafra\/#primaryimage"},"image":{"@id":"https:\/\/www.comprarmejor.es\/en\/product\/tales-of-the-alhambra-selection-washington-irving-with-original-lithographs-by-david-zaafra\/#primaryimage"},"thumbnailUrl":"https:\/\/www.comprarmejor.es\/wp-content\/uploads\/2015\/07\/p_5_5_55-Cuentos-de-la-Alhambra-seleccion-de-Washington-Irving-con-litografias-originales-de-David-Zaafra.jpg","datePublished":"2015-07-10T08:59:44+00:00","dateModified":"2019-09-17T14:49:47+00:00","description":"Selected Tales of the Alhambra Washington Irving, with 32 original lithographs by David Zaafra. Texts in Spanish.","breadcrumb":{"@id":"https:\/\/www.comprarmejor.es\/en\/product\/tales-of-the-alhambra-selection-washington-irving-with-original-lithographs-by-david-zaafra\/#breadcrumb"},"inLanguage":"en-US","potentialAction":[{"@type":"ReadAction","target":["https:\/\/www.comprarmejor.es\/en\/product\/tales-of-the-alhambra-selection-washington-irving-with-original-lithographs-by-david-zaafra\/"]}]},{"@type":"ImageObject","inLanguage":"en-US","@id":"https:\/\/www.comprarmejor.es\/en\/product\/tales-of-the-alhambra-selection-washington-irving-with-original-lithographs-by-david-zaafra\/#primaryimage","url":"https:\/\/www.comprarmejor.es\/wp-content\/uploads\/2015\/07\/p_5_5_55-Cuentos-de-la-Alhambra-seleccion-de-Washington-Irving-con-litografias-originales-de-David-Zaafra.jpg","contentUrl":"https:\/\/www.comprarmejor.es\/wp-content\/uploads\/2015\/07\/p_5_5_55-Cuentos-de-la-Alhambra-seleccion-de-Washington-Irving-con-litografias-originales-de-David-Zaafra.jpg","width":600,"height":450},{"@type":"BreadcrumbList","@id":"https:\/\/www.comprarmejor.es\/en\/product\/tales-of-the-alhambra-selection-washington-irving-with-original-lithographs-by-david-zaafra\/#breadcrumb","itemListElement":[{"@type":"ListItem","position":1,"name":"Portada","item":"https:\/\/www.comprarmejor.es\/en\/"},{"@type":"ListItem","position":2,"name":"Shop","item":"https:\/\/www.comprarmejor.es\/en\/shop\/"},{"@type":"ListItem","position":3,"name":"Tales of the Alhambra (selection), Washington Irving, with original lithographs by David Zaafra"}]},{"@type":"WebSite","@id":"https:\/\/www.comprarmejor.es\/en\/#website","url":"https:\/\/www.comprarmejor.es\/en\/","name":"ComprarMejor","description":"ComprarMejor","publisher":{"@id":"https:\/\/www.comprarmejor.es\/en\/#organization"},"potentialAction":[{"@type":"SearchAction","target":{"@type":"EntryPoint","urlTemplate":"https:\/\/www.comprarmejor.es\/en\/?s={search_term_string}"},"query-input":{"@type":"PropertyValueSpecification","valueRequired":true,"valueName":"search_term_string"}}],"inLanguage":"en-US"},{"@type":"Organization","@id":"https:\/\/www.comprarmejor.es\/en\/#organization","name":"COMPRAR MEJOR","url":"https:\/\/www.comprarmejor.es\/en\/","logo":{"@type":"ImageObject","inLanguage":"en-US","@id":"https:\/\/www.comprarmejor.es\/en\/#\/schema\/logo\/image\/","url":"https:\/\/www.comprarmejor.es\/wp-content\/uploads\/2025\/09\/comprarmejortrinidad.jpg","contentUrl":"https:\/\/www.comprarmejor.es\/wp-content\/uploads\/2025\/09\/comprarmejortrinidad.jpg","width":1022,"height":1380,"caption":"COMPRAR MEJOR"},"image":{"@id":"https:\/\/www.comprarmejor.es\/en\/#\/schema\/logo\/image\/"},"sameAs":["https:\/\/www.instagram.com\/amigosdelcodice"]}]}},"_links":{"self":[{"href":"https:\/\/www.comprarmejor.es\/en\/wp-json\/wp\/v2\/product\/46533","targetHints":{"allow":["GET"]}}],"collection":[{"href":"https:\/\/www.comprarmejor.es\/en\/wp-json\/wp\/v2\/product"}],"about":[{"href":"https:\/\/www.comprarmejor.es\/en\/wp-json\/wp\/v2\/types\/product"}],"wp:featuredmedia":[{"embeddable":true,"href":"https:\/\/www.comprarmejor.es\/en\/wp-json\/wp\/v2\/media\/46515"}],"wp:attachment":[{"href":"https:\/\/www.comprarmejor.es\/en\/wp-json\/wp\/v2\/media?parent=46533"}],"wp:term":[{"taxonomy":"product_brand","embeddable":true,"href":"https:\/\/www.comprarmejor.es\/en\/wp-json\/wp\/v2\/product_brand?post=46533"},{"taxonomy":"product_cat","embeddable":true,"href":"https:\/\/www.comprarmejor.es\/en\/wp-json\/wp\/v2\/product_cat?post=46533"},{"taxonomy":"product_tag","embeddable":true,"href":"https:\/\/www.comprarmejor.es\/en\/wp-json\/wp\/v2\/product_tag?post=46533"}],"curies":[{"name":"wp","href":"https:\/\/api.w.org\/{rel}","templated":true}]}}