{"id":46863,"date":"2015-08-30T12:59:23","date_gmt":"2015-08-30T10:59:23","guid":{"rendered":"https:\/\/www.comprarmejor.es\/producto\/1915-pocket-watch-corgemont-watch-silver-of-peron\/"},"modified":"2019-08-27T12:49:31","modified_gmt":"2019-08-27T10:49:31","slug":"1915-pocket-watch-corgemont-watch-silver-of-peron","status":"publish","type":"product","link":"https:\/\/www.comprarmejor.es\/en\/product\/1915-pocket-watch-corgemont-watch-silver-of-peron\/","title":{"rendered":"1915 Pocket Watch Corg\u00e9mont Watch silver of Peron"},"content":{"rendered":"<p style=\"text-align:justify;\"><span id=\"result_box\" lang=\"en\" xml:lang=\"en\"><span title=\"Excelente y bello ejemplar de reloj de bolsillo de la marca suiza Corg\u00e9mont Watch, en plata de ley 875, fabricado circa 1915. Obsequio personal de Pilar Franco (hermana del entonces Jefe del Estado espa\u00f1ol Francisco Franco) al Presidente de Argentina, Juan Domingo Per\u00f3n,\">Excellent and beautiful example of pocket watch Swiss Watch brand Corg\u00e9mont, 875 sterling silver, made circa 1915. Personal Gift of Pilar Franco (brother of the then Head of State Francisco Franco Spanish) to the President of Argentina, Juan Domingo Peron, <\/span><span title=\"enviado en 1947, con dedicatoria personal, a Buenos Aires a trav\u00e9s del Embajador de Espa\u00f1a en Argentina, Jos\u00e9 Mar\u00eda de Areilza, Conde de Motrico, en conmemoraci\u00f3n del segundo aniversario de su liberaci\u00f3n de la isla Mart\u00edn Garc\u00eda, donde estuvo preso antes de ganar las\">He sent in 1947, with personal dedication to Buenos Aires through the Ambassador of Spain in Argentina, Jos\u00e9 Mar\u00eda de Areilza, Count of Motrico, commemorating the second anniversary of the liberation of the island Martin Garcia, where he was imprisoned before winning <\/span><span title=\"elecciones de 1946 y ser elegido en su primer per\u00edodo (de tres) a la Presidencia de su pa\u00eds, lo que lo convierte en una pieza de coleccionista \u00fanica.\">1946 elections and be elected in his first term (of three) for the presidency of his country, which makes it a unique piece of collector.<\/p>\n<p><\/span><span title=\"Posteriormente, en las revueltas sociales que originaron el golpe militar del 16 de septiembre de 1955 en Argentina, en el que lo derrocaron, provocando su desgracia pol\u00edtica y exilio, el reloj pas\u00f3 a manos de Valentin Buschiazzo, uno de sus m\u00faltiples colaboradores, quien hizo\">Later in the social upheavals that led the military coup of September 16, 1955 in Argentina, which overthrew him, causing political disgrace and exile, the clock was handed to Valentin Buschiazzo, one of his many collaborators, who made <\/span><span title=\"grabar sus iniciales en el dorso del reloj.\">record your initials on the back of the watch.<\/p>\n<p><\/span><span title=\"Se trata de un bello y elegante reloj suizo realizado en plata 875, caja modelo ingl\u00e9s de principios del siglo XX, con esfera labrada, cuadrante con doble numeraci\u00f3n, en romano de I a XII y en ar\u00e1bigo de 13 a 24;\">It is a beautiful and elegant Swiss watch made of silver 875, English model of the early twentieth century with carved sphere, box quadrant with double numbering in Roman I to XII and in Arabic from 13 to 24; <\/span><span title=\"agujas de horas y minutos, no tiene segundero.\">needles in hours and minutes, not seconds. <\/span><span title=\"Marca impresa: Corg\u00e9mont watch.\">Print Brand: Corg\u00e9mont watch. <\/span><span title=\"En el dorso, el reloj est\u00e1 labrado con motivos florales y decorativos y las iniciales V y B. Al abrir la tapa descubrimos en su interior la maquinaria en funcionamiento, el n\u00famero de serie del reloj: 570861 y el sello 84-0.875, correspondiente a\">On the back, the clock is carved with floral and decorative motifs and the V and B. At initial opening the lid we found inside the machine running, the serial number of the watch: 570861 and 84-0875 stamp, corresponding to <\/span><span title=\"la ley de la plata y al taller orfebre que lo realiz\u00f3.\">law silver and goldsmith workshop that was made. <\/span><span title=\"En la parte interior de la tapa se encuentra grabada la siguiente dedicatoria: &quot;A mi Amigo Juan D. Per\u00f3n, Pilar Franco, 17 de Octubre 1947&quot;.\">In the inside of the cover is engraved the following inscription: &#8220;To my friend Juan D. Peron, Pilar Franco, October 17, 1947&#8221;.<\/p>\n<p><\/span><span title=\"Medidas: di\u00e1metro 48 mm., longitud total, incluyendo argolla, 65 mm.\">Measures. Diameter 48 mm, total length including ring, 65 mm. <\/span><span title=\"Peso 57,80 grs.\">Weight 57.80 g.<\/p>\n<p><\/span><span title=\"Pilar Franco y Per\u00f3n a\u00fan no se conoc\u00edan personalmente cuando le hizo enviar este regalo (se conocieron en 1961), pero fue uno de los preliminares que luego dio lugar a la gran amistad que se profesaron mutuamente durante su exilio en Espa\u00f1a.\">Pilar Franco and Peron is not yet known when he made personally send this gift (they met in 1961), but it was one of the preliminaries which then led to the great friendship that professed each other during his exile in Spain.<\/p>\n<p><\/span><span title=\"El reloj ha sido sometido a un minucioso proceso de limpieza y revisi\u00f3n de toda la maquinaria por uno de los m\u00e1s importantes talleres de relojer\u00eda de Madrid, y se ofrece con total garant\u00eda de funcionamiento y en perfecto estado de conservaci\u00f3n, teniendo en cuenta su antig\u00fcedad.\"><span lang=\"en\" xml:lang=\"en\">The watch has been subjected to a meticulous process of cleaning and review of all machinery by one of the most important watchmaking workshops in Madrid, and is offered with full guarantee of operation and in very good condition, taking into account its age and for the vicissitudes that have happened.<\/span><\/p>\n<p><\/span><span title=\"Dada la antig\u00fcedad del reloj, no podemos garantizar (como es normal en este tipo de piezas) un funcionamiento horario exacto.\">Given the age of the clock, we can not guarantee (as is normal in these parts) an exact schedule <span lang=\"en\" xml:lang=\"en\">operation.<\/p>\n<p>If you wish to be the sixth owner and owner of this jewel and are not a resident of any European Union country, know that your shipment will depend on the time it takes to process the export documentation as it is a good affected by the Protection Law of Historical Heritage<\/span>.<\/span><span title=\"Si lo necesita y lo solicita, s\u00ed que le podemos facilitar un certificado notarial de cuanto se ha descrito y de la originalidad de la pieza, una vez se haya formalizado el pedido.\"><\/p>\n<p><\/span><span title=\"Gastos de env\u00edo gratuitos para este art\u00edculo.\">Free shipping costs for this article. <\/span><span title=\"Cons\u00faltenos cualquier duda.\"><a class=\"btn btn-default\" href=\"http:\/\/comprarmejor.es\/en\/contact\">Ask us<\/a> <span lang=\"en\" xml:lang=\"en\">without obligation (indicating the reference of the article) any doubt.<\/span><br \/><\/span><\/span><\/p>\n","protected":false},"excerpt":{"rendered":"<p style=\"text-align:justify;\"><span id=\"result_box\" lang=\"en\" xml:lang=\"en\"><span title=\"Excelente y bello ejemplar de reloj de bolsillo de la marca suiza Corg\u00e9mont Watch, en plata de ley 875, fabricado circa 1915. Obsequio personal de Pilar Franco (hermana del entonces Jefe del Estado espa\u00f1ol Francisco Franco) al Presidente de Argentina, Juan Domingo Per\u00f3n,\">Excellent and beautiful example of pocket watch Swiss Watch brand Corg\u00e9mont, 875 sterling silver, made circa 1915. Personal Gift of Pilar Franco (brother of the then Head of State Francisco Franco Spanish) to the President of Argentina, Juan Domingo Peron, <\/span><span title=\"enviado en 1947, con dedicatoria personal, a Buenos Aires a trav\u00e9s del Embajador de Espa\u00f1a en Argentina.\">He sent in 1947, with personal dedication to Buenos Aires through the Ambassador of Spain in Argentina.<\/span><\/span><\/p>\n","protected":false},"featured_media":46853,"template":"","meta":[],"product_brand":[],"product_cat":[2222],"product_tag":[4500,5060],"class_list":{"0":"post-46863","1":"product","2":"type-product","3":"status-publish","4":"has-post-thumbnail","6":"product_cat-watches","7":"product_tag-argentina-en","8":"product_tag-franco-en-2","9":"product_shipping_class-from-0-to-1-kg","10":"description-off","12":"first","13":"instock","14":"taxable","15":"shipping-taxable","16":"purchasable","17":"product-type-simple"},"yoast_head":"<!-- This site is optimized with the Yoast SEO plugin v27.3 - https:\/\/yoast.com\/product\/yoast-seo-wordpress\/ -->\n<title>1915 Pocket Watch Corg\u00e9mont Watch silver of Peron<\/title>\n<meta name=\"description\" content=\"Pocket Watch Gift Pilar Franco to the President of Argentina Juan Domingo Peron\" \/>\n<meta name=\"robots\" content=\"index, follow, max-snippet:-1, max-image-preview:large, max-video-preview:-1\" \/>\n<link rel=\"canonical\" href=\"https:\/\/www.comprarmejor.es\/en\/product\/1915-pocket-watch-corgemont-watch-silver-of-peron\/\" \/>\n<meta property=\"og:locale\" content=\"en_US\" \/>\n<meta property=\"og:type\" content=\"article\" \/>\n<meta property=\"og:title\" content=\"1915 Pocket Watch Corg\u00e9mont Watch silver of Peron\" \/>\n<meta property=\"og:description\" content=\"Pocket Watch Gift Pilar Franco to the President of Argentina Juan Domingo Peron\" \/>\n<meta property=\"og:url\" content=\"https:\/\/www.comprarmejor.es\/en\/product\/1915-pocket-watch-corgemont-watch-silver-of-peron\/\" \/>\n<meta property=\"og:site_name\" content=\"ComprarMejor\" \/>\n<meta property=\"article:modified_time\" content=\"2019-08-27T10:49:31+00:00\" \/>\n<meta property=\"og:image\" content=\"https:\/\/www.comprarmejor.es\/wp-content\/uploads\/2015\/08\/p_2_0_2_202-Reloj-de-bolsillo-de-1915-Corgemont-Watch-en-plata-de-Peron.jpg\" \/>\n\t<meta property=\"og:image:width\" content=\"451\" \/>\n\t<meta property=\"og:image:height\" content=\"600\" \/>\n\t<meta property=\"og:image:type\" content=\"image\/jpeg\" \/>\n<meta name=\"twitter:card\" content=\"summary_large_image\" \/>\n<meta name=\"twitter:label1\" content=\"Est. reading time\" \/>\n\t<meta name=\"twitter:data1\" content=\"2 minutes\" \/>\n<script type=\"application\/ld+json\" class=\"yoast-schema-graph\">{\"@context\":\"https:\\\/\\\/schema.org\",\"@graph\":[{\"@type\":\"WebPage\",\"@id\":\"https:\\\/\\\/www.comprarmejor.es\\\/en\\\/product\\\/1915-pocket-watch-corgemont-watch-silver-of-peron\\\/\",\"url\":\"https:\\\/\\\/www.comprarmejor.es\\\/en\\\/product\\\/1915-pocket-watch-corgemont-watch-silver-of-peron\\\/\",\"name\":\"1915 Pocket Watch Corg\u00e9mont Watch silver of Peron\",\"isPartOf\":{\"@id\":\"https:\\\/\\\/www.comprarmejor.es\\\/en\\\/#website\"},\"primaryImageOfPage\":{\"@id\":\"https:\\\/\\\/www.comprarmejor.es\\\/en\\\/product\\\/1915-pocket-watch-corgemont-watch-silver-of-peron\\\/#primaryimage\"},\"image\":{\"@id\":\"https:\\\/\\\/www.comprarmejor.es\\\/en\\\/product\\\/1915-pocket-watch-corgemont-watch-silver-of-peron\\\/#primaryimage\"},\"thumbnailUrl\":\"https:\\\/\\\/www.comprarmejor.es\\\/wp-content\\\/uploads\\\/2015\\\/08\\\/p_2_0_2_202-Reloj-de-bolsillo-de-1915-Corgemont-Watch-en-plata-de-Peron.jpg\",\"datePublished\":\"2015-08-30T10:59:23+00:00\",\"dateModified\":\"2019-08-27T10:49:31+00:00\",\"description\":\"Pocket Watch Gift Pilar Franco to the President of Argentina Juan Domingo Peron\",\"breadcrumb\":{\"@id\":\"https:\\\/\\\/www.comprarmejor.es\\\/en\\\/product\\\/1915-pocket-watch-corgemont-watch-silver-of-peron\\\/#breadcrumb\"},\"inLanguage\":\"en-US\",\"potentialAction\":[{\"@type\":\"ReadAction\",\"target\":[\"https:\\\/\\\/www.comprarmejor.es\\\/en\\\/product\\\/1915-pocket-watch-corgemont-watch-silver-of-peron\\\/\"]}]},{\"@type\":\"ImageObject\",\"inLanguage\":\"en-US\",\"@id\":\"https:\\\/\\\/www.comprarmejor.es\\\/en\\\/product\\\/1915-pocket-watch-corgemont-watch-silver-of-peron\\\/#primaryimage\",\"url\":\"https:\\\/\\\/www.comprarmejor.es\\\/wp-content\\\/uploads\\\/2015\\\/08\\\/p_2_0_2_202-Reloj-de-bolsillo-de-1915-Corgemont-Watch-en-plata-de-Peron.jpg\",\"contentUrl\":\"https:\\\/\\\/www.comprarmejor.es\\\/wp-content\\\/uploads\\\/2015\\\/08\\\/p_2_0_2_202-Reloj-de-bolsillo-de-1915-Corgemont-Watch-en-plata-de-Peron.jpg\",\"width\":451,\"height\":600},{\"@type\":\"BreadcrumbList\",\"@id\":\"https:\\\/\\\/www.comprarmejor.es\\\/en\\\/product\\\/1915-pocket-watch-corgemont-watch-silver-of-peron\\\/#breadcrumb\",\"itemListElement\":[{\"@type\":\"ListItem\",\"position\":1,\"name\":\"Portada\",\"item\":\"https:\\\/\\\/www.comprarmejor.es\\\/en\\\/\"},{\"@type\":\"ListItem\",\"position\":2,\"name\":\"Shop\",\"item\":\"https:\\\/\\\/www.comprarmejor.es\\\/en\\\/shop\\\/\"},{\"@type\":\"ListItem\",\"position\":3,\"name\":\"1915 Pocket Watch Corg\u00e9mont Watch silver of Peron\"}]},{\"@type\":\"WebSite\",\"@id\":\"https:\\\/\\\/www.comprarmejor.es\\\/en\\\/#website\",\"url\":\"https:\\\/\\\/www.comprarmejor.es\\\/en\\\/\",\"name\":\"ComprarMejor\",\"description\":\"ComprarMejor\",\"publisher\":{\"@id\":\"https:\\\/\\\/www.comprarmejor.es\\\/en\\\/#organization\"},\"potentialAction\":[{\"@type\":\"SearchAction\",\"target\":{\"@type\":\"EntryPoint\",\"urlTemplate\":\"https:\\\/\\\/www.comprarmejor.es\\\/en\\\/?s={search_term_string}\"},\"query-input\":{\"@type\":\"PropertyValueSpecification\",\"valueRequired\":true,\"valueName\":\"search_term_string\"}}],\"inLanguage\":\"en-US\"},{\"@type\":\"Organization\",\"@id\":\"https:\\\/\\\/www.comprarmejor.es\\\/en\\\/#organization\",\"name\":\"COMPRAR MEJOR\",\"url\":\"https:\\\/\\\/www.comprarmejor.es\\\/en\\\/\",\"logo\":{\"@type\":\"ImageObject\",\"inLanguage\":\"en-US\",\"@id\":\"https:\\\/\\\/www.comprarmejor.es\\\/en\\\/#\\\/schema\\\/logo\\\/image\\\/\",\"url\":\"https:\\\/\\\/www.comprarmejor.es\\\/wp-content\\\/uploads\\\/2025\\\/09\\\/comprarmejortrinidad.jpg\",\"contentUrl\":\"https:\\\/\\\/www.comprarmejor.es\\\/wp-content\\\/uploads\\\/2025\\\/09\\\/comprarmejortrinidad.jpg\",\"width\":1022,\"height\":1380,\"caption\":\"COMPRAR MEJOR\"},\"image\":{\"@id\":\"https:\\\/\\\/www.comprarmejor.es\\\/en\\\/#\\\/schema\\\/logo\\\/image\\\/\"},\"sameAs\":[\"https:\\\/\\\/www.instagram.com\\\/amigosdelcodice\"]}]}<\/script>\n<!-- \/ Yoast SEO plugin. -->","yoast_head_json":{"title":"1915 Pocket Watch Corg\u00e9mont Watch silver of Peron","description":"Pocket Watch Gift Pilar Franco to the President of Argentina Juan Domingo Peron","robots":{"index":"index","follow":"follow","max-snippet":"max-snippet:-1","max-image-preview":"max-image-preview:large","max-video-preview":"max-video-preview:-1"},"canonical":"https:\/\/www.comprarmejor.es\/en\/product\/1915-pocket-watch-corgemont-watch-silver-of-peron\/","og_locale":"en_US","og_type":"article","og_title":"1915 Pocket Watch Corg\u00e9mont Watch silver of Peron","og_description":"Pocket Watch Gift Pilar Franco to the President of Argentina Juan Domingo Peron","og_url":"https:\/\/www.comprarmejor.es\/en\/product\/1915-pocket-watch-corgemont-watch-silver-of-peron\/","og_site_name":"ComprarMejor","article_modified_time":"2019-08-27T10:49:31+00:00","og_image":[{"width":451,"height":600,"url":"https:\/\/www.comprarmejor.es\/wp-content\/uploads\/2015\/08\/p_2_0_2_202-Reloj-de-bolsillo-de-1915-Corgemont-Watch-en-plata-de-Peron.jpg","type":"image\/jpeg"}],"twitter_card":"summary_large_image","twitter_misc":{"Est. reading time":"2 minutes"},"schema":{"@context":"https:\/\/schema.org","@graph":[{"@type":"WebPage","@id":"https:\/\/www.comprarmejor.es\/en\/product\/1915-pocket-watch-corgemont-watch-silver-of-peron\/","url":"https:\/\/www.comprarmejor.es\/en\/product\/1915-pocket-watch-corgemont-watch-silver-of-peron\/","name":"1915 Pocket Watch Corg\u00e9mont Watch silver of Peron","isPartOf":{"@id":"https:\/\/www.comprarmejor.es\/en\/#website"},"primaryImageOfPage":{"@id":"https:\/\/www.comprarmejor.es\/en\/product\/1915-pocket-watch-corgemont-watch-silver-of-peron\/#primaryimage"},"image":{"@id":"https:\/\/www.comprarmejor.es\/en\/product\/1915-pocket-watch-corgemont-watch-silver-of-peron\/#primaryimage"},"thumbnailUrl":"https:\/\/www.comprarmejor.es\/wp-content\/uploads\/2015\/08\/p_2_0_2_202-Reloj-de-bolsillo-de-1915-Corgemont-Watch-en-plata-de-Peron.jpg","datePublished":"2015-08-30T10:59:23+00:00","dateModified":"2019-08-27T10:49:31+00:00","description":"Pocket Watch Gift Pilar Franco to the President of Argentina Juan Domingo Peron","breadcrumb":{"@id":"https:\/\/www.comprarmejor.es\/en\/product\/1915-pocket-watch-corgemont-watch-silver-of-peron\/#breadcrumb"},"inLanguage":"en-US","potentialAction":[{"@type":"ReadAction","target":["https:\/\/www.comprarmejor.es\/en\/product\/1915-pocket-watch-corgemont-watch-silver-of-peron\/"]}]},{"@type":"ImageObject","inLanguage":"en-US","@id":"https:\/\/www.comprarmejor.es\/en\/product\/1915-pocket-watch-corgemont-watch-silver-of-peron\/#primaryimage","url":"https:\/\/www.comprarmejor.es\/wp-content\/uploads\/2015\/08\/p_2_0_2_202-Reloj-de-bolsillo-de-1915-Corgemont-Watch-en-plata-de-Peron.jpg","contentUrl":"https:\/\/www.comprarmejor.es\/wp-content\/uploads\/2015\/08\/p_2_0_2_202-Reloj-de-bolsillo-de-1915-Corgemont-Watch-en-plata-de-Peron.jpg","width":451,"height":600},{"@type":"BreadcrumbList","@id":"https:\/\/www.comprarmejor.es\/en\/product\/1915-pocket-watch-corgemont-watch-silver-of-peron\/#breadcrumb","itemListElement":[{"@type":"ListItem","position":1,"name":"Portada","item":"https:\/\/www.comprarmejor.es\/en\/"},{"@type":"ListItem","position":2,"name":"Shop","item":"https:\/\/www.comprarmejor.es\/en\/shop\/"},{"@type":"ListItem","position":3,"name":"1915 Pocket Watch Corg\u00e9mont Watch silver of Peron"}]},{"@type":"WebSite","@id":"https:\/\/www.comprarmejor.es\/en\/#website","url":"https:\/\/www.comprarmejor.es\/en\/","name":"ComprarMejor","description":"ComprarMejor","publisher":{"@id":"https:\/\/www.comprarmejor.es\/en\/#organization"},"potentialAction":[{"@type":"SearchAction","target":{"@type":"EntryPoint","urlTemplate":"https:\/\/www.comprarmejor.es\/en\/?s={search_term_string}"},"query-input":{"@type":"PropertyValueSpecification","valueRequired":true,"valueName":"search_term_string"}}],"inLanguage":"en-US"},{"@type":"Organization","@id":"https:\/\/www.comprarmejor.es\/en\/#organization","name":"COMPRAR MEJOR","url":"https:\/\/www.comprarmejor.es\/en\/","logo":{"@type":"ImageObject","inLanguage":"en-US","@id":"https:\/\/www.comprarmejor.es\/en\/#\/schema\/logo\/image\/","url":"https:\/\/www.comprarmejor.es\/wp-content\/uploads\/2025\/09\/comprarmejortrinidad.jpg","contentUrl":"https:\/\/www.comprarmejor.es\/wp-content\/uploads\/2025\/09\/comprarmejortrinidad.jpg","width":1022,"height":1380,"caption":"COMPRAR MEJOR"},"image":{"@id":"https:\/\/www.comprarmejor.es\/en\/#\/schema\/logo\/image\/"},"sameAs":["https:\/\/www.instagram.com\/amigosdelcodice"]}]}},"_links":{"self":[{"href":"https:\/\/www.comprarmejor.es\/en\/wp-json\/wp\/v2\/product\/46863","targetHints":{"allow":["GET"]}}],"collection":[{"href":"https:\/\/www.comprarmejor.es\/en\/wp-json\/wp\/v2\/product"}],"about":[{"href":"https:\/\/www.comprarmejor.es\/en\/wp-json\/wp\/v2\/types\/product"}],"wp:featuredmedia":[{"embeddable":true,"href":"https:\/\/www.comprarmejor.es\/en\/wp-json\/wp\/v2\/media\/46853"}],"wp:attachment":[{"href":"https:\/\/www.comprarmejor.es\/en\/wp-json\/wp\/v2\/media?parent=46863"}],"wp:term":[{"taxonomy":"product_brand","embeddable":true,"href":"https:\/\/www.comprarmejor.es\/en\/wp-json\/wp\/v2\/product_brand?post=46863"},{"taxonomy":"product_cat","embeddable":true,"href":"https:\/\/www.comprarmejor.es\/en\/wp-json\/wp\/v2\/product_cat?post=46863"},{"taxonomy":"product_tag","embeddable":true,"href":"https:\/\/www.comprarmejor.es\/en\/wp-json\/wp\/v2\/product_tag?post=46863"}],"curies":[{"name":"wp","href":"https:\/\/api.w.org\/{rel}","templated":true}]}}