{"id":46885,"date":"2015-08-31T19:13:08","date_gmt":"2015-08-31T17:13:08","guid":{"rendered":"https:\/\/www.comprarmejor.es\/producto\/beatus-of-liebana-codex-of-ferdinand-i-and-sancha-year-1047-versol\/"},"modified":"2025-06-26T13:26:24","modified_gmt":"2025-06-26T11:26:24","slug":"beatus-of-liebana-codex-of-ferdinand-i-and-sancha-year-1047-versol","status":"publish","type":"product","link":"https:\/\/www.comprarmejor.es\/en\/product\/beatus-of-liebana-codex-of-ferdinand-i-and-sancha-year-1047-versol\/","title":{"rendered":"Beatus of Liebana codex of Ferdinand I and Sancha, year 1047 (Versol)"},"content":{"rendered":"<p style=\"text-align: justify;\"><span id=\"result_box\" lang=\"en\" xml:lang=\"en\"><span title=\"Obra correspondiente a la edici\u00f3n del Club Bibli\u00f3filo Versol (para muchos, la mejor de las existentes).\"><span class=\"HwtZe\" lang=\"en\"><span class=\"jCAhz ChMk0b\"><span class=\"ryNqvb\">This work corresponds to the Versol Bibliophile Club edition, rebound by Medieval Codex.<\/span><\/span><\/span><\/span><\/span><\/p>\n<p style=\"text-align: justify;\"><span title=\"El Beato de Li\u00e9bana c\u00f3dice de Fernando I y do\u00f1a Sancha, tambi\u00e9n llamado Beato de Facundo por el nombre de su autor, se conserva en la Biblioteca Nacional de Espa\u00f1a con la signatura Beato de Li\u00e9bana, In Apocalipsin, C\u00f3dice de Fernando I y Do\u00f1a Sancha,\">The Beatus codex of Ferdinand I and Do\u00f1a Sancha, also called Facundo Blessed by the name of its author, it is preserved in the National Library of Spain with the Beatus of Liebana, In Apocalipsin, Codex Ferdinand I and Do\u00f1a Sancha signature, <\/span><span title=\"Ms. Vitr.\">Ms. Vitr. <\/span><span title=\"14-2.\">14-2.<\/span><\/p>\n<p style=\"text-align: justify;\"><span title=\"Este manuscrito se escribi\u00f3 hacia la mitad del siglo XI, seg\u00fan el texto del folio 316: Era bis quadragies et V post millesima;\">This manuscript was written around the middle of the eleventh century, according to the text of folio 316: Era V bis et quadragies post Millesima; <\/span><span title=\"es decir, en 1047. En el mismo folio encontramos el nombre del copista: Facundus scripsit, pero no el del miniaturista.\">ie in 1047. In the same folio we find the name of the copyist: Facundus scripsit, but not the miniaturist. <\/span><span title=\"Conocemos la fecha de la terminaci\u00f3n del texto, pero no de las ilustraciones, posiblemente finalizadas pocos a\u00f1os despu\u00e9s.\">We know the date of completion on the text, but not the illustrations, possibly completed a few years later. <\/span><span title=\"Tampoco aparece ning\u00fan abad o monasterio, aunque el estudio de la obra nos sugiere que pudo realizarse en uno altamente especializado, como el de Sahag\u00fan.\">Neither appears no abbot or monastery, but the study suggests that the work could take place in one highly specialized, such as Sahagun. <\/span><span title=\"Dada la importancia regia de la obra, puede ser que se dise\u00f1ara en uno bien equipado de medios y art\u00edfices, un \u201cscriptorium regio\u201d dentro del propio monasterio, o muy cercano: la posterior Bas\u00edlica de San Isidoro.\">Given the importance of the work regia, it might be designed in well equipped media and architects one a &#8220;royal scriptorium&#8221; within the monastery itself, or very nearby: the Basilica of San Isidoro later. <\/span><span title=\"As\u00ed nos lo parece por el estudio codicol\u00f3gico, ya que la paginaci\u00f3n y el pautado es constante y uniforme a lo largo de la obra y se aprecia claramente la participaci\u00f3n de un equipo especializado para su realizaci\u00f3n.\">So it seems by the codicological study as scheduled paging and is constant and uniform throughout the work and participation of specialized equipment for its realization is clearly visible.<\/span><\/p>\n<p style=\"text-align: justify;\"><span class=\"HwtZe\" lang=\"en\"><span class=\"jCAhz ChMk0b\"><span class=\"ryNqvb\">Superb facsimile edition by Versol Publishing House, 2006, limited, numbered, and notarized.<\/span><\/span> <span class=\"jCAhz ChMk0b\"><span class=\"ryNqvb\">Accompanied by a protective case and a study book in Spanish.<\/span><\/span><\/span><\/p>\n<p style=\"text-align: justify;\"><span title=\"Ejemplar nuevo, en perfecto estado.\"><span lang=\"en\" xml:lang=\"en\"><span class=\"hps\">Exemplary<\/span> <span class=\"hps\">new<\/span>, in perfect condition, <span class=\"HwtZe\" lang=\"en\"><span class=\"jCAhz ChMk0b\"><span class=\"ryNqvb\">unused.<\/span><\/span><\/span><br \/>\n<\/span><\/span><\/p>\n<p style=\"text-align: justify;\"><span title=\"Gastos de env\u00edo por cuenta del comprador, seg\u00fan pedido y destino.\">Shipping by the buyer, upon request and destination.\u00a0<\/span><span title=\"Cons\u00faltenos cualquier duda.\"><a class=\"btn btn-default\" href=\"https:\/\/www.comprarmejor.es\/en\/contact\/\">Ask us<\/a> any <span lang=\"en\" xml:lang=\"en\"><span class=\"hps\">questions<\/span> <span class=\"hps\">and<\/span> <span class=\"hps\">any other<\/span> <span class=\"hps\">Beato,<\/span> <span class=\"hps\">facsimile<\/span> <span class=\"hps\">or article<\/span> <span class=\"hps\">you are<\/span> <span class=\"hps\">looking for.<\/span><\/span><\/span><\/p>\n<p style=\"text-align: justify;\"><span lang=\"en\" xml:lang=\"en\"><span title=\"Cons\u00faltenos cualquier duda.\"><span lang=\"en\" xml:lang=\"en\"><span class=\"hps\"><span lang=\"en\" xml:lang=\"en\"><span class=\"hps\">This<\/span> <span class=\"hps\">Beato<\/span> <span class=\"hps\">there is<\/span> <span class=\"hps\">another more expensive<\/span> <span class=\"hps\">Moleiro<\/span> <span class=\"hps\">edition<\/span> <span class=\"hps\">by<\/span> <span class=\"hps\">the<\/span> <span class=\"hps\">publisher.<\/span> <span class=\"hps\">You can<\/span> <span class=\"hps\">see it<\/span> <span class=\"hps\">by <span style=\"color: #d0121a;\"><strong><a href=\"http:\/\/comprarmejor.es\/en\/beatus-of-liebana\/262-beatus-of-liebana-codex-of-ferdinand-i-and-sancha-1047-moleiro\" target=\"_blank\" rel=\"noopener noreferrer\"><span style=\"color: #d0121a;\">clicking here<\/span><\/a><\/strong><\/span>.<\/span><\/span><\/span><\/span><\/span><\/span><\/p>\n","protected":false},"excerpt":{"rendered":"<p style=\"text-align: justify;\"><span id=\"result_box\" lang=\"en\" xml:lang=\"en\"><span title=\"El Beato de Li\u00e9bana c\u00f3dice de Fernando I y do\u00f1a Sancha, tambi\u00e9n llamado Beato de Facundo por el nombre de su autor, se conserva en la Biblioteca Nacional de Espa\u00f1a con la signatura Beato de Li\u00e9bana, In Apocalipsin, C\u00f3dice de Fernando I y Do\u00f1a Sancha,\">The Beatus codex of Ferdinand I and Do\u00f1a Sancha, also called Facundo Blessed by the name of its author, it is preserved in the National Library of Spain with the Beatus of Liebana, In Apocalipsin, Codex Ferdinand I and Do\u00f1a Sancha signature, <\/span><span title=\"Ms. Vitr.\">Ms. Vitr. <\/span><span title=\"14-2.\">14-2.<\/span><\/span><\/p>\n","protected":false},"featured_media":46865,"template":"","meta":[],"product_brand":[],"product_cat":[2204,2220],"product_tag":[5135,4800,5058,5136,4799,4022],"class_list":{"0":"post-46885","1":"product","2":"type-product","3":"status-publish","4":"has-post-thumbnail","6":"product_cat-beatus-of-liebana","7":"product_cat-special-offers","8":"product_tag-beato-en","9":"product_tag-facundo-en-2","10":"product_tag-fernando-i-en-2","11":"product_tag-liebana-en","12":"product_tag-sancha-en","13":"product_tag-versol-en","14":"product_shipping_class-from-6-to-10-kg","15":"description-off","17":"first","18":"instock","19":"sale","20":"taxable","21":"shipping-taxable","22":"purchasable","23":"product-type-simple"},"yoast_head":"<!-- This site is optimized with the Yoast SEO plugin v27.3 - https:\/\/yoast.com\/product\/yoast-seo-wordpress\/ -->\n<title>Beatus of Liebana codex of Ferdinand I and Sancha, year 1047<\/title>\n<meta name=\"description\" content=\"The Beatus of Liebana codex of Ferdinand I and Sancha, also called Facundo Blessed by the name of its author, it is preserved in the National Library of Spa\" \/>\n<meta name=\"robots\" content=\"index, follow, max-snippet:-1, max-image-preview:large, max-video-preview:-1\" \/>\n<link rel=\"canonical\" href=\"https:\/\/www.comprarmejor.es\/en\/product\/beatus-of-liebana-codex-of-ferdinand-i-and-sancha-year-1047-versol\/\" \/>\n<meta property=\"og:locale\" content=\"en_US\" \/>\n<meta property=\"og:type\" content=\"article\" \/>\n<meta property=\"og:title\" content=\"Beatus of Liebana codex of Ferdinand I and Sancha, year 1047\" \/>\n<meta property=\"og:description\" content=\"The Beatus of Liebana codex of Ferdinand I and Sancha, also called Facundo Blessed by the name of its author, it is preserved in the National Library of Spa\" \/>\n<meta property=\"og:url\" content=\"https:\/\/www.comprarmejor.es\/en\/product\/beatus-of-liebana-codex-of-ferdinand-i-and-sancha-year-1047-versol\/\" \/>\n<meta property=\"og:site_name\" content=\"ComprarMejor\" \/>\n<meta property=\"article:modified_time\" content=\"2025-06-26T11:26:24+00:00\" \/>\n<meta property=\"og:image\" content=\"https:\/\/www.comprarmejor.es\/wp-content\/uploads\/2015\/08\/p_2_0_7_207-Beato-de-Liebana-codice-de-Fernando-I-y-Dona-Sancha-ano-1047-Versol.jpg\" \/>\n\t<meta property=\"og:image:width\" content=\"600\" \/>\n\t<meta property=\"og:image:height\" content=\"450\" \/>\n\t<meta property=\"og:image:type\" content=\"image\/jpeg\" \/>\n<meta name=\"twitter:card\" content=\"summary_large_image\" \/>\n<meta name=\"twitter:label1\" content=\"Est. reading time\" \/>\n\t<meta name=\"twitter:data1\" content=\"2 minutes\" \/>\n<script type=\"application\/ld+json\" class=\"yoast-schema-graph\">{\"@context\":\"https:\\\/\\\/schema.org\",\"@graph\":[{\"@type\":\"WebPage\",\"@id\":\"https:\\\/\\\/www.comprarmejor.es\\\/en\\\/product\\\/beatus-of-liebana-codex-of-ferdinand-i-and-sancha-year-1047-versol\\\/\",\"url\":\"https:\\\/\\\/www.comprarmejor.es\\\/en\\\/product\\\/beatus-of-liebana-codex-of-ferdinand-i-and-sancha-year-1047-versol\\\/\",\"name\":\"Beatus of Liebana codex of Ferdinand I and Sancha, year 1047\",\"isPartOf\":{\"@id\":\"https:\\\/\\\/www.comprarmejor.es\\\/en\\\/#website\"},\"primaryImageOfPage\":{\"@id\":\"https:\\\/\\\/www.comprarmejor.es\\\/en\\\/product\\\/beatus-of-liebana-codex-of-ferdinand-i-and-sancha-year-1047-versol\\\/#primaryimage\"},\"image\":{\"@id\":\"https:\\\/\\\/www.comprarmejor.es\\\/en\\\/product\\\/beatus-of-liebana-codex-of-ferdinand-i-and-sancha-year-1047-versol\\\/#primaryimage\"},\"thumbnailUrl\":\"https:\\\/\\\/www.comprarmejor.es\\\/wp-content\\\/uploads\\\/2015\\\/08\\\/p_2_0_7_207-Beato-de-Liebana-codice-de-Fernando-I-y-Dona-Sancha-ano-1047-Versol.jpg\",\"datePublished\":\"2015-08-31T17:13:08+00:00\",\"dateModified\":\"2025-06-26T11:26:24+00:00\",\"description\":\"The Beatus of Liebana codex of Ferdinand I and Sancha, also called Facundo Blessed by the name of its author, it is preserved in the National Library of Spa\",\"breadcrumb\":{\"@id\":\"https:\\\/\\\/www.comprarmejor.es\\\/en\\\/product\\\/beatus-of-liebana-codex-of-ferdinand-i-and-sancha-year-1047-versol\\\/#breadcrumb\"},\"inLanguage\":\"en-US\",\"potentialAction\":[{\"@type\":\"ReadAction\",\"target\":[\"https:\\\/\\\/www.comprarmejor.es\\\/en\\\/product\\\/beatus-of-liebana-codex-of-ferdinand-i-and-sancha-year-1047-versol\\\/\"]}]},{\"@type\":\"ImageObject\",\"inLanguage\":\"en-US\",\"@id\":\"https:\\\/\\\/www.comprarmejor.es\\\/en\\\/product\\\/beatus-of-liebana-codex-of-ferdinand-i-and-sancha-year-1047-versol\\\/#primaryimage\",\"url\":\"https:\\\/\\\/www.comprarmejor.es\\\/wp-content\\\/uploads\\\/2015\\\/08\\\/p_2_0_7_207-Beato-de-Liebana-codice-de-Fernando-I-y-Dona-Sancha-ano-1047-Versol.jpg\",\"contentUrl\":\"https:\\\/\\\/www.comprarmejor.es\\\/wp-content\\\/uploads\\\/2015\\\/08\\\/p_2_0_7_207-Beato-de-Liebana-codice-de-Fernando-I-y-Dona-Sancha-ano-1047-Versol.jpg\",\"width\":600,\"height\":450},{\"@type\":\"BreadcrumbList\",\"@id\":\"https:\\\/\\\/www.comprarmejor.es\\\/en\\\/product\\\/beatus-of-liebana-codex-of-ferdinand-i-and-sancha-year-1047-versol\\\/#breadcrumb\",\"itemListElement\":[{\"@type\":\"ListItem\",\"position\":1,\"name\":\"Portada\",\"item\":\"https:\\\/\\\/www.comprarmejor.es\\\/en\\\/\"},{\"@type\":\"ListItem\",\"position\":2,\"name\":\"Shop\",\"item\":\"https:\\\/\\\/www.comprarmejor.es\\\/en\\\/shop\\\/\"},{\"@type\":\"ListItem\",\"position\":3,\"name\":\"Beatus of Liebana codex of Ferdinand I and Sancha, year 1047 (Versol)\"}]},{\"@type\":\"WebSite\",\"@id\":\"https:\\\/\\\/www.comprarmejor.es\\\/en\\\/#website\",\"url\":\"https:\\\/\\\/www.comprarmejor.es\\\/en\\\/\",\"name\":\"ComprarMejor\",\"description\":\"ComprarMejor\",\"publisher\":{\"@id\":\"https:\\\/\\\/www.comprarmejor.es\\\/en\\\/#organization\"},\"potentialAction\":[{\"@type\":\"SearchAction\",\"target\":{\"@type\":\"EntryPoint\",\"urlTemplate\":\"https:\\\/\\\/www.comprarmejor.es\\\/en\\\/?s={search_term_string}\"},\"query-input\":{\"@type\":\"PropertyValueSpecification\",\"valueRequired\":true,\"valueName\":\"search_term_string\"}}],\"inLanguage\":\"en-US\"},{\"@type\":\"Organization\",\"@id\":\"https:\\\/\\\/www.comprarmejor.es\\\/en\\\/#organization\",\"name\":\"COMPRAR MEJOR\",\"url\":\"https:\\\/\\\/www.comprarmejor.es\\\/en\\\/\",\"logo\":{\"@type\":\"ImageObject\",\"inLanguage\":\"en-US\",\"@id\":\"https:\\\/\\\/www.comprarmejor.es\\\/en\\\/#\\\/schema\\\/logo\\\/image\\\/\",\"url\":\"https:\\\/\\\/www.comprarmejor.es\\\/wp-content\\\/uploads\\\/2025\\\/09\\\/comprarmejortrinidad.jpg\",\"contentUrl\":\"https:\\\/\\\/www.comprarmejor.es\\\/wp-content\\\/uploads\\\/2025\\\/09\\\/comprarmejortrinidad.jpg\",\"width\":1022,\"height\":1380,\"caption\":\"COMPRAR MEJOR\"},\"image\":{\"@id\":\"https:\\\/\\\/www.comprarmejor.es\\\/en\\\/#\\\/schema\\\/logo\\\/image\\\/\"},\"sameAs\":[\"https:\\\/\\\/www.instagram.com\\\/amigosdelcodice\"]}]}<\/script>\n<!-- \/ Yoast SEO plugin. -->","yoast_head_json":{"title":"Beatus of Liebana codex of Ferdinand I and Sancha, year 1047","description":"The Beatus of Liebana codex of Ferdinand I and Sancha, also called Facundo Blessed by the name of its author, it is preserved in the National Library of Spa","robots":{"index":"index","follow":"follow","max-snippet":"max-snippet:-1","max-image-preview":"max-image-preview:large","max-video-preview":"max-video-preview:-1"},"canonical":"https:\/\/www.comprarmejor.es\/en\/product\/beatus-of-liebana-codex-of-ferdinand-i-and-sancha-year-1047-versol\/","og_locale":"en_US","og_type":"article","og_title":"Beatus of Liebana codex of Ferdinand I and Sancha, year 1047","og_description":"The Beatus of Liebana codex of Ferdinand I and Sancha, also called Facundo Blessed by the name of its author, it is preserved in the National Library of Spa","og_url":"https:\/\/www.comprarmejor.es\/en\/product\/beatus-of-liebana-codex-of-ferdinand-i-and-sancha-year-1047-versol\/","og_site_name":"ComprarMejor","article_modified_time":"2025-06-26T11:26:24+00:00","og_image":[{"width":600,"height":450,"url":"https:\/\/www.comprarmejor.es\/wp-content\/uploads\/2015\/08\/p_2_0_7_207-Beato-de-Liebana-codice-de-Fernando-I-y-Dona-Sancha-ano-1047-Versol.jpg","type":"image\/jpeg"}],"twitter_card":"summary_large_image","twitter_misc":{"Est. reading time":"2 minutes"},"schema":{"@context":"https:\/\/schema.org","@graph":[{"@type":"WebPage","@id":"https:\/\/www.comprarmejor.es\/en\/product\/beatus-of-liebana-codex-of-ferdinand-i-and-sancha-year-1047-versol\/","url":"https:\/\/www.comprarmejor.es\/en\/product\/beatus-of-liebana-codex-of-ferdinand-i-and-sancha-year-1047-versol\/","name":"Beatus of Liebana codex of Ferdinand I and Sancha, year 1047","isPartOf":{"@id":"https:\/\/www.comprarmejor.es\/en\/#website"},"primaryImageOfPage":{"@id":"https:\/\/www.comprarmejor.es\/en\/product\/beatus-of-liebana-codex-of-ferdinand-i-and-sancha-year-1047-versol\/#primaryimage"},"image":{"@id":"https:\/\/www.comprarmejor.es\/en\/product\/beatus-of-liebana-codex-of-ferdinand-i-and-sancha-year-1047-versol\/#primaryimage"},"thumbnailUrl":"https:\/\/www.comprarmejor.es\/wp-content\/uploads\/2015\/08\/p_2_0_7_207-Beato-de-Liebana-codice-de-Fernando-I-y-Dona-Sancha-ano-1047-Versol.jpg","datePublished":"2015-08-31T17:13:08+00:00","dateModified":"2025-06-26T11:26:24+00:00","description":"The Beatus of Liebana codex of Ferdinand I and Sancha, also called Facundo Blessed by the name of its author, it is preserved in the National Library of Spa","breadcrumb":{"@id":"https:\/\/www.comprarmejor.es\/en\/product\/beatus-of-liebana-codex-of-ferdinand-i-and-sancha-year-1047-versol\/#breadcrumb"},"inLanguage":"en-US","potentialAction":[{"@type":"ReadAction","target":["https:\/\/www.comprarmejor.es\/en\/product\/beatus-of-liebana-codex-of-ferdinand-i-and-sancha-year-1047-versol\/"]}]},{"@type":"ImageObject","inLanguage":"en-US","@id":"https:\/\/www.comprarmejor.es\/en\/product\/beatus-of-liebana-codex-of-ferdinand-i-and-sancha-year-1047-versol\/#primaryimage","url":"https:\/\/www.comprarmejor.es\/wp-content\/uploads\/2015\/08\/p_2_0_7_207-Beato-de-Liebana-codice-de-Fernando-I-y-Dona-Sancha-ano-1047-Versol.jpg","contentUrl":"https:\/\/www.comprarmejor.es\/wp-content\/uploads\/2015\/08\/p_2_0_7_207-Beato-de-Liebana-codice-de-Fernando-I-y-Dona-Sancha-ano-1047-Versol.jpg","width":600,"height":450},{"@type":"BreadcrumbList","@id":"https:\/\/www.comprarmejor.es\/en\/product\/beatus-of-liebana-codex-of-ferdinand-i-and-sancha-year-1047-versol\/#breadcrumb","itemListElement":[{"@type":"ListItem","position":1,"name":"Portada","item":"https:\/\/www.comprarmejor.es\/en\/"},{"@type":"ListItem","position":2,"name":"Shop","item":"https:\/\/www.comprarmejor.es\/en\/shop\/"},{"@type":"ListItem","position":3,"name":"Beatus of Liebana codex of Ferdinand I and Sancha, year 1047 (Versol)"}]},{"@type":"WebSite","@id":"https:\/\/www.comprarmejor.es\/en\/#website","url":"https:\/\/www.comprarmejor.es\/en\/","name":"ComprarMejor","description":"ComprarMejor","publisher":{"@id":"https:\/\/www.comprarmejor.es\/en\/#organization"},"potentialAction":[{"@type":"SearchAction","target":{"@type":"EntryPoint","urlTemplate":"https:\/\/www.comprarmejor.es\/en\/?s={search_term_string}"},"query-input":{"@type":"PropertyValueSpecification","valueRequired":true,"valueName":"search_term_string"}}],"inLanguage":"en-US"},{"@type":"Organization","@id":"https:\/\/www.comprarmejor.es\/en\/#organization","name":"COMPRAR MEJOR","url":"https:\/\/www.comprarmejor.es\/en\/","logo":{"@type":"ImageObject","inLanguage":"en-US","@id":"https:\/\/www.comprarmejor.es\/en\/#\/schema\/logo\/image\/","url":"https:\/\/www.comprarmejor.es\/wp-content\/uploads\/2025\/09\/comprarmejortrinidad.jpg","contentUrl":"https:\/\/www.comprarmejor.es\/wp-content\/uploads\/2025\/09\/comprarmejortrinidad.jpg","width":1022,"height":1380,"caption":"COMPRAR MEJOR"},"image":{"@id":"https:\/\/www.comprarmejor.es\/en\/#\/schema\/logo\/image\/"},"sameAs":["https:\/\/www.instagram.com\/amigosdelcodice"]}]}},"_links":{"self":[{"href":"https:\/\/www.comprarmejor.es\/en\/wp-json\/wp\/v2\/product\/46885","targetHints":{"allow":["GET"]}}],"collection":[{"href":"https:\/\/www.comprarmejor.es\/en\/wp-json\/wp\/v2\/product"}],"about":[{"href":"https:\/\/www.comprarmejor.es\/en\/wp-json\/wp\/v2\/types\/product"}],"wp:featuredmedia":[{"embeddable":true,"href":"https:\/\/www.comprarmejor.es\/en\/wp-json\/wp\/v2\/media\/46865"}],"wp:attachment":[{"href":"https:\/\/www.comprarmejor.es\/en\/wp-json\/wp\/v2\/media?parent=46885"}],"wp:term":[{"taxonomy":"product_brand","embeddable":true,"href":"https:\/\/www.comprarmejor.es\/en\/wp-json\/wp\/v2\/product_brand?post=46885"},{"taxonomy":"product_cat","embeddable":true,"href":"https:\/\/www.comprarmejor.es\/en\/wp-json\/wp\/v2\/product_cat?post=46885"},{"taxonomy":"product_tag","embeddable":true,"href":"https:\/\/www.comprarmejor.es\/en\/wp-json\/wp\/v2\/product_tag?post=46885"}],"curies":[{"name":"wp","href":"https:\/\/api.w.org\/{rel}","templated":true}]}}