{"id":46895,"date":"2015-08-31T23:13:03","date_gmt":"2015-08-31T21:13:03","guid":{"rendered":"https:\/\/www.comprarmejor.es\/producto\/1975-correos-spain-codices-seals-complete-set-8-stamps\/"},"modified":"2020-07-06T18:25:33","modified_gmt":"2020-07-06T16:25:33","slug":"1975-correos-spain-codices-seals-complete-set-8-stamps","status":"publish","type":"product","link":"https:\/\/www.comprarmejor.es\/en\/product\/1975-correos-spain-codices-seals-complete-set-8-stamps\/","title":{"rendered":"1975 Correos Spain: codices seals complete set (8 stamps)"},"content":{"rendered":"<p style=\"text-align: justify;\"><span id=\"result_box\" lang=\"en\" xml:lang=\"en\"><span title=\"Bello conjunto compuesto por 8 sellos de Correos de Espa\u00f1a de 1975, Serie completa C\u00d3DICES (Beatos de Li\u00e9bana) &quot;Conmemoraci\u00f3n del D\u00eda del sello&quot;.\">Beautiful set consists of eight postage stamps of Spain 1975 Complete Series CODICES (Blessed of Li\u00e9bana) &#8220;Remembrance Day stamp&#8221;. <\/span><span title=\"Valor facial de cada uno de ellos: 1, 2, 3, 4, 6, 7, 10 y 12 pesetas.\">Face value of each: 1, 2, 3, 4, 6, 7, 10 and 12 pesetas.<\/span><\/span><\/p>\n<p><span title=\"Sellos completamente nuevos, sin usar.\">Completely new stamps unused. <\/span><span title=\"Se acompa\u00f1an en una hoja de coleccionista filat\u00e9lico para su mejor conservaci\u00f3n.\">They are accompanied on a piece of philatelic collector for better conservation.<\/span><\/p>\n<p><span title=\"Fecha de emisi\u00f3n: 29-9-1975\">Issue date: 09\/29\/1975<br \/>\n<\/span><span title=\"Impresi\u00f3n: huecograbado, marco dorado.\">Printing: rotogravure, gilded frame.<br \/>\n<\/span><span title=\"Tama\u00f1os de cada sello: 40,9 x 28,8 mm.\">Sizes of each stamp: 40.9 x 28.8 mm. <\/span><span title=\"y 28,8 x 40,9 mm.\">and 28.8 x 40.9 mm.<br \/>\n<\/span><span title=\"Dentado: 13 1\/4\">Teeth: 13 1\/4<\/span><\/p>\n<p><span title=\"Motivos de los sellos:\">Subjects of the stamps:<br \/>\n<\/span><span title=\"1 pta.\">1 Pta. <\/span><span title=\"Beato c\u00f3dice Seo de Urgel\">Blessed codex Seo de Urgel<br \/>\n<\/span><span title=\"2 pta.\">2 pta. <\/span><span title=\"Beato c\u00f3dice Burgo de Osma\">Burgo de Osma Codex Beato<br \/>\n<\/span><span title=\"3 pta.\">3 pta. <\/span><span title=\"Beato c\u00f3dice de Gerona\">Beatus Gerona codex<br \/>\n<\/span><span title=\"4 pta.\">4 pta. <\/span><span title=\"Beato c\u00f3dice Biblioteca Nacional\">Codex Beato National Library<br \/>\n<\/span><span title=\"6 pta.\">6 pta. <\/span><span title=\"Beato c\u00f3dice Biblioteca Nacional\">Codex Beato National Library<br \/>\n<\/span><span title=\"7 pta.\">7 pta. <\/span><span title=\"Beato c\u00f3dice Real Academia de la Historia\">Blessed codex Real Academia de la Historia<br \/>\n<\/span><span title=\"10 pta.\">10 pta. <\/span><span title=\"Beato c\u00f3dice Burgo de Osma\">Burgo de Osma Codex Beato<br \/>\n<\/span><span title=\"12 pta.\">12 pta. <\/span><span title=\"Beato c\u00f3dice de Gerona\">Beatus Gerona codex<\/span><\/p>\n<p><span title=\"Gastos de env\u00edo por cuenta del comprador, seg\u00fan forma y destino.\">Shipping by the buyer, by form and destination. <\/span><span title=\"Cons\u00faltenos cualquier duda.\"><a class=\"btn btn-default\" href=\"https:\/\/www.comprarmejor.es\/en\/contact\">Ask us<\/a> any questions.<\/span><\/p>\n","protected":false},"excerpt":{"rendered":"<p style=\"text-align: justify;\"><span id=\"result_box\" lang=\"en\" xml:lang=\"en\"><span title=\"Bello conjunto compuesto por 8 sellos de Correos de Espa\u00f1a de 1975, Serie completa C\u00d3DICES (Beatos de Li\u00e9bana) &quot;Conmemoraci\u00f3n del D\u00eda del sello&quot;.\">Beautiful set consists of eight postage stamps of Spain 1975 Complete Series CODICES (Blessed of Li\u00e9bana) &#8220;Remembrance Day stamp&#8221;. <\/span><span title=\"Valor facial de cada uno de ellos: 1, 2, 3, 4, 6, 7, 10 y 12 pesetas.\">Face value of each: 1, 2, 3, 4, 6, 7, 10 and 12 pesetas.<\/span><\/span><\/p>\n","protected":false},"featured_media":46887,"template":"","meta":[],"product_brand":[],"product_cat":[2236],"product_tag":[],"class_list":{"0":"post-46895","1":"product","2":"type-product","3":"status-publish","4":"has-post-thumbnail","6":"product_cat-philately","7":"product_shipping_class-from-0-to-1-kg","8":"description-off","10":"first","11":"instock","12":"taxable","13":"shipping-taxable","14":"purchasable","15":"product-type-simple"},"yoast_head":"<!-- This site is optimized with the Yoast SEO plugin v27.3 - https:\/\/yoast.com\/product\/yoast-seo-wordpress\/ -->\n<title>1975 Correos Spain: codices seals complete set (8 stamps)<\/title>\n<meta name=\"description\" content=\"Beautiful set consists of eight postage stamps of Spain 1975 Complete Series CODICES (Blessed of Li\u00e9bana) &quot;Remembrance Day stamp&quot;.\" \/>\n<meta name=\"robots\" content=\"index, follow, max-snippet:-1, max-image-preview:large, max-video-preview:-1\" \/>\n<link rel=\"canonical\" href=\"https:\/\/www.comprarmejor.es\/en\/product\/1975-correos-spain-codices-seals-complete-set-8-stamps\/\" \/>\n<meta property=\"og:locale\" content=\"en_US\" \/>\n<meta property=\"og:type\" content=\"article\" \/>\n<meta property=\"og:title\" content=\"1975 Correos Spain: codices seals complete set (8 stamps)\" \/>\n<meta property=\"og:description\" content=\"Beautiful set consists of eight postage stamps of Spain 1975 Complete Series CODICES (Blessed of Li\u00e9bana) &quot;Remembrance Day stamp&quot;.\" \/>\n<meta property=\"og:url\" content=\"https:\/\/www.comprarmejor.es\/en\/product\/1975-correos-spain-codices-seals-complete-set-8-stamps\/\" \/>\n<meta property=\"og:site_name\" content=\"ComprarMejor\" \/>\n<meta property=\"article:modified_time\" content=\"2020-07-06T16:25:33+00:00\" \/>\n<meta property=\"og:image\" content=\"https:\/\/www.comprarmejor.es\/wp-content\/uploads\/2015\/08\/p_2_1_7_217-Correos-Espana-sellos-serie-completa-Codices-8-sellos-1975.jpg\" \/>\n\t<meta property=\"og:image:width\" content=\"600\" \/>\n\t<meta property=\"og:image:height\" content=\"600\" \/>\n\t<meta property=\"og:image:type\" content=\"image\/jpeg\" \/>\n<meta name=\"twitter:card\" content=\"summary_large_image\" \/>\n<meta name=\"twitter:label1\" content=\"Est. reading time\" \/>\n\t<meta name=\"twitter:data1\" content=\"1 minute\" \/>\n<script type=\"application\/ld+json\" class=\"yoast-schema-graph\">{\"@context\":\"https:\\\/\\\/schema.org\",\"@graph\":[{\"@type\":\"WebPage\",\"@id\":\"https:\\\/\\\/www.comprarmejor.es\\\/en\\\/product\\\/1975-correos-spain-codices-seals-complete-set-8-stamps\\\/\",\"url\":\"https:\\\/\\\/www.comprarmejor.es\\\/en\\\/product\\\/1975-correos-spain-codices-seals-complete-set-8-stamps\\\/\",\"name\":\"1975 Correos Spain: codices seals complete set (8 stamps)\",\"isPartOf\":{\"@id\":\"https:\\\/\\\/www.comprarmejor.es\\\/en\\\/#website\"},\"primaryImageOfPage\":{\"@id\":\"https:\\\/\\\/www.comprarmejor.es\\\/en\\\/product\\\/1975-correos-spain-codices-seals-complete-set-8-stamps\\\/#primaryimage\"},\"image\":{\"@id\":\"https:\\\/\\\/www.comprarmejor.es\\\/en\\\/product\\\/1975-correos-spain-codices-seals-complete-set-8-stamps\\\/#primaryimage\"},\"thumbnailUrl\":\"https:\\\/\\\/www.comprarmejor.es\\\/wp-content\\\/uploads\\\/2015\\\/08\\\/p_2_1_7_217-Correos-Espana-sellos-serie-completa-Codices-8-sellos-1975.jpg\",\"datePublished\":\"2015-08-31T21:13:03+00:00\",\"dateModified\":\"2020-07-06T16:25:33+00:00\",\"description\":\"Beautiful set consists of eight postage stamps of Spain 1975 Complete Series CODICES (Blessed of Li\u00e9bana) \\\"Remembrance Day stamp\\\".\",\"breadcrumb\":{\"@id\":\"https:\\\/\\\/www.comprarmejor.es\\\/en\\\/product\\\/1975-correos-spain-codices-seals-complete-set-8-stamps\\\/#breadcrumb\"},\"inLanguage\":\"en-US\",\"potentialAction\":[{\"@type\":\"ReadAction\",\"target\":[\"https:\\\/\\\/www.comprarmejor.es\\\/en\\\/product\\\/1975-correos-spain-codices-seals-complete-set-8-stamps\\\/\"]}]},{\"@type\":\"ImageObject\",\"inLanguage\":\"en-US\",\"@id\":\"https:\\\/\\\/www.comprarmejor.es\\\/en\\\/product\\\/1975-correos-spain-codices-seals-complete-set-8-stamps\\\/#primaryimage\",\"url\":\"https:\\\/\\\/www.comprarmejor.es\\\/wp-content\\\/uploads\\\/2015\\\/08\\\/p_2_1_7_217-Correos-Espana-sellos-serie-completa-Codices-8-sellos-1975.jpg\",\"contentUrl\":\"https:\\\/\\\/www.comprarmejor.es\\\/wp-content\\\/uploads\\\/2015\\\/08\\\/p_2_1_7_217-Correos-Espana-sellos-serie-completa-Codices-8-sellos-1975.jpg\",\"width\":600,\"height\":600},{\"@type\":\"BreadcrumbList\",\"@id\":\"https:\\\/\\\/www.comprarmejor.es\\\/en\\\/product\\\/1975-correos-spain-codices-seals-complete-set-8-stamps\\\/#breadcrumb\",\"itemListElement\":[{\"@type\":\"ListItem\",\"position\":1,\"name\":\"Portada\",\"item\":\"https:\\\/\\\/www.comprarmejor.es\\\/en\\\/\"},{\"@type\":\"ListItem\",\"position\":2,\"name\":\"Shop\",\"item\":\"https:\\\/\\\/www.comprarmejor.es\\\/en\\\/shop\\\/\"},{\"@type\":\"ListItem\",\"position\":3,\"name\":\"1975 Correos Spain: codices seals complete set (8 stamps)\"}]},{\"@type\":\"WebSite\",\"@id\":\"https:\\\/\\\/www.comprarmejor.es\\\/en\\\/#website\",\"url\":\"https:\\\/\\\/www.comprarmejor.es\\\/en\\\/\",\"name\":\"ComprarMejor\",\"description\":\"ComprarMejor\",\"publisher\":{\"@id\":\"https:\\\/\\\/www.comprarmejor.es\\\/en\\\/#organization\"},\"potentialAction\":[{\"@type\":\"SearchAction\",\"target\":{\"@type\":\"EntryPoint\",\"urlTemplate\":\"https:\\\/\\\/www.comprarmejor.es\\\/en\\\/?s={search_term_string}\"},\"query-input\":{\"@type\":\"PropertyValueSpecification\",\"valueRequired\":true,\"valueName\":\"search_term_string\"}}],\"inLanguage\":\"en-US\"},{\"@type\":\"Organization\",\"@id\":\"https:\\\/\\\/www.comprarmejor.es\\\/en\\\/#organization\",\"name\":\"COMPRAR MEJOR\",\"url\":\"https:\\\/\\\/www.comprarmejor.es\\\/en\\\/\",\"logo\":{\"@type\":\"ImageObject\",\"inLanguage\":\"en-US\",\"@id\":\"https:\\\/\\\/www.comprarmejor.es\\\/en\\\/#\\\/schema\\\/logo\\\/image\\\/\",\"url\":\"https:\\\/\\\/www.comprarmejor.es\\\/wp-content\\\/uploads\\\/2025\\\/09\\\/comprarmejortrinidad.jpg\",\"contentUrl\":\"https:\\\/\\\/www.comprarmejor.es\\\/wp-content\\\/uploads\\\/2025\\\/09\\\/comprarmejortrinidad.jpg\",\"width\":1022,\"height\":1380,\"caption\":\"COMPRAR MEJOR\"},\"image\":{\"@id\":\"https:\\\/\\\/www.comprarmejor.es\\\/en\\\/#\\\/schema\\\/logo\\\/image\\\/\"},\"sameAs\":[\"https:\\\/\\\/www.instagram.com\\\/amigosdelcodice\"]}]}<\/script>\n<!-- \/ Yoast SEO plugin. -->","yoast_head_json":{"title":"1975 Correos Spain: codices seals complete set (8 stamps)","description":"Beautiful set consists of eight postage stamps of Spain 1975 Complete Series CODICES (Blessed of Li\u00e9bana) \"Remembrance Day stamp\".","robots":{"index":"index","follow":"follow","max-snippet":"max-snippet:-1","max-image-preview":"max-image-preview:large","max-video-preview":"max-video-preview:-1"},"canonical":"https:\/\/www.comprarmejor.es\/en\/product\/1975-correos-spain-codices-seals-complete-set-8-stamps\/","og_locale":"en_US","og_type":"article","og_title":"1975 Correos Spain: codices seals complete set (8 stamps)","og_description":"Beautiful set consists of eight postage stamps of Spain 1975 Complete Series CODICES (Blessed of Li\u00e9bana) \"Remembrance Day stamp\".","og_url":"https:\/\/www.comprarmejor.es\/en\/product\/1975-correos-spain-codices-seals-complete-set-8-stamps\/","og_site_name":"ComprarMejor","article_modified_time":"2020-07-06T16:25:33+00:00","og_image":[{"width":600,"height":600,"url":"https:\/\/www.comprarmejor.es\/wp-content\/uploads\/2015\/08\/p_2_1_7_217-Correos-Espana-sellos-serie-completa-Codices-8-sellos-1975.jpg","type":"image\/jpeg"}],"twitter_card":"summary_large_image","twitter_misc":{"Est. reading time":"1 minute"},"schema":{"@context":"https:\/\/schema.org","@graph":[{"@type":"WebPage","@id":"https:\/\/www.comprarmejor.es\/en\/product\/1975-correos-spain-codices-seals-complete-set-8-stamps\/","url":"https:\/\/www.comprarmejor.es\/en\/product\/1975-correos-spain-codices-seals-complete-set-8-stamps\/","name":"1975 Correos Spain: codices seals complete set (8 stamps)","isPartOf":{"@id":"https:\/\/www.comprarmejor.es\/en\/#website"},"primaryImageOfPage":{"@id":"https:\/\/www.comprarmejor.es\/en\/product\/1975-correos-spain-codices-seals-complete-set-8-stamps\/#primaryimage"},"image":{"@id":"https:\/\/www.comprarmejor.es\/en\/product\/1975-correos-spain-codices-seals-complete-set-8-stamps\/#primaryimage"},"thumbnailUrl":"https:\/\/www.comprarmejor.es\/wp-content\/uploads\/2015\/08\/p_2_1_7_217-Correos-Espana-sellos-serie-completa-Codices-8-sellos-1975.jpg","datePublished":"2015-08-31T21:13:03+00:00","dateModified":"2020-07-06T16:25:33+00:00","description":"Beautiful set consists of eight postage stamps of Spain 1975 Complete Series CODICES (Blessed of Li\u00e9bana) \"Remembrance Day stamp\".","breadcrumb":{"@id":"https:\/\/www.comprarmejor.es\/en\/product\/1975-correos-spain-codices-seals-complete-set-8-stamps\/#breadcrumb"},"inLanguage":"en-US","potentialAction":[{"@type":"ReadAction","target":["https:\/\/www.comprarmejor.es\/en\/product\/1975-correos-spain-codices-seals-complete-set-8-stamps\/"]}]},{"@type":"ImageObject","inLanguage":"en-US","@id":"https:\/\/www.comprarmejor.es\/en\/product\/1975-correos-spain-codices-seals-complete-set-8-stamps\/#primaryimage","url":"https:\/\/www.comprarmejor.es\/wp-content\/uploads\/2015\/08\/p_2_1_7_217-Correos-Espana-sellos-serie-completa-Codices-8-sellos-1975.jpg","contentUrl":"https:\/\/www.comprarmejor.es\/wp-content\/uploads\/2015\/08\/p_2_1_7_217-Correos-Espana-sellos-serie-completa-Codices-8-sellos-1975.jpg","width":600,"height":600},{"@type":"BreadcrumbList","@id":"https:\/\/www.comprarmejor.es\/en\/product\/1975-correos-spain-codices-seals-complete-set-8-stamps\/#breadcrumb","itemListElement":[{"@type":"ListItem","position":1,"name":"Portada","item":"https:\/\/www.comprarmejor.es\/en\/"},{"@type":"ListItem","position":2,"name":"Shop","item":"https:\/\/www.comprarmejor.es\/en\/shop\/"},{"@type":"ListItem","position":3,"name":"1975 Correos Spain: codices seals complete set (8 stamps)"}]},{"@type":"WebSite","@id":"https:\/\/www.comprarmejor.es\/en\/#website","url":"https:\/\/www.comprarmejor.es\/en\/","name":"ComprarMejor","description":"ComprarMejor","publisher":{"@id":"https:\/\/www.comprarmejor.es\/en\/#organization"},"potentialAction":[{"@type":"SearchAction","target":{"@type":"EntryPoint","urlTemplate":"https:\/\/www.comprarmejor.es\/en\/?s={search_term_string}"},"query-input":{"@type":"PropertyValueSpecification","valueRequired":true,"valueName":"search_term_string"}}],"inLanguage":"en-US"},{"@type":"Organization","@id":"https:\/\/www.comprarmejor.es\/en\/#organization","name":"COMPRAR MEJOR","url":"https:\/\/www.comprarmejor.es\/en\/","logo":{"@type":"ImageObject","inLanguage":"en-US","@id":"https:\/\/www.comprarmejor.es\/en\/#\/schema\/logo\/image\/","url":"https:\/\/www.comprarmejor.es\/wp-content\/uploads\/2025\/09\/comprarmejortrinidad.jpg","contentUrl":"https:\/\/www.comprarmejor.es\/wp-content\/uploads\/2025\/09\/comprarmejortrinidad.jpg","width":1022,"height":1380,"caption":"COMPRAR MEJOR"},"image":{"@id":"https:\/\/www.comprarmejor.es\/en\/#\/schema\/logo\/image\/"},"sameAs":["https:\/\/www.instagram.com\/amigosdelcodice"]}]}},"_links":{"self":[{"href":"https:\/\/www.comprarmejor.es\/en\/wp-json\/wp\/v2\/product\/46895","targetHints":{"allow":["GET"]}}],"collection":[{"href":"https:\/\/www.comprarmejor.es\/en\/wp-json\/wp\/v2\/product"}],"about":[{"href":"https:\/\/www.comprarmejor.es\/en\/wp-json\/wp\/v2\/types\/product"}],"wp:featuredmedia":[{"embeddable":true,"href":"https:\/\/www.comprarmejor.es\/en\/wp-json\/wp\/v2\/media\/46887"}],"wp:attachment":[{"href":"https:\/\/www.comprarmejor.es\/en\/wp-json\/wp\/v2\/media?parent=46895"}],"wp:term":[{"taxonomy":"product_brand","embeddable":true,"href":"https:\/\/www.comprarmejor.es\/en\/wp-json\/wp\/v2\/product_brand?post=46895"},{"taxonomy":"product_cat","embeddable":true,"href":"https:\/\/www.comprarmejor.es\/en\/wp-json\/wp\/v2\/product_cat?post=46895"},{"taxonomy":"product_tag","embeddable":true,"href":"https:\/\/www.comprarmejor.es\/en\/wp-json\/wp\/v2\/product_tag?post=46895"}],"curies":[{"name":"wp","href":"https:\/\/api.w.org\/{rel}","templated":true}]}}