{"id":46911,"date":"2015-09-01T11:44:20","date_gmt":"2015-09-01T09:44:20","guid":{"rendered":"https:\/\/www.comprarmejor.es\/producto\/combat-of-bulls-in-spain-combat-de-taureaux-in-spain-emmanuel-witz\/"},"modified":"2020-05-11T22:50:15","modified_gmt":"2020-05-11T20:50:15","slug":"combat-of-bulls-in-spain-combat-de-taureaux-in-spain-emmanuel-witz","status":"publish","type":"product","link":"https:\/\/www.comprarmejor.es\/en\/product\/combat-of-bulls-in-spain-combat-de-taureaux-in-spain-emmanuel-witz\/","title":{"rendered":"Combat of Bulls in Spain (Combat de Taureaux in Spain), Emmanuel Witz"},"content":{"rendered":"<p style=\"text-align: justify;\"><span id=\"result_box\" lang=\"en\" xml:lang=\"en\"><span lang=\"en\" xml:lang=\"en\"><span title=\"Pack desprecintado pero en perfecto estado, sin uso.\"><span lang=\"en\" xml:lang=\"en\"><span title=\"Edici\u00f3n facs\u00edmil realizada en 1993 del original franc\u00e9s \u201cCombat de Taureaux en Espagne\u201d (Combate de toros en Espa\u00f1a), con los dibujos de Emmanuel Witz (s. XVIII).\">Facsimile edition made in 1993 of the French original &#8220;Combat de Taureaux en Espagne&#8221; (Combat of bulls in Spain), with drawings by Emmanuel Witz (18th century).<\/span><\/span><\/span><\/span><\/span><\/p>\n<p style=\"text-align: justify;\"><span title=\"Edici\u00f3n numerada y limitada a 500 ejemplares.\">Numbered edition limited to 500 copies. <\/span><span title=\"Impresa en papel hilo verjurado estampado con t\u00e9cnicas artesanas\">Printed on paper laid yarn stamped with craft techniques<\/span><\/p>\n<p style=\"text-align: justify;\"><span title=\"Facs\u00edmil encuadernado en tapa dura, apaisado, en seda roja con t\u00edtulos y orlas doradas.\">Facsimile bound in hard cover, landscape, in red silk with titles and golden borders. <\/span><span title=\"Formato 22 x 15 cm.\">Format 22 x 15 cm. <\/span><span title=\"112 p\u00e1ginas.\">112 pages <\/span><span title=\"Textos en franc\u00e9s.\">Texts in French <\/span><span title=\"26 ilustraciones.\">26 illustrations.<\/span><\/p>\n<p style=\"text-align: justify;\"><span title=\"Libro complementario que incluye la traducci\u00f3n del texto al espa\u00f1ol, comentario y notas por Diego Ruiz Morales.\">Supplementary book that includes the translation of the text into Spanish, commentary and notes by Diego Ruiz Morales. <\/span><span title=\"Encuadernado igual que el facs\u00edmil, 48 p\u00e1ginas, formato 21,8 x 15 cm.\">Bound just like the facsimile, 48 pages, format 21.8 x 15 cm.<\/span><\/p>\n<p style=\"text-align: justify;\"><span title=\"Obra cl\u00e1sica del toreo en la que un viajero suizo, Emmanuel Witz, relata sus impresiones como espectador de corridas, acompa\u00f1adas con 26 dibujos.\">Classic bullfighting in which a Swiss traveler, Emmanuel Witz, relates his impressions as a spectator of bullfights, accompanied by 26 drawings.<\/span><\/p>\n<p style=\"text-align: justify;\"><span title=\"Ejemplar en perfecto estado.\">Exemplary in perfect condition<\/span>.<\/p>\n<p style=\"text-align: justify;\"><span class=\"hps\">Shipping<\/span> <span class=\"hps\">by the buyer<\/span>, <span class=\"hps\">upon request<\/span> <span class=\"hps\">and destination.<\/span>\u00a0<a class=\"btn btn-default\" href=\"http:\/\/comprarmejor.es\/en\/contact\">Ask us<\/a> <span lang=\"en\" xml:lang=\"en\"><span title=\"Cons\u00faltenos sin compromiso (indicando la referencia del art\u00edculo) cualquier duda.\">without obligation (indicating the reference of the article) any doubt.<\/span><\/span><\/p>\n","protected":false},"excerpt":{"rendered":"<p style=\"text-align: justify;\"><span id=\"result_box\" lang=\"en\" xml:lang=\"en\"><span class=\"hps\"><span lang=\"en\" xml:lang=\"en\"><span title=\"En espa\u00f1ol.\"><span lang=\"en\" xml:lang=\"en\"><span title=\"Edici\u00f3n facs\u00edmil realizada en 1993 del original franc\u00e9s \u201cCombat de Taureaux en Espagne\u201d (Combate de toros en Espa\u00f1a), con los dibujos de Emmanuel Witz (s. XVIII).\">Facsimile edition made in 1993 of the French original &#8220;Combat de Taureaux en Espagne&#8221; (Combat of bulls in Spain), with drawings by Emmanuel Witz (18th century).<\/span><\/span><\/span><\/span><\/span><\/span><\/p>\n","protected":false},"featured_media":46897,"template":"","meta":[],"product_brand":[],"product_cat":[2210,2250,2220],"product_tag":[],"class_list":{"0":"post-46911","1":"product","2":"type-product","3":"status-publish","4":"has-post-thumbnail","6":"product_cat-bibliophilia","7":"product_cat-other-facsimiles","8":"product_cat-special-offers","9":"product_shipping_class-from-0-to-1-kg","10":"description-off","12":"first","13":"instock","14":"sale","15":"taxable","16":"shipping-taxable","17":"purchasable","18":"product-type-simple"},"yoast_head":"<!-- This site is optimized with the Yoast SEO plugin v27.3 - https:\/\/yoast.com\/product\/yoast-seo-wordpress\/ -->\n<title>Combat of Bulls in Spain (Combat de Taureaux in Spain), Emmanuel Witz<\/title>\n<meta name=\"description\" content=\"Facsimile edition made in 1993 of the French original &quot;Combat de Taureaux en Espagne&quot; (Combat of bulls in Spain), with drawings by Emmanuel Witz (18th century).\" \/>\n<meta name=\"robots\" content=\"index, follow, max-snippet:-1, max-image-preview:large, max-video-preview:-1\" \/>\n<link rel=\"canonical\" href=\"https:\/\/www.comprarmejor.es\/en\/product\/combat-of-bulls-in-spain-combat-de-taureaux-in-spain-emmanuel-witz\/\" \/>\n<meta property=\"og:locale\" content=\"en_US\" \/>\n<meta property=\"og:type\" content=\"article\" \/>\n<meta property=\"og:title\" content=\"Combat of Bulls in Spain (Combat de Taureaux in Spain), Emmanuel Witz\" \/>\n<meta property=\"og:description\" content=\"Facsimile edition made in 1993 of the French original &quot;Combat de Taureaux en Espagne&quot; (Combat of bulls in Spain), with drawings by Emmanuel Witz (18th century).\" \/>\n<meta property=\"og:url\" content=\"https:\/\/www.comprarmejor.es\/en\/product\/combat-of-bulls-in-spain-combat-de-taureaux-in-spain-emmanuel-witz\/\" \/>\n<meta property=\"og:site_name\" content=\"ComprarMejor\" \/>\n<meta property=\"article:modified_time\" content=\"2020-05-11T20:50:15+00:00\" \/>\n<meta property=\"og:image\" content=\"https:\/\/www.comprarmejor.es\/wp-content\/uploads\/2015\/09\/p_7_8_5_9_7859-Combate-de-Toros-en-Espana-Combat-de-Taureaux-en-Espagne-Emmanuel-Witz.jpg\" \/>\n\t<meta property=\"og:image:width\" content=\"600\" \/>\n\t<meta property=\"og:image:height\" content=\"216\" \/>\n\t<meta property=\"og:image:type\" content=\"image\/jpeg\" \/>\n<meta name=\"twitter:card\" content=\"summary_large_image\" \/>\n<meta name=\"twitter:label1\" content=\"Est. reading time\" \/>\n\t<meta name=\"twitter:data1\" content=\"1 minute\" \/>\n<script type=\"application\/ld+json\" class=\"yoast-schema-graph\">{\"@context\":\"https:\\\/\\\/schema.org\",\"@graph\":[{\"@type\":\"WebPage\",\"@id\":\"https:\\\/\\\/www.comprarmejor.es\\\/en\\\/product\\\/combat-of-bulls-in-spain-combat-de-taureaux-in-spain-emmanuel-witz\\\/\",\"url\":\"https:\\\/\\\/www.comprarmejor.es\\\/en\\\/product\\\/combat-of-bulls-in-spain-combat-de-taureaux-in-spain-emmanuel-witz\\\/\",\"name\":\"Combat of Bulls in Spain (Combat de Taureaux in Spain), Emmanuel Witz\",\"isPartOf\":{\"@id\":\"https:\\\/\\\/www.comprarmejor.es\\\/en\\\/#website\"},\"primaryImageOfPage\":{\"@id\":\"https:\\\/\\\/www.comprarmejor.es\\\/en\\\/product\\\/combat-of-bulls-in-spain-combat-de-taureaux-in-spain-emmanuel-witz\\\/#primaryimage\"},\"image\":{\"@id\":\"https:\\\/\\\/www.comprarmejor.es\\\/en\\\/product\\\/combat-of-bulls-in-spain-combat-de-taureaux-in-spain-emmanuel-witz\\\/#primaryimage\"},\"thumbnailUrl\":\"https:\\\/\\\/www.comprarmejor.es\\\/wp-content\\\/uploads\\\/2015\\\/09\\\/p_7_8_5_9_7859-Combate-de-Toros-en-Espana-Combat-de-Taureaux-en-Espagne-Emmanuel-Witz.jpg\",\"datePublished\":\"2015-09-01T09:44:20+00:00\",\"dateModified\":\"2020-05-11T20:50:15+00:00\",\"description\":\"Facsimile edition made in 1993 of the French original \\\"Combat de Taureaux en Espagne\\\" (Combat of bulls in Spain), with drawings by Emmanuel Witz (18th century).\",\"breadcrumb\":{\"@id\":\"https:\\\/\\\/www.comprarmejor.es\\\/en\\\/product\\\/combat-of-bulls-in-spain-combat-de-taureaux-in-spain-emmanuel-witz\\\/#breadcrumb\"},\"inLanguage\":\"en-US\",\"potentialAction\":[{\"@type\":\"ReadAction\",\"target\":[\"https:\\\/\\\/www.comprarmejor.es\\\/en\\\/product\\\/combat-of-bulls-in-spain-combat-de-taureaux-in-spain-emmanuel-witz\\\/\"]}]},{\"@type\":\"ImageObject\",\"inLanguage\":\"en-US\",\"@id\":\"https:\\\/\\\/www.comprarmejor.es\\\/en\\\/product\\\/combat-of-bulls-in-spain-combat-de-taureaux-in-spain-emmanuel-witz\\\/#primaryimage\",\"url\":\"https:\\\/\\\/www.comprarmejor.es\\\/wp-content\\\/uploads\\\/2015\\\/09\\\/p_7_8_5_9_7859-Combate-de-Toros-en-Espana-Combat-de-Taureaux-en-Espagne-Emmanuel-Witz.jpg\",\"contentUrl\":\"https:\\\/\\\/www.comprarmejor.es\\\/wp-content\\\/uploads\\\/2015\\\/09\\\/p_7_8_5_9_7859-Combate-de-Toros-en-Espana-Combat-de-Taureaux-en-Espagne-Emmanuel-Witz.jpg\",\"width\":600,\"height\":216},{\"@type\":\"BreadcrumbList\",\"@id\":\"https:\\\/\\\/www.comprarmejor.es\\\/en\\\/product\\\/combat-of-bulls-in-spain-combat-de-taureaux-in-spain-emmanuel-witz\\\/#breadcrumb\",\"itemListElement\":[{\"@type\":\"ListItem\",\"position\":1,\"name\":\"Portada\",\"item\":\"https:\\\/\\\/www.comprarmejor.es\\\/en\\\/\"},{\"@type\":\"ListItem\",\"position\":2,\"name\":\"Shop\",\"item\":\"https:\\\/\\\/www.comprarmejor.es\\\/en\\\/shop\\\/\"},{\"@type\":\"ListItem\",\"position\":3,\"name\":\"Combat of Bulls in Spain (Combat de Taureaux in Spain), Emmanuel Witz\"}]},{\"@type\":\"WebSite\",\"@id\":\"https:\\\/\\\/www.comprarmejor.es\\\/en\\\/#website\",\"url\":\"https:\\\/\\\/www.comprarmejor.es\\\/en\\\/\",\"name\":\"ComprarMejor\",\"description\":\"ComprarMejor\",\"publisher\":{\"@id\":\"https:\\\/\\\/www.comprarmejor.es\\\/en\\\/#organization\"},\"potentialAction\":[{\"@type\":\"SearchAction\",\"target\":{\"@type\":\"EntryPoint\",\"urlTemplate\":\"https:\\\/\\\/www.comprarmejor.es\\\/en\\\/?s={search_term_string}\"},\"query-input\":{\"@type\":\"PropertyValueSpecification\",\"valueRequired\":true,\"valueName\":\"search_term_string\"}}],\"inLanguage\":\"en-US\"},{\"@type\":\"Organization\",\"@id\":\"https:\\\/\\\/www.comprarmejor.es\\\/en\\\/#organization\",\"name\":\"COMPRAR MEJOR\",\"url\":\"https:\\\/\\\/www.comprarmejor.es\\\/en\\\/\",\"logo\":{\"@type\":\"ImageObject\",\"inLanguage\":\"en-US\",\"@id\":\"https:\\\/\\\/www.comprarmejor.es\\\/en\\\/#\\\/schema\\\/logo\\\/image\\\/\",\"url\":\"https:\\\/\\\/www.comprarmejor.es\\\/wp-content\\\/uploads\\\/2025\\\/09\\\/comprarmejortrinidad.jpg\",\"contentUrl\":\"https:\\\/\\\/www.comprarmejor.es\\\/wp-content\\\/uploads\\\/2025\\\/09\\\/comprarmejortrinidad.jpg\",\"width\":1022,\"height\":1380,\"caption\":\"COMPRAR MEJOR\"},\"image\":{\"@id\":\"https:\\\/\\\/www.comprarmejor.es\\\/en\\\/#\\\/schema\\\/logo\\\/image\\\/\"},\"sameAs\":[\"https:\\\/\\\/www.instagram.com\\\/amigosdelcodice\"]}]}<\/script>\n<!-- \/ Yoast SEO plugin. -->","yoast_head_json":{"title":"Combat of Bulls in Spain (Combat de Taureaux in Spain), Emmanuel Witz","description":"Facsimile edition made in 1993 of the French original \"Combat de Taureaux en Espagne\" (Combat of bulls in Spain), with drawings by Emmanuel Witz (18th century).","robots":{"index":"index","follow":"follow","max-snippet":"max-snippet:-1","max-image-preview":"max-image-preview:large","max-video-preview":"max-video-preview:-1"},"canonical":"https:\/\/www.comprarmejor.es\/en\/product\/combat-of-bulls-in-spain-combat-de-taureaux-in-spain-emmanuel-witz\/","og_locale":"en_US","og_type":"article","og_title":"Combat of Bulls in Spain (Combat de Taureaux in Spain), Emmanuel Witz","og_description":"Facsimile edition made in 1993 of the French original \"Combat de Taureaux en Espagne\" (Combat of bulls in Spain), with drawings by Emmanuel Witz (18th century).","og_url":"https:\/\/www.comprarmejor.es\/en\/product\/combat-of-bulls-in-spain-combat-de-taureaux-in-spain-emmanuel-witz\/","og_site_name":"ComprarMejor","article_modified_time":"2020-05-11T20:50:15+00:00","og_image":[{"width":600,"height":216,"url":"https:\/\/www.comprarmejor.es\/wp-content\/uploads\/2015\/09\/p_7_8_5_9_7859-Combate-de-Toros-en-Espana-Combat-de-Taureaux-en-Espagne-Emmanuel-Witz.jpg","type":"image\/jpeg"}],"twitter_card":"summary_large_image","twitter_misc":{"Est. reading time":"1 minute"},"schema":{"@context":"https:\/\/schema.org","@graph":[{"@type":"WebPage","@id":"https:\/\/www.comprarmejor.es\/en\/product\/combat-of-bulls-in-spain-combat-de-taureaux-in-spain-emmanuel-witz\/","url":"https:\/\/www.comprarmejor.es\/en\/product\/combat-of-bulls-in-spain-combat-de-taureaux-in-spain-emmanuel-witz\/","name":"Combat of Bulls in Spain (Combat de Taureaux in Spain), Emmanuel Witz","isPartOf":{"@id":"https:\/\/www.comprarmejor.es\/en\/#website"},"primaryImageOfPage":{"@id":"https:\/\/www.comprarmejor.es\/en\/product\/combat-of-bulls-in-spain-combat-de-taureaux-in-spain-emmanuel-witz\/#primaryimage"},"image":{"@id":"https:\/\/www.comprarmejor.es\/en\/product\/combat-of-bulls-in-spain-combat-de-taureaux-in-spain-emmanuel-witz\/#primaryimage"},"thumbnailUrl":"https:\/\/www.comprarmejor.es\/wp-content\/uploads\/2015\/09\/p_7_8_5_9_7859-Combate-de-Toros-en-Espana-Combat-de-Taureaux-en-Espagne-Emmanuel-Witz.jpg","datePublished":"2015-09-01T09:44:20+00:00","dateModified":"2020-05-11T20:50:15+00:00","description":"Facsimile edition made in 1993 of the French original \"Combat de Taureaux en Espagne\" (Combat of bulls in Spain), with drawings by Emmanuel Witz (18th century).","breadcrumb":{"@id":"https:\/\/www.comprarmejor.es\/en\/product\/combat-of-bulls-in-spain-combat-de-taureaux-in-spain-emmanuel-witz\/#breadcrumb"},"inLanguage":"en-US","potentialAction":[{"@type":"ReadAction","target":["https:\/\/www.comprarmejor.es\/en\/product\/combat-of-bulls-in-spain-combat-de-taureaux-in-spain-emmanuel-witz\/"]}]},{"@type":"ImageObject","inLanguage":"en-US","@id":"https:\/\/www.comprarmejor.es\/en\/product\/combat-of-bulls-in-spain-combat-de-taureaux-in-spain-emmanuel-witz\/#primaryimage","url":"https:\/\/www.comprarmejor.es\/wp-content\/uploads\/2015\/09\/p_7_8_5_9_7859-Combate-de-Toros-en-Espana-Combat-de-Taureaux-en-Espagne-Emmanuel-Witz.jpg","contentUrl":"https:\/\/www.comprarmejor.es\/wp-content\/uploads\/2015\/09\/p_7_8_5_9_7859-Combate-de-Toros-en-Espana-Combat-de-Taureaux-en-Espagne-Emmanuel-Witz.jpg","width":600,"height":216},{"@type":"BreadcrumbList","@id":"https:\/\/www.comprarmejor.es\/en\/product\/combat-of-bulls-in-spain-combat-de-taureaux-in-spain-emmanuel-witz\/#breadcrumb","itemListElement":[{"@type":"ListItem","position":1,"name":"Portada","item":"https:\/\/www.comprarmejor.es\/en\/"},{"@type":"ListItem","position":2,"name":"Shop","item":"https:\/\/www.comprarmejor.es\/en\/shop\/"},{"@type":"ListItem","position":3,"name":"Combat of Bulls in Spain (Combat de Taureaux in Spain), Emmanuel Witz"}]},{"@type":"WebSite","@id":"https:\/\/www.comprarmejor.es\/en\/#website","url":"https:\/\/www.comprarmejor.es\/en\/","name":"ComprarMejor","description":"ComprarMejor","publisher":{"@id":"https:\/\/www.comprarmejor.es\/en\/#organization"},"potentialAction":[{"@type":"SearchAction","target":{"@type":"EntryPoint","urlTemplate":"https:\/\/www.comprarmejor.es\/en\/?s={search_term_string}"},"query-input":{"@type":"PropertyValueSpecification","valueRequired":true,"valueName":"search_term_string"}}],"inLanguage":"en-US"},{"@type":"Organization","@id":"https:\/\/www.comprarmejor.es\/en\/#organization","name":"COMPRAR MEJOR","url":"https:\/\/www.comprarmejor.es\/en\/","logo":{"@type":"ImageObject","inLanguage":"en-US","@id":"https:\/\/www.comprarmejor.es\/en\/#\/schema\/logo\/image\/","url":"https:\/\/www.comprarmejor.es\/wp-content\/uploads\/2025\/09\/comprarmejortrinidad.jpg","contentUrl":"https:\/\/www.comprarmejor.es\/wp-content\/uploads\/2025\/09\/comprarmejortrinidad.jpg","width":1022,"height":1380,"caption":"COMPRAR MEJOR"},"image":{"@id":"https:\/\/www.comprarmejor.es\/en\/#\/schema\/logo\/image\/"},"sameAs":["https:\/\/www.instagram.com\/amigosdelcodice"]}]}},"_links":{"self":[{"href":"https:\/\/www.comprarmejor.es\/en\/wp-json\/wp\/v2\/product\/46911","targetHints":{"allow":["GET"]}}],"collection":[{"href":"https:\/\/www.comprarmejor.es\/en\/wp-json\/wp\/v2\/product"}],"about":[{"href":"https:\/\/www.comprarmejor.es\/en\/wp-json\/wp\/v2\/types\/product"}],"wp:featuredmedia":[{"embeddable":true,"href":"https:\/\/www.comprarmejor.es\/en\/wp-json\/wp\/v2\/media\/46897"}],"wp:attachment":[{"href":"https:\/\/www.comprarmejor.es\/en\/wp-json\/wp\/v2\/media?parent=46911"}],"wp:term":[{"taxonomy":"product_brand","embeddable":true,"href":"https:\/\/www.comprarmejor.es\/en\/wp-json\/wp\/v2\/product_brand?post=46911"},{"taxonomy":"product_cat","embeddable":true,"href":"https:\/\/www.comprarmejor.es\/en\/wp-json\/wp\/v2\/product_cat?post=46911"},{"taxonomy":"product_tag","embeddable":true,"href":"https:\/\/www.comprarmejor.es\/en\/wp-json\/wp\/v2\/product_tag?post=46911"}],"curies":[{"name":"wp","href":"https:\/\/api.w.org\/{rel}","templated":true}]}}