{"id":46941,"date":"2015-09-01T13:27:16","date_gmt":"2015-09-01T11:27:16","guid":{"rendered":"https:\/\/www.comprarmejor.es\/producto\/1780-map-of-europe-original-by-rigobert-bonne-rare-specimen\/"},"modified":"2019-08-28T11:46:59","modified_gmt":"2019-08-28T09:46:59","slug":"1780-map-of-europe-original-by-rigobert-bonne-rare-specimen","status":"publish","type":"product","link":"https:\/\/www.comprarmejor.es\/en\/product\/1780-map-of-europe-original-by-rigobert-bonne-rare-specimen\/","title":{"rendered":"1780 Map of Europe, original, by Rigobert Bonne. Rare specimen"},"content":{"rendered":"<p style=\"text-align:justify;\"><span id=\"result_box\" lang=\"en\" xml:lang=\"en\"><span title=\"Carte G\u00e9n\u00e9rale de L\u2019Europe.\">Carte Generale de L&#8217;Europe. <\/span><span title=\"1780. Mapa de Europa realizado por Rigobert Bonne (1727-1795).\">1780 Map of Europe by Rigobert Bonne (1727-1795). <\/span><span title=\"Idioma franc\u00e9s.\">French language. <\/span><span title=\"Mapa grabado con algunas fronteras coloreadas a mano.\">Some engraved map hand colored borders. <\/span><span title=\"Original de 1780.\">Original 1780.<\/p>\n<p><\/span><span title=\"Medidas del papel: 41 x 26 cm.\">Paper Size: 41 x 26 cm. <\/span><span title=\"Plancha: 32,2 x 21,4 cm.\">Iron: 32.2 x 21.4 cm. <\/span><span title=\"Papel verjurado con huellas del paso del tiempo y manchas de uso en el papel, fuera del grabado, pero en general en muy buen estado, sin dobleces ni arrugas, muy bien conservado.\">Laid paper with traces of the passage of time and use stains on paper, out of print, but generally in very good condition, without folds or wrinkles, very well preserved.<\/p>\n<p><\/span><span title=\"Detalles topogr\u00e1ficos y ciudades marcadas.\">Marked topographic details and cities. <\/span><span title=\"Raro mapa de Europa, incluyendo la parte europea de Rusia, Islandia y Europa del Este.\">Rare map of Europe, including European Russia, Iceland and Eastern Europe.<\/p>\n<p><\/span><span title=\"Rigobert Bonne fue uno de los cart\u00f3grafos m\u00e1s importantes del siglo XVIII.\">Rigobert Bonne was one of the most important cartographers of the eighteenth century. <\/span><span title=\"En 1773 sucedi\u00f3 a Jacques Bellin como Cart\u00f3grafo Real de Francia en la oficina del Director del Servicio Hidrogr\u00e1fico de la Marina.\">In 1773 he succeeded Jacques Bellin as Royal Cartographer to France in the office of the Hydrographer of the Navy. <\/span><span title=\"En su labor oficial, Bonne recopil\u00f3 algunos de los mapas m\u00e1s detallados y precisos de la \u00e9poca.\">In his official work, Bonne compiled some of the most detailed and accurate maps of the period. <\/span><span title=\"Su trabajo represent\u00f3 un paso importante en la evoluci\u00f3n de la cartograf\u00eda distanci\u00e1ndose de los mapas decorativos del siglo XVII y principios del XVIII hacia una orientaci\u00f3n m\u00e1s detallada y pr\u00e1ctica.\">His work represented an important step in the evolution of cartography maps distancing decorative seventeenth and early eighteenth century to a more detailed and practical guidance. <\/span><span title=\"La obra de Bonne es muy apreciada por su detalle, la importancia hist\u00f3rica y est\u00e9tica en general.\">Bonne&#8217;s work is highly regarded for its detail, the historical importance and beauty in general.<\/p>\n<p><\/span><span title=\"De Bonne existen en el mercado mapas de Europa extra\u00eddos de su obra \u201cAtlas de Toutes les Parties Connues du Globe Terrestre\u2026\u201d de 1780, n\u00famero 3 de la relaci\u00f3n de mapas y coloreados de diferente forma.\">Bonne maps on the market in Europe extracted from his &#8220;Atlas of Connues Toutes les parties du Globe Earth &#8230;&#8221; 1780, No. 3 in the list of maps and colored differently. <\/span><span title=\"El mapa que aqu\u00ed se ofrece no pertenece a dicha obra, siendo \u00e9ste un ejemplar independiente y raro en la cartograf\u00eda de Bonne.\">The map offered here does not belong to this work, this being an independent and rare example in mapping Bonne.<\/p>\n<p><\/span><span title=\"Gastos de env\u00edo por cuenta del comprador, seg\u00fan pedido y destino.\">Shipping by the buyer, upon request and destination.\u00a0<\/span><span title=\"Cons\u00faltenos cualquier duda.\"><a class=\"btn btn-default\" href=\"http:\/\/comprarmejor.es\/en\/contact\">Ask us<\/a> any questions.<\/span><\/span><\/p>\n","protected":false},"excerpt":{"rendered":"<p style=\"text-align:justify;\"><span id=\"result_box\" lang=\"en\" xml:lang=\"en\"><span title=\"Carte G\u00e9n\u00e9rale de L\u2019Europe.\">Carte Generale de L&#8217;Europe. <\/span><span title=\"1780. Mapa de Europa realizado por Rigobert Bonne (1727-1795).\">1780 Map of Europe by Rigobert Bonne (1727-1795). <\/span><span title=\"Idioma franc\u00e9s.\">French language. <\/span><span title=\"Mapa grabado con algunas fronteras coloreadas a mano.\">Some engraved map hand colored borders. <\/span><span title=\"Original de 1780.\">Original 1780.<\/span><\/span><\/p>\n","protected":false},"featured_media":46931,"template":"","meta":[],"product_brand":[],"product_cat":[2216],"product_tag":[5053,5054],"class_list":{"0":"post-46941","1":"product","2":"type-product","3":"status-publish","4":"has-post-thumbnail","6":"product_cat-old-maps","7":"product_tag-1780-en","8":"product_tag-bonne-en","9":"product_shipping_class-from-0-to-1-kg","10":"description-off","12":"first","13":"instock","14":"sale","15":"taxable","16":"shipping-taxable","17":"purchasable","18":"product-type-simple"},"yoast_head":"<!-- This site is optimized with the Yoast SEO plugin v27.3 - https:\/\/yoast.com\/product\/yoast-seo-wordpress\/ -->\n<title>1780 Map of Europe, original, by Rigobert Bonne. Rare specimen<\/title>\n<meta name=\"description\" content=\"Map of Europe by Rigobert Bonne (1727-1795). French language. Some engraved map hand colored borders. Original 1780.\" \/>\n<meta name=\"robots\" content=\"index, follow, max-snippet:-1, max-image-preview:large, max-video-preview:-1\" \/>\n<link rel=\"canonical\" href=\"https:\/\/www.comprarmejor.es\/en\/product\/1780-map-of-europe-original-by-rigobert-bonne-rare-specimen\/\" \/>\n<meta property=\"og:locale\" content=\"en_US\" \/>\n<meta property=\"og:type\" content=\"article\" \/>\n<meta property=\"og:title\" content=\"1780 Map of Europe, original, by Rigobert Bonne. Rare specimen\" \/>\n<meta property=\"og:description\" content=\"Map of Europe by Rigobert Bonne (1727-1795). French language. Some engraved map hand colored borders. Original 1780.\" \/>\n<meta property=\"og:url\" content=\"https:\/\/www.comprarmejor.es\/en\/product\/1780-map-of-europe-original-by-rigobert-bonne-rare-specimen\/\" \/>\n<meta property=\"og:site_name\" content=\"ComprarMejor\" \/>\n<meta property=\"article:modified_time\" content=\"2019-08-28T09:46:59+00:00\" \/>\n<meta property=\"og:image\" content=\"https:\/\/www.comprarmejor.es\/wp-content\/uploads\/2015\/09\/p_2_3_4_234-Mapa-de-Europa-original-de-1780-por-Rigobert-Bonne.-Raro-ejemplar.jpg\" \/>\n\t<meta property=\"og:image:width\" content=\"600\" \/>\n\t<meta property=\"og:image:height\" content=\"400\" \/>\n\t<meta property=\"og:image:type\" content=\"image\/jpeg\" \/>\n<meta name=\"twitter:card\" content=\"summary_large_image\" \/>\n<meta name=\"twitter:label1\" content=\"Est. reading time\" \/>\n\t<meta name=\"twitter:data1\" content=\"1 minute\" \/>\n<script type=\"application\/ld+json\" class=\"yoast-schema-graph\">{\"@context\":\"https:\\\/\\\/schema.org\",\"@graph\":[{\"@type\":\"WebPage\",\"@id\":\"https:\\\/\\\/www.comprarmejor.es\\\/en\\\/product\\\/1780-map-of-europe-original-by-rigobert-bonne-rare-specimen\\\/\",\"url\":\"https:\\\/\\\/www.comprarmejor.es\\\/en\\\/product\\\/1780-map-of-europe-original-by-rigobert-bonne-rare-specimen\\\/\",\"name\":\"1780 Map of Europe, original, by Rigobert Bonne. Rare specimen\",\"isPartOf\":{\"@id\":\"https:\\\/\\\/www.comprarmejor.es\\\/en\\\/#website\"},\"primaryImageOfPage\":{\"@id\":\"https:\\\/\\\/www.comprarmejor.es\\\/en\\\/product\\\/1780-map-of-europe-original-by-rigobert-bonne-rare-specimen\\\/#primaryimage\"},\"image\":{\"@id\":\"https:\\\/\\\/www.comprarmejor.es\\\/en\\\/product\\\/1780-map-of-europe-original-by-rigobert-bonne-rare-specimen\\\/#primaryimage\"},\"thumbnailUrl\":\"https:\\\/\\\/www.comprarmejor.es\\\/wp-content\\\/uploads\\\/2015\\\/09\\\/p_2_3_4_234-Mapa-de-Europa-original-de-1780-por-Rigobert-Bonne.-Raro-ejemplar.jpg\",\"datePublished\":\"2015-09-01T11:27:16+00:00\",\"dateModified\":\"2019-08-28T09:46:59+00:00\",\"description\":\"Map of Europe by Rigobert Bonne (1727-1795). French language. Some engraved map hand colored borders. Original 1780.\",\"breadcrumb\":{\"@id\":\"https:\\\/\\\/www.comprarmejor.es\\\/en\\\/product\\\/1780-map-of-europe-original-by-rigobert-bonne-rare-specimen\\\/#breadcrumb\"},\"inLanguage\":\"en-US\",\"potentialAction\":[{\"@type\":\"ReadAction\",\"target\":[\"https:\\\/\\\/www.comprarmejor.es\\\/en\\\/product\\\/1780-map-of-europe-original-by-rigobert-bonne-rare-specimen\\\/\"]}]},{\"@type\":\"ImageObject\",\"inLanguage\":\"en-US\",\"@id\":\"https:\\\/\\\/www.comprarmejor.es\\\/en\\\/product\\\/1780-map-of-europe-original-by-rigobert-bonne-rare-specimen\\\/#primaryimage\",\"url\":\"https:\\\/\\\/www.comprarmejor.es\\\/wp-content\\\/uploads\\\/2015\\\/09\\\/p_2_3_4_234-Mapa-de-Europa-original-de-1780-por-Rigobert-Bonne.-Raro-ejemplar.jpg\",\"contentUrl\":\"https:\\\/\\\/www.comprarmejor.es\\\/wp-content\\\/uploads\\\/2015\\\/09\\\/p_2_3_4_234-Mapa-de-Europa-original-de-1780-por-Rigobert-Bonne.-Raro-ejemplar.jpg\",\"width\":600,\"height\":400},{\"@type\":\"BreadcrumbList\",\"@id\":\"https:\\\/\\\/www.comprarmejor.es\\\/en\\\/product\\\/1780-map-of-europe-original-by-rigobert-bonne-rare-specimen\\\/#breadcrumb\",\"itemListElement\":[{\"@type\":\"ListItem\",\"position\":1,\"name\":\"Portada\",\"item\":\"https:\\\/\\\/www.comprarmejor.es\\\/en\\\/\"},{\"@type\":\"ListItem\",\"position\":2,\"name\":\"Shop\",\"item\":\"https:\\\/\\\/www.comprarmejor.es\\\/en\\\/shop\\\/\"},{\"@type\":\"ListItem\",\"position\":3,\"name\":\"1780 Map of Europe, original, by Rigobert Bonne. Rare specimen\"}]},{\"@type\":\"WebSite\",\"@id\":\"https:\\\/\\\/www.comprarmejor.es\\\/en\\\/#website\",\"url\":\"https:\\\/\\\/www.comprarmejor.es\\\/en\\\/\",\"name\":\"ComprarMejor\",\"description\":\"ComprarMejor\",\"publisher\":{\"@id\":\"https:\\\/\\\/www.comprarmejor.es\\\/en\\\/#organization\"},\"potentialAction\":[{\"@type\":\"SearchAction\",\"target\":{\"@type\":\"EntryPoint\",\"urlTemplate\":\"https:\\\/\\\/www.comprarmejor.es\\\/en\\\/?s={search_term_string}\"},\"query-input\":{\"@type\":\"PropertyValueSpecification\",\"valueRequired\":true,\"valueName\":\"search_term_string\"}}],\"inLanguage\":\"en-US\"},{\"@type\":\"Organization\",\"@id\":\"https:\\\/\\\/www.comprarmejor.es\\\/en\\\/#organization\",\"name\":\"COMPRAR MEJOR\",\"url\":\"https:\\\/\\\/www.comprarmejor.es\\\/en\\\/\",\"logo\":{\"@type\":\"ImageObject\",\"inLanguage\":\"en-US\",\"@id\":\"https:\\\/\\\/www.comprarmejor.es\\\/en\\\/#\\\/schema\\\/logo\\\/image\\\/\",\"url\":\"https:\\\/\\\/www.comprarmejor.es\\\/wp-content\\\/uploads\\\/2025\\\/09\\\/comprarmejortrinidad.jpg\",\"contentUrl\":\"https:\\\/\\\/www.comprarmejor.es\\\/wp-content\\\/uploads\\\/2025\\\/09\\\/comprarmejortrinidad.jpg\",\"width\":1022,\"height\":1380,\"caption\":\"COMPRAR MEJOR\"},\"image\":{\"@id\":\"https:\\\/\\\/www.comprarmejor.es\\\/en\\\/#\\\/schema\\\/logo\\\/image\\\/\"},\"sameAs\":[\"https:\\\/\\\/www.instagram.com\\\/amigosdelcodice\"]}]}<\/script>\n<!-- \/ Yoast SEO plugin. -->","yoast_head_json":{"title":"1780 Map of Europe, original, by Rigobert Bonne. Rare specimen","description":"Map of Europe by Rigobert Bonne (1727-1795). French language. Some engraved map hand colored borders. Original 1780.","robots":{"index":"index","follow":"follow","max-snippet":"max-snippet:-1","max-image-preview":"max-image-preview:large","max-video-preview":"max-video-preview:-1"},"canonical":"https:\/\/www.comprarmejor.es\/en\/product\/1780-map-of-europe-original-by-rigobert-bonne-rare-specimen\/","og_locale":"en_US","og_type":"article","og_title":"1780 Map of Europe, original, by Rigobert Bonne. Rare specimen","og_description":"Map of Europe by Rigobert Bonne (1727-1795). French language. Some engraved map hand colored borders. Original 1780.","og_url":"https:\/\/www.comprarmejor.es\/en\/product\/1780-map-of-europe-original-by-rigobert-bonne-rare-specimen\/","og_site_name":"ComprarMejor","article_modified_time":"2019-08-28T09:46:59+00:00","og_image":[{"width":600,"height":400,"url":"https:\/\/www.comprarmejor.es\/wp-content\/uploads\/2015\/09\/p_2_3_4_234-Mapa-de-Europa-original-de-1780-por-Rigobert-Bonne.-Raro-ejemplar.jpg","type":"image\/jpeg"}],"twitter_card":"summary_large_image","twitter_misc":{"Est. reading time":"1 minute"},"schema":{"@context":"https:\/\/schema.org","@graph":[{"@type":"WebPage","@id":"https:\/\/www.comprarmejor.es\/en\/product\/1780-map-of-europe-original-by-rigobert-bonne-rare-specimen\/","url":"https:\/\/www.comprarmejor.es\/en\/product\/1780-map-of-europe-original-by-rigobert-bonne-rare-specimen\/","name":"1780 Map of Europe, original, by Rigobert Bonne. Rare specimen","isPartOf":{"@id":"https:\/\/www.comprarmejor.es\/en\/#website"},"primaryImageOfPage":{"@id":"https:\/\/www.comprarmejor.es\/en\/product\/1780-map-of-europe-original-by-rigobert-bonne-rare-specimen\/#primaryimage"},"image":{"@id":"https:\/\/www.comprarmejor.es\/en\/product\/1780-map-of-europe-original-by-rigobert-bonne-rare-specimen\/#primaryimage"},"thumbnailUrl":"https:\/\/www.comprarmejor.es\/wp-content\/uploads\/2015\/09\/p_2_3_4_234-Mapa-de-Europa-original-de-1780-por-Rigobert-Bonne.-Raro-ejemplar.jpg","datePublished":"2015-09-01T11:27:16+00:00","dateModified":"2019-08-28T09:46:59+00:00","description":"Map of Europe by Rigobert Bonne (1727-1795). French language. Some engraved map hand colored borders. Original 1780.","breadcrumb":{"@id":"https:\/\/www.comprarmejor.es\/en\/product\/1780-map-of-europe-original-by-rigobert-bonne-rare-specimen\/#breadcrumb"},"inLanguage":"en-US","potentialAction":[{"@type":"ReadAction","target":["https:\/\/www.comprarmejor.es\/en\/product\/1780-map-of-europe-original-by-rigobert-bonne-rare-specimen\/"]}]},{"@type":"ImageObject","inLanguage":"en-US","@id":"https:\/\/www.comprarmejor.es\/en\/product\/1780-map-of-europe-original-by-rigobert-bonne-rare-specimen\/#primaryimage","url":"https:\/\/www.comprarmejor.es\/wp-content\/uploads\/2015\/09\/p_2_3_4_234-Mapa-de-Europa-original-de-1780-por-Rigobert-Bonne.-Raro-ejemplar.jpg","contentUrl":"https:\/\/www.comprarmejor.es\/wp-content\/uploads\/2015\/09\/p_2_3_4_234-Mapa-de-Europa-original-de-1780-por-Rigobert-Bonne.-Raro-ejemplar.jpg","width":600,"height":400},{"@type":"BreadcrumbList","@id":"https:\/\/www.comprarmejor.es\/en\/product\/1780-map-of-europe-original-by-rigobert-bonne-rare-specimen\/#breadcrumb","itemListElement":[{"@type":"ListItem","position":1,"name":"Portada","item":"https:\/\/www.comprarmejor.es\/en\/"},{"@type":"ListItem","position":2,"name":"Shop","item":"https:\/\/www.comprarmejor.es\/en\/shop\/"},{"@type":"ListItem","position":3,"name":"1780 Map of Europe, original, by Rigobert Bonne. Rare specimen"}]},{"@type":"WebSite","@id":"https:\/\/www.comprarmejor.es\/en\/#website","url":"https:\/\/www.comprarmejor.es\/en\/","name":"ComprarMejor","description":"ComprarMejor","publisher":{"@id":"https:\/\/www.comprarmejor.es\/en\/#organization"},"potentialAction":[{"@type":"SearchAction","target":{"@type":"EntryPoint","urlTemplate":"https:\/\/www.comprarmejor.es\/en\/?s={search_term_string}"},"query-input":{"@type":"PropertyValueSpecification","valueRequired":true,"valueName":"search_term_string"}}],"inLanguage":"en-US"},{"@type":"Organization","@id":"https:\/\/www.comprarmejor.es\/en\/#organization","name":"COMPRAR MEJOR","url":"https:\/\/www.comprarmejor.es\/en\/","logo":{"@type":"ImageObject","inLanguage":"en-US","@id":"https:\/\/www.comprarmejor.es\/en\/#\/schema\/logo\/image\/","url":"https:\/\/www.comprarmejor.es\/wp-content\/uploads\/2025\/09\/comprarmejortrinidad.jpg","contentUrl":"https:\/\/www.comprarmejor.es\/wp-content\/uploads\/2025\/09\/comprarmejortrinidad.jpg","width":1022,"height":1380,"caption":"COMPRAR MEJOR"},"image":{"@id":"https:\/\/www.comprarmejor.es\/en\/#\/schema\/logo\/image\/"},"sameAs":["https:\/\/www.instagram.com\/amigosdelcodice"]}]}},"_links":{"self":[{"href":"https:\/\/www.comprarmejor.es\/en\/wp-json\/wp\/v2\/product\/46941","targetHints":{"allow":["GET"]}}],"collection":[{"href":"https:\/\/www.comprarmejor.es\/en\/wp-json\/wp\/v2\/product"}],"about":[{"href":"https:\/\/www.comprarmejor.es\/en\/wp-json\/wp\/v2\/types\/product"}],"wp:featuredmedia":[{"embeddable":true,"href":"https:\/\/www.comprarmejor.es\/en\/wp-json\/wp\/v2\/media\/46931"}],"wp:attachment":[{"href":"https:\/\/www.comprarmejor.es\/en\/wp-json\/wp\/v2\/media?parent=46941"}],"wp:term":[{"taxonomy":"product_brand","embeddable":true,"href":"https:\/\/www.comprarmejor.es\/en\/wp-json\/wp\/v2\/product_brand?post=46941"},{"taxonomy":"product_cat","embeddable":true,"href":"https:\/\/www.comprarmejor.es\/en\/wp-json\/wp\/v2\/product_cat?post=46941"},{"taxonomy":"product_tag","embeddable":true,"href":"https:\/\/www.comprarmejor.es\/en\/wp-json\/wp\/v2\/product_tag?post=46941"}],"curies":[{"name":"wp","href":"https:\/\/api.w.org\/{rel}","templated":true}]}}