{"id":46953,"date":"2015-09-01T17:56:03","date_gmt":"2015-09-01T15:56:03","guid":{"rendered":"https:\/\/www.comprarmejor.es\/producto\/wristwatch-lady-tressa-bracelet-and-solid-silver-box\/"},"modified":"2019-08-28T11:47:41","modified_gmt":"2019-08-28T09:47:41","slug":"wristwatch-lady-tressa-bracelet-and-solid-silver-box","status":"publish","type":"product","link":"https:\/\/www.comprarmejor.es\/en\/product\/wristwatch-lady-tressa-bracelet-and-solid-silver-box\/","title":{"rendered":"Wristwatch Lady Tressa, bracelet and solid silver box"},"content":{"rendered":"<p><span id=\"result_box\" lang=\"en\" xml:lang=\"en\"><span title=\"Interesante pieza de joyer\u00eda.\">Interesting piece of jewelry. <\/span><span title=\"Reloj de pulsera de dama \u00edntegramente fabricado en plata, marca Tressa, Suiza, c.\">Lady wristwatch entirely made of silver, <strong>Tressa<\/strong>, Switzerland, c. <\/span><span title=\"1950.\">1950.<\/p>\n<p><\/span><span title=\"Pieza exclusiva y rara realizada totalmente en plata de ley 925, incluyendo malla, cierre escalera, caja y arco del vidrio.\">Unique and rare piece made entirely of sterling silver 925, including mesh, close staircase, glass box and bow. <\/span><span title=\"Salvo la maquinaria actual, todo en ella es 100% original.\">Unless the current machinery, everything in it is 100% original.<\/p>\n<p><\/span><span title=\"La m\u00e1quina manual suiza original ha sido sustituida por una m\u00e1quina autom\u00e1tica japonesa, a pila, de 3 manecillas, totalmente nueva y en funcionamiento.\">Original Swiss manual machine has been replaced by a Japanese vending machine, a stack of 3 hands, totally new and working. <\/span><span title=\"El segundero original a las 6 ha sido eliminado y sustituido por uno central.\">The original seconds at 6 has been removed and replaced by a central one. <\/span><span title=\"El cuadrante rojo pasi\u00f3n es el original Tressa y aunque presenta detalles a las 4 ya las 9, no alteran su brillo original.\">The red quadrant is the original Tressa passion and even gives details at 4 and 9, no alter their original luster.<\/p>\n<p><\/span><span title=\"M\u00e1quina totalmente nueva y correa de plata usada pero ha sido limpiada y presenta poco uso y en muy buen estado.\">Totally new and used machine silver belt but has been cleaned and has little use and in very good condition.<\/p>\n<p><\/span><span title=\"Medidas: di\u00e1metro de 28 mm., incluida la corona.\">Measurements:. Diameter of 28 mm, including the crown. <\/span><span title=\"Largo con terminales fijos de 37 mm.\">Long with 37 mm fixed terminals. <\/span><span title=\"Largo total 200 mm.\">Total length 200 mm. <\/span><span title=\"Peso total de 51 grs.\">Total weight of 51 grams.<\/p>\n<p><\/span><span title=\"Gastos de env\u00edo por cuenta del comprador, seg\u00fan pedido y destino.\">Shipping by the buyer, upon request and destination.\u00a0<\/span><span title=\"Cons\u00faltenos cualquier duda.\"><a class=\"btn btn-default\" href=\"http:\/\/comprarmejor.es\/en\/contact\">Ask us<\/a> any questions.<\/span><\/span><\/p>\n","protected":false},"excerpt":{"rendered":"<p><span id=\"result_box\" lang=\"en\" xml:lang=\"en\"><span title=\"Pieza exclusiva y rara realizada totalmente en plata de ley 925, incluyendo malla, cierre escalera, caja y arco del vidrio.\">Unique and rare piece made entirely of sterling silver 925, including mesh, close staircase, glass box and bow. <\/span><span title=\"Salvo la maquinaria actual, todo en ella es 100% original.\">Unless the current machinery, everything in it is 100% original.<\/span><\/span><\/p>\n","protected":false},"featured_media":46943,"template":"","meta":[],"product_brand":[],"product_cat":[2206,2222],"product_tag":[5050],"class_list":{"0":"post-46953","1":"product","2":"type-product","3":"status-publish","4":"has-post-thumbnail","6":"product_cat-jewelry","7":"product_cat-watches","8":"product_tag-tressa-en","9":"product_shipping_class-from-0-to-1-kg","10":"description-off","12":"first","13":"instock","14":"taxable","15":"shipping-taxable","16":"purchasable","17":"product-type-simple"},"yoast_head":"<!-- This site is optimized with the Yoast SEO plugin v27.3 - https:\/\/yoast.com\/product\/yoast-seo-wordpress\/ -->\n<title>Wristwatch Lady Tressa, bracelet and solid silver box<\/title>\n<meta name=\"description\" content=\"Interesting piece of jewelry. Lady wristwatch entirely made of silver, Tressa, Switzerland, c. 1950.\" \/>\n<meta name=\"robots\" content=\"index, follow, max-snippet:-1, max-image-preview:large, max-video-preview:-1\" \/>\n<link rel=\"canonical\" href=\"https:\/\/www.comprarmejor.es\/en\/product\/wristwatch-lady-tressa-bracelet-and-solid-silver-box\/\" \/>\n<meta property=\"og:locale\" content=\"en_US\" \/>\n<meta property=\"og:type\" content=\"article\" \/>\n<meta property=\"og:title\" content=\"Wristwatch Lady Tressa, bracelet and solid silver box\" \/>\n<meta property=\"og:description\" content=\"Interesting piece of jewelry. Lady wristwatch entirely made of silver, Tressa, Switzerland, c. 1950.\" \/>\n<meta property=\"og:url\" content=\"https:\/\/www.comprarmejor.es\/en\/product\/wristwatch-lady-tressa-bracelet-and-solid-silver-box\/\" \/>\n<meta property=\"og:site_name\" content=\"ComprarMejor\" \/>\n<meta property=\"article:modified_time\" content=\"2019-08-28T09:47:41+00:00\" \/>\n<meta property=\"og:image\" content=\"https:\/\/www.comprarmejor.es\/wp-content\/uploads\/2015\/09\/p_2_3_9_239-Reloj-de-pulsera-dama-marca-Tressa-pulsera-y-caja-en-plata-maciza.jpg\" \/>\n\t<meta property=\"og:image:width\" content=\"600\" \/>\n\t<meta property=\"og:image:height\" content=\"143\" \/>\n\t<meta property=\"og:image:type\" content=\"image\/jpeg\" \/>\n<meta name=\"twitter:card\" content=\"summary_large_image\" \/>\n<meta name=\"twitter:label1\" content=\"Est. reading time\" \/>\n\t<meta name=\"twitter:data1\" content=\"1 minute\" \/>\n<script type=\"application\/ld+json\" class=\"yoast-schema-graph\">{\"@context\":\"https:\\\/\\\/schema.org\",\"@graph\":[{\"@type\":\"WebPage\",\"@id\":\"https:\\\/\\\/www.comprarmejor.es\\\/en\\\/product\\\/wristwatch-lady-tressa-bracelet-and-solid-silver-box\\\/\",\"url\":\"https:\\\/\\\/www.comprarmejor.es\\\/en\\\/product\\\/wristwatch-lady-tressa-bracelet-and-solid-silver-box\\\/\",\"name\":\"Wristwatch Lady Tressa, bracelet and solid silver box\",\"isPartOf\":{\"@id\":\"https:\\\/\\\/www.comprarmejor.es\\\/en\\\/#website\"},\"primaryImageOfPage\":{\"@id\":\"https:\\\/\\\/www.comprarmejor.es\\\/en\\\/product\\\/wristwatch-lady-tressa-bracelet-and-solid-silver-box\\\/#primaryimage\"},\"image\":{\"@id\":\"https:\\\/\\\/www.comprarmejor.es\\\/en\\\/product\\\/wristwatch-lady-tressa-bracelet-and-solid-silver-box\\\/#primaryimage\"},\"thumbnailUrl\":\"https:\\\/\\\/www.comprarmejor.es\\\/wp-content\\\/uploads\\\/2015\\\/09\\\/p_2_3_9_239-Reloj-de-pulsera-dama-marca-Tressa-pulsera-y-caja-en-plata-maciza.jpg\",\"datePublished\":\"2015-09-01T15:56:03+00:00\",\"dateModified\":\"2019-08-28T09:47:41+00:00\",\"description\":\"Interesting piece of jewelry. Lady wristwatch entirely made of silver, Tressa, Switzerland, c. 1950.\",\"breadcrumb\":{\"@id\":\"https:\\\/\\\/www.comprarmejor.es\\\/en\\\/product\\\/wristwatch-lady-tressa-bracelet-and-solid-silver-box\\\/#breadcrumb\"},\"inLanguage\":\"en-US\",\"potentialAction\":[{\"@type\":\"ReadAction\",\"target\":[\"https:\\\/\\\/www.comprarmejor.es\\\/en\\\/product\\\/wristwatch-lady-tressa-bracelet-and-solid-silver-box\\\/\"]}]},{\"@type\":\"ImageObject\",\"inLanguage\":\"en-US\",\"@id\":\"https:\\\/\\\/www.comprarmejor.es\\\/en\\\/product\\\/wristwatch-lady-tressa-bracelet-and-solid-silver-box\\\/#primaryimage\",\"url\":\"https:\\\/\\\/www.comprarmejor.es\\\/wp-content\\\/uploads\\\/2015\\\/09\\\/p_2_3_9_239-Reloj-de-pulsera-dama-marca-Tressa-pulsera-y-caja-en-plata-maciza.jpg\",\"contentUrl\":\"https:\\\/\\\/www.comprarmejor.es\\\/wp-content\\\/uploads\\\/2015\\\/09\\\/p_2_3_9_239-Reloj-de-pulsera-dama-marca-Tressa-pulsera-y-caja-en-plata-maciza.jpg\",\"width\":600,\"height\":143},{\"@type\":\"BreadcrumbList\",\"@id\":\"https:\\\/\\\/www.comprarmejor.es\\\/en\\\/product\\\/wristwatch-lady-tressa-bracelet-and-solid-silver-box\\\/#breadcrumb\",\"itemListElement\":[{\"@type\":\"ListItem\",\"position\":1,\"name\":\"Portada\",\"item\":\"https:\\\/\\\/www.comprarmejor.es\\\/en\\\/\"},{\"@type\":\"ListItem\",\"position\":2,\"name\":\"Shop\",\"item\":\"https:\\\/\\\/www.comprarmejor.es\\\/en\\\/shop\\\/\"},{\"@type\":\"ListItem\",\"position\":3,\"name\":\"Wristwatch Lady Tressa, bracelet and solid silver box\"}]},{\"@type\":\"WebSite\",\"@id\":\"https:\\\/\\\/www.comprarmejor.es\\\/en\\\/#website\",\"url\":\"https:\\\/\\\/www.comprarmejor.es\\\/en\\\/\",\"name\":\"ComprarMejor\",\"description\":\"ComprarMejor\",\"publisher\":{\"@id\":\"https:\\\/\\\/www.comprarmejor.es\\\/en\\\/#organization\"},\"potentialAction\":[{\"@type\":\"SearchAction\",\"target\":{\"@type\":\"EntryPoint\",\"urlTemplate\":\"https:\\\/\\\/www.comprarmejor.es\\\/en\\\/?s={search_term_string}\"},\"query-input\":{\"@type\":\"PropertyValueSpecification\",\"valueRequired\":true,\"valueName\":\"search_term_string\"}}],\"inLanguage\":\"en-US\"},{\"@type\":\"Organization\",\"@id\":\"https:\\\/\\\/www.comprarmejor.es\\\/en\\\/#organization\",\"name\":\"COMPRAR MEJOR\",\"url\":\"https:\\\/\\\/www.comprarmejor.es\\\/en\\\/\",\"logo\":{\"@type\":\"ImageObject\",\"inLanguage\":\"en-US\",\"@id\":\"https:\\\/\\\/www.comprarmejor.es\\\/en\\\/#\\\/schema\\\/logo\\\/image\\\/\",\"url\":\"https:\\\/\\\/www.comprarmejor.es\\\/wp-content\\\/uploads\\\/2025\\\/09\\\/comprarmejortrinidad.jpg\",\"contentUrl\":\"https:\\\/\\\/www.comprarmejor.es\\\/wp-content\\\/uploads\\\/2025\\\/09\\\/comprarmejortrinidad.jpg\",\"width\":1022,\"height\":1380,\"caption\":\"COMPRAR MEJOR\"},\"image\":{\"@id\":\"https:\\\/\\\/www.comprarmejor.es\\\/en\\\/#\\\/schema\\\/logo\\\/image\\\/\"},\"sameAs\":[\"https:\\\/\\\/www.instagram.com\\\/amigosdelcodice\"]}]}<\/script>\n<!-- \/ Yoast SEO plugin. -->","yoast_head_json":{"title":"Wristwatch Lady Tressa, bracelet and solid silver box","description":"Interesting piece of jewelry. Lady wristwatch entirely made of silver, Tressa, Switzerland, c. 1950.","robots":{"index":"index","follow":"follow","max-snippet":"max-snippet:-1","max-image-preview":"max-image-preview:large","max-video-preview":"max-video-preview:-1"},"canonical":"https:\/\/www.comprarmejor.es\/en\/product\/wristwatch-lady-tressa-bracelet-and-solid-silver-box\/","og_locale":"en_US","og_type":"article","og_title":"Wristwatch Lady Tressa, bracelet and solid silver box","og_description":"Interesting piece of jewelry. Lady wristwatch entirely made of silver, Tressa, Switzerland, c. 1950.","og_url":"https:\/\/www.comprarmejor.es\/en\/product\/wristwatch-lady-tressa-bracelet-and-solid-silver-box\/","og_site_name":"ComprarMejor","article_modified_time":"2019-08-28T09:47:41+00:00","og_image":[{"width":600,"height":143,"url":"https:\/\/www.comprarmejor.es\/wp-content\/uploads\/2015\/09\/p_2_3_9_239-Reloj-de-pulsera-dama-marca-Tressa-pulsera-y-caja-en-plata-maciza.jpg","type":"image\/jpeg"}],"twitter_card":"summary_large_image","twitter_misc":{"Est. reading time":"1 minute"},"schema":{"@context":"https:\/\/schema.org","@graph":[{"@type":"WebPage","@id":"https:\/\/www.comprarmejor.es\/en\/product\/wristwatch-lady-tressa-bracelet-and-solid-silver-box\/","url":"https:\/\/www.comprarmejor.es\/en\/product\/wristwatch-lady-tressa-bracelet-and-solid-silver-box\/","name":"Wristwatch Lady Tressa, bracelet and solid silver box","isPartOf":{"@id":"https:\/\/www.comprarmejor.es\/en\/#website"},"primaryImageOfPage":{"@id":"https:\/\/www.comprarmejor.es\/en\/product\/wristwatch-lady-tressa-bracelet-and-solid-silver-box\/#primaryimage"},"image":{"@id":"https:\/\/www.comprarmejor.es\/en\/product\/wristwatch-lady-tressa-bracelet-and-solid-silver-box\/#primaryimage"},"thumbnailUrl":"https:\/\/www.comprarmejor.es\/wp-content\/uploads\/2015\/09\/p_2_3_9_239-Reloj-de-pulsera-dama-marca-Tressa-pulsera-y-caja-en-plata-maciza.jpg","datePublished":"2015-09-01T15:56:03+00:00","dateModified":"2019-08-28T09:47:41+00:00","description":"Interesting piece of jewelry. Lady wristwatch entirely made of silver, Tressa, Switzerland, c. 1950.","breadcrumb":{"@id":"https:\/\/www.comprarmejor.es\/en\/product\/wristwatch-lady-tressa-bracelet-and-solid-silver-box\/#breadcrumb"},"inLanguage":"en-US","potentialAction":[{"@type":"ReadAction","target":["https:\/\/www.comprarmejor.es\/en\/product\/wristwatch-lady-tressa-bracelet-and-solid-silver-box\/"]}]},{"@type":"ImageObject","inLanguage":"en-US","@id":"https:\/\/www.comprarmejor.es\/en\/product\/wristwatch-lady-tressa-bracelet-and-solid-silver-box\/#primaryimage","url":"https:\/\/www.comprarmejor.es\/wp-content\/uploads\/2015\/09\/p_2_3_9_239-Reloj-de-pulsera-dama-marca-Tressa-pulsera-y-caja-en-plata-maciza.jpg","contentUrl":"https:\/\/www.comprarmejor.es\/wp-content\/uploads\/2015\/09\/p_2_3_9_239-Reloj-de-pulsera-dama-marca-Tressa-pulsera-y-caja-en-plata-maciza.jpg","width":600,"height":143},{"@type":"BreadcrumbList","@id":"https:\/\/www.comprarmejor.es\/en\/product\/wristwatch-lady-tressa-bracelet-and-solid-silver-box\/#breadcrumb","itemListElement":[{"@type":"ListItem","position":1,"name":"Portada","item":"https:\/\/www.comprarmejor.es\/en\/"},{"@type":"ListItem","position":2,"name":"Shop","item":"https:\/\/www.comprarmejor.es\/en\/shop\/"},{"@type":"ListItem","position":3,"name":"Wristwatch Lady Tressa, bracelet and solid silver box"}]},{"@type":"WebSite","@id":"https:\/\/www.comprarmejor.es\/en\/#website","url":"https:\/\/www.comprarmejor.es\/en\/","name":"ComprarMejor","description":"ComprarMejor","publisher":{"@id":"https:\/\/www.comprarmejor.es\/en\/#organization"},"potentialAction":[{"@type":"SearchAction","target":{"@type":"EntryPoint","urlTemplate":"https:\/\/www.comprarmejor.es\/en\/?s={search_term_string}"},"query-input":{"@type":"PropertyValueSpecification","valueRequired":true,"valueName":"search_term_string"}}],"inLanguage":"en-US"},{"@type":"Organization","@id":"https:\/\/www.comprarmejor.es\/en\/#organization","name":"COMPRAR MEJOR","url":"https:\/\/www.comprarmejor.es\/en\/","logo":{"@type":"ImageObject","inLanguage":"en-US","@id":"https:\/\/www.comprarmejor.es\/en\/#\/schema\/logo\/image\/","url":"https:\/\/www.comprarmejor.es\/wp-content\/uploads\/2025\/09\/comprarmejortrinidad.jpg","contentUrl":"https:\/\/www.comprarmejor.es\/wp-content\/uploads\/2025\/09\/comprarmejortrinidad.jpg","width":1022,"height":1380,"caption":"COMPRAR MEJOR"},"image":{"@id":"https:\/\/www.comprarmejor.es\/en\/#\/schema\/logo\/image\/"},"sameAs":["https:\/\/www.instagram.com\/amigosdelcodice"]}]}},"_links":{"self":[{"href":"https:\/\/www.comprarmejor.es\/en\/wp-json\/wp\/v2\/product\/46953","targetHints":{"allow":["GET"]}}],"collection":[{"href":"https:\/\/www.comprarmejor.es\/en\/wp-json\/wp\/v2\/product"}],"about":[{"href":"https:\/\/www.comprarmejor.es\/en\/wp-json\/wp\/v2\/types\/product"}],"wp:featuredmedia":[{"embeddable":true,"href":"https:\/\/www.comprarmejor.es\/en\/wp-json\/wp\/v2\/media\/46943"}],"wp:attachment":[{"href":"https:\/\/www.comprarmejor.es\/en\/wp-json\/wp\/v2\/media?parent=46953"}],"wp:term":[{"taxonomy":"product_brand","embeddable":true,"href":"https:\/\/www.comprarmejor.es\/en\/wp-json\/wp\/v2\/product_brand?post=46953"},{"taxonomy":"product_cat","embeddable":true,"href":"https:\/\/www.comprarmejor.es\/en\/wp-json\/wp\/v2\/product_cat?post=46953"},{"taxonomy":"product_tag","embeddable":true,"href":"https:\/\/www.comprarmejor.es\/en\/wp-json\/wp\/v2\/product_tag?post=46953"}],"curies":[{"name":"wp","href":"https:\/\/api.w.org\/{rel}","templated":true}]}}