{"id":46997,"date":"2015-09-01T19:11:30","date_gmt":"2015-09-01T17:11:30","guid":{"rendered":"https:\/\/www.comprarmejor.es\/producto\/cantigas-of-st-maria-of-alfonso-x-the-wise-rich-codex-of-el-escorial-s-xiii\/"},"modified":"2026-04-30T13:00:55","modified_gmt":"2026-04-30T11:00:55","slug":"cantigas-of-st-maria-of-alfonso-x-the-wise-rich-codex-of-el-escorial-s-xiii","status":"publish","type":"product","link":"https:\/\/www.comprarmejor.es\/en\/product\/cantigas-of-st-maria-of-alfonso-x-the-wise-rich-codex-of-el-escorial-s-xiii\/","title":{"rendered":"Cantigas of St. Maria of Alfonso X the Wise, rich codex of El Escorial, s. XIII"},"content":{"rendered":"<p><span class=\"HwtZe\" lang=\"en\"><span class=\"jCAhz ChMk0b\"><span class=\"ryNqvb\">ARTICLE FOR INFORMATIONAL PURPOSES ONLY<\/span><\/span><\/span><\/p>\n<p style=\"text-align: justify;\"><span lang=\"en\" xml:lang=\"en\"><span title=\"Monumental edici\u00f3n de las Cantigas de Santa Mar\u00eda, de Alfonso X el Sabio, con la reproducci\u00f3n facs\u00edmile del c\u00f3dice &quot;rico&quot; TI1 de la Biblioteca de El Escorial (Madrid), primera mitad de la obra magna de Alfonso X el Sabio, iniciada hacia\">Monumental edition of the <strong>Cantigas de Santa Maria<\/strong> of Alfonso X the Wise, with facsimile reproduction of the &#8220;rich&#8221; TI1 codex of the Library of El Escorial (Madrid), first half of the great work of Alfonso X the Wise, began around <\/span><span title=\"1255. Una obra capital de la l\u00edrica medieval europea.\">1255. A capital of European medieval lyrical work. <\/span><span title=\"El c\u00f3dice m\u00e1s bellamente ilustrado de toda la Edad Media espa\u00f1ola.\">The most beautifully illustrated manuscript of the entire Spanish Middle Ages. <\/span><span title=\"El m\u00e1s completo y original cancionero de m\u00fasica popular antigua de Occidente.\">The most complete and original songs of old folk music of the West.<\/span><\/span><\/p>\n<p style=\"text-align: justify;\"><span title=\"Edici\u00f3n de la editorial Edil\u00e1n de 1979, numerada y limitada, agotada desde hace mucho tiempo.\"><span id=\"result_box\" lang=\"en\" xml:lang=\"en\"><span title=\"Con todo el colorido y el fino dise\u00f1o de sus 1.264 miniaturas.\"><span class=\"VIiyi\" lang=\"en\"><span class=\"JLqJ4b ChMk0b\" data-language-for-alternatives=\"en\" data-language-to-translate-into=\"es\" data-phrase-index=\"0\" data-number-of-phrases=\"7\"><span class=\"Q4iAWc\">The first facsimile edition of the most significant work of Spanish art of the Middle Ages.<\/span><\/span> <span class=\"JLqJ4b ChMk0b\" data-language-for-alternatives=\"en\" data-language-to-translate-into=\"es\" data-phrase-index=\"1\" data-number-of-phrases=\"7\"><span class=\"Q4iAWc\">With all the color and fine design of its 1,264 miniatures.<\/span><\/span> <span class=\"JLqJ4b ChMk0b\" data-language-for-alternatives=\"en\" data-language-to-translate-into=\"es\" data-phrase-index=\"2\" data-number-of-phrases=\"7\"><span class=\"Q4iAWc\">Edition of the Edil\u00e1n publishing house of 1979, numbered and limited, out of print for a long time.<\/span><\/span><\/span><\/span><\/span><\/span><\/p>\n<p style=\"text-align: justify;\"><span title=\"La edici\u00f3n, patrocinada por SM el Rey Don Juan Carlos I, se limita a 2.000 ejemplares numerados y consta de dos vol\u00famenes, formato 35 x 50 cm, encuadernados en tabla revestida de piel, seg\u00fan el estilo creado por el artista flamenco Pedro Bosch en el\">The edition, sponsored by HM King Don Juan Carlos I, is limited to 2,000 numbered copies and consists of two volumes, format 35 x 50 cm, bound in fur-lined table, depending on the style created by the Flemish artist Peter Bosch in <\/span><span title=\"siglo XVI para la biblioteca escurialense.\">escurialense sixteenth century to the library. <\/span><span title=\"El primero comprende el facs\u00edmile \u00edntegro, impreso a 8 colores, oro incluido, del c\u00f3dice T.I.1 de la Real Biblioteca del Escorial, a su tama\u00f1o exacto.\">The first comprises the full facsimile, printed to 8 colors, including gold, from the Codex T.I.1 of the Royal Library of the Escorial, to your exact size. <\/span><span title=\"Son 512 p\u00e1ginas de papel pergamino, especialmente fabricado para esta edici\u00f3n, con el texto y la m\u00fasica de 192 cantigas y 1.264 miniaturas de arte g\u00f3tico agrupadas en 212 de dichas p\u00e1ginas.\">Are 512 pages of parchment paper, specially made for this edition, with text and music of 192 and 1,264 miniatures cantigas Gothic art grouped in 212 of these pages.<\/span><\/p>\n<p style=\"text-align: justify;\"><span title=\"El volumen segundo incluye la historia del manuscrito y su estudio codicol\u00f3gico, por Matilde L\u00f3pez Serrano;\">The second volume includes the history of the manuscript and codicological study by Matilde Lopez Serrano; <\/span><span title=\"un estudio filol\u00f3gico y literario de las cantigas, la transcripci\u00f3n de su texto y su traducci\u00f3n al espa\u00f1ol actual, obra todo ello del profesor J. Filgueira Valverde;\">philological and literary study of the songs, transcription of the text and its translation to the current Spanish, all work of Professor J. Filgueira Valverde; <\/span><span title=\"un an\u00e1lisis del arte y valor documental de las miniaturas del c\u00f3dice, por el profesor J. Guerrero Lovillo;\">an analysis of art and documentary value of the miniatures of the codex, by Professor J. Guerrero Lovillo; <\/span><span title=\"y un an\u00e1lisis musicol\u00f3gico de las Cantigas del Rey Sabio, basado en la obra ya cl\u00e1sica de mos\u00e9n Higinio Angl\u00e9s, por el P. Jos\u00e9 M\u00aa Llorens.\">and musicological analysis of the Cantigas of King Sabio, based on the classic work of Mosen Higinio Angl\u00e9s, by Father Jos\u00e9 Mar\u00eda Llorens.<\/span><\/p>\n<p style=\"text-align: justify;\"><span title=\"No se incluyen los discos LP.\"><span class=\"VIiyi\" lang=\"en\"><span class=\"JLqJ4b ChMk0b\" data-language-for-alternatives=\"en\" data-language-to-translate-into=\"es\" data-phrase-index=\"4\" data-number-of-phrases=\"7\"><span class=\"Q4iAWc\">Total weight of both volumes of 16.2 kg.<\/span><\/span> <span class=\"JLqJ4b ChMk0b\" data-language-for-alternatives=\"en\" data-language-to-translate-into=\"es\" data-phrase-index=\"5\" data-number-of-phrases=\"7\"><span class=\"Q4iAWc\">Only copy available at this exceptional price, in perfect condition.<\/span><\/span> <span class=\"JLqJ4b ChMk0b\" data-language-for-alternatives=\"en\" data-language-to-translate-into=\"es\" data-phrase-index=\"6\" data-number-of-phrases=\"7\"><span class=\"Q4iAWc\">The 2 LP records are included.<\/span><\/span><\/span><\/span><\/p>\n<p style=\"text-align: justify;\"><span title=\"Una ventana abierta a la vida espa\u00f1ola de hace m\u00e1s de 700 a\u00f1os.\">A window into the Spanish life over 700 years ago. <\/span><span title=\"Las 1.264 primorosas miniaturas del c\u00f3dice escurialense TI1 de las Cantigas en loor de Santa Mar\u00eda del rey Alfonso X el Sabio, pintadas hacia el a\u00f1o 1280, aparte de su indiscutido valor art\u00edstico, poseen un inter\u00e9s arqueol\u00f3gico y documental de primer orden.\">The exquisite miniatures 1,264 TI1 Escorial codex in praise of the Cantigas de Santa Maria of King Alfonso X the Wise, painted circa 1280, apart from its undisputed artistic value, have an archaeological and documentary of the first order. <\/span><span title=\"Por ellas desfila toda la tipolog\u00eda humana de la Espa\u00f1a del siglo XIII -jud\u00edos, moros y cristianos, cl\u00e9rigos y seglares, pr\u00edncipes y plebeyos, guerreros y artesanos, damas, mozos, ancianos, reci\u00e9n nacidos...-, juntamente con su entorno dom\u00e9stico\">By parading them throughout the human typology of the XIII century Spain-Jews, Moors and Christians, clergy and laity, princes and commoners, warriors and artisans, ladies, youths, the elderly, newborns &#8230;- together with their domestic environment <\/span><span title=\"y social -muebles, ropajes, tocados, utensilios, instrumentos musicales, armas, ornamentos, medios de transporte, conjuntos urbanos, interiores, comercios, fiestas, duelos, escenarios b\u00e9licos, fortificaciones, iglesias, altares, juegos-, en una serie de estampas\">and social-furniture, clothing, headgear, utensils, musical instruments, weapons, ornaments, transportation, urban complexes, interiors, shops, parties, duels, battlegrounds, forts, churches, altars, games-, in a series of prints <\/span><span title=\"vivas y expresivas, llenas de movimiento y colorido, que bien pudiera compararse con un documental cinematogr\u00e1fico de la vida espa\u00f1ola en el siglo XIII.\">alive and expressive, full of movement and color, which could well be compared to a film documentary of Spanish life in the thirteenth century.<\/span><\/p>\n<p style=\"text-align: justify;\"><span title=\"La mayor\u00eda de las cantigas relatan milagros marianos de muy variada tem\u00e1tica y ambientaci\u00f3n.\">Most of the songs tell Marian miracles of varied themes and atmosphere. <\/span><span title=\"Esta variedad es la que se transmite a las miniaturas para convertirlas en un bell\u00edsimo friso ilustrativo de aquel mosaico de razas, culturas y creencias que fue la Espa\u00f1a de hace m\u00e1s de 700 a\u00f1os.\">This variety is transmitted on thumbnails to turn them into a beautiful frieze illustrating that mosaic of races, cultures and beliefs that Spain was over 700 years ago.<\/span><\/p>\n<p style=\"text-align: justify;\"><span title=\"Gastos de env\u00edo por cuenta del comprador, seg\u00fan pedido y destino.\">The complete works of the Cantigas of Alfonso X the Wise consists of two codices: the codex of the Dump and the <span style=\"color: #d0121a;\"><strong><a href=\"http:\/\/comprarmejor.es\/en\/facsimiles\/176-cantigas-de-santa-maria-of-alfonso-x-the-wise-florentine-codex-s-xiii\" target=\"_blank\" rel=\"noopener noreferrer\"><span style=\"color: #d0121a;\">codex of Florence<\/span><\/a><\/strong><\/span>, also available.<\/span><\/p>\n<p style=\"text-align: justify;\"><span class=\"VIiyi\" lang=\"en\"><span class=\"JLqJ4b ChMk0b C1N51c\" data-language-for-alternatives=\"en\" data-language-to-translate-into=\"es\" data-phrase-index=\"8\" data-number-of-phrases=\"10\"><span class=\"Q4iAWc\">Retail Price: 5.000 \u20ac<\/span><\/span><\/span>. <span title=\"Cons\u00faltenos cualquier duda.\"><a class=\"btn btn-default\" href=\"https:\/\/www.comprarmejor.es\/en\/contact\/\">Ask us<\/a> <span class=\"VIiyi\" lang=\"en\"><span class=\"JLqJ4b ChMk0b\" data-language-for-alternatives=\"en\" data-language-to-translate-into=\"es\" data-phrase-index=\"9\" data-number-of-phrases=\"10\"><span class=\"Q4iAWc\">any questions you may have, indicating the article reference.<\/span><\/span><\/span><\/span><\/p>\n<p style=\"text-align: justify;\"><span lang=\"en\" xml:lang=\"en\"><span title=\"Cons\u00faltenos cualquier duda.\"><span lang=\"en\" xml:lang=\"en\"><span class=\"hps\">This<\/span> <span class=\"hps\">code has been<\/span> <span class=\"hps\">made<\/span> <span class=\"hps\">a few years ago<\/span> <span class=\"hps\">a new<\/span> <span class=\"hps\">facsimile<\/span> <span class=\"hps\">edition spectacular,<\/span> <span class=\"hps\">much more expensive and<\/span> <span class=\"hps\">with<\/span> <span class=\"hps\">the latest techniques,<\/span> <span class=\"hps\">by<\/span> <span class=\"hps\">publishing<\/span>\u00a0<span style=\"color: #d0121a;\"><strong><a href=\"http:\/\/comprarmejor.es\/en\/testimony-cia-publishing\/167-cantigas-de-santa-maria-alfonso-x-the-wise-s-xiii-codex-rico-el-escorial-new-edition\" target=\"_blank\" rel=\"noopener noreferrer\"><span style=\"color: #d0121a;\">Testimonio<\/span><\/a><\/strong><\/span> <span class=\"hps\">also<\/span> <span class=\"hps\">available on our website<\/span>.<\/span><\/span><\/span><\/p>\n","protected":false},"excerpt":{"rendered":"<p style=\"text-align: justify;\"><span id=\"result_box\" lang=\"en\" xml:lang=\"en\"><span title=\"Monumental edici\u00f3n de las Cantigas de Santa Mar\u00eda, de Alfonso X el Sabio, con la reproducci\u00f3n facs\u00edmile del c\u00f3dice &quot;rico&quot; de la Biblioteca de El Escorial.\">Monumental edition of the Cantigas de Santa Maria of Alfonso X the Wise, with facsimile reproduction of the &#8220;rich&#8221; codex of the Library of El Escorial. <\/span><span title=\"Una obra capital de la l\u00edrica medieval europea.\">A masterpiece of medieval European poetry. <\/span><span title=\"El c\u00f3dice m\u00e1s bellamente ilustrado de toda la Edad Media espa\u00f1ola.\">The most beautifully illustrated manuscript of the entire Spanish Middle Ages. <\/span><span title=\"El m\u00e1s completo y original cancionero de m\u00fasica popular antigua de Occidente.\">The most complete and original songs of old folk music of the West.<\/span><\/span><\/p>\n","protected":false},"featured_media":46973,"template":"","meta":[],"product_brand":[],"product_cat":[2250],"product_tag":[5762,4242,3984],"class_list":{"0":"post-46997","1":"product","2":"type-product","3":"status-publish","4":"has-post-thumbnail","6":"product_cat-other-facsimiles","7":"product_tag-alfonso-x-el-sabio-en","8":"product_tag-cantigas-en","9":"product_tag-escorial-en-2","10":"description-off","12":"first","13":"instock","14":"taxable","15":"shipping-taxable","16":"purchasable","17":"product-type-simple"},"yoast_head":"<!-- This site is optimized with the Yoast SEO plugin v27.3 - https:\/\/yoast.com\/product\/yoast-seo-wordpress\/ -->\n<title>Cantigas of St. Maria of Alfonso X the Wise, codex Escorial, s. XIII<\/title>\n<meta name=\"description\" content=\"Cantigas of St. Maria of Alfonso X the Wise, codex Escorial. The most beautifully illustrated manuscript of the entire Spanish Middle Ages.\" \/>\n<meta name=\"robots\" content=\"index, follow, max-snippet:-1, max-image-preview:large, max-video-preview:-1\" \/>\n<link rel=\"canonical\" href=\"https:\/\/www.comprarmejor.es\/en\/product\/cantigas-of-st-maria-of-alfonso-x-the-wise-rich-codex-of-el-escorial-s-xiii\/\" \/>\n<meta property=\"og:locale\" content=\"en_US\" \/>\n<meta property=\"og:type\" content=\"article\" \/>\n<meta property=\"og:title\" content=\"Cantigas of St. Maria of Alfonso X the Wise, codex Escorial, s. XIII\" \/>\n<meta property=\"og:description\" content=\"Cantigas of St. Maria of Alfonso X the Wise, codex Escorial. The most beautifully illustrated manuscript of the entire Spanish Middle Ages.\" \/>\n<meta property=\"og:url\" content=\"https:\/\/www.comprarmejor.es\/en\/product\/cantigas-of-st-maria-of-alfonso-x-the-wise-rich-codex-of-el-escorial-s-xiii\/\" \/>\n<meta property=\"og:site_name\" content=\"ComprarMejor\" \/>\n<meta property=\"article:modified_time\" content=\"2026-04-30T11:00:55+00:00\" \/>\n<meta property=\"og:image\" content=\"https:\/\/www.comprarmejor.es\/wp-content\/uploads\/2015\/09\/p_2_6_5_265-Cantigas-de-Santa-Maria-de-Alfonso-X-el-Sabio-codice-rico-de-El-Escorial-s.-XIII.jpg\" \/>\n\t<meta property=\"og:image:width\" content=\"600\" \/>\n\t<meta property=\"og:image:height\" content=\"450\" \/>\n\t<meta property=\"og:image:type\" content=\"image\/jpeg\" \/>\n<meta name=\"twitter:card\" content=\"summary_large_image\" \/>\n<meta name=\"twitter:label1\" content=\"Est. reading time\" \/>\n\t<meta name=\"twitter:data1\" content=\"3 minutes\" \/>\n<script type=\"application\/ld+json\" class=\"yoast-schema-graph\">{\"@context\":\"https:\\\/\\\/schema.org\",\"@graph\":[{\"@type\":\"WebPage\",\"@id\":\"https:\\\/\\\/www.comprarmejor.es\\\/en\\\/product\\\/cantigas-of-st-maria-of-alfonso-x-the-wise-rich-codex-of-el-escorial-s-xiii\\\/\",\"url\":\"https:\\\/\\\/www.comprarmejor.es\\\/en\\\/product\\\/cantigas-of-st-maria-of-alfonso-x-the-wise-rich-codex-of-el-escorial-s-xiii\\\/\",\"name\":\"Cantigas of St. Maria of Alfonso X the Wise, codex Escorial, s. XIII\",\"isPartOf\":{\"@id\":\"https:\\\/\\\/www.comprarmejor.es\\\/en\\\/#website\"},\"primaryImageOfPage\":{\"@id\":\"https:\\\/\\\/www.comprarmejor.es\\\/en\\\/product\\\/cantigas-of-st-maria-of-alfonso-x-the-wise-rich-codex-of-el-escorial-s-xiii\\\/#primaryimage\"},\"image\":{\"@id\":\"https:\\\/\\\/www.comprarmejor.es\\\/en\\\/product\\\/cantigas-of-st-maria-of-alfonso-x-the-wise-rich-codex-of-el-escorial-s-xiii\\\/#primaryimage\"},\"thumbnailUrl\":\"https:\\\/\\\/www.comprarmejor.es\\\/wp-content\\\/uploads\\\/2015\\\/09\\\/p_2_6_5_265-Cantigas-de-Santa-Maria-de-Alfonso-X-el-Sabio-codice-rico-de-El-Escorial-s.-XIII.jpg\",\"datePublished\":\"2015-09-01T17:11:30+00:00\",\"dateModified\":\"2026-04-30T11:00:55+00:00\",\"description\":\"Cantigas of St. Maria of Alfonso X the Wise, codex Escorial. The most beautifully illustrated manuscript of the entire Spanish Middle Ages.\",\"breadcrumb\":{\"@id\":\"https:\\\/\\\/www.comprarmejor.es\\\/en\\\/product\\\/cantigas-of-st-maria-of-alfonso-x-the-wise-rich-codex-of-el-escorial-s-xiii\\\/#breadcrumb\"},\"inLanguage\":\"en-US\",\"potentialAction\":[{\"@type\":\"ReadAction\",\"target\":[\"https:\\\/\\\/www.comprarmejor.es\\\/en\\\/product\\\/cantigas-of-st-maria-of-alfonso-x-the-wise-rich-codex-of-el-escorial-s-xiii\\\/\"]}]},{\"@type\":\"ImageObject\",\"inLanguage\":\"en-US\",\"@id\":\"https:\\\/\\\/www.comprarmejor.es\\\/en\\\/product\\\/cantigas-of-st-maria-of-alfonso-x-the-wise-rich-codex-of-el-escorial-s-xiii\\\/#primaryimage\",\"url\":\"https:\\\/\\\/www.comprarmejor.es\\\/wp-content\\\/uploads\\\/2015\\\/09\\\/p_2_6_5_265-Cantigas-de-Santa-Maria-de-Alfonso-X-el-Sabio-codice-rico-de-El-Escorial-s.-XIII.jpg\",\"contentUrl\":\"https:\\\/\\\/www.comprarmejor.es\\\/wp-content\\\/uploads\\\/2015\\\/09\\\/p_2_6_5_265-Cantigas-de-Santa-Maria-de-Alfonso-X-el-Sabio-codice-rico-de-El-Escorial-s.-XIII.jpg\",\"width\":600,\"height\":450},{\"@type\":\"BreadcrumbList\",\"@id\":\"https:\\\/\\\/www.comprarmejor.es\\\/en\\\/product\\\/cantigas-of-st-maria-of-alfonso-x-the-wise-rich-codex-of-el-escorial-s-xiii\\\/#breadcrumb\",\"itemListElement\":[{\"@type\":\"ListItem\",\"position\":1,\"name\":\"Portada\",\"item\":\"https:\\\/\\\/www.comprarmejor.es\\\/en\\\/\"},{\"@type\":\"ListItem\",\"position\":2,\"name\":\"Shop\",\"item\":\"https:\\\/\\\/www.comprarmejor.es\\\/en\\\/shop\\\/\"},{\"@type\":\"ListItem\",\"position\":3,\"name\":\"Cantigas of St. Maria of Alfonso X the Wise, rich codex of El Escorial, s. XIII\"}]},{\"@type\":\"WebSite\",\"@id\":\"https:\\\/\\\/www.comprarmejor.es\\\/en\\\/#website\",\"url\":\"https:\\\/\\\/www.comprarmejor.es\\\/en\\\/\",\"name\":\"ComprarMejor\",\"description\":\"ComprarMejor\",\"publisher\":{\"@id\":\"https:\\\/\\\/www.comprarmejor.es\\\/en\\\/#organization\"},\"potentialAction\":[{\"@type\":\"SearchAction\",\"target\":{\"@type\":\"EntryPoint\",\"urlTemplate\":\"https:\\\/\\\/www.comprarmejor.es\\\/en\\\/?s={search_term_string}\"},\"query-input\":{\"@type\":\"PropertyValueSpecification\",\"valueRequired\":true,\"valueName\":\"search_term_string\"}}],\"inLanguage\":\"en-US\"},{\"@type\":\"Organization\",\"@id\":\"https:\\\/\\\/www.comprarmejor.es\\\/en\\\/#organization\",\"name\":\"COMPRAR MEJOR\",\"url\":\"https:\\\/\\\/www.comprarmejor.es\\\/en\\\/\",\"logo\":{\"@type\":\"ImageObject\",\"inLanguage\":\"en-US\",\"@id\":\"https:\\\/\\\/www.comprarmejor.es\\\/en\\\/#\\\/schema\\\/logo\\\/image\\\/\",\"url\":\"https:\\\/\\\/www.comprarmejor.es\\\/wp-content\\\/uploads\\\/2025\\\/09\\\/comprarmejortrinidad.jpg\",\"contentUrl\":\"https:\\\/\\\/www.comprarmejor.es\\\/wp-content\\\/uploads\\\/2025\\\/09\\\/comprarmejortrinidad.jpg\",\"width\":1022,\"height\":1380,\"caption\":\"COMPRAR MEJOR\"},\"image\":{\"@id\":\"https:\\\/\\\/www.comprarmejor.es\\\/en\\\/#\\\/schema\\\/logo\\\/image\\\/\"},\"sameAs\":[\"https:\\\/\\\/www.instagram.com\\\/amigosdelcodice\"]}]}<\/script>\n<!-- \/ Yoast SEO plugin. -->","yoast_head_json":{"title":"Cantigas of St. Maria of Alfonso X the Wise, codex Escorial, s. XIII","description":"Cantigas of St. Maria of Alfonso X the Wise, codex Escorial. The most beautifully illustrated manuscript of the entire Spanish Middle Ages.","robots":{"index":"index","follow":"follow","max-snippet":"max-snippet:-1","max-image-preview":"max-image-preview:large","max-video-preview":"max-video-preview:-1"},"canonical":"https:\/\/www.comprarmejor.es\/en\/product\/cantigas-of-st-maria-of-alfonso-x-the-wise-rich-codex-of-el-escorial-s-xiii\/","og_locale":"en_US","og_type":"article","og_title":"Cantigas of St. Maria of Alfonso X the Wise, codex Escorial, s. XIII","og_description":"Cantigas of St. Maria of Alfonso X the Wise, codex Escorial. The most beautifully illustrated manuscript of the entire Spanish Middle Ages.","og_url":"https:\/\/www.comprarmejor.es\/en\/product\/cantigas-of-st-maria-of-alfonso-x-the-wise-rich-codex-of-el-escorial-s-xiii\/","og_site_name":"ComprarMejor","article_modified_time":"2026-04-30T11:00:55+00:00","og_image":[{"width":600,"height":450,"url":"https:\/\/www.comprarmejor.es\/wp-content\/uploads\/2015\/09\/p_2_6_5_265-Cantigas-de-Santa-Maria-de-Alfonso-X-el-Sabio-codice-rico-de-El-Escorial-s.-XIII.jpg","type":"image\/jpeg"}],"twitter_card":"summary_large_image","twitter_misc":{"Est. reading time":"3 minutes"},"schema":{"@context":"https:\/\/schema.org","@graph":[{"@type":"WebPage","@id":"https:\/\/www.comprarmejor.es\/en\/product\/cantigas-of-st-maria-of-alfonso-x-the-wise-rich-codex-of-el-escorial-s-xiii\/","url":"https:\/\/www.comprarmejor.es\/en\/product\/cantigas-of-st-maria-of-alfonso-x-the-wise-rich-codex-of-el-escorial-s-xiii\/","name":"Cantigas of St. Maria of Alfonso X the Wise, codex Escorial, s. XIII","isPartOf":{"@id":"https:\/\/www.comprarmejor.es\/en\/#website"},"primaryImageOfPage":{"@id":"https:\/\/www.comprarmejor.es\/en\/product\/cantigas-of-st-maria-of-alfonso-x-the-wise-rich-codex-of-el-escorial-s-xiii\/#primaryimage"},"image":{"@id":"https:\/\/www.comprarmejor.es\/en\/product\/cantigas-of-st-maria-of-alfonso-x-the-wise-rich-codex-of-el-escorial-s-xiii\/#primaryimage"},"thumbnailUrl":"https:\/\/www.comprarmejor.es\/wp-content\/uploads\/2015\/09\/p_2_6_5_265-Cantigas-de-Santa-Maria-de-Alfonso-X-el-Sabio-codice-rico-de-El-Escorial-s.-XIII.jpg","datePublished":"2015-09-01T17:11:30+00:00","dateModified":"2026-04-30T11:00:55+00:00","description":"Cantigas of St. Maria of Alfonso X the Wise, codex Escorial. The most beautifully illustrated manuscript of the entire Spanish Middle Ages.","breadcrumb":{"@id":"https:\/\/www.comprarmejor.es\/en\/product\/cantigas-of-st-maria-of-alfonso-x-the-wise-rich-codex-of-el-escorial-s-xiii\/#breadcrumb"},"inLanguage":"en-US","potentialAction":[{"@type":"ReadAction","target":["https:\/\/www.comprarmejor.es\/en\/product\/cantigas-of-st-maria-of-alfonso-x-the-wise-rich-codex-of-el-escorial-s-xiii\/"]}]},{"@type":"ImageObject","inLanguage":"en-US","@id":"https:\/\/www.comprarmejor.es\/en\/product\/cantigas-of-st-maria-of-alfonso-x-the-wise-rich-codex-of-el-escorial-s-xiii\/#primaryimage","url":"https:\/\/www.comprarmejor.es\/wp-content\/uploads\/2015\/09\/p_2_6_5_265-Cantigas-de-Santa-Maria-de-Alfonso-X-el-Sabio-codice-rico-de-El-Escorial-s.-XIII.jpg","contentUrl":"https:\/\/www.comprarmejor.es\/wp-content\/uploads\/2015\/09\/p_2_6_5_265-Cantigas-de-Santa-Maria-de-Alfonso-X-el-Sabio-codice-rico-de-El-Escorial-s.-XIII.jpg","width":600,"height":450},{"@type":"BreadcrumbList","@id":"https:\/\/www.comprarmejor.es\/en\/product\/cantigas-of-st-maria-of-alfonso-x-the-wise-rich-codex-of-el-escorial-s-xiii\/#breadcrumb","itemListElement":[{"@type":"ListItem","position":1,"name":"Portada","item":"https:\/\/www.comprarmejor.es\/en\/"},{"@type":"ListItem","position":2,"name":"Shop","item":"https:\/\/www.comprarmejor.es\/en\/shop\/"},{"@type":"ListItem","position":3,"name":"Cantigas of St. Maria of Alfonso X the Wise, rich codex of El Escorial, s. XIII"}]},{"@type":"WebSite","@id":"https:\/\/www.comprarmejor.es\/en\/#website","url":"https:\/\/www.comprarmejor.es\/en\/","name":"ComprarMejor","description":"ComprarMejor","publisher":{"@id":"https:\/\/www.comprarmejor.es\/en\/#organization"},"potentialAction":[{"@type":"SearchAction","target":{"@type":"EntryPoint","urlTemplate":"https:\/\/www.comprarmejor.es\/en\/?s={search_term_string}"},"query-input":{"@type":"PropertyValueSpecification","valueRequired":true,"valueName":"search_term_string"}}],"inLanguage":"en-US"},{"@type":"Organization","@id":"https:\/\/www.comprarmejor.es\/en\/#organization","name":"COMPRAR MEJOR","url":"https:\/\/www.comprarmejor.es\/en\/","logo":{"@type":"ImageObject","inLanguage":"en-US","@id":"https:\/\/www.comprarmejor.es\/en\/#\/schema\/logo\/image\/","url":"https:\/\/www.comprarmejor.es\/wp-content\/uploads\/2025\/09\/comprarmejortrinidad.jpg","contentUrl":"https:\/\/www.comprarmejor.es\/wp-content\/uploads\/2025\/09\/comprarmejortrinidad.jpg","width":1022,"height":1380,"caption":"COMPRAR MEJOR"},"image":{"@id":"https:\/\/www.comprarmejor.es\/en\/#\/schema\/logo\/image\/"},"sameAs":["https:\/\/www.instagram.com\/amigosdelcodice"]}]}},"_links":{"self":[{"href":"https:\/\/www.comprarmejor.es\/en\/wp-json\/wp\/v2\/product\/46997","targetHints":{"allow":["GET"]}}],"collection":[{"href":"https:\/\/www.comprarmejor.es\/en\/wp-json\/wp\/v2\/product"}],"about":[{"href":"https:\/\/www.comprarmejor.es\/en\/wp-json\/wp\/v2\/types\/product"}],"wp:featuredmedia":[{"embeddable":true,"href":"https:\/\/www.comprarmejor.es\/en\/wp-json\/wp\/v2\/media\/46973"}],"wp:attachment":[{"href":"https:\/\/www.comprarmejor.es\/en\/wp-json\/wp\/v2\/media?parent=46997"}],"wp:term":[{"taxonomy":"product_brand","embeddable":true,"href":"https:\/\/www.comprarmejor.es\/en\/wp-json\/wp\/v2\/product_brand?post=46997"},{"taxonomy":"product_cat","embeddable":true,"href":"https:\/\/www.comprarmejor.es\/en\/wp-json\/wp\/v2\/product_cat?post=46997"},{"taxonomy":"product_tag","embeddable":true,"href":"https:\/\/www.comprarmejor.es\/en\/wp-json\/wp\/v2\/product_tag?post=46997"}],"curies":[{"name":"wp","href":"https:\/\/api.w.org\/{rel}","templated":true}]}}