{"id":47019,"date":"2015-09-04T10:11:26","date_gmt":"2015-09-04T08:11:26","guid":{"rendered":"https:\/\/www.comprarmejor.es\/producto\/conan-the-barbarian-individual-copies-from-1983-1992\/"},"modified":"2019-08-28T11:57:04","modified_gmt":"2019-08-28T09:57:04","slug":"conan-the-barbarian-individual-copies-from-1983-1992","status":"publish","type":"product","link":"https:\/\/www.comprarmejor.es\/en\/product\/conan-the-barbarian-individual-copies-from-1983-1992\/","title":{"rendered":"Conan the Barbarian, individual copies (from 1983-1992)"},"content":{"rendered":"<p style=\"text-align:justify;\"><span id=\"result_box\" lang=\"en\" xml:lang=\"en\"><span title=\"Ejemplares sueltos de la revista del c\u00f3mic a todo color editada en Espa\u00f1a por C\u00f3mics Forum desde 1983 hasta septiembre de 1992 del m\u00edtico Conan el B\u00e1rbaro.\">Single copies of the magazine in full color comic book published in Spain by Comics Forum from 1983 to September 1992 the legendary <strong>Conan the Barbarian<\/strong> copies. <\/span><span title=\"Primera edici\u00f3n.\">First edition. <\/span><span title=\"Casi todos los ejemplares se encuentran en perfecto estado.\">Almost all copies are in perfect condition. <\/span><span title=\"Precio indicado orientativo por ejemplar.\">Indicative price per copy indicated. <\/span><span title=\"Consulte por los ejemplares que le interesar\u00edan y le informamos del precio final y del estado en el que se encuentran.\">Ask for the copies that would be interested and informed of the final price and the state in which they find themselves.<\/p>\n<p><\/span><span title=\"Relaci\u00f3n de n\u00fameros de ejemplares disponibles (listado actualizado):\">Relationship number of copies available (updated list):<\/p>\n<p><\/span><span title=\"41, 42, 43, 44, 45, 46, 47, 49, 51, 54, 56, 57, 58, 59, 60, 61, 62, 63, 64, 65, 67, 68, 69, 70, 71,\">41, 42, 43, 44, 45, 46, 47, 49, 51, 54, 56, 57, 58, 59, 60, 61, 62, 63, 64, 65, 67, 68, 69, 70, 71, <\/span><span title=\"72, 73, 76, 77, 78, 79, 80, 81, 82, 83, 84, 85, 86, 87, 88, 89, 90, 91, 92, 93, 95, 96, 97, 98, 99,\">72, 73, 76, 77, 78, 79, 80, 81, 82, 83, 84, 85, 86, 87, 88, 89, 90, 91, 92, 93, 95, 96, 97, 98, 99, <\/span><span title=\"100, 102, 103, 104, 106, 107, 108, 109, 110, 111, 112, 113, 115, 117, 118, 121, 124, 125, 126, 127, 128, 129, 130, 131, 132,\">100, 102, 103, 104, 106, 107, 108, 109, 110, 111, 112, 113, 115, 117, 118, 121, 124, 125, 126, 127, 128, 129, 130, 131, 132, <\/span><span title=\"133, 134, 135, 136, 137, 138, 139, 140, 141, 142, 143, 144, 145, 146, 147, 150, 151, 153, 154, 155, 156, 157, 158, 160, 161,\">133, 134, 135, 136, 137, 138, 139, 140, 141, 142, 143, 144, 145, 146, 147, 150, 151, 153, 154, 155, 156, 157, 158, 160, 161, <\/span><span title=\"162, 163, 165, 167, 169, 170, 171, 172, 173, 174, 175, 176, 177, 178, 180, 187.\">162, 163, 165, 167, 169, 170, 171, 172, 173, 174, 175, 176, 177, 178, 180, 187.<\/p>\n<p><\/span><span title=\"Todos estos ejemplares est\u00e1n sueltos, \u00edntegros, con sus guardas;\">All these copies are loose, upright, with their guards; <\/span><span title=\"algunos provienen de \u00e1lbumes de retapados y unos pocos tienen el precio borrado;\">some come from retapados albums and a few are priced deleted; <\/span><span title=\"otros est\u00e1n completamente nuevos.\">others are completely new. <\/span><span title=\"Cons\u00faltenos por los que le interesen y le informaremos de su estado, si estos datos fueran imprescindibles para tomar su decisi\u00f3n. \u00a0\">Contact us for that interest you and inform you of your status, if these data are essential to make your decision.<br \/>\u00a0<br \/><\/span><span title=\"Tambi\u00e9n tenemos de Conan el B\u00e1rbaro:\">We also have <strong>Conan the Barbarian<\/strong>:<\/p>\n<p><\/span><span title=\"Extra junio 1986 especial vacaciones, 68 p\u00e1ginas. \u00a0\">Extra special holiday in June 1986, 68 pages.<br \/>\u00a0<br \/><\/span><span title=\"Retapado \u00e1lbum especial que contiene el extra abril 1987 primavera, fuera de la numeraci\u00f3n habitual, con 2 episodios in\u00e9ditos (64 p\u00e1ginas) y el especial Clavos Rojos de 64 p\u00e1ginas.\">Recapping special album containing the extra spring in April 1987, outside the usual numbered, with 2 unreleased episodes (64 pages) and special Red Nails 64 pages. <\/span><span title=\"Totalmente nuevo. \u00a0\">Brand new.<br \/>\u00a0<br \/><\/span><span title=\"Retapado ejemplares en un solo libro: 156, 157, 158, 159, 160, de la 1\u00aa edici\u00f3n, \u00edntegros, con sus guardas.\">Recapping copies in one book: 156, 157, 158, 159, 160, 1st edition, whole, with their guards. <\/span><span title=\"Totalmente nuevo.\">Brand new.<\/p>\n<p><\/span><span title=\"Gastos de env\u00edo por cuenta del comprador, seg\u00fan pedido y destino.\">Shipping by the buyer, upon request and destination.\u00a0<\/span><span title=\"Cons\u00faltenos cualquier duda.\"><a class=\"btn btn-default\" href=\"http:\/\/comprarmejor.es\/en\/contact\">Ask us<\/a> any questions.<\/span><\/span><\/p>\n","protected":false},"excerpt":{"rendered":"<p style=\"text-align:justify;\"><span id=\"result_box\" lang=\"en\" xml:lang=\"en\"><span title=\"Ejemplares sueltos de la revista del c\u00f3mic a todo color editada en Espa\u00f1a por C\u00f3mics Forum desde 1983 hasta septiembre de 1992 del m\u00edtico Conan el B\u00e1rbaro.\">Single copies of the magazine in full color comic book published in Spain by Comics Forum from 1983 to September 1992 the legendary Conan the Barbarian copies. <\/span><span title=\"Primera edici\u00f3n.\">First edition. <\/span><span title=\"Casi todos los ejemplares se encuentran en perfecto estado.\">Almost all copies are in perfect condition. <\/span><span title=\"Precio indicado orientativo por ejemplar.\">Indicative price per copy indicated. <\/span><span title=\"Consulte por los ejemplares que le interesar\u00edan y le informamos del precio final y del estado en el que se encuentran.\">Ask for the copies that would be interested and informed of the final price and the state in which they find themselves.<\/span><\/span><\/p>\n","protected":false},"featured_media":47003,"template":"","meta":[],"product_brand":[],"product_cat":[2192,2218],"product_tag":[5046],"class_list":{"0":"post-47019","1":"product","2":"type-product","3":"status-publish","4":"has-post-thumbnail","6":"product_cat-collecting","7":"product_cat-comics-and-cartoons","8":"product_tag-conan-en","9":"product_shipping_class-from-0-to-1-kg","10":"description-off","12":"first","13":"instock","14":"taxable","15":"shipping-taxable","16":"purchasable","17":"product-type-simple"},"yoast_head":"<!-- This site is optimized with the Yoast SEO plugin v27.3 - https:\/\/yoast.com\/product\/yoast-seo-wordpress\/ -->\n<title>Conan the Barbarian, individual copies (from 1983-1992)<\/title>\n<meta name=\"description\" content=\"Single copies of the magazine in full color comic book published in Spain by Comics Forum from 1983 to September 1992 the legendary Conan the Barbarian copies.\" \/>\n<meta name=\"robots\" content=\"index, follow, max-snippet:-1, max-image-preview:large, max-video-preview:-1\" \/>\n<link rel=\"canonical\" href=\"https:\/\/www.comprarmejor.es\/en\/product\/conan-the-barbarian-individual-copies-from-1983-1992\/\" \/>\n<meta property=\"og:locale\" content=\"en_US\" \/>\n<meta property=\"og:type\" content=\"article\" \/>\n<meta property=\"og:title\" content=\"Conan the Barbarian, individual copies (from 1983-1992)\" \/>\n<meta property=\"og:description\" content=\"Single copies of the magazine in full color comic book published in Spain by Comics Forum from 1983 to September 1992 the legendary Conan the Barbarian copies.\" \/>\n<meta property=\"og:url\" content=\"https:\/\/www.comprarmejor.es\/en\/product\/conan-the-barbarian-individual-copies-from-1983-1992\/\" \/>\n<meta property=\"og:site_name\" content=\"ComprarMejor\" \/>\n<meta property=\"article:modified_time\" content=\"2019-08-28T09:57:04+00:00\" \/>\n<meta property=\"og:image\" content=\"https:\/\/www.comprarmejor.es\/wp-content\/uploads\/2015\/09\/p_2_7_2_272-Conan-el-Barbaro-ejemplares-sueltos-desde-1983-a-1992.jpg\" \/>\n\t<meta property=\"og:image:width\" content=\"600\" \/>\n\t<meta property=\"og:image:height\" content=\"450\" \/>\n\t<meta property=\"og:image:type\" content=\"image\/jpeg\" \/>\n<meta name=\"twitter:card\" content=\"summary_large_image\" \/>\n<meta name=\"twitter:label1\" content=\"Est. reading time\" \/>\n\t<meta name=\"twitter:data1\" content=\"1 minute\" \/>\n<script type=\"application\/ld+json\" class=\"yoast-schema-graph\">{\"@context\":\"https:\\\/\\\/schema.org\",\"@graph\":[{\"@type\":\"WebPage\",\"@id\":\"https:\\\/\\\/www.comprarmejor.es\\\/en\\\/product\\\/conan-the-barbarian-individual-copies-from-1983-1992\\\/\",\"url\":\"https:\\\/\\\/www.comprarmejor.es\\\/en\\\/product\\\/conan-the-barbarian-individual-copies-from-1983-1992\\\/\",\"name\":\"Conan the Barbarian, individual copies (from 1983-1992)\",\"isPartOf\":{\"@id\":\"https:\\\/\\\/www.comprarmejor.es\\\/en\\\/#website\"},\"primaryImageOfPage\":{\"@id\":\"https:\\\/\\\/www.comprarmejor.es\\\/en\\\/product\\\/conan-the-barbarian-individual-copies-from-1983-1992\\\/#primaryimage\"},\"image\":{\"@id\":\"https:\\\/\\\/www.comprarmejor.es\\\/en\\\/product\\\/conan-the-barbarian-individual-copies-from-1983-1992\\\/#primaryimage\"},\"thumbnailUrl\":\"https:\\\/\\\/www.comprarmejor.es\\\/wp-content\\\/uploads\\\/2015\\\/09\\\/p_2_7_2_272-Conan-el-Barbaro-ejemplares-sueltos-desde-1983-a-1992.jpg\",\"datePublished\":\"2015-09-04T08:11:26+00:00\",\"dateModified\":\"2019-08-28T09:57:04+00:00\",\"description\":\"Single copies of the magazine in full color comic book published in Spain by Comics Forum from 1983 to September 1992 the legendary Conan the Barbarian copies.\",\"breadcrumb\":{\"@id\":\"https:\\\/\\\/www.comprarmejor.es\\\/en\\\/product\\\/conan-the-barbarian-individual-copies-from-1983-1992\\\/#breadcrumb\"},\"inLanguage\":\"en-US\",\"potentialAction\":[{\"@type\":\"ReadAction\",\"target\":[\"https:\\\/\\\/www.comprarmejor.es\\\/en\\\/product\\\/conan-the-barbarian-individual-copies-from-1983-1992\\\/\"]}]},{\"@type\":\"ImageObject\",\"inLanguage\":\"en-US\",\"@id\":\"https:\\\/\\\/www.comprarmejor.es\\\/en\\\/product\\\/conan-the-barbarian-individual-copies-from-1983-1992\\\/#primaryimage\",\"url\":\"https:\\\/\\\/www.comprarmejor.es\\\/wp-content\\\/uploads\\\/2015\\\/09\\\/p_2_7_2_272-Conan-el-Barbaro-ejemplares-sueltos-desde-1983-a-1992.jpg\",\"contentUrl\":\"https:\\\/\\\/www.comprarmejor.es\\\/wp-content\\\/uploads\\\/2015\\\/09\\\/p_2_7_2_272-Conan-el-Barbaro-ejemplares-sueltos-desde-1983-a-1992.jpg\",\"width\":600,\"height\":450},{\"@type\":\"BreadcrumbList\",\"@id\":\"https:\\\/\\\/www.comprarmejor.es\\\/en\\\/product\\\/conan-the-barbarian-individual-copies-from-1983-1992\\\/#breadcrumb\",\"itemListElement\":[{\"@type\":\"ListItem\",\"position\":1,\"name\":\"Portada\",\"item\":\"https:\\\/\\\/www.comprarmejor.es\\\/en\\\/\"},{\"@type\":\"ListItem\",\"position\":2,\"name\":\"Shop\",\"item\":\"https:\\\/\\\/www.comprarmejor.es\\\/en\\\/shop\\\/\"},{\"@type\":\"ListItem\",\"position\":3,\"name\":\"Conan the Barbarian, individual copies (from 1983-1992)\"}]},{\"@type\":\"WebSite\",\"@id\":\"https:\\\/\\\/www.comprarmejor.es\\\/en\\\/#website\",\"url\":\"https:\\\/\\\/www.comprarmejor.es\\\/en\\\/\",\"name\":\"ComprarMejor\",\"description\":\"ComprarMejor\",\"publisher\":{\"@id\":\"https:\\\/\\\/www.comprarmejor.es\\\/en\\\/#organization\"},\"potentialAction\":[{\"@type\":\"SearchAction\",\"target\":{\"@type\":\"EntryPoint\",\"urlTemplate\":\"https:\\\/\\\/www.comprarmejor.es\\\/en\\\/?s={search_term_string}\"},\"query-input\":{\"@type\":\"PropertyValueSpecification\",\"valueRequired\":true,\"valueName\":\"search_term_string\"}}],\"inLanguage\":\"en-US\"},{\"@type\":\"Organization\",\"@id\":\"https:\\\/\\\/www.comprarmejor.es\\\/en\\\/#organization\",\"name\":\"COMPRAR MEJOR\",\"url\":\"https:\\\/\\\/www.comprarmejor.es\\\/en\\\/\",\"logo\":{\"@type\":\"ImageObject\",\"inLanguage\":\"en-US\",\"@id\":\"https:\\\/\\\/www.comprarmejor.es\\\/en\\\/#\\\/schema\\\/logo\\\/image\\\/\",\"url\":\"https:\\\/\\\/www.comprarmejor.es\\\/wp-content\\\/uploads\\\/2025\\\/09\\\/comprarmejortrinidad.jpg\",\"contentUrl\":\"https:\\\/\\\/www.comprarmejor.es\\\/wp-content\\\/uploads\\\/2025\\\/09\\\/comprarmejortrinidad.jpg\",\"width\":1022,\"height\":1380,\"caption\":\"COMPRAR MEJOR\"},\"image\":{\"@id\":\"https:\\\/\\\/www.comprarmejor.es\\\/en\\\/#\\\/schema\\\/logo\\\/image\\\/\"},\"sameAs\":[\"https:\\\/\\\/www.instagram.com\\\/amigosdelcodice\"]}]}<\/script>\n<!-- \/ Yoast SEO plugin. -->","yoast_head_json":{"title":"Conan the Barbarian, individual copies (from 1983-1992)","description":"Single copies of the magazine in full color comic book published in Spain by Comics Forum from 1983 to September 1992 the legendary Conan the Barbarian copies.","robots":{"index":"index","follow":"follow","max-snippet":"max-snippet:-1","max-image-preview":"max-image-preview:large","max-video-preview":"max-video-preview:-1"},"canonical":"https:\/\/www.comprarmejor.es\/en\/product\/conan-the-barbarian-individual-copies-from-1983-1992\/","og_locale":"en_US","og_type":"article","og_title":"Conan the Barbarian, individual copies (from 1983-1992)","og_description":"Single copies of the magazine in full color comic book published in Spain by Comics Forum from 1983 to September 1992 the legendary Conan the Barbarian copies.","og_url":"https:\/\/www.comprarmejor.es\/en\/product\/conan-the-barbarian-individual-copies-from-1983-1992\/","og_site_name":"ComprarMejor","article_modified_time":"2019-08-28T09:57:04+00:00","og_image":[{"width":600,"height":450,"url":"https:\/\/www.comprarmejor.es\/wp-content\/uploads\/2015\/09\/p_2_7_2_272-Conan-el-Barbaro-ejemplares-sueltos-desde-1983-a-1992.jpg","type":"image\/jpeg"}],"twitter_card":"summary_large_image","twitter_misc":{"Est. reading time":"1 minute"},"schema":{"@context":"https:\/\/schema.org","@graph":[{"@type":"WebPage","@id":"https:\/\/www.comprarmejor.es\/en\/product\/conan-the-barbarian-individual-copies-from-1983-1992\/","url":"https:\/\/www.comprarmejor.es\/en\/product\/conan-the-barbarian-individual-copies-from-1983-1992\/","name":"Conan the Barbarian, individual copies (from 1983-1992)","isPartOf":{"@id":"https:\/\/www.comprarmejor.es\/en\/#website"},"primaryImageOfPage":{"@id":"https:\/\/www.comprarmejor.es\/en\/product\/conan-the-barbarian-individual-copies-from-1983-1992\/#primaryimage"},"image":{"@id":"https:\/\/www.comprarmejor.es\/en\/product\/conan-the-barbarian-individual-copies-from-1983-1992\/#primaryimage"},"thumbnailUrl":"https:\/\/www.comprarmejor.es\/wp-content\/uploads\/2015\/09\/p_2_7_2_272-Conan-el-Barbaro-ejemplares-sueltos-desde-1983-a-1992.jpg","datePublished":"2015-09-04T08:11:26+00:00","dateModified":"2019-08-28T09:57:04+00:00","description":"Single copies of the magazine in full color comic book published in Spain by Comics Forum from 1983 to September 1992 the legendary Conan the Barbarian copies.","breadcrumb":{"@id":"https:\/\/www.comprarmejor.es\/en\/product\/conan-the-barbarian-individual-copies-from-1983-1992\/#breadcrumb"},"inLanguage":"en-US","potentialAction":[{"@type":"ReadAction","target":["https:\/\/www.comprarmejor.es\/en\/product\/conan-the-barbarian-individual-copies-from-1983-1992\/"]}]},{"@type":"ImageObject","inLanguage":"en-US","@id":"https:\/\/www.comprarmejor.es\/en\/product\/conan-the-barbarian-individual-copies-from-1983-1992\/#primaryimage","url":"https:\/\/www.comprarmejor.es\/wp-content\/uploads\/2015\/09\/p_2_7_2_272-Conan-el-Barbaro-ejemplares-sueltos-desde-1983-a-1992.jpg","contentUrl":"https:\/\/www.comprarmejor.es\/wp-content\/uploads\/2015\/09\/p_2_7_2_272-Conan-el-Barbaro-ejemplares-sueltos-desde-1983-a-1992.jpg","width":600,"height":450},{"@type":"BreadcrumbList","@id":"https:\/\/www.comprarmejor.es\/en\/product\/conan-the-barbarian-individual-copies-from-1983-1992\/#breadcrumb","itemListElement":[{"@type":"ListItem","position":1,"name":"Portada","item":"https:\/\/www.comprarmejor.es\/en\/"},{"@type":"ListItem","position":2,"name":"Shop","item":"https:\/\/www.comprarmejor.es\/en\/shop\/"},{"@type":"ListItem","position":3,"name":"Conan the Barbarian, individual copies (from 1983-1992)"}]},{"@type":"WebSite","@id":"https:\/\/www.comprarmejor.es\/en\/#website","url":"https:\/\/www.comprarmejor.es\/en\/","name":"ComprarMejor","description":"ComprarMejor","publisher":{"@id":"https:\/\/www.comprarmejor.es\/en\/#organization"},"potentialAction":[{"@type":"SearchAction","target":{"@type":"EntryPoint","urlTemplate":"https:\/\/www.comprarmejor.es\/en\/?s={search_term_string}"},"query-input":{"@type":"PropertyValueSpecification","valueRequired":true,"valueName":"search_term_string"}}],"inLanguage":"en-US"},{"@type":"Organization","@id":"https:\/\/www.comprarmejor.es\/en\/#organization","name":"COMPRAR MEJOR","url":"https:\/\/www.comprarmejor.es\/en\/","logo":{"@type":"ImageObject","inLanguage":"en-US","@id":"https:\/\/www.comprarmejor.es\/en\/#\/schema\/logo\/image\/","url":"https:\/\/www.comprarmejor.es\/wp-content\/uploads\/2025\/09\/comprarmejortrinidad.jpg","contentUrl":"https:\/\/www.comprarmejor.es\/wp-content\/uploads\/2025\/09\/comprarmejortrinidad.jpg","width":1022,"height":1380,"caption":"COMPRAR MEJOR"},"image":{"@id":"https:\/\/www.comprarmejor.es\/en\/#\/schema\/logo\/image\/"},"sameAs":["https:\/\/www.instagram.com\/amigosdelcodice"]}]}},"_links":{"self":[{"href":"https:\/\/www.comprarmejor.es\/en\/wp-json\/wp\/v2\/product\/47019","targetHints":{"allow":["GET"]}}],"collection":[{"href":"https:\/\/www.comprarmejor.es\/en\/wp-json\/wp\/v2\/product"}],"about":[{"href":"https:\/\/www.comprarmejor.es\/en\/wp-json\/wp\/v2\/types\/product"}],"wp:featuredmedia":[{"embeddable":true,"href":"https:\/\/www.comprarmejor.es\/en\/wp-json\/wp\/v2\/media\/47003"}],"wp:attachment":[{"href":"https:\/\/www.comprarmejor.es\/en\/wp-json\/wp\/v2\/media?parent=47019"}],"wp:term":[{"taxonomy":"product_brand","embeddable":true,"href":"https:\/\/www.comprarmejor.es\/en\/wp-json\/wp\/v2\/product_brand?post=47019"},{"taxonomy":"product_cat","embeddable":true,"href":"https:\/\/www.comprarmejor.es\/en\/wp-json\/wp\/v2\/product_cat?post=47019"},{"taxonomy":"product_tag","embeddable":true,"href":"https:\/\/www.comprarmejor.es\/en\/wp-json\/wp\/v2\/product_tag?post=47019"}],"curies":[{"name":"wp","href":"https:\/\/api.w.org\/{rel}","templated":true}]}}