{"id":47061,"date":"2015-09-04T12:29:35","date_gmt":"2015-09-04T10:29:35","guid":{"rendered":"https:\/\/www.comprarmejor.es\/producto\/astronomiae-instauratae-mechanica-renewed-mechanics-astronomy-tycho-brahe-1602\/"},"modified":"2022-06-18T15:45:07","modified_gmt":"2022-06-18T13:45:07","slug":"astronomiae-instauratae-mechanica-renewed-mechanics-astronomy-tycho-brahe-1602","status":"publish","type":"product","link":"https:\/\/www.comprarmejor.es\/en\/product\/astronomiae-instauratae-mechanica-renewed-mechanics-astronomy-tycho-brahe-1602\/","title":{"rendered":"Astronomiae Instauratae Mechanica (renewed Mechanics Astronomy), Tycho Brahe, 1602"},"content":{"rendered":"<p style=\"text-align: justify;\"><span id=\"result_box\" lang=\"en\" xml:lang=\"en\"><span title=\"La Mec\u00e1nica de la Astronom\u00eda renovada (Astronomiae instauratae Mechanica), de Tycho Brahe, es una edici\u00f3n facsimilar integrada de Editorial San Mill\u00e1n, exclusiva, limitada y numerada notarialmente.\">The renewed Mechanics Astronomy (Astronomiae Instauratae Mechanica), Tycho Brahe, is a facsimile edition of Editorial San Millan integrated, exclusive, limited, numbered by notary. <\/span><span title=\"Se trata de una de las obras de Tycho Brahe m\u00e1s relevantes de la historia de la Astronom\u00eda, totalmente in\u00e9dita en espa\u00f1ol hasta que se realiz\u00f3 esta edici\u00f3n en 2006. Por primera vez en la historia se traduce del lat\u00edn al espa\u00f1ol, convirti\u00e9ndose en una primicia mundial\">This is one of the most important works of Tycho Brahe in the history of astronomy, totally unprecedented in Spanish until this edition was held in 2006. For the first time in history is translated from Latin into Spanish, becoming a world first <\/span><span title=\"y en una gran apuesta cultural y cient\u00edfica a nivel privado.\">and a great cultural and scientific privately bet.<\/span><\/span><\/p>\n<p style=\"text-align: justify;\"><span title=\"Es un hermoso libro, en secci\u00f3n \u00e1urea, tama\u00f1o 19,8 x 32,1 cm., 488 p\u00e1ginas, encuadernado artesanalmente en piel leg\u00edtima apergaminada, que reproduce facsimilarmente la obra original de 1602, seg\u00fan el original custodiado en la Biblioteca de la Real Academia\">It is a beautiful book, golden section, size 19.8 x 32.1 cm., 488 pages, bound in leather handmade parchment legitimate that facsimilarmente reproduces the original work of 1602, according to the original kept in the Library of the Royal Academy <\/span><span title=\"de Bellas Artes de San Fernando, Madrid (Espa\u00f1a);\">Fine Arts of San Fernando, Madrid (Spain); <\/span><span title=\"seguida de su traducci\u00f3n \u00edntegra del lat\u00edn al espa\u00f1ol, y precedida por un estudio biogr\u00e1fico y cient\u00edfico que la enmarca y completa.\">followed by its complete translation from Latin to Spanish, and preceded by a biographical and scientific study that frames and complete. <\/span><span title=\"Para ello Editorial San Mill\u00e1n ha llevado a cabo una ingente tarea indagadora en los textos originales e investigaci\u00f3n hist\u00f3rica y cient\u00edfica para presentar al lector esta obra primigenia en la lengua espa\u00f1ola, as\u00ed como su enmarque en la historia de nuestra idea del mundo.\">For this Editorial San Millan has undertaken an enormous task inquiring original and historical and scientific research texts to present the reader with this original work in the Spanish language and its framing in the history of our idea of \u200b\u200bthe world.<\/span><\/p>\n<p style=\"text-align: justify;\"><span title=\"El famoso astr\u00f3nomo dan\u00e9s Tycho Brahe realiz\u00f3 de manera sistem\u00e1tica, durante m\u00e1s de treinta a\u00f1os, las medidas astron\u00f3micas de mayor precisi\u00f3n hasta su \u00e9poca.\">The famous Danish astronomer Tycho Brahe performed systematically, for more than thirty years, most accurate astronomical measurements up to his time. <\/span><span title=\"Con ese envidiable c\u00famulo de valiosos datos su colaborador y heredero cient\u00edfico Johannes Kepler consigui\u00f3 enunciar sus tres famosas Leyes que rigen el movimiento de los astros en el Sistema Solar y sobre las que a su vez se basa la Ley de la Gravitaci\u00f3n Universal de Newton.\">With the enviable wealth of valuable data and scientific collaborator Johannes Kepler got heir enunciate his famous three laws governing the motion of the planets in the Solar System and on which in turn the Law of Universal Gravitation Newton is based.<\/span><\/p>\n<p style=\"text-align: justify;\"><span title=\"Sobre su trabajo, sus instrumentos astron\u00f3micos y sus afanes escribi\u00f3 su famosa obra Astronomiae instauratae Mechanica (Mec\u00e1nica de la Astronom\u00eda renovada), que por primera vez puede leerse en espa\u00f1ol, una vez traducida magistralmente del lat\u00edn por el Dr. Vidal Gonz\u00e1lez S\u00e1nchez.\">About his work, his astronomical instruments and their eagerness he wrote his famous work Astronomiae Instauratae Mechanica (Mechanics Astronomy renewed), which for the first time can be read in Spanish, once masterfully translated from Latin by Dr. Vidal Gonzalez Sanchez. <\/span><span title=\"El estudio cient\u00edfico del autor, de su obra y del conocimiento que de la Astronom\u00eda se ten\u00eda a finales del siglo XVI ha sido realizado por el Profesor D. Nicol\u00e1s Garc\u00eda Herrera.\">The scientific study of the author, his work and knowledge of astronomy was the late sixteenth century was conducted by Professor Nicholas D. Garc\u00eda Herrera. <\/span><span title=\"El pr\u00f3logo de la obra corre a cargo del Excmo.\">The foreword of the book is provided by the Hon. <\/span><span title=\"Sr. D. Pedro Navascu\u00e9s Palacio, Vicedirector-Tesorero de la Real Academia de Bellas Artes de San Fernando.\">Mr. Pedro Navascu\u00e9s Palacio, Vice-Treasurer of the Real Academia de Bellas Artes de San Fernando.<\/span><\/p>\n<p style=\"text-align: justify;\"><span title=\"Son muchos los instrumentos astron\u00f3micos que Tycho Brahe perfeccion\u00f3, invent\u00f3 y construy\u00f3 en Uraninborg (o &quot;palacio del cielo&quot;), un peque\u00f1o y, a la vez, gran centro de investigaci\u00f3n astron\u00f3mica que edific\u00f3 para vivir y trabajar en la isla danesa que le cedi\u00f3\">Many astronomical instruments Tycho Brahe perfected, invented and built in Uraninborg (or &#8220;sky palace&#8221;), a little while, great astronomical research center built to live and work on the Danish island that gave him <\/span><span title=\"el rey Federico II y en la que desarroll\u00f3 su actividad cient\u00edfica durante dos d\u00e9cadas, poniendo los cimientos de la Astronom\u00eda moderna.\">King Frederick II and where he developed his scientific activity for two decades, laying the foundations of modern astronomy.<\/span><\/p>\n<p style=\"text-align: justify;\"><span title=\"Tycho Brahe, Tychonis Brahe en lat\u00edn, considerado como el padre de la Astronom\u00eda moderna, signific\u00f3 un antes y un despu\u00e9s en la ciencia, fue el punto de inflexi\u00f3n entre el pasado y el futuro en la investigaci\u00f3n de los astros, lo que durante siglos hab\u00eda\">Tycho Brahe, Tychonis Brahe in Latin, considered the father of modern astronomy, marked a before and after in science, was the turning point between the past and the future research of the stars, which for centuries had <\/span><span title=\"permanecido casi invariable, comenz\u00f3 a cambiar de forma vertiginosa, haciendo que el ser humano conociera nuevas alternativas, tuviera nuevos conocimientos y logrando con ello que la ciencia, no s\u00f3lo la astron\u00f3mica, cambiara hacia nuestros conocimientos actuales.\">It remained almost unchanged, began to change at an accelerated rate, making the human being know new alternatives, new knowledge and had thereby achieving that science, not only astronomical, change to our current knowledge. <\/span><span title=\"Sin \u00e9l, el Universo y la percepci\u00f3n que tenemos de la vida, no ser\u00eda igual.\">Without it, the universe and our perception of life, not be the same.<\/span><\/p>\n<p style=\"text-align: justify;\"><span title=\"Esta obra no es s\u00f3lo el resultado de una labor extraordinaria, no es s\u00f3lo haber logrado por primera vez traducirla al espa\u00f1ol ni ponerla al alcance de todo el que est\u00e9 interesado en la ciencia, en la cultura y en la belleza pl\u00e1stica, sino que representa el\">This work is not only the result of an extraordinary effort, not only be achieved by first translating it into Spanish and make it available to anyone who is interested in science, culture and the artistic beauty, but represents the <\/span><span title=\"homenaje a un hombre ya una vida de incalculable paciencia observadora.\">tribute to a man and a life of incalculable patience observer.<\/span><\/p>\n<p style=\"text-align: justify;\"><span title=\"Cons\u00faltenos cualquier duda.\"><a class=\"btn btn-default\" href=\"https:\/\/www.comprarmejor.es\/en\/contact\">Ask us<\/a> <span class=\"VIiyi\" lang=\"en\"><span class=\"JLqJ4b ChMk0b C1N51c\" data-language-for-alternatives=\"en\" data-language-to-translate-into=\"es\" data-phrase-index=\"0\" data-number-of-phrases=\"1\"><span class=\"Q4iAWc\">any questions you may have, indicating the article reference.<\/span><\/span><\/span><br \/>\n<\/span><\/p>\n<p><iframe loading=\"lazy\" src=\"\/\/www.youtube.com\/embed\/4AA3P8js25s\" width=\"560\" height=\"314\" allowfullscreen=\"allowfullscreen\"><\/iframe><\/p>\n","protected":false},"excerpt":{"rendered":"<p style=\"text-align: justify;\"><span id=\"result_box\" lang=\"en\" xml:lang=\"en\"><span title=\"La Mec\u00e1nica de la Astronom\u00eda renovada (Astronomiae instauratae Mechanica), de Tycho Brahe, es una edici\u00f3n facsimilar integrada de Editorial San Mill\u00e1n, exclusiva, limitada y numerada notarialmente.\">The renewed Mechanics Astronomy (Astronomiae Instauratae Mechanica), Tycho Brahe, is a facsimile edition of Editorial San Millan integrated, exclusive, limited, numbered by notary.<\/span><span title=\"y en una gran apuesta cultural y cient\u00edfica a nivel privado.\"><br \/>\n<\/span><\/span><\/p>\n","protected":false},"featured_media":47709,"template":"","meta":[],"product_brand":[],"product_cat":[2210,5118,2242,2250,2260],"product_tag":[5796,4963,4259,4964,4258],"class_list":{"0":"post-47061","1":"product","2":"type-product","3":"status-publish","4":"has-post-thumbnail","6":"product_cat-bibliophilia","7":"product_cat-bindings","8":"product_cat-first-editions","9":"product_cat-other-facsimiles","10":"product_cat-own-editions","11":"product_tag-astronomia-en","12":"product_tag-brahe-en","13":"product_tag-kepler-en-2","14":"product_tag-newton-en","15":"product_tag-tycho-en","16":"product_shipping_class-from-2-to-5-kg","17":"description-off","19":"first","20":"instock","21":"taxable","22":"shipping-taxable","23":"purchasable","24":"product-type-simple"},"yoast_head":"<!-- This site is optimized with the Yoast SEO plugin v27.3 - https:\/\/yoast.com\/product\/yoast-seo-wordpress\/ -->\n<title>Astronomiae Instauratae Mechanica (Mechanics Astronomy renewed)<\/title>\n<meta name=\"description\" content=\"The renewed Mechanics Astronomy (Astronomiae Instauratae Mechanica), Tycho Brahe, is an exclusive, limited, numbered facsimile edition\" \/>\n<meta name=\"robots\" content=\"index, follow, max-snippet:-1, max-image-preview:large, max-video-preview:-1\" \/>\n<link rel=\"canonical\" href=\"https:\/\/www.comprarmejor.es\/en\/product\/astronomiae-instauratae-mechanica-renewed-mechanics-astronomy-tycho-brahe-1602\/\" \/>\n<meta property=\"og:locale\" content=\"en_US\" \/>\n<meta property=\"og:type\" content=\"article\" \/>\n<meta property=\"og:title\" content=\"Astronomiae Instauratae Mechanica (Mechanics Astronomy renewed)\" \/>\n<meta property=\"og:description\" content=\"The renewed Mechanics Astronomy (Astronomiae Instauratae Mechanica), Tycho Brahe, is an exclusive, limited, numbered facsimile edition\" \/>\n<meta property=\"og:url\" content=\"https:\/\/www.comprarmejor.es\/en\/product\/astronomiae-instauratae-mechanica-renewed-mechanics-astronomy-tycho-brahe-1602\/\" \/>\n<meta property=\"og:site_name\" content=\"ComprarMejor\" \/>\n<meta property=\"article:modified_time\" content=\"2022-06-18T13:45:07+00:00\" \/>\n<meta property=\"og:image\" content=\"https:\/\/www.comprarmejor.es\/wp-content\/uploads\/2015\/09\/p_6_3_8_638-Astronomiae-instauratae-Mechanica-Mecanica-de-la-Astronomia-renovada-Tycho-Brahe-1602.jpg\" \/>\n\t<meta property=\"og:image:width\" content=\"241\" \/>\n\t<meta property=\"og:image:height\" content=\"341\" \/>\n\t<meta property=\"og:image:type\" content=\"image\/jpeg\" \/>\n<meta name=\"twitter:card\" content=\"summary_large_image\" \/>\n<meta name=\"twitter:label1\" content=\"Est. reading time\" \/>\n\t<meta name=\"twitter:data1\" content=\"3 minutes\" \/>\n<script type=\"application\/ld+json\" class=\"yoast-schema-graph\">{\"@context\":\"https:\\\/\\\/schema.org\",\"@graph\":[{\"@type\":\"WebPage\",\"@id\":\"https:\\\/\\\/www.comprarmejor.es\\\/en\\\/product\\\/astronomiae-instauratae-mechanica-renewed-mechanics-astronomy-tycho-brahe-1602\\\/\",\"url\":\"https:\\\/\\\/www.comprarmejor.es\\\/en\\\/product\\\/astronomiae-instauratae-mechanica-renewed-mechanics-astronomy-tycho-brahe-1602\\\/\",\"name\":\"Astronomiae Instauratae Mechanica (Mechanics Astronomy renewed)\",\"isPartOf\":{\"@id\":\"https:\\\/\\\/www.comprarmejor.es\\\/en\\\/#website\"},\"primaryImageOfPage\":{\"@id\":\"https:\\\/\\\/www.comprarmejor.es\\\/en\\\/product\\\/astronomiae-instauratae-mechanica-renewed-mechanics-astronomy-tycho-brahe-1602\\\/#primaryimage\"},\"image\":{\"@id\":\"https:\\\/\\\/www.comprarmejor.es\\\/en\\\/product\\\/astronomiae-instauratae-mechanica-renewed-mechanics-astronomy-tycho-brahe-1602\\\/#primaryimage\"},\"thumbnailUrl\":\"https:\\\/\\\/www.comprarmejor.es\\\/wp-content\\\/uploads\\\/2015\\\/09\\\/p_6_3_8_638-Astronomiae-instauratae-Mechanica-Mecanica-de-la-Astronomia-renovada-Tycho-Brahe-1602.jpg\",\"datePublished\":\"2015-09-04T10:29:35+00:00\",\"dateModified\":\"2022-06-18T13:45:07+00:00\",\"description\":\"The renewed Mechanics Astronomy (Astronomiae Instauratae Mechanica), Tycho Brahe, is an exclusive, limited, numbered facsimile edition\",\"breadcrumb\":{\"@id\":\"https:\\\/\\\/www.comprarmejor.es\\\/en\\\/product\\\/astronomiae-instauratae-mechanica-renewed-mechanics-astronomy-tycho-brahe-1602\\\/#breadcrumb\"},\"inLanguage\":\"en-US\",\"potentialAction\":[{\"@type\":\"ReadAction\",\"target\":[\"https:\\\/\\\/www.comprarmejor.es\\\/en\\\/product\\\/astronomiae-instauratae-mechanica-renewed-mechanics-astronomy-tycho-brahe-1602\\\/\"]}]},{\"@type\":\"ImageObject\",\"inLanguage\":\"en-US\",\"@id\":\"https:\\\/\\\/www.comprarmejor.es\\\/en\\\/product\\\/astronomiae-instauratae-mechanica-renewed-mechanics-astronomy-tycho-brahe-1602\\\/#primaryimage\",\"url\":\"https:\\\/\\\/www.comprarmejor.es\\\/wp-content\\\/uploads\\\/2015\\\/09\\\/p_6_3_8_638-Astronomiae-instauratae-Mechanica-Mecanica-de-la-Astronomia-renovada-Tycho-Brahe-1602.jpg\",\"contentUrl\":\"https:\\\/\\\/www.comprarmejor.es\\\/wp-content\\\/uploads\\\/2015\\\/09\\\/p_6_3_8_638-Astronomiae-instauratae-Mechanica-Mecanica-de-la-Astronomia-renovada-Tycho-Brahe-1602.jpg\",\"width\":241,\"height\":341},{\"@type\":\"BreadcrumbList\",\"@id\":\"https:\\\/\\\/www.comprarmejor.es\\\/en\\\/product\\\/astronomiae-instauratae-mechanica-renewed-mechanics-astronomy-tycho-brahe-1602\\\/#breadcrumb\",\"itemListElement\":[{\"@type\":\"ListItem\",\"position\":1,\"name\":\"Portada\",\"item\":\"https:\\\/\\\/www.comprarmejor.es\\\/en\\\/\"},{\"@type\":\"ListItem\",\"position\":2,\"name\":\"Shop\",\"item\":\"https:\\\/\\\/www.comprarmejor.es\\\/en\\\/shop\\\/\"},{\"@type\":\"ListItem\",\"position\":3,\"name\":\"Astronomiae Instauratae Mechanica (renewed Mechanics Astronomy), Tycho Brahe, 1602\"}]},{\"@type\":\"WebSite\",\"@id\":\"https:\\\/\\\/www.comprarmejor.es\\\/en\\\/#website\",\"url\":\"https:\\\/\\\/www.comprarmejor.es\\\/en\\\/\",\"name\":\"ComprarMejor\",\"description\":\"ComprarMejor\",\"publisher\":{\"@id\":\"https:\\\/\\\/www.comprarmejor.es\\\/en\\\/#organization\"},\"potentialAction\":[{\"@type\":\"SearchAction\",\"target\":{\"@type\":\"EntryPoint\",\"urlTemplate\":\"https:\\\/\\\/www.comprarmejor.es\\\/en\\\/?s={search_term_string}\"},\"query-input\":{\"@type\":\"PropertyValueSpecification\",\"valueRequired\":true,\"valueName\":\"search_term_string\"}}],\"inLanguage\":\"en-US\"},{\"@type\":\"Organization\",\"@id\":\"https:\\\/\\\/www.comprarmejor.es\\\/en\\\/#organization\",\"name\":\"COMPRAR MEJOR\",\"url\":\"https:\\\/\\\/www.comprarmejor.es\\\/en\\\/\",\"logo\":{\"@type\":\"ImageObject\",\"inLanguage\":\"en-US\",\"@id\":\"https:\\\/\\\/www.comprarmejor.es\\\/en\\\/#\\\/schema\\\/logo\\\/image\\\/\",\"url\":\"https:\\\/\\\/www.comprarmejor.es\\\/wp-content\\\/uploads\\\/2025\\\/09\\\/comprarmejortrinidad.jpg\",\"contentUrl\":\"https:\\\/\\\/www.comprarmejor.es\\\/wp-content\\\/uploads\\\/2025\\\/09\\\/comprarmejortrinidad.jpg\",\"width\":1022,\"height\":1380,\"caption\":\"COMPRAR MEJOR\"},\"image\":{\"@id\":\"https:\\\/\\\/www.comprarmejor.es\\\/en\\\/#\\\/schema\\\/logo\\\/image\\\/\"},\"sameAs\":[\"https:\\\/\\\/www.instagram.com\\\/amigosdelcodice\"]}]}<\/script>\n<!-- \/ Yoast SEO plugin. -->","yoast_head_json":{"title":"Astronomiae Instauratae Mechanica (Mechanics Astronomy renewed)","description":"The renewed Mechanics Astronomy (Astronomiae Instauratae Mechanica), Tycho Brahe, is an exclusive, limited, numbered facsimile edition","robots":{"index":"index","follow":"follow","max-snippet":"max-snippet:-1","max-image-preview":"max-image-preview:large","max-video-preview":"max-video-preview:-1"},"canonical":"https:\/\/www.comprarmejor.es\/en\/product\/astronomiae-instauratae-mechanica-renewed-mechanics-astronomy-tycho-brahe-1602\/","og_locale":"en_US","og_type":"article","og_title":"Astronomiae Instauratae Mechanica (Mechanics Astronomy renewed)","og_description":"The renewed Mechanics Astronomy (Astronomiae Instauratae Mechanica), Tycho Brahe, is an exclusive, limited, numbered facsimile edition","og_url":"https:\/\/www.comprarmejor.es\/en\/product\/astronomiae-instauratae-mechanica-renewed-mechanics-astronomy-tycho-brahe-1602\/","og_site_name":"ComprarMejor","article_modified_time":"2022-06-18T13:45:07+00:00","og_image":[{"width":241,"height":341,"url":"https:\/\/www.comprarmejor.es\/wp-content\/uploads\/2015\/09\/p_6_3_8_638-Astronomiae-instauratae-Mechanica-Mecanica-de-la-Astronomia-renovada-Tycho-Brahe-1602.jpg","type":"image\/jpeg"}],"twitter_card":"summary_large_image","twitter_misc":{"Est. reading time":"3 minutes"},"schema":{"@context":"https:\/\/schema.org","@graph":[{"@type":"WebPage","@id":"https:\/\/www.comprarmejor.es\/en\/product\/astronomiae-instauratae-mechanica-renewed-mechanics-astronomy-tycho-brahe-1602\/","url":"https:\/\/www.comprarmejor.es\/en\/product\/astronomiae-instauratae-mechanica-renewed-mechanics-astronomy-tycho-brahe-1602\/","name":"Astronomiae Instauratae Mechanica (Mechanics Astronomy renewed)","isPartOf":{"@id":"https:\/\/www.comprarmejor.es\/en\/#website"},"primaryImageOfPage":{"@id":"https:\/\/www.comprarmejor.es\/en\/product\/astronomiae-instauratae-mechanica-renewed-mechanics-astronomy-tycho-brahe-1602\/#primaryimage"},"image":{"@id":"https:\/\/www.comprarmejor.es\/en\/product\/astronomiae-instauratae-mechanica-renewed-mechanics-astronomy-tycho-brahe-1602\/#primaryimage"},"thumbnailUrl":"https:\/\/www.comprarmejor.es\/wp-content\/uploads\/2015\/09\/p_6_3_8_638-Astronomiae-instauratae-Mechanica-Mecanica-de-la-Astronomia-renovada-Tycho-Brahe-1602.jpg","datePublished":"2015-09-04T10:29:35+00:00","dateModified":"2022-06-18T13:45:07+00:00","description":"The renewed Mechanics Astronomy (Astronomiae Instauratae Mechanica), Tycho Brahe, is an exclusive, limited, numbered facsimile edition","breadcrumb":{"@id":"https:\/\/www.comprarmejor.es\/en\/product\/astronomiae-instauratae-mechanica-renewed-mechanics-astronomy-tycho-brahe-1602\/#breadcrumb"},"inLanguage":"en-US","potentialAction":[{"@type":"ReadAction","target":["https:\/\/www.comprarmejor.es\/en\/product\/astronomiae-instauratae-mechanica-renewed-mechanics-astronomy-tycho-brahe-1602\/"]}]},{"@type":"ImageObject","inLanguage":"en-US","@id":"https:\/\/www.comprarmejor.es\/en\/product\/astronomiae-instauratae-mechanica-renewed-mechanics-astronomy-tycho-brahe-1602\/#primaryimage","url":"https:\/\/www.comprarmejor.es\/wp-content\/uploads\/2015\/09\/p_6_3_8_638-Astronomiae-instauratae-Mechanica-Mecanica-de-la-Astronomia-renovada-Tycho-Brahe-1602.jpg","contentUrl":"https:\/\/www.comprarmejor.es\/wp-content\/uploads\/2015\/09\/p_6_3_8_638-Astronomiae-instauratae-Mechanica-Mecanica-de-la-Astronomia-renovada-Tycho-Brahe-1602.jpg","width":241,"height":341},{"@type":"BreadcrumbList","@id":"https:\/\/www.comprarmejor.es\/en\/product\/astronomiae-instauratae-mechanica-renewed-mechanics-astronomy-tycho-brahe-1602\/#breadcrumb","itemListElement":[{"@type":"ListItem","position":1,"name":"Portada","item":"https:\/\/www.comprarmejor.es\/en\/"},{"@type":"ListItem","position":2,"name":"Shop","item":"https:\/\/www.comprarmejor.es\/en\/shop\/"},{"@type":"ListItem","position":3,"name":"Astronomiae Instauratae Mechanica (renewed Mechanics Astronomy), Tycho Brahe, 1602"}]},{"@type":"WebSite","@id":"https:\/\/www.comprarmejor.es\/en\/#website","url":"https:\/\/www.comprarmejor.es\/en\/","name":"ComprarMejor","description":"ComprarMejor","publisher":{"@id":"https:\/\/www.comprarmejor.es\/en\/#organization"},"potentialAction":[{"@type":"SearchAction","target":{"@type":"EntryPoint","urlTemplate":"https:\/\/www.comprarmejor.es\/en\/?s={search_term_string}"},"query-input":{"@type":"PropertyValueSpecification","valueRequired":true,"valueName":"search_term_string"}}],"inLanguage":"en-US"},{"@type":"Organization","@id":"https:\/\/www.comprarmejor.es\/en\/#organization","name":"COMPRAR MEJOR","url":"https:\/\/www.comprarmejor.es\/en\/","logo":{"@type":"ImageObject","inLanguage":"en-US","@id":"https:\/\/www.comprarmejor.es\/en\/#\/schema\/logo\/image\/","url":"https:\/\/www.comprarmejor.es\/wp-content\/uploads\/2025\/09\/comprarmejortrinidad.jpg","contentUrl":"https:\/\/www.comprarmejor.es\/wp-content\/uploads\/2025\/09\/comprarmejortrinidad.jpg","width":1022,"height":1380,"caption":"COMPRAR MEJOR"},"image":{"@id":"https:\/\/www.comprarmejor.es\/en\/#\/schema\/logo\/image\/"},"sameAs":["https:\/\/www.instagram.com\/amigosdelcodice"]}]}},"_links":{"self":[{"href":"https:\/\/www.comprarmejor.es\/en\/wp-json\/wp\/v2\/product\/47061","targetHints":{"allow":["GET"]}}],"collection":[{"href":"https:\/\/www.comprarmejor.es\/en\/wp-json\/wp\/v2\/product"}],"about":[{"href":"https:\/\/www.comprarmejor.es\/en\/wp-json\/wp\/v2\/types\/product"}],"wp:featuredmedia":[{"embeddable":true,"href":"https:\/\/www.comprarmejor.es\/en\/wp-json\/wp\/v2\/media\/47709"}],"wp:attachment":[{"href":"https:\/\/www.comprarmejor.es\/en\/wp-json\/wp\/v2\/media?parent=47061"}],"wp:term":[{"taxonomy":"product_brand","embeddable":true,"href":"https:\/\/www.comprarmejor.es\/en\/wp-json\/wp\/v2\/product_brand?post=47061"},{"taxonomy":"product_cat","embeddable":true,"href":"https:\/\/www.comprarmejor.es\/en\/wp-json\/wp\/v2\/product_cat?post=47061"},{"taxonomy":"product_tag","embeddable":true,"href":"https:\/\/www.comprarmejor.es\/en\/wp-json\/wp\/v2\/product_tag?post=47061"}],"curies":[{"name":"wp","href":"https:\/\/api.w.org\/{rel}","templated":true}]}}