{"id":47075,"date":"2015-09-04T17:24:22","date_gmt":"2015-09-04T15:24:22","guid":{"rendered":"https:\/\/www.comprarmejor.es\/producto\/beatus-of-liebana-codex-of-ferdinand-i-and-sancha-s-xi-adc\/"},"modified":"2024-09-14T11:27:50","modified_gmt":"2024-09-14T09:27:50","slug":"beatus-of-liebana-codex-of-ferdinand-i-and-sancha-s-xi-adc","status":"publish","type":"product","link":"https:\/\/www.comprarmejor.es\/en\/product\/beatus-of-liebana-codex-of-ferdinand-i-and-sancha-s-xi-adc\/","title":{"rendered":"Beatus of Facundo: Beatus of Liebana codex of Fernando I and Sancha, (Economic Edition &#8211; AdC)"},"content":{"rendered":"<p style=\"text-align: justify;\">The Beatus of Fernando I and Sancha, also called Beatus of Facundo (Facundus scripsit) by the name of its author, is preserved in the BNE with the signature Beato de Liebana, In Apocalipsin, Codice de Fernando I and Sancha, Ms. glass 14-2. This manuscript was written around the middle of the 11th century, according to the text on folio 316: Era bis quadragies et V post millesima; that is, in 1047. The artist was careful to number the notebooks on the back of the last folio. Thus, we see the number I in Roman on folios 25v, II on 33v, and so on, since the notebooks are perfectly regular with 4 diptychs or eight sheets. This means that two ternions (12 folios) containing the Preliminaries were added in front, at another time and by another hand, although very close in time.<\/p>\n<p style=\"text-align: justify;\">This Beatus of the National Library stands out for its color that is not seen in any other, and for the perfection of the compositions that, according to Williams, make it &#8220;the most elegant of the Beatus&#8221;.<\/p>\n<p style=\"text-align: justify;\">Two very expensive facsimile editions have been made of this codex: the first, made in 1994 by the Moleiro publishing house, now out of print, and the second, made in 2007 by the Versol publishing house (we can provide you with copies of both).<\/p>\n<p style=\"text-align: justify;\">The facsimile offered here is the one made by Amigos del Codice based on the files downloaded from the Hispanic Digital Library of the National Library of Spain, and is based on the original preserved in said public institution, it is bound in leather with a gold title and He does not detract from his older brothers. It is a unique opportunity to get this work at an exceptional price. <span class=\"HwtZe\" lang=\"en\"><span class=\"jCAhz ChMk0b\"><span class=\"ryNqvb\">It does NOT include a study book, it is only a facsimile. The translation of Beato&#8217;s work and studies from Latin to Spanish can be downloaded from the Internet or we can provide it to you, if you wish, in PDF files<\/span><\/span><\/span>.<\/p>\n<p style=\"text-align: justify;\">Bound by hand in leather with a gold title on the spine, wide nerves, handmade hemp headbands. Format 25 x 33 cm. 640 pages that fully reproduce the original manuscript, in full color, without gold.<\/p>\n<p style=\"text-align: justify;\">New copy, brand new.<\/p>\n<p style=\"text-align: justify;\"><span title=\"Gastos de env\u00edo por cuenta del comprador, seg\u00fan forma y pedido.\"><span class=\"VIiyi\" lang=\"en\"><span class=\"JLqJ4b ChMk0b\" data-language-for-alternatives=\"en\" data-language-to-translate-into=\"es\" data-phrase-index=\"0\" data-number-of-phrases=\"2\">Shipping costs paid according to order and destination<\/span><\/span>. <\/span><span title=\"Cons\u00faltenos cualquier duda.\"><a class=\"btn btn-default\" href=\"https:\/\/www.comprarmejor.es\/en\/contact\">Ask us<\/a> <span class=\"VIiyi\" lang=\"en\"><span class=\"JLqJ4b ChMk0b\" data-language-for-alternatives=\"en\" data-language-to-translate-into=\"es\" data-phrase-index=\"1\" data-number-of-phrases=\"2\">without obligation (indicating the reference of the article) any questions.<\/span><\/span><\/span><\/p>\n","protected":false},"excerpt":{"rendered":"<p style=\"text-align: justify;\"><span id=\"result_box\" lang=\"en\" xml:lang=\"en\"><span title=\"El Beato de Li\u00e9bana, c\u00f3dice de Fernando I y Do\u00f1a Sancha, tambi\u00e9n llamado Beato de Facundo por el nombre de su autor, se conserva en la Biblioteca Nacional de Espa\u00f1a con la signatura Beato de Li\u00e9bana, In Apocalipsin, C\u00f3dice de Fernando I y Do\u00f1a Sancha\">The Beatus of Liebana, codex of Ferdinand I and Do\u00f1a Sancha, also called Facundo Beatus by the name of its author, it is preserved in the National Library of Spain<\/span><\/span><\/p>\n","protected":false},"featured_media":72757,"template":"","meta":[],"product_brand":[],"product_cat":[2204,2260],"product_tag":[5135,4104,4800,5772,5136,4799],"class_list":{"0":"post-47075","1":"product","2":"type-product","3":"status-publish","4":"has-post-thumbnail","6":"product_cat-beatus-of-liebana","7":"product_cat-own-editions","8":"product_tag-beato-en","9":"product_tag-bne-en","10":"product_tag-facundo-en-2","11":"product_tag-amigos-del-codice-en","12":"product_tag-liebana-en","13":"product_tag-sancha-en","14":"product_shipping_class-from-2-to-5-kg","15":"description-off","17":"first","18":"instock","19":"taxable","20":"shipping-taxable","21":"purchasable","22":"product-type-simple"},"yoast_head":"<!-- This site is optimized with the Yoast SEO plugin v27.3 - https:\/\/yoast.com\/product\/yoast-seo-wordpress\/ -->\n<title>Beatus of Liebana codex of Ferdinand I and Sancha, s. XI (AdC)<\/title>\n<meta name=\"description\" content=\"Friends exemplary bound by Codex. The Beatus of Liebana, codex of Ferdinand I and Sancha, also called Facundo Beatus by the name of its\" \/>\n<meta name=\"robots\" content=\"index, follow, max-snippet:-1, max-image-preview:large, max-video-preview:-1\" \/>\n<link rel=\"canonical\" href=\"https:\/\/www.comprarmejor.es\/en\/product\/beatus-of-liebana-codex-of-ferdinand-i-and-sancha-s-xi-adc\/\" \/>\n<meta property=\"og:locale\" content=\"en_US\" \/>\n<meta property=\"og:type\" content=\"article\" \/>\n<meta property=\"og:title\" content=\"Beatus of Liebana codex of Ferdinand I and Sancha, s. XI (AdC)\" \/>\n<meta property=\"og:description\" content=\"Friends exemplary bound by Codex. The Beatus of Liebana, codex of Ferdinand I and Sancha, also called Facundo Beatus by the name of its\" \/>\n<meta property=\"og:url\" content=\"https:\/\/www.comprarmejor.es\/en\/product\/beatus-of-liebana-codex-of-ferdinand-i-and-sancha-s-xi-adc\/\" \/>\n<meta property=\"og:site_name\" content=\"ComprarMejor\" \/>\n<meta property=\"article:modified_time\" content=\"2024-09-14T09:27:50+00:00\" \/>\n<meta property=\"og:image\" content=\"https:\/\/www.comprarmejor.es\/wp-content\/uploads\/2015\/09\/DSC03027.jpg\" \/>\n\t<meta property=\"og:image:width\" content=\"599\" \/>\n\t<meta property=\"og:image:height\" content=\"449\" \/>\n\t<meta property=\"og:image:type\" content=\"image\/jpeg\" \/>\n<meta name=\"twitter:card\" content=\"summary_large_image\" \/>\n<meta name=\"twitter:label1\" content=\"Est. reading time\" \/>\n\t<meta name=\"twitter:data1\" content=\"3 minutes\" \/>\n<script type=\"application\/ld+json\" class=\"yoast-schema-graph\">{\"@context\":\"https:\\\/\\\/schema.org\",\"@graph\":[{\"@type\":\"WebPage\",\"@id\":\"https:\\\/\\\/www.comprarmejor.es\\\/en\\\/product\\\/beatus-of-liebana-codex-of-ferdinand-i-and-sancha-s-xi-adc\\\/\",\"url\":\"https:\\\/\\\/www.comprarmejor.es\\\/en\\\/product\\\/beatus-of-liebana-codex-of-ferdinand-i-and-sancha-s-xi-adc\\\/\",\"name\":\"Beatus of Liebana codex of Ferdinand I and Sancha, s. XI (AdC)\",\"isPartOf\":{\"@id\":\"https:\\\/\\\/www.comprarmejor.es\\\/en\\\/#website\"},\"primaryImageOfPage\":{\"@id\":\"https:\\\/\\\/www.comprarmejor.es\\\/en\\\/product\\\/beatus-of-liebana-codex-of-ferdinand-i-and-sancha-s-xi-adc\\\/#primaryimage\"},\"image\":{\"@id\":\"https:\\\/\\\/www.comprarmejor.es\\\/en\\\/product\\\/beatus-of-liebana-codex-of-ferdinand-i-and-sancha-s-xi-adc\\\/#primaryimage\"},\"thumbnailUrl\":\"https:\\\/\\\/www.comprarmejor.es\\\/wp-content\\\/uploads\\\/2015\\\/09\\\/DSC03027.jpg\",\"datePublished\":\"2015-09-04T15:24:22+00:00\",\"dateModified\":\"2024-09-14T09:27:50+00:00\",\"description\":\"Friends exemplary bound by Codex. The Beatus of Liebana, codex of Ferdinand I and Sancha, also called Facundo Beatus by the name of its\",\"breadcrumb\":{\"@id\":\"https:\\\/\\\/www.comprarmejor.es\\\/en\\\/product\\\/beatus-of-liebana-codex-of-ferdinand-i-and-sancha-s-xi-adc\\\/#breadcrumb\"},\"inLanguage\":\"en-US\",\"potentialAction\":[{\"@type\":\"ReadAction\",\"target\":[\"https:\\\/\\\/www.comprarmejor.es\\\/en\\\/product\\\/beatus-of-liebana-codex-of-ferdinand-i-and-sancha-s-xi-adc\\\/\"]}]},{\"@type\":\"ImageObject\",\"inLanguage\":\"en-US\",\"@id\":\"https:\\\/\\\/www.comprarmejor.es\\\/en\\\/product\\\/beatus-of-liebana-codex-of-ferdinand-i-and-sancha-s-xi-adc\\\/#primaryimage\",\"url\":\"https:\\\/\\\/www.comprarmejor.es\\\/wp-content\\\/uploads\\\/2015\\\/09\\\/DSC03027.jpg\",\"contentUrl\":\"https:\\\/\\\/www.comprarmejor.es\\\/wp-content\\\/uploads\\\/2015\\\/09\\\/DSC03027.jpg\",\"width\":599,\"height\":449},{\"@type\":\"BreadcrumbList\",\"@id\":\"https:\\\/\\\/www.comprarmejor.es\\\/en\\\/product\\\/beatus-of-liebana-codex-of-ferdinand-i-and-sancha-s-xi-adc\\\/#breadcrumb\",\"itemListElement\":[{\"@type\":\"ListItem\",\"position\":1,\"name\":\"Portada\",\"item\":\"https:\\\/\\\/www.comprarmejor.es\\\/en\\\/\"},{\"@type\":\"ListItem\",\"position\":2,\"name\":\"Shop\",\"item\":\"https:\\\/\\\/www.comprarmejor.es\\\/en\\\/shop\\\/\"},{\"@type\":\"ListItem\",\"position\":3,\"name\":\"Beatus of Facundo: Beatus of Liebana codex of Fernando I and Sancha, (Economic Edition &#8211; AdC)\"}]},{\"@type\":\"WebSite\",\"@id\":\"https:\\\/\\\/www.comprarmejor.es\\\/en\\\/#website\",\"url\":\"https:\\\/\\\/www.comprarmejor.es\\\/en\\\/\",\"name\":\"ComprarMejor\",\"description\":\"ComprarMejor\",\"publisher\":{\"@id\":\"https:\\\/\\\/www.comprarmejor.es\\\/en\\\/#organization\"},\"potentialAction\":[{\"@type\":\"SearchAction\",\"target\":{\"@type\":\"EntryPoint\",\"urlTemplate\":\"https:\\\/\\\/www.comprarmejor.es\\\/en\\\/?s={search_term_string}\"},\"query-input\":{\"@type\":\"PropertyValueSpecification\",\"valueRequired\":true,\"valueName\":\"search_term_string\"}}],\"inLanguage\":\"en-US\"},{\"@type\":\"Organization\",\"@id\":\"https:\\\/\\\/www.comprarmejor.es\\\/en\\\/#organization\",\"name\":\"COMPRAR MEJOR\",\"url\":\"https:\\\/\\\/www.comprarmejor.es\\\/en\\\/\",\"logo\":{\"@type\":\"ImageObject\",\"inLanguage\":\"en-US\",\"@id\":\"https:\\\/\\\/www.comprarmejor.es\\\/en\\\/#\\\/schema\\\/logo\\\/image\\\/\",\"url\":\"https:\\\/\\\/www.comprarmejor.es\\\/wp-content\\\/uploads\\\/2025\\\/09\\\/comprarmejortrinidad.jpg\",\"contentUrl\":\"https:\\\/\\\/www.comprarmejor.es\\\/wp-content\\\/uploads\\\/2025\\\/09\\\/comprarmejortrinidad.jpg\",\"width\":1022,\"height\":1380,\"caption\":\"COMPRAR MEJOR\"},\"image\":{\"@id\":\"https:\\\/\\\/www.comprarmejor.es\\\/en\\\/#\\\/schema\\\/logo\\\/image\\\/\"},\"sameAs\":[\"https:\\\/\\\/www.instagram.com\\\/amigosdelcodice\"]}]}<\/script>\n<!-- \/ Yoast SEO plugin. -->","yoast_head_json":{"title":"Beatus of Liebana codex of Ferdinand I and Sancha, s. XI (AdC)","description":"Friends exemplary bound by Codex. The Beatus of Liebana, codex of Ferdinand I and Sancha, also called Facundo Beatus by the name of its","robots":{"index":"index","follow":"follow","max-snippet":"max-snippet:-1","max-image-preview":"max-image-preview:large","max-video-preview":"max-video-preview:-1"},"canonical":"https:\/\/www.comprarmejor.es\/en\/product\/beatus-of-liebana-codex-of-ferdinand-i-and-sancha-s-xi-adc\/","og_locale":"en_US","og_type":"article","og_title":"Beatus of Liebana codex of Ferdinand I and Sancha, s. XI (AdC)","og_description":"Friends exemplary bound by Codex. The Beatus of Liebana, codex of Ferdinand I and Sancha, also called Facundo Beatus by the name of its","og_url":"https:\/\/www.comprarmejor.es\/en\/product\/beatus-of-liebana-codex-of-ferdinand-i-and-sancha-s-xi-adc\/","og_site_name":"ComprarMejor","article_modified_time":"2024-09-14T09:27:50+00:00","og_image":[{"width":599,"height":449,"url":"https:\/\/www.comprarmejor.es\/wp-content\/uploads\/2015\/09\/DSC03027.jpg","type":"image\/jpeg"}],"twitter_card":"summary_large_image","twitter_misc":{"Est. reading time":"3 minutes"},"schema":{"@context":"https:\/\/schema.org","@graph":[{"@type":"WebPage","@id":"https:\/\/www.comprarmejor.es\/en\/product\/beatus-of-liebana-codex-of-ferdinand-i-and-sancha-s-xi-adc\/","url":"https:\/\/www.comprarmejor.es\/en\/product\/beatus-of-liebana-codex-of-ferdinand-i-and-sancha-s-xi-adc\/","name":"Beatus of Liebana codex of Ferdinand I and Sancha, s. XI (AdC)","isPartOf":{"@id":"https:\/\/www.comprarmejor.es\/en\/#website"},"primaryImageOfPage":{"@id":"https:\/\/www.comprarmejor.es\/en\/product\/beatus-of-liebana-codex-of-ferdinand-i-and-sancha-s-xi-adc\/#primaryimage"},"image":{"@id":"https:\/\/www.comprarmejor.es\/en\/product\/beatus-of-liebana-codex-of-ferdinand-i-and-sancha-s-xi-adc\/#primaryimage"},"thumbnailUrl":"https:\/\/www.comprarmejor.es\/wp-content\/uploads\/2015\/09\/DSC03027.jpg","datePublished":"2015-09-04T15:24:22+00:00","dateModified":"2024-09-14T09:27:50+00:00","description":"Friends exemplary bound by Codex. The Beatus of Liebana, codex of Ferdinand I and Sancha, also called Facundo Beatus by the name of its","breadcrumb":{"@id":"https:\/\/www.comprarmejor.es\/en\/product\/beatus-of-liebana-codex-of-ferdinand-i-and-sancha-s-xi-adc\/#breadcrumb"},"inLanguage":"en-US","potentialAction":[{"@type":"ReadAction","target":["https:\/\/www.comprarmejor.es\/en\/product\/beatus-of-liebana-codex-of-ferdinand-i-and-sancha-s-xi-adc\/"]}]},{"@type":"ImageObject","inLanguage":"en-US","@id":"https:\/\/www.comprarmejor.es\/en\/product\/beatus-of-liebana-codex-of-ferdinand-i-and-sancha-s-xi-adc\/#primaryimage","url":"https:\/\/www.comprarmejor.es\/wp-content\/uploads\/2015\/09\/DSC03027.jpg","contentUrl":"https:\/\/www.comprarmejor.es\/wp-content\/uploads\/2015\/09\/DSC03027.jpg","width":599,"height":449},{"@type":"BreadcrumbList","@id":"https:\/\/www.comprarmejor.es\/en\/product\/beatus-of-liebana-codex-of-ferdinand-i-and-sancha-s-xi-adc\/#breadcrumb","itemListElement":[{"@type":"ListItem","position":1,"name":"Portada","item":"https:\/\/www.comprarmejor.es\/en\/"},{"@type":"ListItem","position":2,"name":"Shop","item":"https:\/\/www.comprarmejor.es\/en\/shop\/"},{"@type":"ListItem","position":3,"name":"Beatus of Facundo: Beatus of Liebana codex of Fernando I and Sancha, (Economic Edition &#8211; AdC)"}]},{"@type":"WebSite","@id":"https:\/\/www.comprarmejor.es\/en\/#website","url":"https:\/\/www.comprarmejor.es\/en\/","name":"ComprarMejor","description":"ComprarMejor","publisher":{"@id":"https:\/\/www.comprarmejor.es\/en\/#organization"},"potentialAction":[{"@type":"SearchAction","target":{"@type":"EntryPoint","urlTemplate":"https:\/\/www.comprarmejor.es\/en\/?s={search_term_string}"},"query-input":{"@type":"PropertyValueSpecification","valueRequired":true,"valueName":"search_term_string"}}],"inLanguage":"en-US"},{"@type":"Organization","@id":"https:\/\/www.comprarmejor.es\/en\/#organization","name":"COMPRAR MEJOR","url":"https:\/\/www.comprarmejor.es\/en\/","logo":{"@type":"ImageObject","inLanguage":"en-US","@id":"https:\/\/www.comprarmejor.es\/en\/#\/schema\/logo\/image\/","url":"https:\/\/www.comprarmejor.es\/wp-content\/uploads\/2025\/09\/comprarmejortrinidad.jpg","contentUrl":"https:\/\/www.comprarmejor.es\/wp-content\/uploads\/2025\/09\/comprarmejortrinidad.jpg","width":1022,"height":1380,"caption":"COMPRAR MEJOR"},"image":{"@id":"https:\/\/www.comprarmejor.es\/en\/#\/schema\/logo\/image\/"},"sameAs":["https:\/\/www.instagram.com\/amigosdelcodice"]}]}},"_links":{"self":[{"href":"https:\/\/www.comprarmejor.es\/en\/wp-json\/wp\/v2\/product\/47075","targetHints":{"allow":["GET"]}}],"collection":[{"href":"https:\/\/www.comprarmejor.es\/en\/wp-json\/wp\/v2\/product"}],"about":[{"href":"https:\/\/www.comprarmejor.es\/en\/wp-json\/wp\/v2\/types\/product"}],"wp:featuredmedia":[{"embeddable":true,"href":"https:\/\/www.comprarmejor.es\/en\/wp-json\/wp\/v2\/media\/72757"}],"wp:attachment":[{"href":"https:\/\/www.comprarmejor.es\/en\/wp-json\/wp\/v2\/media?parent=47075"}],"wp:term":[{"taxonomy":"product_brand","embeddable":true,"href":"https:\/\/www.comprarmejor.es\/en\/wp-json\/wp\/v2\/product_brand?post=47075"},{"taxonomy":"product_cat","embeddable":true,"href":"https:\/\/www.comprarmejor.es\/en\/wp-json\/wp\/v2\/product_cat?post=47075"},{"taxonomy":"product_tag","embeddable":true,"href":"https:\/\/www.comprarmejor.es\/en\/wp-json\/wp\/v2\/product_tag?post=47075"}],"curies":[{"name":"wp","href":"https:\/\/api.w.org\/{rel}","templated":true}]}}