{"id":47121,"date":"2015-09-06T19:16:04","date_gmt":"2015-09-06T17:16:04","guid":{"rendered":"https:\/\/www.comprarmejor.es\/producto\/romeo-and-juliet-london-1599-q2\/"},"modified":"2022-08-23T14:30:48","modified_gmt":"2022-08-23T12:30:48","slug":"romeo-and-juliet-london-1599-q2","status":"publish","type":"product","link":"https:\/\/www.comprarmejor.es\/en\/product\/romeo-and-juliet-london-1599-q2\/","title":{"rendered":"Romeo and Juliet. London, 1599, Q2"},"content":{"rendered":"<p style=\"text-align: justify;\"><span id=\"result_box\" lang=\"en\" xml:lang=\"en\"><span title=\"Encuadernaci\u00f3n y trabajos de Amigos del C\u00f3dice.\"><span lang=\"en\" xml:lang=\"en\"><span class=\"hps\"><span lang=\"en\" xml:lang=\"en\"><span class=\"tlid-translation translation\"><em><strong>Shakspere. The Tragedie of Romeo and Juliet. London 1599<\/strong><\/em>. Romeo and Juliet, by <strong>William Shakespeare<\/strong>, according to the famous London edition of 1599, known as Q2. English language.<\/span><\/span><\/span><\/span><\/span><\/span><\/p>\n<p>Original title: The Most Excellent and Lamentable Tragedie of Romeo and Juliet.<br \/>\nAuthor: William Shakespeare (1564-1616)<br \/>\nEdition: London 1599<br \/>\nPrinter: Thomas Creede<br \/>\nBookseller: Curthbert Burby<\/p>\n<p>Characteristics of this facsimile, entirely made in an artisanal way by Amigos del C\u00f3dice in its &#8220;Libros de Arte&#8221; collection.<\/p>\n<p>Book:<br \/>\nFormat 13 x 17.8 cm. 100 pages<br \/>\nBinding similar to the original of the time in Dutch with tips, red cloth and water craft paper.<br \/>\nTitle, author and edition engraved in gold on the spine.<br \/>\nGuards in water craft paper similar to the original binding of the time.<br \/>\nTexts printed on special laid paper aged and watermarked.<\/p>\n<p>Special <span class=\"tlid-translation translation\"><span title=\"\">edition limited to 959 copies, numbered and certified by the publisher.<\/span> <span title=\"\">And like all editions of Amigos del C\u00f3dice, this can also be customizable (in this case, the delivery time is different from the standard copies, contact us), which makes it a special gift item<\/span><\/span>.<\/p>\n<p><span class=\"tlid-translation translation\"><span title=\"\">Edition with exclusive sale in ComprarMejor. <\/span><\/span>A unique work for students, readers and lovers of Universal Literature, in its original language and faithful reflection of how it was published in 1599.<\/p>\n<p><span title=\"Gastos de env\u00edo por cuenta del comprador, seg\u00fan pedido y destino.\">Shipping by the buyer, upon request and destination.\u00a0<\/span><span title=\"Cons\u00faltenos cualquier duda.\"><a class=\"btn btn-default\" href=\"https:\/\/www.comprarmejor.es\/en\/contact\">Ask us<\/a> <\/span><span title=\"Visite la web de Amigos del C\u00f3dice para m\u00e1s informaci\u00f3n.\"><span class=\"tlid-translation translation\">without obligation (indicating the reference of the article) any doubt.<\/span><\/span><\/p>\n","protected":false},"excerpt":{"rendered":"<p style=\"text-align: justify;\"><span id=\"result_box\" lang=\"en\" xml:lang=\"en\"><span title=\"Idioma: ingl\u00e9s.\"><span class=\"tlid-translation translation\">Shakspere. The Tragedie of Romeo and Juliet. London 1599. Romeo and Juliet, by William Shakespeare, according to the famous London edition of 1599, known as Q2. English language.<\/span><\/span><\/span><\/p>\n","protected":false},"featured_media":47109,"template":"","meta":[],"product_brand":[],"product_cat":[2210,2250,2260],"product_tag":[5772,5032,5031,4314],"class_list":{"0":"post-47121","1":"product","2":"type-product","3":"status-publish","4":"has-post-thumbnail","6":"product_cat-bibliophilia","7":"product_cat-other-facsimiles","8":"product_cat-own-editions","9":"product_tag-amigos-del-codice-en","10":"product_tag-q2-en","11":"product_tag-romeo-en","12":"product_tag-shakespeare-en","13":"product_shipping_class-from-0-to-1-kg","14":"description-off","16":"first","17":"instock","18":"taxable","19":"shipping-taxable","20":"purchasable","21":"product-type-simple"},"yoast_head":"<!-- This site is optimized with the Yoast SEO plugin v27.3 - https:\/\/yoast.com\/product\/yoast-seo-wordpress\/ -->\n<title>Shakespeare. The Tragedie of Romeo and Juliet. London 1599, Q2<\/title>\n<meta name=\"description\" content=\"The Tragedie of Romeo and Juliet. London 1599. Romeo and Juliet, by William Shakespeare, according to the London edition of 1599 Q2. English.\" \/>\n<meta name=\"robots\" content=\"index, follow, max-snippet:-1, max-image-preview:large, max-video-preview:-1\" \/>\n<link rel=\"canonical\" href=\"https:\/\/www.comprarmejor.es\/en\/product\/romeo-and-juliet-london-1599-q2\/\" \/>\n<meta property=\"og:locale\" content=\"en_US\" \/>\n<meta property=\"og:type\" content=\"article\" \/>\n<meta property=\"og:title\" content=\"Shakespeare. The Tragedie of Romeo and Juliet. London 1599, Q2\" \/>\n<meta property=\"og:description\" content=\"The Tragedie of Romeo and Juliet. London 1599. Romeo and Juliet, by William Shakespeare, according to the London edition of 1599 Q2. English.\" \/>\n<meta property=\"og:url\" content=\"https:\/\/www.comprarmejor.es\/en\/product\/romeo-and-juliet-london-1599-q2\/\" \/>\n<meta property=\"og:site_name\" content=\"ComprarMejor\" \/>\n<meta property=\"article:modified_time\" content=\"2022-08-23T12:30:48+00:00\" \/>\n<meta property=\"og:image\" content=\"https:\/\/www.comprarmejor.es\/wp-content\/uploads\/2015\/09\/p_7_9_3_6_7936-Romeo-and-Juliet.-London-1599-Q2.jpg\" \/>\n\t<meta property=\"og:image:width\" content=\"598\" \/>\n\t<meta property=\"og:image:height\" content=\"478\" \/>\n\t<meta property=\"og:image:type\" content=\"image\/jpeg\" \/>\n<meta name=\"twitter:card\" content=\"summary_large_image\" \/>\n<meta name=\"twitter:label1\" content=\"Est. reading time\" \/>\n\t<meta name=\"twitter:data1\" content=\"1 minute\" \/>\n<script type=\"application\/ld+json\" class=\"yoast-schema-graph\">{\"@context\":\"https:\\\/\\\/schema.org\",\"@graph\":[{\"@type\":\"WebPage\",\"@id\":\"https:\\\/\\\/www.comprarmejor.es\\\/en\\\/product\\\/romeo-and-juliet-london-1599-q2\\\/\",\"url\":\"https:\\\/\\\/www.comprarmejor.es\\\/en\\\/product\\\/romeo-and-juliet-london-1599-q2\\\/\",\"name\":\"Shakespeare. The Tragedie of Romeo and Juliet. London 1599, Q2\",\"isPartOf\":{\"@id\":\"https:\\\/\\\/www.comprarmejor.es\\\/en\\\/#website\"},\"primaryImageOfPage\":{\"@id\":\"https:\\\/\\\/www.comprarmejor.es\\\/en\\\/product\\\/romeo-and-juliet-london-1599-q2\\\/#primaryimage\"},\"image\":{\"@id\":\"https:\\\/\\\/www.comprarmejor.es\\\/en\\\/product\\\/romeo-and-juliet-london-1599-q2\\\/#primaryimage\"},\"thumbnailUrl\":\"https:\\\/\\\/www.comprarmejor.es\\\/wp-content\\\/uploads\\\/2015\\\/09\\\/p_7_9_3_6_7936-Romeo-and-Juliet.-London-1599-Q2.jpg\",\"datePublished\":\"2015-09-06T17:16:04+00:00\",\"dateModified\":\"2022-08-23T12:30:48+00:00\",\"description\":\"The Tragedie of Romeo and Juliet. London 1599. Romeo and Juliet, by William Shakespeare, according to the London edition of 1599 Q2. English.\",\"breadcrumb\":{\"@id\":\"https:\\\/\\\/www.comprarmejor.es\\\/en\\\/product\\\/romeo-and-juliet-london-1599-q2\\\/#breadcrumb\"},\"inLanguage\":\"en-US\",\"potentialAction\":[{\"@type\":\"ReadAction\",\"target\":[\"https:\\\/\\\/www.comprarmejor.es\\\/en\\\/product\\\/romeo-and-juliet-london-1599-q2\\\/\"]}]},{\"@type\":\"ImageObject\",\"inLanguage\":\"en-US\",\"@id\":\"https:\\\/\\\/www.comprarmejor.es\\\/en\\\/product\\\/romeo-and-juliet-london-1599-q2\\\/#primaryimage\",\"url\":\"https:\\\/\\\/www.comprarmejor.es\\\/wp-content\\\/uploads\\\/2015\\\/09\\\/p_7_9_3_6_7936-Romeo-and-Juliet.-London-1599-Q2.jpg\",\"contentUrl\":\"https:\\\/\\\/www.comprarmejor.es\\\/wp-content\\\/uploads\\\/2015\\\/09\\\/p_7_9_3_6_7936-Romeo-and-Juliet.-London-1599-Q2.jpg\",\"width\":598,\"height\":478},{\"@type\":\"BreadcrumbList\",\"@id\":\"https:\\\/\\\/www.comprarmejor.es\\\/en\\\/product\\\/romeo-and-juliet-london-1599-q2\\\/#breadcrumb\",\"itemListElement\":[{\"@type\":\"ListItem\",\"position\":1,\"name\":\"Portada\",\"item\":\"https:\\\/\\\/www.comprarmejor.es\\\/en\\\/\"},{\"@type\":\"ListItem\",\"position\":2,\"name\":\"Shop\",\"item\":\"https:\\\/\\\/www.comprarmejor.es\\\/en\\\/shop\\\/\"},{\"@type\":\"ListItem\",\"position\":3,\"name\":\"Romeo and Juliet. London, 1599, Q2\"}]},{\"@type\":\"WebSite\",\"@id\":\"https:\\\/\\\/www.comprarmejor.es\\\/en\\\/#website\",\"url\":\"https:\\\/\\\/www.comprarmejor.es\\\/en\\\/\",\"name\":\"ComprarMejor\",\"description\":\"ComprarMejor\",\"publisher\":{\"@id\":\"https:\\\/\\\/www.comprarmejor.es\\\/en\\\/#organization\"},\"potentialAction\":[{\"@type\":\"SearchAction\",\"target\":{\"@type\":\"EntryPoint\",\"urlTemplate\":\"https:\\\/\\\/www.comprarmejor.es\\\/en\\\/?s={search_term_string}\"},\"query-input\":{\"@type\":\"PropertyValueSpecification\",\"valueRequired\":true,\"valueName\":\"search_term_string\"}}],\"inLanguage\":\"en-US\"},{\"@type\":\"Organization\",\"@id\":\"https:\\\/\\\/www.comprarmejor.es\\\/en\\\/#organization\",\"name\":\"COMPRAR MEJOR\",\"url\":\"https:\\\/\\\/www.comprarmejor.es\\\/en\\\/\",\"logo\":{\"@type\":\"ImageObject\",\"inLanguage\":\"en-US\",\"@id\":\"https:\\\/\\\/www.comprarmejor.es\\\/en\\\/#\\\/schema\\\/logo\\\/image\\\/\",\"url\":\"https:\\\/\\\/www.comprarmejor.es\\\/wp-content\\\/uploads\\\/2025\\\/09\\\/comprarmejortrinidad.jpg\",\"contentUrl\":\"https:\\\/\\\/www.comprarmejor.es\\\/wp-content\\\/uploads\\\/2025\\\/09\\\/comprarmejortrinidad.jpg\",\"width\":1022,\"height\":1380,\"caption\":\"COMPRAR MEJOR\"},\"image\":{\"@id\":\"https:\\\/\\\/www.comprarmejor.es\\\/en\\\/#\\\/schema\\\/logo\\\/image\\\/\"},\"sameAs\":[\"https:\\\/\\\/www.instagram.com\\\/amigosdelcodice\"]}]}<\/script>\n<!-- \/ Yoast SEO plugin. -->","yoast_head_json":{"title":"Shakespeare. The Tragedie of Romeo and Juliet. London 1599, Q2","description":"The Tragedie of Romeo and Juliet. London 1599. Romeo and Juliet, by William Shakespeare, according to the London edition of 1599 Q2. English.","robots":{"index":"index","follow":"follow","max-snippet":"max-snippet:-1","max-image-preview":"max-image-preview:large","max-video-preview":"max-video-preview:-1"},"canonical":"https:\/\/www.comprarmejor.es\/en\/product\/romeo-and-juliet-london-1599-q2\/","og_locale":"en_US","og_type":"article","og_title":"Shakespeare. The Tragedie of Romeo and Juliet. London 1599, Q2","og_description":"The Tragedie of Romeo and Juliet. London 1599. Romeo and Juliet, by William Shakespeare, according to the London edition of 1599 Q2. English.","og_url":"https:\/\/www.comprarmejor.es\/en\/product\/romeo-and-juliet-london-1599-q2\/","og_site_name":"ComprarMejor","article_modified_time":"2022-08-23T12:30:48+00:00","og_image":[{"width":598,"height":478,"url":"https:\/\/www.comprarmejor.es\/wp-content\/uploads\/2015\/09\/p_7_9_3_6_7936-Romeo-and-Juliet.-London-1599-Q2.jpg","type":"image\/jpeg"}],"twitter_card":"summary_large_image","twitter_misc":{"Est. reading time":"1 minute"},"schema":{"@context":"https:\/\/schema.org","@graph":[{"@type":"WebPage","@id":"https:\/\/www.comprarmejor.es\/en\/product\/romeo-and-juliet-london-1599-q2\/","url":"https:\/\/www.comprarmejor.es\/en\/product\/romeo-and-juliet-london-1599-q2\/","name":"Shakespeare. The Tragedie of Romeo and Juliet. London 1599, Q2","isPartOf":{"@id":"https:\/\/www.comprarmejor.es\/en\/#website"},"primaryImageOfPage":{"@id":"https:\/\/www.comprarmejor.es\/en\/product\/romeo-and-juliet-london-1599-q2\/#primaryimage"},"image":{"@id":"https:\/\/www.comprarmejor.es\/en\/product\/romeo-and-juliet-london-1599-q2\/#primaryimage"},"thumbnailUrl":"https:\/\/www.comprarmejor.es\/wp-content\/uploads\/2015\/09\/p_7_9_3_6_7936-Romeo-and-Juliet.-London-1599-Q2.jpg","datePublished":"2015-09-06T17:16:04+00:00","dateModified":"2022-08-23T12:30:48+00:00","description":"The Tragedie of Romeo and Juliet. London 1599. Romeo and Juliet, by William Shakespeare, according to the London edition of 1599 Q2. English.","breadcrumb":{"@id":"https:\/\/www.comprarmejor.es\/en\/product\/romeo-and-juliet-london-1599-q2\/#breadcrumb"},"inLanguage":"en-US","potentialAction":[{"@type":"ReadAction","target":["https:\/\/www.comprarmejor.es\/en\/product\/romeo-and-juliet-london-1599-q2\/"]}]},{"@type":"ImageObject","inLanguage":"en-US","@id":"https:\/\/www.comprarmejor.es\/en\/product\/romeo-and-juliet-london-1599-q2\/#primaryimage","url":"https:\/\/www.comprarmejor.es\/wp-content\/uploads\/2015\/09\/p_7_9_3_6_7936-Romeo-and-Juliet.-London-1599-Q2.jpg","contentUrl":"https:\/\/www.comprarmejor.es\/wp-content\/uploads\/2015\/09\/p_7_9_3_6_7936-Romeo-and-Juliet.-London-1599-Q2.jpg","width":598,"height":478},{"@type":"BreadcrumbList","@id":"https:\/\/www.comprarmejor.es\/en\/product\/romeo-and-juliet-london-1599-q2\/#breadcrumb","itemListElement":[{"@type":"ListItem","position":1,"name":"Portada","item":"https:\/\/www.comprarmejor.es\/en\/"},{"@type":"ListItem","position":2,"name":"Shop","item":"https:\/\/www.comprarmejor.es\/en\/shop\/"},{"@type":"ListItem","position":3,"name":"Romeo and Juliet. London, 1599, Q2"}]},{"@type":"WebSite","@id":"https:\/\/www.comprarmejor.es\/en\/#website","url":"https:\/\/www.comprarmejor.es\/en\/","name":"ComprarMejor","description":"ComprarMejor","publisher":{"@id":"https:\/\/www.comprarmejor.es\/en\/#organization"},"potentialAction":[{"@type":"SearchAction","target":{"@type":"EntryPoint","urlTemplate":"https:\/\/www.comprarmejor.es\/en\/?s={search_term_string}"},"query-input":{"@type":"PropertyValueSpecification","valueRequired":true,"valueName":"search_term_string"}}],"inLanguage":"en-US"},{"@type":"Organization","@id":"https:\/\/www.comprarmejor.es\/en\/#organization","name":"COMPRAR MEJOR","url":"https:\/\/www.comprarmejor.es\/en\/","logo":{"@type":"ImageObject","inLanguage":"en-US","@id":"https:\/\/www.comprarmejor.es\/en\/#\/schema\/logo\/image\/","url":"https:\/\/www.comprarmejor.es\/wp-content\/uploads\/2025\/09\/comprarmejortrinidad.jpg","contentUrl":"https:\/\/www.comprarmejor.es\/wp-content\/uploads\/2025\/09\/comprarmejortrinidad.jpg","width":1022,"height":1380,"caption":"COMPRAR MEJOR"},"image":{"@id":"https:\/\/www.comprarmejor.es\/en\/#\/schema\/logo\/image\/"},"sameAs":["https:\/\/www.instagram.com\/amigosdelcodice"]}]}},"_links":{"self":[{"href":"https:\/\/www.comprarmejor.es\/en\/wp-json\/wp\/v2\/product\/47121","targetHints":{"allow":["GET"]}}],"collection":[{"href":"https:\/\/www.comprarmejor.es\/en\/wp-json\/wp\/v2\/product"}],"about":[{"href":"https:\/\/www.comprarmejor.es\/en\/wp-json\/wp\/v2\/types\/product"}],"wp:featuredmedia":[{"embeddable":true,"href":"https:\/\/www.comprarmejor.es\/en\/wp-json\/wp\/v2\/media\/47109"}],"wp:attachment":[{"href":"https:\/\/www.comprarmejor.es\/en\/wp-json\/wp\/v2\/media?parent=47121"}],"wp:term":[{"taxonomy":"product_brand","embeddable":true,"href":"https:\/\/www.comprarmejor.es\/en\/wp-json\/wp\/v2\/product_brand?post=47121"},{"taxonomy":"product_cat","embeddable":true,"href":"https:\/\/www.comprarmejor.es\/en\/wp-json\/wp\/v2\/product_cat?post=47121"},{"taxonomy":"product_tag","embeddable":true,"href":"https:\/\/www.comprarmejor.es\/en\/wp-json\/wp\/v2\/product_tag?post=47121"}],"curies":[{"name":"wp","href":"https:\/\/api.w.org\/{rel}","templated":true}]}}