{"id":47131,"date":"2015-09-06T19:35:18","date_gmt":"2015-09-06T17:35:18","guid":{"rendered":"https:\/\/www.comprarmejor.es\/producto\/1910-handmade-silver-plate-bronze-unique-piece\/"},"modified":"2019-08-28T13:05:21","modified_gmt":"2019-08-28T11:05:21","slug":"1910-handmade-silver-plate-bronze-unique-piece","status":"publish","type":"product","link":"https:\/\/www.comprarmejor.es\/en\/product\/1910-handmade-silver-plate-bronze-unique-piece\/","title":{"rendered":"1910 Handmade silver plate bronze, unique piece"},"content":{"rendered":"<p style=\"text-align:justify;\"><span id=\"result_box\" lang=\"en\" xml:lang=\"en\"><span title=\"Exclusivo plato de bronce realizado artesanalmente con fundici\u00f3n en molde de tierra y plateado en 2007 con plata pura.\"><strong>Exclusive<\/strong> bronze bowl crafted using earth casting mold and silver in 2007 with pure silver. <\/span><span title=\"Realizado con motivos en relieve en borde e interior.\">Made with patterns in relief in edge and interior. <\/span><span title=\"Fondo con escena de una fiesta en taberna de la obra pict\u00f3rica &quot;Die Tanzstunde&quot; (la clase que baila) del maestro holand\u00e9s del Siglo de Oro Jan Steen (1626-1679).\">Background with a party scene in the paintings tavern <em><strong>Die Tanzstunde<\/strong><\/em> (dancing class) Dutch Golden Age master <strong>Jan Steen<\/strong> (1626-1679).<\/p>\n<p><\/span><span title=\"Pieza \u00fanica, c.\">Single piece, c. <\/span><span title=\"1910, garantizamos que no encontrar\u00e1 otra pieza igual a \u00e9sta.\">1910, we guarantee you will not find another piece like this one. <\/span><span title=\"Con un di\u00e1metro de 132 mm.\">With a diameter of 132 mm. <\/span><span title=\"y un peso 296,50 grs., este bello y exclusivo plato se convierte en un elegante elemento decorativo de gran belleza y plasticidad.\">and weighs 296,50 grams., this beautiful and unique dish becomes an elegant decorative element of great beauty and plasticity.<\/p>\n<p><\/span><span title=\"Jan Steen naci\u00f3 en Leiden (Holanda) y es conocido mundialmente por sus escenas cotidianas y el humor en su obra.\">Jan Steen was born in Leiden (Netherlands) and is known worldwide for their everyday scenes and humor in his work. <\/span><span title=\"Steen fue un prol\u00edfico pintor especialmente de escenas de tabernas animadas y de ni\u00f1os, aunque tambi\u00e9n pintaba paisajes, retratos, y temas religiosos.\">Steen was a prolific painter especially animated scenes of taverns and children, but also painted landscapes, portraits, and religious subjects. <\/span><span title=\"La vida cotidiana era uno de los temas principales de Jan Steen.\">Daily life was one of the main themes of Jan Steen. <\/span><span title=\"Muchas de las escenas que \u00e9l retrat\u00f3 son animadas hasta el punto de llegar a mostrar una diversi\u00f3n ca\u00f3tica.\">Many of the scenes he portrayed are lively to the point of reaching a chaotic fun show.<\/p>\n<p><\/span><span title=\"Gastos de env\u00edo por cuenta del comprador, seg\u00fan pedido y destino.\">Shipping by the buyer, upon request and destination. <\/span><span title=\"Cons\u00faltenos cualquier duda.\"><a class=\"btn btn-default\" href=\"http:\/\/comprarmejor.es\/en\/contact\">Ask us<\/a> <span lang=\"en\" xml:lang=\"en\">without obligation (indicating the reference of the article) any doubt.<\/span><br \/><\/span><\/span><\/p>\n","protected":false},"excerpt":{"rendered":"<p style=\"text-align:justify;\"><span id=\"result_box\" lang=\"en\" xml:lang=\"en\"><span title=\"Exclusivo plato de bronce realizado artesanalmente con fundici\u00f3n en molde de tierra y plateado en 2007 con plata pura.\">Exclusive bronze bowl crafted using earth casting mold and silver in 2007 with pure silver. <\/span><span title=\"Realizado con motivos en relieve en borde e interior.\">Made with patterns in relief in edge and interior. <\/span><span title=\"Fondo con escena de una fiesta en taberna de la obra pict\u00f3rica &quot;Die Tanzstunde&quot; (la clase que baila) del maestro holand\u00e9s del Siglo de Oro Jan Steen (1626-1679).\">Background with a party scene in the paintings tavern &#8220;Die Tanzstunde&#8221; (dancing class) Dutch Golden Age master Jan Steen (1626-1679).<\/span><\/span><\/p>\n","protected":false},"featured_media":47123,"template":"","meta":[],"product_brand":[],"product_cat":[2224,2214,2238,5386],"product_tag":[5028],"class_list":{"0":"post-47131","1":"product","2":"type-product","3":"status-publish","4":"has-post-thumbnail","6":"product_cat-antiques","7":"product_cat-crafts","8":"product_cat-exclusive-copies","9":"product_cat-home-decoration","10":"product_tag-steen-en","11":"product_shipping_class-from-0-to-1-kg","12":"description-off","14":"first","15":"instock","16":"taxable","17":"shipping-taxable","18":"purchasable","19":"product-type-simple"},"yoast_head":"<!-- This site is optimized with the Yoast SEO plugin v27.3 - https:\/\/yoast.com\/product\/yoast-seo-wordpress\/ -->\n<title>1910 Handmade silver plate bronze, unique piece<\/title>\n<meta name=\"description\" content=\"Exclusive bronze bowl crafted using earth casting mold and silver in 2007 with pure silver. Embossed work of Jan Steen.\" \/>\n<meta name=\"robots\" content=\"index, follow, max-snippet:-1, max-image-preview:large, max-video-preview:-1\" \/>\n<link rel=\"canonical\" href=\"https:\/\/www.comprarmejor.es\/en\/product\/1910-handmade-silver-plate-bronze-unique-piece\/\" \/>\n<meta property=\"og:locale\" content=\"en_US\" \/>\n<meta property=\"og:type\" content=\"article\" \/>\n<meta property=\"og:title\" content=\"1910 Handmade silver plate bronze, unique piece\" \/>\n<meta property=\"og:description\" content=\"Exclusive bronze bowl crafted using earth casting mold and silver in 2007 with pure silver. Embossed work of Jan Steen.\" \/>\n<meta property=\"og:url\" content=\"https:\/\/www.comprarmejor.es\/en\/product\/1910-handmade-silver-plate-bronze-unique-piece\/\" \/>\n<meta property=\"og:site_name\" content=\"ComprarMejor\" \/>\n<meta property=\"article:modified_time\" content=\"2019-08-28T11:05:21+00:00\" \/>\n<meta property=\"og:image\" content=\"https:\/\/www.comprarmejor.es\/wp-content\/uploads\/2015\/09\/p_3_3_9_339-Plato-artesanal-de-bronce-plateado-de-1910-pieza-unica.jpg\" \/>\n\t<meta property=\"og:image:width\" content=\"500\" \/>\n\t<meta property=\"og:image:height\" content=\"500\" \/>\n\t<meta property=\"og:image:type\" content=\"image\/jpeg\" \/>\n<meta name=\"twitter:card\" content=\"summary_large_image\" \/>\n<meta name=\"twitter:label1\" content=\"Est. reading time\" \/>\n\t<meta name=\"twitter:data1\" content=\"1 minute\" \/>\n<script type=\"application\/ld+json\" class=\"yoast-schema-graph\">{\"@context\":\"https:\\\/\\\/schema.org\",\"@graph\":[{\"@type\":\"WebPage\",\"@id\":\"https:\\\/\\\/www.comprarmejor.es\\\/en\\\/product\\\/1910-handmade-silver-plate-bronze-unique-piece\\\/\",\"url\":\"https:\\\/\\\/www.comprarmejor.es\\\/en\\\/product\\\/1910-handmade-silver-plate-bronze-unique-piece\\\/\",\"name\":\"1910 Handmade silver plate bronze, unique piece\",\"isPartOf\":{\"@id\":\"https:\\\/\\\/www.comprarmejor.es\\\/en\\\/#website\"},\"primaryImageOfPage\":{\"@id\":\"https:\\\/\\\/www.comprarmejor.es\\\/en\\\/product\\\/1910-handmade-silver-plate-bronze-unique-piece\\\/#primaryimage\"},\"image\":{\"@id\":\"https:\\\/\\\/www.comprarmejor.es\\\/en\\\/product\\\/1910-handmade-silver-plate-bronze-unique-piece\\\/#primaryimage\"},\"thumbnailUrl\":\"https:\\\/\\\/www.comprarmejor.es\\\/wp-content\\\/uploads\\\/2015\\\/09\\\/p_3_3_9_339-Plato-artesanal-de-bronce-plateado-de-1910-pieza-unica.jpg\",\"datePublished\":\"2015-09-06T17:35:18+00:00\",\"dateModified\":\"2019-08-28T11:05:21+00:00\",\"description\":\"Exclusive bronze bowl crafted using earth casting mold and silver in 2007 with pure silver. Embossed work of Jan Steen.\",\"breadcrumb\":{\"@id\":\"https:\\\/\\\/www.comprarmejor.es\\\/en\\\/product\\\/1910-handmade-silver-plate-bronze-unique-piece\\\/#breadcrumb\"},\"inLanguage\":\"en-US\",\"potentialAction\":[{\"@type\":\"ReadAction\",\"target\":[\"https:\\\/\\\/www.comprarmejor.es\\\/en\\\/product\\\/1910-handmade-silver-plate-bronze-unique-piece\\\/\"]}]},{\"@type\":\"ImageObject\",\"inLanguage\":\"en-US\",\"@id\":\"https:\\\/\\\/www.comprarmejor.es\\\/en\\\/product\\\/1910-handmade-silver-plate-bronze-unique-piece\\\/#primaryimage\",\"url\":\"https:\\\/\\\/www.comprarmejor.es\\\/wp-content\\\/uploads\\\/2015\\\/09\\\/p_3_3_9_339-Plato-artesanal-de-bronce-plateado-de-1910-pieza-unica.jpg\",\"contentUrl\":\"https:\\\/\\\/www.comprarmejor.es\\\/wp-content\\\/uploads\\\/2015\\\/09\\\/p_3_3_9_339-Plato-artesanal-de-bronce-plateado-de-1910-pieza-unica.jpg\",\"width\":500,\"height\":500},{\"@type\":\"BreadcrumbList\",\"@id\":\"https:\\\/\\\/www.comprarmejor.es\\\/en\\\/product\\\/1910-handmade-silver-plate-bronze-unique-piece\\\/#breadcrumb\",\"itemListElement\":[{\"@type\":\"ListItem\",\"position\":1,\"name\":\"Portada\",\"item\":\"https:\\\/\\\/www.comprarmejor.es\\\/en\\\/\"},{\"@type\":\"ListItem\",\"position\":2,\"name\":\"Shop\",\"item\":\"https:\\\/\\\/www.comprarmejor.es\\\/en\\\/shop\\\/\"},{\"@type\":\"ListItem\",\"position\":3,\"name\":\"1910 Handmade silver plate bronze, unique piece\"}]},{\"@type\":\"WebSite\",\"@id\":\"https:\\\/\\\/www.comprarmejor.es\\\/en\\\/#website\",\"url\":\"https:\\\/\\\/www.comprarmejor.es\\\/en\\\/\",\"name\":\"ComprarMejor\",\"description\":\"ComprarMejor\",\"publisher\":{\"@id\":\"https:\\\/\\\/www.comprarmejor.es\\\/en\\\/#organization\"},\"potentialAction\":[{\"@type\":\"SearchAction\",\"target\":{\"@type\":\"EntryPoint\",\"urlTemplate\":\"https:\\\/\\\/www.comprarmejor.es\\\/en\\\/?s={search_term_string}\"},\"query-input\":{\"@type\":\"PropertyValueSpecification\",\"valueRequired\":true,\"valueName\":\"search_term_string\"}}],\"inLanguage\":\"en-US\"},{\"@type\":\"Organization\",\"@id\":\"https:\\\/\\\/www.comprarmejor.es\\\/en\\\/#organization\",\"name\":\"COMPRAR MEJOR\",\"url\":\"https:\\\/\\\/www.comprarmejor.es\\\/en\\\/\",\"logo\":{\"@type\":\"ImageObject\",\"inLanguage\":\"en-US\",\"@id\":\"https:\\\/\\\/www.comprarmejor.es\\\/en\\\/#\\\/schema\\\/logo\\\/image\\\/\",\"url\":\"https:\\\/\\\/www.comprarmejor.es\\\/wp-content\\\/uploads\\\/2025\\\/09\\\/comprarmejortrinidad.jpg\",\"contentUrl\":\"https:\\\/\\\/www.comprarmejor.es\\\/wp-content\\\/uploads\\\/2025\\\/09\\\/comprarmejortrinidad.jpg\",\"width\":1022,\"height\":1380,\"caption\":\"COMPRAR MEJOR\"},\"image\":{\"@id\":\"https:\\\/\\\/www.comprarmejor.es\\\/en\\\/#\\\/schema\\\/logo\\\/image\\\/\"},\"sameAs\":[\"https:\\\/\\\/www.instagram.com\\\/amigosdelcodice\"]}]}<\/script>\n<!-- \/ Yoast SEO plugin. -->","yoast_head_json":{"title":"1910 Handmade silver plate bronze, unique piece","description":"Exclusive bronze bowl crafted using earth casting mold and silver in 2007 with pure silver. Embossed work of Jan Steen.","robots":{"index":"index","follow":"follow","max-snippet":"max-snippet:-1","max-image-preview":"max-image-preview:large","max-video-preview":"max-video-preview:-1"},"canonical":"https:\/\/www.comprarmejor.es\/en\/product\/1910-handmade-silver-plate-bronze-unique-piece\/","og_locale":"en_US","og_type":"article","og_title":"1910 Handmade silver plate bronze, unique piece","og_description":"Exclusive bronze bowl crafted using earth casting mold and silver in 2007 with pure silver. Embossed work of Jan Steen.","og_url":"https:\/\/www.comprarmejor.es\/en\/product\/1910-handmade-silver-plate-bronze-unique-piece\/","og_site_name":"ComprarMejor","article_modified_time":"2019-08-28T11:05:21+00:00","og_image":[{"width":500,"height":500,"url":"https:\/\/www.comprarmejor.es\/wp-content\/uploads\/2015\/09\/p_3_3_9_339-Plato-artesanal-de-bronce-plateado-de-1910-pieza-unica.jpg","type":"image\/jpeg"}],"twitter_card":"summary_large_image","twitter_misc":{"Est. reading time":"1 minute"},"schema":{"@context":"https:\/\/schema.org","@graph":[{"@type":"WebPage","@id":"https:\/\/www.comprarmejor.es\/en\/product\/1910-handmade-silver-plate-bronze-unique-piece\/","url":"https:\/\/www.comprarmejor.es\/en\/product\/1910-handmade-silver-plate-bronze-unique-piece\/","name":"1910 Handmade silver plate bronze, unique piece","isPartOf":{"@id":"https:\/\/www.comprarmejor.es\/en\/#website"},"primaryImageOfPage":{"@id":"https:\/\/www.comprarmejor.es\/en\/product\/1910-handmade-silver-plate-bronze-unique-piece\/#primaryimage"},"image":{"@id":"https:\/\/www.comprarmejor.es\/en\/product\/1910-handmade-silver-plate-bronze-unique-piece\/#primaryimage"},"thumbnailUrl":"https:\/\/www.comprarmejor.es\/wp-content\/uploads\/2015\/09\/p_3_3_9_339-Plato-artesanal-de-bronce-plateado-de-1910-pieza-unica.jpg","datePublished":"2015-09-06T17:35:18+00:00","dateModified":"2019-08-28T11:05:21+00:00","description":"Exclusive bronze bowl crafted using earth casting mold and silver in 2007 with pure silver. Embossed work of Jan Steen.","breadcrumb":{"@id":"https:\/\/www.comprarmejor.es\/en\/product\/1910-handmade-silver-plate-bronze-unique-piece\/#breadcrumb"},"inLanguage":"en-US","potentialAction":[{"@type":"ReadAction","target":["https:\/\/www.comprarmejor.es\/en\/product\/1910-handmade-silver-plate-bronze-unique-piece\/"]}]},{"@type":"ImageObject","inLanguage":"en-US","@id":"https:\/\/www.comprarmejor.es\/en\/product\/1910-handmade-silver-plate-bronze-unique-piece\/#primaryimage","url":"https:\/\/www.comprarmejor.es\/wp-content\/uploads\/2015\/09\/p_3_3_9_339-Plato-artesanal-de-bronce-plateado-de-1910-pieza-unica.jpg","contentUrl":"https:\/\/www.comprarmejor.es\/wp-content\/uploads\/2015\/09\/p_3_3_9_339-Plato-artesanal-de-bronce-plateado-de-1910-pieza-unica.jpg","width":500,"height":500},{"@type":"BreadcrumbList","@id":"https:\/\/www.comprarmejor.es\/en\/product\/1910-handmade-silver-plate-bronze-unique-piece\/#breadcrumb","itemListElement":[{"@type":"ListItem","position":1,"name":"Portada","item":"https:\/\/www.comprarmejor.es\/en\/"},{"@type":"ListItem","position":2,"name":"Shop","item":"https:\/\/www.comprarmejor.es\/en\/shop\/"},{"@type":"ListItem","position":3,"name":"1910 Handmade silver plate bronze, unique piece"}]},{"@type":"WebSite","@id":"https:\/\/www.comprarmejor.es\/en\/#website","url":"https:\/\/www.comprarmejor.es\/en\/","name":"ComprarMejor","description":"ComprarMejor","publisher":{"@id":"https:\/\/www.comprarmejor.es\/en\/#organization"},"potentialAction":[{"@type":"SearchAction","target":{"@type":"EntryPoint","urlTemplate":"https:\/\/www.comprarmejor.es\/en\/?s={search_term_string}"},"query-input":{"@type":"PropertyValueSpecification","valueRequired":true,"valueName":"search_term_string"}}],"inLanguage":"en-US"},{"@type":"Organization","@id":"https:\/\/www.comprarmejor.es\/en\/#organization","name":"COMPRAR MEJOR","url":"https:\/\/www.comprarmejor.es\/en\/","logo":{"@type":"ImageObject","inLanguage":"en-US","@id":"https:\/\/www.comprarmejor.es\/en\/#\/schema\/logo\/image\/","url":"https:\/\/www.comprarmejor.es\/wp-content\/uploads\/2025\/09\/comprarmejortrinidad.jpg","contentUrl":"https:\/\/www.comprarmejor.es\/wp-content\/uploads\/2025\/09\/comprarmejortrinidad.jpg","width":1022,"height":1380,"caption":"COMPRAR MEJOR"},"image":{"@id":"https:\/\/www.comprarmejor.es\/en\/#\/schema\/logo\/image\/"},"sameAs":["https:\/\/www.instagram.com\/amigosdelcodice"]}]}},"_links":{"self":[{"href":"https:\/\/www.comprarmejor.es\/en\/wp-json\/wp\/v2\/product\/47131","targetHints":{"allow":["GET"]}}],"collection":[{"href":"https:\/\/www.comprarmejor.es\/en\/wp-json\/wp\/v2\/product"}],"about":[{"href":"https:\/\/www.comprarmejor.es\/en\/wp-json\/wp\/v2\/types\/product"}],"wp:featuredmedia":[{"embeddable":true,"href":"https:\/\/www.comprarmejor.es\/en\/wp-json\/wp\/v2\/media\/47123"}],"wp:attachment":[{"href":"https:\/\/www.comprarmejor.es\/en\/wp-json\/wp\/v2\/media?parent=47131"}],"wp:term":[{"taxonomy":"product_brand","embeddable":true,"href":"https:\/\/www.comprarmejor.es\/en\/wp-json\/wp\/v2\/product_brand?post=47131"},{"taxonomy":"product_cat","embeddable":true,"href":"https:\/\/www.comprarmejor.es\/en\/wp-json\/wp\/v2\/product_cat?post=47131"},{"taxonomy":"product_tag","embeddable":true,"href":"https:\/\/www.comprarmejor.es\/en\/wp-json\/wp\/v2\/product_tag?post=47131"}],"curies":[{"name":"wp","href":"https:\/\/api.w.org\/{rel}","templated":true}]}}