{"id":47151,"date":"2015-09-07T10:55:00","date_gmt":"2015-09-07T08:55:00","guid":{"rendered":"https:\/\/www.comprarmejor.es\/producto\/1923-centennial-silver-medal-tandil-argentina\/"},"modified":"2019-08-28T13:16:51","modified_gmt":"2019-08-28T11:16:51","slug":"1923-centennial-silver-medal-tandil-argentina","status":"publish","type":"product","link":"https:\/\/www.comprarmejor.es\/en\/product\/1923-centennial-silver-medal-tandil-argentina\/","title":{"rendered":"1923 Centennial Silver Medal Tandil (Argentina)"},"content":{"rendered":"<p style=\"text-align:justify;\"><span id=\"result_box\" lang=\"en\" xml:lang=\"en\"><span title=\"Medalla de plata realizada en las celebraciones del Centenario de la ciudad de Tandil, ubicada en el sudeste de la provincia de Buenos Aires, Argentina, 1923. Excelente estado de conservaci\u00f3n.\">Silver medal held in the Centenary celebrations of the city of <strong>Tandil<\/strong>, located in the southeast of the province of Buenos Aires, Argentina, 1923. Excellent condition.<\/p>\n<p><\/span><span title=\"En su anverso, el retrato en relieve de Mart\u00edn Rodr\u00edguez con los a\u00f1os 1771 y 1845 a ambos lados, rodeada de ramas y hojas y la leyenda \u201cMart\u00edn Rodr\u00edguez, militar y estadista\u201d.\">The obverse, the portrait of Martin Rodriguez raised over the years 1771 and 1845 on both sides, surrounded by branches and leaves and the words &#8220;Martin Rodriguez, military and statesman&#8221;.<\/p>\n<p><\/span><span title=\"En su reverso, imagen central en relieve con el escudo y una imagen de la ciudad de Tandil y arriba la inscripci\u00f3n \u201c1823 \u2013 4 de abril \u2013 1923\u201d.\">On the back, central image in relief with coat and an image of the city of Tandil and above the inscription &#8220;1823-4 For April &#8211; 1923&#8221;. <\/span><span title=\"Todo ello rodeada por ramas y hojas y la inscripci\u00f3n \u201c1er centenario de la ciudad de Tandil, homenaje a su ilustre fundador\u201d.\">All this surrounded by branches and leaves and the inscription &#8220;1st centenary of the city of Tandil, a tribute to its illustrious founder.&#8221;<\/p>\n<p><\/span><span title=\"Di\u00e1metro: 35 mm.\">Diameter: 35 mm. <\/span><span title=\"horizontal y 41 mm.\">and 41 mm horizontally. <\/span><span title=\"vertical con argolla incluida.\">Vertical with ring included. <\/span><span title=\"Peso: 19,30 grs.\">Weight: 19.30 grams.<\/p>\n<p><\/span><span title=\"El General Mart\u00edn Rodr\u00edguez, siendo gobernador de la provincia de Buenos Aires (1820-1824), y con motivo de su lucha contra los indios, fund\u00f3 la ciudad de Tandil el 4 de abril de 1923 bajo el nombre inicial de Fuerte Independencia.\">The General Martin Rodriguez, was governor of the province of Buenos Aires (1820-1824), and because of their struggle against the Indians, founded the city of Tandil on April 4, 1923 under the original name of Fort Independence.<\/p>\n<p><\/span><span title=\"Gastos de env\u00edo por cuenta del comprador, seg\u00fan pedido y destino.\">Shipping by the buyer, upon request and destination.\u00a0<\/span><span title=\"Cons\u00faltenos cualquier duda.\"><a class=\"btn btn-default\" href=\"http:\/\/comprarmejor.es\/en\/contact\">Ask us<\/a> any questions.<\/span><\/span><\/p>\n","protected":false},"excerpt":{"rendered":"<p style=\"text-align:justify;\"><span id=\"result_box\" lang=\"en\" xml:lang=\"en\"><span title=\"Medalla de plata realizada en las celebraciones del Centenario de la ciudad de Tandil, ubicada en el sudeste de la provincia de Buenos Aires, Argentina, 1923. Excelente estado de conservaci\u00f3n.\">Silver medal held in the Centenary celebrations of the city of Tandil, located in the southeast of the province of Buenos Aires, Argentina, 1923. Excellent condition.<\/span><\/span><\/p>\n","protected":false},"featured_media":47145,"template":"","meta":[],"product_brand":[],"product_cat":[2254],"product_tag":[4500,5026],"class_list":{"0":"post-47151","1":"product","2":"type-product","3":"status-publish","4":"has-post-thumbnail","6":"product_cat-numismatics","7":"product_tag-argentina-en","8":"product_tag-tandil-en","9":"product_shipping_class-from-0-to-1-kg","10":"description-off","12":"first","13":"instock","14":"taxable","15":"shipping-taxable","16":"purchasable","17":"product-type-simple"},"yoast_head":"<!-- This site is optimized with the Yoast SEO plugin v27.3 - https:\/\/yoast.com\/product\/yoast-seo-wordpress\/ -->\n<title>1923 Centennial Silver Medal Tandil (Argentina)<\/title>\n<meta name=\"description\" content=\"Silver medal held in the Centenary celebrations of the city of Tandil, located in the southeast of the province of Buenos Aires, Argentina, 1923.\" \/>\n<meta name=\"robots\" content=\"index, follow, max-snippet:-1, max-image-preview:large, max-video-preview:-1\" \/>\n<link rel=\"canonical\" href=\"https:\/\/www.comprarmejor.es\/en\/product\/1923-centennial-silver-medal-tandil-argentina\/\" \/>\n<meta property=\"og:locale\" content=\"en_US\" \/>\n<meta property=\"og:type\" content=\"article\" \/>\n<meta property=\"og:title\" content=\"1923 Centennial Silver Medal Tandil (Argentina)\" \/>\n<meta property=\"og:description\" content=\"Silver medal held in the Centenary celebrations of the city of Tandil, located in the southeast of the province of Buenos Aires, Argentina, 1923.\" \/>\n<meta property=\"og:url\" content=\"https:\/\/www.comprarmejor.es\/en\/product\/1923-centennial-silver-medal-tandil-argentina\/\" \/>\n<meta property=\"og:site_name\" content=\"ComprarMejor\" \/>\n<meta property=\"article:modified_time\" content=\"2019-08-28T11:16:51+00:00\" \/>\n<meta property=\"og:image\" content=\"https:\/\/www.comprarmejor.es\/wp-content\/uploads\/2015\/09\/p_3_4_8_348-Medalla-de-plata-centenario-de-Tandil-Argentina-1923.jpg\" \/>\n\t<meta property=\"og:image:width\" content=\"600\" \/>\n\t<meta property=\"og:image:height\" content=\"600\" \/>\n\t<meta property=\"og:image:type\" content=\"image\/jpeg\" \/>\n<meta name=\"twitter:card\" content=\"summary_large_image\" \/>\n<meta name=\"twitter:label1\" content=\"Est. reading time\" \/>\n\t<meta name=\"twitter:data1\" content=\"1 minute\" \/>\n<script type=\"application\/ld+json\" class=\"yoast-schema-graph\">{\"@context\":\"https:\\\/\\\/schema.org\",\"@graph\":[{\"@type\":\"WebPage\",\"@id\":\"https:\\\/\\\/www.comprarmejor.es\\\/en\\\/product\\\/1923-centennial-silver-medal-tandil-argentina\\\/\",\"url\":\"https:\\\/\\\/www.comprarmejor.es\\\/en\\\/product\\\/1923-centennial-silver-medal-tandil-argentina\\\/\",\"name\":\"1923 Centennial Silver Medal Tandil (Argentina)\",\"isPartOf\":{\"@id\":\"https:\\\/\\\/www.comprarmejor.es\\\/en\\\/#website\"},\"primaryImageOfPage\":{\"@id\":\"https:\\\/\\\/www.comprarmejor.es\\\/en\\\/product\\\/1923-centennial-silver-medal-tandil-argentina\\\/#primaryimage\"},\"image\":{\"@id\":\"https:\\\/\\\/www.comprarmejor.es\\\/en\\\/product\\\/1923-centennial-silver-medal-tandil-argentina\\\/#primaryimage\"},\"thumbnailUrl\":\"https:\\\/\\\/www.comprarmejor.es\\\/wp-content\\\/uploads\\\/2015\\\/09\\\/p_3_4_8_348-Medalla-de-plata-centenario-de-Tandil-Argentina-1923.jpg\",\"datePublished\":\"2015-09-07T08:55:00+00:00\",\"dateModified\":\"2019-08-28T11:16:51+00:00\",\"description\":\"Silver medal held in the Centenary celebrations of the city of Tandil, located in the southeast of the province of Buenos Aires, Argentina, 1923.\",\"breadcrumb\":{\"@id\":\"https:\\\/\\\/www.comprarmejor.es\\\/en\\\/product\\\/1923-centennial-silver-medal-tandil-argentina\\\/#breadcrumb\"},\"inLanguage\":\"en-US\",\"potentialAction\":[{\"@type\":\"ReadAction\",\"target\":[\"https:\\\/\\\/www.comprarmejor.es\\\/en\\\/product\\\/1923-centennial-silver-medal-tandil-argentina\\\/\"]}]},{\"@type\":\"ImageObject\",\"inLanguage\":\"en-US\",\"@id\":\"https:\\\/\\\/www.comprarmejor.es\\\/en\\\/product\\\/1923-centennial-silver-medal-tandil-argentina\\\/#primaryimage\",\"url\":\"https:\\\/\\\/www.comprarmejor.es\\\/wp-content\\\/uploads\\\/2015\\\/09\\\/p_3_4_8_348-Medalla-de-plata-centenario-de-Tandil-Argentina-1923.jpg\",\"contentUrl\":\"https:\\\/\\\/www.comprarmejor.es\\\/wp-content\\\/uploads\\\/2015\\\/09\\\/p_3_4_8_348-Medalla-de-plata-centenario-de-Tandil-Argentina-1923.jpg\",\"width\":600,\"height\":600},{\"@type\":\"BreadcrumbList\",\"@id\":\"https:\\\/\\\/www.comprarmejor.es\\\/en\\\/product\\\/1923-centennial-silver-medal-tandil-argentina\\\/#breadcrumb\",\"itemListElement\":[{\"@type\":\"ListItem\",\"position\":1,\"name\":\"Portada\",\"item\":\"https:\\\/\\\/www.comprarmejor.es\\\/en\\\/\"},{\"@type\":\"ListItem\",\"position\":2,\"name\":\"Shop\",\"item\":\"https:\\\/\\\/www.comprarmejor.es\\\/en\\\/shop\\\/\"},{\"@type\":\"ListItem\",\"position\":3,\"name\":\"1923 Centennial Silver Medal Tandil (Argentina)\"}]},{\"@type\":\"WebSite\",\"@id\":\"https:\\\/\\\/www.comprarmejor.es\\\/en\\\/#website\",\"url\":\"https:\\\/\\\/www.comprarmejor.es\\\/en\\\/\",\"name\":\"ComprarMejor\",\"description\":\"ComprarMejor\",\"publisher\":{\"@id\":\"https:\\\/\\\/www.comprarmejor.es\\\/en\\\/#organization\"},\"potentialAction\":[{\"@type\":\"SearchAction\",\"target\":{\"@type\":\"EntryPoint\",\"urlTemplate\":\"https:\\\/\\\/www.comprarmejor.es\\\/en\\\/?s={search_term_string}\"},\"query-input\":{\"@type\":\"PropertyValueSpecification\",\"valueRequired\":true,\"valueName\":\"search_term_string\"}}],\"inLanguage\":\"en-US\"},{\"@type\":\"Organization\",\"@id\":\"https:\\\/\\\/www.comprarmejor.es\\\/en\\\/#organization\",\"name\":\"COMPRAR MEJOR\",\"url\":\"https:\\\/\\\/www.comprarmejor.es\\\/en\\\/\",\"logo\":{\"@type\":\"ImageObject\",\"inLanguage\":\"en-US\",\"@id\":\"https:\\\/\\\/www.comprarmejor.es\\\/en\\\/#\\\/schema\\\/logo\\\/image\\\/\",\"url\":\"https:\\\/\\\/www.comprarmejor.es\\\/wp-content\\\/uploads\\\/2025\\\/09\\\/comprarmejortrinidad.jpg\",\"contentUrl\":\"https:\\\/\\\/www.comprarmejor.es\\\/wp-content\\\/uploads\\\/2025\\\/09\\\/comprarmejortrinidad.jpg\",\"width\":1022,\"height\":1380,\"caption\":\"COMPRAR MEJOR\"},\"image\":{\"@id\":\"https:\\\/\\\/www.comprarmejor.es\\\/en\\\/#\\\/schema\\\/logo\\\/image\\\/\"},\"sameAs\":[\"https:\\\/\\\/www.instagram.com\\\/amigosdelcodice\"]}]}<\/script>\n<!-- \/ Yoast SEO plugin. -->","yoast_head_json":{"title":"1923 Centennial Silver Medal Tandil (Argentina)","description":"Silver medal held in the Centenary celebrations of the city of Tandil, located in the southeast of the province of Buenos Aires, Argentina, 1923.","robots":{"index":"index","follow":"follow","max-snippet":"max-snippet:-1","max-image-preview":"max-image-preview:large","max-video-preview":"max-video-preview:-1"},"canonical":"https:\/\/www.comprarmejor.es\/en\/product\/1923-centennial-silver-medal-tandil-argentina\/","og_locale":"en_US","og_type":"article","og_title":"1923 Centennial Silver Medal Tandil (Argentina)","og_description":"Silver medal held in the Centenary celebrations of the city of Tandil, located in the southeast of the province of Buenos Aires, Argentina, 1923.","og_url":"https:\/\/www.comprarmejor.es\/en\/product\/1923-centennial-silver-medal-tandil-argentina\/","og_site_name":"ComprarMejor","article_modified_time":"2019-08-28T11:16:51+00:00","og_image":[{"width":600,"height":600,"url":"https:\/\/www.comprarmejor.es\/wp-content\/uploads\/2015\/09\/p_3_4_8_348-Medalla-de-plata-centenario-de-Tandil-Argentina-1923.jpg","type":"image\/jpeg"}],"twitter_card":"summary_large_image","twitter_misc":{"Est. reading time":"1 minute"},"schema":{"@context":"https:\/\/schema.org","@graph":[{"@type":"WebPage","@id":"https:\/\/www.comprarmejor.es\/en\/product\/1923-centennial-silver-medal-tandil-argentina\/","url":"https:\/\/www.comprarmejor.es\/en\/product\/1923-centennial-silver-medal-tandil-argentina\/","name":"1923 Centennial Silver Medal Tandil (Argentina)","isPartOf":{"@id":"https:\/\/www.comprarmejor.es\/en\/#website"},"primaryImageOfPage":{"@id":"https:\/\/www.comprarmejor.es\/en\/product\/1923-centennial-silver-medal-tandil-argentina\/#primaryimage"},"image":{"@id":"https:\/\/www.comprarmejor.es\/en\/product\/1923-centennial-silver-medal-tandil-argentina\/#primaryimage"},"thumbnailUrl":"https:\/\/www.comprarmejor.es\/wp-content\/uploads\/2015\/09\/p_3_4_8_348-Medalla-de-plata-centenario-de-Tandil-Argentina-1923.jpg","datePublished":"2015-09-07T08:55:00+00:00","dateModified":"2019-08-28T11:16:51+00:00","description":"Silver medal held in the Centenary celebrations of the city of Tandil, located in the southeast of the province of Buenos Aires, Argentina, 1923.","breadcrumb":{"@id":"https:\/\/www.comprarmejor.es\/en\/product\/1923-centennial-silver-medal-tandil-argentina\/#breadcrumb"},"inLanguage":"en-US","potentialAction":[{"@type":"ReadAction","target":["https:\/\/www.comprarmejor.es\/en\/product\/1923-centennial-silver-medal-tandil-argentina\/"]}]},{"@type":"ImageObject","inLanguage":"en-US","@id":"https:\/\/www.comprarmejor.es\/en\/product\/1923-centennial-silver-medal-tandil-argentina\/#primaryimage","url":"https:\/\/www.comprarmejor.es\/wp-content\/uploads\/2015\/09\/p_3_4_8_348-Medalla-de-plata-centenario-de-Tandil-Argentina-1923.jpg","contentUrl":"https:\/\/www.comprarmejor.es\/wp-content\/uploads\/2015\/09\/p_3_4_8_348-Medalla-de-plata-centenario-de-Tandil-Argentina-1923.jpg","width":600,"height":600},{"@type":"BreadcrumbList","@id":"https:\/\/www.comprarmejor.es\/en\/product\/1923-centennial-silver-medal-tandil-argentina\/#breadcrumb","itemListElement":[{"@type":"ListItem","position":1,"name":"Portada","item":"https:\/\/www.comprarmejor.es\/en\/"},{"@type":"ListItem","position":2,"name":"Shop","item":"https:\/\/www.comprarmejor.es\/en\/shop\/"},{"@type":"ListItem","position":3,"name":"1923 Centennial Silver Medal Tandil (Argentina)"}]},{"@type":"WebSite","@id":"https:\/\/www.comprarmejor.es\/en\/#website","url":"https:\/\/www.comprarmejor.es\/en\/","name":"ComprarMejor","description":"ComprarMejor","publisher":{"@id":"https:\/\/www.comprarmejor.es\/en\/#organization"},"potentialAction":[{"@type":"SearchAction","target":{"@type":"EntryPoint","urlTemplate":"https:\/\/www.comprarmejor.es\/en\/?s={search_term_string}"},"query-input":{"@type":"PropertyValueSpecification","valueRequired":true,"valueName":"search_term_string"}}],"inLanguage":"en-US"},{"@type":"Organization","@id":"https:\/\/www.comprarmejor.es\/en\/#organization","name":"COMPRAR MEJOR","url":"https:\/\/www.comprarmejor.es\/en\/","logo":{"@type":"ImageObject","inLanguage":"en-US","@id":"https:\/\/www.comprarmejor.es\/en\/#\/schema\/logo\/image\/","url":"https:\/\/www.comprarmejor.es\/wp-content\/uploads\/2025\/09\/comprarmejortrinidad.jpg","contentUrl":"https:\/\/www.comprarmejor.es\/wp-content\/uploads\/2025\/09\/comprarmejortrinidad.jpg","width":1022,"height":1380,"caption":"COMPRAR MEJOR"},"image":{"@id":"https:\/\/www.comprarmejor.es\/en\/#\/schema\/logo\/image\/"},"sameAs":["https:\/\/www.instagram.com\/amigosdelcodice"]}]}},"_links":{"self":[{"href":"https:\/\/www.comprarmejor.es\/en\/wp-json\/wp\/v2\/product\/47151","targetHints":{"allow":["GET"]}}],"collection":[{"href":"https:\/\/www.comprarmejor.es\/en\/wp-json\/wp\/v2\/product"}],"about":[{"href":"https:\/\/www.comprarmejor.es\/en\/wp-json\/wp\/v2\/types\/product"}],"wp:featuredmedia":[{"embeddable":true,"href":"https:\/\/www.comprarmejor.es\/en\/wp-json\/wp\/v2\/media\/47145"}],"wp:attachment":[{"href":"https:\/\/www.comprarmejor.es\/en\/wp-json\/wp\/v2\/media?parent=47151"}],"wp:term":[{"taxonomy":"product_brand","embeddable":true,"href":"https:\/\/www.comprarmejor.es\/en\/wp-json\/wp\/v2\/product_brand?post=47151"},{"taxonomy":"product_cat","embeddable":true,"href":"https:\/\/www.comprarmejor.es\/en\/wp-json\/wp\/v2\/product_cat?post=47151"},{"taxonomy":"product_tag","embeddable":true,"href":"https:\/\/www.comprarmejor.es\/en\/wp-json\/wp\/v2\/product_tag?post=47151"}],"curies":[{"name":"wp","href":"https:\/\/api.w.org\/{rel}","templated":true}]}}