{"id":47163,"date":"2015-09-07T12:00:29","date_gmt":"2015-09-07T10:00:29","guid":{"rendered":"https:\/\/www.comprarmejor.es\/producto\/1925-jewel-bracelet-watch-lady-in-gold-platinum-diamonds-and-sapphires\/"},"modified":"2021-07-07T10:29:47","modified_gmt":"2021-07-07T08:29:47","slug":"pack-with-4-pictures-of-the-alhambra-19th-century","status":"publish","type":"product","link":"https:\/\/www.comprarmejor.es\/en\/product\/pack-with-4-pictures-of-the-alhambra-19th-century\/","title":{"rendered":"Pack with 4 pictures of the Alhambra 19th century"},"content":{"rendered":"<p style=\"text-align: justify;\">Set of 4 small paintings with color plates of views of the <strong>Alhambra<\/strong> (Granada &#8211; Spain) according to engravings from the 19th century. Gilded wooden frames with glass.<\/p>\n<p style=\"text-align: justify;\">Interior perspective of the Alhambra. Vertical format framed 18 x 23.5 cm.<br \/>\nView of the Alhambra and the Generalife taken from the banks of the Darro. Horizontal format framed 23 x 18 cm.<br \/>\nPatio de los Ba\u00f1os at the entrance of the Alhambra. Horizontal format framed 23 x 18 cm.<br \/>\nGeneralife Gardens. Vertical format framed 18 x 21 cm.<\/p>\n<p style=\"text-align: justify;\">The frames are over 30 years old and in very good condition. The price indicated is for the complete batch of the 4 paintings. Ask us if you only want any of them.<\/p>\n<p style=\"text-align: justify;\"><span title=\"Gastos de env\u00edo por cuenta del comprador, seg\u00fan pedido y destino.\">Shipping by the buyer, upon request and destination.\u00a0<\/span><span title=\"Cons\u00faltenos cualquier duda.\"><a class=\"btn btn-default\" href=\"https:\/\/www.comprarmejor.es\/en\/contact\">Ask us<\/a> <span class=\"VIiyi\" lang=\"en\"><span class=\"JLqJ4b\" data-language-for-alternatives=\"en\" data-language-to-translate-into=\"es\" data-phrase-index=\"0\">without obligation (indicating the reference of the article) any questions.<\/span><\/span><br \/>\n<\/span><\/p>\n","protected":false},"excerpt":{"rendered":"<p style=\"text-align: justify;\"><span id=\"result_box\" lang=\"en\" xml:lang=\"en\"><span title=\"Bell\u00edsima pieza de joyer\u00eda y de relojer\u00eda, \u00fanica y exclusiva, especial para coleccionistas o para lucir por una gran dama.\"><span class=\"VIiyi\" lang=\"en\"><span class=\"JLqJ4b\" data-language-for-alternatives=\"en\" data-language-to-translate-into=\"es\" data-phrase-index=\"0\">Set of 4 small paintings with color plates of views of the Alhambra according to engravings from the 19th century. Gilded wooden frames with glass.<\/span><\/span><\/span><\/span><\/p>\n","protected":false},"featured_media":68959,"template":"","meta":[],"product_brand":[],"product_cat":[5386],"product_tag":[4163,4164],"class_list":{"0":"post-47163","1":"product","2":"type-product","3":"status-publish","4":"has-post-thumbnail","6":"product_cat-home-decoration","7":"product_tag-alhambra-en","8":"product_tag-granada-en-2","9":"product_shipping_class-from-2-to-5-kg","10":"description-off","12":"first","13":"instock","14":"taxable","15":"shipping-taxable","16":"purchasable","17":"product-type-simple"},"yoast_head":"<!-- This site is optimized with the Yoast SEO plugin v27.3 - https:\/\/yoast.com\/product\/yoast-seo-wordpress\/ -->\n<title>Pack with 4 small pictures of the Alhambra 19th century<\/title>\n<meta name=\"description\" content=\"Set of 4 small paintings with color plates of views of the Alhambra according to engravings from the 19th century. Gilded wooden frames with\" \/>\n<meta name=\"robots\" content=\"index, follow, max-snippet:-1, max-image-preview:large, max-video-preview:-1\" \/>\n<link rel=\"canonical\" href=\"https:\/\/www.comprarmejor.es\/en\/product\/pack-with-4-pictures-of-the-alhambra-19th-century\/\" \/>\n<meta property=\"og:locale\" content=\"en_US\" \/>\n<meta property=\"og:type\" content=\"article\" \/>\n<meta property=\"og:title\" content=\"Pack with 4 small pictures of the Alhambra 19th century\" \/>\n<meta property=\"og:description\" content=\"Set of 4 small paintings with color plates of views of the Alhambra according to engravings from the 19th century. Gilded wooden frames with\" \/>\n<meta property=\"og:url\" content=\"https:\/\/www.comprarmejor.es\/en\/product\/pack-with-4-pictures-of-the-alhambra-19th-century\/\" \/>\n<meta property=\"og:site_name\" content=\"ComprarMejor\" \/>\n<meta property=\"article:modified_time\" content=\"2021-07-07T08:29:47+00:00\" \/>\n<meta property=\"og:image\" content=\"https:\/\/www.comprarmejor.es\/wp-content\/uploads\/2015\/09\/DSC02111.jpg\" \/>\n\t<meta property=\"og:image:width\" content=\"600\" \/>\n\t<meta property=\"og:image:height\" content=\"176\" \/>\n\t<meta property=\"og:image:type\" content=\"image\/jpeg\" \/>\n<meta name=\"twitter:card\" content=\"summary_large_image\" \/>\n<meta name=\"twitter:label1\" content=\"Est. reading time\" \/>\n\t<meta name=\"twitter:data1\" content=\"1 minute\" \/>\n<script type=\"application\/ld+json\" class=\"yoast-schema-graph\">{\"@context\":\"https:\\\/\\\/schema.org\",\"@graph\":[{\"@type\":\"WebPage\",\"@id\":\"https:\\\/\\\/www.comprarmejor.es\\\/en\\\/product\\\/pack-with-4-pictures-of-the-alhambra-19th-century\\\/\",\"url\":\"https:\\\/\\\/www.comprarmejor.es\\\/en\\\/product\\\/pack-with-4-pictures-of-the-alhambra-19th-century\\\/\",\"name\":\"Pack with 4 small pictures of the Alhambra 19th century\",\"isPartOf\":{\"@id\":\"https:\\\/\\\/www.comprarmejor.es\\\/en\\\/#website\"},\"primaryImageOfPage\":{\"@id\":\"https:\\\/\\\/www.comprarmejor.es\\\/en\\\/product\\\/pack-with-4-pictures-of-the-alhambra-19th-century\\\/#primaryimage\"},\"image\":{\"@id\":\"https:\\\/\\\/www.comprarmejor.es\\\/en\\\/product\\\/pack-with-4-pictures-of-the-alhambra-19th-century\\\/#primaryimage\"},\"thumbnailUrl\":\"https:\\\/\\\/www.comprarmejor.es\\\/wp-content\\\/uploads\\\/2015\\\/09\\\/DSC02111.jpg\",\"datePublished\":\"2015-09-07T10:00:29+00:00\",\"dateModified\":\"2021-07-07T08:29:47+00:00\",\"description\":\"Set of 4 small paintings with color plates of views of the Alhambra according to engravings from the 19th century. Gilded wooden frames with\",\"breadcrumb\":{\"@id\":\"https:\\\/\\\/www.comprarmejor.es\\\/en\\\/product\\\/pack-with-4-pictures-of-the-alhambra-19th-century\\\/#breadcrumb\"},\"inLanguage\":\"en-US\",\"potentialAction\":[{\"@type\":\"ReadAction\",\"target\":[\"https:\\\/\\\/www.comprarmejor.es\\\/en\\\/product\\\/pack-with-4-pictures-of-the-alhambra-19th-century\\\/\"]}]},{\"@type\":\"ImageObject\",\"inLanguage\":\"en-US\",\"@id\":\"https:\\\/\\\/www.comprarmejor.es\\\/en\\\/product\\\/pack-with-4-pictures-of-the-alhambra-19th-century\\\/#primaryimage\",\"url\":\"https:\\\/\\\/www.comprarmejor.es\\\/wp-content\\\/uploads\\\/2015\\\/09\\\/DSC02111.jpg\",\"contentUrl\":\"https:\\\/\\\/www.comprarmejor.es\\\/wp-content\\\/uploads\\\/2015\\\/09\\\/DSC02111.jpg\",\"width\":600,\"height\":176},{\"@type\":\"BreadcrumbList\",\"@id\":\"https:\\\/\\\/www.comprarmejor.es\\\/en\\\/product\\\/pack-with-4-pictures-of-the-alhambra-19th-century\\\/#breadcrumb\",\"itemListElement\":[{\"@type\":\"ListItem\",\"position\":1,\"name\":\"Portada\",\"item\":\"https:\\\/\\\/www.comprarmejor.es\\\/en\\\/\"},{\"@type\":\"ListItem\",\"position\":2,\"name\":\"Shop\",\"item\":\"https:\\\/\\\/www.comprarmejor.es\\\/en\\\/shop\\\/\"},{\"@type\":\"ListItem\",\"position\":3,\"name\":\"Pack with 4 pictures of the Alhambra 19th century\"}]},{\"@type\":\"WebSite\",\"@id\":\"https:\\\/\\\/www.comprarmejor.es\\\/en\\\/#website\",\"url\":\"https:\\\/\\\/www.comprarmejor.es\\\/en\\\/\",\"name\":\"ComprarMejor\",\"description\":\"ComprarMejor\",\"publisher\":{\"@id\":\"https:\\\/\\\/www.comprarmejor.es\\\/en\\\/#organization\"},\"potentialAction\":[{\"@type\":\"SearchAction\",\"target\":{\"@type\":\"EntryPoint\",\"urlTemplate\":\"https:\\\/\\\/www.comprarmejor.es\\\/en\\\/?s={search_term_string}\"},\"query-input\":{\"@type\":\"PropertyValueSpecification\",\"valueRequired\":true,\"valueName\":\"search_term_string\"}}],\"inLanguage\":\"en-US\"},{\"@type\":\"Organization\",\"@id\":\"https:\\\/\\\/www.comprarmejor.es\\\/en\\\/#organization\",\"name\":\"COMPRAR MEJOR\",\"url\":\"https:\\\/\\\/www.comprarmejor.es\\\/en\\\/\",\"logo\":{\"@type\":\"ImageObject\",\"inLanguage\":\"en-US\",\"@id\":\"https:\\\/\\\/www.comprarmejor.es\\\/en\\\/#\\\/schema\\\/logo\\\/image\\\/\",\"url\":\"https:\\\/\\\/www.comprarmejor.es\\\/wp-content\\\/uploads\\\/2025\\\/09\\\/comprarmejortrinidad.jpg\",\"contentUrl\":\"https:\\\/\\\/www.comprarmejor.es\\\/wp-content\\\/uploads\\\/2025\\\/09\\\/comprarmejortrinidad.jpg\",\"width\":1022,\"height\":1380,\"caption\":\"COMPRAR MEJOR\"},\"image\":{\"@id\":\"https:\\\/\\\/www.comprarmejor.es\\\/en\\\/#\\\/schema\\\/logo\\\/image\\\/\"},\"sameAs\":[\"https:\\\/\\\/www.instagram.com\\\/amigosdelcodice\"]}]}<\/script>\n<!-- \/ Yoast SEO plugin. -->","yoast_head_json":{"title":"Pack with 4 small pictures of the Alhambra 19th century","description":"Set of 4 small paintings with color plates of views of the Alhambra according to engravings from the 19th century. Gilded wooden frames with","robots":{"index":"index","follow":"follow","max-snippet":"max-snippet:-1","max-image-preview":"max-image-preview:large","max-video-preview":"max-video-preview:-1"},"canonical":"https:\/\/www.comprarmejor.es\/en\/product\/pack-with-4-pictures-of-the-alhambra-19th-century\/","og_locale":"en_US","og_type":"article","og_title":"Pack with 4 small pictures of the Alhambra 19th century","og_description":"Set of 4 small paintings with color plates of views of the Alhambra according to engravings from the 19th century. Gilded wooden frames with","og_url":"https:\/\/www.comprarmejor.es\/en\/product\/pack-with-4-pictures-of-the-alhambra-19th-century\/","og_site_name":"ComprarMejor","article_modified_time":"2021-07-07T08:29:47+00:00","og_image":[{"width":600,"height":176,"url":"https:\/\/www.comprarmejor.es\/wp-content\/uploads\/2015\/09\/DSC02111.jpg","type":"image\/jpeg"}],"twitter_card":"summary_large_image","twitter_misc":{"Est. reading time":"1 minute"},"schema":{"@context":"https:\/\/schema.org","@graph":[{"@type":"WebPage","@id":"https:\/\/www.comprarmejor.es\/en\/product\/pack-with-4-pictures-of-the-alhambra-19th-century\/","url":"https:\/\/www.comprarmejor.es\/en\/product\/pack-with-4-pictures-of-the-alhambra-19th-century\/","name":"Pack with 4 small pictures of the Alhambra 19th century","isPartOf":{"@id":"https:\/\/www.comprarmejor.es\/en\/#website"},"primaryImageOfPage":{"@id":"https:\/\/www.comprarmejor.es\/en\/product\/pack-with-4-pictures-of-the-alhambra-19th-century\/#primaryimage"},"image":{"@id":"https:\/\/www.comprarmejor.es\/en\/product\/pack-with-4-pictures-of-the-alhambra-19th-century\/#primaryimage"},"thumbnailUrl":"https:\/\/www.comprarmejor.es\/wp-content\/uploads\/2015\/09\/DSC02111.jpg","datePublished":"2015-09-07T10:00:29+00:00","dateModified":"2021-07-07T08:29:47+00:00","description":"Set of 4 small paintings with color plates of views of the Alhambra according to engravings from the 19th century. Gilded wooden frames with","breadcrumb":{"@id":"https:\/\/www.comprarmejor.es\/en\/product\/pack-with-4-pictures-of-the-alhambra-19th-century\/#breadcrumb"},"inLanguage":"en-US","potentialAction":[{"@type":"ReadAction","target":["https:\/\/www.comprarmejor.es\/en\/product\/pack-with-4-pictures-of-the-alhambra-19th-century\/"]}]},{"@type":"ImageObject","inLanguage":"en-US","@id":"https:\/\/www.comprarmejor.es\/en\/product\/pack-with-4-pictures-of-the-alhambra-19th-century\/#primaryimage","url":"https:\/\/www.comprarmejor.es\/wp-content\/uploads\/2015\/09\/DSC02111.jpg","contentUrl":"https:\/\/www.comprarmejor.es\/wp-content\/uploads\/2015\/09\/DSC02111.jpg","width":600,"height":176},{"@type":"BreadcrumbList","@id":"https:\/\/www.comprarmejor.es\/en\/product\/pack-with-4-pictures-of-the-alhambra-19th-century\/#breadcrumb","itemListElement":[{"@type":"ListItem","position":1,"name":"Portada","item":"https:\/\/www.comprarmejor.es\/en\/"},{"@type":"ListItem","position":2,"name":"Shop","item":"https:\/\/www.comprarmejor.es\/en\/shop\/"},{"@type":"ListItem","position":3,"name":"Pack with 4 pictures of the Alhambra 19th century"}]},{"@type":"WebSite","@id":"https:\/\/www.comprarmejor.es\/en\/#website","url":"https:\/\/www.comprarmejor.es\/en\/","name":"ComprarMejor","description":"ComprarMejor","publisher":{"@id":"https:\/\/www.comprarmejor.es\/en\/#organization"},"potentialAction":[{"@type":"SearchAction","target":{"@type":"EntryPoint","urlTemplate":"https:\/\/www.comprarmejor.es\/en\/?s={search_term_string}"},"query-input":{"@type":"PropertyValueSpecification","valueRequired":true,"valueName":"search_term_string"}}],"inLanguage":"en-US"},{"@type":"Organization","@id":"https:\/\/www.comprarmejor.es\/en\/#organization","name":"COMPRAR MEJOR","url":"https:\/\/www.comprarmejor.es\/en\/","logo":{"@type":"ImageObject","inLanguage":"en-US","@id":"https:\/\/www.comprarmejor.es\/en\/#\/schema\/logo\/image\/","url":"https:\/\/www.comprarmejor.es\/wp-content\/uploads\/2025\/09\/comprarmejortrinidad.jpg","contentUrl":"https:\/\/www.comprarmejor.es\/wp-content\/uploads\/2025\/09\/comprarmejortrinidad.jpg","width":1022,"height":1380,"caption":"COMPRAR MEJOR"},"image":{"@id":"https:\/\/www.comprarmejor.es\/en\/#\/schema\/logo\/image\/"},"sameAs":["https:\/\/www.instagram.com\/amigosdelcodice"]}]}},"_links":{"self":[{"href":"https:\/\/www.comprarmejor.es\/en\/wp-json\/wp\/v2\/product\/47163","targetHints":{"allow":["GET"]}}],"collection":[{"href":"https:\/\/www.comprarmejor.es\/en\/wp-json\/wp\/v2\/product"}],"about":[{"href":"https:\/\/www.comprarmejor.es\/en\/wp-json\/wp\/v2\/types\/product"}],"wp:featuredmedia":[{"embeddable":true,"href":"https:\/\/www.comprarmejor.es\/en\/wp-json\/wp\/v2\/media\/68959"}],"wp:attachment":[{"href":"https:\/\/www.comprarmejor.es\/en\/wp-json\/wp\/v2\/media?parent=47163"}],"wp:term":[{"taxonomy":"product_brand","embeddable":true,"href":"https:\/\/www.comprarmejor.es\/en\/wp-json\/wp\/v2\/product_brand?post=47163"},{"taxonomy":"product_cat","embeddable":true,"href":"https:\/\/www.comprarmejor.es\/en\/wp-json\/wp\/v2\/product_cat?post=47163"},{"taxonomy":"product_tag","embeddable":true,"href":"https:\/\/www.comprarmejor.es\/en\/wp-json\/wp\/v2\/product_tag?post=47163"}],"curies":[{"name":"wp","href":"https:\/\/api.w.org\/{rel}","templated":true}]}}