{"id":47197,"date":"2015-09-07T13:25:15","date_gmt":"2015-09-07T11:25:15","guid":{"rendered":"https:\/\/www.comprarmejor.es\/producto\/testimony-of-life-example-of-dignity-german-macia\/"},"modified":"2020-05-07T17:24:57","modified_gmt":"2020-05-07T15:24:57","slug":"testimony-of-life-example-of-dignity-german-macia","status":"publish","type":"product","link":"https:\/\/www.comprarmejor.es\/en\/product\/testimony-of-life-example-of-dignity-german-macia\/","title":{"rendered":"Testimony of life. Example of dignity. German Macia"},"content":{"rendered":"<p style=\"text-align: justify;\"><span id=\"result_box\" lang=\"en\" xml:lang=\"en\"><span title=\"Pesa unos 14 kilos.\"><span lang=\"en\" xml:lang=\"en\"><span title=\"Obra que puede ser le\u00edda y estudiada por s\u00ed sola, pero una obra que es tambi\u00e9n el complemento ideal para el facs\u00edmile de lujo de las Cantigas, tanto del C\u00f3dice Rico de El Escorial como el de Florencia.\"><span class=\"tlid-translation translation\">This book gathers the hard experience lived by the monfortino Germ\u00e1n Mac\u00eda Rodr\u00edguez and the courage with which he faced the disease. Friends, doctors, companions, relatives &#8230; tell us how this brave civil guard faced the harsh reality that he had to live.<\/span><\/span><\/span><\/span><\/span><\/p>\n<p style=\"text-align: justify;\">Coordinated by Abel Veiga Copo, they tell how Germ\u00e1n fought until the last moment to make visible the sick people of ALS and get more aid for research. Even knowing that it was too late for him, Germ\u00e1n did not cease his efforts, because the ELA took his life, but not his courage and dignity.<\/p>\n<p style=\"text-align: justify;\">And precisely to continue with Germ\u00e1n&#8217;s struggle, a part of the income obtained from sales of this book will go to the Luz\u00f3n Foundation, united against the ELA, because we are convinced that together, we will be able to overcome it.<\/p>\n<p style=\"text-align: justify;\">Edited in 2018. Bound in green hardcover with gold titles, guide tape, format 12.3 x 17.2 cm. 296 pages illustrated and colored.<\/p>\n<p style=\"text-align: justify;\"><span title=\"Gastos de env\u00edo por cuenta del comprador, seg\u00fan pedido y destino.\"><span lang=\"en\" xml:lang=\"en\"><span title=\"Resto de destinos y pa\u00edses, a cargo del comprador, seg\u00fan pedido y destino.\"><span lang=\"en\" xml:lang=\"en\"><span title=\"Gastos de env\u00edo por cuenta del comprador, seg\u00fan pedido y destino.\">Shipping costs on account of the buyer, according to order and destination<\/span><\/span><\/span><\/span>.\u00a0<\/span><span title=\"Cons\u00faltenos cualquier duda.\"><a class=\"btn btn-default\" href=\"http:\/\/comprarmejor.es\/en\/contact\">Ask us<\/a>\u00a0<span lang=\"en\" xml:lang=\"en\"><span title=\"Cons\u00faltenos sin compromiso (indicando la referencia del art\u00edculo) cualquier duda.\">without obligation (indicating the reference of the article) any doubt.<\/span><\/span><\/span><\/p>\n","protected":false},"excerpt":{"rendered":"<p style=\"text-align: justify;\"><span id=\"result_box\" lang=\"en\" xml:lang=\"en\"><span title=\"El Atlas realizado por el cart\u00f3grafo Abraham Ortelius en 1570 es considerado por todos los expertos como el primer Atlas de la historia, en el sentido que all\u00ed se recoge por primera vez toda la informaci\u00f3n cartogr\u00e1fica disponible en aquella \u00e9poca.\"><span lang=\"en\" xml:lang=\"en\"><span lang=\"en\" xml:lang=\"en\"><span title=\"El Salterio Chludov es la denominaci\u00f3n historiogr\u00e1fica de un manuscrito iluminado que contiene un salterio de los denominados &quot;marginales&quot;, cuya realizaci\u00f3n se ha datado a mediados del siglo IX en Constantinopla.\"><span lang=\"en\" xml:lang=\"en\"><span title=\"Interesante edici\u00f3n facs\u00edmile del a\u00f1o 1990 de la Real Academia Espa\u00f1ola de las Cantigas de Santa Mar\u00eda, de Alfonso X el Sabio, seg\u00fan la realizada en 1889 por la propia Academia.\"><span lang=\"en\" xml:lang=\"en\"><span title=\"Complementada con el volumen editado en 1991 del facs\u00edmile \u201cLa m\u00fasica de las Cantigas\u201d, que publicara la RAE en 1922.\"><span class=\"tlid-translation translation\">This book gathers the hard experience lived by the monfortino Germ\u00e1n Mac\u00eda Rodr\u00edguez and the courage with which he faced the disease. Friends, doctors, companions, relatives &#8230; tell us how this brave civil guard faced the harsh reality that he had to live.<\/span><\/span><\/span><\/span><\/span><\/span><\/span><\/span><\/span><\/span><\/p>\n","protected":false},"featured_media":47191,"template":"","meta":[],"product_brand":[],"product_cat":[2188,2256],"product_tag":[5024],"class_list":{"0":"post-47197","1":"product","2":"type-product","3":"status-publish","4":"has-post-thumbnail","6":"product_cat-books","7":"product_cat-books-in-general","8":"product_tag-ela-en","9":"product_shipping_class-from-0-to-1-kg","10":"description-off","12":"first","13":"instock","14":"taxable","15":"shipping-taxable","16":"purchasable","17":"product-type-simple"},"yoast_head":"<!-- This site is optimized with the Yoast SEO plugin v27.3 - https:\/\/yoast.com\/product\/yoast-seo-wordpress\/ -->\n<title>Testimony of life. Example of dignity. Germ\u00e1n Mac\u00eda<\/title>\n<meta name=\"description\" content=\"This book gathers the hard experience lived by the monfortino Germ\u00e1n Mac\u00eda Rodr\u00edguez and the courage with which he faced the disease. Friends, doctors, companio\" \/>\n<meta name=\"robots\" content=\"index, follow, max-snippet:-1, max-image-preview:large, max-video-preview:-1\" \/>\n<link rel=\"canonical\" href=\"https:\/\/www.comprarmejor.es\/en\/product\/testimony-of-life-example-of-dignity-german-macia\/\" \/>\n<meta property=\"og:locale\" content=\"en_US\" \/>\n<meta property=\"og:type\" content=\"article\" \/>\n<meta property=\"og:title\" content=\"Testimony of life. Example of dignity. Germ\u00e1n Mac\u00eda\" \/>\n<meta property=\"og:description\" content=\"This book gathers the hard experience lived by the monfortino Germ\u00e1n Mac\u00eda Rodr\u00edguez and the courage with which he faced the disease. Friends, doctors, companio\" \/>\n<meta property=\"og:url\" content=\"https:\/\/www.comprarmejor.es\/en\/product\/testimony-of-life-example-of-dignity-german-macia\/\" \/>\n<meta property=\"og:site_name\" content=\"ComprarMejor\" \/>\n<meta property=\"article:modified_time\" content=\"2020-05-07T15:24:57+00:00\" \/>\n<meta property=\"og:image\" content=\"https:\/\/www.comprarmejor.es\/wp-content\/uploads\/2015\/09\/p_7_8_8_2_7882-Testimonio-de-vida.-Ejemplo-de-dignidad.-German-Macia.jpg\" \/>\n\t<meta property=\"og:image:width\" content=\"402\" \/>\n\t<meta property=\"og:image:height\" content=\"600\" \/>\n\t<meta property=\"og:image:type\" content=\"image\/jpeg\" \/>\n<meta name=\"twitter:card\" content=\"summary_large_image\" \/>\n<meta name=\"twitter:label1\" content=\"Est. reading time\" \/>\n\t<meta name=\"twitter:data1\" content=\"1 minute\" \/>\n<script type=\"application\/ld+json\" class=\"yoast-schema-graph\">{\"@context\":\"https:\\\/\\\/schema.org\",\"@graph\":[{\"@type\":\"WebPage\",\"@id\":\"https:\\\/\\\/www.comprarmejor.es\\\/en\\\/product\\\/testimony-of-life-example-of-dignity-german-macia\\\/\",\"url\":\"https:\\\/\\\/www.comprarmejor.es\\\/en\\\/product\\\/testimony-of-life-example-of-dignity-german-macia\\\/\",\"name\":\"Testimony of life. Example of dignity. Germ\u00e1n Mac\u00eda\",\"isPartOf\":{\"@id\":\"https:\\\/\\\/www.comprarmejor.es\\\/en\\\/#website\"},\"primaryImageOfPage\":{\"@id\":\"https:\\\/\\\/www.comprarmejor.es\\\/en\\\/product\\\/testimony-of-life-example-of-dignity-german-macia\\\/#primaryimage\"},\"image\":{\"@id\":\"https:\\\/\\\/www.comprarmejor.es\\\/en\\\/product\\\/testimony-of-life-example-of-dignity-german-macia\\\/#primaryimage\"},\"thumbnailUrl\":\"https:\\\/\\\/www.comprarmejor.es\\\/wp-content\\\/uploads\\\/2015\\\/09\\\/p_7_8_8_2_7882-Testimonio-de-vida.-Ejemplo-de-dignidad.-German-Macia.jpg\",\"datePublished\":\"2015-09-07T11:25:15+00:00\",\"dateModified\":\"2020-05-07T15:24:57+00:00\",\"description\":\"This book gathers the hard experience lived by the monfortino Germ\u00e1n Mac\u00eda Rodr\u00edguez and the courage with which he faced the disease. Friends, doctors, companio\",\"breadcrumb\":{\"@id\":\"https:\\\/\\\/www.comprarmejor.es\\\/en\\\/product\\\/testimony-of-life-example-of-dignity-german-macia\\\/#breadcrumb\"},\"inLanguage\":\"en-US\",\"potentialAction\":[{\"@type\":\"ReadAction\",\"target\":[\"https:\\\/\\\/www.comprarmejor.es\\\/en\\\/product\\\/testimony-of-life-example-of-dignity-german-macia\\\/\"]}]},{\"@type\":\"ImageObject\",\"inLanguage\":\"en-US\",\"@id\":\"https:\\\/\\\/www.comprarmejor.es\\\/en\\\/product\\\/testimony-of-life-example-of-dignity-german-macia\\\/#primaryimage\",\"url\":\"https:\\\/\\\/www.comprarmejor.es\\\/wp-content\\\/uploads\\\/2015\\\/09\\\/p_7_8_8_2_7882-Testimonio-de-vida.-Ejemplo-de-dignidad.-German-Macia.jpg\",\"contentUrl\":\"https:\\\/\\\/www.comprarmejor.es\\\/wp-content\\\/uploads\\\/2015\\\/09\\\/p_7_8_8_2_7882-Testimonio-de-vida.-Ejemplo-de-dignidad.-German-Macia.jpg\",\"width\":402,\"height\":600},{\"@type\":\"BreadcrumbList\",\"@id\":\"https:\\\/\\\/www.comprarmejor.es\\\/en\\\/product\\\/testimony-of-life-example-of-dignity-german-macia\\\/#breadcrumb\",\"itemListElement\":[{\"@type\":\"ListItem\",\"position\":1,\"name\":\"Portada\",\"item\":\"https:\\\/\\\/www.comprarmejor.es\\\/en\\\/\"},{\"@type\":\"ListItem\",\"position\":2,\"name\":\"Shop\",\"item\":\"https:\\\/\\\/www.comprarmejor.es\\\/en\\\/shop\\\/\"},{\"@type\":\"ListItem\",\"position\":3,\"name\":\"Testimony of life. Example of dignity. German Macia\"}]},{\"@type\":\"WebSite\",\"@id\":\"https:\\\/\\\/www.comprarmejor.es\\\/en\\\/#website\",\"url\":\"https:\\\/\\\/www.comprarmejor.es\\\/en\\\/\",\"name\":\"ComprarMejor\",\"description\":\"ComprarMejor\",\"publisher\":{\"@id\":\"https:\\\/\\\/www.comprarmejor.es\\\/en\\\/#organization\"},\"potentialAction\":[{\"@type\":\"SearchAction\",\"target\":{\"@type\":\"EntryPoint\",\"urlTemplate\":\"https:\\\/\\\/www.comprarmejor.es\\\/en\\\/?s={search_term_string}\"},\"query-input\":{\"@type\":\"PropertyValueSpecification\",\"valueRequired\":true,\"valueName\":\"search_term_string\"}}],\"inLanguage\":\"en-US\"},{\"@type\":\"Organization\",\"@id\":\"https:\\\/\\\/www.comprarmejor.es\\\/en\\\/#organization\",\"name\":\"COMPRAR MEJOR\",\"url\":\"https:\\\/\\\/www.comprarmejor.es\\\/en\\\/\",\"logo\":{\"@type\":\"ImageObject\",\"inLanguage\":\"en-US\",\"@id\":\"https:\\\/\\\/www.comprarmejor.es\\\/en\\\/#\\\/schema\\\/logo\\\/image\\\/\",\"url\":\"https:\\\/\\\/www.comprarmejor.es\\\/wp-content\\\/uploads\\\/2025\\\/09\\\/comprarmejortrinidad.jpg\",\"contentUrl\":\"https:\\\/\\\/www.comprarmejor.es\\\/wp-content\\\/uploads\\\/2025\\\/09\\\/comprarmejortrinidad.jpg\",\"width\":1022,\"height\":1380,\"caption\":\"COMPRAR MEJOR\"},\"image\":{\"@id\":\"https:\\\/\\\/www.comprarmejor.es\\\/en\\\/#\\\/schema\\\/logo\\\/image\\\/\"},\"sameAs\":[\"https:\\\/\\\/www.instagram.com\\\/amigosdelcodice\"]}]}<\/script>\n<!-- \/ Yoast SEO plugin. -->","yoast_head_json":{"title":"Testimony of life. Example of dignity. Germ\u00e1n Mac\u00eda","description":"This book gathers the hard experience lived by the monfortino Germ\u00e1n Mac\u00eda Rodr\u00edguez and the courage with which he faced the disease. Friends, doctors, companio","robots":{"index":"index","follow":"follow","max-snippet":"max-snippet:-1","max-image-preview":"max-image-preview:large","max-video-preview":"max-video-preview:-1"},"canonical":"https:\/\/www.comprarmejor.es\/en\/product\/testimony-of-life-example-of-dignity-german-macia\/","og_locale":"en_US","og_type":"article","og_title":"Testimony of life. Example of dignity. Germ\u00e1n Mac\u00eda","og_description":"This book gathers the hard experience lived by the monfortino Germ\u00e1n Mac\u00eda Rodr\u00edguez and the courage with which he faced the disease. Friends, doctors, companio","og_url":"https:\/\/www.comprarmejor.es\/en\/product\/testimony-of-life-example-of-dignity-german-macia\/","og_site_name":"ComprarMejor","article_modified_time":"2020-05-07T15:24:57+00:00","og_image":[{"width":402,"height":600,"url":"https:\/\/www.comprarmejor.es\/wp-content\/uploads\/2015\/09\/p_7_8_8_2_7882-Testimonio-de-vida.-Ejemplo-de-dignidad.-German-Macia.jpg","type":"image\/jpeg"}],"twitter_card":"summary_large_image","twitter_misc":{"Est. reading time":"1 minute"},"schema":{"@context":"https:\/\/schema.org","@graph":[{"@type":"WebPage","@id":"https:\/\/www.comprarmejor.es\/en\/product\/testimony-of-life-example-of-dignity-german-macia\/","url":"https:\/\/www.comprarmejor.es\/en\/product\/testimony-of-life-example-of-dignity-german-macia\/","name":"Testimony of life. Example of dignity. Germ\u00e1n Mac\u00eda","isPartOf":{"@id":"https:\/\/www.comprarmejor.es\/en\/#website"},"primaryImageOfPage":{"@id":"https:\/\/www.comprarmejor.es\/en\/product\/testimony-of-life-example-of-dignity-german-macia\/#primaryimage"},"image":{"@id":"https:\/\/www.comprarmejor.es\/en\/product\/testimony-of-life-example-of-dignity-german-macia\/#primaryimage"},"thumbnailUrl":"https:\/\/www.comprarmejor.es\/wp-content\/uploads\/2015\/09\/p_7_8_8_2_7882-Testimonio-de-vida.-Ejemplo-de-dignidad.-German-Macia.jpg","datePublished":"2015-09-07T11:25:15+00:00","dateModified":"2020-05-07T15:24:57+00:00","description":"This book gathers the hard experience lived by the monfortino Germ\u00e1n Mac\u00eda Rodr\u00edguez and the courage with which he faced the disease. Friends, doctors, companio","breadcrumb":{"@id":"https:\/\/www.comprarmejor.es\/en\/product\/testimony-of-life-example-of-dignity-german-macia\/#breadcrumb"},"inLanguage":"en-US","potentialAction":[{"@type":"ReadAction","target":["https:\/\/www.comprarmejor.es\/en\/product\/testimony-of-life-example-of-dignity-german-macia\/"]}]},{"@type":"ImageObject","inLanguage":"en-US","@id":"https:\/\/www.comprarmejor.es\/en\/product\/testimony-of-life-example-of-dignity-german-macia\/#primaryimage","url":"https:\/\/www.comprarmejor.es\/wp-content\/uploads\/2015\/09\/p_7_8_8_2_7882-Testimonio-de-vida.-Ejemplo-de-dignidad.-German-Macia.jpg","contentUrl":"https:\/\/www.comprarmejor.es\/wp-content\/uploads\/2015\/09\/p_7_8_8_2_7882-Testimonio-de-vida.-Ejemplo-de-dignidad.-German-Macia.jpg","width":402,"height":600},{"@type":"BreadcrumbList","@id":"https:\/\/www.comprarmejor.es\/en\/product\/testimony-of-life-example-of-dignity-german-macia\/#breadcrumb","itemListElement":[{"@type":"ListItem","position":1,"name":"Portada","item":"https:\/\/www.comprarmejor.es\/en\/"},{"@type":"ListItem","position":2,"name":"Shop","item":"https:\/\/www.comprarmejor.es\/en\/shop\/"},{"@type":"ListItem","position":3,"name":"Testimony of life. Example of dignity. German Macia"}]},{"@type":"WebSite","@id":"https:\/\/www.comprarmejor.es\/en\/#website","url":"https:\/\/www.comprarmejor.es\/en\/","name":"ComprarMejor","description":"ComprarMejor","publisher":{"@id":"https:\/\/www.comprarmejor.es\/en\/#organization"},"potentialAction":[{"@type":"SearchAction","target":{"@type":"EntryPoint","urlTemplate":"https:\/\/www.comprarmejor.es\/en\/?s={search_term_string}"},"query-input":{"@type":"PropertyValueSpecification","valueRequired":true,"valueName":"search_term_string"}}],"inLanguage":"en-US"},{"@type":"Organization","@id":"https:\/\/www.comprarmejor.es\/en\/#organization","name":"COMPRAR MEJOR","url":"https:\/\/www.comprarmejor.es\/en\/","logo":{"@type":"ImageObject","inLanguage":"en-US","@id":"https:\/\/www.comprarmejor.es\/en\/#\/schema\/logo\/image\/","url":"https:\/\/www.comprarmejor.es\/wp-content\/uploads\/2025\/09\/comprarmejortrinidad.jpg","contentUrl":"https:\/\/www.comprarmejor.es\/wp-content\/uploads\/2025\/09\/comprarmejortrinidad.jpg","width":1022,"height":1380,"caption":"COMPRAR MEJOR"},"image":{"@id":"https:\/\/www.comprarmejor.es\/en\/#\/schema\/logo\/image\/"},"sameAs":["https:\/\/www.instagram.com\/amigosdelcodice"]}]}},"_links":{"self":[{"href":"https:\/\/www.comprarmejor.es\/en\/wp-json\/wp\/v2\/product\/47197","targetHints":{"allow":["GET"]}}],"collection":[{"href":"https:\/\/www.comprarmejor.es\/en\/wp-json\/wp\/v2\/product"}],"about":[{"href":"https:\/\/www.comprarmejor.es\/en\/wp-json\/wp\/v2\/types\/product"}],"wp:featuredmedia":[{"embeddable":true,"href":"https:\/\/www.comprarmejor.es\/en\/wp-json\/wp\/v2\/media\/47191"}],"wp:attachment":[{"href":"https:\/\/www.comprarmejor.es\/en\/wp-json\/wp\/v2\/media?parent=47197"}],"wp:term":[{"taxonomy":"product_brand","embeddable":true,"href":"https:\/\/www.comprarmejor.es\/en\/wp-json\/wp\/v2\/product_brand?post=47197"},{"taxonomy":"product_cat","embeddable":true,"href":"https:\/\/www.comprarmejor.es\/en\/wp-json\/wp\/v2\/product_cat?post=47197"},{"taxonomy":"product_tag","embeddable":true,"href":"https:\/\/www.comprarmejor.es\/en\/wp-json\/wp\/v2\/product_tag?post=47197"}],"curies":[{"name":"wp","href":"https:\/\/api.w.org\/{rel}","templated":true}]}}