{"id":47241,"date":"2015-09-08T12:17:41","date_gmt":"2015-09-08T10:17:41","guid":{"rendered":"https:\/\/www.comprarmejor.es\/producto\/picturesque-spain-david-roberts-1837-1855\/"},"modified":"2019-09-09T22:48:41","modified_gmt":"2019-09-09T20:48:41","slug":"picturesque-spain-david-roberts-1837-1855","status":"publish","type":"product","link":"https:\/\/www.comprarmejor.es\/en\/product\/picturesque-spain-david-roberts-1837-1855\/","title":{"rendered":"Picturesque Spain, David Roberts, 1837-1855"},"content":{"rendered":"<p style=\"text-align:justify;\"><span id=\"result_box\" lang=\"en\" xml:lang=\"en\"><span title=\"Obra cumbre del cotizado pintor rom\u00e1ntico escoc\u00e9s David Roberts.\">Quoted masterpiece of romantic Scottish painter David Roberts. <\/span><span title=\"Las fant\u00e1sticas litograf\u00edas de los dibujos de Roberts contribuyeron en gran medida a la difusi\u00f3n de la imagen ex\u00f3tica de Espa\u00f1a y Andaluc\u00eda por todo el mundo, tal como lo hizo en la misma \u00e9poca la novela Carmen.\">The fantastic lithographs drawings Roberts contributed greatly to the spread of the exotic image of Spain and Andalusia worldwide, as it did at the same time the novel Carmen. <\/span><span title=\"Se trata de un t\u00edtulo imprescindible para cualquier amante del Arte y de la Historia de Espa\u00f1a.\">It is a must for any lover of Art and History of Spain title.<\/p>\n<p><\/span><span title=\"David Roberts fue un pintor rom\u00e1ntico escoc\u00e9s conocido por sus acuarelas y grabados de monumentos espa\u00f1oles y egipcios.\">David Roberts was a Scottish romantic painter known for his watercolors and prints of Spanish and Egyptian monuments.<\/p>\n<p><\/span><span title=\"Entre los a\u00f1os 1832 y 1833 Roberts viaj\u00f3 por Espa\u00f1a y lleg\u00f3 hasta T\u00e1nger tomando m\u00faltiples dibujos que de regreso a Londres se convertir\u00edan en litograf\u00edas a cargo de otros artistas.\">Between 1832 and 1833, Roberts traveled through Spain and came to Tangier taking multiple drawings back to London would become lithographs by other artists. <\/span><span title=\"Dichas litograf\u00edas ilustraron diversos libros sobre viajes por Espa\u00f1a de varios escritores ingleses.\">These lithographs illustrated several books on Spain travel by several English writers. <\/span><span title=\"En dichos dibujos Roberts realzaba los rincones que ve\u00eda mediante alteraciones en la escala de los edificios y tambi\u00e9n a\u00f1adiendo vegetaci\u00f3n y dem\u00e1s elementos que aportaban un toque rom\u00e1ntico y pintoresco a lugares ya de por s\u00ed evocadores.\">In the drawings Roberts corner he saw enhanced by changes in the scale of the buildings and adding vegetation and other elements that brought a touch of romance and scenic places already evocative. <\/span><span title=\"Sin ninguna duda su amistad con P\u00e9rez de Villaamil influy\u00f3 notablemente en el cambio de estilo del pintor espa\u00f1ol al igual que influenci\u00f3 a Gustavo Dor\u00e9, quien a\u00f1os despu\u00e9s recorrer\u00eda Espa\u00f1a emulando el precedente de Roberts.\">No doubt his friendship with Perez de Villamil greatly influenced the change of style as Spanish painter influenced Gustave Dore, who later would cross Spain emulating Roberts precedent. <\/span><span title=\"Como reflejo de su \u00e9xito fue nombrado acad\u00e9mico de la Royal Academy de Londres en 1841.\">Reflecting its success was appointed professor at the Royal Academy in London in 1841.<\/p>\n<p><\/span><span title=\"Actualmente sus cuadros han cobrado un gran valor en el campo del coleccionismo de Arte.\">Currently his paintings have become highly important in the field of art collecting. <\/span><span title=\"El Museo del Prado posee cuatro pinturas suyas: una vista de Sevilla, la Torre del Oro, un paisaje de Alcal\u00e1 de Guadaira y una vista interior de la Catedral de Burgos.\">The Prado Museum has four of his paintings: a view of Seville, Torre del Oro, a landscape of Alcala de Guadaira and an interior view of the Cathedral of Burgos.<\/p>\n<p><\/span><span title=\"Caracter\u00edsticas de la edici\u00f3n facs\u00edmile:\">Characteristics of the facsimile edition:<br \/><\/span><span title=\"1 volumen conteniendo todas las litograf\u00edas siguientes enmarcadas individualmente en formato libro, pudi\u00e9ndose despegar si se quisieran enmarcar, aunque perder\u00eda el conjunto:\">1 volume containing all of the following individually framed prints in book form, being removable if you want to frame, but lost the set:<\/p>\n<p><\/span><span title=\"T\u00edtulo original: \u201cPICTURESQUE SKETCHES IN SPAIN\u201d\">Original title: &#8220;Picturesque SKETCHES IN SPAIN&#8221;<br \/><\/span><span title=\"Contenido: 26 litograf\u00edas de paisajes y monumentos espa\u00f1oles.\">Content: 26 lithographs of landscapes and Spanish monuments.<br \/><\/span><span title=\"Origen: Londres 1837-1855\">Source: London 1837-1855<\/p>\n<p><\/span><span title=\"T\u00edtulo original: &quot;TOURIST IN SPAIN AND MOROCCO&quot;\">Original title: &#8220;TOURIST IN SPAIN AND MOROCCO&#8221;<br \/><\/span><span title=\"Contenido: 21 litograf\u00edas de paisajes y monumentos espa\u00f1oles y marroqu\u00edes.\">Content: 21 lithographs by Spanish and Moroccan landscapes and monuments.<br \/><\/span><span title=\"Origen: Londres 1838\">Source: London 1838<\/p>\n<p><\/span><span title=\"Encuadernaci\u00f3n: artesanal de \u00e9poca.\">Binding: handmade vintage. <\/span><span title=\"Tama\u00f1o de las hojas: 31 x 45 cm.\">Leaf size: 31 x 45 cm. <\/span><span title=\"Tama\u00f1o de las litograf\u00edas: huellas variables seg\u00fan la imagen, tama\u00f1o medio aproximado 25 x 35 cm.\">Size of the lithographs: prints variables based on image, approximate average size 25 x 35 cm.<\/p>\n<p><\/span><span title=\"Tirada: limitada de 375 ejemplares y numerada por notario\">Circulation: 375 copies limited and numbered by notary<\/p>\n<p><\/span><span title=\"Original conservado en la Biblioteca Nacional de Espa\u00f1a, signatura: ER\/1713 y AFR\/012431, respectivamente.\">Original preserved in the National Library of Spain, symbol: ER \/ 1713 AFR \/ 012 431, respectively.<\/p>\n<p><\/span><span title=\"Este \u00fanico ejemplar que tenemos a la venta proviene de colecci\u00f3n privada y se encuentra en perfecto estado, el libro estudio a\u00fan sin desprecintar.\">The only copy we sell comes from private collection and is in perfect condition, the book study even without unsealing.<\/p>\n<p><\/span><span title=\"Solic\u00edtenos la relaci\u00f3n de los 26 lugares y monumentos de la primera obra, si se interesa realmente por esta bella obra.\">Ask for a list of the 26 sites and monuments of the first work, if it is really interested in this beautiful work. <\/span><span title=\"La relaci\u00f3n de los 21 correspondientes a la segunda obra es la siguiente:\">The ratio of 21 for the second work is the following:<br \/><\/span><span title=\"Tetuan (portada)\">Tetuan (cover)<br \/><\/span><span title=\"Tower of the great mosque.\">Tower of the great mosque. <\/span><span title=\"Morroco\">Morroco<br \/><\/span><span title=\"Gate of the hospicio.\">Gate of the hospice. <\/span><span title=\"Madrid\">Madrid<br \/><\/span><span title=\"Segovia\">Segovia<br \/><\/span><span title=\"Salamanca\">Salamanca<br \/><\/span><span title=\"Placengia\">Placengia<br \/><\/span><span title=\"The seminario &amp; cathedral of Santiago\">The seminar &amp; cathedral of Santiago<br \/><\/span><span title=\"Leaning tower of Saragossa\">Leaning tower of Saragossa<br \/><\/span><span title=\"Plaza - catedral.\">Plaza &#8211; Cathedral. <\/span><span title=\"Valencia\">Valencia<br \/><\/span><span title=\"Gate of the serranos.\">Gate of the mountain. <\/span><span title=\"Valencia\">Valencia<br \/><\/span><span title=\"Tower of Santa Catalina.\">Tower of Santa Catalina. <\/span><span title=\"Valencia\">Valencia<br \/><\/span><span title=\"Seville cathedral\">Seville cathedral<br \/><\/span><span title=\"Citadel of Tangier\">Citadel of Tangier<br \/><\/span><span title=\"Vestibule of the treasury, citadel of Tangier\">Vestibule of the treasury, citadel of Tangier<br \/><\/span><span title=\"Gate of marshan, citadel of Tangier\">Gate of marshan, citadel of Tangier<br \/><\/span><span title=\"Tetuan\">Tetuan<br \/><\/span><span title=\"Tetuan\">Tetuan<br \/><\/span><span title=\"Great square of Tetuan, from the jews town\">Great square of Tetuan, from the town jews<br \/><\/span><span title=\"Rabat and sallee\">Rabat and sallee<br \/><\/span><span title=\"Morocco\">Morocco<br \/><\/span><span title=\"Constantina\">Constantina<\/p>\n<p><\/span><span title=\"Gastos de env\u00edo por cuenta del comprador, seg\u00fan pedido y destino.\">Shipping by the buyer, upon request and destination.\u00a0<\/span><span title=\"Cons\u00faltenos cualquier duda.\"><a class=\"btn btn-default\" href=\"http:\/\/comprarmejor.es\/en\/contact\">Ask us<\/a> any questions.<\/span><\/span><\/p>\n","protected":false},"excerpt":{"rendered":"<p style=\"text-align:justify;\"><span id=\"result_box\" lang=\"en\" xml:lang=\"en\"><span title=\"Obra cumbre del cotizado pintor rom\u00e1ntico escoc\u00e9s David Roberts.\">Quoted masterpiece of romantic Scottish painter David Roberts. <\/span><span title=\"Las fant\u00e1sticas litograf\u00edas de los dibujos de Roberts contribuyeron en gran medida a la difusi\u00f3n de la imagen ex\u00f3tica de Espa\u00f1a y Andaluc\u00eda por todo el mundo, tal como lo hizo en la misma \u00e9poca la novela Carmen.\">The fantastic lithographs drawings Roberts contributed greatly to the spread of the exotic image of Spain and Andalusia worldwide, as it did at the same time the novel Carmen. <\/span><span title=\"Se trata de un t\u00edtulo imprescindible para cualquier amante del Arte y de la Historia de Espa\u00f1a.\">It is a must for any lover of Art and History of Spain title.<\/span><\/span><\/p>\n","protected":false},"featured_media":47215,"template":"","meta":[],"product_brand":[],"product_cat":[2210,2266,2250],"product_tag":[4000,4659],"class_list":{"0":"post-47241","1":"product","2":"type-product","3":"status-publish","4":"has-post-thumbnail","6":"product_cat-bibliophilia","7":"product_cat-engravings","8":"product_cat-other-facsimiles","9":"product_tag-david-en","10":"product_tag-roberts-en","11":"product_shipping_class-from-6-to-10-kg","12":"description-off","14":"first","15":"instock","16":"taxable","17":"shipping-taxable","18":"purchasable","19":"product-type-simple"},"yoast_head":"<!-- This site is optimized with the Yoast SEO plugin v27.3 - https:\/\/yoast.com\/product\/yoast-seo-wordpress\/ -->\n<title>Picturesque Spain, David Roberts, 1837-1855<\/title>\n<meta name=\"description\" content=\"Romantic work of Scottish artist David Roberts. His beautiful drawings contributed to the spread of exotic image of Spain and Andalusia worldwide.\" \/>\n<meta name=\"robots\" content=\"index, follow, max-snippet:-1, max-image-preview:large, max-video-preview:-1\" \/>\n<link rel=\"canonical\" href=\"https:\/\/www.comprarmejor.es\/en\/product\/picturesque-spain-david-roberts-1837-1855\/\" \/>\n<meta property=\"og:locale\" content=\"en_US\" \/>\n<meta property=\"og:type\" content=\"article\" \/>\n<meta property=\"og:title\" content=\"Picturesque Spain, David Roberts, 1837-1855\" \/>\n<meta property=\"og:description\" content=\"Romantic work of Scottish artist David Roberts. His beautiful drawings contributed to the spread of exotic image of Spain and Andalusia worldwide.\" \/>\n<meta property=\"og:url\" content=\"https:\/\/www.comprarmejor.es\/en\/product\/picturesque-spain-david-roberts-1837-1855\/\" \/>\n<meta property=\"og:site_name\" content=\"ComprarMejor\" \/>\n<meta property=\"article:modified_time\" content=\"2019-09-09T20:48:41+00:00\" \/>\n<meta property=\"og:image\" content=\"https:\/\/www.comprarmejor.es\/wp-content\/uploads\/2015\/09\/p_3_8_5_385-Espana-pintoresca-de-David-Roberts-1837-1855.jpg\" \/>\n\t<meta property=\"og:image:width\" content=\"600\" \/>\n\t<meta property=\"og:image:height\" content=\"464\" \/>\n\t<meta property=\"og:image:type\" content=\"image\/jpeg\" \/>\n<meta name=\"twitter:card\" content=\"summary_large_image\" \/>\n<meta name=\"twitter:label1\" content=\"Est. reading time\" \/>\n\t<meta name=\"twitter:data1\" content=\"2 minutes\" \/>\n<script type=\"application\/ld+json\" class=\"yoast-schema-graph\">{\"@context\":\"https:\\\/\\\/schema.org\",\"@graph\":[{\"@type\":\"WebPage\",\"@id\":\"https:\\\/\\\/www.comprarmejor.es\\\/en\\\/product\\\/picturesque-spain-david-roberts-1837-1855\\\/\",\"url\":\"https:\\\/\\\/www.comprarmejor.es\\\/en\\\/product\\\/picturesque-spain-david-roberts-1837-1855\\\/\",\"name\":\"Picturesque Spain, David Roberts, 1837-1855\",\"isPartOf\":{\"@id\":\"https:\\\/\\\/www.comprarmejor.es\\\/en\\\/#website\"},\"primaryImageOfPage\":{\"@id\":\"https:\\\/\\\/www.comprarmejor.es\\\/en\\\/product\\\/picturesque-spain-david-roberts-1837-1855\\\/#primaryimage\"},\"image\":{\"@id\":\"https:\\\/\\\/www.comprarmejor.es\\\/en\\\/product\\\/picturesque-spain-david-roberts-1837-1855\\\/#primaryimage\"},\"thumbnailUrl\":\"https:\\\/\\\/www.comprarmejor.es\\\/wp-content\\\/uploads\\\/2015\\\/09\\\/p_3_8_5_385-Espana-pintoresca-de-David-Roberts-1837-1855.jpg\",\"datePublished\":\"2015-09-08T10:17:41+00:00\",\"dateModified\":\"2019-09-09T20:48:41+00:00\",\"description\":\"Romantic work of Scottish artist David Roberts. His beautiful drawings contributed to the spread of exotic image of Spain and Andalusia worldwide.\",\"breadcrumb\":{\"@id\":\"https:\\\/\\\/www.comprarmejor.es\\\/en\\\/product\\\/picturesque-spain-david-roberts-1837-1855\\\/#breadcrumb\"},\"inLanguage\":\"en-US\",\"potentialAction\":[{\"@type\":\"ReadAction\",\"target\":[\"https:\\\/\\\/www.comprarmejor.es\\\/en\\\/product\\\/picturesque-spain-david-roberts-1837-1855\\\/\"]}]},{\"@type\":\"ImageObject\",\"inLanguage\":\"en-US\",\"@id\":\"https:\\\/\\\/www.comprarmejor.es\\\/en\\\/product\\\/picturesque-spain-david-roberts-1837-1855\\\/#primaryimage\",\"url\":\"https:\\\/\\\/www.comprarmejor.es\\\/wp-content\\\/uploads\\\/2015\\\/09\\\/p_3_8_5_385-Espana-pintoresca-de-David-Roberts-1837-1855.jpg\",\"contentUrl\":\"https:\\\/\\\/www.comprarmejor.es\\\/wp-content\\\/uploads\\\/2015\\\/09\\\/p_3_8_5_385-Espana-pintoresca-de-David-Roberts-1837-1855.jpg\",\"width\":600,\"height\":464},{\"@type\":\"BreadcrumbList\",\"@id\":\"https:\\\/\\\/www.comprarmejor.es\\\/en\\\/product\\\/picturesque-spain-david-roberts-1837-1855\\\/#breadcrumb\",\"itemListElement\":[{\"@type\":\"ListItem\",\"position\":1,\"name\":\"Portada\",\"item\":\"https:\\\/\\\/www.comprarmejor.es\\\/en\\\/\"},{\"@type\":\"ListItem\",\"position\":2,\"name\":\"Shop\",\"item\":\"https:\\\/\\\/www.comprarmejor.es\\\/en\\\/shop\\\/\"},{\"@type\":\"ListItem\",\"position\":3,\"name\":\"Picturesque Spain, David Roberts, 1837-1855\"}]},{\"@type\":\"WebSite\",\"@id\":\"https:\\\/\\\/www.comprarmejor.es\\\/en\\\/#website\",\"url\":\"https:\\\/\\\/www.comprarmejor.es\\\/en\\\/\",\"name\":\"ComprarMejor\",\"description\":\"ComprarMejor\",\"publisher\":{\"@id\":\"https:\\\/\\\/www.comprarmejor.es\\\/en\\\/#organization\"},\"potentialAction\":[{\"@type\":\"SearchAction\",\"target\":{\"@type\":\"EntryPoint\",\"urlTemplate\":\"https:\\\/\\\/www.comprarmejor.es\\\/en\\\/?s={search_term_string}\"},\"query-input\":{\"@type\":\"PropertyValueSpecification\",\"valueRequired\":true,\"valueName\":\"search_term_string\"}}],\"inLanguage\":\"en-US\"},{\"@type\":\"Organization\",\"@id\":\"https:\\\/\\\/www.comprarmejor.es\\\/en\\\/#organization\",\"name\":\"COMPRAR MEJOR\",\"url\":\"https:\\\/\\\/www.comprarmejor.es\\\/en\\\/\",\"logo\":{\"@type\":\"ImageObject\",\"inLanguage\":\"en-US\",\"@id\":\"https:\\\/\\\/www.comprarmejor.es\\\/en\\\/#\\\/schema\\\/logo\\\/image\\\/\",\"url\":\"https:\\\/\\\/www.comprarmejor.es\\\/wp-content\\\/uploads\\\/2025\\\/09\\\/comprarmejortrinidad.jpg\",\"contentUrl\":\"https:\\\/\\\/www.comprarmejor.es\\\/wp-content\\\/uploads\\\/2025\\\/09\\\/comprarmejortrinidad.jpg\",\"width\":1022,\"height\":1380,\"caption\":\"COMPRAR MEJOR\"},\"image\":{\"@id\":\"https:\\\/\\\/www.comprarmejor.es\\\/en\\\/#\\\/schema\\\/logo\\\/image\\\/\"},\"sameAs\":[\"https:\\\/\\\/www.instagram.com\\\/amigosdelcodice\"]}]}<\/script>\n<!-- \/ Yoast SEO plugin. -->","yoast_head_json":{"title":"Picturesque Spain, David Roberts, 1837-1855","description":"Romantic work of Scottish artist David Roberts. His beautiful drawings contributed to the spread of exotic image of Spain and Andalusia worldwide.","robots":{"index":"index","follow":"follow","max-snippet":"max-snippet:-1","max-image-preview":"max-image-preview:large","max-video-preview":"max-video-preview:-1"},"canonical":"https:\/\/www.comprarmejor.es\/en\/product\/picturesque-spain-david-roberts-1837-1855\/","og_locale":"en_US","og_type":"article","og_title":"Picturesque Spain, David Roberts, 1837-1855","og_description":"Romantic work of Scottish artist David Roberts. His beautiful drawings contributed to the spread of exotic image of Spain and Andalusia worldwide.","og_url":"https:\/\/www.comprarmejor.es\/en\/product\/picturesque-spain-david-roberts-1837-1855\/","og_site_name":"ComprarMejor","article_modified_time":"2019-09-09T20:48:41+00:00","og_image":[{"width":600,"height":464,"url":"https:\/\/www.comprarmejor.es\/wp-content\/uploads\/2015\/09\/p_3_8_5_385-Espana-pintoresca-de-David-Roberts-1837-1855.jpg","type":"image\/jpeg"}],"twitter_card":"summary_large_image","twitter_misc":{"Est. reading time":"2 minutes"},"schema":{"@context":"https:\/\/schema.org","@graph":[{"@type":"WebPage","@id":"https:\/\/www.comprarmejor.es\/en\/product\/picturesque-spain-david-roberts-1837-1855\/","url":"https:\/\/www.comprarmejor.es\/en\/product\/picturesque-spain-david-roberts-1837-1855\/","name":"Picturesque Spain, David Roberts, 1837-1855","isPartOf":{"@id":"https:\/\/www.comprarmejor.es\/en\/#website"},"primaryImageOfPage":{"@id":"https:\/\/www.comprarmejor.es\/en\/product\/picturesque-spain-david-roberts-1837-1855\/#primaryimage"},"image":{"@id":"https:\/\/www.comprarmejor.es\/en\/product\/picturesque-spain-david-roberts-1837-1855\/#primaryimage"},"thumbnailUrl":"https:\/\/www.comprarmejor.es\/wp-content\/uploads\/2015\/09\/p_3_8_5_385-Espana-pintoresca-de-David-Roberts-1837-1855.jpg","datePublished":"2015-09-08T10:17:41+00:00","dateModified":"2019-09-09T20:48:41+00:00","description":"Romantic work of Scottish artist David Roberts. His beautiful drawings contributed to the spread of exotic image of Spain and Andalusia worldwide.","breadcrumb":{"@id":"https:\/\/www.comprarmejor.es\/en\/product\/picturesque-spain-david-roberts-1837-1855\/#breadcrumb"},"inLanguage":"en-US","potentialAction":[{"@type":"ReadAction","target":["https:\/\/www.comprarmejor.es\/en\/product\/picturesque-spain-david-roberts-1837-1855\/"]}]},{"@type":"ImageObject","inLanguage":"en-US","@id":"https:\/\/www.comprarmejor.es\/en\/product\/picturesque-spain-david-roberts-1837-1855\/#primaryimage","url":"https:\/\/www.comprarmejor.es\/wp-content\/uploads\/2015\/09\/p_3_8_5_385-Espana-pintoresca-de-David-Roberts-1837-1855.jpg","contentUrl":"https:\/\/www.comprarmejor.es\/wp-content\/uploads\/2015\/09\/p_3_8_5_385-Espana-pintoresca-de-David-Roberts-1837-1855.jpg","width":600,"height":464},{"@type":"BreadcrumbList","@id":"https:\/\/www.comprarmejor.es\/en\/product\/picturesque-spain-david-roberts-1837-1855\/#breadcrumb","itemListElement":[{"@type":"ListItem","position":1,"name":"Portada","item":"https:\/\/www.comprarmejor.es\/en\/"},{"@type":"ListItem","position":2,"name":"Shop","item":"https:\/\/www.comprarmejor.es\/en\/shop\/"},{"@type":"ListItem","position":3,"name":"Picturesque Spain, David Roberts, 1837-1855"}]},{"@type":"WebSite","@id":"https:\/\/www.comprarmejor.es\/en\/#website","url":"https:\/\/www.comprarmejor.es\/en\/","name":"ComprarMejor","description":"ComprarMejor","publisher":{"@id":"https:\/\/www.comprarmejor.es\/en\/#organization"},"potentialAction":[{"@type":"SearchAction","target":{"@type":"EntryPoint","urlTemplate":"https:\/\/www.comprarmejor.es\/en\/?s={search_term_string}"},"query-input":{"@type":"PropertyValueSpecification","valueRequired":true,"valueName":"search_term_string"}}],"inLanguage":"en-US"},{"@type":"Organization","@id":"https:\/\/www.comprarmejor.es\/en\/#organization","name":"COMPRAR MEJOR","url":"https:\/\/www.comprarmejor.es\/en\/","logo":{"@type":"ImageObject","inLanguage":"en-US","@id":"https:\/\/www.comprarmejor.es\/en\/#\/schema\/logo\/image\/","url":"https:\/\/www.comprarmejor.es\/wp-content\/uploads\/2025\/09\/comprarmejortrinidad.jpg","contentUrl":"https:\/\/www.comprarmejor.es\/wp-content\/uploads\/2025\/09\/comprarmejortrinidad.jpg","width":1022,"height":1380,"caption":"COMPRAR MEJOR"},"image":{"@id":"https:\/\/www.comprarmejor.es\/en\/#\/schema\/logo\/image\/"},"sameAs":["https:\/\/www.instagram.com\/amigosdelcodice"]}]}},"_links":{"self":[{"href":"https:\/\/www.comprarmejor.es\/en\/wp-json\/wp\/v2\/product\/47241","targetHints":{"allow":["GET"]}}],"collection":[{"href":"https:\/\/www.comprarmejor.es\/en\/wp-json\/wp\/v2\/product"}],"about":[{"href":"https:\/\/www.comprarmejor.es\/en\/wp-json\/wp\/v2\/types\/product"}],"wp:featuredmedia":[{"embeddable":true,"href":"https:\/\/www.comprarmejor.es\/en\/wp-json\/wp\/v2\/media\/47215"}],"wp:attachment":[{"href":"https:\/\/www.comprarmejor.es\/en\/wp-json\/wp\/v2\/media?parent=47241"}],"wp:term":[{"taxonomy":"product_brand","embeddable":true,"href":"https:\/\/www.comprarmejor.es\/en\/wp-json\/wp\/v2\/product_brand?post=47241"},{"taxonomy":"product_cat","embeddable":true,"href":"https:\/\/www.comprarmejor.es\/en\/wp-json\/wp\/v2\/product_cat?post=47241"},{"taxonomy":"product_tag","embeddable":true,"href":"https:\/\/www.comprarmejor.es\/en\/wp-json\/wp\/v2\/product_tag?post=47241"}],"curies":[{"name":"wp","href":"https:\/\/api.w.org\/{rel}","templated":true}]}}