{"id":47269,"date":"2015-09-08T13:40:32","date_gmt":"2015-09-08T11:40:32","guid":{"rendered":"https:\/\/www.comprarmejor.es\/producto\/spectacula-lucretiana-s-xvi\/"},"modified":"2023-12-20T11:23:05","modified_gmt":"2023-12-20T10:23:05","slug":"spectacula-lucretiana-s-xvi","status":"publish","type":"product","link":"https:\/\/www.comprarmejor.es\/en\/product\/spectacula-lucretiana-s-xvi\/","title":{"rendered":"Spectacula Lucretiana, s. XVI"},"content":{"rendered":"<p style=\"text-align: justify;\"><span class=\"tlid-translation translation\" lang=\"en\">Beautiful facsimile of the original manuscript guarded in the Nicolau Primitiu Library, Monastery of San Miguel de los Reyes de Valencia, signature MSS \/ 130, Valencian Library of Pope Alexander VI.<\/span><\/p>\n<p style=\"text-align: justify;\">Edition made in 2008, sold out for a long time, in a single run of 290 numbered copies and notarized certificates one by one.<\/p>\n<p style=\"text-align: justify;\">True Renaissance jewel, this beautiful codex model, portrays the power and prestige enjoyed by kings, princes and Renaissance popes.<\/p>\n<p style=\"text-align: justify;\">The importance of the manuscript lies not only in its delicate beauty but also in its historical and literary value. It is without a doubt a jewel of the Renaissance.<\/p>\n<p style=\"text-align: justify;\">Work of the Italian humanist Juan Bautista Cantalicio, also known as Giambattista Valentino, said Cantalicio of the name of Cantalicea, Italian city where he was born about the year 1450.<\/p>\n<p style=\"text-align: justify;\">The nickname of Valentino has caused confusion about the origin of the poet, some authors thinking that he was Spanish and specifically Mallorcan. This error may be due to the contacts that the humanist had with the Borja family, the center of Italian power of the time, and where it was not strange to find numerous Spaniards in particular called to occupy positions in the papal curia and in politics.<\/p>\n<p style=\"text-align: justify;\">The beautiful poems Spectacula Lucretiana, contains more than fifty poems in Latin, which the author composed to celebrate the betrothal of the favorite daughter of Alexander VI, Lucrecia de Borja (last name best known for his Italianization: Borgia) with Alfonso del Este, heir of Ferrara, in 1551.<\/p>\n<p style=\"text-align: justify;\">The lavish describes the lavish celebrations that took place in Rome on the occasion of the event.<\/p>\n<p style=\"text-align: justify;\">Facsimile bound in double skin reproducing the deteriorated original codex, with gold engravings, format 17.8 x 25.8 cm. 36 pages in special fine imitation vellum paper. Gold colored borders in an initial history. Gold text and initials in gold.<br \/>\nPresented the facsimile in a beautiful box-case closed in fine red velvet, format 20 x 28 x 3.5 cm.<\/p>\n<p style=\"text-align: justify;\">Accompanied by a study book with Spanish translation enriched with literary and historical notes by Carmen G\u00f3mez Senent, member of the board of trustees Nicolau Primitiu and Jos\u00e9 Mar\u00eda Estell\u00e9s, tenured professor of the Department of Classical Philology of the Faculty of the University of Valencia. Bound in Dutch imitation leather and fabric, format 21.8 x 30.7 cm, 164 pages.<\/p>\n<p style=\"text-align: justify;\">Download the pdf file for more information. Texts in Spanish.<\/p>\n<p style=\"text-align: justify;\">Full copy and in perfect condition.<\/p>\n<p style=\"text-align: justify;\"><span title=\"Gastos de env\u00edo por cuenta del comprador, seg\u00fan pedido y destino.\"><span class=\"HwtZe\" lang=\"en\"><span class=\"jCAhz ChMk0b\"><span class=\"ryNqvb\">Free shipping for this item<\/span><\/span><\/span>. <\/span><span title=\"Cons\u00faltenos cualquier duda.\"><a class=\"btn btn-default\" href=\"https:\/\/www.comprarmejor.es\/en\/contact\">Ask us<\/a> <span lang=\"en\" xml:lang=\"en\"><span class=\"HwtZe\" lang=\"en\"><span class=\"jCAhz ChMk0b\"><span class=\"ryNqvb\">any questions, indicating the article reference.<\/span><\/span><\/span><\/span><br \/>\n<\/span><\/p>\n","protected":false},"excerpt":{"rendered":"<p style=\"text-align: justify;\"><span id=\"result_box\" lang=\"en\" xml:lang=\"en\"><span title=\"\u00a1Un 5 estrellas en toda gran Biblioteca!\"><span lang=\"en\" xml:lang=\"en\"><span lang=\"en\" xml:lang=\"en\"><span title=\"Bello facs\u00edmile del manuscrito original custodiado en la Biblioteca Nicolau Primitiu, Monasterio de San Miguel de los Reyes de Valencia, signatura MSS\/130, Biblioteca valenciana del Papa Alejandro VI.\">Beautiful facsimile of the original manuscript kept in the Nicolau Primitiu Library, Monastery of San Miguel de los Reyes in Valencia, MSS \/ 130, Valencian Library of Pope Alexander VI.<\/span><\/span><\/span><\/span><\/span><\/p>\n","protected":false},"featured_media":56600,"template":"","meta":[],"product_brand":[],"product_cat":[2250,2220],"product_tag":[4086,5020,3984,5120,5019,3985],"class_list":{"0":"post-47269","1":"product","2":"type-product","3":"status-publish","4":"has-post-thumbnail","6":"product_cat-other-facsimiles","7":"product_cat-special-offers","8":"product_tag-borgia-en","9":"product_tag-borja-en","10":"product_tag-escorial-en-2","11":"product_tag-history-en","12":"product_tag-lucrecia-en","13":"product_tag-scriptorium-en","14":"description-off","16":"first","17":"instock","18":"sale","19":"taxable","20":"shipping-taxable","21":"purchasable","22":"product-type-simple"},"yoast_head":"<!-- This site is optimized with the Yoast SEO plugin v27.3 - https:\/\/yoast.com\/product\/yoast-seo-wordpress\/ -->\n<title>Lucretian Spectacula, 16th century, curious Renaissance jewel<\/title>\n<meta name=\"description\" content=\"The beautiful poems Spectacula Lucretiana, made to celebrate the betrothal of the daughter of Alexander VI, Lucrecia de Borgia with Alfonso del Este.\" \/>\n<meta name=\"robots\" content=\"index, follow, max-snippet:-1, max-image-preview:large, max-video-preview:-1\" \/>\n<link rel=\"canonical\" href=\"https:\/\/www.comprarmejor.es\/en\/product\/spectacula-lucretiana-s-xvi\/\" \/>\n<meta property=\"og:locale\" content=\"en_US\" \/>\n<meta property=\"og:type\" content=\"article\" \/>\n<meta property=\"og:title\" content=\"Lucretian Spectacula, 16th century, curious Renaissance jewel\" \/>\n<meta property=\"og:description\" content=\"The beautiful poems Spectacula Lucretiana, made to celebrate the betrothal of the daughter of Alexander VI, Lucrecia de Borgia with Alfonso del Este.\" \/>\n<meta property=\"og:url\" content=\"https:\/\/www.comprarmejor.es\/en\/product\/spectacula-lucretiana-s-xvi\/\" \/>\n<meta property=\"og:site_name\" content=\"ComprarMejor\" \/>\n<meta property=\"article:modified_time\" content=\"2023-12-20T10:23:05+00:00\" \/>\n<meta property=\"og:image\" content=\"https:\/\/www.comprarmejor.es\/wp-content\/uploads\/2015\/09\/DSC00854.jpg\" \/>\n\t<meta property=\"og:image:width\" content=\"596\" \/>\n\t<meta property=\"og:image:height\" content=\"234\" \/>\n\t<meta property=\"og:image:type\" content=\"image\/jpeg\" \/>\n<meta name=\"twitter:card\" content=\"summary_large_image\" \/>\n<meta name=\"twitter:label1\" content=\"Est. reading time\" \/>\n\t<meta name=\"twitter:data1\" content=\"2 minutes\" \/>\n<script type=\"application\/ld+json\" class=\"yoast-schema-graph\">{\"@context\":\"https:\\\/\\\/schema.org\",\"@graph\":[{\"@type\":\"WebPage\",\"@id\":\"https:\\\/\\\/www.comprarmejor.es\\\/en\\\/product\\\/spectacula-lucretiana-s-xvi\\\/\",\"url\":\"https:\\\/\\\/www.comprarmejor.es\\\/en\\\/product\\\/spectacula-lucretiana-s-xvi\\\/\",\"name\":\"Lucretian Spectacula, 16th century, curious Renaissance jewel\",\"isPartOf\":{\"@id\":\"https:\\\/\\\/www.comprarmejor.es\\\/en\\\/#website\"},\"primaryImageOfPage\":{\"@id\":\"https:\\\/\\\/www.comprarmejor.es\\\/en\\\/product\\\/spectacula-lucretiana-s-xvi\\\/#primaryimage\"},\"image\":{\"@id\":\"https:\\\/\\\/www.comprarmejor.es\\\/en\\\/product\\\/spectacula-lucretiana-s-xvi\\\/#primaryimage\"},\"thumbnailUrl\":\"https:\\\/\\\/www.comprarmejor.es\\\/wp-content\\\/uploads\\\/2015\\\/09\\\/DSC00854.jpg\",\"datePublished\":\"2015-09-08T11:40:32+00:00\",\"dateModified\":\"2023-12-20T10:23:05+00:00\",\"description\":\"The beautiful poems Spectacula Lucretiana, made to celebrate the betrothal of the daughter of Alexander VI, Lucrecia de Borgia with Alfonso del Este.\",\"breadcrumb\":{\"@id\":\"https:\\\/\\\/www.comprarmejor.es\\\/en\\\/product\\\/spectacula-lucretiana-s-xvi\\\/#breadcrumb\"},\"inLanguage\":\"en-US\",\"potentialAction\":[{\"@type\":\"ReadAction\",\"target\":[\"https:\\\/\\\/www.comprarmejor.es\\\/en\\\/product\\\/spectacula-lucretiana-s-xvi\\\/\"]}]},{\"@type\":\"ImageObject\",\"inLanguage\":\"en-US\",\"@id\":\"https:\\\/\\\/www.comprarmejor.es\\\/en\\\/product\\\/spectacula-lucretiana-s-xvi\\\/#primaryimage\",\"url\":\"https:\\\/\\\/www.comprarmejor.es\\\/wp-content\\\/uploads\\\/2015\\\/09\\\/DSC00854.jpg\",\"contentUrl\":\"https:\\\/\\\/www.comprarmejor.es\\\/wp-content\\\/uploads\\\/2015\\\/09\\\/DSC00854.jpg\",\"width\":596,\"height\":234},{\"@type\":\"BreadcrumbList\",\"@id\":\"https:\\\/\\\/www.comprarmejor.es\\\/en\\\/product\\\/spectacula-lucretiana-s-xvi\\\/#breadcrumb\",\"itemListElement\":[{\"@type\":\"ListItem\",\"position\":1,\"name\":\"Portada\",\"item\":\"https:\\\/\\\/www.comprarmejor.es\\\/en\\\/\"},{\"@type\":\"ListItem\",\"position\":2,\"name\":\"Shop\",\"item\":\"https:\\\/\\\/www.comprarmejor.es\\\/en\\\/shop\\\/\"},{\"@type\":\"ListItem\",\"position\":3,\"name\":\"Spectacula Lucretiana, s. XVI\"}]},{\"@type\":\"WebSite\",\"@id\":\"https:\\\/\\\/www.comprarmejor.es\\\/en\\\/#website\",\"url\":\"https:\\\/\\\/www.comprarmejor.es\\\/en\\\/\",\"name\":\"ComprarMejor\",\"description\":\"ComprarMejor\",\"publisher\":{\"@id\":\"https:\\\/\\\/www.comprarmejor.es\\\/en\\\/#organization\"},\"potentialAction\":[{\"@type\":\"SearchAction\",\"target\":{\"@type\":\"EntryPoint\",\"urlTemplate\":\"https:\\\/\\\/www.comprarmejor.es\\\/en\\\/?s={search_term_string}\"},\"query-input\":{\"@type\":\"PropertyValueSpecification\",\"valueRequired\":true,\"valueName\":\"search_term_string\"}}],\"inLanguage\":\"en-US\"},{\"@type\":\"Organization\",\"@id\":\"https:\\\/\\\/www.comprarmejor.es\\\/en\\\/#organization\",\"name\":\"COMPRAR MEJOR\",\"url\":\"https:\\\/\\\/www.comprarmejor.es\\\/en\\\/\",\"logo\":{\"@type\":\"ImageObject\",\"inLanguage\":\"en-US\",\"@id\":\"https:\\\/\\\/www.comprarmejor.es\\\/en\\\/#\\\/schema\\\/logo\\\/image\\\/\",\"url\":\"https:\\\/\\\/www.comprarmejor.es\\\/wp-content\\\/uploads\\\/2025\\\/09\\\/comprarmejortrinidad.jpg\",\"contentUrl\":\"https:\\\/\\\/www.comprarmejor.es\\\/wp-content\\\/uploads\\\/2025\\\/09\\\/comprarmejortrinidad.jpg\",\"width\":1022,\"height\":1380,\"caption\":\"COMPRAR MEJOR\"},\"image\":{\"@id\":\"https:\\\/\\\/www.comprarmejor.es\\\/en\\\/#\\\/schema\\\/logo\\\/image\\\/\"},\"sameAs\":[\"https:\\\/\\\/www.instagram.com\\\/amigosdelcodice\"]}]}<\/script>\n<!-- \/ Yoast SEO plugin. -->","yoast_head_json":{"title":"Lucretian Spectacula, 16th century, curious Renaissance jewel","description":"The beautiful poems Spectacula Lucretiana, made to celebrate the betrothal of the daughter of Alexander VI, Lucrecia de Borgia with Alfonso del Este.","robots":{"index":"index","follow":"follow","max-snippet":"max-snippet:-1","max-image-preview":"max-image-preview:large","max-video-preview":"max-video-preview:-1"},"canonical":"https:\/\/www.comprarmejor.es\/en\/product\/spectacula-lucretiana-s-xvi\/","og_locale":"en_US","og_type":"article","og_title":"Lucretian Spectacula, 16th century, curious Renaissance jewel","og_description":"The beautiful poems Spectacula Lucretiana, made to celebrate the betrothal of the daughter of Alexander VI, Lucrecia de Borgia with Alfonso del Este.","og_url":"https:\/\/www.comprarmejor.es\/en\/product\/spectacula-lucretiana-s-xvi\/","og_site_name":"ComprarMejor","article_modified_time":"2023-12-20T10:23:05+00:00","og_image":[{"width":596,"height":234,"url":"https:\/\/www.comprarmejor.es\/wp-content\/uploads\/2015\/09\/DSC00854.jpg","type":"image\/jpeg"}],"twitter_card":"summary_large_image","twitter_misc":{"Est. reading time":"2 minutes"},"schema":{"@context":"https:\/\/schema.org","@graph":[{"@type":"WebPage","@id":"https:\/\/www.comprarmejor.es\/en\/product\/spectacula-lucretiana-s-xvi\/","url":"https:\/\/www.comprarmejor.es\/en\/product\/spectacula-lucretiana-s-xvi\/","name":"Lucretian Spectacula, 16th century, curious Renaissance jewel","isPartOf":{"@id":"https:\/\/www.comprarmejor.es\/en\/#website"},"primaryImageOfPage":{"@id":"https:\/\/www.comprarmejor.es\/en\/product\/spectacula-lucretiana-s-xvi\/#primaryimage"},"image":{"@id":"https:\/\/www.comprarmejor.es\/en\/product\/spectacula-lucretiana-s-xvi\/#primaryimage"},"thumbnailUrl":"https:\/\/www.comprarmejor.es\/wp-content\/uploads\/2015\/09\/DSC00854.jpg","datePublished":"2015-09-08T11:40:32+00:00","dateModified":"2023-12-20T10:23:05+00:00","description":"The beautiful poems Spectacula Lucretiana, made to celebrate the betrothal of the daughter of Alexander VI, Lucrecia de Borgia with Alfonso del Este.","breadcrumb":{"@id":"https:\/\/www.comprarmejor.es\/en\/product\/spectacula-lucretiana-s-xvi\/#breadcrumb"},"inLanguage":"en-US","potentialAction":[{"@type":"ReadAction","target":["https:\/\/www.comprarmejor.es\/en\/product\/spectacula-lucretiana-s-xvi\/"]}]},{"@type":"ImageObject","inLanguage":"en-US","@id":"https:\/\/www.comprarmejor.es\/en\/product\/spectacula-lucretiana-s-xvi\/#primaryimage","url":"https:\/\/www.comprarmejor.es\/wp-content\/uploads\/2015\/09\/DSC00854.jpg","contentUrl":"https:\/\/www.comprarmejor.es\/wp-content\/uploads\/2015\/09\/DSC00854.jpg","width":596,"height":234},{"@type":"BreadcrumbList","@id":"https:\/\/www.comprarmejor.es\/en\/product\/spectacula-lucretiana-s-xvi\/#breadcrumb","itemListElement":[{"@type":"ListItem","position":1,"name":"Portada","item":"https:\/\/www.comprarmejor.es\/en\/"},{"@type":"ListItem","position":2,"name":"Shop","item":"https:\/\/www.comprarmejor.es\/en\/shop\/"},{"@type":"ListItem","position":3,"name":"Spectacula Lucretiana, s. XVI"}]},{"@type":"WebSite","@id":"https:\/\/www.comprarmejor.es\/en\/#website","url":"https:\/\/www.comprarmejor.es\/en\/","name":"ComprarMejor","description":"ComprarMejor","publisher":{"@id":"https:\/\/www.comprarmejor.es\/en\/#organization"},"potentialAction":[{"@type":"SearchAction","target":{"@type":"EntryPoint","urlTemplate":"https:\/\/www.comprarmejor.es\/en\/?s={search_term_string}"},"query-input":{"@type":"PropertyValueSpecification","valueRequired":true,"valueName":"search_term_string"}}],"inLanguage":"en-US"},{"@type":"Organization","@id":"https:\/\/www.comprarmejor.es\/en\/#organization","name":"COMPRAR MEJOR","url":"https:\/\/www.comprarmejor.es\/en\/","logo":{"@type":"ImageObject","inLanguage":"en-US","@id":"https:\/\/www.comprarmejor.es\/en\/#\/schema\/logo\/image\/","url":"https:\/\/www.comprarmejor.es\/wp-content\/uploads\/2025\/09\/comprarmejortrinidad.jpg","contentUrl":"https:\/\/www.comprarmejor.es\/wp-content\/uploads\/2025\/09\/comprarmejortrinidad.jpg","width":1022,"height":1380,"caption":"COMPRAR MEJOR"},"image":{"@id":"https:\/\/www.comprarmejor.es\/en\/#\/schema\/logo\/image\/"},"sameAs":["https:\/\/www.instagram.com\/amigosdelcodice"]}]}},"_links":{"self":[{"href":"https:\/\/www.comprarmejor.es\/en\/wp-json\/wp\/v2\/product\/47269","targetHints":{"allow":["GET"]}}],"collection":[{"href":"https:\/\/www.comprarmejor.es\/en\/wp-json\/wp\/v2\/product"}],"about":[{"href":"https:\/\/www.comprarmejor.es\/en\/wp-json\/wp\/v2\/types\/product"}],"wp:featuredmedia":[{"embeddable":true,"href":"https:\/\/www.comprarmejor.es\/en\/wp-json\/wp\/v2\/media\/56600"}],"wp:attachment":[{"href":"https:\/\/www.comprarmejor.es\/en\/wp-json\/wp\/v2\/media?parent=47269"}],"wp:term":[{"taxonomy":"product_brand","embeddable":true,"href":"https:\/\/www.comprarmejor.es\/en\/wp-json\/wp\/v2\/product_brand?post=47269"},{"taxonomy":"product_cat","embeddable":true,"href":"https:\/\/www.comprarmejor.es\/en\/wp-json\/wp\/v2\/product_cat?post=47269"},{"taxonomy":"product_tag","embeddable":true,"href":"https:\/\/www.comprarmejor.es\/en\/wp-json\/wp\/v2\/product_tag?post=47269"}],"curies":[{"name":"wp","href":"https:\/\/api.w.org\/{rel}","templated":true}]}}