{"id":47285,"date":"2015-09-08T17:56:37","date_gmt":"2015-09-08T15:56:37","guid":{"rendered":"https:\/\/www.comprarmejor.es\/producto\/redoute-the-book-of-flowers\/"},"modified":"2026-04-12T13:22:32","modified_gmt":"2026-04-12T11:22:32","slug":"book-of-hours-of-ferdinand-i-of-leon-year-1055","status":"publish","type":"product","link":"https:\/\/www.comprarmejor.es\/en\/product\/book-of-hours-of-ferdinand-i-of-leon-year-1055\/","title":{"rendered":"Book of Hours of Ferdinand I of Le\u00f3n. Year 1055"},"content":{"rendered":"<p style=\"text-align: justify;\">Extraordinary facsimile edition of the Visigothic manuscript 609 (Res. 1) from the University of Santiago de Compostela, known as the \u201cBook of Hours of Ferdinand I of Le\u00f3n.\u201d Its name has changed over time: it previously bore the title \u201cDiurno of Ferdinand I\u201d on a flyleaf.<\/p>\n<p style=\"text-align: justify;\">This facsimile edition was produced in 1995 by the Madrid-based publisher Testimonio, commissioned by the Xunta de Galicia (Regional Government of Galicia). It is a deluxe, numbered edition, limited to 420 copies, and certified. This edition is completely sold out, and copies are difficult to find even on the secondhand market.<\/p>\n<p style=\"text-align: justify;\">The facsimile is bound in leather with scallop shell fittings and two leather and metal clasps. Dimensions: 21 x 32 cm. 456 pages.<br \/>\nComplementary study book, paperback with dust jacket, 20.5 x 32 cm. 208 pages, including the complete transcription of the Latin text.<\/p>\n<p style=\"text-align: justify;\">Both the codex and the study are printed in the golden ratio.<\/p>\n<p style=\"text-align: justify;\">The codex was a gift from Queen Sancha to her husband, King Ferdinand I of Le\u00f3n, Castile, and Navarre, in 1055. Its current state of preservation, after a thousand years, is excellent, and it is housed in the University Library of Santiago de Compostela.<\/p>\n<p style=\"text-align: justify;\">This copy is in perfect condition and is the only one available.<\/p>\n<p style=\"text-align: justify;\">Free shipping for this item. <span title=\"Cons\u00faltenos cualquier duda.\"><a class=\"btn btn-default\" href=\"https:\/\/www.comprarmejor.es\/en\/contact\/\">Ask us<\/a> <span class=\"HwtZe\" lang=\"en\"><span class=\"jCAhz ChMk0b\"><span class=\"ryNqvb\">with any questions, quoting the item reference.<\/span><\/span><\/span><br \/>\n<\/span><\/p>\n","protected":false},"excerpt":{"rendered":"<p style=\"text-align: justify;\"><span id=\"result_box\" lang=\"en\" xml:lang=\"en\"><span title=\"Edici\u00f3n econ\u00f3mica del espectacular Breviario Grimani, realizada en Venecia en 1970 por Electa Editrice, 2 vol\u00famenes con caja estuche abierta.\"><span lang=\"en\" xml:lang=\"en\">Extraordinary facsimile edition of the Visigothic manuscript 609 (Res. 1) from the University of Santiago de Compostela, known as the \u201cBook of Hours of Ferdinand I of Le\u00f3n.\u201d<span title=\"Mostrando su maravillosa habilidad para combinar precisi\u00f3n y belleza, Redout\u00e9 traslada al lector a los magn\u00edficos invernaderos y jardines del Par\u00eds de anta\u00f1o.\"><br \/>\n<\/span><\/span><\/span><\/span><\/p>\n","protected":false},"featured_media":107108,"template":"","meta":[],"product_brand":[],"product_cat":[2226],"product_tag":[5058,5122,4272,4799,3999],"class_list":{"0":"post-47285","1":"product","2":"type-product","3":"status-publish","4":"has-post-thumbnail","6":"product_cat-books-of-hours","7":"product_tag-fernando-i-en-2","8":"product_tag-hours-en","9":"product_tag-navarra-en","10":"product_tag-sancha-en","11":"product_tag-testimonio-en","12":"description-off","14":"first","15":"instock","16":"taxable","17":"shipping-taxable","18":"purchasable","19":"product-type-simple"},"yoast_head":"<!-- This site is optimized with the Yoast SEO plugin v27.3 - https:\/\/yoast.com\/product\/yoast-seo-wordpress\/ -->\n<title>Book of Hours of Ferdinand I of Le\u00f3n. Year 1055<\/title>\n<meta name=\"description\" content=\"Edition of the Visigothic manuscript 609 (Res. 1) from the University of Santiago de Compostela, known as the \u201cBook of Hours of Ferdinand I of Le\u00f3n.\u201d\" \/>\n<meta name=\"robots\" content=\"index, follow, max-snippet:-1, max-image-preview:large, max-video-preview:-1\" \/>\n<link rel=\"canonical\" href=\"https:\/\/www.comprarmejor.es\/en\/product\/book-of-hours-of-ferdinand-i-of-leon-year-1055\/\" \/>\n<meta property=\"og:locale\" content=\"en_US\" \/>\n<meta property=\"og:type\" content=\"article\" \/>\n<meta property=\"og:title\" content=\"Book of Hours of Ferdinand I of Le\u00f3n. Year 1055\" \/>\n<meta property=\"og:description\" content=\"Edition of the Visigothic manuscript 609 (Res. 1) from the University of Santiago de Compostela, known as the \u201cBook of Hours of Ferdinand I of Le\u00f3n.\u201d\" \/>\n<meta property=\"og:url\" content=\"https:\/\/www.comprarmejor.es\/en\/product\/book-of-hours-of-ferdinand-i-of-leon-year-1055\/\" \/>\n<meta property=\"og:site_name\" content=\"ComprarMejor\" \/>\n<meta property=\"article:modified_time\" content=\"2026-04-12T11:22:32+00:00\" \/>\n<meta property=\"og:image\" content=\"https:\/\/www.comprarmejor.es\/wp-content\/uploads\/2015\/09\/LHFdL-1.jpg\" \/>\n\t<meta property=\"og:image:width\" content=\"750\" \/>\n\t<meta property=\"og:image:height\" content=\"563\" \/>\n\t<meta property=\"og:image:type\" content=\"image\/jpeg\" \/>\n<meta name=\"twitter:card\" content=\"summary_large_image\" \/>\n<meta name=\"twitter:label1\" content=\"Est. reading time\" \/>\n\t<meta name=\"twitter:data1\" content=\"2 minutes\" \/>\n<script type=\"application\/ld+json\" class=\"yoast-schema-graph\">{\"@context\":\"https:\\\/\\\/schema.org\",\"@graph\":[{\"@type\":\"WebPage\",\"@id\":\"https:\\\/\\\/www.comprarmejor.es\\\/en\\\/product\\\/book-of-hours-of-ferdinand-i-of-leon-year-1055\\\/\",\"url\":\"https:\\\/\\\/www.comprarmejor.es\\\/en\\\/product\\\/book-of-hours-of-ferdinand-i-of-leon-year-1055\\\/\",\"name\":\"Book of Hours of Ferdinand I of Le\u00f3n. Year 1055\",\"isPartOf\":{\"@id\":\"https:\\\/\\\/www.comprarmejor.es\\\/en\\\/#website\"},\"primaryImageOfPage\":{\"@id\":\"https:\\\/\\\/www.comprarmejor.es\\\/en\\\/product\\\/book-of-hours-of-ferdinand-i-of-leon-year-1055\\\/#primaryimage\"},\"image\":{\"@id\":\"https:\\\/\\\/www.comprarmejor.es\\\/en\\\/product\\\/book-of-hours-of-ferdinand-i-of-leon-year-1055\\\/#primaryimage\"},\"thumbnailUrl\":\"https:\\\/\\\/www.comprarmejor.es\\\/wp-content\\\/uploads\\\/2015\\\/09\\\/LHFdL-1.jpg\",\"datePublished\":\"2015-09-08T15:56:37+00:00\",\"dateModified\":\"2026-04-12T11:22:32+00:00\",\"description\":\"Edition of the Visigothic manuscript 609 (Res. 1) from the University of Santiago de Compostela, known as the \u201cBook of Hours of Ferdinand I of Le\u00f3n.\u201d\",\"breadcrumb\":{\"@id\":\"https:\\\/\\\/www.comprarmejor.es\\\/en\\\/product\\\/book-of-hours-of-ferdinand-i-of-leon-year-1055\\\/#breadcrumb\"},\"inLanguage\":\"en-US\",\"potentialAction\":[{\"@type\":\"ReadAction\",\"target\":[\"https:\\\/\\\/www.comprarmejor.es\\\/en\\\/product\\\/book-of-hours-of-ferdinand-i-of-leon-year-1055\\\/\"]}]},{\"@type\":\"ImageObject\",\"inLanguage\":\"en-US\",\"@id\":\"https:\\\/\\\/www.comprarmejor.es\\\/en\\\/product\\\/book-of-hours-of-ferdinand-i-of-leon-year-1055\\\/#primaryimage\",\"url\":\"https:\\\/\\\/www.comprarmejor.es\\\/wp-content\\\/uploads\\\/2015\\\/09\\\/LHFdL-1.jpg\",\"contentUrl\":\"https:\\\/\\\/www.comprarmejor.es\\\/wp-content\\\/uploads\\\/2015\\\/09\\\/LHFdL-1.jpg\",\"width\":750,\"height\":563},{\"@type\":\"BreadcrumbList\",\"@id\":\"https:\\\/\\\/www.comprarmejor.es\\\/en\\\/product\\\/book-of-hours-of-ferdinand-i-of-leon-year-1055\\\/#breadcrumb\",\"itemListElement\":[{\"@type\":\"ListItem\",\"position\":1,\"name\":\"Portada\",\"item\":\"https:\\\/\\\/www.comprarmejor.es\\\/en\\\/\"},{\"@type\":\"ListItem\",\"position\":2,\"name\":\"Shop\",\"item\":\"https:\\\/\\\/www.comprarmejor.es\\\/en\\\/shop\\\/\"},{\"@type\":\"ListItem\",\"position\":3,\"name\":\"Book of Hours of Ferdinand I of Le\u00f3n. Year 1055\"}]},{\"@type\":\"WebSite\",\"@id\":\"https:\\\/\\\/www.comprarmejor.es\\\/en\\\/#website\",\"url\":\"https:\\\/\\\/www.comprarmejor.es\\\/en\\\/\",\"name\":\"ComprarMejor\",\"description\":\"ComprarMejor\",\"publisher\":{\"@id\":\"https:\\\/\\\/www.comprarmejor.es\\\/en\\\/#organization\"},\"potentialAction\":[{\"@type\":\"SearchAction\",\"target\":{\"@type\":\"EntryPoint\",\"urlTemplate\":\"https:\\\/\\\/www.comprarmejor.es\\\/en\\\/?s={search_term_string}\"},\"query-input\":{\"@type\":\"PropertyValueSpecification\",\"valueRequired\":true,\"valueName\":\"search_term_string\"}}],\"inLanguage\":\"en-US\"},{\"@type\":\"Organization\",\"@id\":\"https:\\\/\\\/www.comprarmejor.es\\\/en\\\/#organization\",\"name\":\"COMPRAR MEJOR\",\"url\":\"https:\\\/\\\/www.comprarmejor.es\\\/en\\\/\",\"logo\":{\"@type\":\"ImageObject\",\"inLanguage\":\"en-US\",\"@id\":\"https:\\\/\\\/www.comprarmejor.es\\\/en\\\/#\\\/schema\\\/logo\\\/image\\\/\",\"url\":\"https:\\\/\\\/www.comprarmejor.es\\\/wp-content\\\/uploads\\\/2025\\\/09\\\/comprarmejortrinidad.jpg\",\"contentUrl\":\"https:\\\/\\\/www.comprarmejor.es\\\/wp-content\\\/uploads\\\/2025\\\/09\\\/comprarmejortrinidad.jpg\",\"width\":1022,\"height\":1380,\"caption\":\"COMPRAR MEJOR\"},\"image\":{\"@id\":\"https:\\\/\\\/www.comprarmejor.es\\\/en\\\/#\\\/schema\\\/logo\\\/image\\\/\"},\"sameAs\":[\"https:\\\/\\\/www.instagram.com\\\/amigosdelcodice\"]}]}<\/script>\n<!-- \/ Yoast SEO plugin. -->","yoast_head_json":{"title":"Book of Hours of Ferdinand I of Le\u00f3n. Year 1055","description":"Edition of the Visigothic manuscript 609 (Res. 1) from the University of Santiago de Compostela, known as the \u201cBook of Hours of Ferdinand I of Le\u00f3n.\u201d","robots":{"index":"index","follow":"follow","max-snippet":"max-snippet:-1","max-image-preview":"max-image-preview:large","max-video-preview":"max-video-preview:-1"},"canonical":"https:\/\/www.comprarmejor.es\/en\/product\/book-of-hours-of-ferdinand-i-of-leon-year-1055\/","og_locale":"en_US","og_type":"article","og_title":"Book of Hours of Ferdinand I of Le\u00f3n. Year 1055","og_description":"Edition of the Visigothic manuscript 609 (Res. 1) from the University of Santiago de Compostela, known as the \u201cBook of Hours of Ferdinand I of Le\u00f3n.\u201d","og_url":"https:\/\/www.comprarmejor.es\/en\/product\/book-of-hours-of-ferdinand-i-of-leon-year-1055\/","og_site_name":"ComprarMejor","article_modified_time":"2026-04-12T11:22:32+00:00","og_image":[{"width":750,"height":563,"url":"https:\/\/www.comprarmejor.es\/wp-content\/uploads\/2015\/09\/LHFdL-1.jpg","type":"image\/jpeg"}],"twitter_card":"summary_large_image","twitter_misc":{"Est. reading time":"2 minutes"},"schema":{"@context":"https:\/\/schema.org","@graph":[{"@type":"WebPage","@id":"https:\/\/www.comprarmejor.es\/en\/product\/book-of-hours-of-ferdinand-i-of-leon-year-1055\/","url":"https:\/\/www.comprarmejor.es\/en\/product\/book-of-hours-of-ferdinand-i-of-leon-year-1055\/","name":"Book of Hours of Ferdinand I of Le\u00f3n. Year 1055","isPartOf":{"@id":"https:\/\/www.comprarmejor.es\/en\/#website"},"primaryImageOfPage":{"@id":"https:\/\/www.comprarmejor.es\/en\/product\/book-of-hours-of-ferdinand-i-of-leon-year-1055\/#primaryimage"},"image":{"@id":"https:\/\/www.comprarmejor.es\/en\/product\/book-of-hours-of-ferdinand-i-of-leon-year-1055\/#primaryimage"},"thumbnailUrl":"https:\/\/www.comprarmejor.es\/wp-content\/uploads\/2015\/09\/LHFdL-1.jpg","datePublished":"2015-09-08T15:56:37+00:00","dateModified":"2026-04-12T11:22:32+00:00","description":"Edition of the Visigothic manuscript 609 (Res. 1) from the University of Santiago de Compostela, known as the \u201cBook of Hours of Ferdinand I of Le\u00f3n.\u201d","breadcrumb":{"@id":"https:\/\/www.comprarmejor.es\/en\/product\/book-of-hours-of-ferdinand-i-of-leon-year-1055\/#breadcrumb"},"inLanguage":"en-US","potentialAction":[{"@type":"ReadAction","target":["https:\/\/www.comprarmejor.es\/en\/product\/book-of-hours-of-ferdinand-i-of-leon-year-1055\/"]}]},{"@type":"ImageObject","inLanguage":"en-US","@id":"https:\/\/www.comprarmejor.es\/en\/product\/book-of-hours-of-ferdinand-i-of-leon-year-1055\/#primaryimage","url":"https:\/\/www.comprarmejor.es\/wp-content\/uploads\/2015\/09\/LHFdL-1.jpg","contentUrl":"https:\/\/www.comprarmejor.es\/wp-content\/uploads\/2015\/09\/LHFdL-1.jpg","width":750,"height":563},{"@type":"BreadcrumbList","@id":"https:\/\/www.comprarmejor.es\/en\/product\/book-of-hours-of-ferdinand-i-of-leon-year-1055\/#breadcrumb","itemListElement":[{"@type":"ListItem","position":1,"name":"Portada","item":"https:\/\/www.comprarmejor.es\/en\/"},{"@type":"ListItem","position":2,"name":"Shop","item":"https:\/\/www.comprarmejor.es\/en\/shop\/"},{"@type":"ListItem","position":3,"name":"Book of Hours of Ferdinand I of Le\u00f3n. Year 1055"}]},{"@type":"WebSite","@id":"https:\/\/www.comprarmejor.es\/en\/#website","url":"https:\/\/www.comprarmejor.es\/en\/","name":"ComprarMejor","description":"ComprarMejor","publisher":{"@id":"https:\/\/www.comprarmejor.es\/en\/#organization"},"potentialAction":[{"@type":"SearchAction","target":{"@type":"EntryPoint","urlTemplate":"https:\/\/www.comprarmejor.es\/en\/?s={search_term_string}"},"query-input":{"@type":"PropertyValueSpecification","valueRequired":true,"valueName":"search_term_string"}}],"inLanguage":"en-US"},{"@type":"Organization","@id":"https:\/\/www.comprarmejor.es\/en\/#organization","name":"COMPRAR MEJOR","url":"https:\/\/www.comprarmejor.es\/en\/","logo":{"@type":"ImageObject","inLanguage":"en-US","@id":"https:\/\/www.comprarmejor.es\/en\/#\/schema\/logo\/image\/","url":"https:\/\/www.comprarmejor.es\/wp-content\/uploads\/2025\/09\/comprarmejortrinidad.jpg","contentUrl":"https:\/\/www.comprarmejor.es\/wp-content\/uploads\/2025\/09\/comprarmejortrinidad.jpg","width":1022,"height":1380,"caption":"COMPRAR MEJOR"},"image":{"@id":"https:\/\/www.comprarmejor.es\/en\/#\/schema\/logo\/image\/"},"sameAs":["https:\/\/www.instagram.com\/amigosdelcodice"]}]}},"_links":{"self":[{"href":"https:\/\/www.comprarmejor.es\/en\/wp-json\/wp\/v2\/product\/47285","targetHints":{"allow":["GET"]}}],"collection":[{"href":"https:\/\/www.comprarmejor.es\/en\/wp-json\/wp\/v2\/product"}],"about":[{"href":"https:\/\/www.comprarmejor.es\/en\/wp-json\/wp\/v2\/types\/product"}],"wp:featuredmedia":[{"embeddable":true,"href":"https:\/\/www.comprarmejor.es\/en\/wp-json\/wp\/v2\/media\/107108"}],"wp:attachment":[{"href":"https:\/\/www.comprarmejor.es\/en\/wp-json\/wp\/v2\/media?parent=47285"}],"wp:term":[{"taxonomy":"product_brand","embeddable":true,"href":"https:\/\/www.comprarmejor.es\/en\/wp-json\/wp\/v2\/product_brand?post=47285"},{"taxonomy":"product_cat","embeddable":true,"href":"https:\/\/www.comprarmejor.es\/en\/wp-json\/wp\/v2\/product_cat?post=47285"},{"taxonomy":"product_tag","embeddable":true,"href":"https:\/\/www.comprarmejor.es\/en\/wp-json\/wp\/v2\/product_tag?post=47285"}],"curies":[{"name":"wp","href":"https:\/\/api.w.org\/{rel}","templated":true}]}}