{"id":47321,"date":"2015-09-08T18:55:39","date_gmt":"2015-09-08T16:55:39","guid":{"rendered":"https:\/\/www.comprarmejor.es\/producto\/book-of-hours-of-charles-v-c-1516\/"},"modified":"2022-06-17T18:05:54","modified_gmt":"2022-06-17T16:05:54","slug":"book-of-hours-of-charles-v-c-1516","status":"publish","type":"product","link":"https:\/\/www.comprarmejor.es\/en\/product\/book-of-hours-of-charles-v-c-1516\/","title":{"rendered":"Book of Hours of Charles V (Cod. Vind. 1859), c. 1516 (on silk)"},"content":{"rendered":"<p style=\"text-align: justify;\">Small <strong>Book of Hours<\/strong> from the 16th century that belonged to Emperor Charles V and King of Spain, currently in the Austrian National Library with the signature <strong>Codex Vindobonensis 1859<\/strong>. It contains 79 miniatures, 346 drop caps and numerous decorative borders.<\/p>\n<p style=\"text-align: justify;\">Characteristics of this complete facsimile edition made in 1994 jointly by the publishers Casariego and Adeva:<br \/>\nFacsimile format 9 x 16.5 cm. Bound in hard cover lined with blue silk with gilt.<br \/>\nStudy book (ISBN 9788486760373) format 9 x 16.5 cm. 144 pages. Texts in Spanish. Preface by Jos\u00e9 L. Pazos. Text by Heinrich K. Von Liechtenstein, translated by V\u00edctor Mart\u00ednez Lapera.<br \/>\nLimited edition of 995 copies and numbered.<\/p>\n<p style=\"text-align: justify;\">Both books in perfect condition and presented in a small open case for better conservation, 9 x 17 x 6 cm format.<\/p>\n<p style=\"text-align: justify;\">Also available on this same website facsimile copy bound in leather.<\/p>\n<p style=\"text-align: justify;\"><a class=\"btn btn-default\" href=\"https:\/\/www.comprarmejor.es\/en\/contact\"><span class=\"hps\">Ask us<\/span><\/a>\u00a0<span class=\"VIiyi\" lang=\"en\"><span class=\"JLqJ4b\" data-language-for-alternatives=\"en\" data-language-to-translate-into=\"es\" data-phrase-index=\"0\" data-number-of-phrases=\"1\"><span class=\"Q4iAWc\">any doubt you have, indicating the reference of the article.<\/span><\/span><\/span><\/p>\n","protected":false},"excerpt":{"rendered":"<p style=\"text-align: justify;\"><span id=\"result_box\" lang=\"en\" xml:lang=\"en\"><span class=\"hps\">Little Book<\/span> <span class=\"hps\">of<\/span> <span class=\"hps\">Hours<\/span> <span class=\"hps\">was<\/span> <span class=\"hps\">the Emperor Charles<\/span> <span class=\"hps\">V<\/span> <span class=\"hps\">and King of<\/span> <span class=\"hps\">Spain<\/span>, now in <span class=\"hps\">the National Library of<\/span> <span class=\"hps\">Austria<\/span> <span class=\"hps\">under the symbol<\/span> <span class=\"hps\">Codex<\/span> <span class=\"hps\">Vindobonensis<\/span> <span class=\"hps\">1859<\/span>.<\/span><\/p>\n","protected":false},"featured_media":77003,"template":"","meta":[],"product_brand":[],"product_cat":[2226],"product_tag":[5014,4133,5138,5122,5119,5137],"class_list":{"0":"post-47321","1":"product","2":"type-product","3":"status-publish","4":"has-post-thumbnail","6":"product_cat-books-of-hours","7":"product_tag-austria-en","8":"product_tag-casariego-en","9":"product_tag-carlos-en","10":"product_tag-hours-en","11":"product_tag-siloe-en","12":"product_tag-libro-pequeno-en","13":"product_shipping_class-from-0-to-1-kg","14":"description-off","16":"first","17":"instock","18":"sale","19":"taxable","20":"shipping-taxable","21":"purchasable","22":"product-type-simple"},"yoast_head":"<!-- This site is optimized with the Yoast SEO plugin v27.3 - https:\/\/yoast.com\/product\/yoast-seo-wordpress\/ -->\n<title>Book of Hours of Charles V (Cod. Vind. 1859), c. 1516 (on silk)<\/title>\n<meta name=\"description\" content=\"Book of Hours was the Emperor Charles V and King of Spain, now in the National Library of Austria under the symbol Codex Vindobonensis 1859.\" \/>\n<meta name=\"robots\" content=\"index, follow, max-snippet:-1, max-image-preview:large, max-video-preview:-1\" \/>\n<link rel=\"canonical\" href=\"https:\/\/www.comprarmejor.es\/en\/product\/book-of-hours-of-charles-v-c-1516\/\" \/>\n<meta property=\"og:locale\" content=\"en_US\" \/>\n<meta property=\"og:type\" content=\"article\" \/>\n<meta property=\"og:title\" content=\"Book of Hours of Charles V (Cod. Vind. 1859), c. 1516 (on silk)\" \/>\n<meta property=\"og:description\" content=\"Book of Hours was the Emperor Charles V and King of Spain, now in the National Library of Austria under the symbol Codex Vindobonensis 1859.\" \/>\n<meta property=\"og:url\" content=\"https:\/\/www.comprarmejor.es\/en\/product\/book-of-hours-of-charles-v-c-1516\/\" \/>\n<meta property=\"og:site_name\" content=\"ComprarMejor\" \/>\n<meta property=\"article:modified_time\" content=\"2022-06-17T16:05:54+00:00\" \/>\n<meta property=\"og:image\" content=\"https:\/\/www.comprarmejor.es\/wp-content\/uploads\/2015\/09\/DSC06375.jpg\" \/>\n\t<meta property=\"og:image:width\" content=\"517\" \/>\n\t<meta property=\"og:image:height\" content=\"600\" \/>\n\t<meta property=\"og:image:type\" content=\"image\/jpeg\" \/>\n<meta name=\"twitter:card\" content=\"summary_large_image\" \/>\n<meta name=\"twitter:label1\" content=\"Est. reading time\" \/>\n\t<meta name=\"twitter:data1\" content=\"1 minute\" \/>\n<script type=\"application\/ld+json\" class=\"yoast-schema-graph\">{\"@context\":\"https:\\\/\\\/schema.org\",\"@graph\":[{\"@type\":\"WebPage\",\"@id\":\"https:\\\/\\\/www.comprarmejor.es\\\/en\\\/product\\\/book-of-hours-of-charles-v-c-1516\\\/\",\"url\":\"https:\\\/\\\/www.comprarmejor.es\\\/en\\\/product\\\/book-of-hours-of-charles-v-c-1516\\\/\",\"name\":\"Book of Hours of Charles V (Cod. Vind. 1859), c. 1516 (on silk)\",\"isPartOf\":{\"@id\":\"https:\\\/\\\/www.comprarmejor.es\\\/en\\\/#website\"},\"primaryImageOfPage\":{\"@id\":\"https:\\\/\\\/www.comprarmejor.es\\\/en\\\/product\\\/book-of-hours-of-charles-v-c-1516\\\/#primaryimage\"},\"image\":{\"@id\":\"https:\\\/\\\/www.comprarmejor.es\\\/en\\\/product\\\/book-of-hours-of-charles-v-c-1516\\\/#primaryimage\"},\"thumbnailUrl\":\"https:\\\/\\\/www.comprarmejor.es\\\/wp-content\\\/uploads\\\/2015\\\/09\\\/DSC06375.jpg\",\"datePublished\":\"2015-09-08T16:55:39+00:00\",\"dateModified\":\"2022-06-17T16:05:54+00:00\",\"description\":\"Book of Hours was the Emperor Charles V and King of Spain, now in the National Library of Austria under the symbol Codex Vindobonensis 1859.\",\"breadcrumb\":{\"@id\":\"https:\\\/\\\/www.comprarmejor.es\\\/en\\\/product\\\/book-of-hours-of-charles-v-c-1516\\\/#breadcrumb\"},\"inLanguage\":\"en-US\",\"potentialAction\":[{\"@type\":\"ReadAction\",\"target\":[\"https:\\\/\\\/www.comprarmejor.es\\\/en\\\/product\\\/book-of-hours-of-charles-v-c-1516\\\/\"]}]},{\"@type\":\"ImageObject\",\"inLanguage\":\"en-US\",\"@id\":\"https:\\\/\\\/www.comprarmejor.es\\\/en\\\/product\\\/book-of-hours-of-charles-v-c-1516\\\/#primaryimage\",\"url\":\"https:\\\/\\\/www.comprarmejor.es\\\/wp-content\\\/uploads\\\/2015\\\/09\\\/DSC06375.jpg\",\"contentUrl\":\"https:\\\/\\\/www.comprarmejor.es\\\/wp-content\\\/uploads\\\/2015\\\/09\\\/DSC06375.jpg\",\"width\":517,\"height\":600},{\"@type\":\"BreadcrumbList\",\"@id\":\"https:\\\/\\\/www.comprarmejor.es\\\/en\\\/product\\\/book-of-hours-of-charles-v-c-1516\\\/#breadcrumb\",\"itemListElement\":[{\"@type\":\"ListItem\",\"position\":1,\"name\":\"Portada\",\"item\":\"https:\\\/\\\/www.comprarmejor.es\\\/en\\\/\"},{\"@type\":\"ListItem\",\"position\":2,\"name\":\"Shop\",\"item\":\"https:\\\/\\\/www.comprarmejor.es\\\/en\\\/shop\\\/\"},{\"@type\":\"ListItem\",\"position\":3,\"name\":\"Book of Hours of Charles V (Cod. Vind. 1859), c. 1516 (on silk)\"}]},{\"@type\":\"WebSite\",\"@id\":\"https:\\\/\\\/www.comprarmejor.es\\\/en\\\/#website\",\"url\":\"https:\\\/\\\/www.comprarmejor.es\\\/en\\\/\",\"name\":\"ComprarMejor\",\"description\":\"ComprarMejor\",\"publisher\":{\"@id\":\"https:\\\/\\\/www.comprarmejor.es\\\/en\\\/#organization\"},\"potentialAction\":[{\"@type\":\"SearchAction\",\"target\":{\"@type\":\"EntryPoint\",\"urlTemplate\":\"https:\\\/\\\/www.comprarmejor.es\\\/en\\\/?s={search_term_string}\"},\"query-input\":{\"@type\":\"PropertyValueSpecification\",\"valueRequired\":true,\"valueName\":\"search_term_string\"}}],\"inLanguage\":\"en-US\"},{\"@type\":\"Organization\",\"@id\":\"https:\\\/\\\/www.comprarmejor.es\\\/en\\\/#organization\",\"name\":\"COMPRAR MEJOR\",\"url\":\"https:\\\/\\\/www.comprarmejor.es\\\/en\\\/\",\"logo\":{\"@type\":\"ImageObject\",\"inLanguage\":\"en-US\",\"@id\":\"https:\\\/\\\/www.comprarmejor.es\\\/en\\\/#\\\/schema\\\/logo\\\/image\\\/\",\"url\":\"https:\\\/\\\/www.comprarmejor.es\\\/wp-content\\\/uploads\\\/2025\\\/09\\\/comprarmejortrinidad.jpg\",\"contentUrl\":\"https:\\\/\\\/www.comprarmejor.es\\\/wp-content\\\/uploads\\\/2025\\\/09\\\/comprarmejortrinidad.jpg\",\"width\":1022,\"height\":1380,\"caption\":\"COMPRAR MEJOR\"},\"image\":{\"@id\":\"https:\\\/\\\/www.comprarmejor.es\\\/en\\\/#\\\/schema\\\/logo\\\/image\\\/\"},\"sameAs\":[\"https:\\\/\\\/www.instagram.com\\\/amigosdelcodice\"]}]}<\/script>\n<!-- \/ Yoast SEO plugin. -->","yoast_head_json":{"title":"Book of Hours of Charles V (Cod. Vind. 1859), c. 1516 (on silk)","description":"Book of Hours was the Emperor Charles V and King of Spain, now in the National Library of Austria under the symbol Codex Vindobonensis 1859.","robots":{"index":"index","follow":"follow","max-snippet":"max-snippet:-1","max-image-preview":"max-image-preview:large","max-video-preview":"max-video-preview:-1"},"canonical":"https:\/\/www.comprarmejor.es\/en\/product\/book-of-hours-of-charles-v-c-1516\/","og_locale":"en_US","og_type":"article","og_title":"Book of Hours of Charles V (Cod. Vind. 1859), c. 1516 (on silk)","og_description":"Book of Hours was the Emperor Charles V and King of Spain, now in the National Library of Austria under the symbol Codex Vindobonensis 1859.","og_url":"https:\/\/www.comprarmejor.es\/en\/product\/book-of-hours-of-charles-v-c-1516\/","og_site_name":"ComprarMejor","article_modified_time":"2022-06-17T16:05:54+00:00","og_image":[{"width":517,"height":600,"url":"https:\/\/www.comprarmejor.es\/wp-content\/uploads\/2015\/09\/DSC06375.jpg","type":"image\/jpeg"}],"twitter_card":"summary_large_image","twitter_misc":{"Est. reading time":"1 minute"},"schema":{"@context":"https:\/\/schema.org","@graph":[{"@type":"WebPage","@id":"https:\/\/www.comprarmejor.es\/en\/product\/book-of-hours-of-charles-v-c-1516\/","url":"https:\/\/www.comprarmejor.es\/en\/product\/book-of-hours-of-charles-v-c-1516\/","name":"Book of Hours of Charles V (Cod. Vind. 1859), c. 1516 (on silk)","isPartOf":{"@id":"https:\/\/www.comprarmejor.es\/en\/#website"},"primaryImageOfPage":{"@id":"https:\/\/www.comprarmejor.es\/en\/product\/book-of-hours-of-charles-v-c-1516\/#primaryimage"},"image":{"@id":"https:\/\/www.comprarmejor.es\/en\/product\/book-of-hours-of-charles-v-c-1516\/#primaryimage"},"thumbnailUrl":"https:\/\/www.comprarmejor.es\/wp-content\/uploads\/2015\/09\/DSC06375.jpg","datePublished":"2015-09-08T16:55:39+00:00","dateModified":"2022-06-17T16:05:54+00:00","description":"Book of Hours was the Emperor Charles V and King of Spain, now in the National Library of Austria under the symbol Codex Vindobonensis 1859.","breadcrumb":{"@id":"https:\/\/www.comprarmejor.es\/en\/product\/book-of-hours-of-charles-v-c-1516\/#breadcrumb"},"inLanguage":"en-US","potentialAction":[{"@type":"ReadAction","target":["https:\/\/www.comprarmejor.es\/en\/product\/book-of-hours-of-charles-v-c-1516\/"]}]},{"@type":"ImageObject","inLanguage":"en-US","@id":"https:\/\/www.comprarmejor.es\/en\/product\/book-of-hours-of-charles-v-c-1516\/#primaryimage","url":"https:\/\/www.comprarmejor.es\/wp-content\/uploads\/2015\/09\/DSC06375.jpg","contentUrl":"https:\/\/www.comprarmejor.es\/wp-content\/uploads\/2015\/09\/DSC06375.jpg","width":517,"height":600},{"@type":"BreadcrumbList","@id":"https:\/\/www.comprarmejor.es\/en\/product\/book-of-hours-of-charles-v-c-1516\/#breadcrumb","itemListElement":[{"@type":"ListItem","position":1,"name":"Portada","item":"https:\/\/www.comprarmejor.es\/en\/"},{"@type":"ListItem","position":2,"name":"Shop","item":"https:\/\/www.comprarmejor.es\/en\/shop\/"},{"@type":"ListItem","position":3,"name":"Book of Hours of Charles V (Cod. Vind. 1859), c. 1516 (on silk)"}]},{"@type":"WebSite","@id":"https:\/\/www.comprarmejor.es\/en\/#website","url":"https:\/\/www.comprarmejor.es\/en\/","name":"ComprarMejor","description":"ComprarMejor","publisher":{"@id":"https:\/\/www.comprarmejor.es\/en\/#organization"},"potentialAction":[{"@type":"SearchAction","target":{"@type":"EntryPoint","urlTemplate":"https:\/\/www.comprarmejor.es\/en\/?s={search_term_string}"},"query-input":{"@type":"PropertyValueSpecification","valueRequired":true,"valueName":"search_term_string"}}],"inLanguage":"en-US"},{"@type":"Organization","@id":"https:\/\/www.comprarmejor.es\/en\/#organization","name":"COMPRAR MEJOR","url":"https:\/\/www.comprarmejor.es\/en\/","logo":{"@type":"ImageObject","inLanguage":"en-US","@id":"https:\/\/www.comprarmejor.es\/en\/#\/schema\/logo\/image\/","url":"https:\/\/www.comprarmejor.es\/wp-content\/uploads\/2025\/09\/comprarmejortrinidad.jpg","contentUrl":"https:\/\/www.comprarmejor.es\/wp-content\/uploads\/2025\/09\/comprarmejortrinidad.jpg","width":1022,"height":1380,"caption":"COMPRAR MEJOR"},"image":{"@id":"https:\/\/www.comprarmejor.es\/en\/#\/schema\/logo\/image\/"},"sameAs":["https:\/\/www.instagram.com\/amigosdelcodice"]}]}},"_links":{"self":[{"href":"https:\/\/www.comprarmejor.es\/en\/wp-json\/wp\/v2\/product\/47321","targetHints":{"allow":["GET"]}}],"collection":[{"href":"https:\/\/www.comprarmejor.es\/en\/wp-json\/wp\/v2\/product"}],"about":[{"href":"https:\/\/www.comprarmejor.es\/en\/wp-json\/wp\/v2\/types\/product"}],"wp:featuredmedia":[{"embeddable":true,"href":"https:\/\/www.comprarmejor.es\/en\/wp-json\/wp\/v2\/media\/77003"}],"wp:attachment":[{"href":"https:\/\/www.comprarmejor.es\/en\/wp-json\/wp\/v2\/media?parent=47321"}],"wp:term":[{"taxonomy":"product_brand","embeddable":true,"href":"https:\/\/www.comprarmejor.es\/en\/wp-json\/wp\/v2\/product_brand?post=47321"},{"taxonomy":"product_cat","embeddable":true,"href":"https:\/\/www.comprarmejor.es\/en\/wp-json\/wp\/v2\/product_cat?post=47321"},{"taxonomy":"product_tag","embeddable":true,"href":"https:\/\/www.comprarmejor.es\/en\/wp-json\/wp\/v2\/product_tag?post=47321"}],"curies":[{"name":"wp","href":"https:\/\/api.w.org\/{rel}","templated":true}]}}