{"id":47331,"date":"2015-09-09T11:00:21","date_gmt":"2015-09-09T09:00:21","guid":{"rendered":"https:\/\/www.comprarmejor.es\/producto\/egypt-in-1000-photos\/"},"modified":"2019-09-08T12:47:41","modified_gmt":"2019-09-08T10:47:41","slug":"egypt-in-1000-photos","status":"publish","type":"product","link":"https:\/\/www.comprarmejor.es\/en\/product\/egypt-in-1000-photos\/","title":{"rendered":"Egypt in 1000 photos"},"content":{"rendered":"<p style=\"text-align:justify;\"><span id=\"result_box\" lang=\"en\" xml:lang=\"en\"><span title=\"TH\u00cbRIAKA Y ALEXIPHARMAKA, NICANDRO\"><span lang=\"en\" xml:lang=\"en\"><span title=\"Edici\u00f3n espa\u00f1ola de 2005 del libro \u00e1lbum fotogr\u00e1fico sobre Egipto.\">Spanish 2005 edition of the book photo album on Egypt. <\/span><span title=\"Gran formato 23,5 x 31,3 cm.\">Large format 23.5 x 31.3 cm. <\/span><span title=\"128 p\u00e1ginas con mil ilustraciones.\">128 thousand pages with illustrations. <\/span><span title=\"Tapa dura con sobrecubierta.\">Hardcover with jacket.<\/p>\n<p><\/span><span title=\"Redescubierto por los arque\u00f3logos en el siglo XIX, Egipto nunca ha dejado de ejercer su atracci\u00f3n sobre los viajeros.\">Rediscovered by archaeologists in the nineteenth century, Egypt has never ceased their attraction for travelers. <\/span><span title=\"Una civilizaci\u00f3n varias veces milenaria, magn\u00edfica por sus jerogl\u00edficos y la riqueza de su mitolog\u00eda, que yace en el coraz\u00f3n de la historia de la humanidad.\">A several thousand years old civilization, excellent for their hieroglyphics and its rich mythology, which lies at the heart of the history of mankind. <\/span><span title=\"De Luxor a Asu\u00e1n, de Alejandr\u00eda a El Cairo, el esplendor de los faraones queda marcado para siempre en la desmesura de sus pir\u00e1mides y en la profusi\u00f3n de sus templos.\">Luxor to Aswan, Alexandria to Cairo, the splendor of the pharaohs is marked forever in the excess of their pyramids and the profusion of temples.<\/p>\n<p><\/span><span title=\"Este libro recorre el Egipto grecorromano de los Ptolomeo, el Egipto cristiano de los Coptos y hasta el Egipto isl\u00e1mico que, desde los Memelucos hasta el gran Estado moderno actual, destaca como un faro en la complejidad del mundo \u00e1rabe.\">This book traces the Greco-Roman Egypt of Ptolemy, the Christian Copts of Egypt and even Islamic Egypt, from Memelucos to the great current modern state, stands out as a beacon in the complexity of the Arab world.<\/p>\n<p><\/span><span title=\"Mil fotos, mil facetas de un pa\u00eds fascinante.\">Thousand pictures, a thousand facets of a fascinating country. <\/span><span title=\"Un viaje que os llevar\u00e1 sobre las riberas eternas del Nilo, por la animaci\u00f3n de los zocos y la intimidad de los caf\u00e9s, bajo la luz de los desiertos y la transparencia de los fondos marinos del mar Rojo.\">A trip that will take on the eternal banks of the Nile, by the bustle of the souks and the intimacy of the cafes, in the light of the deserts and the transparency of the seabed of the Red Sea. <\/span><span title=\"Una fuente inacabable de descubrimientos y maravillas.\">An endless source of discoveries and wonders.<\/span><\/span><\/p>\n<p><\/span><span title=\"Gastos de env\u00edo por cuenta del comprador, seg\u00fan pedido y destino.\">Shipping by the buyer, upon request and destination.\u00a0<\/span><span title=\"Cons\u00faltenos cualquier duda.\"><a class=\"btn btn-default\" href=\"http:\/\/comprarmejor.es\/en\/contact\">Ask us<\/a> any <span lang=\"en\" xml:lang=\"en\"><span title=\"Cons\u00faltenos cualquier duda, as\u00ed como por cualquier otro art\u00edculo que est\u00e9 buscando.\">questions, as well as any other items you are seeking.<\/span><\/span><\/span><\/span><\/p>\n","protected":false},"excerpt":{"rendered":"<p style=\"text-align:justify;\"><span id=\"result_box\" lang=\"en\" xml:lang=\"en\"><span title=\"SE VENDE el lote COMPLETO, aunque se puede estudiar la venta de ejemplares sueltos.\"><span lang=\"en\" xml:lang=\"en\"><span title=\"Edici\u00f3n espa\u00f1ola de 2005 del libro \u00e1lbum fotogr\u00e1fico sobre Egipto.\">Spanish 2005 edition of the book photo album on Egypt. <\/span><span title=\"Gran formato 23,5 x 31,3 cm.\">Large format 23.5 x 31.3 cm. <\/span><span title=\"128 p\u00e1ginas con mil ilustraciones.\">128 thousand pages with illustrations. <\/span><span title=\"Tapa dura con sobrecubierta.\">Hardcover with jacket.<\/span><\/span><\/span><\/span><\/p>\n","protected":false},"featured_media":47323,"template":"","meta":[],"product_brand":[],"product_cat":[2256,2230],"product_tag":[],"class_list":{"0":"post-47331","1":"product","2":"type-product","3":"status-publish","4":"has-post-thumbnail","6":"product_cat-books-in-general","7":"product_cat-egyptomania","8":"product_shipping_class-from-0-to-1-kg","9":"description-off","11":"first","12":"instock","13":"sale","14":"taxable","15":"shipping-taxable","16":"purchasable","17":"product-type-simple"},"yoast_head":"<!-- This site is optimized with the Yoast SEO plugin v27.3 - https:\/\/yoast.com\/product\/yoast-seo-wordpress\/ -->\n<title>Egypt in 1000 photos<\/title>\n<meta name=\"description\" content=\"Spanish 2005 edition of the book photo album on Egypt. Large format 23.5 x 31.3 cm. 128 thousand pages with illustrations. Hardcover with jacket.\" \/>\n<meta name=\"robots\" content=\"index, follow, max-snippet:-1, max-image-preview:large, max-video-preview:-1\" \/>\n<link rel=\"canonical\" href=\"https:\/\/www.comprarmejor.es\/en\/product\/egypt-in-1000-photos\/\" \/>\n<meta property=\"og:locale\" content=\"en_US\" \/>\n<meta property=\"og:type\" content=\"article\" \/>\n<meta property=\"og:title\" content=\"Egypt in 1000 photos\" \/>\n<meta property=\"og:description\" content=\"Spanish 2005 edition of the book photo album on Egypt. Large format 23.5 x 31.3 cm. 128 thousand pages with illustrations. Hardcover with jacket.\" \/>\n<meta property=\"og:url\" content=\"https:\/\/www.comprarmejor.es\/en\/product\/egypt-in-1000-photos\/\" \/>\n<meta property=\"og:site_name\" content=\"ComprarMejor\" \/>\n<meta property=\"article:modified_time\" content=\"2019-09-08T10:47:41+00:00\" \/>\n<meta property=\"og:image\" content=\"https:\/\/www.comprarmejor.es\/wp-content\/uploads\/2015\/09\/p_7_1_5_8_7158-Egipto-en-1000-fotos.jpg\" \/>\n\t<meta property=\"og:image:width\" content=\"457\" \/>\n\t<meta property=\"og:image:height\" content=\"596\" \/>\n\t<meta property=\"og:image:type\" content=\"image\/jpeg\" \/>\n<meta name=\"twitter:card\" content=\"summary_large_image\" \/>\n<meta name=\"twitter:label1\" content=\"Est. reading time\" \/>\n\t<meta name=\"twitter:data1\" content=\"1 minute\" \/>\n<script type=\"application\/ld+json\" class=\"yoast-schema-graph\">{\"@context\":\"https:\\\/\\\/schema.org\",\"@graph\":[{\"@type\":\"WebPage\",\"@id\":\"https:\\\/\\\/www.comprarmejor.es\\\/en\\\/product\\\/egypt-in-1000-photos\\\/\",\"url\":\"https:\\\/\\\/www.comprarmejor.es\\\/en\\\/product\\\/egypt-in-1000-photos\\\/\",\"name\":\"Egypt in 1000 photos\",\"isPartOf\":{\"@id\":\"https:\\\/\\\/www.comprarmejor.es\\\/en\\\/#website\"},\"primaryImageOfPage\":{\"@id\":\"https:\\\/\\\/www.comprarmejor.es\\\/en\\\/product\\\/egypt-in-1000-photos\\\/#primaryimage\"},\"image\":{\"@id\":\"https:\\\/\\\/www.comprarmejor.es\\\/en\\\/product\\\/egypt-in-1000-photos\\\/#primaryimage\"},\"thumbnailUrl\":\"https:\\\/\\\/www.comprarmejor.es\\\/wp-content\\\/uploads\\\/2015\\\/09\\\/p_7_1_5_8_7158-Egipto-en-1000-fotos.jpg\",\"datePublished\":\"2015-09-09T09:00:21+00:00\",\"dateModified\":\"2019-09-08T10:47:41+00:00\",\"description\":\"Spanish 2005 edition of the book photo album on Egypt. Large format 23.5 x 31.3 cm. 128 thousand pages with illustrations. Hardcover with jacket.\",\"breadcrumb\":{\"@id\":\"https:\\\/\\\/www.comprarmejor.es\\\/en\\\/product\\\/egypt-in-1000-photos\\\/#breadcrumb\"},\"inLanguage\":\"en-US\",\"potentialAction\":[{\"@type\":\"ReadAction\",\"target\":[\"https:\\\/\\\/www.comprarmejor.es\\\/en\\\/product\\\/egypt-in-1000-photos\\\/\"]}]},{\"@type\":\"ImageObject\",\"inLanguage\":\"en-US\",\"@id\":\"https:\\\/\\\/www.comprarmejor.es\\\/en\\\/product\\\/egypt-in-1000-photos\\\/#primaryimage\",\"url\":\"https:\\\/\\\/www.comprarmejor.es\\\/wp-content\\\/uploads\\\/2015\\\/09\\\/p_7_1_5_8_7158-Egipto-en-1000-fotos.jpg\",\"contentUrl\":\"https:\\\/\\\/www.comprarmejor.es\\\/wp-content\\\/uploads\\\/2015\\\/09\\\/p_7_1_5_8_7158-Egipto-en-1000-fotos.jpg\",\"width\":457,\"height\":596},{\"@type\":\"BreadcrumbList\",\"@id\":\"https:\\\/\\\/www.comprarmejor.es\\\/en\\\/product\\\/egypt-in-1000-photos\\\/#breadcrumb\",\"itemListElement\":[{\"@type\":\"ListItem\",\"position\":1,\"name\":\"Portada\",\"item\":\"https:\\\/\\\/www.comprarmejor.es\\\/en\\\/\"},{\"@type\":\"ListItem\",\"position\":2,\"name\":\"Shop\",\"item\":\"https:\\\/\\\/www.comprarmejor.es\\\/en\\\/shop\\\/\"},{\"@type\":\"ListItem\",\"position\":3,\"name\":\"Egypt in 1000 photos\"}]},{\"@type\":\"WebSite\",\"@id\":\"https:\\\/\\\/www.comprarmejor.es\\\/en\\\/#website\",\"url\":\"https:\\\/\\\/www.comprarmejor.es\\\/en\\\/\",\"name\":\"ComprarMejor\",\"description\":\"ComprarMejor\",\"publisher\":{\"@id\":\"https:\\\/\\\/www.comprarmejor.es\\\/en\\\/#organization\"},\"potentialAction\":[{\"@type\":\"SearchAction\",\"target\":{\"@type\":\"EntryPoint\",\"urlTemplate\":\"https:\\\/\\\/www.comprarmejor.es\\\/en\\\/?s={search_term_string}\"},\"query-input\":{\"@type\":\"PropertyValueSpecification\",\"valueRequired\":true,\"valueName\":\"search_term_string\"}}],\"inLanguage\":\"en-US\"},{\"@type\":\"Organization\",\"@id\":\"https:\\\/\\\/www.comprarmejor.es\\\/en\\\/#organization\",\"name\":\"COMPRAR MEJOR\",\"url\":\"https:\\\/\\\/www.comprarmejor.es\\\/en\\\/\",\"logo\":{\"@type\":\"ImageObject\",\"inLanguage\":\"en-US\",\"@id\":\"https:\\\/\\\/www.comprarmejor.es\\\/en\\\/#\\\/schema\\\/logo\\\/image\\\/\",\"url\":\"https:\\\/\\\/www.comprarmejor.es\\\/wp-content\\\/uploads\\\/2025\\\/09\\\/comprarmejortrinidad.jpg\",\"contentUrl\":\"https:\\\/\\\/www.comprarmejor.es\\\/wp-content\\\/uploads\\\/2025\\\/09\\\/comprarmejortrinidad.jpg\",\"width\":1022,\"height\":1380,\"caption\":\"COMPRAR MEJOR\"},\"image\":{\"@id\":\"https:\\\/\\\/www.comprarmejor.es\\\/en\\\/#\\\/schema\\\/logo\\\/image\\\/\"},\"sameAs\":[\"https:\\\/\\\/www.instagram.com\\\/amigosdelcodice\"]}]}<\/script>\n<!-- \/ Yoast SEO plugin. -->","yoast_head_json":{"title":"Egypt in 1000 photos","description":"Spanish 2005 edition of the book photo album on Egypt. Large format 23.5 x 31.3 cm. 128 thousand pages with illustrations. Hardcover with jacket.","robots":{"index":"index","follow":"follow","max-snippet":"max-snippet:-1","max-image-preview":"max-image-preview:large","max-video-preview":"max-video-preview:-1"},"canonical":"https:\/\/www.comprarmejor.es\/en\/product\/egypt-in-1000-photos\/","og_locale":"en_US","og_type":"article","og_title":"Egypt in 1000 photos","og_description":"Spanish 2005 edition of the book photo album on Egypt. Large format 23.5 x 31.3 cm. 128 thousand pages with illustrations. Hardcover with jacket.","og_url":"https:\/\/www.comprarmejor.es\/en\/product\/egypt-in-1000-photos\/","og_site_name":"ComprarMejor","article_modified_time":"2019-09-08T10:47:41+00:00","og_image":[{"width":457,"height":596,"url":"https:\/\/www.comprarmejor.es\/wp-content\/uploads\/2015\/09\/p_7_1_5_8_7158-Egipto-en-1000-fotos.jpg","type":"image\/jpeg"}],"twitter_card":"summary_large_image","twitter_misc":{"Est. reading time":"1 minute"},"schema":{"@context":"https:\/\/schema.org","@graph":[{"@type":"WebPage","@id":"https:\/\/www.comprarmejor.es\/en\/product\/egypt-in-1000-photos\/","url":"https:\/\/www.comprarmejor.es\/en\/product\/egypt-in-1000-photos\/","name":"Egypt in 1000 photos","isPartOf":{"@id":"https:\/\/www.comprarmejor.es\/en\/#website"},"primaryImageOfPage":{"@id":"https:\/\/www.comprarmejor.es\/en\/product\/egypt-in-1000-photos\/#primaryimage"},"image":{"@id":"https:\/\/www.comprarmejor.es\/en\/product\/egypt-in-1000-photos\/#primaryimage"},"thumbnailUrl":"https:\/\/www.comprarmejor.es\/wp-content\/uploads\/2015\/09\/p_7_1_5_8_7158-Egipto-en-1000-fotos.jpg","datePublished":"2015-09-09T09:00:21+00:00","dateModified":"2019-09-08T10:47:41+00:00","description":"Spanish 2005 edition of the book photo album on Egypt. Large format 23.5 x 31.3 cm. 128 thousand pages with illustrations. Hardcover with jacket.","breadcrumb":{"@id":"https:\/\/www.comprarmejor.es\/en\/product\/egypt-in-1000-photos\/#breadcrumb"},"inLanguage":"en-US","potentialAction":[{"@type":"ReadAction","target":["https:\/\/www.comprarmejor.es\/en\/product\/egypt-in-1000-photos\/"]}]},{"@type":"ImageObject","inLanguage":"en-US","@id":"https:\/\/www.comprarmejor.es\/en\/product\/egypt-in-1000-photos\/#primaryimage","url":"https:\/\/www.comprarmejor.es\/wp-content\/uploads\/2015\/09\/p_7_1_5_8_7158-Egipto-en-1000-fotos.jpg","contentUrl":"https:\/\/www.comprarmejor.es\/wp-content\/uploads\/2015\/09\/p_7_1_5_8_7158-Egipto-en-1000-fotos.jpg","width":457,"height":596},{"@type":"BreadcrumbList","@id":"https:\/\/www.comprarmejor.es\/en\/product\/egypt-in-1000-photos\/#breadcrumb","itemListElement":[{"@type":"ListItem","position":1,"name":"Portada","item":"https:\/\/www.comprarmejor.es\/en\/"},{"@type":"ListItem","position":2,"name":"Shop","item":"https:\/\/www.comprarmejor.es\/en\/shop\/"},{"@type":"ListItem","position":3,"name":"Egypt in 1000 photos"}]},{"@type":"WebSite","@id":"https:\/\/www.comprarmejor.es\/en\/#website","url":"https:\/\/www.comprarmejor.es\/en\/","name":"ComprarMejor","description":"ComprarMejor","publisher":{"@id":"https:\/\/www.comprarmejor.es\/en\/#organization"},"potentialAction":[{"@type":"SearchAction","target":{"@type":"EntryPoint","urlTemplate":"https:\/\/www.comprarmejor.es\/en\/?s={search_term_string}"},"query-input":{"@type":"PropertyValueSpecification","valueRequired":true,"valueName":"search_term_string"}}],"inLanguage":"en-US"},{"@type":"Organization","@id":"https:\/\/www.comprarmejor.es\/en\/#organization","name":"COMPRAR MEJOR","url":"https:\/\/www.comprarmejor.es\/en\/","logo":{"@type":"ImageObject","inLanguage":"en-US","@id":"https:\/\/www.comprarmejor.es\/en\/#\/schema\/logo\/image\/","url":"https:\/\/www.comprarmejor.es\/wp-content\/uploads\/2025\/09\/comprarmejortrinidad.jpg","contentUrl":"https:\/\/www.comprarmejor.es\/wp-content\/uploads\/2025\/09\/comprarmejortrinidad.jpg","width":1022,"height":1380,"caption":"COMPRAR MEJOR"},"image":{"@id":"https:\/\/www.comprarmejor.es\/en\/#\/schema\/logo\/image\/"},"sameAs":["https:\/\/www.instagram.com\/amigosdelcodice"]}]}},"_links":{"self":[{"href":"https:\/\/www.comprarmejor.es\/en\/wp-json\/wp\/v2\/product\/47331","targetHints":{"allow":["GET"]}}],"collection":[{"href":"https:\/\/www.comprarmejor.es\/en\/wp-json\/wp\/v2\/product"}],"about":[{"href":"https:\/\/www.comprarmejor.es\/en\/wp-json\/wp\/v2\/types\/product"}],"wp:featuredmedia":[{"embeddable":true,"href":"https:\/\/www.comprarmejor.es\/en\/wp-json\/wp\/v2\/media\/47323"}],"wp:attachment":[{"href":"https:\/\/www.comprarmejor.es\/en\/wp-json\/wp\/v2\/media?parent=47331"}],"wp:term":[{"taxonomy":"product_brand","embeddable":true,"href":"https:\/\/www.comprarmejor.es\/en\/wp-json\/wp\/v2\/product_brand?post=47331"},{"taxonomy":"product_cat","embeddable":true,"href":"https:\/\/www.comprarmejor.es\/en\/wp-json\/wp\/v2\/product_cat?post=47331"},{"taxonomy":"product_tag","embeddable":true,"href":"https:\/\/www.comprarmejor.es\/en\/wp-json\/wp\/v2\/product_tag?post=47331"}],"curies":[{"name":"wp","href":"https:\/\/api.w.org\/{rel}","templated":true}]}}