{"id":47357,"date":"2015-09-09T12:06:28","date_gmt":"2015-09-09T10:06:28","guid":{"rendered":"https:\/\/www.comprarmejor.es\/producto\/book-of-hours-of-the-medici-c-1518-mini-book\/"},"modified":"2026-04-30T13:08:44","modified_gmt":"2026-04-30T11:08:44","slug":"book-of-hours-of-the-medici-c-1518-mini-book","status":"publish","type":"product","link":"https:\/\/www.comprarmejor.es\/en\/product\/book-of-hours-of-the-medici-c-1518-mini-book\/","title":{"rendered":"Book of Hours of the Medici, c. 1518 (mini book)"},"content":{"rendered":"<p style=\"text-align: justify;\"><span class=\"HwtZe\" lang=\"en\"><span class=\"jCAhz ChMk0b\"><span class=\"ryNqvb\">ARTICLE FOR INFORMATIONAL PURPOSES ONLY<\/span><\/span><\/span><\/p>\n<p style=\"text-align: justify;\"><span id=\"result_box\" lang=\"en\" xml:lang=\"en\"><span title=\"Edici\u00f3n facs\u00edmile del c\u00f3dice LIBRO DE HORAS DE LOS M\u00c9DICIS, cuyo original se conserva en la Biblioteca de la Fundaci\u00f3n L\u00e1zaro Galdiano, en Madrid (ms. 15512).\">Facsimile edition of the manuscript Book of Hours of the Medici, original of which is preserved in the Library of the L\u00e1zaro Galdiano Foundation in Madrid (ms. 15512).<\/span><\/span><\/p>\n<p style=\"text-align: justify;\"><span title=\"Fue encargado por el Papa Le\u00f3n X para que sirviera como regalo de boda a su sobrino Lorenzo II el Joven con Magdalena de la Tour.\">It was commissioned by Pope Leo X to serve as a wedding gift to his nephew Lorenzo II Young Magdalena de la Tour. <\/span><span title=\"Su iluminaci\u00f3n la realizaron, hacia 1518, algunos de los m\u00e1s prestigiosos miniaturistas florentinos de comienzos del siglo XVI: Giovanni di Giualiano Boccardi, Boccardino el Viejo, su hijo Francesco di Giovanni Boccardi, Boccardino el Joven y Stefano di Tommaso de Giovanni (Lunetti).\">The lighting was conducted by, around 1518, some of the most prestigious Florentine miniaturists of the early sixteenth century Giovanni di Giualiano Boccardi, Boccardino the Elder, his son Francesco di Giovanni Boccardi, Boccardino the young Stefano di Giovanni Tommaso (Lunetti). <\/span><span title=\"Por ello, a este c\u00f3dice tambi\u00e9n se lo conoce como Boccardino Codex.\">Therefore, this codex also known as Boccardino Codex. <\/span><span title=\"Se trata de un singular capricho bibliogr\u00e1fico, tanto por sus reducidas dimensiones, como por su exquisita decoraci\u00f3n, que lo convierten en una importante pieza para cualquier bibli\u00f3filo que se precie.\">This is a unique bibliographic whim, hence its small size, and its exquisite decor, making it an important part for any self-respecting bibliophile. <\/span><span title=\"Un bello y exclusivo ejemplar que bien pudiera servir nuevamente como un elegante prestigioso regalo de bodas.\">A beautiful and unique copy which again could well serve as a prestigious elegant wedding gift.<\/span><\/p>\n<p style=\"text-align: justify;\"><span title=\"Esta edici\u00f3n facs\u00edmile reproduce fiel e \u00edntegramente en todos sus detalles el original manuscrito, y fue realizada en Madrid en 1994 por la editorial Testimonio, con el Patronazgo del Secretario General del Consejo de Europa.\">This facsimile edition reproduces faithfully and fully in detail the original manuscript, and was held in Madrid in 1994 by publishing Testimony, with the patronage of the Secretary General of the Council of Europe. <\/span><span title=\"La edici\u00f3n, limitada a 980 ejemplares \u00fanicos, se compone de un estuche de terciopelo fino azul conteniendo en su interior un ejemplar numerado del c\u00f3dice, acompa\u00f1ado de una peque\u00f1a lupa en plata vieja repujada, de un libro estudio realizado por Juana Hidalgo Ogayar, Profesora Titular\">The limited to only 980 copies, editing consists of a thin blue velvet case containing within a numbered copy of the codex, accompanied by a small magnifying glass old embossed silver, a book study Ogayar Juana Hidalgo, Professor <\/span><span title=\"de Historia del Arte en la Universidad de Alcal\u00e1 de Henares, y del correspondiente Certificado oficial del n\u00famero de ejemplar.\">Art History at the University of Alcala de Henares, and the corresponding official certificate copy number.<\/span><\/p>\n<p style=\"text-align: justify;\"><span title=\"Medidas:\">Measures:<br \/>\n<\/span><span title=\"Del c\u00f3dice: 53 mm.\">Codex: 53 mm. <\/span><span title=\"(incluido el broche) x 68 mm.\">(Including the clasp) x 68 mm. <\/span><span title=\"Peso 84 grs.\">Weight 84 grams. <\/span><span title=\"332 p\u00e1ginas.\">332 pages.<br \/>\n<\/span><span title=\"Del libro estudio: 16,8 x 23,5 cms.\">Book study: 16.8 x 23.5 cms. <\/span><span title=\"168 p\u00e1ginas.\">168 pages.<br \/>\n<\/span><span title=\"Del estuche: 27 x 33 x 6 cms.\">Case: 27 x 33 x 6 cm.<\/span><\/p>\n<p style=\"text-align: justify;\"><span title=\"En la Florencia del Quattrocento se desarrolla una importante escuela de miniaturistas que se mantiene viva hasta los albores del siglo XVI.\">In the Florence of the Quattrocento an important school of miniaturists who kept alive until the early sixteenth century unfolds. <\/span><span title=\"En esta \u00e9poca destaca el taller de los Boccardino, a donde acude el Papa Le\u00f3n X para encargar el regalo de bodas para su sobrino, Lorenzo II el Joven.\">At this time highlights the Boccardino workshop, where Pope Leo X goes to order a wedding gift for his nephew, Lorenzo the Younger. <\/span><span title=\"El capricho del pont\u00edfice se convirti\u00f3 en una peque\u00f1a, pero hermos\u00edsima joya bibliogr\u00e1fica.\">The whim of the Pope became a small but beautiful gem literature. <\/span><span title=\"Su tama\u00f1o lo hace casi \u00fanico en su g\u00e9nero por la brillante resoluci\u00f3n de sus once reducidas miniaturas, de sus folios decorados con los famosos \u201ccandeliari\u201d y de sus bell\u00edsimas capitulares.\">Its size makes it almost unique in its kind for the brilliant resolution of their eleven small thumbnails of your pages decorated with the famous &#8220;candeliari&#8221; and its beautiful Chapter.<\/span><\/p>\n<p style=\"text-align: justify;\"><span title=\"Su reproducci\u00f3n facsimilar es id\u00e9ntica al original.\">Your facsimile reproduction is identical to the original. <\/span><span title=\"Se ha querido que el mismo exquisito esp\u00edritu que movi\u00f3 al Papa Le\u00f3n X a regalar esta joya a su sobrino sirviera de inspiraci\u00f3n para la reproducci\u00f3n facsimilar cuidando con esmero todos los dem\u00e1s detalles.\">They wanted the same exquisite spirit that Pope Leo X moved to give this jewel to his nephew serve as inspiration for the facsimile reproduction watching carefully all other details. <\/span><span title=\"Impreso a nueve colores m\u00e1s dos oros (uno impreso y otro estampado).\">Printed in nine colors plus two golds (one printed and another pattern). <\/span><span title=\"Papel imitando vitela, estucado a mano.\">Imitating vellum paper, coated by hand. <\/span><span title=\"Encuadernaci\u00f3n en piel de cabra con herrajes de plata envejecida y cortes dorados.\">Goatskin binding with iron and gold antique silver cuts. <\/span><span title=\"Presentaci\u00f3n en estuche que incluye: facsimilar, volumen complementario y una peque\u00f1a lupa, tambi\u00e9n en plata.\">Case presentation that includes facsimile, additional volume and a small magnifying glass, also in silver.<\/span><\/p>\n<p style=\"text-align: justify;\"><span title=\"Gastos de env\u00edo por cuenta del comprador, seg\u00fan pedido y destino.\">Retail Price: 1.115 \u20ac. <\/span><span title=\"Cons\u00faltenos cualquier duda, as\u00ed como por cualquier otro facs\u00edmile que est\u00e9 buscando.\"><a class=\"btn btn-default\" href=\"https:\/\/www.comprarmejor.es\/en\/contact\/\">Ask us<\/a> any questions and any other fax you are looking for.<\/span><\/p>\n","protected":false},"excerpt":{"rendered":"<p style=\"text-align: justify;\"><span id=\"result_box\" lang=\"en\" xml:lang=\"en\"><span title=\"Edici\u00f3n facs\u00edmile del c\u00f3dice LIBRO DE HORAS DE LOS M\u00c9DICIS, cuyo original se conserva en la Biblioteca de la Fundaci\u00f3n L\u00e1zaro Galdiano, en Madrid (ms. 15512).\">Facsimile edition of the manuscript Book of Hours of the Medici, original of which is preserved in the Library of the L\u00e1zaro Galdiano Foundation in Madrid (ms. 15512).<\/span><\/span><\/p>\n","protected":false},"featured_media":47343,"template":"","meta":[],"product_brand":[],"product_cat":[2226],"product_tag":[5010,5122,5009,5157,5158,3999],"class_list":{"0":"post-47357","1":"product","2":"type-product","3":"status-publish","4":"has-post-thumbnail","6":"product_cat-books-of-hours","7":"product_tag-boccardino-en","8":"product_tag-hours-en","9":"product_tag-lorenzo-en","10":"product_tag-mini-book-en","11":"product_tag-librito-en","12":"product_tag-testimonio-en","13":"description-off","15":"first","16":"instock","17":"taxable","18":"shipping-taxable","19":"purchasable","20":"product-type-simple"},"yoast_head":"<!-- This site is optimized with the Yoast SEO plugin v27.3 - https:\/\/yoast.com\/product\/yoast-seo-wordpress\/ -->\n<title>Book of Hours of the Medici, c. 1518 (mini book)<\/title>\n<meta name=\"description\" content=\"Facsimile edition of the manuscript Book of Hours of the Medici, original of which is preserved in the Library of the L\u00e1zaro Galdiano Foundation in Madrid.\" \/>\n<meta name=\"robots\" content=\"index, follow, max-snippet:-1, max-image-preview:large, max-video-preview:-1\" \/>\n<link rel=\"canonical\" href=\"https:\/\/www.comprarmejor.es\/en\/product\/book-of-hours-of-the-medici-c-1518-mini-book\/\" \/>\n<meta property=\"og:locale\" content=\"en_US\" \/>\n<meta property=\"og:type\" content=\"article\" \/>\n<meta property=\"og:title\" content=\"Book of Hours of the Medici, c. 1518 (mini book)\" \/>\n<meta property=\"og:description\" content=\"Facsimile edition of the manuscript Book of Hours of the Medici, original of which is preserved in the Library of the L\u00e1zaro Galdiano Foundation in Madrid.\" \/>\n<meta property=\"og:url\" content=\"https:\/\/www.comprarmejor.es\/en\/product\/book-of-hours-of-the-medici-c-1518-mini-book\/\" \/>\n<meta property=\"og:site_name\" content=\"ComprarMejor\" \/>\n<meta property=\"article:modified_time\" content=\"2026-04-30T11:08:44+00:00\" \/>\n<meta property=\"og:image\" content=\"https:\/\/www.comprarmejor.es\/wp-content\/uploads\/2015\/09\/p_4_4_7_447-Libro-de-Horas-de-los-Medicis-c.-1518.jpg\" \/>\n\t<meta property=\"og:image:width\" content=\"600\" \/>\n\t<meta property=\"og:image:height\" content=\"516\" \/>\n\t<meta property=\"og:image:type\" content=\"image\/jpeg\" \/>\n<meta name=\"twitter:card\" content=\"summary_large_image\" \/>\n<meta name=\"twitter:label1\" content=\"Est. reading time\" \/>\n\t<meta name=\"twitter:data1\" content=\"3 minutes\" \/>\n<script type=\"application\/ld+json\" class=\"yoast-schema-graph\">{\"@context\":\"https:\\\/\\\/schema.org\",\"@graph\":[{\"@type\":\"WebPage\",\"@id\":\"https:\\\/\\\/www.comprarmejor.es\\\/en\\\/product\\\/book-of-hours-of-the-medici-c-1518-mini-book\\\/\",\"url\":\"https:\\\/\\\/www.comprarmejor.es\\\/en\\\/product\\\/book-of-hours-of-the-medici-c-1518-mini-book\\\/\",\"name\":\"Book of Hours of the Medici, c. 1518 (mini book)\",\"isPartOf\":{\"@id\":\"https:\\\/\\\/www.comprarmejor.es\\\/en\\\/#website\"},\"primaryImageOfPage\":{\"@id\":\"https:\\\/\\\/www.comprarmejor.es\\\/en\\\/product\\\/book-of-hours-of-the-medici-c-1518-mini-book\\\/#primaryimage\"},\"image\":{\"@id\":\"https:\\\/\\\/www.comprarmejor.es\\\/en\\\/product\\\/book-of-hours-of-the-medici-c-1518-mini-book\\\/#primaryimage\"},\"thumbnailUrl\":\"https:\\\/\\\/www.comprarmejor.es\\\/wp-content\\\/uploads\\\/2015\\\/09\\\/p_4_4_7_447-Libro-de-Horas-de-los-Medicis-c.-1518.jpg\",\"datePublished\":\"2015-09-09T10:06:28+00:00\",\"dateModified\":\"2026-04-30T11:08:44+00:00\",\"description\":\"Facsimile edition of the manuscript Book of Hours of the Medici, original of which is preserved in the Library of the L\u00e1zaro Galdiano Foundation in Madrid.\",\"breadcrumb\":{\"@id\":\"https:\\\/\\\/www.comprarmejor.es\\\/en\\\/product\\\/book-of-hours-of-the-medici-c-1518-mini-book\\\/#breadcrumb\"},\"inLanguage\":\"en-US\",\"potentialAction\":[{\"@type\":\"ReadAction\",\"target\":[\"https:\\\/\\\/www.comprarmejor.es\\\/en\\\/product\\\/book-of-hours-of-the-medici-c-1518-mini-book\\\/\"]}]},{\"@type\":\"ImageObject\",\"inLanguage\":\"en-US\",\"@id\":\"https:\\\/\\\/www.comprarmejor.es\\\/en\\\/product\\\/book-of-hours-of-the-medici-c-1518-mini-book\\\/#primaryimage\",\"url\":\"https:\\\/\\\/www.comprarmejor.es\\\/wp-content\\\/uploads\\\/2015\\\/09\\\/p_4_4_7_447-Libro-de-Horas-de-los-Medicis-c.-1518.jpg\",\"contentUrl\":\"https:\\\/\\\/www.comprarmejor.es\\\/wp-content\\\/uploads\\\/2015\\\/09\\\/p_4_4_7_447-Libro-de-Horas-de-los-Medicis-c.-1518.jpg\",\"width\":600,\"height\":516},{\"@type\":\"BreadcrumbList\",\"@id\":\"https:\\\/\\\/www.comprarmejor.es\\\/en\\\/product\\\/book-of-hours-of-the-medici-c-1518-mini-book\\\/#breadcrumb\",\"itemListElement\":[{\"@type\":\"ListItem\",\"position\":1,\"name\":\"Portada\",\"item\":\"https:\\\/\\\/www.comprarmejor.es\\\/en\\\/\"},{\"@type\":\"ListItem\",\"position\":2,\"name\":\"Shop\",\"item\":\"https:\\\/\\\/www.comprarmejor.es\\\/en\\\/shop\\\/\"},{\"@type\":\"ListItem\",\"position\":3,\"name\":\"Book of Hours of the Medici, c. 1518 (mini book)\"}]},{\"@type\":\"WebSite\",\"@id\":\"https:\\\/\\\/www.comprarmejor.es\\\/en\\\/#website\",\"url\":\"https:\\\/\\\/www.comprarmejor.es\\\/en\\\/\",\"name\":\"ComprarMejor\",\"description\":\"ComprarMejor\",\"publisher\":{\"@id\":\"https:\\\/\\\/www.comprarmejor.es\\\/en\\\/#organization\"},\"potentialAction\":[{\"@type\":\"SearchAction\",\"target\":{\"@type\":\"EntryPoint\",\"urlTemplate\":\"https:\\\/\\\/www.comprarmejor.es\\\/en\\\/?s={search_term_string}\"},\"query-input\":{\"@type\":\"PropertyValueSpecification\",\"valueRequired\":true,\"valueName\":\"search_term_string\"}}],\"inLanguage\":\"en-US\"},{\"@type\":\"Organization\",\"@id\":\"https:\\\/\\\/www.comprarmejor.es\\\/en\\\/#organization\",\"name\":\"COMPRAR MEJOR\",\"url\":\"https:\\\/\\\/www.comprarmejor.es\\\/en\\\/\",\"logo\":{\"@type\":\"ImageObject\",\"inLanguage\":\"en-US\",\"@id\":\"https:\\\/\\\/www.comprarmejor.es\\\/en\\\/#\\\/schema\\\/logo\\\/image\\\/\",\"url\":\"https:\\\/\\\/www.comprarmejor.es\\\/wp-content\\\/uploads\\\/2025\\\/09\\\/comprarmejortrinidad.jpg\",\"contentUrl\":\"https:\\\/\\\/www.comprarmejor.es\\\/wp-content\\\/uploads\\\/2025\\\/09\\\/comprarmejortrinidad.jpg\",\"width\":1022,\"height\":1380,\"caption\":\"COMPRAR MEJOR\"},\"image\":{\"@id\":\"https:\\\/\\\/www.comprarmejor.es\\\/en\\\/#\\\/schema\\\/logo\\\/image\\\/\"},\"sameAs\":[\"https:\\\/\\\/www.instagram.com\\\/amigosdelcodice\"]}]}<\/script>\n<!-- \/ Yoast SEO plugin. -->","yoast_head_json":{"title":"Book of Hours of the Medici, c. 1518 (mini book)","description":"Facsimile edition of the manuscript Book of Hours of the Medici, original of which is preserved in the Library of the L\u00e1zaro Galdiano Foundation in Madrid.","robots":{"index":"index","follow":"follow","max-snippet":"max-snippet:-1","max-image-preview":"max-image-preview:large","max-video-preview":"max-video-preview:-1"},"canonical":"https:\/\/www.comprarmejor.es\/en\/product\/book-of-hours-of-the-medici-c-1518-mini-book\/","og_locale":"en_US","og_type":"article","og_title":"Book of Hours of the Medici, c. 1518 (mini book)","og_description":"Facsimile edition of the manuscript Book of Hours of the Medici, original of which is preserved in the Library of the L\u00e1zaro Galdiano Foundation in Madrid.","og_url":"https:\/\/www.comprarmejor.es\/en\/product\/book-of-hours-of-the-medici-c-1518-mini-book\/","og_site_name":"ComprarMejor","article_modified_time":"2026-04-30T11:08:44+00:00","og_image":[{"width":600,"height":516,"url":"https:\/\/www.comprarmejor.es\/wp-content\/uploads\/2015\/09\/p_4_4_7_447-Libro-de-Horas-de-los-Medicis-c.-1518.jpg","type":"image\/jpeg"}],"twitter_card":"summary_large_image","twitter_misc":{"Est. reading time":"3 minutes"},"schema":{"@context":"https:\/\/schema.org","@graph":[{"@type":"WebPage","@id":"https:\/\/www.comprarmejor.es\/en\/product\/book-of-hours-of-the-medici-c-1518-mini-book\/","url":"https:\/\/www.comprarmejor.es\/en\/product\/book-of-hours-of-the-medici-c-1518-mini-book\/","name":"Book of Hours of the Medici, c. 1518 (mini book)","isPartOf":{"@id":"https:\/\/www.comprarmejor.es\/en\/#website"},"primaryImageOfPage":{"@id":"https:\/\/www.comprarmejor.es\/en\/product\/book-of-hours-of-the-medici-c-1518-mini-book\/#primaryimage"},"image":{"@id":"https:\/\/www.comprarmejor.es\/en\/product\/book-of-hours-of-the-medici-c-1518-mini-book\/#primaryimage"},"thumbnailUrl":"https:\/\/www.comprarmejor.es\/wp-content\/uploads\/2015\/09\/p_4_4_7_447-Libro-de-Horas-de-los-Medicis-c.-1518.jpg","datePublished":"2015-09-09T10:06:28+00:00","dateModified":"2026-04-30T11:08:44+00:00","description":"Facsimile edition of the manuscript Book of Hours of the Medici, original of which is preserved in the Library of the L\u00e1zaro Galdiano Foundation in Madrid.","breadcrumb":{"@id":"https:\/\/www.comprarmejor.es\/en\/product\/book-of-hours-of-the-medici-c-1518-mini-book\/#breadcrumb"},"inLanguage":"en-US","potentialAction":[{"@type":"ReadAction","target":["https:\/\/www.comprarmejor.es\/en\/product\/book-of-hours-of-the-medici-c-1518-mini-book\/"]}]},{"@type":"ImageObject","inLanguage":"en-US","@id":"https:\/\/www.comprarmejor.es\/en\/product\/book-of-hours-of-the-medici-c-1518-mini-book\/#primaryimage","url":"https:\/\/www.comprarmejor.es\/wp-content\/uploads\/2015\/09\/p_4_4_7_447-Libro-de-Horas-de-los-Medicis-c.-1518.jpg","contentUrl":"https:\/\/www.comprarmejor.es\/wp-content\/uploads\/2015\/09\/p_4_4_7_447-Libro-de-Horas-de-los-Medicis-c.-1518.jpg","width":600,"height":516},{"@type":"BreadcrumbList","@id":"https:\/\/www.comprarmejor.es\/en\/product\/book-of-hours-of-the-medici-c-1518-mini-book\/#breadcrumb","itemListElement":[{"@type":"ListItem","position":1,"name":"Portada","item":"https:\/\/www.comprarmejor.es\/en\/"},{"@type":"ListItem","position":2,"name":"Shop","item":"https:\/\/www.comprarmejor.es\/en\/shop\/"},{"@type":"ListItem","position":3,"name":"Book of Hours of the Medici, c. 1518 (mini book)"}]},{"@type":"WebSite","@id":"https:\/\/www.comprarmejor.es\/en\/#website","url":"https:\/\/www.comprarmejor.es\/en\/","name":"ComprarMejor","description":"ComprarMejor","publisher":{"@id":"https:\/\/www.comprarmejor.es\/en\/#organization"},"potentialAction":[{"@type":"SearchAction","target":{"@type":"EntryPoint","urlTemplate":"https:\/\/www.comprarmejor.es\/en\/?s={search_term_string}"},"query-input":{"@type":"PropertyValueSpecification","valueRequired":true,"valueName":"search_term_string"}}],"inLanguage":"en-US"},{"@type":"Organization","@id":"https:\/\/www.comprarmejor.es\/en\/#organization","name":"COMPRAR MEJOR","url":"https:\/\/www.comprarmejor.es\/en\/","logo":{"@type":"ImageObject","inLanguage":"en-US","@id":"https:\/\/www.comprarmejor.es\/en\/#\/schema\/logo\/image\/","url":"https:\/\/www.comprarmejor.es\/wp-content\/uploads\/2025\/09\/comprarmejortrinidad.jpg","contentUrl":"https:\/\/www.comprarmejor.es\/wp-content\/uploads\/2025\/09\/comprarmejortrinidad.jpg","width":1022,"height":1380,"caption":"COMPRAR MEJOR"},"image":{"@id":"https:\/\/www.comprarmejor.es\/en\/#\/schema\/logo\/image\/"},"sameAs":["https:\/\/www.instagram.com\/amigosdelcodice"]}]}},"_links":{"self":[{"href":"https:\/\/www.comprarmejor.es\/en\/wp-json\/wp\/v2\/product\/47357","targetHints":{"allow":["GET"]}}],"collection":[{"href":"https:\/\/www.comprarmejor.es\/en\/wp-json\/wp\/v2\/product"}],"about":[{"href":"https:\/\/www.comprarmejor.es\/en\/wp-json\/wp\/v2\/types\/product"}],"wp:featuredmedia":[{"embeddable":true,"href":"https:\/\/www.comprarmejor.es\/en\/wp-json\/wp\/v2\/media\/47343"}],"wp:attachment":[{"href":"https:\/\/www.comprarmejor.es\/en\/wp-json\/wp\/v2\/media?parent=47357"}],"wp:term":[{"taxonomy":"product_brand","embeddable":true,"href":"https:\/\/www.comprarmejor.es\/en\/wp-json\/wp\/v2\/product_brand?post=47357"},{"taxonomy":"product_cat","embeddable":true,"href":"https:\/\/www.comprarmejor.es\/en\/wp-json\/wp\/v2\/product_cat?post=47357"},{"taxonomy":"product_tag","embeddable":true,"href":"https:\/\/www.comprarmejor.es\/en\/wp-json\/wp\/v2\/product_tag?post=47357"}],"curies":[{"name":"wp","href":"https:\/\/api.w.org\/{rel}","templated":true}]}}