{"id":47505,"date":"2015-09-11T12:01:36","date_gmt":"2015-09-11T10:01:36","guid":{"rendered":"https:\/\/www.comprarmejor.es\/producto\/rarities-collection-period-4-pocket-watches-gold-plated\/"},"modified":"2019-08-30T09:25:22","modified_gmt":"2019-08-30T07:25:22","slug":"rarities-collection-period-4-pocket-watches-gold-plated","status":"publish","type":"product","link":"https:\/\/www.comprarmejor.es\/en\/product\/rarities-collection-period-4-pocket-watches-gold-plated\/","title":{"rendered":"Rarities Collection Period: 4 pocket watches gold plated"},"content":{"rendered":"<p style=\"text-align:justify;\"><span id=\"result_box\" lang=\"en\" xml:lang=\"en\"><span title=\"Una magn\u00edfica y fant\u00e1stica colecci\u00f3n de 4 relojes de bolsillo, ba\u00f1ados en Oro de Ley, reproducciones de aut\u00e9nticos modelos de \u00e9poca, realizada en edici\u00f3n limitada, numerada y certificada.\">A magnificent and fantastic collection of 4 pocket watches, gold plated Act, authentic reproductions of vintage models, made in limited edition numbered and certified. <\/span><span title=\"El arte de la precisi\u00f3n a trav\u00e9s del tiempo capturado en 4 piezas de gran belleza, dignas de los mejores coleccionistas.\">The art of precision over time captured on 4 pieces of great beauty, worthy of the best collectors. <\/span><span title=\"Relojes muy dif\u00edciles de encontrar y muy apreciados por los coleccionistas m\u00e1s exigentes.\">Watches very difficult to find and very appreciated by discerning collectors.<\/p>\n<p><\/span><span title=\"Una colecci\u00f3n que contin\u00faa la l\u00ednea de Relojes de \u00c9poca, tambi\u00e9n a la venta en esta secci\u00f3n, y que la completa.\">A collection that continues the line of vintage watches, also for sale in this section, and complete. <\/span><span title=\"Aut\u00e9nticas joyas por fuera y por dentro.\">Real gems on the outside and inside. <\/span><span title=\"Destacan los relojes al m\u00e1s puro estilo Art Dec\u00f3, sobre todo por la rareza de la forma de sus esferas muy buscadas por coleccionistas.\">Stand watches in the purest Art Deco style, especially because of the rarity of the form of their areas very sought after by collectors.<\/p>\n<p><\/span><span title=\"Una caracter\u00edstica que se ha tenido en cuenta a la hora de fabricar estas fieles reproducciones han sido los materiales escogidos, propios de los relojes de alta joyer\u00eda: ba\u00f1os de Oro, rub\u00edes y acabados fidedignos que proporcionan categor\u00eda de piezas \u00fanicas a los relojes.\">One feature that has been taken into account when making these faithful reproductions were the chosen materials, own watches fine jewelry: Golden Showers, rubies and finishes that provide reliable category of unique pieces to watches.<\/p>\n<p><\/span><span title=\"La colecci\u00f3n incluye y se presenta en un bello mueble-expositor de madera lacada, con un elegante efecto de aguas sobre su superficie.\">The collection includes and is presented in a beautiful display cabinet-lacquered wood, with an elegant effect of water on its surface. <\/span><span title=\"Cuenta con bisagras doradas y tapa de cristal biselada.\">It has golden hinges and beveled glass top. <\/span><span title=\"Medidas de la caja: 20 x 20 x 6 cm.\">Case size: 20 x 20 x 6 cm. <\/span><span title=\"Peso de la caja con todos los relojes: 1.338 gramos (1,34 kg).\">Weight of the box with all the clocks: 1,338 grams (1.34 kg).<\/p>\n<p><\/span><span title=\"Cuatro joyas creadas con el cari\u00f1o y la destreza de aut\u00e9nticos virtuosos de la relojer\u00eda.\">Four jewelry created with love and skill for real virtuosos of watchmaking. <\/span><span title=\"La colecci\u00f3n se entrega con el certificado que acredita las caracter\u00edsticas t\u00e9cnicas y la autenticidad de los materiales nobles utilizados, firmado por los prestigiosos relojeros de Relojer\u00eda Losada.\">The collection comes with a certificate showing the technical characteristics and authenticity of noble materials used, signed by the prestigious watchmakers Watches Losada. <\/span><span title=\"Todo un aval de calidad que acredita la categor\u00eda de estas piezas como obras de arte.\">All a guarantee of quality that accredits the category of these pieces as works of art. <\/span><span title=\"Contiene as\u00ed mismo, el c\u00f3digo de serie numerada que los identifica como pertenecientes a una edici\u00f3n limitada.\">Contains also, numbered series code that identifies them as members of a limited edition.<\/p>\n<p><\/span><span title=\"Relojer\u00eda Losada es una firma de referencia en Espa\u00f1a con m\u00e1s de un siglo de tradici\u00f3n.\">Losada is a watchmaking firm in Spain with more than a century of tradition. <\/span><span title=\"Fundada en el siglo XIX por Jos\u00e9 Rodr\u00edguez Losada, uno de los m\u00e1s prestigiosos relojeros espa\u00f1oles, los maestros de esta firma han continuado la tradici\u00f3n y cuentan con una merecida reputaci\u00f3n por su destreza, tanto en relojer\u00eda antigua como en el mantenimiento de piezas hist\u00f3ricas.\">Founded in the nineteenth century by Jose Rodriguez Losada, one of the most prestigious Spanish watchmakers, teachers of this firm have continued the tradition and have a reputation for his skill in both old watchmaking as in maintaining historic pieces.<\/p>\n<p><\/span><span title=\"Relaci\u00f3n de las 4 piezas que componen esta colecci\u00f3n (\u00fanica que tenemos disponible):\">List of the 4 pieces in this collection (one we have available):<\/p>\n<p><\/span><span title=\"Reloj de bolsillo con Br\u00fajula.\">Pocket watch with Compass. <\/span><span title=\"Nada usual en relojes de bolsillo.\">Nothing unusual in pocket watches. <\/span><span title=\"Su tapa posterior se abre para apreciar una maquinaria que destaca por la rareza de su tama\u00f1o, como una maquinaria en miniatura.\">Its back cover is opened and a machine that stands out for the rarity of its size, a miniature machinery. <\/span><span title=\"Esfera grabada en oro de 24 quilates.\">Sphere recorded in 24 carat gold. <\/span><span title=\"Maquinaria mec\u00e1nica.\">Mechanical machinery. <\/span><span title=\"Reserva de marcha: 24 horas.\">Power reserve: 24 hours. <\/span><span title=\"Tapa posterior con grabado escamado.\">Scaled back cover with engraving. <\/span><span title=\"Agujas tipo Breguet.\">Breguet type.<\/p>\n<p><\/span><span title=\"Reloj de bolsillo con Flor de Lis.\">Pocket watch with Flor de Lis. <\/span><span title=\"Esfera delicadamente grabada en oro al estilo Guilloch\u00e9.\">Sphere delicately etched in gold Guilloch\u00e9 style. <\/span><span title=\"La tapa posterior combina motivos vegetales con una Flor de Lis, s\u00edmbolo de la realeza francesa.\">The back cover combines floral motifs with a fleur de lis, symbol of French royalty. <\/span><span title=\"Esfera grabada en oro de 24 quilates.\">Sphere recorded in 24 carat gold. <\/span><span title=\"Maquinaria mec\u00e1nica.\">Mechanical machinery. <\/span><span title=\"Reserva de marcha: 24 horas.\">Power reserve: 24 hours. <\/span><span title=\"Agujas tipo Breguet.\">Breguet type.<\/p>\n<p><\/span><span title=\"Reloj de bolsillo Misterioso.\">Mysterious pocket watch. <\/span><span title=\"Calificado como rareza por su curiosa esfera un poco descentrada.\">Described as rarity for its curious sphere a little off center. <\/span><span title=\"Ba\u00f1o de oro combinado en amarillo y blanco.\">Combined bathroom in yellow and white gold. <\/span><span title=\"Maquinaria mec\u00e1nica.\">Mechanical machinery. <\/span><span title=\"Reserva de marcha: 24 horas.\">Power reserve: 24 hours. <\/span><span title=\"Agujas tipo pera.\">Pear type needles.<\/p>\n<p><\/span><span title=\"Reloj de bolsillo Saboneta.\">Saboneta pocket watch. <\/span><span title=\"Bisel con efecto lupa y doble cristal que permite apreciar la esfera de dos maneras: cerrado se ven los n\u00fameros romanos y con bisel abierto se ve la totalidad de la esfera (romanos y ar\u00e1bigos).\">Bezel with magnifying glass and double glazing effect that you can see the field in two ways: closed Roman numerals are open bezel and the entire sphere (Roman and Arabic) is seen. <\/span><span title=\"Ba\u00f1o de oro combinado amarillo.\">Bath yellow gold combined. <\/span><span title=\"Maquinaria mec\u00e1nica.\">Mechanical machinery. <\/span><span title=\"Reserva de marcha: 24 horas.\">Power reserve: 24 hours.<\/p>\n<p><\/span><span title=\"Gastos de env\u00edo por cuenta del comprador, seg\u00fan pedido y destino.\">Shipping by the buyer, upon request and destination.\u00a0<\/span><span title=\"Cons\u00faltenos cualquier duda.\"><a class=\"btn btn-default\" href=\"http:\/\/comprarmejor.es\/en\/contact\">Ask us<\/a> any questions.<\/span><\/span><\/p>\n","protected":false},"excerpt":{"rendered":"<p style=\"text-align:justify;\"><span id=\"result_box\" lang=\"en\" xml:lang=\"en\"><span title=\"Una magn\u00edfica y fant\u00e1stica colecci\u00f3n de 4 relojes de bolsillo, ba\u00f1ados en Oro de Ley, reproducciones de aut\u00e9nticos modelos de \u00e9poca, realizada en edici\u00f3n limitada, numerada y certificada.\">A magnificent and fantastic collection of 4 pocket watches, gold plated Act, authentic reproductions of vintage models, made in limited edition numbered and certified. <\/span><span title=\"El arte de la precisi\u00f3n a trav\u00e9s del tiempo capturado en 4 piezas de gran belleza, dignas de los mejores coleccionistas.\">The art of precision over time captured on 4 pieces of great beauty, worthy of the best collectors. <\/span><span title=\"Relojes muy dif\u00edciles de encontrar y muy apreciados por los coleccionistas m\u00e1s exigentes.\">Watches very difficult to find and very appreciated by discerning collectors.<\/span><\/span><\/p>\n","protected":false},"featured_media":47489,"template":"","meta":[],"product_brand":[],"product_cat":[2196,2192,2194,2222],"product_tag":[],"class_list":{"0":"post-47505","1":"product","2":"type-product","3":"status-publish","4":"has-post-thumbnail","6":"product_cat-collectables-en","7":"product_cat-collecting","8":"product_cat-miscellany","9":"product_cat-watches","10":"product_shipping_class-from-2-to-5-kg","11":"description-off","13":"first","14":"instock","15":"taxable","16":"shipping-taxable","17":"purchasable","18":"product-type-simple"},"yoast_head":"<!-- This site is optimized with the Yoast SEO plugin v27.3 - https:\/\/yoast.com\/product\/yoast-seo-wordpress\/ -->\n<title>Rarities Collection Period: 4 pocket watches gold plated<\/title>\n<meta name=\"description\" content=\"4 magnificent collection of pocket watches, gold plated Act, authentic reproductions of vintage models, made in certified edition.\" \/>\n<meta name=\"robots\" content=\"index, follow, max-snippet:-1, max-image-preview:large, max-video-preview:-1\" \/>\n<link rel=\"canonical\" href=\"https:\/\/www.comprarmejor.es\/en\/product\/rarities-collection-period-4-pocket-watches-gold-plated\/\" \/>\n<meta property=\"og:locale\" content=\"en_US\" \/>\n<meta property=\"og:type\" content=\"article\" \/>\n<meta property=\"og:title\" content=\"Rarities Collection Period: 4 pocket watches gold plated\" \/>\n<meta property=\"og:description\" content=\"4 magnificent collection of pocket watches, gold plated Act, authentic reproductions of vintage models, made in certified edition.\" \/>\n<meta property=\"og:url\" content=\"https:\/\/www.comprarmejor.es\/en\/product\/rarities-collection-period-4-pocket-watches-gold-plated\/\" \/>\n<meta property=\"og:site_name\" content=\"ComprarMejor\" \/>\n<meta property=\"article:modified_time\" content=\"2019-08-30T07:25:22+00:00\" \/>\n<meta property=\"og:image\" content=\"https:\/\/www.comprarmejor.es\/wp-content\/uploads\/2015\/09\/p_5_2_0_520-Coleccion-Rarezas-de-Epoca-4-relojes-de-bolsillo-banados-en-oro.jpg\" \/>\n\t<meta property=\"og:image:width\" content=\"600\" \/>\n\t<meta property=\"og:image:height\" content=\"554\" \/>\n\t<meta property=\"og:image:type\" content=\"image\/jpeg\" \/>\n<meta name=\"twitter:card\" content=\"summary_large_image\" \/>\n<meta name=\"twitter:label1\" content=\"Est. reading time\" \/>\n\t<meta name=\"twitter:data1\" content=\"2 minutes\" \/>\n<script type=\"application\/ld+json\" class=\"yoast-schema-graph\">{\"@context\":\"https:\\\/\\\/schema.org\",\"@graph\":[{\"@type\":\"WebPage\",\"@id\":\"https:\\\/\\\/www.comprarmejor.es\\\/en\\\/product\\\/rarities-collection-period-4-pocket-watches-gold-plated\\\/\",\"url\":\"https:\\\/\\\/www.comprarmejor.es\\\/en\\\/product\\\/rarities-collection-period-4-pocket-watches-gold-plated\\\/\",\"name\":\"Rarities Collection Period: 4 pocket watches gold plated\",\"isPartOf\":{\"@id\":\"https:\\\/\\\/www.comprarmejor.es\\\/en\\\/#website\"},\"primaryImageOfPage\":{\"@id\":\"https:\\\/\\\/www.comprarmejor.es\\\/en\\\/product\\\/rarities-collection-period-4-pocket-watches-gold-plated\\\/#primaryimage\"},\"image\":{\"@id\":\"https:\\\/\\\/www.comprarmejor.es\\\/en\\\/product\\\/rarities-collection-period-4-pocket-watches-gold-plated\\\/#primaryimage\"},\"thumbnailUrl\":\"https:\\\/\\\/www.comprarmejor.es\\\/wp-content\\\/uploads\\\/2015\\\/09\\\/p_5_2_0_520-Coleccion-Rarezas-de-Epoca-4-relojes-de-bolsillo-banados-en-oro.jpg\",\"datePublished\":\"2015-09-11T10:01:36+00:00\",\"dateModified\":\"2019-08-30T07:25:22+00:00\",\"description\":\"4 magnificent collection of pocket watches, gold plated Act, authentic reproductions of vintage models, made in certified edition.\",\"breadcrumb\":{\"@id\":\"https:\\\/\\\/www.comprarmejor.es\\\/en\\\/product\\\/rarities-collection-period-4-pocket-watches-gold-plated\\\/#breadcrumb\"},\"inLanguage\":\"en-US\",\"potentialAction\":[{\"@type\":\"ReadAction\",\"target\":[\"https:\\\/\\\/www.comprarmejor.es\\\/en\\\/product\\\/rarities-collection-period-4-pocket-watches-gold-plated\\\/\"]}]},{\"@type\":\"ImageObject\",\"inLanguage\":\"en-US\",\"@id\":\"https:\\\/\\\/www.comprarmejor.es\\\/en\\\/product\\\/rarities-collection-period-4-pocket-watches-gold-plated\\\/#primaryimage\",\"url\":\"https:\\\/\\\/www.comprarmejor.es\\\/wp-content\\\/uploads\\\/2015\\\/09\\\/p_5_2_0_520-Coleccion-Rarezas-de-Epoca-4-relojes-de-bolsillo-banados-en-oro.jpg\",\"contentUrl\":\"https:\\\/\\\/www.comprarmejor.es\\\/wp-content\\\/uploads\\\/2015\\\/09\\\/p_5_2_0_520-Coleccion-Rarezas-de-Epoca-4-relojes-de-bolsillo-banados-en-oro.jpg\",\"width\":600,\"height\":554},{\"@type\":\"BreadcrumbList\",\"@id\":\"https:\\\/\\\/www.comprarmejor.es\\\/en\\\/product\\\/rarities-collection-period-4-pocket-watches-gold-plated\\\/#breadcrumb\",\"itemListElement\":[{\"@type\":\"ListItem\",\"position\":1,\"name\":\"Portada\",\"item\":\"https:\\\/\\\/www.comprarmejor.es\\\/en\\\/\"},{\"@type\":\"ListItem\",\"position\":2,\"name\":\"Shop\",\"item\":\"https:\\\/\\\/www.comprarmejor.es\\\/en\\\/shop\\\/\"},{\"@type\":\"ListItem\",\"position\":3,\"name\":\"Rarities Collection Period: 4 pocket watches gold plated\"}]},{\"@type\":\"WebSite\",\"@id\":\"https:\\\/\\\/www.comprarmejor.es\\\/en\\\/#website\",\"url\":\"https:\\\/\\\/www.comprarmejor.es\\\/en\\\/\",\"name\":\"ComprarMejor\",\"description\":\"ComprarMejor\",\"publisher\":{\"@id\":\"https:\\\/\\\/www.comprarmejor.es\\\/en\\\/#organization\"},\"potentialAction\":[{\"@type\":\"SearchAction\",\"target\":{\"@type\":\"EntryPoint\",\"urlTemplate\":\"https:\\\/\\\/www.comprarmejor.es\\\/en\\\/?s={search_term_string}\"},\"query-input\":{\"@type\":\"PropertyValueSpecification\",\"valueRequired\":true,\"valueName\":\"search_term_string\"}}],\"inLanguage\":\"en-US\"},{\"@type\":\"Organization\",\"@id\":\"https:\\\/\\\/www.comprarmejor.es\\\/en\\\/#organization\",\"name\":\"COMPRAR MEJOR\",\"url\":\"https:\\\/\\\/www.comprarmejor.es\\\/en\\\/\",\"logo\":{\"@type\":\"ImageObject\",\"inLanguage\":\"en-US\",\"@id\":\"https:\\\/\\\/www.comprarmejor.es\\\/en\\\/#\\\/schema\\\/logo\\\/image\\\/\",\"url\":\"https:\\\/\\\/www.comprarmejor.es\\\/wp-content\\\/uploads\\\/2025\\\/09\\\/comprarmejortrinidad.jpg\",\"contentUrl\":\"https:\\\/\\\/www.comprarmejor.es\\\/wp-content\\\/uploads\\\/2025\\\/09\\\/comprarmejortrinidad.jpg\",\"width\":1022,\"height\":1380,\"caption\":\"COMPRAR MEJOR\"},\"image\":{\"@id\":\"https:\\\/\\\/www.comprarmejor.es\\\/en\\\/#\\\/schema\\\/logo\\\/image\\\/\"},\"sameAs\":[\"https:\\\/\\\/www.instagram.com\\\/amigosdelcodice\"]}]}<\/script>\n<!-- \/ Yoast SEO plugin. -->","yoast_head_json":{"title":"Rarities Collection Period: 4 pocket watches gold plated","description":"4 magnificent collection of pocket watches, gold plated Act, authentic reproductions of vintage models, made in certified edition.","robots":{"index":"index","follow":"follow","max-snippet":"max-snippet:-1","max-image-preview":"max-image-preview:large","max-video-preview":"max-video-preview:-1"},"canonical":"https:\/\/www.comprarmejor.es\/en\/product\/rarities-collection-period-4-pocket-watches-gold-plated\/","og_locale":"en_US","og_type":"article","og_title":"Rarities Collection Period: 4 pocket watches gold plated","og_description":"4 magnificent collection of pocket watches, gold plated Act, authentic reproductions of vintage models, made in certified edition.","og_url":"https:\/\/www.comprarmejor.es\/en\/product\/rarities-collection-period-4-pocket-watches-gold-plated\/","og_site_name":"ComprarMejor","article_modified_time":"2019-08-30T07:25:22+00:00","og_image":[{"width":600,"height":554,"url":"https:\/\/www.comprarmejor.es\/wp-content\/uploads\/2015\/09\/p_5_2_0_520-Coleccion-Rarezas-de-Epoca-4-relojes-de-bolsillo-banados-en-oro.jpg","type":"image\/jpeg"}],"twitter_card":"summary_large_image","twitter_misc":{"Est. reading time":"2 minutes"},"schema":{"@context":"https:\/\/schema.org","@graph":[{"@type":"WebPage","@id":"https:\/\/www.comprarmejor.es\/en\/product\/rarities-collection-period-4-pocket-watches-gold-plated\/","url":"https:\/\/www.comprarmejor.es\/en\/product\/rarities-collection-period-4-pocket-watches-gold-plated\/","name":"Rarities Collection Period: 4 pocket watches gold plated","isPartOf":{"@id":"https:\/\/www.comprarmejor.es\/en\/#website"},"primaryImageOfPage":{"@id":"https:\/\/www.comprarmejor.es\/en\/product\/rarities-collection-period-4-pocket-watches-gold-plated\/#primaryimage"},"image":{"@id":"https:\/\/www.comprarmejor.es\/en\/product\/rarities-collection-period-4-pocket-watches-gold-plated\/#primaryimage"},"thumbnailUrl":"https:\/\/www.comprarmejor.es\/wp-content\/uploads\/2015\/09\/p_5_2_0_520-Coleccion-Rarezas-de-Epoca-4-relojes-de-bolsillo-banados-en-oro.jpg","datePublished":"2015-09-11T10:01:36+00:00","dateModified":"2019-08-30T07:25:22+00:00","description":"4 magnificent collection of pocket watches, gold plated Act, authentic reproductions of vintage models, made in certified edition.","breadcrumb":{"@id":"https:\/\/www.comprarmejor.es\/en\/product\/rarities-collection-period-4-pocket-watches-gold-plated\/#breadcrumb"},"inLanguage":"en-US","potentialAction":[{"@type":"ReadAction","target":["https:\/\/www.comprarmejor.es\/en\/product\/rarities-collection-period-4-pocket-watches-gold-plated\/"]}]},{"@type":"ImageObject","inLanguage":"en-US","@id":"https:\/\/www.comprarmejor.es\/en\/product\/rarities-collection-period-4-pocket-watches-gold-plated\/#primaryimage","url":"https:\/\/www.comprarmejor.es\/wp-content\/uploads\/2015\/09\/p_5_2_0_520-Coleccion-Rarezas-de-Epoca-4-relojes-de-bolsillo-banados-en-oro.jpg","contentUrl":"https:\/\/www.comprarmejor.es\/wp-content\/uploads\/2015\/09\/p_5_2_0_520-Coleccion-Rarezas-de-Epoca-4-relojes-de-bolsillo-banados-en-oro.jpg","width":600,"height":554},{"@type":"BreadcrumbList","@id":"https:\/\/www.comprarmejor.es\/en\/product\/rarities-collection-period-4-pocket-watches-gold-plated\/#breadcrumb","itemListElement":[{"@type":"ListItem","position":1,"name":"Portada","item":"https:\/\/www.comprarmejor.es\/en\/"},{"@type":"ListItem","position":2,"name":"Shop","item":"https:\/\/www.comprarmejor.es\/en\/shop\/"},{"@type":"ListItem","position":3,"name":"Rarities Collection Period: 4 pocket watches gold plated"}]},{"@type":"WebSite","@id":"https:\/\/www.comprarmejor.es\/en\/#website","url":"https:\/\/www.comprarmejor.es\/en\/","name":"ComprarMejor","description":"ComprarMejor","publisher":{"@id":"https:\/\/www.comprarmejor.es\/en\/#organization"},"potentialAction":[{"@type":"SearchAction","target":{"@type":"EntryPoint","urlTemplate":"https:\/\/www.comprarmejor.es\/en\/?s={search_term_string}"},"query-input":{"@type":"PropertyValueSpecification","valueRequired":true,"valueName":"search_term_string"}}],"inLanguage":"en-US"},{"@type":"Organization","@id":"https:\/\/www.comprarmejor.es\/en\/#organization","name":"COMPRAR MEJOR","url":"https:\/\/www.comprarmejor.es\/en\/","logo":{"@type":"ImageObject","inLanguage":"en-US","@id":"https:\/\/www.comprarmejor.es\/en\/#\/schema\/logo\/image\/","url":"https:\/\/www.comprarmejor.es\/wp-content\/uploads\/2025\/09\/comprarmejortrinidad.jpg","contentUrl":"https:\/\/www.comprarmejor.es\/wp-content\/uploads\/2025\/09\/comprarmejortrinidad.jpg","width":1022,"height":1380,"caption":"COMPRAR MEJOR"},"image":{"@id":"https:\/\/www.comprarmejor.es\/en\/#\/schema\/logo\/image\/"},"sameAs":["https:\/\/www.instagram.com\/amigosdelcodice"]}]}},"_links":{"self":[{"href":"https:\/\/www.comprarmejor.es\/en\/wp-json\/wp\/v2\/product\/47505","targetHints":{"allow":["GET"]}}],"collection":[{"href":"https:\/\/www.comprarmejor.es\/en\/wp-json\/wp\/v2\/product"}],"about":[{"href":"https:\/\/www.comprarmejor.es\/en\/wp-json\/wp\/v2\/types\/product"}],"wp:featuredmedia":[{"embeddable":true,"href":"https:\/\/www.comprarmejor.es\/en\/wp-json\/wp\/v2\/media\/47489"}],"wp:attachment":[{"href":"https:\/\/www.comprarmejor.es\/en\/wp-json\/wp\/v2\/media?parent=47505"}],"wp:term":[{"taxonomy":"product_brand","embeddable":true,"href":"https:\/\/www.comprarmejor.es\/en\/wp-json\/wp\/v2\/product_brand?post=47505"},{"taxonomy":"product_cat","embeddable":true,"href":"https:\/\/www.comprarmejor.es\/en\/wp-json\/wp\/v2\/product_cat?post=47505"},{"taxonomy":"product_tag","embeddable":true,"href":"https:\/\/www.comprarmejor.es\/en\/wp-json\/wp\/v2\/product_tag?post=47505"}],"curies":[{"name":"wp","href":"https:\/\/api.w.org\/{rel}","templated":true}]}}