{"id":47517,"date":"2015-09-11T12:28:29","date_gmt":"2015-09-11T10:28:29","guid":{"rendered":"https:\/\/www.comprarmejor.es\/producto\/alien-quadrilogy\/"},"modified":"2020-05-11T22:39:10","modified_gmt":"2020-05-11T20:39:10","slug":"alien-quadrilogy","status":"publish","type":"product","link":"https:\/\/www.comprarmejor.es\/en\/product\/alien-quadrilogy\/","title":{"rendered":"Alien Quadrilogy"},"content":{"rendered":"<p style=\"text-align: justify;\"><span id=\"result_box\" lang=\"en\" xml:lang=\"en\"><span title=\"Se estudiar\u00edan propuestas para venta de piezas sueltas.\"><span lang=\"en\" xml:lang=\"en\"><span title=\"Pack completo y en perfecto estado de la Cuatrilog\u00eda Alien, una de las mejores sagas cinematogr\u00e1ficas de ciencia-ficci\u00f3n\/terror de todos los tiempos.\">Complete pack and in perfect condition of the Alien Cuatrilog\u00eda, one of the best sci-fi \/ horror cinematographic sagas of all time.<\/span><\/span><\/span><\/span><\/p>\n<p style=\"text-align: justify;\"><span title=\"Edici\u00f3n coleccionista de 2003 con 9 DVDs, en perfecto estado, sin usar.\">Collector&#8217;s edition of 2003 with 9 DVDs, in perfect condition, unused.<\/span><\/p>\n<p style=\"text-align: justify;\"><span title=\"Disco 1: Alien el 8\u00ba pasajero\">Disk 1: Alien the 8th passenger<br \/>\n<\/span><span title=\"Disco 2: Contenidos adicionales de Alien\">Disk 2: Additional contents of Alien<br \/>\n<\/span><span title=\"Disco 3: Aliens el Regreso\">Disc 3: Aliens the Return<br \/>\n<\/span><span title=\"Disco 4: Contenidos adicionales de Aliens\">Disc 4: Additional contents of Aliens<br \/>\n<\/span><span title=\"Disco 5: Alien 3\">Disk 5: Alien 3<br \/>\n<\/span><span title=\"Disco 6: Contenidos adicionales de Alien 3\">Disk 6: Additional Contents of Alien 3<br \/>\n<\/span><span title=\"Disco 7: Alien Resurrecci\u00f3n\">Disc 7: Alien Resurrection<br \/>\n<\/span><span title=\"Disco 8: Contenidos adicionales de Alien Resurrecci\u00f3n\">Disc 8: Additional contents of Alien Resurrection<br \/>\n<\/span><span title=\"Disco 9: M\u00e1s contenidos adicionales\">Disk 9: More additional content<\/span><\/p>\n<p style=\"text-align: justify;\"><span title=\"Incluye el libreto en espa\u00f1ol de 24 p\u00e1ginas con informaci\u00f3n de toda la saga.\">Includes the 24-page Spanish script with information on the entire saga.<\/span><\/p>\n<p style=\"text-align: justify;\"><span title=\"Caja-estuche con ilustraciones en relieve.\">Case-case with relief illustrations. <\/span><span title=\"Formato 14,3 x 19,2 x 5 cm.\">Format 14,3 x 19,2 x 5 cm.<\/span><\/p>\n<p style=\"text-align: justify;\"><span title=\"Gastos de env\u00edo por cuenta del comprador, seg\u00fan pedido y destino.\">Shipping by the buyer, upon request and destination.\u00a0<\/span><span title=\"Cons\u00faltenos cualquier duda.\"><a class=\"btn btn-default\" href=\"http:\/\/comprarmejor.es\/en\/contact\">Ask us<\/a> <span lang=\"en\" xml:lang=\"en\"><span title=\"Cons\u00faltenos sin compromiso (indicando la referencia del art\u00edculo) cualquier duda.\">without obligation (indicating the reference of the article) any doubt.<\/span><\/span><br \/>\n<\/span><\/p>\n","protected":false},"excerpt":{"rendered":"<p style=\"text-align: justify;\"><span id=\"result_box\" lang=\"en\" xml:lang=\"en\"><span title=\"Relojes fabricados con materiales de primera calidad y con la curiosidad de que siempre ten\u00edan la maquinaria vista.\"><span lang=\"en\" xml:lang=\"en\"><span title=\"Lote de 25 bellos relojes de bolsillo, carga manual y maquinaria vista, con cadena individual a juego con cada reloj, y con regalo de otro reloj de bolsillo y cadena.\"><span lang=\"en\" xml:lang=\"en\"><span title=\"Pack completo y en perfecto estado de la Cuatrilog\u00eda Alien, una de las mejores sagas cinematogr\u00e1ficas de ciencia-ficci\u00f3n\/terror de todos los tiempos.\">Complete pack and in perfect condition of the Alien Cuatrilog\u00eda, one of the best sci-fi \/ horror cinematographic sagas of all time.<\/span><\/span><\/span><\/span><\/span><\/span><\/p>\n","protected":false},"featured_media":47507,"template":"","meta":[],"product_brand":[],"product_cat":[2262,2194,2258],"product_tag":[4982],"class_list":{"0":"post-47517","1":"product","2":"type-product","3":"status-publish","4":"has-post-thumbnail","6":"product_cat-cd-dvd-brd","7":"product_cat-miscellany","8":"product_cat-various","9":"product_tag-alien-en","10":"product_shipping_class-from-0-to-1-kg","11":"description-off","13":"first","14":"instock","15":"taxable","16":"shipping-taxable","17":"purchasable","18":"product-type-simple"},"yoast_head":"<!-- This site is optimized with the Yoast SEO plugin v27.3 - https:\/\/yoast.com\/product\/yoast-seo-wordpress\/ -->\n<title>Alien Quadrilogy<\/title>\n<meta name=\"description\" content=\"Complete pack and in perfect condition of the Alien Cuatrilog\u00eda, one of the best sci-fi \/ horror cinematographic sagas of all time.\" \/>\n<meta name=\"robots\" content=\"index, follow, max-snippet:-1, max-image-preview:large, max-video-preview:-1\" \/>\n<link rel=\"canonical\" href=\"https:\/\/www.comprarmejor.es\/en\/product\/alien-quadrilogy\/\" \/>\n<meta property=\"og:locale\" content=\"en_US\" \/>\n<meta property=\"og:type\" content=\"article\" \/>\n<meta property=\"og:title\" content=\"Alien Quadrilogy\" \/>\n<meta property=\"og:description\" content=\"Complete pack and in perfect condition of the Alien Cuatrilog\u00eda, one of the best sci-fi \/ horror cinematographic sagas of all time.\" \/>\n<meta property=\"og:url\" content=\"https:\/\/www.comprarmejor.es\/en\/product\/alien-quadrilogy\/\" \/>\n<meta property=\"og:site_name\" content=\"ComprarMejor\" \/>\n<meta property=\"article:modified_time\" content=\"2020-05-11T20:39:10+00:00\" \/>\n<meta property=\"og:image\" content=\"https:\/\/www.comprarmejor.es\/wp-content\/uploads\/2015\/09\/p_7_4_2_5_7425-Alien-Quadrilogy.jpg\" \/>\n\t<meta property=\"og:image:width\" content=\"466\" \/>\n\t<meta property=\"og:image:height\" content=\"600\" \/>\n\t<meta property=\"og:image:type\" content=\"image\/jpeg\" \/>\n<meta name=\"twitter:card\" content=\"summary_large_image\" \/>\n<meta name=\"twitter:label1\" content=\"Est. reading time\" \/>\n\t<meta name=\"twitter:data1\" content=\"1 minute\" \/>\n<script type=\"application\/ld+json\" class=\"yoast-schema-graph\">{\"@context\":\"https:\\\/\\\/schema.org\",\"@graph\":[{\"@type\":\"WebPage\",\"@id\":\"https:\\\/\\\/www.comprarmejor.es\\\/en\\\/product\\\/alien-quadrilogy\\\/\",\"url\":\"https:\\\/\\\/www.comprarmejor.es\\\/en\\\/product\\\/alien-quadrilogy\\\/\",\"name\":\"Alien Quadrilogy\",\"isPartOf\":{\"@id\":\"https:\\\/\\\/www.comprarmejor.es\\\/en\\\/#website\"},\"primaryImageOfPage\":{\"@id\":\"https:\\\/\\\/www.comprarmejor.es\\\/en\\\/product\\\/alien-quadrilogy\\\/#primaryimage\"},\"image\":{\"@id\":\"https:\\\/\\\/www.comprarmejor.es\\\/en\\\/product\\\/alien-quadrilogy\\\/#primaryimage\"},\"thumbnailUrl\":\"https:\\\/\\\/www.comprarmejor.es\\\/wp-content\\\/uploads\\\/2015\\\/09\\\/p_7_4_2_5_7425-Alien-Quadrilogy.jpg\",\"datePublished\":\"2015-09-11T10:28:29+00:00\",\"dateModified\":\"2020-05-11T20:39:10+00:00\",\"description\":\"Complete pack and in perfect condition of the Alien Cuatrilog\u00eda, one of the best sci-fi \\\/ horror cinematographic sagas of all time.\",\"breadcrumb\":{\"@id\":\"https:\\\/\\\/www.comprarmejor.es\\\/en\\\/product\\\/alien-quadrilogy\\\/#breadcrumb\"},\"inLanguage\":\"en-US\",\"potentialAction\":[{\"@type\":\"ReadAction\",\"target\":[\"https:\\\/\\\/www.comprarmejor.es\\\/en\\\/product\\\/alien-quadrilogy\\\/\"]}]},{\"@type\":\"ImageObject\",\"inLanguage\":\"en-US\",\"@id\":\"https:\\\/\\\/www.comprarmejor.es\\\/en\\\/product\\\/alien-quadrilogy\\\/#primaryimage\",\"url\":\"https:\\\/\\\/www.comprarmejor.es\\\/wp-content\\\/uploads\\\/2015\\\/09\\\/p_7_4_2_5_7425-Alien-Quadrilogy.jpg\",\"contentUrl\":\"https:\\\/\\\/www.comprarmejor.es\\\/wp-content\\\/uploads\\\/2015\\\/09\\\/p_7_4_2_5_7425-Alien-Quadrilogy.jpg\",\"width\":466,\"height\":600},{\"@type\":\"BreadcrumbList\",\"@id\":\"https:\\\/\\\/www.comprarmejor.es\\\/en\\\/product\\\/alien-quadrilogy\\\/#breadcrumb\",\"itemListElement\":[{\"@type\":\"ListItem\",\"position\":1,\"name\":\"Portada\",\"item\":\"https:\\\/\\\/www.comprarmejor.es\\\/en\\\/\"},{\"@type\":\"ListItem\",\"position\":2,\"name\":\"Shop\",\"item\":\"https:\\\/\\\/www.comprarmejor.es\\\/en\\\/shop\\\/\"},{\"@type\":\"ListItem\",\"position\":3,\"name\":\"Alien Quadrilogy\"}]},{\"@type\":\"WebSite\",\"@id\":\"https:\\\/\\\/www.comprarmejor.es\\\/en\\\/#website\",\"url\":\"https:\\\/\\\/www.comprarmejor.es\\\/en\\\/\",\"name\":\"ComprarMejor\",\"description\":\"ComprarMejor\",\"publisher\":{\"@id\":\"https:\\\/\\\/www.comprarmejor.es\\\/en\\\/#organization\"},\"potentialAction\":[{\"@type\":\"SearchAction\",\"target\":{\"@type\":\"EntryPoint\",\"urlTemplate\":\"https:\\\/\\\/www.comprarmejor.es\\\/en\\\/?s={search_term_string}\"},\"query-input\":{\"@type\":\"PropertyValueSpecification\",\"valueRequired\":true,\"valueName\":\"search_term_string\"}}],\"inLanguage\":\"en-US\"},{\"@type\":\"Organization\",\"@id\":\"https:\\\/\\\/www.comprarmejor.es\\\/en\\\/#organization\",\"name\":\"COMPRAR MEJOR\",\"url\":\"https:\\\/\\\/www.comprarmejor.es\\\/en\\\/\",\"logo\":{\"@type\":\"ImageObject\",\"inLanguage\":\"en-US\",\"@id\":\"https:\\\/\\\/www.comprarmejor.es\\\/en\\\/#\\\/schema\\\/logo\\\/image\\\/\",\"url\":\"https:\\\/\\\/www.comprarmejor.es\\\/wp-content\\\/uploads\\\/2025\\\/09\\\/comprarmejortrinidad.jpg\",\"contentUrl\":\"https:\\\/\\\/www.comprarmejor.es\\\/wp-content\\\/uploads\\\/2025\\\/09\\\/comprarmejortrinidad.jpg\",\"width\":1022,\"height\":1380,\"caption\":\"COMPRAR MEJOR\"},\"image\":{\"@id\":\"https:\\\/\\\/www.comprarmejor.es\\\/en\\\/#\\\/schema\\\/logo\\\/image\\\/\"},\"sameAs\":[\"https:\\\/\\\/www.instagram.com\\\/amigosdelcodice\"]}]}<\/script>\n<!-- \/ Yoast SEO plugin. -->","yoast_head_json":{"title":"Alien Quadrilogy","description":"Complete pack and in perfect condition of the Alien Cuatrilog\u00eda, one of the best sci-fi \/ horror cinematographic sagas of all time.","robots":{"index":"index","follow":"follow","max-snippet":"max-snippet:-1","max-image-preview":"max-image-preview:large","max-video-preview":"max-video-preview:-1"},"canonical":"https:\/\/www.comprarmejor.es\/en\/product\/alien-quadrilogy\/","og_locale":"en_US","og_type":"article","og_title":"Alien Quadrilogy","og_description":"Complete pack and in perfect condition of the Alien Cuatrilog\u00eda, one of the best sci-fi \/ horror cinematographic sagas of all time.","og_url":"https:\/\/www.comprarmejor.es\/en\/product\/alien-quadrilogy\/","og_site_name":"ComprarMejor","article_modified_time":"2020-05-11T20:39:10+00:00","og_image":[{"width":466,"height":600,"url":"https:\/\/www.comprarmejor.es\/wp-content\/uploads\/2015\/09\/p_7_4_2_5_7425-Alien-Quadrilogy.jpg","type":"image\/jpeg"}],"twitter_card":"summary_large_image","twitter_misc":{"Est. reading time":"1 minute"},"schema":{"@context":"https:\/\/schema.org","@graph":[{"@type":"WebPage","@id":"https:\/\/www.comprarmejor.es\/en\/product\/alien-quadrilogy\/","url":"https:\/\/www.comprarmejor.es\/en\/product\/alien-quadrilogy\/","name":"Alien Quadrilogy","isPartOf":{"@id":"https:\/\/www.comprarmejor.es\/en\/#website"},"primaryImageOfPage":{"@id":"https:\/\/www.comprarmejor.es\/en\/product\/alien-quadrilogy\/#primaryimage"},"image":{"@id":"https:\/\/www.comprarmejor.es\/en\/product\/alien-quadrilogy\/#primaryimage"},"thumbnailUrl":"https:\/\/www.comprarmejor.es\/wp-content\/uploads\/2015\/09\/p_7_4_2_5_7425-Alien-Quadrilogy.jpg","datePublished":"2015-09-11T10:28:29+00:00","dateModified":"2020-05-11T20:39:10+00:00","description":"Complete pack and in perfect condition of the Alien Cuatrilog\u00eda, one of the best sci-fi \/ horror cinematographic sagas of all time.","breadcrumb":{"@id":"https:\/\/www.comprarmejor.es\/en\/product\/alien-quadrilogy\/#breadcrumb"},"inLanguage":"en-US","potentialAction":[{"@type":"ReadAction","target":["https:\/\/www.comprarmejor.es\/en\/product\/alien-quadrilogy\/"]}]},{"@type":"ImageObject","inLanguage":"en-US","@id":"https:\/\/www.comprarmejor.es\/en\/product\/alien-quadrilogy\/#primaryimage","url":"https:\/\/www.comprarmejor.es\/wp-content\/uploads\/2015\/09\/p_7_4_2_5_7425-Alien-Quadrilogy.jpg","contentUrl":"https:\/\/www.comprarmejor.es\/wp-content\/uploads\/2015\/09\/p_7_4_2_5_7425-Alien-Quadrilogy.jpg","width":466,"height":600},{"@type":"BreadcrumbList","@id":"https:\/\/www.comprarmejor.es\/en\/product\/alien-quadrilogy\/#breadcrumb","itemListElement":[{"@type":"ListItem","position":1,"name":"Portada","item":"https:\/\/www.comprarmejor.es\/en\/"},{"@type":"ListItem","position":2,"name":"Shop","item":"https:\/\/www.comprarmejor.es\/en\/shop\/"},{"@type":"ListItem","position":3,"name":"Alien Quadrilogy"}]},{"@type":"WebSite","@id":"https:\/\/www.comprarmejor.es\/en\/#website","url":"https:\/\/www.comprarmejor.es\/en\/","name":"ComprarMejor","description":"ComprarMejor","publisher":{"@id":"https:\/\/www.comprarmejor.es\/en\/#organization"},"potentialAction":[{"@type":"SearchAction","target":{"@type":"EntryPoint","urlTemplate":"https:\/\/www.comprarmejor.es\/en\/?s={search_term_string}"},"query-input":{"@type":"PropertyValueSpecification","valueRequired":true,"valueName":"search_term_string"}}],"inLanguage":"en-US"},{"@type":"Organization","@id":"https:\/\/www.comprarmejor.es\/en\/#organization","name":"COMPRAR MEJOR","url":"https:\/\/www.comprarmejor.es\/en\/","logo":{"@type":"ImageObject","inLanguage":"en-US","@id":"https:\/\/www.comprarmejor.es\/en\/#\/schema\/logo\/image\/","url":"https:\/\/www.comprarmejor.es\/wp-content\/uploads\/2025\/09\/comprarmejortrinidad.jpg","contentUrl":"https:\/\/www.comprarmejor.es\/wp-content\/uploads\/2025\/09\/comprarmejortrinidad.jpg","width":1022,"height":1380,"caption":"COMPRAR MEJOR"},"image":{"@id":"https:\/\/www.comprarmejor.es\/en\/#\/schema\/logo\/image\/"},"sameAs":["https:\/\/www.instagram.com\/amigosdelcodice"]}]}},"_links":{"self":[{"href":"https:\/\/www.comprarmejor.es\/en\/wp-json\/wp\/v2\/product\/47517","targetHints":{"allow":["GET"]}}],"collection":[{"href":"https:\/\/www.comprarmejor.es\/en\/wp-json\/wp\/v2\/product"}],"about":[{"href":"https:\/\/www.comprarmejor.es\/en\/wp-json\/wp\/v2\/types\/product"}],"wp:featuredmedia":[{"embeddable":true,"href":"https:\/\/www.comprarmejor.es\/en\/wp-json\/wp\/v2\/media\/47507"}],"wp:attachment":[{"href":"https:\/\/www.comprarmejor.es\/en\/wp-json\/wp\/v2\/media?parent=47517"}],"wp:term":[{"taxonomy":"product_brand","embeddable":true,"href":"https:\/\/www.comprarmejor.es\/en\/wp-json\/wp\/v2\/product_brand?post=47517"},{"taxonomy":"product_cat","embeddable":true,"href":"https:\/\/www.comprarmejor.es\/en\/wp-json\/wp\/v2\/product_cat?post=47517"},{"taxonomy":"product_tag","embeddable":true,"href":"https:\/\/www.comprarmejor.es\/en\/wp-json\/wp\/v2\/product_tag?post=47517"}],"curies":[{"name":"wp","href":"https:\/\/api.w.org\/{rel}","templated":true}]}}