{"id":47641,"date":"2015-09-17T18:16:10","date_gmt":"2015-09-17T16:16:10","guid":{"rendered":"https:\/\/www.comprarmejor.es\/producto\/el-escorial-revelation-apocalypse-figurado-of-the-dukes-of-savoy-s-xv-versol\/"},"modified":"2022-12-18T11:26:58","modified_gmt":"2022-12-18T10:26:58","slug":"el-escorial-revelation-apocalypse-figurado-of-the-dukes-of-savoy-s-xv-versol","status":"publish","type":"product","link":"https:\/\/www.comprarmejor.es\/en\/product\/el-escorial-revelation-apocalypse-figurado-of-the-dukes-of-savoy-s-xv-versol\/","title":{"rendered":"El Escorial Revelation (Apocalypse Figurado of the Dukes of Savoy), s. XV (Versol) (5*)"},"content":{"rendered":"<p style=\"text-align: justify;\"><span id=\"result_box\" lang=\"en\" xml:lang=\"en\"><span title=\"Ejemplar correspondiente a la extraordinaria edici\u00f3n de lujo de Versol.\">Exemplary corresponding to the special deluxe edition of Versol.<\/span><\/span><\/p>\n<p style=\"text-align: justify;\"><span title=\"Apocalipsis de la Biblioteca del Real Monasterio de San Lorenzo de El Escorial, Cod. Vitrina 1, tambi\u00e9n conocido como Apocalipsis Figurado de los Duques de Saboya.\">Revelation of the Library of the Royal Monastery of San Lorenzo de El Escorial, Cod. Window 1, also known as the Apocalypse Figurado of the Dukes of Savoy. A 5 star in every great library!<\/span><\/p>\n<p style=\"text-align: justify;\"><span title=\"Durante su visita a El Escorial el pasado 19 de agosto de 2011, la Comunidad de Padres Agustinos obsequi\u00f3 al Papa Benedicto XVI con el ejemplar XVI de este facs\u00edmile, que puede ver en este peque\u00f1o v\u00eddeo, pulsando aqu\u00ed. http:\/\/www.dailymotion.com\/video\/xopg4b_regalo-facsimil-del-apocalipsis-a-s-s-el-papa-benedicto-xvi_news#from=embediframe \u00a0\u00a0\">During his visit to El Escorial last August 19, 2011, the Community of Augustinian Fathers presented Pope Benedict XVI with a copy of this fax, <span style=\"color: #d0121a;\"><strong><a href=\"http:\/\/www.dailymotion.com\/video\/xopg4b_regalo-facsimil-del-apocalipsis-a-s-s-el-papa-benedicto-xvi_news#from=embediframe\" target=\"_blank\" rel=\"noopener noreferrer\"><span style=\"color: #d0121a;\">you can see in this short video, click here<\/span><\/a><\/strong><\/span>.<\/span><\/p>\n<p style=\"text-align: justify;\"><span title=\"Edici\u00f3n limitada a 666 ejemplares, numerados y certificados por notario.\"><span lang=\"en\" xml:lang=\"en\"><span title=\"Caracter\u00edsticas de esta extraordinaria y bell\u00edsima edici\u00f3n:\">Features of this extraordinary and beautiful edition:<\/span><\/span><\/span><\/p>\n<p style=\"text-align: justify;\"><span title=\"Facs\u00edmile:\">Facsimile:<br \/>\n<\/span><span title=\"Formato 29 x 43,5 cm.\">Format 29 x 43.5 cm. <\/span><span title=\"Folios: 49 (98 p\u00e1ginas) de fino pergamino y extraordinariamente iluminados, m\u00e1s 7 hojas en blanco\">Planners: 49 (98 pages) extremely fine parchment and illuminated, plus 7 blank sheets.<br \/>\n<\/span><span title=\"Dataci\u00f3n: 1428-1435 los 25 primeros folios, 1485-1490 los 24 \u00faltimos.\">Dating: the first 25 pages 1428-1435, 1485-1490 the last 24.<br \/>\n<\/span><span title=\"Artistas: Jean Bapteur y P\u00e9ronet Lamy (ff. 1-25), Jean Colombe (ff. 26-49)\">Artist: Jean Bapteur and Peronet Lamy (1-25 ff.), Jean Colombe (26-49 ff.)<br \/>\n<\/span><span title=\"Escritura: Escriba cardino de Paris, g\u00f3tica francesa a dos columnas.\">Writing: Write Cardino of Paris, French Gothic two columns.<br \/>\n<\/span><span title=\"Textos: Apocalipsis y comentarios de Berengaudus resumido en lat\u00edn.\">Text: Revelation and Berengaudus comments summarized in Latin.<br \/>\n<\/span><span title=\"Miniaturas: 187, m\u00e1s 183 grandes capitulares decoradas, 2 preliminares con la vida de San Juan, 91 del ciclo apocal\u00edptico, 4 finales con la vida de San Juan, 90 escenas diferentes representando al ap\u00f3stol, 97 orlas.\">Thumbnails: 187, 183 more large decorated Chapter 2 preliminary to the life of San Juan, 91 of apocalyptic cycle, 4 end to the life of San Juan, 90 different scenes representing the Apostle, 97 borders.<br \/>\n<\/span><span title=\"Encuadernaci\u00f3n: Artesanal al hilo de c\u00e1\u00f1amo, cubierta sobre tabla de 6 mm en piel de cabra roja lisa.\">Binding: Artisan straight hemp, table cover over 6 mm in smooth red goat. <\/span><span title=\"Estampaci\u00f3n de oro id\u00e9ntico al original, 2 cierres y cantoneras met\u00e1licas, lomo con nervaduras.\">Gold stamping identical to the original, 2 locks and metal corners, ribbed back. <\/span><span title=\"Estuche para proteger el facs\u00edmile (formato 31 x 46,5 x 4,5 cm) adaptado para colocarse en el estante de la Biblioteca.\">Case to protect the facsimile format (31 x 46.5 x 4.5 cm) adapted to be placed on the shelf of the library.<br \/>\n<\/span><span title=\"Tirada venal: 666 ejemplares, numerados y certificados por notario. \u00a0\">Venal circulation: 666 copies, numbered and certified by a notary.<\/span><\/p>\n<p style=\"text-align: justify;\"><span title=\"Libro de estudios:\">Book of studies:<br \/>\n<\/span><span title=\"Texto y paleograf\u00eda: D. Alfonso Garc\u00eda Leal, Doctor en Filolog\u00eda cl\u00e1sica y Catedr\u00e1tico Universidad de Oviedo\">Text and paleography: D. Alfonso Garcia Leal, PhD in Classical Philology and Professor University of Oviedo<br \/>\n<\/span><span title=\"Miniaturas y comentarios: D\u00f1a. Juana Hidalgo Og\u00e1yar, Doctora en Filosof\u00eda y letras y profesora de Historia del Arte de la Universidad de Alcal\u00e1 de Henares (Madrid)\">Miniatures and comments. Ms. Juana Hidalgo Og\u00e1yar, Doctor of Philosophy and professor of Art History at the University of Alcala de Henares (Madrid)<br \/>\n<\/span><span title=\"Traducci\u00f3n: Varios colaboradores.\">Translation: Several contributors.<br \/>\n<\/span><span title=\"Presentaci\u00f3n: Tapa dura en tela estampada en oro con estuche lujo, 342 p\u00e1ginas con ciclo miniaturas a todo color.\">Presentation: Hardcover printed fabric with gold luxury case, 342 pages with full color thumbnails cycle.<\/span><\/p>\n<p style=\"text-align: justify;\"><span title=\"Ejemplar nuevo, a estrenar.\"><span lang=\"en\" xml:lang=\"en\"><span title=\"Este ejemplar que ofrecemos es de segunda mano, proveniente de colecci\u00f3n privada pero en perfecto estado, impecable, nuevo.\">This issue we offer is second hand, from private collection but in perfect condition, immaculate, new. <\/span><span title=\"Si puede permit\u00edrselo, no desaproveche esta excepcional oportunidad de poseer una copia de un c\u00f3dice 5 estrellas, parco quiz\u00e1s en n\u00famero de p\u00e1ginas pero grandioso en su tama\u00f1o, presencia, iluminaci\u00f3n y calidad.\">If you can afford it, do not miss this unique opportunity to own a copy of a codex 5 stars, perhaps sparing but great number of pages in size, presence, lighting and quality. <\/span><span title=\"S\u00f3lo disponemos de un ejemplar a este incre\u00edble precio.\">We only have a copy of this incredible price.<\/span><\/span><\/span><\/p>\n<p style=\"text-align: justify;\"><span title=\"Gastos de env\u00edo por cuenta del comprador, seg\u00fan pedido y destino.\"><span class=\"HwtZe\" lang=\"en\"><span class=\"jCAhz ChMk0b C1N51c\"><span class=\"ryNqvb\">Free shipping for this item<\/span><\/span><\/span>. <\/span><span title=\"Cons\u00faltenos cualquier duda, as\u00ed como por cualquier otro facs\u00edmile que est\u00e9 buscando.\"><a class=\"btn btn-default\" href=\"https:\/\/www.comprarmejor.es\/en\/contact\">Ask us<\/a> <span class=\"HwtZe\" lang=\"en\"><span class=\"jCAhz ChMk0b\"><span class=\"ryNqvb\">any questions you have, indicating the article reference.<\/span><\/span><\/span><br \/>\n<\/span><\/p>\n<p style=\"text-align: justify;\"><span lang=\"en\" xml:lang=\"en\"><span title=\"Cons\u00faltenos cualquier duda, as\u00ed como por cualquier otro facs\u00edmile que est\u00e9 buscando.\"><span lang=\"en\" xml:lang=\"en\"><span class=\"hps\">This<\/span> <span class=\"hps\">codex<\/span> <span class=\"hps\">there is<\/span> <span class=\"hps\">another cheaper<\/span> <span class=\"hps\">facsimile edition<\/span> <span class=\"hps\">of 1980<\/span> <span class=\"hps\">by<\/span> <span class=\"hps\">the<\/span> <span class=\"hps\">publishing<\/span> <span style=\"color: #d0121a;\"><strong><a href=\"http:\/\/comprarmejor.es\/en\/beatus-of-liebana\/115-revelation-figurative-of-the-dukes-of-savoy-fifteenth-century-edilan\" target=\"_blank\" rel=\"noopener noreferrer\"><span class=\"hps\" style=\"color: #d0121a;\">Edil\u00e1n<\/span><\/a><\/strong><\/span> <span class=\"hps\">also<\/span> <span class=\"hps\">available on our website<\/span>.<\/span><\/span><\/span><\/p>\n","protected":false},"excerpt":{"rendered":"<p style=\"text-align: justify;\"><span id=\"result_box\" lang=\"en\" xml:lang=\"en\"><span title=\"Apocalipsis de la Biblioteca del Real Monasterio de San Lorenzo de El Escorial, Cod. Vitrina 1, tambi\u00e9n conocido como Apocalipsis Figurado de los Duques de Saboya.\"><span lang=\"en\" xml:lang=\"en\"><span title=\"\u00a1Un 5 estrellas en toda gran Biblioteca!\"><span lang=\"en\" xml:lang=\"en\">This facsimile is part of the <strong>Spectacular Library<\/strong>.<br \/>\nApocalypse of the Library of the Royal Monastery of El Escorial, Cod. Vitrina 1, also known as Figurative Apocalypse of the Dukes of Savoy. Exemplary corresponding to the edition of Versol.<\/span><\/span><\/span><\/span><\/span><\/p>\n","protected":false},"featured_media":47621,"template":"","meta":[],"product_brand":[],"product_cat":[2204,5118,2220,2200],"product_tag":[5256,3984,4022],"class_list":{"0":"post-47641","1":"product","2":"type-product","3":"status-publish","4":"has-post-thumbnail","6":"product_cat-beatus-of-liebana","7":"product_cat-bindings","8":"product_cat-special-offers","9":"product_cat-spectacular-library","10":"product_tag-apocalipsis-en","11":"product_tag-escorial-en-2","12":"product_tag-versol-en","13":"description-off","15":"first","16":"instock","17":"sale","18":"taxable","19":"shipping-taxable","20":"purchasable","21":"product-type-simple"},"yoast_head":"<!-- This site is optimized with the Yoast SEO plugin v27.3 - https:\/\/yoast.com\/product\/yoast-seo-wordpress\/ -->\n<title>El Escorial Revelation (Figurado of the Dukes of Savoy) s. XV<\/title>\n<meta name=\"description\" content=\"Revelation of the Library of the Royal Monastery of San Lorenzo de El Escorial, Cod. Window 1, also known as the Apocalypse Figurado of the Dukes of Savoy.\" \/>\n<meta name=\"robots\" content=\"index, follow, max-snippet:-1, max-image-preview:large, max-video-preview:-1\" \/>\n<link rel=\"canonical\" href=\"https:\/\/www.comprarmejor.es\/en\/product\/el-escorial-revelation-apocalypse-figurado-of-the-dukes-of-savoy-s-xv-versol\/\" \/>\n<meta property=\"og:locale\" content=\"en_US\" \/>\n<meta property=\"og:type\" content=\"article\" \/>\n<meta property=\"og:title\" content=\"El Escorial Revelation (Figurado of the Dukes of Savoy) s. XV\" \/>\n<meta property=\"og:description\" content=\"Revelation of the Library of the Royal Monastery of San Lorenzo de El Escorial, Cod. Window 1, also known as the Apocalypse Figurado of the Dukes of Savoy.\" \/>\n<meta property=\"og:url\" content=\"https:\/\/www.comprarmejor.es\/en\/product\/el-escorial-revelation-apocalypse-figurado-of-the-dukes-of-savoy-s-xv-versol\/\" \/>\n<meta property=\"og:site_name\" content=\"ComprarMejor\" \/>\n<meta property=\"article:modified_time\" content=\"2022-12-18T10:26:58+00:00\" \/>\n<meta property=\"og:image\" content=\"https:\/\/www.comprarmejor.es\/wp-content\/uploads\/2015\/09\/p_6_0_5_605-Apocalipsis-de-El-Escorial-Apocalipsis-Figurado-de-los-Duques-de-Saboya-s.-XV-Versol.jpg\" \/>\n\t<meta property=\"og:image:width\" content=\"600\" \/>\n\t<meta property=\"og:image:height\" content=\"345\" \/>\n\t<meta property=\"og:image:type\" content=\"image\/jpeg\" \/>\n<meta name=\"twitter:card\" content=\"summary_large_image\" \/>\n<meta name=\"twitter:label1\" content=\"Est. reading time\" \/>\n\t<meta name=\"twitter:data1\" content=\"2 minutes\" \/>\n<script type=\"application\/ld+json\" class=\"yoast-schema-graph\">{\"@context\":\"https:\\\/\\\/schema.org\",\"@graph\":[{\"@type\":\"WebPage\",\"@id\":\"https:\\\/\\\/www.comprarmejor.es\\\/en\\\/product\\\/el-escorial-revelation-apocalypse-figurado-of-the-dukes-of-savoy-s-xv-versol\\\/\",\"url\":\"https:\\\/\\\/www.comprarmejor.es\\\/en\\\/product\\\/el-escorial-revelation-apocalypse-figurado-of-the-dukes-of-savoy-s-xv-versol\\\/\",\"name\":\"El Escorial Revelation (Figurado of the Dukes of Savoy) s. XV\",\"isPartOf\":{\"@id\":\"https:\\\/\\\/www.comprarmejor.es\\\/en\\\/#website\"},\"primaryImageOfPage\":{\"@id\":\"https:\\\/\\\/www.comprarmejor.es\\\/en\\\/product\\\/el-escorial-revelation-apocalypse-figurado-of-the-dukes-of-savoy-s-xv-versol\\\/#primaryimage\"},\"image\":{\"@id\":\"https:\\\/\\\/www.comprarmejor.es\\\/en\\\/product\\\/el-escorial-revelation-apocalypse-figurado-of-the-dukes-of-savoy-s-xv-versol\\\/#primaryimage\"},\"thumbnailUrl\":\"https:\\\/\\\/www.comprarmejor.es\\\/wp-content\\\/uploads\\\/2015\\\/09\\\/p_6_0_5_605-Apocalipsis-de-El-Escorial-Apocalipsis-Figurado-de-los-Duques-de-Saboya-s.-XV-Versol.jpg\",\"datePublished\":\"2015-09-17T16:16:10+00:00\",\"dateModified\":\"2022-12-18T10:26:58+00:00\",\"description\":\"Revelation of the Library of the Royal Monastery of San Lorenzo de El Escorial, Cod. Window 1, also known as the Apocalypse Figurado of the Dukes of Savoy.\",\"breadcrumb\":{\"@id\":\"https:\\\/\\\/www.comprarmejor.es\\\/en\\\/product\\\/el-escorial-revelation-apocalypse-figurado-of-the-dukes-of-savoy-s-xv-versol\\\/#breadcrumb\"},\"inLanguage\":\"en-US\",\"potentialAction\":[{\"@type\":\"ReadAction\",\"target\":[\"https:\\\/\\\/www.comprarmejor.es\\\/en\\\/product\\\/el-escorial-revelation-apocalypse-figurado-of-the-dukes-of-savoy-s-xv-versol\\\/\"]}]},{\"@type\":\"ImageObject\",\"inLanguage\":\"en-US\",\"@id\":\"https:\\\/\\\/www.comprarmejor.es\\\/en\\\/product\\\/el-escorial-revelation-apocalypse-figurado-of-the-dukes-of-savoy-s-xv-versol\\\/#primaryimage\",\"url\":\"https:\\\/\\\/www.comprarmejor.es\\\/wp-content\\\/uploads\\\/2015\\\/09\\\/p_6_0_5_605-Apocalipsis-de-El-Escorial-Apocalipsis-Figurado-de-los-Duques-de-Saboya-s.-XV-Versol.jpg\",\"contentUrl\":\"https:\\\/\\\/www.comprarmejor.es\\\/wp-content\\\/uploads\\\/2015\\\/09\\\/p_6_0_5_605-Apocalipsis-de-El-Escorial-Apocalipsis-Figurado-de-los-Duques-de-Saboya-s.-XV-Versol.jpg\",\"width\":600,\"height\":345},{\"@type\":\"BreadcrumbList\",\"@id\":\"https:\\\/\\\/www.comprarmejor.es\\\/en\\\/product\\\/el-escorial-revelation-apocalypse-figurado-of-the-dukes-of-savoy-s-xv-versol\\\/#breadcrumb\",\"itemListElement\":[{\"@type\":\"ListItem\",\"position\":1,\"name\":\"Portada\",\"item\":\"https:\\\/\\\/www.comprarmejor.es\\\/en\\\/\"},{\"@type\":\"ListItem\",\"position\":2,\"name\":\"Shop\",\"item\":\"https:\\\/\\\/www.comprarmejor.es\\\/en\\\/shop\\\/\"},{\"@type\":\"ListItem\",\"position\":3,\"name\":\"El Escorial Revelation (Apocalypse Figurado of the Dukes of Savoy), s. XV (Versol) (5*)\"}]},{\"@type\":\"WebSite\",\"@id\":\"https:\\\/\\\/www.comprarmejor.es\\\/en\\\/#website\",\"url\":\"https:\\\/\\\/www.comprarmejor.es\\\/en\\\/\",\"name\":\"ComprarMejor\",\"description\":\"ComprarMejor\",\"publisher\":{\"@id\":\"https:\\\/\\\/www.comprarmejor.es\\\/en\\\/#organization\"},\"potentialAction\":[{\"@type\":\"SearchAction\",\"target\":{\"@type\":\"EntryPoint\",\"urlTemplate\":\"https:\\\/\\\/www.comprarmejor.es\\\/en\\\/?s={search_term_string}\"},\"query-input\":{\"@type\":\"PropertyValueSpecification\",\"valueRequired\":true,\"valueName\":\"search_term_string\"}}],\"inLanguage\":\"en-US\"},{\"@type\":\"Organization\",\"@id\":\"https:\\\/\\\/www.comprarmejor.es\\\/en\\\/#organization\",\"name\":\"COMPRAR MEJOR\",\"url\":\"https:\\\/\\\/www.comprarmejor.es\\\/en\\\/\",\"logo\":{\"@type\":\"ImageObject\",\"inLanguage\":\"en-US\",\"@id\":\"https:\\\/\\\/www.comprarmejor.es\\\/en\\\/#\\\/schema\\\/logo\\\/image\\\/\",\"url\":\"https:\\\/\\\/www.comprarmejor.es\\\/wp-content\\\/uploads\\\/2025\\\/09\\\/comprarmejortrinidad.jpg\",\"contentUrl\":\"https:\\\/\\\/www.comprarmejor.es\\\/wp-content\\\/uploads\\\/2025\\\/09\\\/comprarmejortrinidad.jpg\",\"width\":1022,\"height\":1380,\"caption\":\"COMPRAR MEJOR\"},\"image\":{\"@id\":\"https:\\\/\\\/www.comprarmejor.es\\\/en\\\/#\\\/schema\\\/logo\\\/image\\\/\"},\"sameAs\":[\"https:\\\/\\\/www.instagram.com\\\/amigosdelcodice\"]}]}<\/script>\n<!-- \/ Yoast SEO plugin. -->","yoast_head_json":{"title":"El Escorial Revelation (Figurado of the Dukes of Savoy) s. XV","description":"Revelation of the Library of the Royal Monastery of San Lorenzo de El Escorial, Cod. Window 1, also known as the Apocalypse Figurado of the Dukes of Savoy.","robots":{"index":"index","follow":"follow","max-snippet":"max-snippet:-1","max-image-preview":"max-image-preview:large","max-video-preview":"max-video-preview:-1"},"canonical":"https:\/\/www.comprarmejor.es\/en\/product\/el-escorial-revelation-apocalypse-figurado-of-the-dukes-of-savoy-s-xv-versol\/","og_locale":"en_US","og_type":"article","og_title":"El Escorial Revelation (Figurado of the Dukes of Savoy) s. XV","og_description":"Revelation of the Library of the Royal Monastery of San Lorenzo de El Escorial, Cod. Window 1, also known as the Apocalypse Figurado of the Dukes of Savoy.","og_url":"https:\/\/www.comprarmejor.es\/en\/product\/el-escorial-revelation-apocalypse-figurado-of-the-dukes-of-savoy-s-xv-versol\/","og_site_name":"ComprarMejor","article_modified_time":"2022-12-18T10:26:58+00:00","og_image":[{"width":600,"height":345,"url":"https:\/\/www.comprarmejor.es\/wp-content\/uploads\/2015\/09\/p_6_0_5_605-Apocalipsis-de-El-Escorial-Apocalipsis-Figurado-de-los-Duques-de-Saboya-s.-XV-Versol.jpg","type":"image\/jpeg"}],"twitter_card":"summary_large_image","twitter_misc":{"Est. reading time":"2 minutes"},"schema":{"@context":"https:\/\/schema.org","@graph":[{"@type":"WebPage","@id":"https:\/\/www.comprarmejor.es\/en\/product\/el-escorial-revelation-apocalypse-figurado-of-the-dukes-of-savoy-s-xv-versol\/","url":"https:\/\/www.comprarmejor.es\/en\/product\/el-escorial-revelation-apocalypse-figurado-of-the-dukes-of-savoy-s-xv-versol\/","name":"El Escorial Revelation (Figurado of the Dukes of Savoy) s. XV","isPartOf":{"@id":"https:\/\/www.comprarmejor.es\/en\/#website"},"primaryImageOfPage":{"@id":"https:\/\/www.comprarmejor.es\/en\/product\/el-escorial-revelation-apocalypse-figurado-of-the-dukes-of-savoy-s-xv-versol\/#primaryimage"},"image":{"@id":"https:\/\/www.comprarmejor.es\/en\/product\/el-escorial-revelation-apocalypse-figurado-of-the-dukes-of-savoy-s-xv-versol\/#primaryimage"},"thumbnailUrl":"https:\/\/www.comprarmejor.es\/wp-content\/uploads\/2015\/09\/p_6_0_5_605-Apocalipsis-de-El-Escorial-Apocalipsis-Figurado-de-los-Duques-de-Saboya-s.-XV-Versol.jpg","datePublished":"2015-09-17T16:16:10+00:00","dateModified":"2022-12-18T10:26:58+00:00","description":"Revelation of the Library of the Royal Monastery of San Lorenzo de El Escorial, Cod. Window 1, also known as the Apocalypse Figurado of the Dukes of Savoy.","breadcrumb":{"@id":"https:\/\/www.comprarmejor.es\/en\/product\/el-escorial-revelation-apocalypse-figurado-of-the-dukes-of-savoy-s-xv-versol\/#breadcrumb"},"inLanguage":"en-US","potentialAction":[{"@type":"ReadAction","target":["https:\/\/www.comprarmejor.es\/en\/product\/el-escorial-revelation-apocalypse-figurado-of-the-dukes-of-savoy-s-xv-versol\/"]}]},{"@type":"ImageObject","inLanguage":"en-US","@id":"https:\/\/www.comprarmejor.es\/en\/product\/el-escorial-revelation-apocalypse-figurado-of-the-dukes-of-savoy-s-xv-versol\/#primaryimage","url":"https:\/\/www.comprarmejor.es\/wp-content\/uploads\/2015\/09\/p_6_0_5_605-Apocalipsis-de-El-Escorial-Apocalipsis-Figurado-de-los-Duques-de-Saboya-s.-XV-Versol.jpg","contentUrl":"https:\/\/www.comprarmejor.es\/wp-content\/uploads\/2015\/09\/p_6_0_5_605-Apocalipsis-de-El-Escorial-Apocalipsis-Figurado-de-los-Duques-de-Saboya-s.-XV-Versol.jpg","width":600,"height":345},{"@type":"BreadcrumbList","@id":"https:\/\/www.comprarmejor.es\/en\/product\/el-escorial-revelation-apocalypse-figurado-of-the-dukes-of-savoy-s-xv-versol\/#breadcrumb","itemListElement":[{"@type":"ListItem","position":1,"name":"Portada","item":"https:\/\/www.comprarmejor.es\/en\/"},{"@type":"ListItem","position":2,"name":"Shop","item":"https:\/\/www.comprarmejor.es\/en\/shop\/"},{"@type":"ListItem","position":3,"name":"El Escorial Revelation (Apocalypse Figurado of the Dukes of Savoy), s. XV (Versol) (5*)"}]},{"@type":"WebSite","@id":"https:\/\/www.comprarmejor.es\/en\/#website","url":"https:\/\/www.comprarmejor.es\/en\/","name":"ComprarMejor","description":"ComprarMejor","publisher":{"@id":"https:\/\/www.comprarmejor.es\/en\/#organization"},"potentialAction":[{"@type":"SearchAction","target":{"@type":"EntryPoint","urlTemplate":"https:\/\/www.comprarmejor.es\/en\/?s={search_term_string}"},"query-input":{"@type":"PropertyValueSpecification","valueRequired":true,"valueName":"search_term_string"}}],"inLanguage":"en-US"},{"@type":"Organization","@id":"https:\/\/www.comprarmejor.es\/en\/#organization","name":"COMPRAR MEJOR","url":"https:\/\/www.comprarmejor.es\/en\/","logo":{"@type":"ImageObject","inLanguage":"en-US","@id":"https:\/\/www.comprarmejor.es\/en\/#\/schema\/logo\/image\/","url":"https:\/\/www.comprarmejor.es\/wp-content\/uploads\/2025\/09\/comprarmejortrinidad.jpg","contentUrl":"https:\/\/www.comprarmejor.es\/wp-content\/uploads\/2025\/09\/comprarmejortrinidad.jpg","width":1022,"height":1380,"caption":"COMPRAR MEJOR"},"image":{"@id":"https:\/\/www.comprarmejor.es\/en\/#\/schema\/logo\/image\/"},"sameAs":["https:\/\/www.instagram.com\/amigosdelcodice"]}]}},"_links":{"self":[{"href":"https:\/\/www.comprarmejor.es\/en\/wp-json\/wp\/v2\/product\/47641","targetHints":{"allow":["GET"]}}],"collection":[{"href":"https:\/\/www.comprarmejor.es\/en\/wp-json\/wp\/v2\/product"}],"about":[{"href":"https:\/\/www.comprarmejor.es\/en\/wp-json\/wp\/v2\/types\/product"}],"wp:featuredmedia":[{"embeddable":true,"href":"https:\/\/www.comprarmejor.es\/en\/wp-json\/wp\/v2\/media\/47621"}],"wp:attachment":[{"href":"https:\/\/www.comprarmejor.es\/en\/wp-json\/wp\/v2\/media?parent=47641"}],"wp:term":[{"taxonomy":"product_brand","embeddable":true,"href":"https:\/\/www.comprarmejor.es\/en\/wp-json\/wp\/v2\/product_brand?post=47641"},{"taxonomy":"product_cat","embeddable":true,"href":"https:\/\/www.comprarmejor.es\/en\/wp-json\/wp\/v2\/product_cat?post=47641"},{"taxonomy":"product_tag","embeddable":true,"href":"https:\/\/www.comprarmejor.es\/en\/wp-json\/wp\/v2\/product_tag?post=47641"}],"curies":[{"name":"wp","href":"https:\/\/api.w.org\/{rel}","templated":true}]}}