{"id":47651,"date":"2015-09-18T18:12:14","date_gmt":"2015-09-18T16:12:14","guid":{"rendered":"https:\/\/www.comprarmejor.es\/producto\/will-and-codicil-of-isabel-the-catholic-s-xvi\/"},"modified":"2026-05-04T11:30:23","modified_gmt":"2026-05-04T09:30:23","slug":"testament-of-isabella-the-catholic-and-marriage-certificate-xv-and-xvi-centuries","status":"publish","type":"product","link":"https:\/\/www.comprarmejor.es\/en\/product\/testament-of-isabella-the-catholic-and-marriage-certificate-xv-and-xvi-centuries\/","title":{"rendered":"Testament of Isabella the Catholic and Marriage Certificate, XV and XVI centuries"},"content":{"rendered":"<p><span class=\"HwtZe\" lang=\"en\"><span class=\"jCAhz ChMk0b\"><span class=\"ryNqvb\">ARTICLE FOR INFORMATIONAL PURPOSES ONLY<\/span><\/span><\/span><\/p>\n<p style=\"text-align: justify;\">Facsimile reproduction made in 1992 by the editorial Testimony of the Marriage Act and the Testament of Isabella the Catholic, two very important documents in the history of Spain, with a total of 28 pages, dated respectively in 1469 and 1504. The marriage consecrates the union of their kingdoms and the Testament is a document that summarizes their political experiences. Both documents are kept in the General Archive of Simancas.<\/p>\n<p style=\"text-align: justify;\">The 96-page companion volume carries a study by Luis Su\u00e1rez Fern\u00e1ndez. The documents are arranged in a filing notebook, and the entire set is presented in a gray velvet case.<\/p>\n<p style=\"text-align: justify;\">This work won the Madrid Printers Guild Association Award, in the category of \u201cBest set of graphic processes\u201d.<\/p>\n<p style=\"text-align: justify;\">Limited and numbered edition.<\/p>\n<p style=\"text-align: justify;\"><span title=\"Gastos de env\u00edo por cuenta del comprador, seg\u00fan pedido y destino.\"><span class=\"VIiyi\" lang=\"en\"><span class=\"JLqJ4b\" data-language-for-alternatives=\"en\" data-language-to-translate-into=\"es\" data-phrase-index=\"0\" data-number-of-phrases=\"1\"><span class=\"Q4iAWc\">Retail Price: 1.458 \u20ac<\/span><\/span><\/span>. <\/span><span title=\"Cons\u00faltenos cualquier duda, as\u00ed como por cualquier otro facs\u00edmile que est\u00e9 buscando.\"><a class=\"btn btn-default\" href=\"https:\/\/www.comprarmejor.es\/en\/contact\/\">Ask us<\/a> <span class=\"VIiyi\" lang=\"en\"><span class=\"JLqJ4b\" data-language-for-alternatives=\"en\" data-language-to-translate-into=\"es\" data-phrase-index=\"0\" data-number-of-phrases=\"1\"><span class=\"Q4iAWc\">any questions you may have, indicating the article reference.<\/span><\/span><\/span><br \/>\n<\/span><\/p>\n","protected":false},"excerpt":{"rendered":"<p style=\"text-align: justify;\"><span id=\"result_box\" lang=\"en\" xml:lang=\"en\"><span title=\"Bella e impecable edici\u00f3n facs\u00edmile limitada pero no numerada.\"><span class=\"VIiyi\" lang=\"en\"><span class=\"JLqJ4b\" data-language-for-alternatives=\"en\" data-language-to-translate-into=\"es\" data-phrase-index=\"0\" data-number-of-phrases=\"1\"><span class=\"Q4iAWc\">Facsimile reproduction made in 1992 by the editorial Testimony of the Marriage Act and the Testament of Isabella the Catholic<\/span><\/span><\/span>,<\/span><\/span><\/p>\n","protected":false},"featured_media":77687,"template":"","meta":[],"product_brand":[],"product_cat":[2250],"product_tag":[5120,3999],"class_list":{"0":"post-47651","1":"product","2":"type-product","3":"status-publish","4":"has-post-thumbnail","6":"product_cat-other-facsimiles","7":"product_tag-history-en","8":"product_tag-testimonio-en","9":"description-off","11":"first","12":"instock","13":"taxable","14":"shipping-taxable","15":"purchasable","16":"product-type-simple"},"yoast_head":"<!-- This site is optimized with the Yoast SEO plugin v27.3 - https:\/\/yoast.com\/product\/yoast-seo-wordpress\/ -->\n<title>Testament of Isabella the Catholic and Marriage Certificate<\/title>\n<meta name=\"description\" content=\"Facsimile reproduction made in 1992 by the editorial Testimony of the Marriage Act and the Testament of Isabella the Catholic,\" \/>\n<meta name=\"robots\" content=\"index, follow, max-snippet:-1, max-image-preview:large, max-video-preview:-1\" \/>\n<link rel=\"canonical\" href=\"https:\/\/www.comprarmejor.es\/en\/product\/testament-of-isabella-the-catholic-and-marriage-certificate-xv-and-xvi-centuries\/\" \/>\n<meta property=\"og:locale\" content=\"en_US\" \/>\n<meta property=\"og:type\" content=\"article\" \/>\n<meta property=\"og:title\" content=\"Testament of Isabella the Catholic and Marriage Certificate\" \/>\n<meta property=\"og:description\" content=\"Facsimile reproduction made in 1992 by the editorial Testimony of the Marriage Act and the Testament of Isabella the Catholic,\" \/>\n<meta property=\"og:url\" content=\"https:\/\/www.comprarmejor.es\/en\/product\/testament-of-isabella-the-catholic-and-marriage-certificate-xv-and-xvi-centuries\/\" \/>\n<meta property=\"og:site_name\" content=\"ComprarMejor\" \/>\n<meta property=\"article:modified_time\" content=\"2026-05-04T09:30:23+00:00\" \/>\n<meta property=\"og:image\" content=\"https:\/\/www.comprarmejor.es\/wp-content\/uploads\/2015\/09\/TIC.jpg\" \/>\n\t<meta property=\"og:image:width\" content=\"554\" \/>\n\t<meta property=\"og:image:height\" content=\"349\" \/>\n\t<meta property=\"og:image:type\" content=\"image\/jpeg\" \/>\n<meta name=\"twitter:card\" content=\"summary_large_image\" \/>\n<meta name=\"twitter:label1\" content=\"Est. reading time\" \/>\n\t<meta name=\"twitter:data1\" content=\"1 minute\" \/>\n<script type=\"application\/ld+json\" class=\"yoast-schema-graph\">{\"@context\":\"https:\\\/\\\/schema.org\",\"@graph\":[{\"@type\":\"WebPage\",\"@id\":\"https:\\\/\\\/www.comprarmejor.es\\\/en\\\/product\\\/testament-of-isabella-the-catholic-and-marriage-certificate-xv-and-xvi-centuries\\\/\",\"url\":\"https:\\\/\\\/www.comprarmejor.es\\\/en\\\/product\\\/testament-of-isabella-the-catholic-and-marriage-certificate-xv-and-xvi-centuries\\\/\",\"name\":\"Testament of Isabella the Catholic and Marriage Certificate\",\"isPartOf\":{\"@id\":\"https:\\\/\\\/www.comprarmejor.es\\\/en\\\/#website\"},\"primaryImageOfPage\":{\"@id\":\"https:\\\/\\\/www.comprarmejor.es\\\/en\\\/product\\\/testament-of-isabella-the-catholic-and-marriage-certificate-xv-and-xvi-centuries\\\/#primaryimage\"},\"image\":{\"@id\":\"https:\\\/\\\/www.comprarmejor.es\\\/en\\\/product\\\/testament-of-isabella-the-catholic-and-marriage-certificate-xv-and-xvi-centuries\\\/#primaryimage\"},\"thumbnailUrl\":\"https:\\\/\\\/www.comprarmejor.es\\\/wp-content\\\/uploads\\\/2015\\\/09\\\/TIC.jpg\",\"datePublished\":\"2015-09-18T16:12:14+00:00\",\"dateModified\":\"2026-05-04T09:30:23+00:00\",\"description\":\"Facsimile reproduction made in 1992 by the editorial Testimony of the Marriage Act and the Testament of Isabella the Catholic,\",\"breadcrumb\":{\"@id\":\"https:\\\/\\\/www.comprarmejor.es\\\/en\\\/product\\\/testament-of-isabella-the-catholic-and-marriage-certificate-xv-and-xvi-centuries\\\/#breadcrumb\"},\"inLanguage\":\"en-US\",\"potentialAction\":[{\"@type\":\"ReadAction\",\"target\":[\"https:\\\/\\\/www.comprarmejor.es\\\/en\\\/product\\\/testament-of-isabella-the-catholic-and-marriage-certificate-xv-and-xvi-centuries\\\/\"]}]},{\"@type\":\"ImageObject\",\"inLanguage\":\"en-US\",\"@id\":\"https:\\\/\\\/www.comprarmejor.es\\\/en\\\/product\\\/testament-of-isabella-the-catholic-and-marriage-certificate-xv-and-xvi-centuries\\\/#primaryimage\",\"url\":\"https:\\\/\\\/www.comprarmejor.es\\\/wp-content\\\/uploads\\\/2015\\\/09\\\/TIC.jpg\",\"contentUrl\":\"https:\\\/\\\/www.comprarmejor.es\\\/wp-content\\\/uploads\\\/2015\\\/09\\\/TIC.jpg\",\"width\":554,\"height\":349},{\"@type\":\"BreadcrumbList\",\"@id\":\"https:\\\/\\\/www.comprarmejor.es\\\/en\\\/product\\\/testament-of-isabella-the-catholic-and-marriage-certificate-xv-and-xvi-centuries\\\/#breadcrumb\",\"itemListElement\":[{\"@type\":\"ListItem\",\"position\":1,\"name\":\"Portada\",\"item\":\"https:\\\/\\\/www.comprarmejor.es\\\/en\\\/\"},{\"@type\":\"ListItem\",\"position\":2,\"name\":\"Shop\",\"item\":\"https:\\\/\\\/www.comprarmejor.es\\\/en\\\/shop\\\/\"},{\"@type\":\"ListItem\",\"position\":3,\"name\":\"Testament of Isabella the Catholic and Marriage Certificate, XV and XVI centuries\"}]},{\"@type\":\"WebSite\",\"@id\":\"https:\\\/\\\/www.comprarmejor.es\\\/en\\\/#website\",\"url\":\"https:\\\/\\\/www.comprarmejor.es\\\/en\\\/\",\"name\":\"ComprarMejor\",\"description\":\"ComprarMejor\",\"publisher\":{\"@id\":\"https:\\\/\\\/www.comprarmejor.es\\\/en\\\/#organization\"},\"potentialAction\":[{\"@type\":\"SearchAction\",\"target\":{\"@type\":\"EntryPoint\",\"urlTemplate\":\"https:\\\/\\\/www.comprarmejor.es\\\/en\\\/?s={search_term_string}\"},\"query-input\":{\"@type\":\"PropertyValueSpecification\",\"valueRequired\":true,\"valueName\":\"search_term_string\"}}],\"inLanguage\":\"en-US\"},{\"@type\":\"Organization\",\"@id\":\"https:\\\/\\\/www.comprarmejor.es\\\/en\\\/#organization\",\"name\":\"COMPRAR MEJOR\",\"url\":\"https:\\\/\\\/www.comprarmejor.es\\\/en\\\/\",\"logo\":{\"@type\":\"ImageObject\",\"inLanguage\":\"en-US\",\"@id\":\"https:\\\/\\\/www.comprarmejor.es\\\/en\\\/#\\\/schema\\\/logo\\\/image\\\/\",\"url\":\"https:\\\/\\\/www.comprarmejor.es\\\/wp-content\\\/uploads\\\/2025\\\/09\\\/comprarmejortrinidad.jpg\",\"contentUrl\":\"https:\\\/\\\/www.comprarmejor.es\\\/wp-content\\\/uploads\\\/2025\\\/09\\\/comprarmejortrinidad.jpg\",\"width\":1022,\"height\":1380,\"caption\":\"COMPRAR MEJOR\"},\"image\":{\"@id\":\"https:\\\/\\\/www.comprarmejor.es\\\/en\\\/#\\\/schema\\\/logo\\\/image\\\/\"},\"sameAs\":[\"https:\\\/\\\/www.instagram.com\\\/amigosdelcodice\"]}]}<\/script>\n<!-- \/ Yoast SEO plugin. -->","yoast_head_json":{"title":"Testament of Isabella the Catholic and Marriage Certificate","description":"Facsimile reproduction made in 1992 by the editorial Testimony of the Marriage Act and the Testament of Isabella the Catholic,","robots":{"index":"index","follow":"follow","max-snippet":"max-snippet:-1","max-image-preview":"max-image-preview:large","max-video-preview":"max-video-preview:-1"},"canonical":"https:\/\/www.comprarmejor.es\/en\/product\/testament-of-isabella-the-catholic-and-marriage-certificate-xv-and-xvi-centuries\/","og_locale":"en_US","og_type":"article","og_title":"Testament of Isabella the Catholic and Marriage Certificate","og_description":"Facsimile reproduction made in 1992 by the editorial Testimony of the Marriage Act and the Testament of Isabella the Catholic,","og_url":"https:\/\/www.comprarmejor.es\/en\/product\/testament-of-isabella-the-catholic-and-marriage-certificate-xv-and-xvi-centuries\/","og_site_name":"ComprarMejor","article_modified_time":"2026-05-04T09:30:23+00:00","og_image":[{"width":554,"height":349,"url":"https:\/\/www.comprarmejor.es\/wp-content\/uploads\/2015\/09\/TIC.jpg","type":"image\/jpeg"}],"twitter_card":"summary_large_image","twitter_misc":{"Est. reading time":"1 minute"},"schema":{"@context":"https:\/\/schema.org","@graph":[{"@type":"WebPage","@id":"https:\/\/www.comprarmejor.es\/en\/product\/testament-of-isabella-the-catholic-and-marriage-certificate-xv-and-xvi-centuries\/","url":"https:\/\/www.comprarmejor.es\/en\/product\/testament-of-isabella-the-catholic-and-marriage-certificate-xv-and-xvi-centuries\/","name":"Testament of Isabella the Catholic and Marriage Certificate","isPartOf":{"@id":"https:\/\/www.comprarmejor.es\/en\/#website"},"primaryImageOfPage":{"@id":"https:\/\/www.comprarmejor.es\/en\/product\/testament-of-isabella-the-catholic-and-marriage-certificate-xv-and-xvi-centuries\/#primaryimage"},"image":{"@id":"https:\/\/www.comprarmejor.es\/en\/product\/testament-of-isabella-the-catholic-and-marriage-certificate-xv-and-xvi-centuries\/#primaryimage"},"thumbnailUrl":"https:\/\/www.comprarmejor.es\/wp-content\/uploads\/2015\/09\/TIC.jpg","datePublished":"2015-09-18T16:12:14+00:00","dateModified":"2026-05-04T09:30:23+00:00","description":"Facsimile reproduction made in 1992 by the editorial Testimony of the Marriage Act and the Testament of Isabella the Catholic,","breadcrumb":{"@id":"https:\/\/www.comprarmejor.es\/en\/product\/testament-of-isabella-the-catholic-and-marriage-certificate-xv-and-xvi-centuries\/#breadcrumb"},"inLanguage":"en-US","potentialAction":[{"@type":"ReadAction","target":["https:\/\/www.comprarmejor.es\/en\/product\/testament-of-isabella-the-catholic-and-marriage-certificate-xv-and-xvi-centuries\/"]}]},{"@type":"ImageObject","inLanguage":"en-US","@id":"https:\/\/www.comprarmejor.es\/en\/product\/testament-of-isabella-the-catholic-and-marriage-certificate-xv-and-xvi-centuries\/#primaryimage","url":"https:\/\/www.comprarmejor.es\/wp-content\/uploads\/2015\/09\/TIC.jpg","contentUrl":"https:\/\/www.comprarmejor.es\/wp-content\/uploads\/2015\/09\/TIC.jpg","width":554,"height":349},{"@type":"BreadcrumbList","@id":"https:\/\/www.comprarmejor.es\/en\/product\/testament-of-isabella-the-catholic-and-marriage-certificate-xv-and-xvi-centuries\/#breadcrumb","itemListElement":[{"@type":"ListItem","position":1,"name":"Portada","item":"https:\/\/www.comprarmejor.es\/en\/"},{"@type":"ListItem","position":2,"name":"Shop","item":"https:\/\/www.comprarmejor.es\/en\/shop\/"},{"@type":"ListItem","position":3,"name":"Testament of Isabella the Catholic and Marriage Certificate, XV and XVI centuries"}]},{"@type":"WebSite","@id":"https:\/\/www.comprarmejor.es\/en\/#website","url":"https:\/\/www.comprarmejor.es\/en\/","name":"ComprarMejor","description":"ComprarMejor","publisher":{"@id":"https:\/\/www.comprarmejor.es\/en\/#organization"},"potentialAction":[{"@type":"SearchAction","target":{"@type":"EntryPoint","urlTemplate":"https:\/\/www.comprarmejor.es\/en\/?s={search_term_string}"},"query-input":{"@type":"PropertyValueSpecification","valueRequired":true,"valueName":"search_term_string"}}],"inLanguage":"en-US"},{"@type":"Organization","@id":"https:\/\/www.comprarmejor.es\/en\/#organization","name":"COMPRAR MEJOR","url":"https:\/\/www.comprarmejor.es\/en\/","logo":{"@type":"ImageObject","inLanguage":"en-US","@id":"https:\/\/www.comprarmejor.es\/en\/#\/schema\/logo\/image\/","url":"https:\/\/www.comprarmejor.es\/wp-content\/uploads\/2025\/09\/comprarmejortrinidad.jpg","contentUrl":"https:\/\/www.comprarmejor.es\/wp-content\/uploads\/2025\/09\/comprarmejortrinidad.jpg","width":1022,"height":1380,"caption":"COMPRAR MEJOR"},"image":{"@id":"https:\/\/www.comprarmejor.es\/en\/#\/schema\/logo\/image\/"},"sameAs":["https:\/\/www.instagram.com\/amigosdelcodice"]}]}},"_links":{"self":[{"href":"https:\/\/www.comprarmejor.es\/en\/wp-json\/wp\/v2\/product\/47651","targetHints":{"allow":["GET"]}}],"collection":[{"href":"https:\/\/www.comprarmejor.es\/en\/wp-json\/wp\/v2\/product"}],"about":[{"href":"https:\/\/www.comprarmejor.es\/en\/wp-json\/wp\/v2\/types\/product"}],"wp:featuredmedia":[{"embeddable":true,"href":"https:\/\/www.comprarmejor.es\/en\/wp-json\/wp\/v2\/media\/77687"}],"wp:attachment":[{"href":"https:\/\/www.comprarmejor.es\/en\/wp-json\/wp\/v2\/media?parent=47651"}],"wp:term":[{"taxonomy":"product_brand","embeddable":true,"href":"https:\/\/www.comprarmejor.es\/en\/wp-json\/wp\/v2\/product_brand?post=47651"},{"taxonomy":"product_cat","embeddable":true,"href":"https:\/\/www.comprarmejor.es\/en\/wp-json\/wp\/v2\/product_cat?post=47651"},{"taxonomy":"product_tag","embeddable":true,"href":"https:\/\/www.comprarmejor.es\/en\/wp-json\/wp\/v2\/product_tag?post=47651"}],"curies":[{"name":"wp","href":"https:\/\/api.w.org\/{rel}","templated":true}]}}