{"id":47689,"date":"2015-09-19T00:34:19","date_gmt":"2015-09-18T22:34:19","guid":{"rendered":"https:\/\/www.comprarmejor.es\/producto\/anecdotes-stories-and-hunting-scenes\/"},"modified":"2019-09-11T11:31:06","modified_gmt":"2019-09-11T09:31:06","slug":"anecdotes-stories-and-hunting-scenes","status":"publish","type":"product","link":"https:\/\/www.comprarmejor.es\/en\/product\/anecdotes-stories-and-hunting-scenes\/","title":{"rendered":"Anecdotes, Stories and Hunting Scenes"},"content":{"rendered":"<p style=\"text-align:justify;\"><span id=\"result_box\" lang=\"en\" xml:lang=\"en\"><span title=\"Gastos de env\u00edo por cuenta del comprador, seg\u00fan pedido y destino.\"><span lang=\"en\" xml:lang=\"en\">Beautiful edition of 1996, in Madrid, of a selection of 50 engravings and stories of the English work &#8220;Foreign field sports, fisheries, sporting anecdotes&#8221;, printed in London in 1813.<\/p>\n<p>A volume with texts in Spanish illustrated with 50 plates and illustrations between text, all in color, bound in hardcover with gold and mosaic prints. Special edition of 100 numbered copies on laid wire paper. Format 22.7 x 32 cm. 246 pages.<\/p>\n<p>Translation and prologue by Jos\u00e9 Luis L\u00f3pez.<\/p>\n<p>Beautiful example and in perfect\u00a0<\/span><span lang=\"en\" xml:lang=\"en\">condition.<\/p>\n<p>Shipping<\/span> by the buyer, upon request and destination.\u00a0<\/span><span title=\"Cons\u00faltenos cualquier duda, as\u00ed como por cualquier otro facs\u00edmile que est\u00e9 buscando.\"><a class=\"btn btn-default\" href=\"https:\/\/comprarmejor.es\/en\/contact\">Ask us<\/a> <span lang=\"en\" xml:lang=\"en\">without obligation (indicating the reference of the article) any doubt.<\/span><br \/><\/span><\/span><\/p>\n","protected":false},"excerpt":{"rendered":"<p style=\"text-align:justify;\"><span id=\"result_box\" lang=\"en\" xml:lang=\"en\"><span title=\"11254.\"><span lang=\"en\" xml:lang=\"en\">Beautiful edition of 1996, in Madrid, of a selection of 50 engravings and stories of the English work &#8220;Foreign field sports, fisheries, sporting anecdotes&#8221; (foreign field sports, fisheries, sports anecdotes), printed in London in 1813.<\/span><\/span><\/span><\/p>\n","protected":false},"featured_media":47679,"template":"","meta":[],"product_brand":[],"product_cat":[2210,2188],"product_tag":[5822],"class_list":{"0":"post-47689","1":"product","2":"type-product","3":"status-publish","4":"has-post-thumbnail","6":"product_cat-bibliophilia","7":"product_cat-books","8":"product_tag-bibliofilia-en","9":"product_shipping_class-from-0-to-1-kg","10":"description-off","12":"first","13":"instock","14":"sale","15":"taxable","16":"shipping-taxable","17":"purchasable","18":"product-type-simple"},"yoast_head":"<!-- This site is optimized with the Yoast SEO plugin v27.3 - https:\/\/yoast.com\/product\/yoast-seo-wordpress\/ -->\n<title>Anecdotes, Stories and Hunting Scenes<\/title>\n<meta name=\"description\" content=\"Edition of 1996 of a selection of 50 engravings and stories of the English work &quot;Foreign field sports, fisheries, sporting anecdotes&quot;, printed in London in 1813\" \/>\n<meta name=\"robots\" content=\"index, follow, max-snippet:-1, max-image-preview:large, max-video-preview:-1\" \/>\n<link rel=\"canonical\" href=\"https:\/\/www.comprarmejor.es\/en\/product\/anecdotes-stories-and-hunting-scenes\/\" \/>\n<meta property=\"og:locale\" content=\"en_US\" \/>\n<meta property=\"og:type\" content=\"article\" \/>\n<meta property=\"og:title\" content=\"Anecdotes, Stories and Hunting Scenes\" \/>\n<meta property=\"og:description\" content=\"Edition of 1996 of a selection of 50 engravings and stories of the English work &quot;Foreign field sports, fisheries, sporting anecdotes&quot;, printed in London in 1813\" \/>\n<meta property=\"og:url\" content=\"https:\/\/www.comprarmejor.es\/en\/product\/anecdotes-stories-and-hunting-scenes\/\" \/>\n<meta property=\"og:site_name\" content=\"ComprarMejor\" \/>\n<meta property=\"article:modified_time\" content=\"2019-09-11T09:31:06+00:00\" \/>\n<meta property=\"og:image\" content=\"https:\/\/www.comprarmejor.es\/wp-content\/uploads\/2015\/09\/p_6_8_1_3_6813-Anecdotas-Relatos-y-Escenas-de-Caza.jpg\" \/>\n\t<meta property=\"og:image:width\" content=\"450\" \/>\n\t<meta property=\"og:image:height\" content=\"598\" \/>\n\t<meta property=\"og:image:type\" content=\"image\/jpeg\" \/>\n<meta name=\"twitter:card\" content=\"summary_large_image\" \/>\n<script type=\"application\/ld+json\" class=\"yoast-schema-graph\">{\"@context\":\"https:\\\/\\\/schema.org\",\"@graph\":[{\"@type\":\"WebPage\",\"@id\":\"https:\\\/\\\/www.comprarmejor.es\\\/en\\\/product\\\/anecdotes-stories-and-hunting-scenes\\\/\",\"url\":\"https:\\\/\\\/www.comprarmejor.es\\\/en\\\/product\\\/anecdotes-stories-and-hunting-scenes\\\/\",\"name\":\"Anecdotes, Stories and Hunting Scenes\",\"isPartOf\":{\"@id\":\"https:\\\/\\\/www.comprarmejor.es\\\/en\\\/#website\"},\"primaryImageOfPage\":{\"@id\":\"https:\\\/\\\/www.comprarmejor.es\\\/en\\\/product\\\/anecdotes-stories-and-hunting-scenes\\\/#primaryimage\"},\"image\":{\"@id\":\"https:\\\/\\\/www.comprarmejor.es\\\/en\\\/product\\\/anecdotes-stories-and-hunting-scenes\\\/#primaryimage\"},\"thumbnailUrl\":\"https:\\\/\\\/www.comprarmejor.es\\\/wp-content\\\/uploads\\\/2015\\\/09\\\/p_6_8_1_3_6813-Anecdotas-Relatos-y-Escenas-de-Caza.jpg\",\"datePublished\":\"2015-09-18T22:34:19+00:00\",\"dateModified\":\"2019-09-11T09:31:06+00:00\",\"description\":\"Edition of 1996 of a selection of 50 engravings and stories of the English work \\\"Foreign field sports, fisheries, sporting anecdotes\\\", printed in London in 1813\",\"breadcrumb\":{\"@id\":\"https:\\\/\\\/www.comprarmejor.es\\\/en\\\/product\\\/anecdotes-stories-and-hunting-scenes\\\/#breadcrumb\"},\"inLanguage\":\"en-US\",\"potentialAction\":[{\"@type\":\"ReadAction\",\"target\":[\"https:\\\/\\\/www.comprarmejor.es\\\/en\\\/product\\\/anecdotes-stories-and-hunting-scenes\\\/\"]}]},{\"@type\":\"ImageObject\",\"inLanguage\":\"en-US\",\"@id\":\"https:\\\/\\\/www.comprarmejor.es\\\/en\\\/product\\\/anecdotes-stories-and-hunting-scenes\\\/#primaryimage\",\"url\":\"https:\\\/\\\/www.comprarmejor.es\\\/wp-content\\\/uploads\\\/2015\\\/09\\\/p_6_8_1_3_6813-Anecdotas-Relatos-y-Escenas-de-Caza.jpg\",\"contentUrl\":\"https:\\\/\\\/www.comprarmejor.es\\\/wp-content\\\/uploads\\\/2015\\\/09\\\/p_6_8_1_3_6813-Anecdotas-Relatos-y-Escenas-de-Caza.jpg\",\"width\":450,\"height\":598},{\"@type\":\"BreadcrumbList\",\"@id\":\"https:\\\/\\\/www.comprarmejor.es\\\/en\\\/product\\\/anecdotes-stories-and-hunting-scenes\\\/#breadcrumb\",\"itemListElement\":[{\"@type\":\"ListItem\",\"position\":1,\"name\":\"Portada\",\"item\":\"https:\\\/\\\/www.comprarmejor.es\\\/en\\\/\"},{\"@type\":\"ListItem\",\"position\":2,\"name\":\"Shop\",\"item\":\"https:\\\/\\\/www.comprarmejor.es\\\/en\\\/shop\\\/\"},{\"@type\":\"ListItem\",\"position\":3,\"name\":\"Anecdotes, Stories and Hunting Scenes\"}]},{\"@type\":\"WebSite\",\"@id\":\"https:\\\/\\\/www.comprarmejor.es\\\/en\\\/#website\",\"url\":\"https:\\\/\\\/www.comprarmejor.es\\\/en\\\/\",\"name\":\"ComprarMejor\",\"description\":\"ComprarMejor\",\"publisher\":{\"@id\":\"https:\\\/\\\/www.comprarmejor.es\\\/en\\\/#organization\"},\"potentialAction\":[{\"@type\":\"SearchAction\",\"target\":{\"@type\":\"EntryPoint\",\"urlTemplate\":\"https:\\\/\\\/www.comprarmejor.es\\\/en\\\/?s={search_term_string}\"},\"query-input\":{\"@type\":\"PropertyValueSpecification\",\"valueRequired\":true,\"valueName\":\"search_term_string\"}}],\"inLanguage\":\"en-US\"},{\"@type\":\"Organization\",\"@id\":\"https:\\\/\\\/www.comprarmejor.es\\\/en\\\/#organization\",\"name\":\"COMPRAR MEJOR\",\"url\":\"https:\\\/\\\/www.comprarmejor.es\\\/en\\\/\",\"logo\":{\"@type\":\"ImageObject\",\"inLanguage\":\"en-US\",\"@id\":\"https:\\\/\\\/www.comprarmejor.es\\\/en\\\/#\\\/schema\\\/logo\\\/image\\\/\",\"url\":\"https:\\\/\\\/www.comprarmejor.es\\\/wp-content\\\/uploads\\\/2025\\\/09\\\/comprarmejortrinidad.jpg\",\"contentUrl\":\"https:\\\/\\\/www.comprarmejor.es\\\/wp-content\\\/uploads\\\/2025\\\/09\\\/comprarmejortrinidad.jpg\",\"width\":1022,\"height\":1380,\"caption\":\"COMPRAR MEJOR\"},\"image\":{\"@id\":\"https:\\\/\\\/www.comprarmejor.es\\\/en\\\/#\\\/schema\\\/logo\\\/image\\\/\"},\"sameAs\":[\"https:\\\/\\\/www.instagram.com\\\/amigosdelcodice\"]}]}<\/script>\n<!-- \/ Yoast SEO plugin. -->","yoast_head_json":{"title":"Anecdotes, Stories and Hunting Scenes","description":"Edition of 1996 of a selection of 50 engravings and stories of the English work \"Foreign field sports, fisheries, sporting anecdotes\", printed in London in 1813","robots":{"index":"index","follow":"follow","max-snippet":"max-snippet:-1","max-image-preview":"max-image-preview:large","max-video-preview":"max-video-preview:-1"},"canonical":"https:\/\/www.comprarmejor.es\/en\/product\/anecdotes-stories-and-hunting-scenes\/","og_locale":"en_US","og_type":"article","og_title":"Anecdotes, Stories and Hunting Scenes","og_description":"Edition of 1996 of a selection of 50 engravings and stories of the English work \"Foreign field sports, fisheries, sporting anecdotes\", printed in London in 1813","og_url":"https:\/\/www.comprarmejor.es\/en\/product\/anecdotes-stories-and-hunting-scenes\/","og_site_name":"ComprarMejor","article_modified_time":"2019-09-11T09:31:06+00:00","og_image":[{"width":450,"height":598,"url":"https:\/\/www.comprarmejor.es\/wp-content\/uploads\/2015\/09\/p_6_8_1_3_6813-Anecdotas-Relatos-y-Escenas-de-Caza.jpg","type":"image\/jpeg"}],"twitter_card":"summary_large_image","schema":{"@context":"https:\/\/schema.org","@graph":[{"@type":"WebPage","@id":"https:\/\/www.comprarmejor.es\/en\/product\/anecdotes-stories-and-hunting-scenes\/","url":"https:\/\/www.comprarmejor.es\/en\/product\/anecdotes-stories-and-hunting-scenes\/","name":"Anecdotes, Stories and Hunting Scenes","isPartOf":{"@id":"https:\/\/www.comprarmejor.es\/en\/#website"},"primaryImageOfPage":{"@id":"https:\/\/www.comprarmejor.es\/en\/product\/anecdotes-stories-and-hunting-scenes\/#primaryimage"},"image":{"@id":"https:\/\/www.comprarmejor.es\/en\/product\/anecdotes-stories-and-hunting-scenes\/#primaryimage"},"thumbnailUrl":"https:\/\/www.comprarmejor.es\/wp-content\/uploads\/2015\/09\/p_6_8_1_3_6813-Anecdotas-Relatos-y-Escenas-de-Caza.jpg","datePublished":"2015-09-18T22:34:19+00:00","dateModified":"2019-09-11T09:31:06+00:00","description":"Edition of 1996 of a selection of 50 engravings and stories of the English work \"Foreign field sports, fisheries, sporting anecdotes\", printed in London in 1813","breadcrumb":{"@id":"https:\/\/www.comprarmejor.es\/en\/product\/anecdotes-stories-and-hunting-scenes\/#breadcrumb"},"inLanguage":"en-US","potentialAction":[{"@type":"ReadAction","target":["https:\/\/www.comprarmejor.es\/en\/product\/anecdotes-stories-and-hunting-scenes\/"]}]},{"@type":"ImageObject","inLanguage":"en-US","@id":"https:\/\/www.comprarmejor.es\/en\/product\/anecdotes-stories-and-hunting-scenes\/#primaryimage","url":"https:\/\/www.comprarmejor.es\/wp-content\/uploads\/2015\/09\/p_6_8_1_3_6813-Anecdotas-Relatos-y-Escenas-de-Caza.jpg","contentUrl":"https:\/\/www.comprarmejor.es\/wp-content\/uploads\/2015\/09\/p_6_8_1_3_6813-Anecdotas-Relatos-y-Escenas-de-Caza.jpg","width":450,"height":598},{"@type":"BreadcrumbList","@id":"https:\/\/www.comprarmejor.es\/en\/product\/anecdotes-stories-and-hunting-scenes\/#breadcrumb","itemListElement":[{"@type":"ListItem","position":1,"name":"Portada","item":"https:\/\/www.comprarmejor.es\/en\/"},{"@type":"ListItem","position":2,"name":"Shop","item":"https:\/\/www.comprarmejor.es\/en\/shop\/"},{"@type":"ListItem","position":3,"name":"Anecdotes, Stories and Hunting Scenes"}]},{"@type":"WebSite","@id":"https:\/\/www.comprarmejor.es\/en\/#website","url":"https:\/\/www.comprarmejor.es\/en\/","name":"ComprarMejor","description":"ComprarMejor","publisher":{"@id":"https:\/\/www.comprarmejor.es\/en\/#organization"},"potentialAction":[{"@type":"SearchAction","target":{"@type":"EntryPoint","urlTemplate":"https:\/\/www.comprarmejor.es\/en\/?s={search_term_string}"},"query-input":{"@type":"PropertyValueSpecification","valueRequired":true,"valueName":"search_term_string"}}],"inLanguage":"en-US"},{"@type":"Organization","@id":"https:\/\/www.comprarmejor.es\/en\/#organization","name":"COMPRAR MEJOR","url":"https:\/\/www.comprarmejor.es\/en\/","logo":{"@type":"ImageObject","inLanguage":"en-US","@id":"https:\/\/www.comprarmejor.es\/en\/#\/schema\/logo\/image\/","url":"https:\/\/www.comprarmejor.es\/wp-content\/uploads\/2025\/09\/comprarmejortrinidad.jpg","contentUrl":"https:\/\/www.comprarmejor.es\/wp-content\/uploads\/2025\/09\/comprarmejortrinidad.jpg","width":1022,"height":1380,"caption":"COMPRAR MEJOR"},"image":{"@id":"https:\/\/www.comprarmejor.es\/en\/#\/schema\/logo\/image\/"},"sameAs":["https:\/\/www.instagram.com\/amigosdelcodice"]}]}},"_links":{"self":[{"href":"https:\/\/www.comprarmejor.es\/en\/wp-json\/wp\/v2\/product\/47689","targetHints":{"allow":["GET"]}}],"collection":[{"href":"https:\/\/www.comprarmejor.es\/en\/wp-json\/wp\/v2\/product"}],"about":[{"href":"https:\/\/www.comprarmejor.es\/en\/wp-json\/wp\/v2\/types\/product"}],"wp:featuredmedia":[{"embeddable":true,"href":"https:\/\/www.comprarmejor.es\/en\/wp-json\/wp\/v2\/media\/47679"}],"wp:attachment":[{"href":"https:\/\/www.comprarmejor.es\/en\/wp-json\/wp\/v2\/media?parent=47689"}],"wp:term":[{"taxonomy":"product_brand","embeddable":true,"href":"https:\/\/www.comprarmejor.es\/en\/wp-json\/wp\/v2\/product_brand?post=47689"},{"taxonomy":"product_cat","embeddable":true,"href":"https:\/\/www.comprarmejor.es\/en\/wp-json\/wp\/v2\/product_cat?post=47689"},{"taxonomy":"product_tag","embeddable":true,"href":"https:\/\/www.comprarmejor.es\/en\/wp-json\/wp\/v2\/product_tag?post=47689"}],"curies":[{"name":"wp","href":"https:\/\/api.w.org\/{rel}","templated":true}]}}