{"id":47749,"date":"2015-09-21T18:03:40","date_gmt":"2015-09-21T16:03:40","guid":{"rendered":"https:\/\/www.comprarmejor.es\/producto\/1967-don-quixote-cervantes-com-clemencin-illus-dore\/"},"modified":"2026-03-28T13:33:22","modified_gmt":"2026-03-28T12:33:22","slug":"things-of-spain-the-land-of-the-unexpected-richard-ford-1999","status":"publish","type":"product","link":"https:\/\/www.comprarmejor.es\/en\/product\/things-of-spain-the-land-of-the-unexpected-richard-ford-1999\/","title":{"rendered":"Things of Spain: The Land of the Unexpected. Richard Ford. 1999"},"content":{"rendered":"<p style=\"text-align: justify;\">Things of Spain: The Land of the Unexpected. Spanish texts from the work of <strong>Richard Ford<\/strong> (1796-1858). The work through which Spain became known to tourists from the English upper bourgeoisie and the Romantic period of the 19th century.<\/p>\n<p style=\"text-align: justify;\">With 40 color plates reproducing works by the B\u00e9cquer brothers, P\u00e9rez Villaamil, Rouargue, and Lewis, and vignettes taken from Richard Ford and Gustave Dor\u00e9. Selection of texts and introduction by Enric Dolz.<\/p>\n<p style=\"text-align: justify;\">Red silk binding with gilt stamping and mosaic, 22.5 x 32 cm format. 238 pages printed on excellent laid paper. Presented in a red slipcase for protection, measuring 23 x 32.5 x 3.5 cm.<\/p>\n<p style=\"text-align: justify;\">Special edition for BBV Privanza of 100 unnumbered copies from 1999.<\/p>\n<p style=\"text-align: justify;\">Copy in perfect, new, unused condition.<\/p>\n<p style=\"text-align: justify;\">Shipping costs vary depending on the order and destination. <span title=\"Cons\u00faltenos cualquier duda, as\u00ed como por cualquier otra edici\u00f3n del Quijote que est\u00e9 buscando.\"><a class=\"btn btn-default\" href=\"https:\/\/www.comprarmejor.es\/en\/contact\/\">Ask us<\/a> <span class=\"VIiyi\" lang=\"en\"><span class=\"JLqJ4b\" data-language-for-alternatives=\"en\" data-language-to-translate-into=\"es\" data-phrase-index=\"0\" data-number-of-phrases=\"1\"><span class=\"Q4iAWc\">any questions you may have, indicating the article reference.<\/span><\/span><\/span><br \/>\n<\/span><\/p>\n","protected":false},"excerpt":{"rendered":"<p style=\"text-align: justify;\"><span id=\"result_box\" lang=\"en\" xml:lang=\"en\"><span title=\"adornada con 356 grabados de Gustavo Dor\u00e9, con los comentarios \u00edntegros que de dicha obra realizara Don Diego Clemenc\u00edn (1765-1834), precedida de un estudio cr\u00edtico de Luis Astrana Mar\u00edn m\u00e1s un \u00edndice resumen de los ilustradores y comentadores del Quijote por Justo Garc\u00eda Morales\"><span class=\"VIiyi\" lang=\"en\"><span class=\"JLqJ4b\" data-language-for-alternatives=\"en\" data-language-to-translate-into=\"es\" data-phrase-index=\"0\" data-number-of-phrases=\"1\"><span class=\"Q4iAWc\"><span class=\"HwtZe\" lang=\"en\"><span class=\"jCAhz ChMk0b\"><span class=\"ryNqvb\">Things of Spain: The Land of the Unexpected.<\/span><\/span> <span class=\"jCAhz ChMk0b\"><span class=\"ryNqvb\">Spanish texts from the work of Richard Ford (1796-1858).<\/span><\/span> <span class=\"jCAhz ChMk0b\"><span class=\"ryNqvb\">The work through which Spain became known to tourists from the English upper bourgeoisie and the Romantic period of the 19th century.<\/span><\/span><\/span><\/span><\/span><\/span><\/span><\/span><\/p>\n","protected":false},"featured_media":106859,"template":"","meta":[],"product_brand":[],"product_cat":[2210],"product_tag":[5822,4102,5120],"class_list":{"0":"post-47749","1":"product","2":"type-product","3":"status-publish","4":"has-post-thumbnail","6":"product_cat-bibliophilia","7":"product_tag-bibliofilia-en","8":"product_tag-ford-en-2","9":"product_tag-history-en","10":"product_shipping_class-from-2-to-5-kg","11":"description-off","13":"first","14":"instock","15":"sale","16":"taxable","17":"shipping-taxable","18":"purchasable","19":"product-type-simple"},"yoast_head":"<!-- This site is optimized with the Yoast SEO plugin v27.3 - https:\/\/yoast.com\/product\/yoast-seo-wordpress\/ -->\n<title>Things of Spain: The Land of the Unexpected. Richard Ford. 1999<\/title>\n<meta name=\"description\" content=\"Things of Spain: The Land of the Unexpected. Spanish texts from the work of Richard Ford (1796-1858). The work through which Spain became known to tourists\" \/>\n<meta name=\"robots\" content=\"index, follow, max-snippet:-1, max-image-preview:large, max-video-preview:-1\" \/>\n<link rel=\"canonical\" href=\"https:\/\/www.comprarmejor.es\/en\/product\/things-of-spain-the-land-of-the-unexpected-richard-ford-1999\/\" \/>\n<meta property=\"og:locale\" content=\"en_US\" \/>\n<meta property=\"og:type\" content=\"article\" \/>\n<meta property=\"og:title\" content=\"Things of Spain: The Land of the Unexpected. Richard Ford. 1999\" \/>\n<meta property=\"og:description\" content=\"Things of Spain: The Land of the Unexpected. Spanish texts from the work of Richard Ford (1796-1858). The work through which Spain became known to tourists\" \/>\n<meta property=\"og:url\" content=\"https:\/\/www.comprarmejor.es\/en\/product\/things-of-spain-the-land-of-the-unexpected-richard-ford-1999\/\" \/>\n<meta property=\"og:site_name\" content=\"ComprarMejor\" \/>\n<meta property=\"article:modified_time\" content=\"2026-03-28T12:33:22+00:00\" \/>\n<meta property=\"og:image\" content=\"https:\/\/www.comprarmejor.es\/wp-content\/uploads\/2015\/09\/CdeE01.jpg\" \/>\n\t<meta property=\"og:image:width\" content=\"756\" \/>\n\t<meta property=\"og:image:height\" content=\"756\" \/>\n\t<meta property=\"og:image:type\" content=\"image\/jpeg\" \/>\n<meta name=\"twitter:card\" content=\"summary_large_image\" \/>\n<meta name=\"twitter:label1\" content=\"Est. reading time\" \/>\n\t<meta name=\"twitter:data1\" content=\"1 minute\" \/>\n<script type=\"application\/ld+json\" class=\"yoast-schema-graph\">{\"@context\":\"https:\\\/\\\/schema.org\",\"@graph\":[{\"@type\":\"WebPage\",\"@id\":\"https:\\\/\\\/www.comprarmejor.es\\\/en\\\/product\\\/things-of-spain-the-land-of-the-unexpected-richard-ford-1999\\\/\",\"url\":\"https:\\\/\\\/www.comprarmejor.es\\\/en\\\/product\\\/things-of-spain-the-land-of-the-unexpected-richard-ford-1999\\\/\",\"name\":\"Things of Spain: The Land of the Unexpected. Richard Ford. 1999\",\"isPartOf\":{\"@id\":\"https:\\\/\\\/www.comprarmejor.es\\\/en\\\/#website\"},\"primaryImageOfPage\":{\"@id\":\"https:\\\/\\\/www.comprarmejor.es\\\/en\\\/product\\\/things-of-spain-the-land-of-the-unexpected-richard-ford-1999\\\/#primaryimage\"},\"image\":{\"@id\":\"https:\\\/\\\/www.comprarmejor.es\\\/en\\\/product\\\/things-of-spain-the-land-of-the-unexpected-richard-ford-1999\\\/#primaryimage\"},\"thumbnailUrl\":\"https:\\\/\\\/www.comprarmejor.es\\\/wp-content\\\/uploads\\\/2015\\\/09\\\/CdeE01.jpg\",\"datePublished\":\"2015-09-21T16:03:40+00:00\",\"dateModified\":\"2026-03-28T12:33:22+00:00\",\"description\":\"Things of Spain: The Land of the Unexpected. Spanish texts from the work of Richard Ford (1796-1858). The work through which Spain became known to tourists\",\"breadcrumb\":{\"@id\":\"https:\\\/\\\/www.comprarmejor.es\\\/en\\\/product\\\/things-of-spain-the-land-of-the-unexpected-richard-ford-1999\\\/#breadcrumb\"},\"inLanguage\":\"en-US\",\"potentialAction\":[{\"@type\":\"ReadAction\",\"target\":[\"https:\\\/\\\/www.comprarmejor.es\\\/en\\\/product\\\/things-of-spain-the-land-of-the-unexpected-richard-ford-1999\\\/\"]}]},{\"@type\":\"ImageObject\",\"inLanguage\":\"en-US\",\"@id\":\"https:\\\/\\\/www.comprarmejor.es\\\/en\\\/product\\\/things-of-spain-the-land-of-the-unexpected-richard-ford-1999\\\/#primaryimage\",\"url\":\"https:\\\/\\\/www.comprarmejor.es\\\/wp-content\\\/uploads\\\/2015\\\/09\\\/CdeE01.jpg\",\"contentUrl\":\"https:\\\/\\\/www.comprarmejor.es\\\/wp-content\\\/uploads\\\/2015\\\/09\\\/CdeE01.jpg\",\"width\":756,\"height\":756},{\"@type\":\"BreadcrumbList\",\"@id\":\"https:\\\/\\\/www.comprarmejor.es\\\/en\\\/product\\\/things-of-spain-the-land-of-the-unexpected-richard-ford-1999\\\/#breadcrumb\",\"itemListElement\":[{\"@type\":\"ListItem\",\"position\":1,\"name\":\"Portada\",\"item\":\"https:\\\/\\\/www.comprarmejor.es\\\/en\\\/\"},{\"@type\":\"ListItem\",\"position\":2,\"name\":\"Shop\",\"item\":\"https:\\\/\\\/www.comprarmejor.es\\\/en\\\/shop\\\/\"},{\"@type\":\"ListItem\",\"position\":3,\"name\":\"Things of Spain: The Land of the Unexpected. Richard Ford. 1999\"}]},{\"@type\":\"WebSite\",\"@id\":\"https:\\\/\\\/www.comprarmejor.es\\\/en\\\/#website\",\"url\":\"https:\\\/\\\/www.comprarmejor.es\\\/en\\\/\",\"name\":\"ComprarMejor\",\"description\":\"ComprarMejor\",\"publisher\":{\"@id\":\"https:\\\/\\\/www.comprarmejor.es\\\/en\\\/#organization\"},\"potentialAction\":[{\"@type\":\"SearchAction\",\"target\":{\"@type\":\"EntryPoint\",\"urlTemplate\":\"https:\\\/\\\/www.comprarmejor.es\\\/en\\\/?s={search_term_string}\"},\"query-input\":{\"@type\":\"PropertyValueSpecification\",\"valueRequired\":true,\"valueName\":\"search_term_string\"}}],\"inLanguage\":\"en-US\"},{\"@type\":\"Organization\",\"@id\":\"https:\\\/\\\/www.comprarmejor.es\\\/en\\\/#organization\",\"name\":\"COMPRAR MEJOR\",\"url\":\"https:\\\/\\\/www.comprarmejor.es\\\/en\\\/\",\"logo\":{\"@type\":\"ImageObject\",\"inLanguage\":\"en-US\",\"@id\":\"https:\\\/\\\/www.comprarmejor.es\\\/en\\\/#\\\/schema\\\/logo\\\/image\\\/\",\"url\":\"https:\\\/\\\/www.comprarmejor.es\\\/wp-content\\\/uploads\\\/2025\\\/09\\\/comprarmejortrinidad.jpg\",\"contentUrl\":\"https:\\\/\\\/www.comprarmejor.es\\\/wp-content\\\/uploads\\\/2025\\\/09\\\/comprarmejortrinidad.jpg\",\"width\":1022,\"height\":1380,\"caption\":\"COMPRAR MEJOR\"},\"image\":{\"@id\":\"https:\\\/\\\/www.comprarmejor.es\\\/en\\\/#\\\/schema\\\/logo\\\/image\\\/\"},\"sameAs\":[\"https:\\\/\\\/www.instagram.com\\\/amigosdelcodice\"]}]}<\/script>\n<!-- \/ Yoast SEO plugin. -->","yoast_head_json":{"title":"Things of Spain: The Land of the Unexpected. Richard Ford. 1999","description":"Things of Spain: The Land of the Unexpected. Spanish texts from the work of Richard Ford (1796-1858). The work through which Spain became known to tourists","robots":{"index":"index","follow":"follow","max-snippet":"max-snippet:-1","max-image-preview":"max-image-preview:large","max-video-preview":"max-video-preview:-1"},"canonical":"https:\/\/www.comprarmejor.es\/en\/product\/things-of-spain-the-land-of-the-unexpected-richard-ford-1999\/","og_locale":"en_US","og_type":"article","og_title":"Things of Spain: The Land of the Unexpected. Richard Ford. 1999","og_description":"Things of Spain: The Land of the Unexpected. Spanish texts from the work of Richard Ford (1796-1858). The work through which Spain became known to tourists","og_url":"https:\/\/www.comprarmejor.es\/en\/product\/things-of-spain-the-land-of-the-unexpected-richard-ford-1999\/","og_site_name":"ComprarMejor","article_modified_time":"2026-03-28T12:33:22+00:00","og_image":[{"width":756,"height":756,"url":"https:\/\/www.comprarmejor.es\/wp-content\/uploads\/2015\/09\/CdeE01.jpg","type":"image\/jpeg"}],"twitter_card":"summary_large_image","twitter_misc":{"Est. reading time":"1 minute"},"schema":{"@context":"https:\/\/schema.org","@graph":[{"@type":"WebPage","@id":"https:\/\/www.comprarmejor.es\/en\/product\/things-of-spain-the-land-of-the-unexpected-richard-ford-1999\/","url":"https:\/\/www.comprarmejor.es\/en\/product\/things-of-spain-the-land-of-the-unexpected-richard-ford-1999\/","name":"Things of Spain: The Land of the Unexpected. Richard Ford. 1999","isPartOf":{"@id":"https:\/\/www.comprarmejor.es\/en\/#website"},"primaryImageOfPage":{"@id":"https:\/\/www.comprarmejor.es\/en\/product\/things-of-spain-the-land-of-the-unexpected-richard-ford-1999\/#primaryimage"},"image":{"@id":"https:\/\/www.comprarmejor.es\/en\/product\/things-of-spain-the-land-of-the-unexpected-richard-ford-1999\/#primaryimage"},"thumbnailUrl":"https:\/\/www.comprarmejor.es\/wp-content\/uploads\/2015\/09\/CdeE01.jpg","datePublished":"2015-09-21T16:03:40+00:00","dateModified":"2026-03-28T12:33:22+00:00","description":"Things of Spain: The Land of the Unexpected. Spanish texts from the work of Richard Ford (1796-1858). The work through which Spain became known to tourists","breadcrumb":{"@id":"https:\/\/www.comprarmejor.es\/en\/product\/things-of-spain-the-land-of-the-unexpected-richard-ford-1999\/#breadcrumb"},"inLanguage":"en-US","potentialAction":[{"@type":"ReadAction","target":["https:\/\/www.comprarmejor.es\/en\/product\/things-of-spain-the-land-of-the-unexpected-richard-ford-1999\/"]}]},{"@type":"ImageObject","inLanguage":"en-US","@id":"https:\/\/www.comprarmejor.es\/en\/product\/things-of-spain-the-land-of-the-unexpected-richard-ford-1999\/#primaryimage","url":"https:\/\/www.comprarmejor.es\/wp-content\/uploads\/2015\/09\/CdeE01.jpg","contentUrl":"https:\/\/www.comprarmejor.es\/wp-content\/uploads\/2015\/09\/CdeE01.jpg","width":756,"height":756},{"@type":"BreadcrumbList","@id":"https:\/\/www.comprarmejor.es\/en\/product\/things-of-spain-the-land-of-the-unexpected-richard-ford-1999\/#breadcrumb","itemListElement":[{"@type":"ListItem","position":1,"name":"Portada","item":"https:\/\/www.comprarmejor.es\/en\/"},{"@type":"ListItem","position":2,"name":"Shop","item":"https:\/\/www.comprarmejor.es\/en\/shop\/"},{"@type":"ListItem","position":3,"name":"Things of Spain: The Land of the Unexpected. Richard Ford. 1999"}]},{"@type":"WebSite","@id":"https:\/\/www.comprarmejor.es\/en\/#website","url":"https:\/\/www.comprarmejor.es\/en\/","name":"ComprarMejor","description":"ComprarMejor","publisher":{"@id":"https:\/\/www.comprarmejor.es\/en\/#organization"},"potentialAction":[{"@type":"SearchAction","target":{"@type":"EntryPoint","urlTemplate":"https:\/\/www.comprarmejor.es\/en\/?s={search_term_string}"},"query-input":{"@type":"PropertyValueSpecification","valueRequired":true,"valueName":"search_term_string"}}],"inLanguage":"en-US"},{"@type":"Organization","@id":"https:\/\/www.comprarmejor.es\/en\/#organization","name":"COMPRAR MEJOR","url":"https:\/\/www.comprarmejor.es\/en\/","logo":{"@type":"ImageObject","inLanguage":"en-US","@id":"https:\/\/www.comprarmejor.es\/en\/#\/schema\/logo\/image\/","url":"https:\/\/www.comprarmejor.es\/wp-content\/uploads\/2025\/09\/comprarmejortrinidad.jpg","contentUrl":"https:\/\/www.comprarmejor.es\/wp-content\/uploads\/2025\/09\/comprarmejortrinidad.jpg","width":1022,"height":1380,"caption":"COMPRAR MEJOR"},"image":{"@id":"https:\/\/www.comprarmejor.es\/en\/#\/schema\/logo\/image\/"},"sameAs":["https:\/\/www.instagram.com\/amigosdelcodice"]}]}},"_links":{"self":[{"href":"https:\/\/www.comprarmejor.es\/en\/wp-json\/wp\/v2\/product\/47749","targetHints":{"allow":["GET"]}}],"collection":[{"href":"https:\/\/www.comprarmejor.es\/en\/wp-json\/wp\/v2\/product"}],"about":[{"href":"https:\/\/www.comprarmejor.es\/en\/wp-json\/wp\/v2\/types\/product"}],"wp:featuredmedia":[{"embeddable":true,"href":"https:\/\/www.comprarmejor.es\/en\/wp-json\/wp\/v2\/media\/106859"}],"wp:attachment":[{"href":"https:\/\/www.comprarmejor.es\/en\/wp-json\/wp\/v2\/media?parent=47749"}],"wp:term":[{"taxonomy":"product_brand","embeddable":true,"href":"https:\/\/www.comprarmejor.es\/en\/wp-json\/wp\/v2\/product_brand?post=47749"},{"taxonomy":"product_cat","embeddable":true,"href":"https:\/\/www.comprarmejor.es\/en\/wp-json\/wp\/v2\/product_cat?post=47749"},{"taxonomy":"product_tag","embeddable":true,"href":"https:\/\/www.comprarmejor.es\/en\/wp-json\/wp\/v2\/product_tag?post=47749"}],"curies":[{"name":"wp","href":"https:\/\/api.w.org\/{rel}","templated":true}]}}