{"id":47759,"date":"2015-09-22T13:12:10","date_gmt":"2015-09-22T11:12:10","guid":{"rendered":"https:\/\/www.comprarmejor.es\/producto\/1982-don-quixote-in-comic-version-10-volumes\/"},"modified":"2019-08-30T16:16:22","modified_gmt":"2019-08-30T14:16:22","slug":"1982-don-quixote-in-comic-version-10-volumes","status":"publish","type":"product","link":"https:\/\/www.comprarmejor.es\/en\/product\/1982-don-quixote-in-comic-version-10-volumes\/","title":{"rendered":"1982 Don Quixote in comic version, 10 volumes"},"content":{"rendered":"<p style=\"text-align:justify;\"><span id=\"result_box\" lang=\"en\" xml:lang=\"en\"><span title=\"La mejor obra literaria del mundo, la obra maestra de D. Miguel de Cervantes Saavedra, El ingenioso hidalgo Don Quijote de La Mancha, en versi\u00f3n historieta para los m\u00e1s j\u00f3venes de la casa.\">The best literary work in the world, the masterpiece of Miguel de Cervantes Saavedra, The Ingenious Hidalgo Don Quixote of La Mancha, in cartoon version for the youngest of the house. <\/span><span title=\"Obra completa y en perfecto estado.\">Complete and perfect work. <\/span><span title=\"10 tomos con el desarrollo de toda la historia realizados en maravillosos dibujos superpuestos en impresionantes fotograf\u00edas de los paisajes naturales por los que transcurre la novela.\">10 volumes with the development of the whole story made into wonderful drawings superimposed stunning photographs of landscapes through which passes the novel.<\/p>\n<p><\/span><span title=\"Una obra para los m\u00e1s peque\u00f1os y j\u00f3venes de la casa y para los no tan j\u00f3venes.\">A work for the smallest and youngest of the house and for the not so young. <\/span><span title=\"Una forma did\u00e1ctica, amena y divertida de conocer la principal obra de la literatura mundial.\">An educational, fun way to learn the main work of world literature. <\/span><span title=\"Una obra para todo buen coleccionista que se precie sobre las ediciones del Quijote.\">A work for every good collector who boasts about editions of Don Quixote.<\/p>\n<p><\/span><span title=\"10 tomos en perfecto estado de conservaci\u00f3n, encuadernados en tapa dura acolchada guaflex rojo con t\u00edtulos y dibujos dorados.\">10 volumes in perfect condition, bound in red guaflex padded hardcover titles and gold designs. <\/span><span title=\"Edici\u00f3n de 1982, recomendada por la Unesco y supervisada por Guillermo D\u00edaz-Plaja, de la Real Academia Espa\u00f1ola.\">1982 edition, recommended by the Unesco and supervised by Guillermo Diaz-Plaja, the Royal Spanish Academy.<\/p>\n<p><\/span><span title=\"Medidas de cada tomo: 21,8 x 29,3 cm.\">Each volume measures: 21.8 x 29.3 cm. <\/span><span title=\"Total de p\u00e1ginas de la obra completa: 1.400.\">Total pages of the complete work: 1,400.<\/p>\n<p><\/span><span title=\"Gastos de env\u00edo por cuenta del comprador, seg\u00fan pedido y destino.\">Shipping by the buyer, upon request and destination.\u00a0<\/span><span title=\"Cons\u00faltenos cualquier duda, as\u00ed como por cualquier otra edici\u00f3n del Quijote que est\u00e9 buscando.\"><a class=\"btn btn-default\" href=\"http:\/\/comprarmejor.es\/en\/contact\">Ask us<\/a> any questions and any other edition of Don Quixote who is looking.<\/span><\/span><\/p>\n","protected":false},"excerpt":{"rendered":"<p style=\"text-align:justify;\"><span id=\"result_box\" lang=\"en\" xml:lang=\"en\"><span title=\"La mejor obra literaria del mundo, la obra maestra de D. Miguel de Cervantes Saavedra, El ingenioso hidalgo Don Quijote de La Mancha, en versi\u00f3n historieta para los m\u00e1s j\u00f3venes de la casa.\">The best literary work in the world, the masterpiece of Miguel de Cervantes Saavedra, The Ingenious Hidalgo Don Quixote of La Mancha, in cartoon version for the youngest of the house. <\/span><span title=\"Obra completa y en perfecto estado.\">Complete and perfect work. <\/span><span title=\"10 tomos con el desarrollo de toda la historia realizados en maravillosos dibujos superpuestos en impresionantes fotograf\u00edas de los paisajes naturales por los que transcurre la novela.\">10 volumes with the development of the whole story made into wonderful drawings superimposed stunning photographs of landscapes through which passes the novel.<\/span><\/span><\/p>\n","protected":false},"featured_media":47751,"template":"","meta":[],"product_brand":[],"product_cat":[2188,2228],"product_tag":[4041,5129],"class_list":{"0":"post-47759","1":"product","2":"type-product","3":"status-publish","4":"has-post-thumbnail","6":"product_cat-books","7":"product_cat-quijotes-en","8":"product_tag-cervantes-en","9":"product_tag-quixote-en","10":"product_shipping_class-from-21-to-25-kg","11":"description-off","13":"first","14":"instock","15":"taxable","16":"shipping-taxable","17":"purchasable","18":"product-type-simple"},"yoast_head":"<!-- This site is optimized with the Yoast SEO plugin v27.3 - https:\/\/yoast.com\/product\/yoast-seo-wordpress\/ -->\n<title>Don Quixote in comic version, 10 volumes, 1982<\/title>\n<meta name=\"description\" content=\"The best literary work in the world, the masterpiece of Miguel de Cervantes, The Ingenious Hidalgo Don Quixote of La Mancha, in cartoon version for the youngest\" \/>\n<meta name=\"robots\" content=\"index, follow, max-snippet:-1, max-image-preview:large, max-video-preview:-1\" \/>\n<link rel=\"canonical\" href=\"https:\/\/www.comprarmejor.es\/en\/product\/1982-don-quixote-in-comic-version-10-volumes\/\" \/>\n<meta property=\"og:locale\" content=\"en_US\" \/>\n<meta property=\"og:type\" content=\"article\" \/>\n<meta property=\"og:title\" content=\"Don Quixote in comic version, 10 volumes, 1982\" \/>\n<meta property=\"og:description\" content=\"The best literary work in the world, the masterpiece of Miguel de Cervantes, The Ingenious Hidalgo Don Quixote of La Mancha, in cartoon version for the youngest\" \/>\n<meta property=\"og:url\" content=\"https:\/\/www.comprarmejor.es\/en\/product\/1982-don-quixote-in-comic-version-10-volumes\/\" \/>\n<meta property=\"og:site_name\" content=\"ComprarMejor\" \/>\n<meta property=\"article:modified_time\" content=\"2019-08-30T14:16:22+00:00\" \/>\n<meta property=\"og:image\" content=\"https:\/\/www.comprarmejor.es\/wp-content\/uploads\/2015\/09\/p_6_7_1_671-Don-Quijote-en-version-comic-10-tomos-1982.jpg\" \/>\n\t<meta property=\"og:image:width\" content=\"600\" \/>\n\t<meta property=\"og:image:height\" content=\"450\" \/>\n\t<meta property=\"og:image:type\" content=\"image\/jpeg\" \/>\n<meta name=\"twitter:card\" content=\"summary_large_image\" \/>\n<meta name=\"twitter:label1\" content=\"Est. reading time\" \/>\n\t<meta name=\"twitter:data1\" content=\"1 minute\" \/>\n<script type=\"application\/ld+json\" class=\"yoast-schema-graph\">{\"@context\":\"https:\\\/\\\/schema.org\",\"@graph\":[{\"@type\":\"WebPage\",\"@id\":\"https:\\\/\\\/www.comprarmejor.es\\\/en\\\/product\\\/1982-don-quixote-in-comic-version-10-volumes\\\/\",\"url\":\"https:\\\/\\\/www.comprarmejor.es\\\/en\\\/product\\\/1982-don-quixote-in-comic-version-10-volumes\\\/\",\"name\":\"Don Quixote in comic version, 10 volumes, 1982\",\"isPartOf\":{\"@id\":\"https:\\\/\\\/www.comprarmejor.es\\\/en\\\/#website\"},\"primaryImageOfPage\":{\"@id\":\"https:\\\/\\\/www.comprarmejor.es\\\/en\\\/product\\\/1982-don-quixote-in-comic-version-10-volumes\\\/#primaryimage\"},\"image\":{\"@id\":\"https:\\\/\\\/www.comprarmejor.es\\\/en\\\/product\\\/1982-don-quixote-in-comic-version-10-volumes\\\/#primaryimage\"},\"thumbnailUrl\":\"https:\\\/\\\/www.comprarmejor.es\\\/wp-content\\\/uploads\\\/2015\\\/09\\\/p_6_7_1_671-Don-Quijote-en-version-comic-10-tomos-1982.jpg\",\"datePublished\":\"2015-09-22T11:12:10+00:00\",\"dateModified\":\"2019-08-30T14:16:22+00:00\",\"description\":\"The best literary work in the world, the masterpiece of Miguel de Cervantes, The Ingenious Hidalgo Don Quixote of La Mancha, in cartoon version for the youngest\",\"breadcrumb\":{\"@id\":\"https:\\\/\\\/www.comprarmejor.es\\\/en\\\/product\\\/1982-don-quixote-in-comic-version-10-volumes\\\/#breadcrumb\"},\"inLanguage\":\"en-US\",\"potentialAction\":[{\"@type\":\"ReadAction\",\"target\":[\"https:\\\/\\\/www.comprarmejor.es\\\/en\\\/product\\\/1982-don-quixote-in-comic-version-10-volumes\\\/\"]}]},{\"@type\":\"ImageObject\",\"inLanguage\":\"en-US\",\"@id\":\"https:\\\/\\\/www.comprarmejor.es\\\/en\\\/product\\\/1982-don-quixote-in-comic-version-10-volumes\\\/#primaryimage\",\"url\":\"https:\\\/\\\/www.comprarmejor.es\\\/wp-content\\\/uploads\\\/2015\\\/09\\\/p_6_7_1_671-Don-Quijote-en-version-comic-10-tomos-1982.jpg\",\"contentUrl\":\"https:\\\/\\\/www.comprarmejor.es\\\/wp-content\\\/uploads\\\/2015\\\/09\\\/p_6_7_1_671-Don-Quijote-en-version-comic-10-tomos-1982.jpg\",\"width\":600,\"height\":450},{\"@type\":\"BreadcrumbList\",\"@id\":\"https:\\\/\\\/www.comprarmejor.es\\\/en\\\/product\\\/1982-don-quixote-in-comic-version-10-volumes\\\/#breadcrumb\",\"itemListElement\":[{\"@type\":\"ListItem\",\"position\":1,\"name\":\"Portada\",\"item\":\"https:\\\/\\\/www.comprarmejor.es\\\/en\\\/\"},{\"@type\":\"ListItem\",\"position\":2,\"name\":\"Shop\",\"item\":\"https:\\\/\\\/www.comprarmejor.es\\\/en\\\/shop\\\/\"},{\"@type\":\"ListItem\",\"position\":3,\"name\":\"1982 Don Quixote in comic version, 10 volumes\"}]},{\"@type\":\"WebSite\",\"@id\":\"https:\\\/\\\/www.comprarmejor.es\\\/en\\\/#website\",\"url\":\"https:\\\/\\\/www.comprarmejor.es\\\/en\\\/\",\"name\":\"ComprarMejor\",\"description\":\"ComprarMejor\",\"publisher\":{\"@id\":\"https:\\\/\\\/www.comprarmejor.es\\\/en\\\/#organization\"},\"potentialAction\":[{\"@type\":\"SearchAction\",\"target\":{\"@type\":\"EntryPoint\",\"urlTemplate\":\"https:\\\/\\\/www.comprarmejor.es\\\/en\\\/?s={search_term_string}\"},\"query-input\":{\"@type\":\"PropertyValueSpecification\",\"valueRequired\":true,\"valueName\":\"search_term_string\"}}],\"inLanguage\":\"en-US\"},{\"@type\":\"Organization\",\"@id\":\"https:\\\/\\\/www.comprarmejor.es\\\/en\\\/#organization\",\"name\":\"COMPRAR MEJOR\",\"url\":\"https:\\\/\\\/www.comprarmejor.es\\\/en\\\/\",\"logo\":{\"@type\":\"ImageObject\",\"inLanguage\":\"en-US\",\"@id\":\"https:\\\/\\\/www.comprarmejor.es\\\/en\\\/#\\\/schema\\\/logo\\\/image\\\/\",\"url\":\"https:\\\/\\\/www.comprarmejor.es\\\/wp-content\\\/uploads\\\/2025\\\/09\\\/comprarmejortrinidad.jpg\",\"contentUrl\":\"https:\\\/\\\/www.comprarmejor.es\\\/wp-content\\\/uploads\\\/2025\\\/09\\\/comprarmejortrinidad.jpg\",\"width\":1022,\"height\":1380,\"caption\":\"COMPRAR MEJOR\"},\"image\":{\"@id\":\"https:\\\/\\\/www.comprarmejor.es\\\/en\\\/#\\\/schema\\\/logo\\\/image\\\/\"},\"sameAs\":[\"https:\\\/\\\/www.instagram.com\\\/amigosdelcodice\"]}]}<\/script>\n<!-- \/ Yoast SEO plugin. -->","yoast_head_json":{"title":"Don Quixote in comic version, 10 volumes, 1982","description":"The best literary work in the world, the masterpiece of Miguel de Cervantes, The Ingenious Hidalgo Don Quixote of La Mancha, in cartoon version for the youngest","robots":{"index":"index","follow":"follow","max-snippet":"max-snippet:-1","max-image-preview":"max-image-preview:large","max-video-preview":"max-video-preview:-1"},"canonical":"https:\/\/www.comprarmejor.es\/en\/product\/1982-don-quixote-in-comic-version-10-volumes\/","og_locale":"en_US","og_type":"article","og_title":"Don Quixote in comic version, 10 volumes, 1982","og_description":"The best literary work in the world, the masterpiece of Miguel de Cervantes, The Ingenious Hidalgo Don Quixote of La Mancha, in cartoon version for the youngest","og_url":"https:\/\/www.comprarmejor.es\/en\/product\/1982-don-quixote-in-comic-version-10-volumes\/","og_site_name":"ComprarMejor","article_modified_time":"2019-08-30T14:16:22+00:00","og_image":[{"width":600,"height":450,"url":"https:\/\/www.comprarmejor.es\/wp-content\/uploads\/2015\/09\/p_6_7_1_671-Don-Quijote-en-version-comic-10-tomos-1982.jpg","type":"image\/jpeg"}],"twitter_card":"summary_large_image","twitter_misc":{"Est. reading time":"1 minute"},"schema":{"@context":"https:\/\/schema.org","@graph":[{"@type":"WebPage","@id":"https:\/\/www.comprarmejor.es\/en\/product\/1982-don-quixote-in-comic-version-10-volumes\/","url":"https:\/\/www.comprarmejor.es\/en\/product\/1982-don-quixote-in-comic-version-10-volumes\/","name":"Don Quixote in comic version, 10 volumes, 1982","isPartOf":{"@id":"https:\/\/www.comprarmejor.es\/en\/#website"},"primaryImageOfPage":{"@id":"https:\/\/www.comprarmejor.es\/en\/product\/1982-don-quixote-in-comic-version-10-volumes\/#primaryimage"},"image":{"@id":"https:\/\/www.comprarmejor.es\/en\/product\/1982-don-quixote-in-comic-version-10-volumes\/#primaryimage"},"thumbnailUrl":"https:\/\/www.comprarmejor.es\/wp-content\/uploads\/2015\/09\/p_6_7_1_671-Don-Quijote-en-version-comic-10-tomos-1982.jpg","datePublished":"2015-09-22T11:12:10+00:00","dateModified":"2019-08-30T14:16:22+00:00","description":"The best literary work in the world, the masterpiece of Miguel de Cervantes, The Ingenious Hidalgo Don Quixote of La Mancha, in cartoon version for the youngest","breadcrumb":{"@id":"https:\/\/www.comprarmejor.es\/en\/product\/1982-don-quixote-in-comic-version-10-volumes\/#breadcrumb"},"inLanguage":"en-US","potentialAction":[{"@type":"ReadAction","target":["https:\/\/www.comprarmejor.es\/en\/product\/1982-don-quixote-in-comic-version-10-volumes\/"]}]},{"@type":"ImageObject","inLanguage":"en-US","@id":"https:\/\/www.comprarmejor.es\/en\/product\/1982-don-quixote-in-comic-version-10-volumes\/#primaryimage","url":"https:\/\/www.comprarmejor.es\/wp-content\/uploads\/2015\/09\/p_6_7_1_671-Don-Quijote-en-version-comic-10-tomos-1982.jpg","contentUrl":"https:\/\/www.comprarmejor.es\/wp-content\/uploads\/2015\/09\/p_6_7_1_671-Don-Quijote-en-version-comic-10-tomos-1982.jpg","width":600,"height":450},{"@type":"BreadcrumbList","@id":"https:\/\/www.comprarmejor.es\/en\/product\/1982-don-quixote-in-comic-version-10-volumes\/#breadcrumb","itemListElement":[{"@type":"ListItem","position":1,"name":"Portada","item":"https:\/\/www.comprarmejor.es\/en\/"},{"@type":"ListItem","position":2,"name":"Shop","item":"https:\/\/www.comprarmejor.es\/en\/shop\/"},{"@type":"ListItem","position":3,"name":"1982 Don Quixote in comic version, 10 volumes"}]},{"@type":"WebSite","@id":"https:\/\/www.comprarmejor.es\/en\/#website","url":"https:\/\/www.comprarmejor.es\/en\/","name":"ComprarMejor","description":"ComprarMejor","publisher":{"@id":"https:\/\/www.comprarmejor.es\/en\/#organization"},"potentialAction":[{"@type":"SearchAction","target":{"@type":"EntryPoint","urlTemplate":"https:\/\/www.comprarmejor.es\/en\/?s={search_term_string}"},"query-input":{"@type":"PropertyValueSpecification","valueRequired":true,"valueName":"search_term_string"}}],"inLanguage":"en-US"},{"@type":"Organization","@id":"https:\/\/www.comprarmejor.es\/en\/#organization","name":"COMPRAR MEJOR","url":"https:\/\/www.comprarmejor.es\/en\/","logo":{"@type":"ImageObject","inLanguage":"en-US","@id":"https:\/\/www.comprarmejor.es\/en\/#\/schema\/logo\/image\/","url":"https:\/\/www.comprarmejor.es\/wp-content\/uploads\/2025\/09\/comprarmejortrinidad.jpg","contentUrl":"https:\/\/www.comprarmejor.es\/wp-content\/uploads\/2025\/09\/comprarmejortrinidad.jpg","width":1022,"height":1380,"caption":"COMPRAR MEJOR"},"image":{"@id":"https:\/\/www.comprarmejor.es\/en\/#\/schema\/logo\/image\/"},"sameAs":["https:\/\/www.instagram.com\/amigosdelcodice"]}]}},"_links":{"self":[{"href":"https:\/\/www.comprarmejor.es\/en\/wp-json\/wp\/v2\/product\/47759","targetHints":{"allow":["GET"]}}],"collection":[{"href":"https:\/\/www.comprarmejor.es\/en\/wp-json\/wp\/v2\/product"}],"about":[{"href":"https:\/\/www.comprarmejor.es\/en\/wp-json\/wp\/v2\/types\/product"}],"wp:featuredmedia":[{"embeddable":true,"href":"https:\/\/www.comprarmejor.es\/en\/wp-json\/wp\/v2\/media\/47751"}],"wp:attachment":[{"href":"https:\/\/www.comprarmejor.es\/en\/wp-json\/wp\/v2\/media?parent=47759"}],"wp:term":[{"taxonomy":"product_brand","embeddable":true,"href":"https:\/\/www.comprarmejor.es\/en\/wp-json\/wp\/v2\/product_brand?post=47759"},{"taxonomy":"product_cat","embeddable":true,"href":"https:\/\/www.comprarmejor.es\/en\/wp-json\/wp\/v2\/product_cat?post=47759"},{"taxonomy":"product_tag","embeddable":true,"href":"https:\/\/www.comprarmejor.es\/en\/wp-json\/wp\/v2\/product_tag?post=47759"}],"curies":[{"name":"wp","href":"https:\/\/api.w.org\/{rel}","templated":true}]}}