{"id":47779,"date":"2015-09-24T10:55:27","date_gmt":"2015-09-24T08:55:27","guid":{"rendered":"https:\/\/www.comprarmejor.es\/producto\/book-of-hours-of-the-queen-dona-leonor-de-portugal-s-xv-with-study-book-and-brown-case-g\/"},"modified":"2025-06-17T10:43:35","modified_gmt":"2025-06-17T08:43:35","slug":"instruction-about-the-way-to-transport-living-plants","status":"publish","type":"product","link":"https:\/\/www.comprarmejor.es\/en\/product\/instruction-about-the-way-to-transport-living-plants\/","title":{"rendered":"Instruction on the safest and most economical way to transport live plants, by Casimiro Gomez Ortega"},"content":{"rendered":"<p style=\"text-align: justify;\"><span class=\"tlid-translation translation\" lang=\"en\">Edition belonging to the Library of Classics of the Spanish Pharmacy, co-edited in 1992 by the Foundation of Health Sciences and the Fifth Centennial State Society.<\/span><\/p>\n<p style=\"text-align: justify;\">Facsimile of the original 1779 printed in Madrid and written by Dr. Casimiro G\u00f3mez Ortega, which is preserved in the Library of the Royal Botanic Garden of Madrid, preceded by a study by Dr. Francisco Javier Puerto Sarmiento.<\/p>\n<p style=\"text-align: justify;\">Exemplary in perfect condition. Format 18.5 x 25.3 cm. 30 pages of study plus 72 pages of the facsimile. Bound in hardcover with black ink prints.<\/p>\n<p style=\"text-align: justify;\">This work is one of the most important of Casimiro G\u00f3mez, since it expresses the desires of Spain towards its American and Asian territories, in terms of plants. The result of his work was a small book aimed at training botanic correspondents, expeditionaries and raising awareness of senior overseas officials. It reflects from information on botanical materials in which they should pay attention, to detailed instructions on how to uproot trees, shrubs or herbs, how to replant them in pots, condition them in special drawers and prepared for the sea crossing; standards for the conditioning and transport of seeds and even the best way to prepare a dry herbarium.<\/p>\n<p style=\"text-align: justify;\"><span lang=\"en\" xml:lang=\"en\"><span title=\"Gastos de env\u00edo por cuenta del comprador, seg\u00fan pedido y destino.\">Shipping costs for the account of the buyer, according to order and destination<\/span><\/span>.\u00a0<span title=\"Cons\u00faltenos cualquier duda, as\u00ed como por cualquier otro Libro de Horas o facs\u00edmile que est\u00e9 buscando.\"><a class=\"btn btn-default\" href=\"http:\/\/comprarmejor.es\/en\/contact\">Ask us<\/a> <span lang=\"en\" xml:lang=\"en\">without obligation (indicating the reference of the article) any doubt.<\/span><br \/>\n<\/span><\/p>\n","protected":false},"excerpt":{"rendered":"<p style=\"text-align: justify;\"><span id=\"result_box\" lang=\"en\" xml:lang=\"en\"><span title=\"La obra monumental de la literatura espa\u00f1ola en una espl\u00e9ndida edici\u00f3n de 1988 en 4 tomos, reencuadernada en piel y con una presentaci\u00f3n \u00fanica, lo que la hace exclusiva.\"><span lang=\"en\" xml:lang=\"en\"><span title=\"Tambi\u00e9n conocida como Las Ricas Horas de Vrelant, el Libro de Horas de la Reina Do\u00f1a Leonor de Portugal es la obra maestra de la miniatura Grisaille (t\u00e9cnica grisalla).\"><span lang=\"en\" xml:lang=\"en\"><span title=\"Tambi\u00e9n conocida como &quot;As Perfeit\u00edssimas Horas da Rainha D. Leonor&quot;, o &quot;Las Ricas Horas de Vrelant&quot;, el Libro de Horas de la Reina Do\u00f1a Leonor de Portugal es la obra maestra de la miniatura Grisaille (t\u00e9cnica grisalla).\"><span class=\"tlid-translation translation\" lang=\"en\">Facsimile of the original 1779 printed in Madrid and written by Dr. Casimiro Gomez Ortega, which is preserved in the Library of the Royal Botanic Garden of Madrid, preceded by a study by Dr. Francisco Javier Puerto Sarmiento.<\/span><\/span><\/span><\/span><\/span><\/span><\/span><\/p>\n","protected":false},"featured_media":57258,"template":"","meta":[],"product_brand":[],"product_cat":[2250],"product_tag":[4624],"class_list":{"0":"post-47779","1":"product","2":"type-product","3":"status-publish","4":"has-post-thumbnail","6":"product_cat-other-facsimiles","7":"product_tag-medicina-en","8":"product_shipping_class-from-0-to-1-kg","9":"description-off","11":"first","12":"instock","13":"taxable","14":"shipping-taxable","15":"purchasable","16":"product-type-simple"},"yoast_head":"<!-- This site is optimized with the Yoast SEO plugin v27.3 - https:\/\/yoast.com\/product\/yoast-seo-wordpress\/ -->\n<title>Instruction on the safest and most economical way to transport live<\/title>\n<meta name=\"description\" content=\"Instruction on the safest and most economical way to transport live plants, by Casimiro Gomez Ortega, facsimile of the original of 1779.\" \/>\n<meta name=\"robots\" content=\"index, follow, max-snippet:-1, max-image-preview:large, max-video-preview:-1\" \/>\n<link rel=\"canonical\" href=\"https:\/\/www.comprarmejor.es\/en\/product\/instruction-about-the-way-to-transport-living-plants\/\" \/>\n<meta property=\"og:locale\" content=\"en_US\" \/>\n<meta property=\"og:type\" content=\"article\" \/>\n<meta property=\"og:title\" content=\"Instruction on the safest and most economical way to transport live\" \/>\n<meta property=\"og:description\" content=\"Instruction on the safest and most economical way to transport live plants, by Casimiro Gomez Ortega, facsimile of the original of 1779.\" \/>\n<meta property=\"og:url\" content=\"https:\/\/www.comprarmejor.es\/en\/product\/instruction-about-the-way-to-transport-living-plants\/\" \/>\n<meta property=\"og:site_name\" content=\"ComprarMejor\" \/>\n<meta property=\"article:modified_time\" content=\"2025-06-17T08:43:35+00:00\" \/>\n<meta property=\"og:image\" content=\"https:\/\/www.comprarmejor.es\/wp-content\/uploads\/2015\/09\/Casimiro-2-1.jpg\" \/>\n\t<meta property=\"og:image:width\" content=\"495\" \/>\n\t<meta property=\"og:image:height\" content=\"600\" \/>\n\t<meta property=\"og:image:type\" content=\"image\/jpeg\" \/>\n<meta name=\"twitter:card\" content=\"summary_large_image\" \/>\n<meta name=\"twitter:label1\" content=\"Est. reading time\" \/>\n\t<meta name=\"twitter:data1\" content=\"2 minutes\" \/>\n<script type=\"application\/ld+json\" class=\"yoast-schema-graph\">{\"@context\":\"https:\\\/\\\/schema.org\",\"@graph\":[{\"@type\":\"WebPage\",\"@id\":\"https:\\\/\\\/www.comprarmejor.es\\\/en\\\/product\\\/instruction-about-the-way-to-transport-living-plants\\\/\",\"url\":\"https:\\\/\\\/www.comprarmejor.es\\\/en\\\/product\\\/instruction-about-the-way-to-transport-living-plants\\\/\",\"name\":\"Instruction on the safest and most economical way to transport live\",\"isPartOf\":{\"@id\":\"https:\\\/\\\/www.comprarmejor.es\\\/en\\\/#website\"},\"primaryImageOfPage\":{\"@id\":\"https:\\\/\\\/www.comprarmejor.es\\\/en\\\/product\\\/instruction-about-the-way-to-transport-living-plants\\\/#primaryimage\"},\"image\":{\"@id\":\"https:\\\/\\\/www.comprarmejor.es\\\/en\\\/product\\\/instruction-about-the-way-to-transport-living-plants\\\/#primaryimage\"},\"thumbnailUrl\":\"https:\\\/\\\/www.comprarmejor.es\\\/wp-content\\\/uploads\\\/2015\\\/09\\\/Casimiro-2-1.jpg\",\"datePublished\":\"2015-09-24T08:55:27+00:00\",\"dateModified\":\"2025-06-17T08:43:35+00:00\",\"description\":\"Instruction on the safest and most economical way to transport live plants, by Casimiro Gomez Ortega, facsimile of the original of 1779.\",\"breadcrumb\":{\"@id\":\"https:\\\/\\\/www.comprarmejor.es\\\/en\\\/product\\\/instruction-about-the-way-to-transport-living-plants\\\/#breadcrumb\"},\"inLanguage\":\"en-US\",\"potentialAction\":[{\"@type\":\"ReadAction\",\"target\":[\"https:\\\/\\\/www.comprarmejor.es\\\/en\\\/product\\\/instruction-about-the-way-to-transport-living-plants\\\/\"]}]},{\"@type\":\"ImageObject\",\"inLanguage\":\"en-US\",\"@id\":\"https:\\\/\\\/www.comprarmejor.es\\\/en\\\/product\\\/instruction-about-the-way-to-transport-living-plants\\\/#primaryimage\",\"url\":\"https:\\\/\\\/www.comprarmejor.es\\\/wp-content\\\/uploads\\\/2015\\\/09\\\/Casimiro-2-1.jpg\",\"contentUrl\":\"https:\\\/\\\/www.comprarmejor.es\\\/wp-content\\\/uploads\\\/2015\\\/09\\\/Casimiro-2-1.jpg\",\"width\":495,\"height\":600},{\"@type\":\"BreadcrumbList\",\"@id\":\"https:\\\/\\\/www.comprarmejor.es\\\/en\\\/product\\\/instruction-about-the-way-to-transport-living-plants\\\/#breadcrumb\",\"itemListElement\":[{\"@type\":\"ListItem\",\"position\":1,\"name\":\"Portada\",\"item\":\"https:\\\/\\\/www.comprarmejor.es\\\/en\\\/\"},{\"@type\":\"ListItem\",\"position\":2,\"name\":\"Shop\",\"item\":\"https:\\\/\\\/www.comprarmejor.es\\\/en\\\/shop\\\/\"},{\"@type\":\"ListItem\",\"position\":3,\"name\":\"Instruction on the safest and most economical way to transport live plants, by Casimiro Gomez Ortega\"}]},{\"@type\":\"WebSite\",\"@id\":\"https:\\\/\\\/www.comprarmejor.es\\\/en\\\/#website\",\"url\":\"https:\\\/\\\/www.comprarmejor.es\\\/en\\\/\",\"name\":\"ComprarMejor\",\"description\":\"ComprarMejor\",\"publisher\":{\"@id\":\"https:\\\/\\\/www.comprarmejor.es\\\/en\\\/#organization\"},\"potentialAction\":[{\"@type\":\"SearchAction\",\"target\":{\"@type\":\"EntryPoint\",\"urlTemplate\":\"https:\\\/\\\/www.comprarmejor.es\\\/en\\\/?s={search_term_string}\"},\"query-input\":{\"@type\":\"PropertyValueSpecification\",\"valueRequired\":true,\"valueName\":\"search_term_string\"}}],\"inLanguage\":\"en-US\"},{\"@type\":\"Organization\",\"@id\":\"https:\\\/\\\/www.comprarmejor.es\\\/en\\\/#organization\",\"name\":\"COMPRAR MEJOR\",\"url\":\"https:\\\/\\\/www.comprarmejor.es\\\/en\\\/\",\"logo\":{\"@type\":\"ImageObject\",\"inLanguage\":\"en-US\",\"@id\":\"https:\\\/\\\/www.comprarmejor.es\\\/en\\\/#\\\/schema\\\/logo\\\/image\\\/\",\"url\":\"https:\\\/\\\/www.comprarmejor.es\\\/wp-content\\\/uploads\\\/2025\\\/09\\\/comprarmejortrinidad.jpg\",\"contentUrl\":\"https:\\\/\\\/www.comprarmejor.es\\\/wp-content\\\/uploads\\\/2025\\\/09\\\/comprarmejortrinidad.jpg\",\"width\":1022,\"height\":1380,\"caption\":\"COMPRAR MEJOR\"},\"image\":{\"@id\":\"https:\\\/\\\/www.comprarmejor.es\\\/en\\\/#\\\/schema\\\/logo\\\/image\\\/\"},\"sameAs\":[\"https:\\\/\\\/www.instagram.com\\\/amigosdelcodice\"]}]}<\/script>\n<!-- \/ Yoast SEO plugin. -->","yoast_head_json":{"title":"Instruction on the safest and most economical way to transport live","description":"Instruction on the safest and most economical way to transport live plants, by Casimiro Gomez Ortega, facsimile of the original of 1779.","robots":{"index":"index","follow":"follow","max-snippet":"max-snippet:-1","max-image-preview":"max-image-preview:large","max-video-preview":"max-video-preview:-1"},"canonical":"https:\/\/www.comprarmejor.es\/en\/product\/instruction-about-the-way-to-transport-living-plants\/","og_locale":"en_US","og_type":"article","og_title":"Instruction on the safest and most economical way to transport live","og_description":"Instruction on the safest and most economical way to transport live plants, by Casimiro Gomez Ortega, facsimile of the original of 1779.","og_url":"https:\/\/www.comprarmejor.es\/en\/product\/instruction-about-the-way-to-transport-living-plants\/","og_site_name":"ComprarMejor","article_modified_time":"2025-06-17T08:43:35+00:00","og_image":[{"width":495,"height":600,"url":"https:\/\/www.comprarmejor.es\/wp-content\/uploads\/2015\/09\/Casimiro-2-1.jpg","type":"image\/jpeg"}],"twitter_card":"summary_large_image","twitter_misc":{"Est. reading time":"2 minutes"},"schema":{"@context":"https:\/\/schema.org","@graph":[{"@type":"WebPage","@id":"https:\/\/www.comprarmejor.es\/en\/product\/instruction-about-the-way-to-transport-living-plants\/","url":"https:\/\/www.comprarmejor.es\/en\/product\/instruction-about-the-way-to-transport-living-plants\/","name":"Instruction on the safest and most economical way to transport live","isPartOf":{"@id":"https:\/\/www.comprarmejor.es\/en\/#website"},"primaryImageOfPage":{"@id":"https:\/\/www.comprarmejor.es\/en\/product\/instruction-about-the-way-to-transport-living-plants\/#primaryimage"},"image":{"@id":"https:\/\/www.comprarmejor.es\/en\/product\/instruction-about-the-way-to-transport-living-plants\/#primaryimage"},"thumbnailUrl":"https:\/\/www.comprarmejor.es\/wp-content\/uploads\/2015\/09\/Casimiro-2-1.jpg","datePublished":"2015-09-24T08:55:27+00:00","dateModified":"2025-06-17T08:43:35+00:00","description":"Instruction on the safest and most economical way to transport live plants, by Casimiro Gomez Ortega, facsimile of the original of 1779.","breadcrumb":{"@id":"https:\/\/www.comprarmejor.es\/en\/product\/instruction-about-the-way-to-transport-living-plants\/#breadcrumb"},"inLanguage":"en-US","potentialAction":[{"@type":"ReadAction","target":["https:\/\/www.comprarmejor.es\/en\/product\/instruction-about-the-way-to-transport-living-plants\/"]}]},{"@type":"ImageObject","inLanguage":"en-US","@id":"https:\/\/www.comprarmejor.es\/en\/product\/instruction-about-the-way-to-transport-living-plants\/#primaryimage","url":"https:\/\/www.comprarmejor.es\/wp-content\/uploads\/2015\/09\/Casimiro-2-1.jpg","contentUrl":"https:\/\/www.comprarmejor.es\/wp-content\/uploads\/2015\/09\/Casimiro-2-1.jpg","width":495,"height":600},{"@type":"BreadcrumbList","@id":"https:\/\/www.comprarmejor.es\/en\/product\/instruction-about-the-way-to-transport-living-plants\/#breadcrumb","itemListElement":[{"@type":"ListItem","position":1,"name":"Portada","item":"https:\/\/www.comprarmejor.es\/en\/"},{"@type":"ListItem","position":2,"name":"Shop","item":"https:\/\/www.comprarmejor.es\/en\/shop\/"},{"@type":"ListItem","position":3,"name":"Instruction on the safest and most economical way to transport live plants, by Casimiro Gomez Ortega"}]},{"@type":"WebSite","@id":"https:\/\/www.comprarmejor.es\/en\/#website","url":"https:\/\/www.comprarmejor.es\/en\/","name":"ComprarMejor","description":"ComprarMejor","publisher":{"@id":"https:\/\/www.comprarmejor.es\/en\/#organization"},"potentialAction":[{"@type":"SearchAction","target":{"@type":"EntryPoint","urlTemplate":"https:\/\/www.comprarmejor.es\/en\/?s={search_term_string}"},"query-input":{"@type":"PropertyValueSpecification","valueRequired":true,"valueName":"search_term_string"}}],"inLanguage":"en-US"},{"@type":"Organization","@id":"https:\/\/www.comprarmejor.es\/en\/#organization","name":"COMPRAR MEJOR","url":"https:\/\/www.comprarmejor.es\/en\/","logo":{"@type":"ImageObject","inLanguage":"en-US","@id":"https:\/\/www.comprarmejor.es\/en\/#\/schema\/logo\/image\/","url":"https:\/\/www.comprarmejor.es\/wp-content\/uploads\/2025\/09\/comprarmejortrinidad.jpg","contentUrl":"https:\/\/www.comprarmejor.es\/wp-content\/uploads\/2025\/09\/comprarmejortrinidad.jpg","width":1022,"height":1380,"caption":"COMPRAR MEJOR"},"image":{"@id":"https:\/\/www.comprarmejor.es\/en\/#\/schema\/logo\/image\/"},"sameAs":["https:\/\/www.instagram.com\/amigosdelcodice"]}]}},"_links":{"self":[{"href":"https:\/\/www.comprarmejor.es\/en\/wp-json\/wp\/v2\/product\/47779","targetHints":{"allow":["GET"]}}],"collection":[{"href":"https:\/\/www.comprarmejor.es\/en\/wp-json\/wp\/v2\/product"}],"about":[{"href":"https:\/\/www.comprarmejor.es\/en\/wp-json\/wp\/v2\/types\/product"}],"wp:featuredmedia":[{"embeddable":true,"href":"https:\/\/www.comprarmejor.es\/en\/wp-json\/wp\/v2\/media\/57258"}],"wp:attachment":[{"href":"https:\/\/www.comprarmejor.es\/en\/wp-json\/wp\/v2\/media?parent=47779"}],"wp:term":[{"taxonomy":"product_brand","embeddable":true,"href":"https:\/\/www.comprarmejor.es\/en\/wp-json\/wp\/v2\/product_brand?post=47779"},{"taxonomy":"product_cat","embeddable":true,"href":"https:\/\/www.comprarmejor.es\/en\/wp-json\/wp\/v2\/product_cat?post=47779"},{"taxonomy":"product_tag","embeddable":true,"href":"https:\/\/www.comprarmejor.es\/en\/wp-json\/wp\/v2\/product_tag?post=47779"}],"curies":[{"name":"wp","href":"https:\/\/api.w.org\/{rel}","templated":true}]}}