{"id":47787,"date":"2015-09-24T11:34:11","date_gmt":"2015-09-24T09:34:11","guid":{"rendered":"https:\/\/www.comprarmejor.es\/producto\/2005-postage-stamps-iv-centenary-of-don-quijote-illustrated-by-mingote\/"},"modified":"2021-04-01T18:28:03","modified_gmt":"2021-04-01T16:28:03","slug":"2005-postage-stamps-iv-centenary-of-don-quijote-illustrated-by-mingote","status":"publish","type":"product","link":"https:\/\/www.comprarmejor.es\/en\/product\/2005-postage-stamps-iv-centenary-of-don-quijote-illustrated-by-mingote\/","title":{"rendered":"Postage stamps IV Centenary of Don Quijote, 2005, illustrated by Mingote"},"content":{"rendered":"<p style=\"text-align: justify;\"><span id=\"result_box\" lang=\"en\" xml:lang=\"en\"><span title=\"Estuche de sellos conmemorativos del IV Centenario (1605-2005) de la publicaci\u00f3n de &quot;Don Quijote de la Mancha&quot;.\">Case commemorative stamps of the fourth centenary (1605-2005) of the publication of &#8220;Don Quixote&#8221;.<\/span><\/span><\/p>\n<p style=\"text-align: justify;\"><span title=\"Correos.\">E. <\/span><span title=\"Espa\u00f1a.\">Spain. <\/span><span title=\"2005. Valores faciales: 0,28 \u20ac, 0,53 \u20ac, 0,78 \u20ac, 2,21 \u20ac\">2005 face values: \u20ac 0.28, \u20ac 0.53, \u20ac 0.78, \u20ac 2.21<\/span><\/p>\n<p style=\"text-align: justify;\"><span title=\"Hoja bloque dentada.\">Serrated blade block. <\/span><span title=\"Dentado 13. Tama\u00f1o de la hoja bloque: 78 x 105 mm., y de los sellos: 28,8 x 40,9 mm.\">13. Teeth souvenir sheet size: 78 x 105 mm, and stamps. 28.8 x 40.9 mm.<br \/>\n<\/span><span title=\"Dise\u00f1os: se reproducen 4 escenas de la primera parte de la novela del Ingenioso Hidalgo Don Quijote de la Mancha.\">Designs: 4 scenes from the first part of the novel the Ingenious Hidalgo Don Quixote played.<br \/>\n<\/span><span title=\"Impresi\u00f3n: calcograf\u00eda.\">Printing: intaglio. <\/span><span title=\"Papel: estucado, engomado, mate, fosforescente.\">Paper: coated, gummed, matt, phosphorescent.<\/span><\/p>\n<p style=\"text-align: justify;\"><span title=\"De esta emisi\u00f3n conmemorativa de hojas bloques, Correos hizo una emisi\u00f3n especial en una carpetilla (140 x 120 mm.) ilustrada por Antonio Mingote en bolsa de pl\u00e1stico sin abrir, que es la que aqu\u00ed se vende.\">This commemorative issue leaf blocks, Post did a special broadcast on a file folder (140 x 120 mm.) Illustrated by Antonio Mingote unopened plastic bag, which is sold here. <\/span><span title=\"El n\u00famero de serie indicado en la imagen cambia en cada hoja bloque de sellos.\">The serial number indicated in the image changes each block sheet of stamps.<\/span><\/p>\n<p style=\"text-align: justify;\"><span title=\"Varios ejemplares disponibles.\">Several copies available.<\/span><\/p>\n<p style=\"text-align: justify;\"><span title=\"Gastos de env\u00edo por cuenta del comprador, seg\u00fan pedido y destino.\">Shipping by the buyer, upon request and destination.\u00a0<\/span><span title=\"Cons\u00faltenos cualquier duda.\"><a class=\"btn btn-default\" href=\"https:\/\/www.comprarmejor.es\/en\/contact\">Ask us<\/a> any questions.<\/span><\/p>\n","protected":false},"excerpt":{"rendered":"<p style=\"text-align: justify;\"><span id=\"result_box\" lang=\"en\" xml:lang=\"en\"><span title=\"Estuche de sellos conmemorativos del IV Centenario (1605-2005) de la publicaci\u00f3n de &quot;Don Quijote de la Mancha&quot;.\">Case commemorative stamps of the fourth centenary (1605-2005) of the publication of &#8220;Don Quixote&#8221;.<\/span><\/span><\/p>\n","protected":false},"featured_media":47781,"template":"","meta":[],"product_brand":[],"product_cat":[2192,2236,2228],"product_tag":[4041,4262,5129],"class_list":{"0":"post-47787","1":"product","2":"type-product","3":"status-publish","4":"has-post-thumbnail","6":"product_cat-collecting","7":"product_cat-philately","8":"product_cat-quijotes-en","9":"product_tag-cervantes-en","10":"product_tag-mingote-en","11":"product_tag-quixote-en","12":"product_shipping_class-from-0-to-1-kg","13":"description-off","15":"first","16":"instock","17":"taxable","18":"shipping-taxable","19":"purchasable","20":"product-type-simple"},"yoast_head":"<!-- This site is optimized with the Yoast SEO plugin v27.3 - https:\/\/yoast.com\/product\/yoast-seo-wordpress\/ -->\n<title>Postage stamps IV Centenary Don Quijote, illustrated by Mingote, 2005<\/title>\n<meta name=\"description\" content=\"Case commemorative stamps of the fourth centenary (1605-2005) of the publication of Don Quixote of La Mancha\" \/>\n<meta name=\"robots\" content=\"index, follow, max-snippet:-1, max-image-preview:large, max-video-preview:-1\" \/>\n<link rel=\"canonical\" href=\"https:\/\/www.comprarmejor.es\/en\/product\/2005-postage-stamps-iv-centenary-of-don-quijote-illustrated-by-mingote\/\" \/>\n<meta property=\"og:locale\" content=\"en_US\" \/>\n<meta property=\"og:type\" content=\"article\" \/>\n<meta property=\"og:title\" content=\"Postage stamps IV Centenary Don Quijote, illustrated by Mingote, 2005\" \/>\n<meta property=\"og:description\" content=\"Case commemorative stamps of the fourth centenary (1605-2005) of the publication of Don Quixote of La Mancha\" \/>\n<meta property=\"og:url\" content=\"https:\/\/www.comprarmejor.es\/en\/product\/2005-postage-stamps-iv-centenary-of-don-quijote-illustrated-by-mingote\/\" \/>\n<meta property=\"og:site_name\" content=\"ComprarMejor\" \/>\n<meta property=\"article:modified_time\" content=\"2021-04-01T16:28:03+00:00\" \/>\n<meta property=\"og:image\" content=\"https:\/\/www.comprarmejor.es\/wp-content\/uploads\/2015\/09\/p_6_8_2_682-Sellos-de-Correos-IV-Centenario-de-Don-Quijote-ilustrados-por-Mingote-2005.jpg\" \/>\n\t<meta property=\"og:image:width\" content=\"600\" \/>\n\t<meta property=\"og:image:height\" content=\"449\" \/>\n\t<meta property=\"og:image:type\" content=\"image\/jpeg\" \/>\n<meta name=\"twitter:card\" content=\"summary_large_image\" \/>\n<meta name=\"twitter:label1\" content=\"Est. reading time\" \/>\n\t<meta name=\"twitter:data1\" content=\"1 minute\" \/>\n<script type=\"application\/ld+json\" class=\"yoast-schema-graph\">{\"@context\":\"https:\\\/\\\/schema.org\",\"@graph\":[{\"@type\":\"WebPage\",\"@id\":\"https:\\\/\\\/www.comprarmejor.es\\\/en\\\/product\\\/2005-postage-stamps-iv-centenary-of-don-quijote-illustrated-by-mingote\\\/\",\"url\":\"https:\\\/\\\/www.comprarmejor.es\\\/en\\\/product\\\/2005-postage-stamps-iv-centenary-of-don-quijote-illustrated-by-mingote\\\/\",\"name\":\"Postage stamps IV Centenary Don Quijote, illustrated by Mingote, 2005\",\"isPartOf\":{\"@id\":\"https:\\\/\\\/www.comprarmejor.es\\\/en\\\/#website\"},\"primaryImageOfPage\":{\"@id\":\"https:\\\/\\\/www.comprarmejor.es\\\/en\\\/product\\\/2005-postage-stamps-iv-centenary-of-don-quijote-illustrated-by-mingote\\\/#primaryimage\"},\"image\":{\"@id\":\"https:\\\/\\\/www.comprarmejor.es\\\/en\\\/product\\\/2005-postage-stamps-iv-centenary-of-don-quijote-illustrated-by-mingote\\\/#primaryimage\"},\"thumbnailUrl\":\"https:\\\/\\\/www.comprarmejor.es\\\/wp-content\\\/uploads\\\/2015\\\/09\\\/p_6_8_2_682-Sellos-de-Correos-IV-Centenario-de-Don-Quijote-ilustrados-por-Mingote-2005.jpg\",\"datePublished\":\"2015-09-24T09:34:11+00:00\",\"dateModified\":\"2021-04-01T16:28:03+00:00\",\"description\":\"Case commemorative stamps of the fourth centenary (1605-2005) of the publication of Don Quixote of La Mancha\",\"breadcrumb\":{\"@id\":\"https:\\\/\\\/www.comprarmejor.es\\\/en\\\/product\\\/2005-postage-stamps-iv-centenary-of-don-quijote-illustrated-by-mingote\\\/#breadcrumb\"},\"inLanguage\":\"en-US\",\"potentialAction\":[{\"@type\":\"ReadAction\",\"target\":[\"https:\\\/\\\/www.comprarmejor.es\\\/en\\\/product\\\/2005-postage-stamps-iv-centenary-of-don-quijote-illustrated-by-mingote\\\/\"]}]},{\"@type\":\"ImageObject\",\"inLanguage\":\"en-US\",\"@id\":\"https:\\\/\\\/www.comprarmejor.es\\\/en\\\/product\\\/2005-postage-stamps-iv-centenary-of-don-quijote-illustrated-by-mingote\\\/#primaryimage\",\"url\":\"https:\\\/\\\/www.comprarmejor.es\\\/wp-content\\\/uploads\\\/2015\\\/09\\\/p_6_8_2_682-Sellos-de-Correos-IV-Centenario-de-Don-Quijote-ilustrados-por-Mingote-2005.jpg\",\"contentUrl\":\"https:\\\/\\\/www.comprarmejor.es\\\/wp-content\\\/uploads\\\/2015\\\/09\\\/p_6_8_2_682-Sellos-de-Correos-IV-Centenario-de-Don-Quijote-ilustrados-por-Mingote-2005.jpg\",\"width\":600,\"height\":449},{\"@type\":\"BreadcrumbList\",\"@id\":\"https:\\\/\\\/www.comprarmejor.es\\\/en\\\/product\\\/2005-postage-stamps-iv-centenary-of-don-quijote-illustrated-by-mingote\\\/#breadcrumb\",\"itemListElement\":[{\"@type\":\"ListItem\",\"position\":1,\"name\":\"Portada\",\"item\":\"https:\\\/\\\/www.comprarmejor.es\\\/en\\\/\"},{\"@type\":\"ListItem\",\"position\":2,\"name\":\"Shop\",\"item\":\"https:\\\/\\\/www.comprarmejor.es\\\/en\\\/shop\\\/\"},{\"@type\":\"ListItem\",\"position\":3,\"name\":\"Postage stamps IV Centenary of Don Quijote, 2005, illustrated by Mingote\"}]},{\"@type\":\"WebSite\",\"@id\":\"https:\\\/\\\/www.comprarmejor.es\\\/en\\\/#website\",\"url\":\"https:\\\/\\\/www.comprarmejor.es\\\/en\\\/\",\"name\":\"ComprarMejor\",\"description\":\"ComprarMejor\",\"publisher\":{\"@id\":\"https:\\\/\\\/www.comprarmejor.es\\\/en\\\/#organization\"},\"potentialAction\":[{\"@type\":\"SearchAction\",\"target\":{\"@type\":\"EntryPoint\",\"urlTemplate\":\"https:\\\/\\\/www.comprarmejor.es\\\/en\\\/?s={search_term_string}\"},\"query-input\":{\"@type\":\"PropertyValueSpecification\",\"valueRequired\":true,\"valueName\":\"search_term_string\"}}],\"inLanguage\":\"en-US\"},{\"@type\":\"Organization\",\"@id\":\"https:\\\/\\\/www.comprarmejor.es\\\/en\\\/#organization\",\"name\":\"COMPRAR MEJOR\",\"url\":\"https:\\\/\\\/www.comprarmejor.es\\\/en\\\/\",\"logo\":{\"@type\":\"ImageObject\",\"inLanguage\":\"en-US\",\"@id\":\"https:\\\/\\\/www.comprarmejor.es\\\/en\\\/#\\\/schema\\\/logo\\\/image\\\/\",\"url\":\"https:\\\/\\\/www.comprarmejor.es\\\/wp-content\\\/uploads\\\/2025\\\/09\\\/comprarmejortrinidad.jpg\",\"contentUrl\":\"https:\\\/\\\/www.comprarmejor.es\\\/wp-content\\\/uploads\\\/2025\\\/09\\\/comprarmejortrinidad.jpg\",\"width\":1022,\"height\":1380,\"caption\":\"COMPRAR MEJOR\"},\"image\":{\"@id\":\"https:\\\/\\\/www.comprarmejor.es\\\/en\\\/#\\\/schema\\\/logo\\\/image\\\/\"},\"sameAs\":[\"https:\\\/\\\/www.instagram.com\\\/amigosdelcodice\"]}]}<\/script>\n<!-- \/ Yoast SEO plugin. -->","yoast_head_json":{"title":"Postage stamps IV Centenary Don Quijote, illustrated by Mingote, 2005","description":"Case commemorative stamps of the fourth centenary (1605-2005) of the publication of Don Quixote of La Mancha","robots":{"index":"index","follow":"follow","max-snippet":"max-snippet:-1","max-image-preview":"max-image-preview:large","max-video-preview":"max-video-preview:-1"},"canonical":"https:\/\/www.comprarmejor.es\/en\/product\/2005-postage-stamps-iv-centenary-of-don-quijote-illustrated-by-mingote\/","og_locale":"en_US","og_type":"article","og_title":"Postage stamps IV Centenary Don Quijote, illustrated by Mingote, 2005","og_description":"Case commemorative stamps of the fourth centenary (1605-2005) of the publication of Don Quixote of La Mancha","og_url":"https:\/\/www.comprarmejor.es\/en\/product\/2005-postage-stamps-iv-centenary-of-don-quijote-illustrated-by-mingote\/","og_site_name":"ComprarMejor","article_modified_time":"2021-04-01T16:28:03+00:00","og_image":[{"width":600,"height":449,"url":"https:\/\/www.comprarmejor.es\/wp-content\/uploads\/2015\/09\/p_6_8_2_682-Sellos-de-Correos-IV-Centenario-de-Don-Quijote-ilustrados-por-Mingote-2005.jpg","type":"image\/jpeg"}],"twitter_card":"summary_large_image","twitter_misc":{"Est. reading time":"1 minute"},"schema":{"@context":"https:\/\/schema.org","@graph":[{"@type":"WebPage","@id":"https:\/\/www.comprarmejor.es\/en\/product\/2005-postage-stamps-iv-centenary-of-don-quijote-illustrated-by-mingote\/","url":"https:\/\/www.comprarmejor.es\/en\/product\/2005-postage-stamps-iv-centenary-of-don-quijote-illustrated-by-mingote\/","name":"Postage stamps IV Centenary Don Quijote, illustrated by Mingote, 2005","isPartOf":{"@id":"https:\/\/www.comprarmejor.es\/en\/#website"},"primaryImageOfPage":{"@id":"https:\/\/www.comprarmejor.es\/en\/product\/2005-postage-stamps-iv-centenary-of-don-quijote-illustrated-by-mingote\/#primaryimage"},"image":{"@id":"https:\/\/www.comprarmejor.es\/en\/product\/2005-postage-stamps-iv-centenary-of-don-quijote-illustrated-by-mingote\/#primaryimage"},"thumbnailUrl":"https:\/\/www.comprarmejor.es\/wp-content\/uploads\/2015\/09\/p_6_8_2_682-Sellos-de-Correos-IV-Centenario-de-Don-Quijote-ilustrados-por-Mingote-2005.jpg","datePublished":"2015-09-24T09:34:11+00:00","dateModified":"2021-04-01T16:28:03+00:00","description":"Case commemorative stamps of the fourth centenary (1605-2005) of the publication of Don Quixote of La Mancha","breadcrumb":{"@id":"https:\/\/www.comprarmejor.es\/en\/product\/2005-postage-stamps-iv-centenary-of-don-quijote-illustrated-by-mingote\/#breadcrumb"},"inLanguage":"en-US","potentialAction":[{"@type":"ReadAction","target":["https:\/\/www.comprarmejor.es\/en\/product\/2005-postage-stamps-iv-centenary-of-don-quijote-illustrated-by-mingote\/"]}]},{"@type":"ImageObject","inLanguage":"en-US","@id":"https:\/\/www.comprarmejor.es\/en\/product\/2005-postage-stamps-iv-centenary-of-don-quijote-illustrated-by-mingote\/#primaryimage","url":"https:\/\/www.comprarmejor.es\/wp-content\/uploads\/2015\/09\/p_6_8_2_682-Sellos-de-Correos-IV-Centenario-de-Don-Quijote-ilustrados-por-Mingote-2005.jpg","contentUrl":"https:\/\/www.comprarmejor.es\/wp-content\/uploads\/2015\/09\/p_6_8_2_682-Sellos-de-Correos-IV-Centenario-de-Don-Quijote-ilustrados-por-Mingote-2005.jpg","width":600,"height":449},{"@type":"BreadcrumbList","@id":"https:\/\/www.comprarmejor.es\/en\/product\/2005-postage-stamps-iv-centenary-of-don-quijote-illustrated-by-mingote\/#breadcrumb","itemListElement":[{"@type":"ListItem","position":1,"name":"Portada","item":"https:\/\/www.comprarmejor.es\/en\/"},{"@type":"ListItem","position":2,"name":"Shop","item":"https:\/\/www.comprarmejor.es\/en\/shop\/"},{"@type":"ListItem","position":3,"name":"Postage stamps IV Centenary of Don Quijote, 2005, illustrated by Mingote"}]},{"@type":"WebSite","@id":"https:\/\/www.comprarmejor.es\/en\/#website","url":"https:\/\/www.comprarmejor.es\/en\/","name":"ComprarMejor","description":"ComprarMejor","publisher":{"@id":"https:\/\/www.comprarmejor.es\/en\/#organization"},"potentialAction":[{"@type":"SearchAction","target":{"@type":"EntryPoint","urlTemplate":"https:\/\/www.comprarmejor.es\/en\/?s={search_term_string}"},"query-input":{"@type":"PropertyValueSpecification","valueRequired":true,"valueName":"search_term_string"}}],"inLanguage":"en-US"},{"@type":"Organization","@id":"https:\/\/www.comprarmejor.es\/en\/#organization","name":"COMPRAR MEJOR","url":"https:\/\/www.comprarmejor.es\/en\/","logo":{"@type":"ImageObject","inLanguage":"en-US","@id":"https:\/\/www.comprarmejor.es\/en\/#\/schema\/logo\/image\/","url":"https:\/\/www.comprarmejor.es\/wp-content\/uploads\/2025\/09\/comprarmejortrinidad.jpg","contentUrl":"https:\/\/www.comprarmejor.es\/wp-content\/uploads\/2025\/09\/comprarmejortrinidad.jpg","width":1022,"height":1380,"caption":"COMPRAR MEJOR"},"image":{"@id":"https:\/\/www.comprarmejor.es\/en\/#\/schema\/logo\/image\/"},"sameAs":["https:\/\/www.instagram.com\/amigosdelcodice"]}]}},"_links":{"self":[{"href":"https:\/\/www.comprarmejor.es\/en\/wp-json\/wp\/v2\/product\/47787","targetHints":{"allow":["GET"]}}],"collection":[{"href":"https:\/\/www.comprarmejor.es\/en\/wp-json\/wp\/v2\/product"}],"about":[{"href":"https:\/\/www.comprarmejor.es\/en\/wp-json\/wp\/v2\/types\/product"}],"wp:featuredmedia":[{"embeddable":true,"href":"https:\/\/www.comprarmejor.es\/en\/wp-json\/wp\/v2\/media\/47781"}],"wp:attachment":[{"href":"https:\/\/www.comprarmejor.es\/en\/wp-json\/wp\/v2\/media?parent=47787"}],"wp:term":[{"taxonomy":"product_brand","embeddable":true,"href":"https:\/\/www.comprarmejor.es\/en\/wp-json\/wp\/v2\/product_brand?post=47787"},{"taxonomy":"product_cat","embeddable":true,"href":"https:\/\/www.comprarmejor.es\/en\/wp-json\/wp\/v2\/product_cat?post=47787"},{"taxonomy":"product_tag","embeddable":true,"href":"https:\/\/www.comprarmejor.es\/en\/wp-json\/wp\/v2\/product_tag?post=47787"}],"curies":[{"name":"wp","href":"https:\/\/api.w.org\/{rel}","templated":true}]}}