{"id":47891,"date":"2015-09-28T13:07:57","date_gmt":"2015-09-28T11:07:57","guid":{"rendered":"https:\/\/www.comprarmejor.es\/producto\/flashlight-530lm-white-cold-led-lamp\/"},"modified":"2020-05-03T18:13:05","modified_gmt":"2020-05-03T16:13:05","slug":"flashlight-530lm-white-cold-led-lamp","status":"publish","type":"product","link":"https:\/\/www.comprarmejor.es\/en\/product\/flashlight-530lm-white-cold-led-lamp\/","title":{"rendered":"Flashlight 530lm white cold led lamp"},"content":{"rendered":"<p style=\"text-align: justify;\"><span id=\"result_box\" lang=\"en\" xml:lang=\"en\"><span title=\"Edici\u00f3n numerada y limitada a tan s\u00f3lo 375 ejemplares.\"><span lang=\"en\" xml:lang=\"en\"><span title=\"Excelente ejemplar \u00fanico para cualquier bibli\u00f3filo, Biblioteca catalana, o amante de la cultura en lengua catalana.\"><span lang=\"en\" xml:lang=\"en\">Flashlight lamp of high range and luminosity, brand Favour, ideal for camping and for the home. Cold white Led of 530 lumens. Batteries not included.<\/span><\/span><\/span><\/span><\/span><\/p>\n<p style=\"text-align: justify;\">Characteristics:<br \/>\nLed white 530 Lms<br \/>\nLed white 100 Lms<br \/>\nControl brightness level<br \/>\nBattery 17h \/ 250h<br \/>\nBattery 3 x 1.5v D Alkaline batteries (not included)<br \/>\nBattery Charge Indicator<br \/>\nRemovable Cap<br \/>\nBuilt-in hook<br \/>\nNon-skid<br \/>\nWaterproof<br \/>\nImpact fall 1 m.<br \/>\nReach 25 m.<br \/>\nWeight 858 g with battery<br \/>\nMeasures 122 x 240 mm.<\/p>\n<p style=\"text-align: justify;\">Brand new and in perfect condition, brand new, in its original box.<\/p>\n<p style=\"text-align: justify;\"><span title=\"Gastos de env\u00edo por cuenta del comprador, seg\u00fan pedido y destino.\">Shipping by the buyer, upon request and destination. <\/span><span title=\"Cons\u00faltenos cualquier duda, as\u00ed como por cualquier otra edici\u00f3n facs\u00edmile que est\u00e9 buscando.\"><a class=\"btn btn-default\" href=\"http:\/\/comprarmejor.es\/en\/contact\">Ask us<\/a> <span lang=\"en\" xml:lang=\"en\">without obligation (indicating the reference of the article) any doubts, as well as for any other article that you are looking for.<\/span><br \/>\n<\/span><\/p>\n","protected":false},"excerpt":{"rendered":"<p style=\"text-align: justify;\"><span id=\"result_box\" lang=\"en\" xml:lang=\"en\"><span title=\"por sus autores, procedencia, belleza y estado de conservaci\u00f3n.\"><span lang=\"en\" xml:lang=\"en\"><span title=\"Edici\u00f3n de la cl\u00e1sica obra de la literatura italiana, La Divina Comedia, de Dante Alighieri, realizada en Sabadell (Barcelona) entre los a\u00f1os 1947 y 1951. 3 grandes tomos (formato 27,5 x 35 x 7 cm), textos en catal\u00e1n.\"><span lang=\"en\" xml:lang=\"en\">Flashlight lamp of high range and luminosity, brand Favour, ideal for camping and for the home. Cold white Led of 530 lumens. Batteries not included.<\/span><\/span><\/span><\/span><\/span><\/p>\n","protected":false},"featured_media":47887,"template":"","meta":[],"product_brand":[],"product_cat":[5386],"product_tag":[4228],"class_list":{"0":"post-47891","1":"product","2":"type-product","3":"status-publish","4":"has-post-thumbnail","6":"product_cat-home-decoration","7":"product_tag-favour-en-2","8":"product_shipping_class-from-0-to-1-kg","9":"description-off","11":"first","12":"instock","13":"taxable","14":"shipping-taxable","15":"purchasable","16":"product-type-simple"},"yoast_head":"<!-- This site is optimized with the Yoast SEO plugin v27.3 - https:\/\/yoast.com\/product\/yoast-seo-wordpress\/ -->\n<title>Flashlight 530lm white cold led lamp<\/title>\n<meta name=\"description\" content=\"Flashlight lamp of high range and luminosity, brand Favour, ideal for camping and for the home. Cold white Led of 530 lumens. Batteries not included.\" \/>\n<meta name=\"robots\" content=\"index, follow, max-snippet:-1, max-image-preview:large, max-video-preview:-1\" \/>\n<link rel=\"canonical\" href=\"https:\/\/www.comprarmejor.es\/en\/product\/flashlight-530lm-white-cold-led-lamp\/\" \/>\n<meta property=\"og:locale\" content=\"en_US\" \/>\n<meta property=\"og:type\" content=\"article\" \/>\n<meta property=\"og:title\" content=\"Flashlight 530lm white cold led lamp\" \/>\n<meta property=\"og:description\" content=\"Flashlight lamp of high range and luminosity, brand Favour, ideal for camping and for the home. Cold white Led of 530 lumens. Batteries not included.\" \/>\n<meta property=\"og:url\" content=\"https:\/\/www.comprarmejor.es\/en\/product\/flashlight-530lm-white-cold-led-lamp\/\" \/>\n<meta property=\"og:site_name\" content=\"ComprarMejor\" \/>\n<meta property=\"article:modified_time\" content=\"2020-05-03T16:13:05+00:00\" \/>\n<meta property=\"og:image\" content=\"https:\/\/www.comprarmejor.es\/wp-content\/uploads\/2015\/09\/p_7_4_6_8_7468-Linterna-candil-530lm-led-blanco-frio.jpg\" \/>\n\t<meta property=\"og:image:width\" content=\"353\" \/>\n\t<meta property=\"og:image:height\" content=\"600\" \/>\n\t<meta property=\"og:image:type\" content=\"image\/jpeg\" \/>\n<meta name=\"twitter:card\" content=\"summary_large_image\" \/>\n<meta name=\"twitter:label1\" content=\"Est. reading time\" \/>\n\t<meta name=\"twitter:data1\" content=\"1 minute\" \/>\n<script type=\"application\/ld+json\" class=\"yoast-schema-graph\">{\"@context\":\"https:\\\/\\\/schema.org\",\"@graph\":[{\"@type\":\"WebPage\",\"@id\":\"https:\\\/\\\/www.comprarmejor.es\\\/en\\\/product\\\/flashlight-530lm-white-cold-led-lamp\\\/\",\"url\":\"https:\\\/\\\/www.comprarmejor.es\\\/en\\\/product\\\/flashlight-530lm-white-cold-led-lamp\\\/\",\"name\":\"Flashlight 530lm white cold led lamp\",\"isPartOf\":{\"@id\":\"https:\\\/\\\/www.comprarmejor.es\\\/en\\\/#website\"},\"primaryImageOfPage\":{\"@id\":\"https:\\\/\\\/www.comprarmejor.es\\\/en\\\/product\\\/flashlight-530lm-white-cold-led-lamp\\\/#primaryimage\"},\"image\":{\"@id\":\"https:\\\/\\\/www.comprarmejor.es\\\/en\\\/product\\\/flashlight-530lm-white-cold-led-lamp\\\/#primaryimage\"},\"thumbnailUrl\":\"https:\\\/\\\/www.comprarmejor.es\\\/wp-content\\\/uploads\\\/2015\\\/09\\\/p_7_4_6_8_7468-Linterna-candil-530lm-led-blanco-frio.jpg\",\"datePublished\":\"2015-09-28T11:07:57+00:00\",\"dateModified\":\"2020-05-03T16:13:05+00:00\",\"description\":\"Flashlight lamp of high range and luminosity, brand Favour, ideal for camping and for the home. Cold white Led of 530 lumens. Batteries not included.\",\"breadcrumb\":{\"@id\":\"https:\\\/\\\/www.comprarmejor.es\\\/en\\\/product\\\/flashlight-530lm-white-cold-led-lamp\\\/#breadcrumb\"},\"inLanguage\":\"en-US\",\"potentialAction\":[{\"@type\":\"ReadAction\",\"target\":[\"https:\\\/\\\/www.comprarmejor.es\\\/en\\\/product\\\/flashlight-530lm-white-cold-led-lamp\\\/\"]}]},{\"@type\":\"ImageObject\",\"inLanguage\":\"en-US\",\"@id\":\"https:\\\/\\\/www.comprarmejor.es\\\/en\\\/product\\\/flashlight-530lm-white-cold-led-lamp\\\/#primaryimage\",\"url\":\"https:\\\/\\\/www.comprarmejor.es\\\/wp-content\\\/uploads\\\/2015\\\/09\\\/p_7_4_6_8_7468-Linterna-candil-530lm-led-blanco-frio.jpg\",\"contentUrl\":\"https:\\\/\\\/www.comprarmejor.es\\\/wp-content\\\/uploads\\\/2015\\\/09\\\/p_7_4_6_8_7468-Linterna-candil-530lm-led-blanco-frio.jpg\",\"width\":353,\"height\":600},{\"@type\":\"BreadcrumbList\",\"@id\":\"https:\\\/\\\/www.comprarmejor.es\\\/en\\\/product\\\/flashlight-530lm-white-cold-led-lamp\\\/#breadcrumb\",\"itemListElement\":[{\"@type\":\"ListItem\",\"position\":1,\"name\":\"Portada\",\"item\":\"https:\\\/\\\/www.comprarmejor.es\\\/en\\\/\"},{\"@type\":\"ListItem\",\"position\":2,\"name\":\"Shop\",\"item\":\"https:\\\/\\\/www.comprarmejor.es\\\/en\\\/shop\\\/\"},{\"@type\":\"ListItem\",\"position\":3,\"name\":\"Flashlight 530lm white cold led lamp\"}]},{\"@type\":\"WebSite\",\"@id\":\"https:\\\/\\\/www.comprarmejor.es\\\/en\\\/#website\",\"url\":\"https:\\\/\\\/www.comprarmejor.es\\\/en\\\/\",\"name\":\"ComprarMejor\",\"description\":\"ComprarMejor\",\"publisher\":{\"@id\":\"https:\\\/\\\/www.comprarmejor.es\\\/en\\\/#organization\"},\"potentialAction\":[{\"@type\":\"SearchAction\",\"target\":{\"@type\":\"EntryPoint\",\"urlTemplate\":\"https:\\\/\\\/www.comprarmejor.es\\\/en\\\/?s={search_term_string}\"},\"query-input\":{\"@type\":\"PropertyValueSpecification\",\"valueRequired\":true,\"valueName\":\"search_term_string\"}}],\"inLanguage\":\"en-US\"},{\"@type\":\"Organization\",\"@id\":\"https:\\\/\\\/www.comprarmejor.es\\\/en\\\/#organization\",\"name\":\"COMPRAR MEJOR\",\"url\":\"https:\\\/\\\/www.comprarmejor.es\\\/en\\\/\",\"logo\":{\"@type\":\"ImageObject\",\"inLanguage\":\"en-US\",\"@id\":\"https:\\\/\\\/www.comprarmejor.es\\\/en\\\/#\\\/schema\\\/logo\\\/image\\\/\",\"url\":\"https:\\\/\\\/www.comprarmejor.es\\\/wp-content\\\/uploads\\\/2025\\\/09\\\/comprarmejortrinidad.jpg\",\"contentUrl\":\"https:\\\/\\\/www.comprarmejor.es\\\/wp-content\\\/uploads\\\/2025\\\/09\\\/comprarmejortrinidad.jpg\",\"width\":1022,\"height\":1380,\"caption\":\"COMPRAR MEJOR\"},\"image\":{\"@id\":\"https:\\\/\\\/www.comprarmejor.es\\\/en\\\/#\\\/schema\\\/logo\\\/image\\\/\"},\"sameAs\":[\"https:\\\/\\\/www.instagram.com\\\/amigosdelcodice\"]}]}<\/script>\n<!-- \/ Yoast SEO plugin. -->","yoast_head_json":{"title":"Flashlight 530lm white cold led lamp","description":"Flashlight lamp of high range and luminosity, brand Favour, ideal for camping and for the home. Cold white Led of 530 lumens. Batteries not included.","robots":{"index":"index","follow":"follow","max-snippet":"max-snippet:-1","max-image-preview":"max-image-preview:large","max-video-preview":"max-video-preview:-1"},"canonical":"https:\/\/www.comprarmejor.es\/en\/product\/flashlight-530lm-white-cold-led-lamp\/","og_locale":"en_US","og_type":"article","og_title":"Flashlight 530lm white cold led lamp","og_description":"Flashlight lamp of high range and luminosity, brand Favour, ideal for camping and for the home. Cold white Led of 530 lumens. Batteries not included.","og_url":"https:\/\/www.comprarmejor.es\/en\/product\/flashlight-530lm-white-cold-led-lamp\/","og_site_name":"ComprarMejor","article_modified_time":"2020-05-03T16:13:05+00:00","og_image":[{"width":353,"height":600,"url":"https:\/\/www.comprarmejor.es\/wp-content\/uploads\/2015\/09\/p_7_4_6_8_7468-Linterna-candil-530lm-led-blanco-frio.jpg","type":"image\/jpeg"}],"twitter_card":"summary_large_image","twitter_misc":{"Est. reading time":"1 minute"},"schema":{"@context":"https:\/\/schema.org","@graph":[{"@type":"WebPage","@id":"https:\/\/www.comprarmejor.es\/en\/product\/flashlight-530lm-white-cold-led-lamp\/","url":"https:\/\/www.comprarmejor.es\/en\/product\/flashlight-530lm-white-cold-led-lamp\/","name":"Flashlight 530lm white cold led lamp","isPartOf":{"@id":"https:\/\/www.comprarmejor.es\/en\/#website"},"primaryImageOfPage":{"@id":"https:\/\/www.comprarmejor.es\/en\/product\/flashlight-530lm-white-cold-led-lamp\/#primaryimage"},"image":{"@id":"https:\/\/www.comprarmejor.es\/en\/product\/flashlight-530lm-white-cold-led-lamp\/#primaryimage"},"thumbnailUrl":"https:\/\/www.comprarmejor.es\/wp-content\/uploads\/2015\/09\/p_7_4_6_8_7468-Linterna-candil-530lm-led-blanco-frio.jpg","datePublished":"2015-09-28T11:07:57+00:00","dateModified":"2020-05-03T16:13:05+00:00","description":"Flashlight lamp of high range and luminosity, brand Favour, ideal for camping and for the home. Cold white Led of 530 lumens. Batteries not included.","breadcrumb":{"@id":"https:\/\/www.comprarmejor.es\/en\/product\/flashlight-530lm-white-cold-led-lamp\/#breadcrumb"},"inLanguage":"en-US","potentialAction":[{"@type":"ReadAction","target":["https:\/\/www.comprarmejor.es\/en\/product\/flashlight-530lm-white-cold-led-lamp\/"]}]},{"@type":"ImageObject","inLanguage":"en-US","@id":"https:\/\/www.comprarmejor.es\/en\/product\/flashlight-530lm-white-cold-led-lamp\/#primaryimage","url":"https:\/\/www.comprarmejor.es\/wp-content\/uploads\/2015\/09\/p_7_4_6_8_7468-Linterna-candil-530lm-led-blanco-frio.jpg","contentUrl":"https:\/\/www.comprarmejor.es\/wp-content\/uploads\/2015\/09\/p_7_4_6_8_7468-Linterna-candil-530lm-led-blanco-frio.jpg","width":353,"height":600},{"@type":"BreadcrumbList","@id":"https:\/\/www.comprarmejor.es\/en\/product\/flashlight-530lm-white-cold-led-lamp\/#breadcrumb","itemListElement":[{"@type":"ListItem","position":1,"name":"Portada","item":"https:\/\/www.comprarmejor.es\/en\/"},{"@type":"ListItem","position":2,"name":"Shop","item":"https:\/\/www.comprarmejor.es\/en\/shop\/"},{"@type":"ListItem","position":3,"name":"Flashlight 530lm white cold led lamp"}]},{"@type":"WebSite","@id":"https:\/\/www.comprarmejor.es\/en\/#website","url":"https:\/\/www.comprarmejor.es\/en\/","name":"ComprarMejor","description":"ComprarMejor","publisher":{"@id":"https:\/\/www.comprarmejor.es\/en\/#organization"},"potentialAction":[{"@type":"SearchAction","target":{"@type":"EntryPoint","urlTemplate":"https:\/\/www.comprarmejor.es\/en\/?s={search_term_string}"},"query-input":{"@type":"PropertyValueSpecification","valueRequired":true,"valueName":"search_term_string"}}],"inLanguage":"en-US"},{"@type":"Organization","@id":"https:\/\/www.comprarmejor.es\/en\/#organization","name":"COMPRAR MEJOR","url":"https:\/\/www.comprarmejor.es\/en\/","logo":{"@type":"ImageObject","inLanguage":"en-US","@id":"https:\/\/www.comprarmejor.es\/en\/#\/schema\/logo\/image\/","url":"https:\/\/www.comprarmejor.es\/wp-content\/uploads\/2025\/09\/comprarmejortrinidad.jpg","contentUrl":"https:\/\/www.comprarmejor.es\/wp-content\/uploads\/2025\/09\/comprarmejortrinidad.jpg","width":1022,"height":1380,"caption":"COMPRAR MEJOR"},"image":{"@id":"https:\/\/www.comprarmejor.es\/en\/#\/schema\/logo\/image\/"},"sameAs":["https:\/\/www.instagram.com\/amigosdelcodice"]}]}},"_links":{"self":[{"href":"https:\/\/www.comprarmejor.es\/en\/wp-json\/wp\/v2\/product\/47891","targetHints":{"allow":["GET"]}}],"collection":[{"href":"https:\/\/www.comprarmejor.es\/en\/wp-json\/wp\/v2\/product"}],"about":[{"href":"https:\/\/www.comprarmejor.es\/en\/wp-json\/wp\/v2\/types\/product"}],"wp:featuredmedia":[{"embeddable":true,"href":"https:\/\/www.comprarmejor.es\/en\/wp-json\/wp\/v2\/media\/47887"}],"wp:attachment":[{"href":"https:\/\/www.comprarmejor.es\/en\/wp-json\/wp\/v2\/media?parent=47891"}],"wp:term":[{"taxonomy":"product_brand","embeddable":true,"href":"https:\/\/www.comprarmejor.es\/en\/wp-json\/wp\/v2\/product_brand?post=47891"},{"taxonomy":"product_cat","embeddable":true,"href":"https:\/\/www.comprarmejor.es\/en\/wp-json\/wp\/v2\/product_cat?post=47891"},{"taxonomy":"product_tag","embeddable":true,"href":"https:\/\/www.comprarmejor.es\/en\/wp-json\/wp\/v2\/product_tag?post=47891"}],"curies":[{"name":"wp","href":"https:\/\/api.w.org\/{rel}","templated":true}]}}