{"id":48035,"date":"2015-09-29T18:39:41","date_gmt":"2015-09-29T16:39:41","guid":{"rendered":"https:\/\/www.comprarmejor.es\/producto\/book-of-hours-of-lorenzo-de-medici-s-xv\/"},"modified":"2026-04-12T10:35:48","modified_gmt":"2026-04-12T08:35:48","slug":"book-of-hours-of-lorenzo-de-medici-s-xv","status":"publish","type":"product","link":"https:\/\/www.comprarmejor.es\/en\/product\/book-of-hours-of-lorenzo-de-medici-s-xv\/","title":{"rendered":"Book of Hours of Lorenzo de &#8216;Medici, s. XV (5*)"},"content":{"rendered":"<p style=\"text-align: justify;\"><span id=\"result_box\" lang=\"en\" xml:lang=\"en\"><span title=\"El Libro de Horas de Lorenzo de M\u00e9dici (Il Libro d'Ore di Lorenzo de' Medici), es la joya de la miniatura florentina.\">The Book of Hours of Lorenzo de Medici (Il Libro d&#8217;Ore di Lorenzo de &#8216;Medici), is the jewel of Florentine miniature. <\/span><span title=\"Original conservado en la Biblioteca Medicea Laurenziana (Ms. Ashburnam 1874) de Florencia (Italia).\">Original preserved in the Laurentian Library (Ms. Ashburnam 1874) of Florence (Italy). <\/span><span title=\"Edici\u00f3n italiana perteneciente al proyecto de La Biblioteca Imposible del editor Franco Cosimo Panini.\">Belonging to The Impossible Project Library editor Franco Cosimo Panini Italian edition. <\/span><span title=\"\u00a1Un 5 estrellas en toda gran Biblioteca!\">A 5 star in every great library!<\/span><\/span><\/p>\n<p style=\"text-align: justify;\"><span title=\"El c\u00f3dice es uno de los cinco \u201clibriccini delli offitii, di donna\u201d (es decir, peque\u00f1os Libros de Horas destinados al p\u00fablico femenino) citados en el inventario redactado en 1492 a la muerte de Lorenzo de M\u00e9dici, que debi\u00f3 de encargarlos como regalo de\">The codex is one of the five &#8220;libriccini delli offitii, di donna&#8221; (ie, small Books of Hours meant for women only) mentioned in the inventory drawn up in 1492 after the death of Lorenzo de &#8216;Medici, who must order them as gift <\/span><span title=\"boda para sus hijas.\">daughters wedding.<\/span><\/p>\n<p style=\"text-align: justify;\"><span title=\"Ya esta definici\u00f3n con las palabras \u201cde mujer\u201d evoca algo peque\u00f1o y al mismo tiempo precioso, como una joya, concebido para dejar que pasasen sus p\u00e1ginas los delicados dedos de una dama renacentista.\">Since this definition with the words &#8220;women&#8221; conjures up something small and beautiful at the same time, like a jewel, conceived to bring up its pages leave the delicate fingers of a Renaissance lady. <\/span><span title=\"Poco m\u00e1s grande que una tarjeta postal moderna (mide en efecto apenas 10 x 15 cm), el c\u00f3dice Ashburnam 1874 resulta imponente ya incluso antes de abrir sus tapas por su extraordinaria encuadernaci\u00f3n de terciopelo violeta, con tachuelas y cantoneras de plata dorada con filigranas,\">Slightly larger than a modern postcard (measured in effect only 10 x 15 cm), the codex Ashburnam 1874 is impressive and even before opening its covers for his extraordinary purple velvet binding with golden studs and corners silver filigree, <\/span><span title=\"en las cuales se encuentran engastados en cada cubierta un gran lapisl\u00e1zuli y cuatro cuarzos rosas.\">in which are crimped on each cover a large lapis lazuli and four pink crystals. <\/span><span title=\"Todos los elementos de este c\u00f3dice denotan un origen y un destino prestigiosos: desde la encuadernaci\u00f3n y la melodiosa escritura hasta el muy refinado conjunto de miniaturas atribuido a Francesco Rosselli, artista del grabado, miniador, cart\u00f3grafo y pintor, que junto con Francesco di Antonio del\">All elements of this codex denote a source and a prestigious destination, from binding and melodious writing until very refined set attributed to Francesco Rosselli, engraving artist, miniador, cartographer and artist, along with thumbnails of Francesco di Antonio <\/span><span title=\"Chierico fue el m\u00e1ximo exponente de la escuela florentina.\">Chierico was the greatest exponent of the Florentine school. <\/span><span title=\"Cada una de las 233 hojas del manuscrito contiene al menos un elemento, una inicial o una cenefa que adorna el texto, engastado en la p\u00e1gina siguiendo los c\u00e1nones arm\u00f3nicos m\u00e1s rigurosos del arte de la decoraci\u00f3n de libros.\">Each of the 233 leaves of the manuscript contains at least one element, an initial or a border that decorates the text, set the page following the strictest harmonic canons of art decorating books.<\/span><\/p>\n<p style=\"text-align: justify;\"><span title=\"El comentario: Como en todas las ediciones facs\u00edmiles, el Libro de Horas de Lorenzo de M\u00e9dici tambi\u00e9n va acompa\u00f1ada de un volumen de comentarios cient\u00edficos a cargo de los principales expertos y estudiosos de la materia.\">Comment: As with all fax machines, the Book of Hours of Lorenzo de Medici editions is also accompanied by a volume of scientists in charge of leading experts and scholars in the field comments. <\/span><span title=\"El volumen, redactado durante la puesta a punto de la obra y actualizado por lo tanto con los \u00faltimos resultados obtenidos a lo largo de la campa\u00f1a fotogr\u00e1fica, permite profundizar en todos sus aspectos los acontecimientos hist\u00f3ricos y art\u00edsticos del c\u00f3dice, proporcionando adem\u00e1s una exhaustiva ficha codicol\u00f3gica\">The volume, written during the development of the work and therefore updated with the latest results obtained during the photographic campaign, gives an insight into all aspects of the historical and artistic events of the codex, also providing a comprehensive record codicological <\/span><span title=\"y un detallado estudio comparativo sobre las p\u00e1ginas del precioso manuscrito.\">and a detailed comparative study on the pages of the precious manuscript.<\/span><\/p>\n<p style=\"text-align: justify;\"><span title=\"Edici\u00f3n facs\u00edmile de gran lujo, formato 10 x 15 cm.\">Facsimile edition of luxury, format 10 x 15 cm. <\/span><span title=\"472 p\u00e1ginas.\">472 pages. <\/span><span title=\"Con incrustaciones de piedras semipreciosas originales.\">Original inlaid with semiprecious stones. <\/span><span title=\"Caja estuche para su mejor conservaci\u00f3n.\">Safety case for better conservation.<br \/>\n<\/span><span title=\"Libro estudio complementario en italiano, formato 17 x 24 cm.\">Book up study in Italian, format 17 x 24 cm. <\/span><span title=\"304 p\u00e1ginas.\">304 pages.<\/span><\/p>\n<p style=\"text-align: justify;\"><span title=\"Gastos de env\u00edo por cuenta del comprador, seg\u00fan pedido y destino.\">Free shipping on this item. <\/span><span title=\"Cons\u00faltenos cualquier duda, as\u00ed como por cualquier otro facs\u00edmile que est\u00e9 buscando.\"><a class=\"btn btn-default\" href=\"https:\/\/www.comprarmejor.es\/en\/contact\/\">Ask us<\/a> any questions, quoting the item reference.<\/span><\/p>\n<p style=\"text-align: justify;\"><span class=\"tlid-translation translation\" lang=\"en\"><span class=\"\" title=\"\">Here is a video of this beautiful facsimile (the texts that come out are in English):<\/span><\/span><\/p>\n<p><iframe loading=\"lazy\" src=\"\/\/www.youtube.com\/embed\/A29JLRwFLj8\" width=\"560\" height=\"314\" allowfullscreen=\"allowfullscreen\"><\/iframe><\/p>\n","protected":false},"excerpt":{"rendered":"<p style=\"text-align: justify;\"><span id=\"result_box\" lang=\"en\" xml:lang=\"en\"><span title=\"\u00a1Un 5 estrellas en toda gran Biblioteca!\"><span lang=\"en\" xml:lang=\"en\">The Book of Hours of Lorenzo de &#8216;Medici (Il Libro d&#8217;Ore di Lorenzo de&#8217; Medici), is the jewel of the Florentine miniature. Original preserved in the Medicea Laurenziana Library (Ms. Ashburnam 1874) of Florence (Italy).<\/span><\/span><\/span><\/p>\n","protected":false},"featured_media":48013,"template":"","meta":[],"product_brand":[],"product_cat":[5118,2226,2200],"product_tag":[5122,4346],"class_list":{"0":"post-48035","1":"product","2":"type-product","3":"status-publish","4":"has-post-thumbnail","6":"product_cat-bindings","7":"product_cat-books-of-hours","8":"product_cat-spectacular-library","9":"product_tag-hours-en","10":"product_tag-panini-en","11":"description-off","13":"first","14":"instock","15":"sale","16":"featured","17":"taxable","18":"shipping-taxable","19":"purchasable","20":"product-type-simple"},"yoast_head":"<!-- This site is optimized with the Yoast SEO plugin v27.3 - https:\/\/yoast.com\/product\/yoast-seo-wordpress\/ -->\n<title>Book of Hours of Lorenzo de &#039;Medici, s. XV Extraordinary facsimile<\/title>\n<meta name=\"description\" content=\"The Book of Hours of Lorenzo de Medici (Il Libro d&#039;Ore di Lorenzo de Medici), is the jewel of Florentine miniature. Extraordinary facsimile\" \/>\n<meta name=\"robots\" content=\"index, follow, max-snippet:-1, max-image-preview:large, max-video-preview:-1\" \/>\n<link rel=\"canonical\" href=\"https:\/\/www.comprarmejor.es\/en\/product\/book-of-hours-of-lorenzo-de-medici-s-xv\/\" \/>\n<meta property=\"og:locale\" content=\"en_US\" \/>\n<meta property=\"og:type\" content=\"article\" \/>\n<meta property=\"og:title\" content=\"Book of Hours of Lorenzo de &#039;Medici, s. XV Extraordinary facsimile\" \/>\n<meta property=\"og:description\" content=\"The Book of Hours of Lorenzo de Medici (Il Libro d&#039;Ore di Lorenzo de Medici), is the jewel of Florentine miniature. Extraordinary facsimile\" \/>\n<meta property=\"og:url\" content=\"https:\/\/www.comprarmejor.es\/en\/product\/book-of-hours-of-lorenzo-de-medici-s-xv\/\" \/>\n<meta property=\"og:site_name\" content=\"ComprarMejor\" \/>\n<meta property=\"article:modified_time\" content=\"2026-04-12T08:35:48+00:00\" \/>\n<meta property=\"og:image\" content=\"https:\/\/www.comprarmejor.es\/wp-content\/uploads\/2015\/09\/p_8_1_3_813-Libro-de-Horas-de-Lorenzo-de-Medici-s.-XV.jpg\" \/>\n\t<meta property=\"og:image:width\" content=\"514\" \/>\n\t<meta property=\"og:image:height\" content=\"485\" \/>\n\t<meta property=\"og:image:type\" content=\"image\/jpeg\" \/>\n<meta name=\"twitter:card\" content=\"summary_large_image\" \/>\n<meta name=\"twitter:label1\" content=\"Est. reading time\" \/>\n\t<meta name=\"twitter:data1\" content=\"3 minutes\" \/>\n<script type=\"application\/ld+json\" class=\"yoast-schema-graph\">{\"@context\":\"https:\\\/\\\/schema.org\",\"@graph\":[{\"@type\":\"WebPage\",\"@id\":\"https:\\\/\\\/www.comprarmejor.es\\\/en\\\/product\\\/book-of-hours-of-lorenzo-de-medici-s-xv\\\/\",\"url\":\"https:\\\/\\\/www.comprarmejor.es\\\/en\\\/product\\\/book-of-hours-of-lorenzo-de-medici-s-xv\\\/\",\"name\":\"Book of Hours of Lorenzo de 'Medici, s. XV Extraordinary facsimile\",\"isPartOf\":{\"@id\":\"https:\\\/\\\/www.comprarmejor.es\\\/en\\\/#website\"},\"primaryImageOfPage\":{\"@id\":\"https:\\\/\\\/www.comprarmejor.es\\\/en\\\/product\\\/book-of-hours-of-lorenzo-de-medici-s-xv\\\/#primaryimage\"},\"image\":{\"@id\":\"https:\\\/\\\/www.comprarmejor.es\\\/en\\\/product\\\/book-of-hours-of-lorenzo-de-medici-s-xv\\\/#primaryimage\"},\"thumbnailUrl\":\"https:\\\/\\\/www.comprarmejor.es\\\/wp-content\\\/uploads\\\/2015\\\/09\\\/p_8_1_3_813-Libro-de-Horas-de-Lorenzo-de-Medici-s.-XV.jpg\",\"datePublished\":\"2015-09-29T16:39:41+00:00\",\"dateModified\":\"2026-04-12T08:35:48+00:00\",\"description\":\"The Book of Hours of Lorenzo de Medici (Il Libro d'Ore di Lorenzo de Medici), is the jewel of Florentine miniature. Extraordinary facsimile\",\"breadcrumb\":{\"@id\":\"https:\\\/\\\/www.comprarmejor.es\\\/en\\\/product\\\/book-of-hours-of-lorenzo-de-medici-s-xv\\\/#breadcrumb\"},\"inLanguage\":\"en-US\",\"potentialAction\":[{\"@type\":\"ReadAction\",\"target\":[\"https:\\\/\\\/www.comprarmejor.es\\\/en\\\/product\\\/book-of-hours-of-lorenzo-de-medici-s-xv\\\/\"]}]},{\"@type\":\"ImageObject\",\"inLanguage\":\"en-US\",\"@id\":\"https:\\\/\\\/www.comprarmejor.es\\\/en\\\/product\\\/book-of-hours-of-lorenzo-de-medici-s-xv\\\/#primaryimage\",\"url\":\"https:\\\/\\\/www.comprarmejor.es\\\/wp-content\\\/uploads\\\/2015\\\/09\\\/p_8_1_3_813-Libro-de-Horas-de-Lorenzo-de-Medici-s.-XV.jpg\",\"contentUrl\":\"https:\\\/\\\/www.comprarmejor.es\\\/wp-content\\\/uploads\\\/2015\\\/09\\\/p_8_1_3_813-Libro-de-Horas-de-Lorenzo-de-Medici-s.-XV.jpg\",\"width\":514,\"height\":485},{\"@type\":\"BreadcrumbList\",\"@id\":\"https:\\\/\\\/www.comprarmejor.es\\\/en\\\/product\\\/book-of-hours-of-lorenzo-de-medici-s-xv\\\/#breadcrumb\",\"itemListElement\":[{\"@type\":\"ListItem\",\"position\":1,\"name\":\"Portada\",\"item\":\"https:\\\/\\\/www.comprarmejor.es\\\/en\\\/\"},{\"@type\":\"ListItem\",\"position\":2,\"name\":\"Shop\",\"item\":\"https:\\\/\\\/www.comprarmejor.es\\\/en\\\/shop\\\/\"},{\"@type\":\"ListItem\",\"position\":3,\"name\":\"Book of Hours of Lorenzo de &#8216;Medici, s. XV (5*)\"}]},{\"@type\":\"WebSite\",\"@id\":\"https:\\\/\\\/www.comprarmejor.es\\\/en\\\/#website\",\"url\":\"https:\\\/\\\/www.comprarmejor.es\\\/en\\\/\",\"name\":\"ComprarMejor\",\"description\":\"ComprarMejor\",\"publisher\":{\"@id\":\"https:\\\/\\\/www.comprarmejor.es\\\/en\\\/#organization\"},\"potentialAction\":[{\"@type\":\"SearchAction\",\"target\":{\"@type\":\"EntryPoint\",\"urlTemplate\":\"https:\\\/\\\/www.comprarmejor.es\\\/en\\\/?s={search_term_string}\"},\"query-input\":{\"@type\":\"PropertyValueSpecification\",\"valueRequired\":true,\"valueName\":\"search_term_string\"}}],\"inLanguage\":\"en-US\"},{\"@type\":\"Organization\",\"@id\":\"https:\\\/\\\/www.comprarmejor.es\\\/en\\\/#organization\",\"name\":\"COMPRAR MEJOR\",\"url\":\"https:\\\/\\\/www.comprarmejor.es\\\/en\\\/\",\"logo\":{\"@type\":\"ImageObject\",\"inLanguage\":\"en-US\",\"@id\":\"https:\\\/\\\/www.comprarmejor.es\\\/en\\\/#\\\/schema\\\/logo\\\/image\\\/\",\"url\":\"https:\\\/\\\/www.comprarmejor.es\\\/wp-content\\\/uploads\\\/2025\\\/09\\\/comprarmejortrinidad.jpg\",\"contentUrl\":\"https:\\\/\\\/www.comprarmejor.es\\\/wp-content\\\/uploads\\\/2025\\\/09\\\/comprarmejortrinidad.jpg\",\"width\":1022,\"height\":1380,\"caption\":\"COMPRAR MEJOR\"},\"image\":{\"@id\":\"https:\\\/\\\/www.comprarmejor.es\\\/en\\\/#\\\/schema\\\/logo\\\/image\\\/\"},\"sameAs\":[\"https:\\\/\\\/www.instagram.com\\\/amigosdelcodice\"]}]}<\/script>\n<!-- \/ Yoast SEO plugin. -->","yoast_head_json":{"title":"Book of Hours of Lorenzo de 'Medici, s. XV Extraordinary facsimile","description":"The Book of Hours of Lorenzo de Medici (Il Libro d'Ore di Lorenzo de Medici), is the jewel of Florentine miniature. Extraordinary facsimile","robots":{"index":"index","follow":"follow","max-snippet":"max-snippet:-1","max-image-preview":"max-image-preview:large","max-video-preview":"max-video-preview:-1"},"canonical":"https:\/\/www.comprarmejor.es\/en\/product\/book-of-hours-of-lorenzo-de-medici-s-xv\/","og_locale":"en_US","og_type":"article","og_title":"Book of Hours of Lorenzo de 'Medici, s. XV Extraordinary facsimile","og_description":"The Book of Hours of Lorenzo de Medici (Il Libro d'Ore di Lorenzo de Medici), is the jewel of Florentine miniature. Extraordinary facsimile","og_url":"https:\/\/www.comprarmejor.es\/en\/product\/book-of-hours-of-lorenzo-de-medici-s-xv\/","og_site_name":"ComprarMejor","article_modified_time":"2026-04-12T08:35:48+00:00","og_image":[{"width":514,"height":485,"url":"https:\/\/www.comprarmejor.es\/wp-content\/uploads\/2015\/09\/p_8_1_3_813-Libro-de-Horas-de-Lorenzo-de-Medici-s.-XV.jpg","type":"image\/jpeg"}],"twitter_card":"summary_large_image","twitter_misc":{"Est. reading time":"3 minutes"},"schema":{"@context":"https:\/\/schema.org","@graph":[{"@type":"WebPage","@id":"https:\/\/www.comprarmejor.es\/en\/product\/book-of-hours-of-lorenzo-de-medici-s-xv\/","url":"https:\/\/www.comprarmejor.es\/en\/product\/book-of-hours-of-lorenzo-de-medici-s-xv\/","name":"Book of Hours of Lorenzo de 'Medici, s. XV Extraordinary facsimile","isPartOf":{"@id":"https:\/\/www.comprarmejor.es\/en\/#website"},"primaryImageOfPage":{"@id":"https:\/\/www.comprarmejor.es\/en\/product\/book-of-hours-of-lorenzo-de-medici-s-xv\/#primaryimage"},"image":{"@id":"https:\/\/www.comprarmejor.es\/en\/product\/book-of-hours-of-lorenzo-de-medici-s-xv\/#primaryimage"},"thumbnailUrl":"https:\/\/www.comprarmejor.es\/wp-content\/uploads\/2015\/09\/p_8_1_3_813-Libro-de-Horas-de-Lorenzo-de-Medici-s.-XV.jpg","datePublished":"2015-09-29T16:39:41+00:00","dateModified":"2026-04-12T08:35:48+00:00","description":"The Book of Hours of Lorenzo de Medici (Il Libro d'Ore di Lorenzo de Medici), is the jewel of Florentine miniature. Extraordinary facsimile","breadcrumb":{"@id":"https:\/\/www.comprarmejor.es\/en\/product\/book-of-hours-of-lorenzo-de-medici-s-xv\/#breadcrumb"},"inLanguage":"en-US","potentialAction":[{"@type":"ReadAction","target":["https:\/\/www.comprarmejor.es\/en\/product\/book-of-hours-of-lorenzo-de-medici-s-xv\/"]}]},{"@type":"ImageObject","inLanguage":"en-US","@id":"https:\/\/www.comprarmejor.es\/en\/product\/book-of-hours-of-lorenzo-de-medici-s-xv\/#primaryimage","url":"https:\/\/www.comprarmejor.es\/wp-content\/uploads\/2015\/09\/p_8_1_3_813-Libro-de-Horas-de-Lorenzo-de-Medici-s.-XV.jpg","contentUrl":"https:\/\/www.comprarmejor.es\/wp-content\/uploads\/2015\/09\/p_8_1_3_813-Libro-de-Horas-de-Lorenzo-de-Medici-s.-XV.jpg","width":514,"height":485},{"@type":"BreadcrumbList","@id":"https:\/\/www.comprarmejor.es\/en\/product\/book-of-hours-of-lorenzo-de-medici-s-xv\/#breadcrumb","itemListElement":[{"@type":"ListItem","position":1,"name":"Portada","item":"https:\/\/www.comprarmejor.es\/en\/"},{"@type":"ListItem","position":2,"name":"Shop","item":"https:\/\/www.comprarmejor.es\/en\/shop\/"},{"@type":"ListItem","position":3,"name":"Book of Hours of Lorenzo de &#8216;Medici, s. XV (5*)"}]},{"@type":"WebSite","@id":"https:\/\/www.comprarmejor.es\/en\/#website","url":"https:\/\/www.comprarmejor.es\/en\/","name":"ComprarMejor","description":"ComprarMejor","publisher":{"@id":"https:\/\/www.comprarmejor.es\/en\/#organization"},"potentialAction":[{"@type":"SearchAction","target":{"@type":"EntryPoint","urlTemplate":"https:\/\/www.comprarmejor.es\/en\/?s={search_term_string}"},"query-input":{"@type":"PropertyValueSpecification","valueRequired":true,"valueName":"search_term_string"}}],"inLanguage":"en-US"},{"@type":"Organization","@id":"https:\/\/www.comprarmejor.es\/en\/#organization","name":"COMPRAR MEJOR","url":"https:\/\/www.comprarmejor.es\/en\/","logo":{"@type":"ImageObject","inLanguage":"en-US","@id":"https:\/\/www.comprarmejor.es\/en\/#\/schema\/logo\/image\/","url":"https:\/\/www.comprarmejor.es\/wp-content\/uploads\/2025\/09\/comprarmejortrinidad.jpg","contentUrl":"https:\/\/www.comprarmejor.es\/wp-content\/uploads\/2025\/09\/comprarmejortrinidad.jpg","width":1022,"height":1380,"caption":"COMPRAR MEJOR"},"image":{"@id":"https:\/\/www.comprarmejor.es\/en\/#\/schema\/logo\/image\/"},"sameAs":["https:\/\/www.instagram.com\/amigosdelcodice"]}]}},"_links":{"self":[{"href":"https:\/\/www.comprarmejor.es\/en\/wp-json\/wp\/v2\/product\/48035","targetHints":{"allow":["GET"]}}],"collection":[{"href":"https:\/\/www.comprarmejor.es\/en\/wp-json\/wp\/v2\/product"}],"about":[{"href":"https:\/\/www.comprarmejor.es\/en\/wp-json\/wp\/v2\/types\/product"}],"wp:featuredmedia":[{"embeddable":true,"href":"https:\/\/www.comprarmejor.es\/en\/wp-json\/wp\/v2\/media\/48013"}],"wp:attachment":[{"href":"https:\/\/www.comprarmejor.es\/en\/wp-json\/wp\/v2\/media?parent=48035"}],"wp:term":[{"taxonomy":"product_brand","embeddable":true,"href":"https:\/\/www.comprarmejor.es\/en\/wp-json\/wp\/v2\/product_brand?post=48035"},{"taxonomy":"product_cat","embeddable":true,"href":"https:\/\/www.comprarmejor.es\/en\/wp-json\/wp\/v2\/product_cat?post=48035"},{"taxonomy":"product_tag","embeddable":true,"href":"https:\/\/www.comprarmejor.es\/en\/wp-json\/wp\/v2\/product_tag?post=48035"}],"curies":[{"name":"wp","href":"https:\/\/api.w.org\/{rel}","templated":true}]}}