{"id":48133,"date":"2015-10-04T12:53:29","date_gmt":"2015-10-04T10:53:29","guid":{"rendered":"https:\/\/www.comprarmejor.es\/producto\/1796-don-quixote-cervantes-ill-antonio-carnicero-in-english\/"},"modified":"2019-11-19T18:48:14","modified_gmt":"2019-11-19T17:48:14","slug":"atlas-topographique-de-places-fortifiees","status":"publish","type":"product","link":"https:\/\/www.comprarmejor.es\/en\/product\/atlas-topographique-de-places-fortifiees\/","title":{"rendered":"Atlas Topographique de places fortifi\u00e9es, 1749, France"},"content":{"rendered":"<p style=\"text-align: justify;\"><span class=\"tlid-translation translation\" lang=\"en\"><span class=\"\" title=\"\">Interesting facsimile of the French work of 1749, <strong>Atlas Topographique de places fortifi\u00e9es<\/strong> (topographic Atlas of fortified squares), texts in French, edited by Workshops of the Geographical Service of the Army, in Madrid 1982.<\/span><\/span><\/p>\n<p><span title=\"\">Beautiful leather bookbinding with golden titles, format 20 x 27.5 cm.<\/span> <span title=\"\">20 double pages in cartivana with 110 engravings of French fortified squares, accompanied by a brief description.<\/span> <span title=\"\">Printed on paper of the Guarro brand of high weight and with watermark.<\/span> <span title=\"\">Craft guards<\/span><\/p>\n<p><span title=\"\">Limited edition of 200 copies and numbered.<\/span><\/p>\n<p><span title=\"\">Unique copy, exclusive in this presentation, and in perfect condition<\/span><span title=\"Los libros pueden ser reencuadernados y ofrecemos nuestros econ\u00f3micos servicios de encuadernaci\u00f3n, si lo estiman conveniente y no desean conservar la encuadernaci\u00f3n original.\">.<\/span><\/p>\n<p style=\"text-align: justify;\"><span title=\"Gastos de env\u00edo por cuenta del comprador, seg\u00fan pedido y destino.\">Shipping by the buyer, upon request and destination.\u00a0<\/span><span title=\"Cons\u00faltenos cualquier duda, as\u00ed como por cualquier otra edici\u00f3n del Quijote que est\u00e9 buscando.\"><a class=\"btn btn-default\" href=\"http:\/\/comprarmejor.es\/en\/contact\">Ask us<\/a> <span class=\"tlid-translation translation\" lang=\"en\"><span title=\"\">without obligation any questions<\/span><\/span>.<\/span><\/p>\n","protected":false},"excerpt":{"rendered":"<p style=\"text-align: justify;\"><span id=\"result_box\" lang=\"en\" xml:lang=\"en\"><span title=\"By T. Smollett, MD Ornamented with engravings, by the first masters, from the designs of the Madrid Royal Academy.\"><span class=\"tlid-translation translation\" lang=\"en\"><span class=\"\" title=\"\">Interesting facsimile of the French work of 1749, Atlas Topographique de places fortifi\u00e9es (topographic Atlas of fortified squares), texts in French, edited by Workshops of the Geographical Service of the Army, in Madrid 1982.<\/span><\/span><\/span><br \/>\n<\/span><\/p>\n","protected":false},"featured_media":57486,"template":"","meta":[],"product_brand":[],"product_cat":[2210,2238,2250],"product_tag":[5261,3976,5263,5265],"class_list":{"0":"post-48133","1":"product","2":"type-product","3":"status-publish","4":"has-post-thumbnail","6":"product_cat-bibliophilia","7":"product_cat-exclusive-copies","8":"product_cat-other-facsimiles","9":"product_tag-1749-en","10":"product_tag-atlas-en","11":"product_tag-france-en","12":"product_tag-topographic","13":"product_shipping_class-from-0-to-1-kg","14":"description-off","16":"first","17":"instock","18":"taxable","19":"shipping-taxable","20":"purchasable","21":"product-type-simple"},"yoast_head":"<!-- This site is optimized with the Yoast SEO plugin v27.3 - https:\/\/yoast.com\/product\/yoast-seo-wordpress\/ -->\n<title>Atlas Topographique de places fortifi\u00e9es, 1749, France<\/title>\n<meta name=\"description\" content=\"Atlas Topographique de places fortifi\u00e9es, 1749, France. Texts in French, edited by Workshops of the Geographical Service of the Army, in Madrid 1982.\" \/>\n<meta name=\"robots\" content=\"index, follow, max-snippet:-1, max-image-preview:large, max-video-preview:-1\" \/>\n<link rel=\"canonical\" href=\"https:\/\/www.comprarmejor.es\/en\/product\/atlas-topographique-de-places-fortifiees\/\" \/>\n<meta property=\"og:locale\" content=\"en_US\" \/>\n<meta property=\"og:type\" content=\"article\" \/>\n<meta property=\"og:title\" content=\"Atlas Topographique de places fortifi\u00e9es, 1749, France\" \/>\n<meta property=\"og:description\" content=\"Atlas Topographique de places fortifi\u00e9es, 1749, France. Texts in French, edited by Workshops of the Geographical Service of the Army, in Madrid 1982.\" \/>\n<meta property=\"og:url\" content=\"https:\/\/www.comprarmejor.es\/en\/product\/atlas-topographique-de-places-fortifiees\/\" \/>\n<meta property=\"og:site_name\" content=\"ComprarMejor\" \/>\n<meta property=\"article:modified_time\" content=\"2019-11-19T17:48:14+00:00\" \/>\n<meta property=\"og:image\" content=\"https:\/\/www.comprarmejor.es\/wp-content\/uploads\/2015\/10\/AtlasTopographique-4.jpg\" \/>\n\t<meta property=\"og:image:width\" content=\"599\" \/>\n\t<meta property=\"og:image:height\" content=\"449\" \/>\n\t<meta property=\"og:image:type\" content=\"image\/jpeg\" \/>\n<meta name=\"twitter:card\" content=\"summary_large_image\" \/>\n<meta name=\"twitter:label1\" content=\"Est. reading time\" \/>\n\t<meta name=\"twitter:data1\" content=\"1 minute\" \/>\n<script type=\"application\/ld+json\" class=\"yoast-schema-graph\">{\"@context\":\"https:\\\/\\\/schema.org\",\"@graph\":[{\"@type\":\"WebPage\",\"@id\":\"https:\\\/\\\/www.comprarmejor.es\\\/en\\\/product\\\/atlas-topographique-de-places-fortifiees\\\/\",\"url\":\"https:\\\/\\\/www.comprarmejor.es\\\/en\\\/product\\\/atlas-topographique-de-places-fortifiees\\\/\",\"name\":\"Atlas Topographique de places fortifi\u00e9es, 1749, France\",\"isPartOf\":{\"@id\":\"https:\\\/\\\/www.comprarmejor.es\\\/en\\\/#website\"},\"primaryImageOfPage\":{\"@id\":\"https:\\\/\\\/www.comprarmejor.es\\\/en\\\/product\\\/atlas-topographique-de-places-fortifiees\\\/#primaryimage\"},\"image\":{\"@id\":\"https:\\\/\\\/www.comprarmejor.es\\\/en\\\/product\\\/atlas-topographique-de-places-fortifiees\\\/#primaryimage\"},\"thumbnailUrl\":\"https:\\\/\\\/www.comprarmejor.es\\\/wp-content\\\/uploads\\\/2015\\\/10\\\/AtlasTopographique-4.jpg\",\"datePublished\":\"2015-10-04T10:53:29+00:00\",\"dateModified\":\"2019-11-19T17:48:14+00:00\",\"description\":\"Atlas Topographique de places fortifi\u00e9es, 1749, France. Texts in French, edited by Workshops of the Geographical Service of the Army, in Madrid 1982.\",\"breadcrumb\":{\"@id\":\"https:\\\/\\\/www.comprarmejor.es\\\/en\\\/product\\\/atlas-topographique-de-places-fortifiees\\\/#breadcrumb\"},\"inLanguage\":\"en-US\",\"potentialAction\":[{\"@type\":\"ReadAction\",\"target\":[\"https:\\\/\\\/www.comprarmejor.es\\\/en\\\/product\\\/atlas-topographique-de-places-fortifiees\\\/\"]}]},{\"@type\":\"ImageObject\",\"inLanguage\":\"en-US\",\"@id\":\"https:\\\/\\\/www.comprarmejor.es\\\/en\\\/product\\\/atlas-topographique-de-places-fortifiees\\\/#primaryimage\",\"url\":\"https:\\\/\\\/www.comprarmejor.es\\\/wp-content\\\/uploads\\\/2015\\\/10\\\/AtlasTopographique-4.jpg\",\"contentUrl\":\"https:\\\/\\\/www.comprarmejor.es\\\/wp-content\\\/uploads\\\/2015\\\/10\\\/AtlasTopographique-4.jpg\",\"width\":599,\"height\":449},{\"@type\":\"BreadcrumbList\",\"@id\":\"https:\\\/\\\/www.comprarmejor.es\\\/en\\\/product\\\/atlas-topographique-de-places-fortifiees\\\/#breadcrumb\",\"itemListElement\":[{\"@type\":\"ListItem\",\"position\":1,\"name\":\"Portada\",\"item\":\"https:\\\/\\\/www.comprarmejor.es\\\/en\\\/\"},{\"@type\":\"ListItem\",\"position\":2,\"name\":\"Shop\",\"item\":\"https:\\\/\\\/www.comprarmejor.es\\\/en\\\/shop\\\/\"},{\"@type\":\"ListItem\",\"position\":3,\"name\":\"Atlas Topographique de places fortifi\u00e9es, 1749, France\"}]},{\"@type\":\"WebSite\",\"@id\":\"https:\\\/\\\/www.comprarmejor.es\\\/en\\\/#website\",\"url\":\"https:\\\/\\\/www.comprarmejor.es\\\/en\\\/\",\"name\":\"ComprarMejor\",\"description\":\"ComprarMejor\",\"publisher\":{\"@id\":\"https:\\\/\\\/www.comprarmejor.es\\\/en\\\/#organization\"},\"potentialAction\":[{\"@type\":\"SearchAction\",\"target\":{\"@type\":\"EntryPoint\",\"urlTemplate\":\"https:\\\/\\\/www.comprarmejor.es\\\/en\\\/?s={search_term_string}\"},\"query-input\":{\"@type\":\"PropertyValueSpecification\",\"valueRequired\":true,\"valueName\":\"search_term_string\"}}],\"inLanguage\":\"en-US\"},{\"@type\":\"Organization\",\"@id\":\"https:\\\/\\\/www.comprarmejor.es\\\/en\\\/#organization\",\"name\":\"COMPRAR MEJOR\",\"url\":\"https:\\\/\\\/www.comprarmejor.es\\\/en\\\/\",\"logo\":{\"@type\":\"ImageObject\",\"inLanguage\":\"en-US\",\"@id\":\"https:\\\/\\\/www.comprarmejor.es\\\/en\\\/#\\\/schema\\\/logo\\\/image\\\/\",\"url\":\"https:\\\/\\\/www.comprarmejor.es\\\/wp-content\\\/uploads\\\/2025\\\/09\\\/comprarmejortrinidad.jpg\",\"contentUrl\":\"https:\\\/\\\/www.comprarmejor.es\\\/wp-content\\\/uploads\\\/2025\\\/09\\\/comprarmejortrinidad.jpg\",\"width\":1022,\"height\":1380,\"caption\":\"COMPRAR MEJOR\"},\"image\":{\"@id\":\"https:\\\/\\\/www.comprarmejor.es\\\/en\\\/#\\\/schema\\\/logo\\\/image\\\/\"},\"sameAs\":[\"https:\\\/\\\/www.instagram.com\\\/amigosdelcodice\"]}]}<\/script>\n<!-- \/ Yoast SEO plugin. -->","yoast_head_json":{"title":"Atlas Topographique de places fortifi\u00e9es, 1749, France","description":"Atlas Topographique de places fortifi\u00e9es, 1749, France. Texts in French, edited by Workshops of the Geographical Service of the Army, in Madrid 1982.","robots":{"index":"index","follow":"follow","max-snippet":"max-snippet:-1","max-image-preview":"max-image-preview:large","max-video-preview":"max-video-preview:-1"},"canonical":"https:\/\/www.comprarmejor.es\/en\/product\/atlas-topographique-de-places-fortifiees\/","og_locale":"en_US","og_type":"article","og_title":"Atlas Topographique de places fortifi\u00e9es, 1749, France","og_description":"Atlas Topographique de places fortifi\u00e9es, 1749, France. Texts in French, edited by Workshops of the Geographical Service of the Army, in Madrid 1982.","og_url":"https:\/\/www.comprarmejor.es\/en\/product\/atlas-topographique-de-places-fortifiees\/","og_site_name":"ComprarMejor","article_modified_time":"2019-11-19T17:48:14+00:00","og_image":[{"width":599,"height":449,"url":"https:\/\/www.comprarmejor.es\/wp-content\/uploads\/2015\/10\/AtlasTopographique-4.jpg","type":"image\/jpeg"}],"twitter_card":"summary_large_image","twitter_misc":{"Est. reading time":"1 minute"},"schema":{"@context":"https:\/\/schema.org","@graph":[{"@type":"WebPage","@id":"https:\/\/www.comprarmejor.es\/en\/product\/atlas-topographique-de-places-fortifiees\/","url":"https:\/\/www.comprarmejor.es\/en\/product\/atlas-topographique-de-places-fortifiees\/","name":"Atlas Topographique de places fortifi\u00e9es, 1749, France","isPartOf":{"@id":"https:\/\/www.comprarmejor.es\/en\/#website"},"primaryImageOfPage":{"@id":"https:\/\/www.comprarmejor.es\/en\/product\/atlas-topographique-de-places-fortifiees\/#primaryimage"},"image":{"@id":"https:\/\/www.comprarmejor.es\/en\/product\/atlas-topographique-de-places-fortifiees\/#primaryimage"},"thumbnailUrl":"https:\/\/www.comprarmejor.es\/wp-content\/uploads\/2015\/10\/AtlasTopographique-4.jpg","datePublished":"2015-10-04T10:53:29+00:00","dateModified":"2019-11-19T17:48:14+00:00","description":"Atlas Topographique de places fortifi\u00e9es, 1749, France. Texts in French, edited by Workshops of the Geographical Service of the Army, in Madrid 1982.","breadcrumb":{"@id":"https:\/\/www.comprarmejor.es\/en\/product\/atlas-topographique-de-places-fortifiees\/#breadcrumb"},"inLanguage":"en-US","potentialAction":[{"@type":"ReadAction","target":["https:\/\/www.comprarmejor.es\/en\/product\/atlas-topographique-de-places-fortifiees\/"]}]},{"@type":"ImageObject","inLanguage":"en-US","@id":"https:\/\/www.comprarmejor.es\/en\/product\/atlas-topographique-de-places-fortifiees\/#primaryimage","url":"https:\/\/www.comprarmejor.es\/wp-content\/uploads\/2015\/10\/AtlasTopographique-4.jpg","contentUrl":"https:\/\/www.comprarmejor.es\/wp-content\/uploads\/2015\/10\/AtlasTopographique-4.jpg","width":599,"height":449},{"@type":"BreadcrumbList","@id":"https:\/\/www.comprarmejor.es\/en\/product\/atlas-topographique-de-places-fortifiees\/#breadcrumb","itemListElement":[{"@type":"ListItem","position":1,"name":"Portada","item":"https:\/\/www.comprarmejor.es\/en\/"},{"@type":"ListItem","position":2,"name":"Shop","item":"https:\/\/www.comprarmejor.es\/en\/shop\/"},{"@type":"ListItem","position":3,"name":"Atlas Topographique de places fortifi\u00e9es, 1749, France"}]},{"@type":"WebSite","@id":"https:\/\/www.comprarmejor.es\/en\/#website","url":"https:\/\/www.comprarmejor.es\/en\/","name":"ComprarMejor","description":"ComprarMejor","publisher":{"@id":"https:\/\/www.comprarmejor.es\/en\/#organization"},"potentialAction":[{"@type":"SearchAction","target":{"@type":"EntryPoint","urlTemplate":"https:\/\/www.comprarmejor.es\/en\/?s={search_term_string}"},"query-input":{"@type":"PropertyValueSpecification","valueRequired":true,"valueName":"search_term_string"}}],"inLanguage":"en-US"},{"@type":"Organization","@id":"https:\/\/www.comprarmejor.es\/en\/#organization","name":"COMPRAR MEJOR","url":"https:\/\/www.comprarmejor.es\/en\/","logo":{"@type":"ImageObject","inLanguage":"en-US","@id":"https:\/\/www.comprarmejor.es\/en\/#\/schema\/logo\/image\/","url":"https:\/\/www.comprarmejor.es\/wp-content\/uploads\/2025\/09\/comprarmejortrinidad.jpg","contentUrl":"https:\/\/www.comprarmejor.es\/wp-content\/uploads\/2025\/09\/comprarmejortrinidad.jpg","width":1022,"height":1380,"caption":"COMPRAR MEJOR"},"image":{"@id":"https:\/\/www.comprarmejor.es\/en\/#\/schema\/logo\/image\/"},"sameAs":["https:\/\/www.instagram.com\/amigosdelcodice"]}]}},"_links":{"self":[{"href":"https:\/\/www.comprarmejor.es\/en\/wp-json\/wp\/v2\/product\/48133","targetHints":{"allow":["GET"]}}],"collection":[{"href":"https:\/\/www.comprarmejor.es\/en\/wp-json\/wp\/v2\/product"}],"about":[{"href":"https:\/\/www.comprarmejor.es\/en\/wp-json\/wp\/v2\/types\/product"}],"wp:featuredmedia":[{"embeddable":true,"href":"https:\/\/www.comprarmejor.es\/en\/wp-json\/wp\/v2\/media\/57486"}],"wp:attachment":[{"href":"https:\/\/www.comprarmejor.es\/en\/wp-json\/wp\/v2\/media?parent=48133"}],"wp:term":[{"taxonomy":"product_brand","embeddable":true,"href":"https:\/\/www.comprarmejor.es\/en\/wp-json\/wp\/v2\/product_brand?post=48133"},{"taxonomy":"product_cat","embeddable":true,"href":"https:\/\/www.comprarmejor.es\/en\/wp-json\/wp\/v2\/product_cat?post=48133"},{"taxonomy":"product_tag","embeddable":true,"href":"https:\/\/www.comprarmejor.es\/en\/wp-json\/wp\/v2\/product_tag?post=48133"}],"curies":[{"name":"wp","href":"https:\/\/api.w.org\/{rel}","templated":true}]}}