{"id":48175,"date":"2015-10-05T00:13:28","date_gmt":"2019-10-10T13:06:12","guid":{"rendered":"https:\/\/www.comprarmejor.es\/?post_type=product&#038;p=48175"},"modified":"2023-02-21T14:15:14","modified_gmt":"2023-02-21T13:15:14","slug":"stories-of-the-ancient-egyptians-dvd-2004","status":"publish","type":"product","link":"https:\/\/www.comprarmejor.es\/en\/product\/stories-of-the-ancient-egyptians-dvd-2004\/","title":{"rendered":"Stories of the Ancient Egyptians. DVD. 2004"},"content":{"rendered":"<p style=\"text-align: justify;\">Stories of the Ancient Egyptians. Two disc edition. DVD Video. 2004 Warner Home Video. In perfect condition, new, unused.<\/p>\n<p style=\"text-align: justify;\">2003 British production of Wall To Wall (Egypt) Ltd., and distributed by Warner Bros Entertainment Inc. The most ambitious series on ancient Egypt ever made. A documentary that takes a trip to the past of 4,500 years, to the greatest civilization in history to recreate the world of ancient Egypt, its splendor and lifestyle. Shot with the innovative features of a blockbuster movie and combined with computer imagery, this magnificent documentary is based on true stories drawn from ancient Egyptian texts and inscriptions that have survived the test of time.<\/p>\n<p style=\"text-align: justify;\">A journey through history that shows the life of this empire through social conflicts, corruption, betrayals and murders. Among other wonders, the documentary takes us back in time to show us the raising of temples, mummifications or the coronation of pharaohs.<\/p>\n<p style=\"text-align: justify;\">The careful setting of the series rigorously recreates the form and lifestyle of the time and reveals, in addition to the costumes and amulets, writing and even the ancient Egyptian language, which can be heard in the mouths of the characters. protagonists. The great merit of the series is that it avoids clich\u00e9s such as pyramids, mummies and treasures to accurately reflect what the way of life was like at the time. A high-level production that is very useful as teaching material in universities and specialized centers.<\/p>\n<p style=\"text-align: justify;\">The series consists of four episodes: The battle of Megiddo. grave robbers. Murder in the temple. The Twins.<\/p>\n<p style=\"text-align: justify;\">Extra contents: 6 exclusive mini-documentaries on ancient Egypt, and a photo gallery including costume design.<\/p>\n<p style=\"text-align: justify;\">Languages: Spanish, English, French, German.<br \/>\nSubtitles: Spanish, English, French, German, Dutch, Portuguese, Arabic and Flemish.<br \/>\nCoded for the deaf: German.<br \/>\nDuration: 49 minutes each episode.<\/p>\n<p style=\"text-align: justify;\">Shipping costs paid by the buyer, according to order and destination<span title=\"Gastos de env\u00edo por cuenta del comprador, seg\u00fan pedido y destino.\">.\u00a0<\/span><span title=\"Cons\u00faltenos cualquier duda.\"><a class=\"btn btn-default\" href=\"https:\/\/www.comprarmejor.es\/en\/contact\">Ask us<\/a> <span class=\"VIiyi\" lang=\"en\"><span class=\"JLqJ4b\" data-language-for-alternatives=\"en\" data-language-to-translate-into=\"es\" data-phrase-index=\"0\">without obligation (indicating the reference of the article) any questions.<\/span><\/span><br \/>\n<\/span><\/p>\n","protected":false},"excerpt":{"rendered":"<p style=\"text-align: justify;\"><span id=\"result_box\" lang=\"en\" xml:lang=\"en\"><span title=\"Altura variable de las piezas entre 6 y 13 cm, seg\u00fan los atributos, formas y caracter\u00edsticas de cada uno de los dioses del pante\u00f3n egipcio.\"><span class=\"tlid-translation translation\" lang=\"en\"><span class=\"VIiyi\" lang=\"en\"><span class=\"JLqJ4b\" data-language-for-alternatives=\"en\" data-language-to-translate-into=\"es\" data-phrase-index=\"0\"><span class=\"HwtZe\" lang=\"en\"><span class=\"jCAhz ChMk0b\"><span class=\"ryNqvb\">Stories of the Ancient Egyptians.<\/span><\/span> <span class=\"jCAhz ChMk0b\"><span class=\"ryNqvb\">Two disc edition.<\/span><\/span> <span class=\"jCAhz ChMk0b\"><span class=\"ryNqvb\">DVD Video.<\/span><\/span> <span class=\"jCAhz ChMk0b\"><span class=\"ryNqvb\">2004 Warner Home Video.<\/span><\/span> <span class=\"jCAhz ChMk0b\"><span class=\"ryNqvb\">In perfect condition, new, unused.<\/span><\/span><\/span><\/span><\/span><\/span><\/span><\/span><\/p>\n","protected":false},"featured_media":86481,"template":"","meta":[],"product_brand":[],"product_cat":[2262,2230],"product_tag":[5100],"class_list":{"0":"post-48175","1":"product","2":"type-product","3":"status-publish","4":"has-post-thumbnail","6":"product_cat-cd-dvd-brd","7":"product_cat-egyptomania","8":"product_tag-dvd-en","9":"product_shipping_class-from-0-to-1-kg","10":"description-off","12":"first","13":"instock","14":"taxable","15":"shipping-taxable","16":"purchasable","17":"product-type-simple"},"yoast_head":"<!-- This site is optimized with the Yoast SEO plugin v27.3 - https:\/\/yoast.com\/product\/yoast-seo-wordpress\/ -->\n<title>Stories of the Ancient Egyptians. DVD. 2004<\/title>\n<meta name=\"description\" content=\"Stories of the Ancient Egyptians. Two disc edition. DVD Video. 2004 Warner Home Video. In perfect condition, new, unused.\" \/>\n<meta name=\"robots\" content=\"index, follow, max-snippet:-1, max-image-preview:large, max-video-preview:-1\" \/>\n<link rel=\"canonical\" href=\"https:\/\/www.comprarmejor.es\/en\/product\/stories-of-the-ancient-egyptians-dvd-2004\/\" \/>\n<meta property=\"og:locale\" content=\"en_US\" \/>\n<meta property=\"og:type\" content=\"article\" \/>\n<meta property=\"og:title\" content=\"Stories of the Ancient Egyptians. DVD. 2004\" \/>\n<meta property=\"og:description\" content=\"Stories of the Ancient Egyptians. Two disc edition. DVD Video. 2004 Warner Home Video. In perfect condition, new, unused.\" \/>\n<meta property=\"og:url\" content=\"https:\/\/www.comprarmejor.es\/en\/product\/stories-of-the-ancient-egyptians-dvd-2004\/\" \/>\n<meta property=\"og:site_name\" content=\"ComprarMejor\" \/>\n<meta property=\"article:modified_time\" content=\"2023-02-21T13:15:14+00:00\" \/>\n<meta property=\"og:image\" content=\"https:\/\/www.comprarmejor.es\/wp-content\/uploads\/2015\/10\/HdlAE-1.jpg\" \/>\n\t<meta property=\"og:image:width\" content=\"613\" \/>\n\t<meta property=\"og:image:height\" content=\"752\" \/>\n\t<meta property=\"og:image:type\" content=\"image\/jpeg\" \/>\n<meta name=\"twitter:card\" content=\"summary_large_image\" \/>\n<meta name=\"twitter:label1\" content=\"Est. reading time\" \/>\n\t<meta name=\"twitter:data1\" content=\"2 minutes\" \/>\n<script type=\"application\/ld+json\" class=\"yoast-schema-graph\">{\"@context\":\"https:\\\/\\\/schema.org\",\"@graph\":[{\"@type\":\"WebPage\",\"@id\":\"https:\\\/\\\/www.comprarmejor.es\\\/en\\\/product\\\/stories-of-the-ancient-egyptians-dvd-2004\\\/\",\"url\":\"https:\\\/\\\/www.comprarmejor.es\\\/en\\\/product\\\/stories-of-the-ancient-egyptians-dvd-2004\\\/\",\"name\":\"Stories of the Ancient Egyptians. DVD. 2004\",\"isPartOf\":{\"@id\":\"https:\\\/\\\/www.comprarmejor.es\\\/en\\\/#website\"},\"primaryImageOfPage\":{\"@id\":\"https:\\\/\\\/www.comprarmejor.es\\\/en\\\/product\\\/stories-of-the-ancient-egyptians-dvd-2004\\\/#primaryimage\"},\"image\":{\"@id\":\"https:\\\/\\\/www.comprarmejor.es\\\/en\\\/product\\\/stories-of-the-ancient-egyptians-dvd-2004\\\/#primaryimage\"},\"thumbnailUrl\":\"https:\\\/\\\/www.comprarmejor.es\\\/wp-content\\\/uploads\\\/2015\\\/10\\\/HdlAE-1.jpg\",\"datePublished\":\"2019-10-10T13:06:12+00:00\",\"dateModified\":\"2023-02-21T13:15:14+00:00\",\"description\":\"Stories of the Ancient Egyptians. Two disc edition. DVD Video. 2004 Warner Home Video. In perfect condition, new, unused.\",\"breadcrumb\":{\"@id\":\"https:\\\/\\\/www.comprarmejor.es\\\/en\\\/product\\\/stories-of-the-ancient-egyptians-dvd-2004\\\/#breadcrumb\"},\"inLanguage\":\"en-US\",\"potentialAction\":[{\"@type\":\"ReadAction\",\"target\":[\"https:\\\/\\\/www.comprarmejor.es\\\/en\\\/product\\\/stories-of-the-ancient-egyptians-dvd-2004\\\/\"]}]},{\"@type\":\"ImageObject\",\"inLanguage\":\"en-US\",\"@id\":\"https:\\\/\\\/www.comprarmejor.es\\\/en\\\/product\\\/stories-of-the-ancient-egyptians-dvd-2004\\\/#primaryimage\",\"url\":\"https:\\\/\\\/www.comprarmejor.es\\\/wp-content\\\/uploads\\\/2015\\\/10\\\/HdlAE-1.jpg\",\"contentUrl\":\"https:\\\/\\\/www.comprarmejor.es\\\/wp-content\\\/uploads\\\/2015\\\/10\\\/HdlAE-1.jpg\",\"width\":613,\"height\":752},{\"@type\":\"BreadcrumbList\",\"@id\":\"https:\\\/\\\/www.comprarmejor.es\\\/en\\\/product\\\/stories-of-the-ancient-egyptians-dvd-2004\\\/#breadcrumb\",\"itemListElement\":[{\"@type\":\"ListItem\",\"position\":1,\"name\":\"Portada\",\"item\":\"https:\\\/\\\/www.comprarmejor.es\\\/en\\\/\"},{\"@type\":\"ListItem\",\"position\":2,\"name\":\"Shop\",\"item\":\"https:\\\/\\\/www.comprarmejor.es\\\/en\\\/shop\\\/\"},{\"@type\":\"ListItem\",\"position\":3,\"name\":\"Stories of the Ancient Egyptians. DVD. 2004\"}]},{\"@type\":\"WebSite\",\"@id\":\"https:\\\/\\\/www.comprarmejor.es\\\/en\\\/#website\",\"url\":\"https:\\\/\\\/www.comprarmejor.es\\\/en\\\/\",\"name\":\"ComprarMejor\",\"description\":\"ComprarMejor\",\"publisher\":{\"@id\":\"https:\\\/\\\/www.comprarmejor.es\\\/en\\\/#organization\"},\"potentialAction\":[{\"@type\":\"SearchAction\",\"target\":{\"@type\":\"EntryPoint\",\"urlTemplate\":\"https:\\\/\\\/www.comprarmejor.es\\\/en\\\/?s={search_term_string}\"},\"query-input\":{\"@type\":\"PropertyValueSpecification\",\"valueRequired\":true,\"valueName\":\"search_term_string\"}}],\"inLanguage\":\"en-US\"},{\"@type\":\"Organization\",\"@id\":\"https:\\\/\\\/www.comprarmejor.es\\\/en\\\/#organization\",\"name\":\"COMPRAR MEJOR\",\"url\":\"https:\\\/\\\/www.comprarmejor.es\\\/en\\\/\",\"logo\":{\"@type\":\"ImageObject\",\"inLanguage\":\"en-US\",\"@id\":\"https:\\\/\\\/www.comprarmejor.es\\\/en\\\/#\\\/schema\\\/logo\\\/image\\\/\",\"url\":\"https:\\\/\\\/www.comprarmejor.es\\\/wp-content\\\/uploads\\\/2025\\\/09\\\/comprarmejortrinidad.jpg\",\"contentUrl\":\"https:\\\/\\\/www.comprarmejor.es\\\/wp-content\\\/uploads\\\/2025\\\/09\\\/comprarmejortrinidad.jpg\",\"width\":1022,\"height\":1380,\"caption\":\"COMPRAR MEJOR\"},\"image\":{\"@id\":\"https:\\\/\\\/www.comprarmejor.es\\\/en\\\/#\\\/schema\\\/logo\\\/image\\\/\"},\"sameAs\":[\"https:\\\/\\\/www.instagram.com\\\/amigosdelcodice\"]}]}<\/script>\n<!-- \/ Yoast SEO plugin. -->","yoast_head_json":{"title":"Stories of the Ancient Egyptians. DVD. 2004","description":"Stories of the Ancient Egyptians. Two disc edition. DVD Video. 2004 Warner Home Video. In perfect condition, new, unused.","robots":{"index":"index","follow":"follow","max-snippet":"max-snippet:-1","max-image-preview":"max-image-preview:large","max-video-preview":"max-video-preview:-1"},"canonical":"https:\/\/www.comprarmejor.es\/en\/product\/stories-of-the-ancient-egyptians-dvd-2004\/","og_locale":"en_US","og_type":"article","og_title":"Stories of the Ancient Egyptians. DVD. 2004","og_description":"Stories of the Ancient Egyptians. Two disc edition. DVD Video. 2004 Warner Home Video. In perfect condition, new, unused.","og_url":"https:\/\/www.comprarmejor.es\/en\/product\/stories-of-the-ancient-egyptians-dvd-2004\/","og_site_name":"ComprarMejor","article_modified_time":"2023-02-21T13:15:14+00:00","og_image":[{"width":613,"height":752,"url":"https:\/\/www.comprarmejor.es\/wp-content\/uploads\/2015\/10\/HdlAE-1.jpg","type":"image\/jpeg"}],"twitter_card":"summary_large_image","twitter_misc":{"Est. reading time":"2 minutes"},"schema":{"@context":"https:\/\/schema.org","@graph":[{"@type":"WebPage","@id":"https:\/\/www.comprarmejor.es\/en\/product\/stories-of-the-ancient-egyptians-dvd-2004\/","url":"https:\/\/www.comprarmejor.es\/en\/product\/stories-of-the-ancient-egyptians-dvd-2004\/","name":"Stories of the Ancient Egyptians. DVD. 2004","isPartOf":{"@id":"https:\/\/www.comprarmejor.es\/en\/#website"},"primaryImageOfPage":{"@id":"https:\/\/www.comprarmejor.es\/en\/product\/stories-of-the-ancient-egyptians-dvd-2004\/#primaryimage"},"image":{"@id":"https:\/\/www.comprarmejor.es\/en\/product\/stories-of-the-ancient-egyptians-dvd-2004\/#primaryimage"},"thumbnailUrl":"https:\/\/www.comprarmejor.es\/wp-content\/uploads\/2015\/10\/HdlAE-1.jpg","datePublished":"2019-10-10T13:06:12+00:00","dateModified":"2023-02-21T13:15:14+00:00","description":"Stories of the Ancient Egyptians. Two disc edition. DVD Video. 2004 Warner Home Video. In perfect condition, new, unused.","breadcrumb":{"@id":"https:\/\/www.comprarmejor.es\/en\/product\/stories-of-the-ancient-egyptians-dvd-2004\/#breadcrumb"},"inLanguage":"en-US","potentialAction":[{"@type":"ReadAction","target":["https:\/\/www.comprarmejor.es\/en\/product\/stories-of-the-ancient-egyptians-dvd-2004\/"]}]},{"@type":"ImageObject","inLanguage":"en-US","@id":"https:\/\/www.comprarmejor.es\/en\/product\/stories-of-the-ancient-egyptians-dvd-2004\/#primaryimage","url":"https:\/\/www.comprarmejor.es\/wp-content\/uploads\/2015\/10\/HdlAE-1.jpg","contentUrl":"https:\/\/www.comprarmejor.es\/wp-content\/uploads\/2015\/10\/HdlAE-1.jpg","width":613,"height":752},{"@type":"BreadcrumbList","@id":"https:\/\/www.comprarmejor.es\/en\/product\/stories-of-the-ancient-egyptians-dvd-2004\/#breadcrumb","itemListElement":[{"@type":"ListItem","position":1,"name":"Portada","item":"https:\/\/www.comprarmejor.es\/en\/"},{"@type":"ListItem","position":2,"name":"Shop","item":"https:\/\/www.comprarmejor.es\/en\/shop\/"},{"@type":"ListItem","position":3,"name":"Stories of the Ancient Egyptians. DVD. 2004"}]},{"@type":"WebSite","@id":"https:\/\/www.comprarmejor.es\/en\/#website","url":"https:\/\/www.comprarmejor.es\/en\/","name":"ComprarMejor","description":"ComprarMejor","publisher":{"@id":"https:\/\/www.comprarmejor.es\/en\/#organization"},"potentialAction":[{"@type":"SearchAction","target":{"@type":"EntryPoint","urlTemplate":"https:\/\/www.comprarmejor.es\/en\/?s={search_term_string}"},"query-input":{"@type":"PropertyValueSpecification","valueRequired":true,"valueName":"search_term_string"}}],"inLanguage":"en-US"},{"@type":"Organization","@id":"https:\/\/www.comprarmejor.es\/en\/#organization","name":"COMPRAR MEJOR","url":"https:\/\/www.comprarmejor.es\/en\/","logo":{"@type":"ImageObject","inLanguage":"en-US","@id":"https:\/\/www.comprarmejor.es\/en\/#\/schema\/logo\/image\/","url":"https:\/\/www.comprarmejor.es\/wp-content\/uploads\/2025\/09\/comprarmejortrinidad.jpg","contentUrl":"https:\/\/www.comprarmejor.es\/wp-content\/uploads\/2025\/09\/comprarmejortrinidad.jpg","width":1022,"height":1380,"caption":"COMPRAR MEJOR"},"image":{"@id":"https:\/\/www.comprarmejor.es\/en\/#\/schema\/logo\/image\/"},"sameAs":["https:\/\/www.instagram.com\/amigosdelcodice"]}]}},"_links":{"self":[{"href":"https:\/\/www.comprarmejor.es\/en\/wp-json\/wp\/v2\/product\/48175","targetHints":{"allow":["GET"]}}],"collection":[{"href":"https:\/\/www.comprarmejor.es\/en\/wp-json\/wp\/v2\/product"}],"about":[{"href":"https:\/\/www.comprarmejor.es\/en\/wp-json\/wp\/v2\/types\/product"}],"wp:featuredmedia":[{"embeddable":true,"href":"https:\/\/www.comprarmejor.es\/en\/wp-json\/wp\/v2\/media\/86481"}],"wp:attachment":[{"href":"https:\/\/www.comprarmejor.es\/en\/wp-json\/wp\/v2\/media?parent=48175"}],"wp:term":[{"taxonomy":"product_brand","embeddable":true,"href":"https:\/\/www.comprarmejor.es\/en\/wp-json\/wp\/v2\/product_brand?post=48175"},{"taxonomy":"product_cat","embeddable":true,"href":"https:\/\/www.comprarmejor.es\/en\/wp-json\/wp\/v2\/product_cat?post=48175"},{"taxonomy":"product_tag","embeddable":true,"href":"https:\/\/www.comprarmejor.es\/en\/wp-json\/wp\/v2\/product_tag?post=48175"}],"curies":[{"name":"wp","href":"https:\/\/api.w.org\/{rel}","templated":true}]}}