{"id":48191,"date":"2015-10-05T18:38:17","date_gmt":"2015-10-05T16:38:17","guid":{"rendered":"https:\/\/www.comprarmejor.es\/producto\/1975-don-quixote-cervantes-circle-bibliophile-4-volumes\/"},"modified":"2022-12-12T16:44:38","modified_gmt":"2022-12-12T15:44:38","slug":"1975-don-quixote-cervantes-circle-bibliophile-4-volumes","status":"publish","type":"product","link":"https:\/\/www.comprarmejor.es\/en\/product\/1975-don-quixote-cervantes-circle-bibliophile-4-volumes\/","title":{"rendered":"1975 Don Quixote, Cervantes, Circle Bibliophile, 4 volumes"},"content":{"rendered":"<p style=\"text-align: justify;\"><span id=\"result_box\" lang=\"en\" xml:lang=\"en\"><span title=\"Cons\u00faltenos cualquier duda, as\u00ed como por cualquier otra edici\u00f3n del Quijote que est\u00e9 buscando.\"><span lang=\"en\" xml:lang=\"en\"><span title=\"Vida y Hechos del Ingenioso Cavallero Don Quixote de La Mancha, compuesta por Miguel de Cervantes Saavedra.\">Life and Acts of the Ingenious Cavallero Don Quixote of La Mancha, made by Miguel de Cervantes Saavedra. <\/span><span title=\"Edici\u00f3n facsimilar que reproduce fielmente en la forma art\u00edstica de su \u00e9poca la edici\u00f3n ilustrada por Geronymo y Juanbautista Verduffen, aparecida en Amberes en 1673. Enriquecida con 32 ilustraciones de la edici\u00f3n de la \u201cCompagnie des Libraires\u201d en Par\u00eds en 1713 y 25 ilustraciones de Ch\">Facsimile edition that faithfully reproduces the art form of their time editing and illustrated by Geronymo Juanbautista Verduffen, published in Antwerp in 1673. Enriched with 32 illustrations by editing the &#8220;Compagnie des Libraires&#8221; in Paris in 1713 and 25 illustrations Ch <\/span><span title=\".-A.\">.-TO. <\/span><span title=\"Coypel grabadas por Folkema y Fokke, que figuran en la edici\u00f3n de Arksp\u00e9e en Amsterdam en 1755, confiriendo as\u00ed a la presente tirada el car\u00e1cter de Edici\u00f3n Integral y Definitiva.\">Coypel engraved by Folkema and Fokke contained in Arksp\u00e9e edition in Amsterdam in 1755, thus giving this character Integral roll and Ultimate Edition. <\/span><span title=\"Textos en espa\u00f1ol del siglo XVII.\">Spanish texts of the seventeenth century.<\/span><\/span><\/span><\/span><\/p>\n<p style=\"text-align: justify;\"><span title=\"Barcelona, C\u00edrculo del Bibli\u00f3filo, 1975. 4 vol\u00famenes formato 14,5 x 21 cm.\">Barcelona, \u200b\u200bCircle of Bibliophile, 1975. 4 volumes 14.5 x 21 cm format. <\/span><span title=\"I: CCXXIV+199 p.\">I: CCXXIV + 199 p. <\/span><span title=\"II: 418 p.\">II: 418 p. <\/span><span title=\"III: 306 p.\">III: 306 p. <\/span><span title=\"IV: 346 p.\">IV: 346 p. <\/span><span title=\"Edici\u00f3n facs\u00edmile de la Amberes, Verdussen, 1673, limitada y numerada sobre papel de hilo.\">Facsimile edition of the Antwerp Verdussen, 1673, limited and numbered on bond paper. <\/span><span title=\"Piel editorial extraordinaria y bellamente decorada, corte superior dorado, cinta gu\u00eda, en edici\u00f3n limitada y numerada.\">Publishing and beautifully decorated extraordinary skin, upper cutting golden ribbon guide, in limited and numbered edition. <\/span><span title=\"Todos ellos en muy buen estado, \u201ccasi\u201d perfectos.\">All in very good condition, &#8220;almost&#8221; perfect.<\/span><\/p>\n<p style=\"text-align: justify;\"><span title=\"Gastos de env\u00edo por cuenta del comprador, seg\u00fan pedido y destino.\"><span class=\"HwtZe\" lang=\"en\"><span class=\"jCAhz ChMk0b C1N51c\"><span class=\"ryNqvb\">Free shipping for this item<\/span><\/span><\/span>. <\/span><span title=\"Cons\u00faltenos cualquier duda, as\u00ed como por cualquier otra edici\u00f3n del Quijote que est\u00e9 buscando.\"><a class=\"btn btn-default\" href=\"https:\/\/www.comprarmejor.es\/en\/contact\">Ask us<\/a> <span class=\"HwtZe\" lang=\"en\"><span class=\"jCAhz ChMk0b\"><span class=\"ryNqvb\">any questions you have, indicating the article reference.<\/span><\/span><\/span><br \/>\n<\/span><\/p>\n","protected":false},"excerpt":{"rendered":"<p style=\"text-align: justify;\"><span id=\"result_box\" lang=\"en\" xml:lang=\"en\"><span title=\"Vida y Hechos del Ingenioso Cavallero Don Quixote de La Mancha, compuesta por Miguel de Cervantes Saavedra.\">Life and Acts of the Ingenious Cavallero Don Quixote of La Mancha, made by Miguel de Cervantes Saavedra. <\/span><span title=\"Edici\u00f3n facsimilar que reproduce fielmente en la forma art\u00edstica de su \u00e9poca la edici\u00f3n ilustrada por Geronymo y Juanbautista Verduffen, aparecida en Amberes en 1673. Enriquecida con 32 ilustraciones de la edici\u00f3n de la \u201cCompagnie des Libraires\u201d en Par\u00eds en 1713 y 25 ilustraciones de Ch\">Facsimile edition that faithfully reproduces the art form of their time editing and illustrated by Geronymo Juanbautista Verduffen, published in Antwerp in 1673. Enriched with 32 illustrations by editing the &#8220;Compagnie des Libraires&#8221; in Paris in 1713 and 25 illustrations Ch <\/span><span title=\".-A.\">.-TO. <\/span><span title=\"Coypel grabadas por Folkema y Fokke, que figuran en la edici\u00f3n de Arksp\u00e9e en Amsterdam en 1755, confiriendo as\u00ed a la presente tirada el car\u00e1cter de Edici\u00f3n Integral y Definitiva.\">Coypel eng&#8230;<\/span><\/span><\/p>\n","protected":false},"featured_media":48177,"template":"","meta":[],"product_brand":[],"product_cat":[2210,5118,2250,2228],"product_tag":[5768,5822,4041,5129],"class_list":{"0":"post-48191","1":"product","2":"type-product","3":"status-publish","4":"has-post-thumbnail","6":"product_cat-bibliophilia","7":"product_cat-bindings","8":"product_cat-other-facsimiles","9":"product_cat-quijotes-en","10":"product_tag-amberes-en","11":"product_tag-bibliofilia-en","12":"product_tag-cervantes-en","13":"product_tag-quixote-en","14":"description-off","16":"first","17":"instock","18":"taxable","19":"shipping-taxable","20":"purchasable","21":"product-type-simple"},"yoast_head":"<!-- This site is optimized with the Yoast SEO plugin v27.3 - https:\/\/yoast.com\/product\/yoast-seo-wordpress\/ -->\n<title>Don Quixote, Cervantes, Circle Bibliophile, 1975, 4 volumes<\/title>\n<meta name=\"description\" content=\"Life and Acts of the Ingenious Cavallero Don Quixote of La Mancha, Miguel de Cervantes Saavedra. Facsimile Geronymo Juanbautista Verduffen, Antwerp 1673.\" \/>\n<meta name=\"robots\" content=\"index, follow, max-snippet:-1, max-image-preview:large, max-video-preview:-1\" \/>\n<link rel=\"canonical\" href=\"https:\/\/www.comprarmejor.es\/en\/product\/1975-don-quixote-cervantes-circle-bibliophile-4-volumes\/\" \/>\n<meta property=\"og:locale\" content=\"en_US\" \/>\n<meta property=\"og:type\" content=\"article\" \/>\n<meta property=\"og:title\" content=\"Don Quixote, Cervantes, Circle Bibliophile, 1975, 4 volumes\" \/>\n<meta property=\"og:description\" content=\"Life and Acts of the Ingenious Cavallero Don Quixote of La Mancha, Miguel de Cervantes Saavedra. Facsimile Geronymo Juanbautista Verduffen, Antwerp 1673.\" \/>\n<meta property=\"og:url\" content=\"https:\/\/www.comprarmejor.es\/en\/product\/1975-don-quixote-cervantes-circle-bibliophile-4-volumes\/\" \/>\n<meta property=\"og:site_name\" content=\"ComprarMejor\" \/>\n<meta property=\"article:modified_time\" content=\"2022-12-12T15:44:38+00:00\" \/>\n<meta property=\"og:image\" content=\"https:\/\/www.comprarmejor.es\/wp-content\/uploads\/2015\/10\/p_8_7_7_877-Don-Quijote-Cervantes-Circulo-del-Bibliofilo-1975-4-tomos.jpg\" \/>\n\t<meta property=\"og:image:width\" content=\"461\" \/>\n\t<meta property=\"og:image:height\" content=\"600\" \/>\n\t<meta property=\"og:image:type\" content=\"image\/jpeg\" \/>\n<meta name=\"twitter:card\" content=\"summary_large_image\" \/>\n<meta name=\"twitter:label1\" content=\"Est. reading time\" \/>\n\t<meta name=\"twitter:data1\" content=\"1 minute\" \/>\n<script type=\"application\/ld+json\" class=\"yoast-schema-graph\">{\"@context\":\"https:\\\/\\\/schema.org\",\"@graph\":[{\"@type\":\"WebPage\",\"@id\":\"https:\\\/\\\/www.comprarmejor.es\\\/en\\\/product\\\/1975-don-quixote-cervantes-circle-bibliophile-4-volumes\\\/\",\"url\":\"https:\\\/\\\/www.comprarmejor.es\\\/en\\\/product\\\/1975-don-quixote-cervantes-circle-bibliophile-4-volumes\\\/\",\"name\":\"Don Quixote, Cervantes, Circle Bibliophile, 1975, 4 volumes\",\"isPartOf\":{\"@id\":\"https:\\\/\\\/www.comprarmejor.es\\\/en\\\/#website\"},\"primaryImageOfPage\":{\"@id\":\"https:\\\/\\\/www.comprarmejor.es\\\/en\\\/product\\\/1975-don-quixote-cervantes-circle-bibliophile-4-volumes\\\/#primaryimage\"},\"image\":{\"@id\":\"https:\\\/\\\/www.comprarmejor.es\\\/en\\\/product\\\/1975-don-quixote-cervantes-circle-bibliophile-4-volumes\\\/#primaryimage\"},\"thumbnailUrl\":\"https:\\\/\\\/www.comprarmejor.es\\\/wp-content\\\/uploads\\\/2015\\\/10\\\/p_8_7_7_877-Don-Quijote-Cervantes-Circulo-del-Bibliofilo-1975-4-tomos.jpg\",\"datePublished\":\"2015-10-05T16:38:17+00:00\",\"dateModified\":\"2022-12-12T15:44:38+00:00\",\"description\":\"Life and Acts of the Ingenious Cavallero Don Quixote of La Mancha, Miguel de Cervantes Saavedra. Facsimile Geronymo Juanbautista Verduffen, Antwerp 1673.\",\"breadcrumb\":{\"@id\":\"https:\\\/\\\/www.comprarmejor.es\\\/en\\\/product\\\/1975-don-quixote-cervantes-circle-bibliophile-4-volumes\\\/#breadcrumb\"},\"inLanguage\":\"en-US\",\"potentialAction\":[{\"@type\":\"ReadAction\",\"target\":[\"https:\\\/\\\/www.comprarmejor.es\\\/en\\\/product\\\/1975-don-quixote-cervantes-circle-bibliophile-4-volumes\\\/\"]}]},{\"@type\":\"ImageObject\",\"inLanguage\":\"en-US\",\"@id\":\"https:\\\/\\\/www.comprarmejor.es\\\/en\\\/product\\\/1975-don-quixote-cervantes-circle-bibliophile-4-volumes\\\/#primaryimage\",\"url\":\"https:\\\/\\\/www.comprarmejor.es\\\/wp-content\\\/uploads\\\/2015\\\/10\\\/p_8_7_7_877-Don-Quijote-Cervantes-Circulo-del-Bibliofilo-1975-4-tomos.jpg\",\"contentUrl\":\"https:\\\/\\\/www.comprarmejor.es\\\/wp-content\\\/uploads\\\/2015\\\/10\\\/p_8_7_7_877-Don-Quijote-Cervantes-Circulo-del-Bibliofilo-1975-4-tomos.jpg\",\"width\":461,\"height\":600},{\"@type\":\"BreadcrumbList\",\"@id\":\"https:\\\/\\\/www.comprarmejor.es\\\/en\\\/product\\\/1975-don-quixote-cervantes-circle-bibliophile-4-volumes\\\/#breadcrumb\",\"itemListElement\":[{\"@type\":\"ListItem\",\"position\":1,\"name\":\"Portada\",\"item\":\"https:\\\/\\\/www.comprarmejor.es\\\/en\\\/\"},{\"@type\":\"ListItem\",\"position\":2,\"name\":\"Shop\",\"item\":\"https:\\\/\\\/www.comprarmejor.es\\\/en\\\/shop\\\/\"},{\"@type\":\"ListItem\",\"position\":3,\"name\":\"1975 Don Quixote, Cervantes, Circle Bibliophile, 4 volumes\"}]},{\"@type\":\"WebSite\",\"@id\":\"https:\\\/\\\/www.comprarmejor.es\\\/en\\\/#website\",\"url\":\"https:\\\/\\\/www.comprarmejor.es\\\/en\\\/\",\"name\":\"ComprarMejor\",\"description\":\"ComprarMejor\",\"publisher\":{\"@id\":\"https:\\\/\\\/www.comprarmejor.es\\\/en\\\/#organization\"},\"potentialAction\":[{\"@type\":\"SearchAction\",\"target\":{\"@type\":\"EntryPoint\",\"urlTemplate\":\"https:\\\/\\\/www.comprarmejor.es\\\/en\\\/?s={search_term_string}\"},\"query-input\":{\"@type\":\"PropertyValueSpecification\",\"valueRequired\":true,\"valueName\":\"search_term_string\"}}],\"inLanguage\":\"en-US\"},{\"@type\":\"Organization\",\"@id\":\"https:\\\/\\\/www.comprarmejor.es\\\/en\\\/#organization\",\"name\":\"COMPRAR MEJOR\",\"url\":\"https:\\\/\\\/www.comprarmejor.es\\\/en\\\/\",\"logo\":{\"@type\":\"ImageObject\",\"inLanguage\":\"en-US\",\"@id\":\"https:\\\/\\\/www.comprarmejor.es\\\/en\\\/#\\\/schema\\\/logo\\\/image\\\/\",\"url\":\"https:\\\/\\\/www.comprarmejor.es\\\/wp-content\\\/uploads\\\/2025\\\/09\\\/comprarmejortrinidad.jpg\",\"contentUrl\":\"https:\\\/\\\/www.comprarmejor.es\\\/wp-content\\\/uploads\\\/2025\\\/09\\\/comprarmejortrinidad.jpg\",\"width\":1022,\"height\":1380,\"caption\":\"COMPRAR MEJOR\"},\"image\":{\"@id\":\"https:\\\/\\\/www.comprarmejor.es\\\/en\\\/#\\\/schema\\\/logo\\\/image\\\/\"},\"sameAs\":[\"https:\\\/\\\/www.instagram.com\\\/amigosdelcodice\"]}]}<\/script>\n<!-- \/ Yoast SEO plugin. -->","yoast_head_json":{"title":"Don Quixote, Cervantes, Circle Bibliophile, 1975, 4 volumes","description":"Life and Acts of the Ingenious Cavallero Don Quixote of La Mancha, Miguel de Cervantes Saavedra. Facsimile Geronymo Juanbautista Verduffen, Antwerp 1673.","robots":{"index":"index","follow":"follow","max-snippet":"max-snippet:-1","max-image-preview":"max-image-preview:large","max-video-preview":"max-video-preview:-1"},"canonical":"https:\/\/www.comprarmejor.es\/en\/product\/1975-don-quixote-cervantes-circle-bibliophile-4-volumes\/","og_locale":"en_US","og_type":"article","og_title":"Don Quixote, Cervantes, Circle Bibliophile, 1975, 4 volumes","og_description":"Life and Acts of the Ingenious Cavallero Don Quixote of La Mancha, Miguel de Cervantes Saavedra. Facsimile Geronymo Juanbautista Verduffen, Antwerp 1673.","og_url":"https:\/\/www.comprarmejor.es\/en\/product\/1975-don-quixote-cervantes-circle-bibliophile-4-volumes\/","og_site_name":"ComprarMejor","article_modified_time":"2022-12-12T15:44:38+00:00","og_image":[{"width":461,"height":600,"url":"https:\/\/www.comprarmejor.es\/wp-content\/uploads\/2015\/10\/p_8_7_7_877-Don-Quijote-Cervantes-Circulo-del-Bibliofilo-1975-4-tomos.jpg","type":"image\/jpeg"}],"twitter_card":"summary_large_image","twitter_misc":{"Est. reading time":"1 minute"},"schema":{"@context":"https:\/\/schema.org","@graph":[{"@type":"WebPage","@id":"https:\/\/www.comprarmejor.es\/en\/product\/1975-don-quixote-cervantes-circle-bibliophile-4-volumes\/","url":"https:\/\/www.comprarmejor.es\/en\/product\/1975-don-quixote-cervantes-circle-bibliophile-4-volumes\/","name":"Don Quixote, Cervantes, Circle Bibliophile, 1975, 4 volumes","isPartOf":{"@id":"https:\/\/www.comprarmejor.es\/en\/#website"},"primaryImageOfPage":{"@id":"https:\/\/www.comprarmejor.es\/en\/product\/1975-don-quixote-cervantes-circle-bibliophile-4-volumes\/#primaryimage"},"image":{"@id":"https:\/\/www.comprarmejor.es\/en\/product\/1975-don-quixote-cervantes-circle-bibliophile-4-volumes\/#primaryimage"},"thumbnailUrl":"https:\/\/www.comprarmejor.es\/wp-content\/uploads\/2015\/10\/p_8_7_7_877-Don-Quijote-Cervantes-Circulo-del-Bibliofilo-1975-4-tomos.jpg","datePublished":"2015-10-05T16:38:17+00:00","dateModified":"2022-12-12T15:44:38+00:00","description":"Life and Acts of the Ingenious Cavallero Don Quixote of La Mancha, Miguel de Cervantes Saavedra. Facsimile Geronymo Juanbautista Verduffen, Antwerp 1673.","breadcrumb":{"@id":"https:\/\/www.comprarmejor.es\/en\/product\/1975-don-quixote-cervantes-circle-bibliophile-4-volumes\/#breadcrumb"},"inLanguage":"en-US","potentialAction":[{"@type":"ReadAction","target":["https:\/\/www.comprarmejor.es\/en\/product\/1975-don-quixote-cervantes-circle-bibliophile-4-volumes\/"]}]},{"@type":"ImageObject","inLanguage":"en-US","@id":"https:\/\/www.comprarmejor.es\/en\/product\/1975-don-quixote-cervantes-circle-bibliophile-4-volumes\/#primaryimage","url":"https:\/\/www.comprarmejor.es\/wp-content\/uploads\/2015\/10\/p_8_7_7_877-Don-Quijote-Cervantes-Circulo-del-Bibliofilo-1975-4-tomos.jpg","contentUrl":"https:\/\/www.comprarmejor.es\/wp-content\/uploads\/2015\/10\/p_8_7_7_877-Don-Quijote-Cervantes-Circulo-del-Bibliofilo-1975-4-tomos.jpg","width":461,"height":600},{"@type":"BreadcrumbList","@id":"https:\/\/www.comprarmejor.es\/en\/product\/1975-don-quixote-cervantes-circle-bibliophile-4-volumes\/#breadcrumb","itemListElement":[{"@type":"ListItem","position":1,"name":"Portada","item":"https:\/\/www.comprarmejor.es\/en\/"},{"@type":"ListItem","position":2,"name":"Shop","item":"https:\/\/www.comprarmejor.es\/en\/shop\/"},{"@type":"ListItem","position":3,"name":"1975 Don Quixote, Cervantes, Circle Bibliophile, 4 volumes"}]},{"@type":"WebSite","@id":"https:\/\/www.comprarmejor.es\/en\/#website","url":"https:\/\/www.comprarmejor.es\/en\/","name":"ComprarMejor","description":"ComprarMejor","publisher":{"@id":"https:\/\/www.comprarmejor.es\/en\/#organization"},"potentialAction":[{"@type":"SearchAction","target":{"@type":"EntryPoint","urlTemplate":"https:\/\/www.comprarmejor.es\/en\/?s={search_term_string}"},"query-input":{"@type":"PropertyValueSpecification","valueRequired":true,"valueName":"search_term_string"}}],"inLanguage":"en-US"},{"@type":"Organization","@id":"https:\/\/www.comprarmejor.es\/en\/#organization","name":"COMPRAR MEJOR","url":"https:\/\/www.comprarmejor.es\/en\/","logo":{"@type":"ImageObject","inLanguage":"en-US","@id":"https:\/\/www.comprarmejor.es\/en\/#\/schema\/logo\/image\/","url":"https:\/\/www.comprarmejor.es\/wp-content\/uploads\/2025\/09\/comprarmejortrinidad.jpg","contentUrl":"https:\/\/www.comprarmejor.es\/wp-content\/uploads\/2025\/09\/comprarmejortrinidad.jpg","width":1022,"height":1380,"caption":"COMPRAR MEJOR"},"image":{"@id":"https:\/\/www.comprarmejor.es\/en\/#\/schema\/logo\/image\/"},"sameAs":["https:\/\/www.instagram.com\/amigosdelcodice"]}]}},"_links":{"self":[{"href":"https:\/\/www.comprarmejor.es\/en\/wp-json\/wp\/v2\/product\/48191","targetHints":{"allow":["GET"]}}],"collection":[{"href":"https:\/\/www.comprarmejor.es\/en\/wp-json\/wp\/v2\/product"}],"about":[{"href":"https:\/\/www.comprarmejor.es\/en\/wp-json\/wp\/v2\/types\/product"}],"wp:featuredmedia":[{"embeddable":true,"href":"https:\/\/www.comprarmejor.es\/en\/wp-json\/wp\/v2\/media\/48177"}],"wp:attachment":[{"href":"https:\/\/www.comprarmejor.es\/en\/wp-json\/wp\/v2\/media?parent=48191"}],"wp:term":[{"taxonomy":"product_brand","embeddable":true,"href":"https:\/\/www.comprarmejor.es\/en\/wp-json\/wp\/v2\/product_brand?post=48191"},{"taxonomy":"product_cat","embeddable":true,"href":"https:\/\/www.comprarmejor.es\/en\/wp-json\/wp\/v2\/product_cat?post=48191"},{"taxonomy":"product_tag","embeddable":true,"href":"https:\/\/www.comprarmejor.es\/en\/wp-json\/wp\/v2\/product_tag?post=48191"}],"curies":[{"name":"wp","href":"https:\/\/api.w.org\/{rel}","templated":true}]}}