{"id":48277,"date":"2015-10-15T18:17:48","date_gmt":"2015-10-15T16:17:48","guid":{"rendered":"https:\/\/www.comprarmejor.es\/producto\/statute-of-autonomy-of-catalonia-2006-complete-luxury-edition-texts-in-catalan\/"},"modified":"2023-12-09T12:03:38","modified_gmt":"2023-12-09T11:03:38","slug":"statute-of-autonomy-of-catalonia-2006-complete-luxury-edition-texts-in-catalan","status":"publish","type":"product","link":"https:\/\/www.comprarmejor.es\/en\/product\/statute-of-autonomy-of-catalonia-2006-complete-luxury-edition-texts-in-catalan\/","title":{"rendered":"Statute of Autonomy of Catalonia 2006, complete, luxury edition, texts in Catalan"},"content":{"rendered":"<p style=\"text-align: justify;\">Estatut d&#8217;Autonomia de Catalunya 2006 (complete and unabridged texts in Catalan), deluxe edition produced in 2015 and updated with the Constitutional Court Sentence of 2010.<\/p>\n<p style=\"text-align: justify;\">This edition is considered the best, most luxurious and exclusive work published to date on the Statute of Autonomy of Catalonia of 2006, currently in force. It includes in a new system the initial full text and within it, according to the color of the words, the \u201cinterpretive\u201d (not derogatory) sections of the TC and the texts that were repealed by the TC.<\/p>\n<p style=\"text-align: justify;\">It is, therefore, a very interesting edition at a legal, bibliophile, political, university level&#8230; enriching because it includes in this edition the original Statute (the one voted in a referendum by the Catalan people) and, at the same time, the shortened Statute by the TC, currently in force.<\/p>\n<p style=\"text-align: justify;\">We encourage you to discover it and enjoy it. It is the ideal work on the Statute that you can have for any type of official event, or to consult at any professional moment or, simply, to enjoy it as a good lover of Bibliophilia and things well done. It is the ideal gift for a family member, for a friend and, of course, for a graduation and celebrating the end of law school!<\/p>\n<p style=\"text-align: justify;\">Technical characteristics of the deluxe edition:<\/p>\n<p style=\"text-align: justify;\">* Bibliophilia Edition, limited and numbered under nominative and individual certification by the Editor at the end of each book.<br \/>\n* Luxury leather binding made entirely by hand, adorned with gold stamping, ribs on the spine and tinted edges.<br \/>\n* Special 150 gram bronze parchment paper. Text printed in a special bordered format and decorated with the coats of arms of the 4 Catalan provinces.<br \/>\n* Bridles and silk reading guide tape with the colors of the Catalan flag.<br \/>\n* Size: 22.2 x 30.5 cm. Pages: 320.<\/p>\n<p style=\"text-align: justify;\">Content of the work:<\/p>\n<p style=\"text-align: justify;\">Prologue (in Catalan)<br \/>\nInitial and complete text in Catalan of the Statute of Autonomy for Catalonia of 2006 (includes the annotations of the Ruling of the Constitutional Court, becoming at the same time the current text)<br \/>\nAnnex: Legal Foundations and Ruling of the T.C. Sentence (in Spanish)<br \/>\nSummary (articular index) (in Catalan)<\/p>\n<p style=\"text-align: justify;\">New copy, in perfect condition, brand new.<\/p>\n<p style=\"text-align: justify;\">Shipping costs according to order and destination<span title=\"Gastos de env\u00edo por cuenta del comprador, seg\u00fan pedido y destino.\">.\u00a0<\/span><span title=\"Cons\u00faltenos cualquier duda, as\u00ed como por cualquier otra obra o facs\u00edmile que est\u00e9 buscando.\"><a class=\"btn btn-default\" href=\"https:\/\/www.comprarmejor.es\/en\/contact\">Ask us<\/a> <span class=\"HwtZe\" lang=\"en\"><span class=\"jCAhz ChMk0b\"><span class=\"ryNqvb\">any questions, indicating the article reference.<\/span><\/span><\/span><br \/>\n<\/span><\/p>\n","protected":false},"excerpt":{"rendered":"<p style=\"text-align: justify;\"><span id=\"result_box\" lang=\"en\" xml:lang=\"en\"><span title=\"Impresa en Barcelona en 1982. Textos en espa\u00f1ol.\"><span lang=\"en\" xml:lang=\"en\"><span lang=\"en\" xml:lang=\"en\"><span title=\"Estatut d'Autonomia de Catalunya 2006 (textos \u00edntegros en catal\u00e1n), edici\u00f3n de lujo realizada en 2015 y actualizada con la Sentencia del Tribunal Constitucional de 2010. La \u00fanica edici\u00f3n totalmente personalizable.\"><span lang=\"en\" xml:lang=\"en\"><span title=\"Estatut d'Autonomia de Catalunya 2006 (completo y textos \u00edntegros en catal\u00e1n), edici\u00f3n de lujo realizada en 2015 y actualizada con la Sentencia del Tribunal Constitucional de 2010. La \u00fanica edici\u00f3n totalmente personalizable.\">Estatut d&#8217;Autonomia de Catalunya 2006 (complete and complete texts in Catalan), luxury edition made in 2015 and updated with the Constitutional Court Judgment of 2010.<br \/>\n<\/span><\/span><\/span><\/span><\/span><\/span><\/span><\/p>\n","protected":false},"featured_media":48267,"template":"","meta":[],"product_brand":[],"product_cat":[2210,2242,2260],"product_tag":[5800,4396],"class_list":{"0":"post-48277","1":"product","2":"type-product","3":"status-publish","4":"has-post-thumbnail","6":"product_cat-bibliophilia","7":"product_cat-first-editions","8":"product_cat-own-editions","9":"product_tag-autonomias-en","10":"product_tag-dyehuty-en","11":"product_shipping_class-from-2-to-5-kg","12":"description-off","14":"first","15":"instock","16":"taxable","17":"shipping-taxable","18":"purchasable","19":"product-type-simple"},"yoast_head":"<!-- This site is optimized with the Yoast SEO plugin v27.3 - https:\/\/yoast.com\/product\/yoast-seo-wordpress\/ -->\n<title>Statute of Autonomy of Catalonia 2006, complete, luxury, in Catalan<\/title>\n<meta name=\"description\" content=\"Estatut d&#039;Autonomia de Catalunya 2006 (full texts in Catalan), luxury edition made in 2015 and updated with the Constitutional Court Judgment of 2010.\" \/>\n<meta name=\"robots\" content=\"index, follow, max-snippet:-1, max-image-preview:large, max-video-preview:-1\" \/>\n<link rel=\"canonical\" href=\"https:\/\/www.comprarmejor.es\/en\/product\/statute-of-autonomy-of-catalonia-2006-complete-luxury-edition-texts-in-catalan\/\" \/>\n<meta property=\"og:locale\" content=\"en_US\" \/>\n<meta property=\"og:type\" content=\"article\" \/>\n<meta property=\"og:title\" content=\"Statute of Autonomy of Catalonia 2006, complete, luxury, in Catalan\" \/>\n<meta property=\"og:description\" content=\"Estatut d&#039;Autonomia de Catalunya 2006 (full texts in Catalan), luxury edition made in 2015 and updated with the Constitutional Court Judgment of 2010.\" \/>\n<meta property=\"og:url\" content=\"https:\/\/www.comprarmejor.es\/en\/product\/statute-of-autonomy-of-catalonia-2006-complete-luxury-edition-texts-in-catalan\/\" \/>\n<meta property=\"og:site_name\" content=\"ComprarMejor\" \/>\n<meta property=\"article:modified_time\" content=\"2023-12-09T11:03:38+00:00\" \/>\n<meta property=\"og:image\" content=\"https:\/\/www.comprarmejor.es\/wp-content\/uploads\/2015\/10\/p_7_0_0_4_7004-Estatuto-de-Autonomia-de-Cataluna-2006-edicion-de-lujo-actualizada-textos-en-catalan.jpg\" \/>\n\t<meta property=\"og:image:width\" content=\"474\" \/>\n\t<meta property=\"og:image:height\" content=\"600\" \/>\n\t<meta property=\"og:image:type\" content=\"image\/jpeg\" \/>\n<meta name=\"twitter:card\" content=\"summary_large_image\" \/>\n<meta name=\"twitter:label1\" content=\"Est. reading time\" \/>\n\t<meta name=\"twitter:data1\" content=\"2 minutes\" \/>\n<script type=\"application\/ld+json\" class=\"yoast-schema-graph\">{\"@context\":\"https:\\\/\\\/schema.org\",\"@graph\":[{\"@type\":\"WebPage\",\"@id\":\"https:\\\/\\\/www.comprarmejor.es\\\/en\\\/product\\\/statute-of-autonomy-of-catalonia-2006-complete-luxury-edition-texts-in-catalan\\\/\",\"url\":\"https:\\\/\\\/www.comprarmejor.es\\\/en\\\/product\\\/statute-of-autonomy-of-catalonia-2006-complete-luxury-edition-texts-in-catalan\\\/\",\"name\":\"Statute of Autonomy of Catalonia 2006, complete, luxury, in Catalan\",\"isPartOf\":{\"@id\":\"https:\\\/\\\/www.comprarmejor.es\\\/en\\\/#website\"},\"primaryImageOfPage\":{\"@id\":\"https:\\\/\\\/www.comprarmejor.es\\\/en\\\/product\\\/statute-of-autonomy-of-catalonia-2006-complete-luxury-edition-texts-in-catalan\\\/#primaryimage\"},\"image\":{\"@id\":\"https:\\\/\\\/www.comprarmejor.es\\\/en\\\/product\\\/statute-of-autonomy-of-catalonia-2006-complete-luxury-edition-texts-in-catalan\\\/#primaryimage\"},\"thumbnailUrl\":\"https:\\\/\\\/www.comprarmejor.es\\\/wp-content\\\/uploads\\\/2015\\\/10\\\/p_7_0_0_4_7004-Estatuto-de-Autonomia-de-Cataluna-2006-edicion-de-lujo-actualizada-textos-en-catalan.jpg\",\"datePublished\":\"2015-10-15T16:17:48+00:00\",\"dateModified\":\"2023-12-09T11:03:38+00:00\",\"description\":\"Estatut d'Autonomia de Catalunya 2006 (full texts in Catalan), luxury edition made in 2015 and updated with the Constitutional Court Judgment of 2010.\",\"breadcrumb\":{\"@id\":\"https:\\\/\\\/www.comprarmejor.es\\\/en\\\/product\\\/statute-of-autonomy-of-catalonia-2006-complete-luxury-edition-texts-in-catalan\\\/#breadcrumb\"},\"inLanguage\":\"en-US\",\"potentialAction\":[{\"@type\":\"ReadAction\",\"target\":[\"https:\\\/\\\/www.comprarmejor.es\\\/en\\\/product\\\/statute-of-autonomy-of-catalonia-2006-complete-luxury-edition-texts-in-catalan\\\/\"]}]},{\"@type\":\"ImageObject\",\"inLanguage\":\"en-US\",\"@id\":\"https:\\\/\\\/www.comprarmejor.es\\\/en\\\/product\\\/statute-of-autonomy-of-catalonia-2006-complete-luxury-edition-texts-in-catalan\\\/#primaryimage\",\"url\":\"https:\\\/\\\/www.comprarmejor.es\\\/wp-content\\\/uploads\\\/2015\\\/10\\\/p_7_0_0_4_7004-Estatuto-de-Autonomia-de-Cataluna-2006-edicion-de-lujo-actualizada-textos-en-catalan.jpg\",\"contentUrl\":\"https:\\\/\\\/www.comprarmejor.es\\\/wp-content\\\/uploads\\\/2015\\\/10\\\/p_7_0_0_4_7004-Estatuto-de-Autonomia-de-Cataluna-2006-edicion-de-lujo-actualizada-textos-en-catalan.jpg\",\"width\":474,\"height\":600},{\"@type\":\"BreadcrumbList\",\"@id\":\"https:\\\/\\\/www.comprarmejor.es\\\/en\\\/product\\\/statute-of-autonomy-of-catalonia-2006-complete-luxury-edition-texts-in-catalan\\\/#breadcrumb\",\"itemListElement\":[{\"@type\":\"ListItem\",\"position\":1,\"name\":\"Portada\",\"item\":\"https:\\\/\\\/www.comprarmejor.es\\\/en\\\/\"},{\"@type\":\"ListItem\",\"position\":2,\"name\":\"Shop\",\"item\":\"https:\\\/\\\/www.comprarmejor.es\\\/en\\\/shop\\\/\"},{\"@type\":\"ListItem\",\"position\":3,\"name\":\"Statute of Autonomy of Catalonia 2006, complete, luxury edition, texts in Catalan\"}]},{\"@type\":\"WebSite\",\"@id\":\"https:\\\/\\\/www.comprarmejor.es\\\/en\\\/#website\",\"url\":\"https:\\\/\\\/www.comprarmejor.es\\\/en\\\/\",\"name\":\"ComprarMejor\",\"description\":\"ComprarMejor\",\"publisher\":{\"@id\":\"https:\\\/\\\/www.comprarmejor.es\\\/en\\\/#organization\"},\"potentialAction\":[{\"@type\":\"SearchAction\",\"target\":{\"@type\":\"EntryPoint\",\"urlTemplate\":\"https:\\\/\\\/www.comprarmejor.es\\\/en\\\/?s={search_term_string}\"},\"query-input\":{\"@type\":\"PropertyValueSpecification\",\"valueRequired\":true,\"valueName\":\"search_term_string\"}}],\"inLanguage\":\"en-US\"},{\"@type\":\"Organization\",\"@id\":\"https:\\\/\\\/www.comprarmejor.es\\\/en\\\/#organization\",\"name\":\"COMPRAR MEJOR\",\"url\":\"https:\\\/\\\/www.comprarmejor.es\\\/en\\\/\",\"logo\":{\"@type\":\"ImageObject\",\"inLanguage\":\"en-US\",\"@id\":\"https:\\\/\\\/www.comprarmejor.es\\\/en\\\/#\\\/schema\\\/logo\\\/image\\\/\",\"url\":\"https:\\\/\\\/www.comprarmejor.es\\\/wp-content\\\/uploads\\\/2025\\\/09\\\/comprarmejortrinidad.jpg\",\"contentUrl\":\"https:\\\/\\\/www.comprarmejor.es\\\/wp-content\\\/uploads\\\/2025\\\/09\\\/comprarmejortrinidad.jpg\",\"width\":1022,\"height\":1380,\"caption\":\"COMPRAR MEJOR\"},\"image\":{\"@id\":\"https:\\\/\\\/www.comprarmejor.es\\\/en\\\/#\\\/schema\\\/logo\\\/image\\\/\"},\"sameAs\":[\"https:\\\/\\\/www.instagram.com\\\/amigosdelcodice\"]}]}<\/script>\n<!-- \/ Yoast SEO plugin. -->","yoast_head_json":{"title":"Statute of Autonomy of Catalonia 2006, complete, luxury, in Catalan","description":"Estatut d'Autonomia de Catalunya 2006 (full texts in Catalan), luxury edition made in 2015 and updated with the Constitutional Court Judgment of 2010.","robots":{"index":"index","follow":"follow","max-snippet":"max-snippet:-1","max-image-preview":"max-image-preview:large","max-video-preview":"max-video-preview:-1"},"canonical":"https:\/\/www.comprarmejor.es\/en\/product\/statute-of-autonomy-of-catalonia-2006-complete-luxury-edition-texts-in-catalan\/","og_locale":"en_US","og_type":"article","og_title":"Statute of Autonomy of Catalonia 2006, complete, luxury, in Catalan","og_description":"Estatut d'Autonomia de Catalunya 2006 (full texts in Catalan), luxury edition made in 2015 and updated with the Constitutional Court Judgment of 2010.","og_url":"https:\/\/www.comprarmejor.es\/en\/product\/statute-of-autonomy-of-catalonia-2006-complete-luxury-edition-texts-in-catalan\/","og_site_name":"ComprarMejor","article_modified_time":"2023-12-09T11:03:38+00:00","og_image":[{"width":474,"height":600,"url":"https:\/\/www.comprarmejor.es\/wp-content\/uploads\/2015\/10\/p_7_0_0_4_7004-Estatuto-de-Autonomia-de-Cataluna-2006-edicion-de-lujo-actualizada-textos-en-catalan.jpg","type":"image\/jpeg"}],"twitter_card":"summary_large_image","twitter_misc":{"Est. reading time":"2 minutes"},"schema":{"@context":"https:\/\/schema.org","@graph":[{"@type":"WebPage","@id":"https:\/\/www.comprarmejor.es\/en\/product\/statute-of-autonomy-of-catalonia-2006-complete-luxury-edition-texts-in-catalan\/","url":"https:\/\/www.comprarmejor.es\/en\/product\/statute-of-autonomy-of-catalonia-2006-complete-luxury-edition-texts-in-catalan\/","name":"Statute of Autonomy of Catalonia 2006, complete, luxury, in Catalan","isPartOf":{"@id":"https:\/\/www.comprarmejor.es\/en\/#website"},"primaryImageOfPage":{"@id":"https:\/\/www.comprarmejor.es\/en\/product\/statute-of-autonomy-of-catalonia-2006-complete-luxury-edition-texts-in-catalan\/#primaryimage"},"image":{"@id":"https:\/\/www.comprarmejor.es\/en\/product\/statute-of-autonomy-of-catalonia-2006-complete-luxury-edition-texts-in-catalan\/#primaryimage"},"thumbnailUrl":"https:\/\/www.comprarmejor.es\/wp-content\/uploads\/2015\/10\/p_7_0_0_4_7004-Estatuto-de-Autonomia-de-Cataluna-2006-edicion-de-lujo-actualizada-textos-en-catalan.jpg","datePublished":"2015-10-15T16:17:48+00:00","dateModified":"2023-12-09T11:03:38+00:00","description":"Estatut d'Autonomia de Catalunya 2006 (full texts in Catalan), luxury edition made in 2015 and updated with the Constitutional Court Judgment of 2010.","breadcrumb":{"@id":"https:\/\/www.comprarmejor.es\/en\/product\/statute-of-autonomy-of-catalonia-2006-complete-luxury-edition-texts-in-catalan\/#breadcrumb"},"inLanguage":"en-US","potentialAction":[{"@type":"ReadAction","target":["https:\/\/www.comprarmejor.es\/en\/product\/statute-of-autonomy-of-catalonia-2006-complete-luxury-edition-texts-in-catalan\/"]}]},{"@type":"ImageObject","inLanguage":"en-US","@id":"https:\/\/www.comprarmejor.es\/en\/product\/statute-of-autonomy-of-catalonia-2006-complete-luxury-edition-texts-in-catalan\/#primaryimage","url":"https:\/\/www.comprarmejor.es\/wp-content\/uploads\/2015\/10\/p_7_0_0_4_7004-Estatuto-de-Autonomia-de-Cataluna-2006-edicion-de-lujo-actualizada-textos-en-catalan.jpg","contentUrl":"https:\/\/www.comprarmejor.es\/wp-content\/uploads\/2015\/10\/p_7_0_0_4_7004-Estatuto-de-Autonomia-de-Cataluna-2006-edicion-de-lujo-actualizada-textos-en-catalan.jpg","width":474,"height":600},{"@type":"BreadcrumbList","@id":"https:\/\/www.comprarmejor.es\/en\/product\/statute-of-autonomy-of-catalonia-2006-complete-luxury-edition-texts-in-catalan\/#breadcrumb","itemListElement":[{"@type":"ListItem","position":1,"name":"Portada","item":"https:\/\/www.comprarmejor.es\/en\/"},{"@type":"ListItem","position":2,"name":"Shop","item":"https:\/\/www.comprarmejor.es\/en\/shop\/"},{"@type":"ListItem","position":3,"name":"Statute of Autonomy of Catalonia 2006, complete, luxury edition, texts in Catalan"}]},{"@type":"WebSite","@id":"https:\/\/www.comprarmejor.es\/en\/#website","url":"https:\/\/www.comprarmejor.es\/en\/","name":"ComprarMejor","description":"ComprarMejor","publisher":{"@id":"https:\/\/www.comprarmejor.es\/en\/#organization"},"potentialAction":[{"@type":"SearchAction","target":{"@type":"EntryPoint","urlTemplate":"https:\/\/www.comprarmejor.es\/en\/?s={search_term_string}"},"query-input":{"@type":"PropertyValueSpecification","valueRequired":true,"valueName":"search_term_string"}}],"inLanguage":"en-US"},{"@type":"Organization","@id":"https:\/\/www.comprarmejor.es\/en\/#organization","name":"COMPRAR MEJOR","url":"https:\/\/www.comprarmejor.es\/en\/","logo":{"@type":"ImageObject","inLanguage":"en-US","@id":"https:\/\/www.comprarmejor.es\/en\/#\/schema\/logo\/image\/","url":"https:\/\/www.comprarmejor.es\/wp-content\/uploads\/2025\/09\/comprarmejortrinidad.jpg","contentUrl":"https:\/\/www.comprarmejor.es\/wp-content\/uploads\/2025\/09\/comprarmejortrinidad.jpg","width":1022,"height":1380,"caption":"COMPRAR MEJOR"},"image":{"@id":"https:\/\/www.comprarmejor.es\/en\/#\/schema\/logo\/image\/"},"sameAs":["https:\/\/www.instagram.com\/amigosdelcodice"]}]}},"_links":{"self":[{"href":"https:\/\/www.comprarmejor.es\/en\/wp-json\/wp\/v2\/product\/48277","targetHints":{"allow":["GET"]}}],"collection":[{"href":"https:\/\/www.comprarmejor.es\/en\/wp-json\/wp\/v2\/product"}],"about":[{"href":"https:\/\/www.comprarmejor.es\/en\/wp-json\/wp\/v2\/types\/product"}],"wp:featuredmedia":[{"embeddable":true,"href":"https:\/\/www.comprarmejor.es\/en\/wp-json\/wp\/v2\/media\/48267"}],"wp:attachment":[{"href":"https:\/\/www.comprarmejor.es\/en\/wp-json\/wp\/v2\/media?parent=48277"}],"wp:term":[{"taxonomy":"product_brand","embeddable":true,"href":"https:\/\/www.comprarmejor.es\/en\/wp-json\/wp\/v2\/product_brand?post=48277"},{"taxonomy":"product_cat","embeddable":true,"href":"https:\/\/www.comprarmejor.es\/en\/wp-json\/wp\/v2\/product_cat?post=48277"},{"taxonomy":"product_tag","embeddable":true,"href":"https:\/\/www.comprarmejor.es\/en\/wp-json\/wp\/v2\/product_tag?post=48277"}],"curies":[{"name":"wp","href":"https:\/\/api.w.org\/{rel}","templated":true}]}}