{"id":48301,"date":"2015-10-16T00:25:26","date_gmt":"2015-10-15T22:25:26","guid":{"rendered":"https:\/\/www.comprarmejor.es\/producto\/totus-tuus-ioannes-paulus-pp-ii-fmr\/"},"modified":"2020-05-02T10:03:36","modified_gmt":"2020-05-02T08:03:36","slug":"totus-tuus-ioannes-paulus-pp-ii-fmr","status":"publish","type":"product","link":"https:\/\/www.comprarmejor.es\/en\/product\/totus-tuus-ioannes-paulus-pp-ii-fmr\/","title":{"rendered":"Totus Tuus. Ioannes Paulus PP. II, FMR"},"content":{"rendered":"<p style=\"text-align: justify;\"><span class=\"tlid-translation translation\" lang=\"en\">Extraordinary edition of the Italian publishing house FMR (Franco Maria Ricci) ARTE, with Marian texts in Spanish by Saint John Paul II.<\/p>\n<p>Ioannes Paulus PP. II.<strong> Totus Tuus<\/strong>. The Marian Magisterium in the texts of the Holy Father. Prologue of S. E. Monsignor Antonio Ca\u00f1izares Llovera, Archbishop of Toledo &#8211; Primate of Spain, and S. E. Monsignor Carlo Caffarra, Archbishop of Bologna. Anthological selection and introductions by Monsignor Arthur Burton Calkins.<\/p>\n<p>Beautiful and noble edition made in 2005 in Bologna (Italy) by FMR ART\u2019E, numbered and limited. Editorial binding in natural parchment &#8220;used&#8221; on board, and with two original medallions in bas-relief in solid 925 silver, diameter 10 cm (certificates are attached). Cover medal title: Ioannes Paulus II. Back Cover Medal Title: Mater Pietatis. Original medal design by Floriano Bodini, official Vatican medalist until his death in 2005.<\/p>\n<p>Format 30 x 44 cm. 374 pages on special cotton paper, made specifically in France, with the watermark of the papal coat of arms and year of issue. Copy of the edition with texts in Spanish, numbered, signed and limited to 350 copies. Art print in color outside the text with the work of the artist Floriano Bodini, \u201cMater Ecclesiae\u201d. The book is presented in a wooden editorial case lined with paper, slightly scratched, with two holes that reveal the medallions, format 31.5 x 46 x 9.5 cm<\/span><span title=\"El libro se presenta en estuche editorial de madera con dos huecos que dejan ver los medallones.\">.<\/span><\/p>\n<p style=\"text-align: justify;\"><span title=\"Gastos de env\u00edo por cuenta del comprador, seg\u00fan pedido y destino.\">Shipping by the buyer, upon request and destination.\u00a0<\/span><span title=\"Cons\u00faltenos cualquier duda, as\u00ed como por cualquier otra edici\u00f3n que est\u00e9 buscando.\"><a class=\"btn btn-default\" href=\"http:\/\/comprarmejor.es\/en\/contact\">Ask us<\/a> <span lang=\"en\" xml:lang=\"en\"><span title=\"Cons\u00faltenos sin compromiso cualquier duda, as\u00ed como por cualquier otro art\u00edculo que est\u00e9 buscando.\">without any questions, as well as any other item you are looking for.<\/span><\/span><br \/>\n<\/span><\/p>\n","protected":false},"excerpt":{"rendered":"<p style=\"text-align: justify;\"><span id=\"result_box\" lang=\"en\" xml:lang=\"en\"><span title=\"Ejemplar original de la primera edici\u00f3n de 1922 de la obra Don Juan, de Azor\u00edn, miembro de la Generaci\u00f3n del 98, grupo literario emblem\u00e1tico de finales del siglo XIX espa\u00f1ol.\"><span lang=\"en\" xml:lang=\"en\"><span title=\"17 vol\u00famenes cuerpo de la obra.\"><span lang=\"en\" xml:lang=\"en\"><span title=\"Art\u00edculo compuesto por dos grandes obras de FMR, la editorial italiana de Franco Maria Ricci: ART Enciclopedia del Arte 17 tomos y Los Signos del Hombre, 25 t\u00edtulos (27 tomos), ambas completas, en perfecto estado, y textos en espa\u00f1ol.\"><span lang=\"en\" xml:lang=\"en\"><span title=\"3 vol\u00famenes complementos (editados unos a\u00f1os m\u00e1s tarde y que se vendieron en unos 900 \u20ac. Estos tomos NO se incluyen en este art\u00edculo).\"><span lang=\"en\" xml:lang=\"en\"><span title=\"Ioannes Paulus PP.\">Ioannes Paulus PP. <\/span><span title=\"II.\">II. <\/span><span title=\"Totus Tuus.\">Totus Tuus. <\/span><span title=\"El Magisterio mariano en los textos del Santo Padre.\">The Marian Magisterium in the texts of the Holy Father. <\/span><span title=\"Pr\u00f3logo de S. E. Monse\u00f1or Antonio Ca\u00f1izares Llovera, Arzobispo de Toledo - Primado de Espa\u00f1a, y S. E. Monse\u00f1or Carlo Caffarra, Arzobispo de Bolonia.\">Foreword by HE Archbishop Antonio Ca\u00f1izares Llovera, Archbishop of Toledo &#8211; Primate of Spain, and HE Archbishop Carlo Caffarra, Archbishop of Bologna.<\/span><span title=\"Selecci\u00f3n antol\u00f3gica e introducciones de Monse\u00f1or Arthur Burton Calkins.\"><br \/>\n<\/span><\/span><\/span><\/span><\/span><\/span><\/span><\/span><\/span><\/span><\/p>\n","protected":false},"featured_media":60273,"template":"","meta":[],"product_brand":[],"product_cat":[2210],"product_tag":[4193,5060],"class_list":{"0":"post-48301","1":"product","2":"type-product","3":"status-publish","4":"has-post-thumbnail","6":"product_cat-bibliophilia","7":"product_tag-fmr-en-2","8":"product_tag-franco-en-2","9":"product_shipping_class-from-6-to-10-kg","10":"description-off","12":"first","13":"instock","14":"sale","15":"taxable","16":"shipping-taxable","17":"purchasable","18":"product-type-simple"},"yoast_head":"<!-- This site is optimized with the Yoast SEO plugin v27.3 - https:\/\/yoast.com\/product\/yoast-seo-wordpress\/ -->\n<title>Totus Tuus. Ioannes Paulus PP. II. The Marian Magisterium<\/title>\n<meta name=\"description\" content=\"Ioannes Paulus PP. II. Totus Tuus. The Marian Magisterium in the texts of the Holy Father. Foreword by Archbishop Antonio Ca\u00f1izares Llovera, Archbishop of\" \/>\n<meta name=\"robots\" content=\"index, follow, max-snippet:-1, max-image-preview:large, max-video-preview:-1\" \/>\n<link rel=\"canonical\" href=\"https:\/\/www.comprarmejor.es\/en\/product\/totus-tuus-ioannes-paulus-pp-ii-fmr\/\" \/>\n<meta property=\"og:locale\" content=\"en_US\" \/>\n<meta property=\"og:type\" content=\"article\" \/>\n<meta property=\"og:title\" content=\"Totus Tuus. Ioannes Paulus PP. II. The Marian Magisterium\" \/>\n<meta property=\"og:description\" content=\"Ioannes Paulus PP. II. Totus Tuus. The Marian Magisterium in the texts of the Holy Father. Foreword by Archbishop Antonio Ca\u00f1izares Llovera, Archbishop of\" \/>\n<meta property=\"og:url\" content=\"https:\/\/www.comprarmejor.es\/en\/product\/totus-tuus-ioannes-paulus-pp-ii-fmr\/\" \/>\n<meta property=\"og:site_name\" content=\"ComprarMejor\" \/>\n<meta property=\"article:modified_time\" content=\"2020-05-02T08:03:36+00:00\" \/>\n<meta property=\"og:image\" content=\"https:\/\/www.comprarmejor.es\/wp-content\/uploads\/2015\/10\/TTIP-10.jpg\" \/>\n\t<meta property=\"og:image:width\" content=\"400\" \/>\n\t<meta property=\"og:image:height\" content=\"353\" \/>\n\t<meta property=\"og:image:type\" content=\"image\/jpeg\" \/>\n<meta name=\"twitter:card\" content=\"summary_large_image\" \/>\n<meta name=\"twitter:label1\" content=\"Est. reading time\" \/>\n\t<meta name=\"twitter:data1\" content=\"1 minute\" \/>\n<script type=\"application\/ld+json\" class=\"yoast-schema-graph\">{\"@context\":\"https:\\\/\\\/schema.org\",\"@graph\":[{\"@type\":\"WebPage\",\"@id\":\"https:\\\/\\\/www.comprarmejor.es\\\/en\\\/product\\\/totus-tuus-ioannes-paulus-pp-ii-fmr\\\/\",\"url\":\"https:\\\/\\\/www.comprarmejor.es\\\/en\\\/product\\\/totus-tuus-ioannes-paulus-pp-ii-fmr\\\/\",\"name\":\"Totus Tuus. Ioannes Paulus PP. II. The Marian Magisterium\",\"isPartOf\":{\"@id\":\"https:\\\/\\\/www.comprarmejor.es\\\/en\\\/#website\"},\"primaryImageOfPage\":{\"@id\":\"https:\\\/\\\/www.comprarmejor.es\\\/en\\\/product\\\/totus-tuus-ioannes-paulus-pp-ii-fmr\\\/#primaryimage\"},\"image\":{\"@id\":\"https:\\\/\\\/www.comprarmejor.es\\\/en\\\/product\\\/totus-tuus-ioannes-paulus-pp-ii-fmr\\\/#primaryimage\"},\"thumbnailUrl\":\"https:\\\/\\\/www.comprarmejor.es\\\/wp-content\\\/uploads\\\/2015\\\/10\\\/TTIP-10.jpg\",\"datePublished\":\"2015-10-15T22:25:26+00:00\",\"dateModified\":\"2020-05-02T08:03:36+00:00\",\"description\":\"Ioannes Paulus PP. II. Totus Tuus. The Marian Magisterium in the texts of the Holy Father. Foreword by Archbishop Antonio Ca\u00f1izares Llovera, Archbishop of\",\"breadcrumb\":{\"@id\":\"https:\\\/\\\/www.comprarmejor.es\\\/en\\\/product\\\/totus-tuus-ioannes-paulus-pp-ii-fmr\\\/#breadcrumb\"},\"inLanguage\":\"en-US\",\"potentialAction\":[{\"@type\":\"ReadAction\",\"target\":[\"https:\\\/\\\/www.comprarmejor.es\\\/en\\\/product\\\/totus-tuus-ioannes-paulus-pp-ii-fmr\\\/\"]}]},{\"@type\":\"ImageObject\",\"inLanguage\":\"en-US\",\"@id\":\"https:\\\/\\\/www.comprarmejor.es\\\/en\\\/product\\\/totus-tuus-ioannes-paulus-pp-ii-fmr\\\/#primaryimage\",\"url\":\"https:\\\/\\\/www.comprarmejor.es\\\/wp-content\\\/uploads\\\/2015\\\/10\\\/TTIP-10.jpg\",\"contentUrl\":\"https:\\\/\\\/www.comprarmejor.es\\\/wp-content\\\/uploads\\\/2015\\\/10\\\/TTIP-10.jpg\",\"width\":400,\"height\":353},{\"@type\":\"BreadcrumbList\",\"@id\":\"https:\\\/\\\/www.comprarmejor.es\\\/en\\\/product\\\/totus-tuus-ioannes-paulus-pp-ii-fmr\\\/#breadcrumb\",\"itemListElement\":[{\"@type\":\"ListItem\",\"position\":1,\"name\":\"Portada\",\"item\":\"https:\\\/\\\/www.comprarmejor.es\\\/en\\\/\"},{\"@type\":\"ListItem\",\"position\":2,\"name\":\"Shop\",\"item\":\"https:\\\/\\\/www.comprarmejor.es\\\/en\\\/shop\\\/\"},{\"@type\":\"ListItem\",\"position\":3,\"name\":\"Totus Tuus. Ioannes Paulus PP. II, FMR\"}]},{\"@type\":\"WebSite\",\"@id\":\"https:\\\/\\\/www.comprarmejor.es\\\/en\\\/#website\",\"url\":\"https:\\\/\\\/www.comprarmejor.es\\\/en\\\/\",\"name\":\"ComprarMejor\",\"description\":\"ComprarMejor\",\"publisher\":{\"@id\":\"https:\\\/\\\/www.comprarmejor.es\\\/en\\\/#organization\"},\"potentialAction\":[{\"@type\":\"SearchAction\",\"target\":{\"@type\":\"EntryPoint\",\"urlTemplate\":\"https:\\\/\\\/www.comprarmejor.es\\\/en\\\/?s={search_term_string}\"},\"query-input\":{\"@type\":\"PropertyValueSpecification\",\"valueRequired\":true,\"valueName\":\"search_term_string\"}}],\"inLanguage\":\"en-US\"},{\"@type\":\"Organization\",\"@id\":\"https:\\\/\\\/www.comprarmejor.es\\\/en\\\/#organization\",\"name\":\"COMPRAR MEJOR\",\"url\":\"https:\\\/\\\/www.comprarmejor.es\\\/en\\\/\",\"logo\":{\"@type\":\"ImageObject\",\"inLanguage\":\"en-US\",\"@id\":\"https:\\\/\\\/www.comprarmejor.es\\\/en\\\/#\\\/schema\\\/logo\\\/image\\\/\",\"url\":\"https:\\\/\\\/www.comprarmejor.es\\\/wp-content\\\/uploads\\\/2025\\\/09\\\/comprarmejortrinidad.jpg\",\"contentUrl\":\"https:\\\/\\\/www.comprarmejor.es\\\/wp-content\\\/uploads\\\/2025\\\/09\\\/comprarmejortrinidad.jpg\",\"width\":1022,\"height\":1380,\"caption\":\"COMPRAR MEJOR\"},\"image\":{\"@id\":\"https:\\\/\\\/www.comprarmejor.es\\\/en\\\/#\\\/schema\\\/logo\\\/image\\\/\"},\"sameAs\":[\"https:\\\/\\\/www.instagram.com\\\/amigosdelcodice\"]}]}<\/script>\n<!-- \/ Yoast SEO plugin. -->","yoast_head_json":{"title":"Totus Tuus. Ioannes Paulus PP. II. The Marian Magisterium","description":"Ioannes Paulus PP. II. Totus Tuus. The Marian Magisterium in the texts of the Holy Father. Foreword by Archbishop Antonio Ca\u00f1izares Llovera, Archbishop of","robots":{"index":"index","follow":"follow","max-snippet":"max-snippet:-1","max-image-preview":"max-image-preview:large","max-video-preview":"max-video-preview:-1"},"canonical":"https:\/\/www.comprarmejor.es\/en\/product\/totus-tuus-ioannes-paulus-pp-ii-fmr\/","og_locale":"en_US","og_type":"article","og_title":"Totus Tuus. Ioannes Paulus PP. II. The Marian Magisterium","og_description":"Ioannes Paulus PP. II. Totus Tuus. The Marian Magisterium in the texts of the Holy Father. Foreword by Archbishop Antonio Ca\u00f1izares Llovera, Archbishop of","og_url":"https:\/\/www.comprarmejor.es\/en\/product\/totus-tuus-ioannes-paulus-pp-ii-fmr\/","og_site_name":"ComprarMejor","article_modified_time":"2020-05-02T08:03:36+00:00","og_image":[{"width":400,"height":353,"url":"https:\/\/www.comprarmejor.es\/wp-content\/uploads\/2015\/10\/TTIP-10.jpg","type":"image\/jpeg"}],"twitter_card":"summary_large_image","twitter_misc":{"Est. reading time":"1 minute"},"schema":{"@context":"https:\/\/schema.org","@graph":[{"@type":"WebPage","@id":"https:\/\/www.comprarmejor.es\/en\/product\/totus-tuus-ioannes-paulus-pp-ii-fmr\/","url":"https:\/\/www.comprarmejor.es\/en\/product\/totus-tuus-ioannes-paulus-pp-ii-fmr\/","name":"Totus Tuus. Ioannes Paulus PP. II. The Marian Magisterium","isPartOf":{"@id":"https:\/\/www.comprarmejor.es\/en\/#website"},"primaryImageOfPage":{"@id":"https:\/\/www.comprarmejor.es\/en\/product\/totus-tuus-ioannes-paulus-pp-ii-fmr\/#primaryimage"},"image":{"@id":"https:\/\/www.comprarmejor.es\/en\/product\/totus-tuus-ioannes-paulus-pp-ii-fmr\/#primaryimage"},"thumbnailUrl":"https:\/\/www.comprarmejor.es\/wp-content\/uploads\/2015\/10\/TTIP-10.jpg","datePublished":"2015-10-15T22:25:26+00:00","dateModified":"2020-05-02T08:03:36+00:00","description":"Ioannes Paulus PP. II. Totus Tuus. The Marian Magisterium in the texts of the Holy Father. Foreword by Archbishop Antonio Ca\u00f1izares Llovera, Archbishop of","breadcrumb":{"@id":"https:\/\/www.comprarmejor.es\/en\/product\/totus-tuus-ioannes-paulus-pp-ii-fmr\/#breadcrumb"},"inLanguage":"en-US","potentialAction":[{"@type":"ReadAction","target":["https:\/\/www.comprarmejor.es\/en\/product\/totus-tuus-ioannes-paulus-pp-ii-fmr\/"]}]},{"@type":"ImageObject","inLanguage":"en-US","@id":"https:\/\/www.comprarmejor.es\/en\/product\/totus-tuus-ioannes-paulus-pp-ii-fmr\/#primaryimage","url":"https:\/\/www.comprarmejor.es\/wp-content\/uploads\/2015\/10\/TTIP-10.jpg","contentUrl":"https:\/\/www.comprarmejor.es\/wp-content\/uploads\/2015\/10\/TTIP-10.jpg","width":400,"height":353},{"@type":"BreadcrumbList","@id":"https:\/\/www.comprarmejor.es\/en\/product\/totus-tuus-ioannes-paulus-pp-ii-fmr\/#breadcrumb","itemListElement":[{"@type":"ListItem","position":1,"name":"Portada","item":"https:\/\/www.comprarmejor.es\/en\/"},{"@type":"ListItem","position":2,"name":"Shop","item":"https:\/\/www.comprarmejor.es\/en\/shop\/"},{"@type":"ListItem","position":3,"name":"Totus Tuus. Ioannes Paulus PP. II, FMR"}]},{"@type":"WebSite","@id":"https:\/\/www.comprarmejor.es\/en\/#website","url":"https:\/\/www.comprarmejor.es\/en\/","name":"ComprarMejor","description":"ComprarMejor","publisher":{"@id":"https:\/\/www.comprarmejor.es\/en\/#organization"},"potentialAction":[{"@type":"SearchAction","target":{"@type":"EntryPoint","urlTemplate":"https:\/\/www.comprarmejor.es\/en\/?s={search_term_string}"},"query-input":{"@type":"PropertyValueSpecification","valueRequired":true,"valueName":"search_term_string"}}],"inLanguage":"en-US"},{"@type":"Organization","@id":"https:\/\/www.comprarmejor.es\/en\/#organization","name":"COMPRAR MEJOR","url":"https:\/\/www.comprarmejor.es\/en\/","logo":{"@type":"ImageObject","inLanguage":"en-US","@id":"https:\/\/www.comprarmejor.es\/en\/#\/schema\/logo\/image\/","url":"https:\/\/www.comprarmejor.es\/wp-content\/uploads\/2025\/09\/comprarmejortrinidad.jpg","contentUrl":"https:\/\/www.comprarmejor.es\/wp-content\/uploads\/2025\/09\/comprarmejortrinidad.jpg","width":1022,"height":1380,"caption":"COMPRAR MEJOR"},"image":{"@id":"https:\/\/www.comprarmejor.es\/en\/#\/schema\/logo\/image\/"},"sameAs":["https:\/\/www.instagram.com\/amigosdelcodice"]}]}},"_links":{"self":[{"href":"https:\/\/www.comprarmejor.es\/en\/wp-json\/wp\/v2\/product\/48301","targetHints":{"allow":["GET"]}}],"collection":[{"href":"https:\/\/www.comprarmejor.es\/en\/wp-json\/wp\/v2\/product"}],"about":[{"href":"https:\/\/www.comprarmejor.es\/en\/wp-json\/wp\/v2\/types\/product"}],"wp:featuredmedia":[{"embeddable":true,"href":"https:\/\/www.comprarmejor.es\/en\/wp-json\/wp\/v2\/media\/60273"}],"wp:attachment":[{"href":"https:\/\/www.comprarmejor.es\/en\/wp-json\/wp\/v2\/media?parent=48301"}],"wp:term":[{"taxonomy":"product_brand","embeddable":true,"href":"https:\/\/www.comprarmejor.es\/en\/wp-json\/wp\/v2\/product_brand?post=48301"},{"taxonomy":"product_cat","embeddable":true,"href":"https:\/\/www.comprarmejor.es\/en\/wp-json\/wp\/v2\/product_cat?post=48301"},{"taxonomy":"product_tag","embeddable":true,"href":"https:\/\/www.comprarmejor.es\/en\/wp-json\/wp\/v2\/product_tag?post=48301"}],"curies":[{"name":"wp","href":"https:\/\/api.w.org\/{rel}","templated":true}]}}