{"id":48325,"date":"2015-10-18T00:10:49","date_gmt":"2015-10-17T22:10:49","guid":{"rendered":"https:\/\/www.comprarmejor.es\/producto\/1857-le-pays-basque-by-francisque-michel-original-in-french-first-edition\/"},"modified":"2023-12-07T16:34:33","modified_gmt":"2023-12-07T15:34:33","slug":"1857-le-pays-basque-by-francisque-michel-original-in-french-first-edition","status":"publish","type":"product","link":"https:\/\/www.comprarmejor.es\/en\/product\/1857-le-pays-basque-by-francisque-michel-original-in-french-first-edition\/","title":{"rendered":"1857 Le Pays Basque, by Francisque-Michel, original, in French, first edition"},"content":{"rendered":"<p style=\"text-align: justify;\"><span id=\"result_box\" lang=\"en\" xml:lang=\"en\"><span title=\"Le Pays Basque, sa population, sa langue, ses meurs, sa litt\u00e9rature et sa musique.\">Le Pays Basque, sa population, sa langue, ses meurs, sa litt\u00e9rature et sa musique. <\/span><span title=\"Por Francisque-Michel.\">By Francisque-Michel. <\/span><span title=\"Par\u00eds, 1857. Primera edici\u00f3n de este tratado general sobre la cultura vasca.\">Paris, 1857. First edition of this comprehensive treaty on Basque culture.<\/span><\/span><\/p>\n<p style=\"text-align: justify;\"><span title=\"Papel con manchas de \u00f3xido sin da\u00f1ar el texto, muy legible y claro.\"><span class=\"HwtZe\" lang=\"en\"><span class=\"jCAhz ChMk0b\"><span class=\"ryNqvb\">Bound in vintage, rubbed Dutch.<\/span><\/span><\/span><span class=\"HwtZe\" lang=\"en\"> <span class=\"jCAhz ChMk0b\"><span class=\"ryNqvb\">Format 14.5 x 22 cm.<\/span><\/span> <span class=\"jCAhz ChMk0b\"><span class=\"ryNqvb\">548 pages.<\/span><\/span> <span class=\"jCAhz ChMk0b\"><span class=\"ryNqvb\">Paper with rust stains without damaging the text, very legible and clear, with obvious signs of the passage of time<\/span><\/span><\/span>.<\/span><\/p>\n<p style=\"text-align: justify;\"><span title=\"Obra apreciada por el rigor hist\u00f3rico y etnogr\u00e1fico de sus contenidos.\">It appreciated works by historical and ethnographic rigor of its contents. <\/span><span title=\"M\u00fasica notada.\">Notated music. <\/span><span title=\"Textos en franc\u00e9s.\">French texts.<\/span><\/p>\n<p style=\"text-align: justify;\"><span title=\"Excelente ejemplar de \u201cEl Pa\u00eds Vasco, su gente, su idioma, sus costumbres, su literatura y su m\u00fasica\u201d, a pesar de conservar se\u00f1ales del tiempo y del uso (tiene m\u00e1s de 150 a\u00f1os).\">Good copy of &#8220;The Basque Country, its people, its language, its customs, its literature and music,&#8221; despite signals conserve time and use (it has more than 150 years).<\/span><\/p>\n<p style=\"text-align: justify;\"><span title=\"Gastos de env\u00edo por cuenta del comprador, seg\u00fan pedido y destino.\"><span class=\"HwtZe\" lang=\"en\"><span class=\"jCAhz ChMk0b\"><span class=\"ryNqvb\">Shipping costs according to order and destination<\/span><\/span><\/span>. <\/span><span title=\"Cons\u00faltenos cualquier duda.\"><a class=\"btn btn-default\" href=\"https:\/\/www.comprarmejor.es\/en\/contact\">Ask us<\/a> <span class=\"HwtZe\" lang=\"en\"><span class=\"jCAhz ChMk0b\"><span class=\"ryNqvb\">any questions, indicating the article reference.<\/span><\/span><\/span><br \/>\n<\/span><\/p>\n","protected":false},"excerpt":{"rendered":"<p style=\"text-align: justify;\"><span id=\"result_box\" lang=\"en\" xml:lang=\"en\"><span title=\"Le Pays Basque, sa population, sa langue, ses meurs, sa litt\u00e9rature et sa musique.\">Le Pays Basque, sa population, sa langue, ses meurs, sa litt\u00e9rature et sa musique. <\/span><span title=\"Por Francisque-Michel.\">By Francisque-Michel. <\/span><span title=\"Par\u00eds, 1857. Primera edici\u00f3n de este tratado general sobre la cultura vasca.\">Paris, 1857. First edition of this comprehensive treaty on Basque culture.<\/span><\/span><\/p>\n","protected":false},"featured_media":48311,"template":"","meta":[],"product_brand":[],"product_cat":[2242,2202],"product_tag":[4932],"class_list":{"0":"post-48325","1":"product","2":"type-product","3":"status-publish","4":"has-post-thumbnail","6":"product_cat-first-editions","7":"product_cat-old-books","8":"product_tag-pays-basque-en","9":"product_shipping_class-from-0-to-1-kg","10":"description-off","12":"first","13":"instock","14":"sale","15":"taxable","16":"shipping-taxable","17":"purchasable","18":"product-type-simple"},"yoast_head":"<!-- This site is optimized with the Yoast SEO plugin v27.3 - https:\/\/yoast.com\/product\/yoast-seo-wordpress\/ -->\n<title>1857 Le Pays Basque, by Francisque-Michel, original, in French<\/title>\n<meta name=\"description\" content=\"Le Pays Basque, sa population, sa langue, ses meurs, sa litt\u00e9rature et sa musique. Paris, 1857. First edition of this comprehensive treaty on Basque\" \/>\n<meta name=\"robots\" content=\"index, follow, max-snippet:-1, max-image-preview:large, max-video-preview:-1\" \/>\n<link rel=\"canonical\" href=\"https:\/\/www.comprarmejor.es\/en\/product\/1857-le-pays-basque-by-francisque-michel-original-in-french-first-edition\/\" \/>\n<meta property=\"og:locale\" content=\"en_US\" \/>\n<meta property=\"og:type\" content=\"article\" \/>\n<meta property=\"og:title\" content=\"1857 Le Pays Basque, by Francisque-Michel, original, in French\" \/>\n<meta property=\"og:description\" content=\"Le Pays Basque, sa population, sa langue, ses meurs, sa litt\u00e9rature et sa musique. Paris, 1857. First edition of this comprehensive treaty on Basque\" \/>\n<meta property=\"og:url\" content=\"https:\/\/www.comprarmejor.es\/en\/product\/1857-le-pays-basque-by-francisque-michel-original-in-french-first-edition\/\" \/>\n<meta property=\"og:site_name\" content=\"ComprarMejor\" \/>\n<meta property=\"article:modified_time\" content=\"2023-12-07T15:34:33+00:00\" \/>\n<meta property=\"og:image\" content=\"https:\/\/www.comprarmejor.es\/wp-content\/uploads\/2015\/10\/p_9_6_3_963-1857-Le-Pays-Basque-por-Francisque-Michel-original-en-frances-primera-edicion.jpg\" \/>\n\t<meta property=\"og:image:width\" content=\"600\" \/>\n\t<meta property=\"og:image:height\" content=\"461\" \/>\n\t<meta property=\"og:image:type\" content=\"image\/jpeg\" \/>\n<meta name=\"twitter:card\" content=\"summary_large_image\" \/>\n<meta name=\"twitter:label1\" content=\"Est. reading time\" \/>\n\t<meta name=\"twitter:data1\" content=\"1 minute\" \/>\n<script type=\"application\/ld+json\" class=\"yoast-schema-graph\">{\"@context\":\"https:\\\/\\\/schema.org\",\"@graph\":[{\"@type\":\"WebPage\",\"@id\":\"https:\\\/\\\/www.comprarmejor.es\\\/en\\\/product\\\/1857-le-pays-basque-by-francisque-michel-original-in-french-first-edition\\\/\",\"url\":\"https:\\\/\\\/www.comprarmejor.es\\\/en\\\/product\\\/1857-le-pays-basque-by-francisque-michel-original-in-french-first-edition\\\/\",\"name\":\"1857 Le Pays Basque, by Francisque-Michel, original, in French\",\"isPartOf\":{\"@id\":\"https:\\\/\\\/www.comprarmejor.es\\\/en\\\/#website\"},\"primaryImageOfPage\":{\"@id\":\"https:\\\/\\\/www.comprarmejor.es\\\/en\\\/product\\\/1857-le-pays-basque-by-francisque-michel-original-in-french-first-edition\\\/#primaryimage\"},\"image\":{\"@id\":\"https:\\\/\\\/www.comprarmejor.es\\\/en\\\/product\\\/1857-le-pays-basque-by-francisque-michel-original-in-french-first-edition\\\/#primaryimage\"},\"thumbnailUrl\":\"https:\\\/\\\/www.comprarmejor.es\\\/wp-content\\\/uploads\\\/2015\\\/10\\\/p_9_6_3_963-1857-Le-Pays-Basque-por-Francisque-Michel-original-en-frances-primera-edicion.jpg\",\"datePublished\":\"2015-10-17T22:10:49+00:00\",\"dateModified\":\"2023-12-07T15:34:33+00:00\",\"description\":\"Le Pays Basque, sa population, sa langue, ses meurs, sa litt\u00e9rature et sa musique. Paris, 1857. First edition of this comprehensive treaty on Basque\",\"breadcrumb\":{\"@id\":\"https:\\\/\\\/www.comprarmejor.es\\\/en\\\/product\\\/1857-le-pays-basque-by-francisque-michel-original-in-french-first-edition\\\/#breadcrumb\"},\"inLanguage\":\"en-US\",\"potentialAction\":[{\"@type\":\"ReadAction\",\"target\":[\"https:\\\/\\\/www.comprarmejor.es\\\/en\\\/product\\\/1857-le-pays-basque-by-francisque-michel-original-in-french-first-edition\\\/\"]}]},{\"@type\":\"ImageObject\",\"inLanguage\":\"en-US\",\"@id\":\"https:\\\/\\\/www.comprarmejor.es\\\/en\\\/product\\\/1857-le-pays-basque-by-francisque-michel-original-in-french-first-edition\\\/#primaryimage\",\"url\":\"https:\\\/\\\/www.comprarmejor.es\\\/wp-content\\\/uploads\\\/2015\\\/10\\\/p_9_6_3_963-1857-Le-Pays-Basque-por-Francisque-Michel-original-en-frances-primera-edicion.jpg\",\"contentUrl\":\"https:\\\/\\\/www.comprarmejor.es\\\/wp-content\\\/uploads\\\/2015\\\/10\\\/p_9_6_3_963-1857-Le-Pays-Basque-por-Francisque-Michel-original-en-frances-primera-edicion.jpg\",\"width\":600,\"height\":461},{\"@type\":\"BreadcrumbList\",\"@id\":\"https:\\\/\\\/www.comprarmejor.es\\\/en\\\/product\\\/1857-le-pays-basque-by-francisque-michel-original-in-french-first-edition\\\/#breadcrumb\",\"itemListElement\":[{\"@type\":\"ListItem\",\"position\":1,\"name\":\"Portada\",\"item\":\"https:\\\/\\\/www.comprarmejor.es\\\/en\\\/\"},{\"@type\":\"ListItem\",\"position\":2,\"name\":\"Shop\",\"item\":\"https:\\\/\\\/www.comprarmejor.es\\\/en\\\/shop\\\/\"},{\"@type\":\"ListItem\",\"position\":3,\"name\":\"1857 Le Pays Basque, by Francisque-Michel, original, in French, first edition\"}]},{\"@type\":\"WebSite\",\"@id\":\"https:\\\/\\\/www.comprarmejor.es\\\/en\\\/#website\",\"url\":\"https:\\\/\\\/www.comprarmejor.es\\\/en\\\/\",\"name\":\"ComprarMejor\",\"description\":\"ComprarMejor\",\"publisher\":{\"@id\":\"https:\\\/\\\/www.comprarmejor.es\\\/en\\\/#organization\"},\"potentialAction\":[{\"@type\":\"SearchAction\",\"target\":{\"@type\":\"EntryPoint\",\"urlTemplate\":\"https:\\\/\\\/www.comprarmejor.es\\\/en\\\/?s={search_term_string}\"},\"query-input\":{\"@type\":\"PropertyValueSpecification\",\"valueRequired\":true,\"valueName\":\"search_term_string\"}}],\"inLanguage\":\"en-US\"},{\"@type\":\"Organization\",\"@id\":\"https:\\\/\\\/www.comprarmejor.es\\\/en\\\/#organization\",\"name\":\"COMPRAR MEJOR\",\"url\":\"https:\\\/\\\/www.comprarmejor.es\\\/en\\\/\",\"logo\":{\"@type\":\"ImageObject\",\"inLanguage\":\"en-US\",\"@id\":\"https:\\\/\\\/www.comprarmejor.es\\\/en\\\/#\\\/schema\\\/logo\\\/image\\\/\",\"url\":\"https:\\\/\\\/www.comprarmejor.es\\\/wp-content\\\/uploads\\\/2025\\\/09\\\/comprarmejortrinidad.jpg\",\"contentUrl\":\"https:\\\/\\\/www.comprarmejor.es\\\/wp-content\\\/uploads\\\/2025\\\/09\\\/comprarmejortrinidad.jpg\",\"width\":1022,\"height\":1380,\"caption\":\"COMPRAR MEJOR\"},\"image\":{\"@id\":\"https:\\\/\\\/www.comprarmejor.es\\\/en\\\/#\\\/schema\\\/logo\\\/image\\\/\"},\"sameAs\":[\"https:\\\/\\\/www.instagram.com\\\/amigosdelcodice\"]}]}<\/script>\n<!-- \/ Yoast SEO plugin. -->","yoast_head_json":{"title":"1857 Le Pays Basque, by Francisque-Michel, original, in French","description":"Le Pays Basque, sa population, sa langue, ses meurs, sa litt\u00e9rature et sa musique. Paris, 1857. First edition of this comprehensive treaty on Basque","robots":{"index":"index","follow":"follow","max-snippet":"max-snippet:-1","max-image-preview":"max-image-preview:large","max-video-preview":"max-video-preview:-1"},"canonical":"https:\/\/www.comprarmejor.es\/en\/product\/1857-le-pays-basque-by-francisque-michel-original-in-french-first-edition\/","og_locale":"en_US","og_type":"article","og_title":"1857 Le Pays Basque, by Francisque-Michel, original, in French","og_description":"Le Pays Basque, sa population, sa langue, ses meurs, sa litt\u00e9rature et sa musique. Paris, 1857. First edition of this comprehensive treaty on Basque","og_url":"https:\/\/www.comprarmejor.es\/en\/product\/1857-le-pays-basque-by-francisque-michel-original-in-french-first-edition\/","og_site_name":"ComprarMejor","article_modified_time":"2023-12-07T15:34:33+00:00","og_image":[{"width":600,"height":461,"url":"https:\/\/www.comprarmejor.es\/wp-content\/uploads\/2015\/10\/p_9_6_3_963-1857-Le-Pays-Basque-por-Francisque-Michel-original-en-frances-primera-edicion.jpg","type":"image\/jpeg"}],"twitter_card":"summary_large_image","twitter_misc":{"Est. reading time":"1 minute"},"schema":{"@context":"https:\/\/schema.org","@graph":[{"@type":"WebPage","@id":"https:\/\/www.comprarmejor.es\/en\/product\/1857-le-pays-basque-by-francisque-michel-original-in-french-first-edition\/","url":"https:\/\/www.comprarmejor.es\/en\/product\/1857-le-pays-basque-by-francisque-michel-original-in-french-first-edition\/","name":"1857 Le Pays Basque, by Francisque-Michel, original, in French","isPartOf":{"@id":"https:\/\/www.comprarmejor.es\/en\/#website"},"primaryImageOfPage":{"@id":"https:\/\/www.comprarmejor.es\/en\/product\/1857-le-pays-basque-by-francisque-michel-original-in-french-first-edition\/#primaryimage"},"image":{"@id":"https:\/\/www.comprarmejor.es\/en\/product\/1857-le-pays-basque-by-francisque-michel-original-in-french-first-edition\/#primaryimage"},"thumbnailUrl":"https:\/\/www.comprarmejor.es\/wp-content\/uploads\/2015\/10\/p_9_6_3_963-1857-Le-Pays-Basque-por-Francisque-Michel-original-en-frances-primera-edicion.jpg","datePublished":"2015-10-17T22:10:49+00:00","dateModified":"2023-12-07T15:34:33+00:00","description":"Le Pays Basque, sa population, sa langue, ses meurs, sa litt\u00e9rature et sa musique. Paris, 1857. First edition of this comprehensive treaty on Basque","breadcrumb":{"@id":"https:\/\/www.comprarmejor.es\/en\/product\/1857-le-pays-basque-by-francisque-michel-original-in-french-first-edition\/#breadcrumb"},"inLanguage":"en-US","potentialAction":[{"@type":"ReadAction","target":["https:\/\/www.comprarmejor.es\/en\/product\/1857-le-pays-basque-by-francisque-michel-original-in-french-first-edition\/"]}]},{"@type":"ImageObject","inLanguage":"en-US","@id":"https:\/\/www.comprarmejor.es\/en\/product\/1857-le-pays-basque-by-francisque-michel-original-in-french-first-edition\/#primaryimage","url":"https:\/\/www.comprarmejor.es\/wp-content\/uploads\/2015\/10\/p_9_6_3_963-1857-Le-Pays-Basque-por-Francisque-Michel-original-en-frances-primera-edicion.jpg","contentUrl":"https:\/\/www.comprarmejor.es\/wp-content\/uploads\/2015\/10\/p_9_6_3_963-1857-Le-Pays-Basque-por-Francisque-Michel-original-en-frances-primera-edicion.jpg","width":600,"height":461},{"@type":"BreadcrumbList","@id":"https:\/\/www.comprarmejor.es\/en\/product\/1857-le-pays-basque-by-francisque-michel-original-in-french-first-edition\/#breadcrumb","itemListElement":[{"@type":"ListItem","position":1,"name":"Portada","item":"https:\/\/www.comprarmejor.es\/en\/"},{"@type":"ListItem","position":2,"name":"Shop","item":"https:\/\/www.comprarmejor.es\/en\/shop\/"},{"@type":"ListItem","position":3,"name":"1857 Le Pays Basque, by Francisque-Michel, original, in French, first edition"}]},{"@type":"WebSite","@id":"https:\/\/www.comprarmejor.es\/en\/#website","url":"https:\/\/www.comprarmejor.es\/en\/","name":"ComprarMejor","description":"ComprarMejor","publisher":{"@id":"https:\/\/www.comprarmejor.es\/en\/#organization"},"potentialAction":[{"@type":"SearchAction","target":{"@type":"EntryPoint","urlTemplate":"https:\/\/www.comprarmejor.es\/en\/?s={search_term_string}"},"query-input":{"@type":"PropertyValueSpecification","valueRequired":true,"valueName":"search_term_string"}}],"inLanguage":"en-US"},{"@type":"Organization","@id":"https:\/\/www.comprarmejor.es\/en\/#organization","name":"COMPRAR MEJOR","url":"https:\/\/www.comprarmejor.es\/en\/","logo":{"@type":"ImageObject","inLanguage":"en-US","@id":"https:\/\/www.comprarmejor.es\/en\/#\/schema\/logo\/image\/","url":"https:\/\/www.comprarmejor.es\/wp-content\/uploads\/2025\/09\/comprarmejortrinidad.jpg","contentUrl":"https:\/\/www.comprarmejor.es\/wp-content\/uploads\/2025\/09\/comprarmejortrinidad.jpg","width":1022,"height":1380,"caption":"COMPRAR MEJOR"},"image":{"@id":"https:\/\/www.comprarmejor.es\/en\/#\/schema\/logo\/image\/"},"sameAs":["https:\/\/www.instagram.com\/amigosdelcodice"]}]}},"_links":{"self":[{"href":"https:\/\/www.comprarmejor.es\/en\/wp-json\/wp\/v2\/product\/48325","targetHints":{"allow":["GET"]}}],"collection":[{"href":"https:\/\/www.comprarmejor.es\/en\/wp-json\/wp\/v2\/product"}],"about":[{"href":"https:\/\/www.comprarmejor.es\/en\/wp-json\/wp\/v2\/types\/product"}],"wp:featuredmedia":[{"embeddable":true,"href":"https:\/\/www.comprarmejor.es\/en\/wp-json\/wp\/v2\/media\/48311"}],"wp:attachment":[{"href":"https:\/\/www.comprarmejor.es\/en\/wp-json\/wp\/v2\/media?parent=48325"}],"wp:term":[{"taxonomy":"product_brand","embeddable":true,"href":"https:\/\/www.comprarmejor.es\/en\/wp-json\/wp\/v2\/product_brand?post=48325"},{"taxonomy":"product_cat","embeddable":true,"href":"https:\/\/www.comprarmejor.es\/en\/wp-json\/wp\/v2\/product_cat?post=48325"},{"taxonomy":"product_tag","embeddable":true,"href":"https:\/\/www.comprarmejor.es\/en\/wp-json\/wp\/v2\/product_tag?post=48325"}],"curies":[{"name":"wp","href":"https:\/\/api.w.org\/{rel}","templated":true}]}}