{"id":48339,"date":"2015-10-19T11:39:29","date_gmt":"2015-10-19T09:39:29","guid":{"rendered":"https:\/\/www.comprarmejor.es\/producto\/revelation-flamenco-c-1405-bnf\/"},"modified":"2022-04-07T15:54:24","modified_gmt":"2022-04-07T13:54:24","slug":"9-revelation-flamenco-c-1405-bnf","status":"publish","type":"product","link":"https:\/\/www.comprarmejor.es\/en\/product\/9-revelation-flamenco-c-1405-bnf\/","title":{"rendered":"Revelation Flamenco, c. 1405 (BNF)"},"content":{"rendered":"<p style=\"text-align: justify;\"><span class=\"tlid-translation translation\" lang=\"en\"><span class=\"\" title=\"\">2005 facsimile edition of the manuscript signature: ms.<\/span> <span class=\"\" title=\"\">n\u00e9erlandais 3, the original of which is kept in the National Library of France, dated between the years 1400 and 1410. <span class=\"VIiyi\" lang=\"en\"><span class=\"JLqJ4b ChMk0b\" data-language-for-alternatives=\"en\" data-language-to-translate-into=\"es\" data-phrase-index=\"0\" data-number-of-phrases=\"12\">Edition greatly and spectacularly surpassed by the one made in 100% natural parchment, and which you can also purchase right here.<\/span><\/span><\/span><\/span><\/p>\n<p style=\"text-align: justify;\"><span class=\"\" title=\"\">This remarkably flamenco codex is an extraordinary work.<\/span><\/p>\n<p style=\"text-align: justify;\"><span class=\"\" title=\"\">Technical characteristics:<\/span><br \/>\n<span class=\"\" title=\"\">Facsimile format 26.5 x 36.5 cm.<\/span> <span title=\"\">46 pages, 23 full-page miniatures illuminated with gold.<\/span> <span title=\"\">Garnet goatskin binding.<\/span> <span title=\"\">Case in closed box format in leather, format 30.5 x 40.5 x 4 cm.<\/span><br \/>\n<span title=\"\">Limited edition of 987 copies, numbered and notarized.<\/span><br \/>\n<span class=\"\" title=\"\">Fully illustrated monographic study book in color (224 pages), by Jos Koldeweij (Professor of Medieval Art History, Radboud University, Nijmegen) and Nelly de Hommel (Art Historian, University of Amsterdam).<\/span> <span title=\"\">Format 23 x 34 cm.<\/span> <span title=\"\">Texts in Spanish.<\/span><\/p>\n<p style=\"text-align: justify;\"><span title=\"Gastos de env\u00edo por cuenta del comprador, seg\u00fan pedido y destino.\">Shipping by the buyer, upon request and destination.\u00a0<\/span><span title=\"Cons\u00faltenos cualquier duda, as\u00ed como por cualquier otro facs\u00edmile que est\u00e9 buscando.\"><a class=\"btn btn-default\" href=\"https:\/\/www.comprarmejor.es\/en\/contact\">Ask us<\/a> any questions and any other fax you are looking for.<\/span><\/p>\n","protected":false},"excerpt":{"rendered":"<p style=\"text-align: justify;\"><span id=\"result_box\" lang=\"en\" xml:lang=\"en\"><span title=\"n\u00e9erlandais 3, cuyo original se conserva en la Biblioteca Nacional de Francia, datado entre los a\u00f1os 1400 y 1410.\"><span class=\"tlid-translation translation\" lang=\"en\"><span class=\"\" title=\"\">2005 facsimile edition of the manuscript signature: ms.<\/span> <span class=\"\" title=\"\">n\u00e9erlandais 3, the original of which is kept in the National Library of France, dated between the years 1400 and 1410.<\/span><\/span><\/span><\/span><\/p>\n","protected":false},"featured_media":48327,"template":"","meta":[],"product_brand":[],"product_cat":[2204,2220],"product_tag":[5256,3975,4930,4017],"class_list":{"0":"post-48339","1":"product","2":"type-product","3":"status-publish","4":"has-post-thumbnail","6":"product_cat-beatus-of-liebana","7":"product_cat-special-offers","8":"product_tag-apocalipsis-en","9":"product_tag-bnf-en","10":"product_tag-flamenco-en-2","11":"product_tag-moleiro-en","12":"product_shipping_class-from-2-to-5-kg","13":"description-off","15":"first","16":"instock","17":"sale","18":"taxable","19":"shipping-taxable","20":"purchasable","21":"product-type-simple"},"yoast_head":"<!-- This site is optimized with the Yoast SEO plugin v27.3 - https:\/\/yoast.com\/product\/yoast-seo-wordpress\/ -->\n<title>Revelation Flamenco, c. 1405 (BNF). Facsimile. Moleiro<\/title>\n<meta name=\"description\" content=\"Editing editorial Moleiro 2005 with the facsimile of the manuscript original of which is preserved in the National Library of France\" \/>\n<meta name=\"robots\" content=\"index, follow, max-snippet:-1, max-image-preview:large, max-video-preview:-1\" \/>\n<link rel=\"canonical\" href=\"https:\/\/www.comprarmejor.es\/en\/product\/9-revelation-flamenco-c-1405-bnf\/\" \/>\n<meta property=\"og:locale\" content=\"en_US\" \/>\n<meta property=\"og:type\" content=\"article\" \/>\n<meta property=\"og:title\" content=\"Revelation Flamenco, c. 1405 (BNF). Facsimile. Moleiro\" \/>\n<meta property=\"og:description\" content=\"Editing editorial Moleiro 2005 with the facsimile of the manuscript original of which is preserved in the National Library of France\" \/>\n<meta property=\"og:url\" content=\"https:\/\/www.comprarmejor.es\/en\/product\/9-revelation-flamenco-c-1405-bnf\/\" \/>\n<meta property=\"og:site_name\" content=\"ComprarMejor\" \/>\n<meta property=\"article:modified_time\" content=\"2022-04-07T13:54:24+00:00\" \/>\n<meta property=\"og:image\" content=\"https:\/\/www.comprarmejor.es\/wp-content\/uploads\/2015\/10\/p_6_2_8_3_6283-Apocalipsis-Flamenco-c.-1405-BNF.jpg\" \/>\n\t<meta property=\"og:image:width\" content=\"599\" \/>\n\t<meta property=\"og:image:height\" content=\"449\" \/>\n\t<meta property=\"og:image:type\" content=\"image\/jpeg\" \/>\n<meta name=\"twitter:card\" content=\"summary_large_image\" \/>\n<meta name=\"twitter:label1\" content=\"Est. reading time\" \/>\n\t<meta name=\"twitter:data1\" content=\"1 minute\" \/>\n<script type=\"application\/ld+json\" class=\"yoast-schema-graph\">{\"@context\":\"https:\\\/\\\/schema.org\",\"@graph\":[{\"@type\":\"WebPage\",\"@id\":\"https:\\\/\\\/www.comprarmejor.es\\\/en\\\/product\\\/9-revelation-flamenco-c-1405-bnf\\\/\",\"url\":\"https:\\\/\\\/www.comprarmejor.es\\\/en\\\/product\\\/9-revelation-flamenco-c-1405-bnf\\\/\",\"name\":\"Revelation Flamenco, c. 1405 (BNF). Facsimile. Moleiro\",\"isPartOf\":{\"@id\":\"https:\\\/\\\/www.comprarmejor.es\\\/en\\\/#website\"},\"primaryImageOfPage\":{\"@id\":\"https:\\\/\\\/www.comprarmejor.es\\\/en\\\/product\\\/9-revelation-flamenco-c-1405-bnf\\\/#primaryimage\"},\"image\":{\"@id\":\"https:\\\/\\\/www.comprarmejor.es\\\/en\\\/product\\\/9-revelation-flamenco-c-1405-bnf\\\/#primaryimage\"},\"thumbnailUrl\":\"https:\\\/\\\/www.comprarmejor.es\\\/wp-content\\\/uploads\\\/2015\\\/10\\\/p_6_2_8_3_6283-Apocalipsis-Flamenco-c.-1405-BNF.jpg\",\"datePublished\":\"2015-10-19T09:39:29+00:00\",\"dateModified\":\"2022-04-07T13:54:24+00:00\",\"description\":\"Editing editorial Moleiro 2005 with the facsimile of the manuscript original of which is preserved in the National Library of France\",\"breadcrumb\":{\"@id\":\"https:\\\/\\\/www.comprarmejor.es\\\/en\\\/product\\\/9-revelation-flamenco-c-1405-bnf\\\/#breadcrumb\"},\"inLanguage\":\"en-US\",\"potentialAction\":[{\"@type\":\"ReadAction\",\"target\":[\"https:\\\/\\\/www.comprarmejor.es\\\/en\\\/product\\\/9-revelation-flamenco-c-1405-bnf\\\/\"]}]},{\"@type\":\"ImageObject\",\"inLanguage\":\"en-US\",\"@id\":\"https:\\\/\\\/www.comprarmejor.es\\\/en\\\/product\\\/9-revelation-flamenco-c-1405-bnf\\\/#primaryimage\",\"url\":\"https:\\\/\\\/www.comprarmejor.es\\\/wp-content\\\/uploads\\\/2015\\\/10\\\/p_6_2_8_3_6283-Apocalipsis-Flamenco-c.-1405-BNF.jpg\",\"contentUrl\":\"https:\\\/\\\/www.comprarmejor.es\\\/wp-content\\\/uploads\\\/2015\\\/10\\\/p_6_2_8_3_6283-Apocalipsis-Flamenco-c.-1405-BNF.jpg\",\"width\":599,\"height\":449},{\"@type\":\"BreadcrumbList\",\"@id\":\"https:\\\/\\\/www.comprarmejor.es\\\/en\\\/product\\\/9-revelation-flamenco-c-1405-bnf\\\/#breadcrumb\",\"itemListElement\":[{\"@type\":\"ListItem\",\"position\":1,\"name\":\"Portada\",\"item\":\"https:\\\/\\\/www.comprarmejor.es\\\/en\\\/\"},{\"@type\":\"ListItem\",\"position\":2,\"name\":\"Shop\",\"item\":\"https:\\\/\\\/www.comprarmejor.es\\\/en\\\/shop\\\/\"},{\"@type\":\"ListItem\",\"position\":3,\"name\":\"Revelation Flamenco, c. 1405 (BNF)\"}]},{\"@type\":\"WebSite\",\"@id\":\"https:\\\/\\\/www.comprarmejor.es\\\/en\\\/#website\",\"url\":\"https:\\\/\\\/www.comprarmejor.es\\\/en\\\/\",\"name\":\"ComprarMejor\",\"description\":\"ComprarMejor\",\"publisher\":{\"@id\":\"https:\\\/\\\/www.comprarmejor.es\\\/en\\\/#organization\"},\"potentialAction\":[{\"@type\":\"SearchAction\",\"target\":{\"@type\":\"EntryPoint\",\"urlTemplate\":\"https:\\\/\\\/www.comprarmejor.es\\\/en\\\/?s={search_term_string}\"},\"query-input\":{\"@type\":\"PropertyValueSpecification\",\"valueRequired\":true,\"valueName\":\"search_term_string\"}}],\"inLanguage\":\"en-US\"},{\"@type\":\"Organization\",\"@id\":\"https:\\\/\\\/www.comprarmejor.es\\\/en\\\/#organization\",\"name\":\"COMPRAR MEJOR\",\"url\":\"https:\\\/\\\/www.comprarmejor.es\\\/en\\\/\",\"logo\":{\"@type\":\"ImageObject\",\"inLanguage\":\"en-US\",\"@id\":\"https:\\\/\\\/www.comprarmejor.es\\\/en\\\/#\\\/schema\\\/logo\\\/image\\\/\",\"url\":\"https:\\\/\\\/www.comprarmejor.es\\\/wp-content\\\/uploads\\\/2025\\\/09\\\/comprarmejortrinidad.jpg\",\"contentUrl\":\"https:\\\/\\\/www.comprarmejor.es\\\/wp-content\\\/uploads\\\/2025\\\/09\\\/comprarmejortrinidad.jpg\",\"width\":1022,\"height\":1380,\"caption\":\"COMPRAR MEJOR\"},\"image\":{\"@id\":\"https:\\\/\\\/www.comprarmejor.es\\\/en\\\/#\\\/schema\\\/logo\\\/image\\\/\"},\"sameAs\":[\"https:\\\/\\\/www.instagram.com\\\/amigosdelcodice\"]}]}<\/script>\n<!-- \/ Yoast SEO plugin. -->","yoast_head_json":{"title":"Revelation Flamenco, c. 1405 (BNF). Facsimile. Moleiro","description":"Editing editorial Moleiro 2005 with the facsimile of the manuscript original of which is preserved in the National Library of France","robots":{"index":"index","follow":"follow","max-snippet":"max-snippet:-1","max-image-preview":"max-image-preview:large","max-video-preview":"max-video-preview:-1"},"canonical":"https:\/\/www.comprarmejor.es\/en\/product\/9-revelation-flamenco-c-1405-bnf\/","og_locale":"en_US","og_type":"article","og_title":"Revelation Flamenco, c. 1405 (BNF). Facsimile. Moleiro","og_description":"Editing editorial Moleiro 2005 with the facsimile of the manuscript original of which is preserved in the National Library of France","og_url":"https:\/\/www.comprarmejor.es\/en\/product\/9-revelation-flamenco-c-1405-bnf\/","og_site_name":"ComprarMejor","article_modified_time":"2022-04-07T13:54:24+00:00","og_image":[{"width":599,"height":449,"url":"https:\/\/www.comprarmejor.es\/wp-content\/uploads\/2015\/10\/p_6_2_8_3_6283-Apocalipsis-Flamenco-c.-1405-BNF.jpg","type":"image\/jpeg"}],"twitter_card":"summary_large_image","twitter_misc":{"Est. reading time":"1 minute"},"schema":{"@context":"https:\/\/schema.org","@graph":[{"@type":"WebPage","@id":"https:\/\/www.comprarmejor.es\/en\/product\/9-revelation-flamenco-c-1405-bnf\/","url":"https:\/\/www.comprarmejor.es\/en\/product\/9-revelation-flamenco-c-1405-bnf\/","name":"Revelation Flamenco, c. 1405 (BNF). Facsimile. Moleiro","isPartOf":{"@id":"https:\/\/www.comprarmejor.es\/en\/#website"},"primaryImageOfPage":{"@id":"https:\/\/www.comprarmejor.es\/en\/product\/9-revelation-flamenco-c-1405-bnf\/#primaryimage"},"image":{"@id":"https:\/\/www.comprarmejor.es\/en\/product\/9-revelation-flamenco-c-1405-bnf\/#primaryimage"},"thumbnailUrl":"https:\/\/www.comprarmejor.es\/wp-content\/uploads\/2015\/10\/p_6_2_8_3_6283-Apocalipsis-Flamenco-c.-1405-BNF.jpg","datePublished":"2015-10-19T09:39:29+00:00","dateModified":"2022-04-07T13:54:24+00:00","description":"Editing editorial Moleiro 2005 with the facsimile of the manuscript original of which is preserved in the National Library of France","breadcrumb":{"@id":"https:\/\/www.comprarmejor.es\/en\/product\/9-revelation-flamenco-c-1405-bnf\/#breadcrumb"},"inLanguage":"en-US","potentialAction":[{"@type":"ReadAction","target":["https:\/\/www.comprarmejor.es\/en\/product\/9-revelation-flamenco-c-1405-bnf\/"]}]},{"@type":"ImageObject","inLanguage":"en-US","@id":"https:\/\/www.comprarmejor.es\/en\/product\/9-revelation-flamenco-c-1405-bnf\/#primaryimage","url":"https:\/\/www.comprarmejor.es\/wp-content\/uploads\/2015\/10\/p_6_2_8_3_6283-Apocalipsis-Flamenco-c.-1405-BNF.jpg","contentUrl":"https:\/\/www.comprarmejor.es\/wp-content\/uploads\/2015\/10\/p_6_2_8_3_6283-Apocalipsis-Flamenco-c.-1405-BNF.jpg","width":599,"height":449},{"@type":"BreadcrumbList","@id":"https:\/\/www.comprarmejor.es\/en\/product\/9-revelation-flamenco-c-1405-bnf\/#breadcrumb","itemListElement":[{"@type":"ListItem","position":1,"name":"Portada","item":"https:\/\/www.comprarmejor.es\/en\/"},{"@type":"ListItem","position":2,"name":"Shop","item":"https:\/\/www.comprarmejor.es\/en\/shop\/"},{"@type":"ListItem","position":3,"name":"Revelation Flamenco, c. 1405 (BNF)"}]},{"@type":"WebSite","@id":"https:\/\/www.comprarmejor.es\/en\/#website","url":"https:\/\/www.comprarmejor.es\/en\/","name":"ComprarMejor","description":"ComprarMejor","publisher":{"@id":"https:\/\/www.comprarmejor.es\/en\/#organization"},"potentialAction":[{"@type":"SearchAction","target":{"@type":"EntryPoint","urlTemplate":"https:\/\/www.comprarmejor.es\/en\/?s={search_term_string}"},"query-input":{"@type":"PropertyValueSpecification","valueRequired":true,"valueName":"search_term_string"}}],"inLanguage":"en-US"},{"@type":"Organization","@id":"https:\/\/www.comprarmejor.es\/en\/#organization","name":"COMPRAR MEJOR","url":"https:\/\/www.comprarmejor.es\/en\/","logo":{"@type":"ImageObject","inLanguage":"en-US","@id":"https:\/\/www.comprarmejor.es\/en\/#\/schema\/logo\/image\/","url":"https:\/\/www.comprarmejor.es\/wp-content\/uploads\/2025\/09\/comprarmejortrinidad.jpg","contentUrl":"https:\/\/www.comprarmejor.es\/wp-content\/uploads\/2025\/09\/comprarmejortrinidad.jpg","width":1022,"height":1380,"caption":"COMPRAR MEJOR"},"image":{"@id":"https:\/\/www.comprarmejor.es\/en\/#\/schema\/logo\/image\/"},"sameAs":["https:\/\/www.instagram.com\/amigosdelcodice"]}]}},"_links":{"self":[{"href":"https:\/\/www.comprarmejor.es\/en\/wp-json\/wp\/v2\/product\/48339","targetHints":{"allow":["GET"]}}],"collection":[{"href":"https:\/\/www.comprarmejor.es\/en\/wp-json\/wp\/v2\/product"}],"about":[{"href":"https:\/\/www.comprarmejor.es\/en\/wp-json\/wp\/v2\/types\/product"}],"wp:featuredmedia":[{"embeddable":true,"href":"https:\/\/www.comprarmejor.es\/en\/wp-json\/wp\/v2\/media\/48327"}],"wp:attachment":[{"href":"https:\/\/www.comprarmejor.es\/en\/wp-json\/wp\/v2\/media?parent=48339"}],"wp:term":[{"taxonomy":"product_brand","embeddable":true,"href":"https:\/\/www.comprarmejor.es\/en\/wp-json\/wp\/v2\/product_brand?post=48339"},{"taxonomy":"product_cat","embeddable":true,"href":"https:\/\/www.comprarmejor.es\/en\/wp-json\/wp\/v2\/product_cat?post=48339"},{"taxonomy":"product_tag","embeddable":true,"href":"https:\/\/www.comprarmejor.es\/en\/wp-json\/wp\/v2\/product_tag?post=48339"}],"curies":[{"name":"wp","href":"https:\/\/api.w.org\/{rel}","templated":true}]}}