{"id":48471,"date":"2015-11-02T18:39:44","date_gmt":"2015-11-02T17:39:44","guid":{"rendered":"https:\/\/www.comprarmejor.es\/producto\/1905-don-quixote-cervantes-seix-2-volumes\/"},"modified":"2025-11-02T11:18:10","modified_gmt":"2025-11-02T10:18:10","slug":"the-art-of-carving-or-treatise-on-the-art-of-knife-cutting-1766","status":"publish","type":"product","link":"https:\/\/www.comprarmejor.es\/en\/product\/the-art-of-carving-or-treatise-on-the-art-of-knife-cutting-1766\/","title":{"rendered":"The Art of Carving, or Treatise on the Art of Knife Cutting. 1766"},"content":{"rendered":"<p style=\"text-align: justify;\">The Art of Carving, or Treatise on the Art of Knife Cutting, written by Don Henrique de Aragon, Marquis of Villena (ca. 1384-ca. 1434). Facsimile edition published in 1981 of the 1766 original.<\/p>\n<p style=\"text-align: justify;\">Numbered edition, limited to 500 copies. Rebound in imitation Spanish leather, with double title label and gilt tooling on the spine. Tinted top edge. 16.5 x 21.5 cm. 238 pages on excellent \u201cCastillo\u201d paper from Guarro Casas.<\/p>\n<p style=\"text-align: justify;\">A magnificent work on 15th-century Spanish cuisine, edited by Guillermo Bl\u00e1zquez, which makes an ideal complement to his other beautiful, high-quality bibliophile edition from 2002, also available here by clicking on the following link:<br \/>\n<a href=\"https:\/\/www.comprarmejor.es\/en\/product\/cisorian-art-enrique-de-villena-1423-2-volumes-2002-edition\/\" target=\"_blank\" rel=\"noopener\">https:\/\/www.comprarmejor.es\/en\/product\/cisorian-art-enrique-de-villena-1423-2-volumes-2002-edition\/<\/a><\/p>\n<p style=\"text-align: justify;\">Please contact us beforehand if you would like a special price for both works.<\/p>\n<p style=\"text-align: justify;\">Shipping costs vary depending on the order and destination. <span title=\"Cons\u00faltenos cualquier duda, as\u00ed como por cualquier otra edici\u00f3n del Quijote que est\u00e9 buscando.\"><a class=\"btn btn-default\" href=\"https:\/\/www.comprarmejor.es\/en\/contact\/\">Ask us<\/a> <span class=\"VIiyi\" lang=\"en\"><span class=\"JLqJ4b\" data-language-for-alternatives=\"en\" data-language-to-translate-into=\"es\" data-phrase-index=\"0\" data-number-of-phrases=\"1\"><span class=\"Q4iAWc\">any questions you may have, indicating the article reference.<\/span><\/span><\/span><br \/>\n<\/span><\/p>\n","protected":false},"excerpt":{"rendered":"<p style=\"text-align: justify;\"><span id=\"result_box\" lang=\"en\" xml:lang=\"en\"><span title=\"Edici\u00f3n recuerdo del tercer centenario.\"><span class=\"VIiyi\" lang=\"en\"><span class=\"JLqJ4b\" data-language-for-alternatives=\"en\" data-language-to-translate-into=\"es\" data-phrase-index=\"0\" data-number-of-phrases=\"1\"><span class=\"Q4iAWc\">The Art of Carving, or Treatise on the Art of Knife Cutting, written by Don Henrique de Aragon, Marquis of Villena (ca. 1384-ca. 1434). Facsimile edition published in 1981 of the 1766 original.<\/span><\/span><\/span><\/span><\/span><\/p>\n","protected":false},"featured_media":104608,"template":"","meta":[],"product_brand":[],"product_cat":[2210,2250],"product_tag":[5786,5791,5822],"class_list":{"0":"post-48471","1":"product","2":"type-product","3":"status-publish","4":"has-post-thumbnail","6":"product_cat-bibliophilia","7":"product_cat-other-facsimiles","8":"product_tag-aragon-en","9":"product_tag-arte-en","10":"product_tag-bibliofilia-en","11":"product_shipping_class-from-2-to-5-kg","12":"description-off","14":"first","15":"instock","16":"taxable","17":"shipping-taxable","18":"purchasable","19":"product-type-simple"},"yoast_head":"<!-- This site is optimized with the Yoast SEO plugin v27.3 - https:\/\/yoast.com\/product\/yoast-seo-wordpress\/ -->\n<title>The Art of Carving, or Treatise on the Art of Knife Cutting. 1766<\/title>\n<meta name=\"description\" content=\"The Art of Carving, or Treatise on the Art of Knife Cutting, written by Don Henrique de Aragon, Marquis of Villena (ca. 1384-ca. 1434). Facsimile edition\" \/>\n<meta name=\"robots\" content=\"index, follow, max-snippet:-1, max-image-preview:large, max-video-preview:-1\" \/>\n<link rel=\"canonical\" href=\"https:\/\/www.comprarmejor.es\/en\/product\/the-art-of-carving-or-treatise-on-the-art-of-knife-cutting-1766\/\" \/>\n<meta property=\"og:locale\" content=\"en_US\" \/>\n<meta property=\"og:type\" content=\"article\" \/>\n<meta property=\"og:title\" content=\"The Art of Carving, or Treatise on the Art of Knife Cutting. 1766\" \/>\n<meta property=\"og:description\" content=\"The Art of Carving, or Treatise on the Art of Knife Cutting, written by Don Henrique de Aragon, Marquis of Villena (ca. 1384-ca. 1434). Facsimile edition\" \/>\n<meta property=\"og:url\" content=\"https:\/\/www.comprarmejor.es\/en\/product\/the-art-of-carving-or-treatise-on-the-art-of-knife-cutting-1766\/\" \/>\n<meta property=\"og:site_name\" content=\"ComprarMejor\" \/>\n<meta property=\"article:modified_time\" content=\"2025-11-02T10:18:10+00:00\" \/>\n<meta property=\"og:image\" content=\"https:\/\/www.comprarmejor.es\/wp-content\/uploads\/2015\/11\/ACiso01-1.jpg\" \/>\n\t<meta property=\"og:image:width\" content=\"750\" \/>\n\t<meta property=\"og:image:height\" content=\"563\" \/>\n\t<meta property=\"og:image:type\" content=\"image\/jpeg\" \/>\n<meta name=\"twitter:card\" content=\"summary_large_image\" \/>\n<meta name=\"twitter:label1\" content=\"Est. reading time\" \/>\n\t<meta name=\"twitter:data1\" content=\"1 minute\" \/>\n<script type=\"application\/ld+json\" class=\"yoast-schema-graph\">{\"@context\":\"https:\\\/\\\/schema.org\",\"@graph\":[{\"@type\":\"WebPage\",\"@id\":\"https:\\\/\\\/www.comprarmejor.es\\\/en\\\/product\\\/the-art-of-carving-or-treatise-on-the-art-of-knife-cutting-1766\\\/\",\"url\":\"https:\\\/\\\/www.comprarmejor.es\\\/en\\\/product\\\/the-art-of-carving-or-treatise-on-the-art-of-knife-cutting-1766\\\/\",\"name\":\"The Art of Carving, or Treatise on the Art of Knife Cutting. 1766\",\"isPartOf\":{\"@id\":\"https:\\\/\\\/www.comprarmejor.es\\\/en\\\/#website\"},\"primaryImageOfPage\":{\"@id\":\"https:\\\/\\\/www.comprarmejor.es\\\/en\\\/product\\\/the-art-of-carving-or-treatise-on-the-art-of-knife-cutting-1766\\\/#primaryimage\"},\"image\":{\"@id\":\"https:\\\/\\\/www.comprarmejor.es\\\/en\\\/product\\\/the-art-of-carving-or-treatise-on-the-art-of-knife-cutting-1766\\\/#primaryimage\"},\"thumbnailUrl\":\"https:\\\/\\\/www.comprarmejor.es\\\/wp-content\\\/uploads\\\/2015\\\/11\\\/ACiso01-1.jpg\",\"datePublished\":\"2015-11-02T17:39:44+00:00\",\"dateModified\":\"2025-11-02T10:18:10+00:00\",\"description\":\"The Art of Carving, or Treatise on the Art of Knife Cutting, written by Don Henrique de Aragon, Marquis of Villena (ca. 1384-ca. 1434). Facsimile edition\",\"breadcrumb\":{\"@id\":\"https:\\\/\\\/www.comprarmejor.es\\\/en\\\/product\\\/the-art-of-carving-or-treatise-on-the-art-of-knife-cutting-1766\\\/#breadcrumb\"},\"inLanguage\":\"en-US\",\"potentialAction\":[{\"@type\":\"ReadAction\",\"target\":[\"https:\\\/\\\/www.comprarmejor.es\\\/en\\\/product\\\/the-art-of-carving-or-treatise-on-the-art-of-knife-cutting-1766\\\/\"]}]},{\"@type\":\"ImageObject\",\"inLanguage\":\"en-US\",\"@id\":\"https:\\\/\\\/www.comprarmejor.es\\\/en\\\/product\\\/the-art-of-carving-or-treatise-on-the-art-of-knife-cutting-1766\\\/#primaryimage\",\"url\":\"https:\\\/\\\/www.comprarmejor.es\\\/wp-content\\\/uploads\\\/2015\\\/11\\\/ACiso01-1.jpg\",\"contentUrl\":\"https:\\\/\\\/www.comprarmejor.es\\\/wp-content\\\/uploads\\\/2015\\\/11\\\/ACiso01-1.jpg\",\"width\":750,\"height\":563},{\"@type\":\"BreadcrumbList\",\"@id\":\"https:\\\/\\\/www.comprarmejor.es\\\/en\\\/product\\\/the-art-of-carving-or-treatise-on-the-art-of-knife-cutting-1766\\\/#breadcrumb\",\"itemListElement\":[{\"@type\":\"ListItem\",\"position\":1,\"name\":\"Portada\",\"item\":\"https:\\\/\\\/www.comprarmejor.es\\\/en\\\/\"},{\"@type\":\"ListItem\",\"position\":2,\"name\":\"Shop\",\"item\":\"https:\\\/\\\/www.comprarmejor.es\\\/en\\\/shop\\\/\"},{\"@type\":\"ListItem\",\"position\":3,\"name\":\"The Art of Carving, or Treatise on the Art of Knife Cutting. 1766\"}]},{\"@type\":\"WebSite\",\"@id\":\"https:\\\/\\\/www.comprarmejor.es\\\/en\\\/#website\",\"url\":\"https:\\\/\\\/www.comprarmejor.es\\\/en\\\/\",\"name\":\"ComprarMejor\",\"description\":\"ComprarMejor\",\"publisher\":{\"@id\":\"https:\\\/\\\/www.comprarmejor.es\\\/en\\\/#organization\"},\"potentialAction\":[{\"@type\":\"SearchAction\",\"target\":{\"@type\":\"EntryPoint\",\"urlTemplate\":\"https:\\\/\\\/www.comprarmejor.es\\\/en\\\/?s={search_term_string}\"},\"query-input\":{\"@type\":\"PropertyValueSpecification\",\"valueRequired\":true,\"valueName\":\"search_term_string\"}}],\"inLanguage\":\"en-US\"},{\"@type\":\"Organization\",\"@id\":\"https:\\\/\\\/www.comprarmejor.es\\\/en\\\/#organization\",\"name\":\"COMPRAR MEJOR\",\"url\":\"https:\\\/\\\/www.comprarmejor.es\\\/en\\\/\",\"logo\":{\"@type\":\"ImageObject\",\"inLanguage\":\"en-US\",\"@id\":\"https:\\\/\\\/www.comprarmejor.es\\\/en\\\/#\\\/schema\\\/logo\\\/image\\\/\",\"url\":\"https:\\\/\\\/www.comprarmejor.es\\\/wp-content\\\/uploads\\\/2025\\\/09\\\/comprarmejortrinidad.jpg\",\"contentUrl\":\"https:\\\/\\\/www.comprarmejor.es\\\/wp-content\\\/uploads\\\/2025\\\/09\\\/comprarmejortrinidad.jpg\",\"width\":1022,\"height\":1380,\"caption\":\"COMPRAR MEJOR\"},\"image\":{\"@id\":\"https:\\\/\\\/www.comprarmejor.es\\\/en\\\/#\\\/schema\\\/logo\\\/image\\\/\"},\"sameAs\":[\"https:\\\/\\\/www.instagram.com\\\/amigosdelcodice\"]}]}<\/script>\n<!-- \/ Yoast SEO plugin. -->","yoast_head_json":{"title":"The Art of Carving, or Treatise on the Art of Knife Cutting. 1766","description":"The Art of Carving, or Treatise on the Art of Knife Cutting, written by Don Henrique de Aragon, Marquis of Villena (ca. 1384-ca. 1434). Facsimile edition","robots":{"index":"index","follow":"follow","max-snippet":"max-snippet:-1","max-image-preview":"max-image-preview:large","max-video-preview":"max-video-preview:-1"},"canonical":"https:\/\/www.comprarmejor.es\/en\/product\/the-art-of-carving-or-treatise-on-the-art-of-knife-cutting-1766\/","og_locale":"en_US","og_type":"article","og_title":"The Art of Carving, or Treatise on the Art of Knife Cutting. 1766","og_description":"The Art of Carving, or Treatise on the Art of Knife Cutting, written by Don Henrique de Aragon, Marquis of Villena (ca. 1384-ca. 1434). Facsimile edition","og_url":"https:\/\/www.comprarmejor.es\/en\/product\/the-art-of-carving-or-treatise-on-the-art-of-knife-cutting-1766\/","og_site_name":"ComprarMejor","article_modified_time":"2025-11-02T10:18:10+00:00","og_image":[{"width":750,"height":563,"url":"https:\/\/www.comprarmejor.es\/wp-content\/uploads\/2015\/11\/ACiso01-1.jpg","type":"image\/jpeg"}],"twitter_card":"summary_large_image","twitter_misc":{"Est. reading time":"1 minute"},"schema":{"@context":"https:\/\/schema.org","@graph":[{"@type":"WebPage","@id":"https:\/\/www.comprarmejor.es\/en\/product\/the-art-of-carving-or-treatise-on-the-art-of-knife-cutting-1766\/","url":"https:\/\/www.comprarmejor.es\/en\/product\/the-art-of-carving-or-treatise-on-the-art-of-knife-cutting-1766\/","name":"The Art of Carving, or Treatise on the Art of Knife Cutting. 1766","isPartOf":{"@id":"https:\/\/www.comprarmejor.es\/en\/#website"},"primaryImageOfPage":{"@id":"https:\/\/www.comprarmejor.es\/en\/product\/the-art-of-carving-or-treatise-on-the-art-of-knife-cutting-1766\/#primaryimage"},"image":{"@id":"https:\/\/www.comprarmejor.es\/en\/product\/the-art-of-carving-or-treatise-on-the-art-of-knife-cutting-1766\/#primaryimage"},"thumbnailUrl":"https:\/\/www.comprarmejor.es\/wp-content\/uploads\/2015\/11\/ACiso01-1.jpg","datePublished":"2015-11-02T17:39:44+00:00","dateModified":"2025-11-02T10:18:10+00:00","description":"The Art of Carving, or Treatise on the Art of Knife Cutting, written by Don Henrique de Aragon, Marquis of Villena (ca. 1384-ca. 1434). Facsimile edition","breadcrumb":{"@id":"https:\/\/www.comprarmejor.es\/en\/product\/the-art-of-carving-or-treatise-on-the-art-of-knife-cutting-1766\/#breadcrumb"},"inLanguage":"en-US","potentialAction":[{"@type":"ReadAction","target":["https:\/\/www.comprarmejor.es\/en\/product\/the-art-of-carving-or-treatise-on-the-art-of-knife-cutting-1766\/"]}]},{"@type":"ImageObject","inLanguage":"en-US","@id":"https:\/\/www.comprarmejor.es\/en\/product\/the-art-of-carving-or-treatise-on-the-art-of-knife-cutting-1766\/#primaryimage","url":"https:\/\/www.comprarmejor.es\/wp-content\/uploads\/2015\/11\/ACiso01-1.jpg","contentUrl":"https:\/\/www.comprarmejor.es\/wp-content\/uploads\/2015\/11\/ACiso01-1.jpg","width":750,"height":563},{"@type":"BreadcrumbList","@id":"https:\/\/www.comprarmejor.es\/en\/product\/the-art-of-carving-or-treatise-on-the-art-of-knife-cutting-1766\/#breadcrumb","itemListElement":[{"@type":"ListItem","position":1,"name":"Portada","item":"https:\/\/www.comprarmejor.es\/en\/"},{"@type":"ListItem","position":2,"name":"Shop","item":"https:\/\/www.comprarmejor.es\/en\/shop\/"},{"@type":"ListItem","position":3,"name":"The Art of Carving, or Treatise on the Art of Knife Cutting. 1766"}]},{"@type":"WebSite","@id":"https:\/\/www.comprarmejor.es\/en\/#website","url":"https:\/\/www.comprarmejor.es\/en\/","name":"ComprarMejor","description":"ComprarMejor","publisher":{"@id":"https:\/\/www.comprarmejor.es\/en\/#organization"},"potentialAction":[{"@type":"SearchAction","target":{"@type":"EntryPoint","urlTemplate":"https:\/\/www.comprarmejor.es\/en\/?s={search_term_string}"},"query-input":{"@type":"PropertyValueSpecification","valueRequired":true,"valueName":"search_term_string"}}],"inLanguage":"en-US"},{"@type":"Organization","@id":"https:\/\/www.comprarmejor.es\/en\/#organization","name":"COMPRAR MEJOR","url":"https:\/\/www.comprarmejor.es\/en\/","logo":{"@type":"ImageObject","inLanguage":"en-US","@id":"https:\/\/www.comprarmejor.es\/en\/#\/schema\/logo\/image\/","url":"https:\/\/www.comprarmejor.es\/wp-content\/uploads\/2025\/09\/comprarmejortrinidad.jpg","contentUrl":"https:\/\/www.comprarmejor.es\/wp-content\/uploads\/2025\/09\/comprarmejortrinidad.jpg","width":1022,"height":1380,"caption":"COMPRAR MEJOR"},"image":{"@id":"https:\/\/www.comprarmejor.es\/en\/#\/schema\/logo\/image\/"},"sameAs":["https:\/\/www.instagram.com\/amigosdelcodice"]}]}},"_links":{"self":[{"href":"https:\/\/www.comprarmejor.es\/en\/wp-json\/wp\/v2\/product\/48471","targetHints":{"allow":["GET"]}}],"collection":[{"href":"https:\/\/www.comprarmejor.es\/en\/wp-json\/wp\/v2\/product"}],"about":[{"href":"https:\/\/www.comprarmejor.es\/en\/wp-json\/wp\/v2\/types\/product"}],"wp:featuredmedia":[{"embeddable":true,"href":"https:\/\/www.comprarmejor.es\/en\/wp-json\/wp\/v2\/media\/104608"}],"wp:attachment":[{"href":"https:\/\/www.comprarmejor.es\/en\/wp-json\/wp\/v2\/media?parent=48471"}],"wp:term":[{"taxonomy":"product_brand","embeddable":true,"href":"https:\/\/www.comprarmejor.es\/en\/wp-json\/wp\/v2\/product_brand?post=48471"},{"taxonomy":"product_cat","embeddable":true,"href":"https:\/\/www.comprarmejor.es\/en\/wp-json\/wp\/v2\/product_cat?post=48471"},{"taxonomy":"product_tag","embeddable":true,"href":"https:\/\/www.comprarmejor.es\/en\/wp-json\/wp\/v2\/product_tag?post=48471"}],"curies":[{"name":"wp","href":"https:\/\/api.w.org\/{rel}","templated":true}]}}