{"id":48559,"date":"2015-11-03T13:22:15","date_gmt":"2015-11-03T12:22:15","guid":{"rendered":"https:\/\/www.comprarmejor.es\/producto\/1961-ceremonial-songs-pablo-neruda-first-edition\/"},"modified":"2019-09-11T12:21:29","modified_gmt":"2019-09-11T10:21:29","slug":"1961-ceremonial-songs-pablo-neruda-first-edition","status":"publish","type":"product","link":"https:\/\/www.comprarmejor.es\/en\/product\/1961-ceremonial-songs-pablo-neruda-first-edition\/","title":{"rendered":"1961 Ceremonial songs, Pablo Neruda, first edition"},"content":{"rendered":"<p style=\"text-align:justify;\"><span id=\"result_box\" lang=\"en\" xml:lang=\"en\"><span title=\"Ejemplar correspondiente a la primera edici\u00f3n de la obra po\u00e9tica del premio Nobel Pablo Neruda, Cantos Ceremoniales.\">Exemplary corresponding to the first edition of the poetry of Pablo Neruda Nobel, prize ceremonial songs. <\/span><span title=\"Editada en Buenos Aires en 1961.\">Published in Buenos Aires in 1961.<\/p>\n<p><\/span><span title=\"Encuadernado en r\u00fastica ilustrada.\">Illustrated paperback. <\/span><span title=\"Formato 17 x 24,5 cm.\">17 x 24.5 cm format. <\/span><span title=\"114 p\u00e1ginas.\">114 pages.<\/p>\n<p><\/span><span title=\"Ejemplar en buen estado de conservaci\u00f3n e intonso (cantos sin cortar).\">Copy in good condition and uncut (without cutting edges).<\/p>\n<p><\/span><span title=\"Pablo Neruda, pseud\u00f3nimo de Ricardo Eli\u00e9cer Neftal\u00ed Reyes Basoalto (1904-1973), fue un poeta chileno, considerado entre los m\u00e1s destacados e influyentes artistas de su siglo;\">Pablo Neruda, pseudonym of Ricardo Eliecer Neftali Reyes Basoalto (1904-1973), was a Chilean poet, considered among the most important and influential artists of his century; <\/span><span title=\"&quot;el m\u00e1s grande poeta del siglo XX en cualquier idioma&quot;, seg\u00fan Gabriel Garc\u00eda M\u00e1rquez.\">&#8220;The greatest poet of the twentieth century in any language&#8221; as Gabriel Garc\u00eda M\u00e1rquez. <\/span><span title=\"Entre sus m\u00faltiples reconocimientos, destacan el Premio Nobel de Literatura en 1971 y un Doctorado Honoris Causa por la Universidad de Oxford.\">Among its many recognitions include the Nobel Prize for Literature in 1971 and an honorary doctorate from the University of Oxford. <\/span><span title=\"&quot;Ning\u00fan poeta del hemisferio occidental de nuestro siglo admite comparaci\u00f3n con \u00e9l&quot;, ha escrito el cr\u00edtico literario Harold Bloom, quien lo considera uno de los veintis\u00e9is autores centrales del canon de la literatura occidental de todos los tiempos.\">&#8220;No poet of the Western Hemisphere this century compared admits he&#8221; wrote the literary critic Harold Bloom, who is considered one of the authors of twenty central canon of Western literature of all time.<\/span><\/span><\/p>\n<p style=\"text-align:justify;\"><span lang=\"en\" xml:lang=\"en\"><span title=\"&quot;Ning\u00fan poeta del hemisferio occidental de nuestro siglo admite comparaci\u00f3n con \u00e9l&quot;, ha escrito el cr\u00edtico literario Harold Bloom, quien lo considera uno de los veintis\u00e9is autores centrales del canon de la literatura occidental de todos los tiempos.\"><span lang=\"en\" xml:lang=\"en\"><span title=\"Nota: el color amarillo de la foto es problema de la c\u00e1mara.\">Note: the yellow color of the photo is the problem of the camera. <\/span><span title=\"Todas las p\u00e1ginas en papel blanco.\">All pages on white paper.<\/span><\/span><\/p>\n<p><\/span><span title=\"Gastos de env\u00edo por cuenta del comprador, seg\u00fan pedido y destino.\">Shipping by the buyer, upon request and destination.\u00a0<\/span><span title=\"Cons\u00faltenos cualquier duda, as\u00ed como por cualquier otra obra que est\u00e9 buscando.\"><a class=\"btn btn-default\" href=\"http:\/\/comprarmejor.es\/en\/contact\">Ask us<\/a> any questions as well as any other work you are seeking.<\/span><\/span><\/p>\n","protected":false},"excerpt":{"rendered":"<p style=\"text-align:justify;\"><span id=\"result_box\" lang=\"en\" xml:lang=\"en\"><span title=\"Ejemplar correspondiente a la primera edici\u00f3n de la obra po\u00e9tica del premio Nobel Pablo Neruda, Cantos Ceremoniales.\">Exemplary corresponding to the first edition of the poetry of Pablo Neruda Nobel, prize ceremonial songs. <\/span><span title=\"Editada en Buenos Aires en 1961.\">Published in Buenos Aires in 1961.<\/span><\/span><\/p>\n","protected":false},"featured_media":48551,"template":"","meta":[],"product_brand":[],"product_cat":[2242],"product_tag":[4910],"class_list":{"0":"post-48559","1":"product","2":"type-product","3":"status-publish","4":"has-post-thumbnail","6":"product_cat-first-editions","7":"product_tag-neruda-en","8":"product_shipping_class-from-0-to-1-kg","9":"description-off","11":"first","12":"instock","13":"sale","14":"taxable","15":"shipping-taxable","16":"purchasable","17":"product-type-simple"},"yoast_head":"<!-- This site is optimized with the Yoast SEO plugin v27.3 - https:\/\/yoast.com\/product\/yoast-seo-wordpress\/ -->\n<title>Ceremonial songs, Pablo Neruda, first edition, 1961<\/title>\n<meta name=\"description\" content=\"Exemplary corresponding to the first edition of the poetry of Pablo Neruda Nobel, prize ceremonial songs. Published in Buenos Aires in 1961.\" \/>\n<meta name=\"robots\" content=\"index, follow, max-snippet:-1, max-image-preview:large, max-video-preview:-1\" \/>\n<link rel=\"canonical\" href=\"https:\/\/www.comprarmejor.es\/en\/product\/1961-ceremonial-songs-pablo-neruda-first-edition\/\" \/>\n<meta property=\"og:locale\" content=\"en_US\" \/>\n<meta property=\"og:type\" content=\"article\" \/>\n<meta property=\"og:title\" content=\"Ceremonial songs, Pablo Neruda, first edition, 1961\" \/>\n<meta property=\"og:description\" content=\"Exemplary corresponding to the first edition of the poetry of Pablo Neruda Nobel, prize ceremonial songs. Published in Buenos Aires in 1961.\" \/>\n<meta property=\"og:url\" content=\"https:\/\/www.comprarmejor.es\/en\/product\/1961-ceremonial-songs-pablo-neruda-first-edition\/\" \/>\n<meta property=\"og:site_name\" content=\"ComprarMejor\" \/>\n<meta property=\"article:modified_time\" content=\"2019-09-11T10:21:29+00:00\" \/>\n<meta property=\"og:image\" content=\"https:\/\/www.comprarmejor.es\/wp-content\/uploads\/2015\/11\/p_1_0_9_0_1090-Cantos-Ceremoniales-Pablo-Neruda-primera-edicion-1961.jpg\" \/>\n\t<meta property=\"og:image:width\" content=\"436\" \/>\n\t<meta property=\"og:image:height\" content=\"600\" \/>\n\t<meta property=\"og:image:type\" content=\"image\/jpeg\" \/>\n<meta name=\"twitter:card\" content=\"summary_large_image\" \/>\n<meta name=\"twitter:label1\" content=\"Est. reading time\" \/>\n\t<meta name=\"twitter:data1\" content=\"1 minute\" \/>\n<script type=\"application\/ld+json\" class=\"yoast-schema-graph\">{\"@context\":\"https:\\\/\\\/schema.org\",\"@graph\":[{\"@type\":\"WebPage\",\"@id\":\"https:\\\/\\\/www.comprarmejor.es\\\/en\\\/product\\\/1961-ceremonial-songs-pablo-neruda-first-edition\\\/\",\"url\":\"https:\\\/\\\/www.comprarmejor.es\\\/en\\\/product\\\/1961-ceremonial-songs-pablo-neruda-first-edition\\\/\",\"name\":\"Ceremonial songs, Pablo Neruda, first edition, 1961\",\"isPartOf\":{\"@id\":\"https:\\\/\\\/www.comprarmejor.es\\\/en\\\/#website\"},\"primaryImageOfPage\":{\"@id\":\"https:\\\/\\\/www.comprarmejor.es\\\/en\\\/product\\\/1961-ceremonial-songs-pablo-neruda-first-edition\\\/#primaryimage\"},\"image\":{\"@id\":\"https:\\\/\\\/www.comprarmejor.es\\\/en\\\/product\\\/1961-ceremonial-songs-pablo-neruda-first-edition\\\/#primaryimage\"},\"thumbnailUrl\":\"https:\\\/\\\/www.comprarmejor.es\\\/wp-content\\\/uploads\\\/2015\\\/11\\\/p_1_0_9_0_1090-Cantos-Ceremoniales-Pablo-Neruda-primera-edicion-1961.jpg\",\"datePublished\":\"2015-11-03T12:22:15+00:00\",\"dateModified\":\"2019-09-11T10:21:29+00:00\",\"description\":\"Exemplary corresponding to the first edition of the poetry of Pablo Neruda Nobel, prize ceremonial songs. Published in Buenos Aires in 1961.\",\"breadcrumb\":{\"@id\":\"https:\\\/\\\/www.comprarmejor.es\\\/en\\\/product\\\/1961-ceremonial-songs-pablo-neruda-first-edition\\\/#breadcrumb\"},\"inLanguage\":\"en-US\",\"potentialAction\":[{\"@type\":\"ReadAction\",\"target\":[\"https:\\\/\\\/www.comprarmejor.es\\\/en\\\/product\\\/1961-ceremonial-songs-pablo-neruda-first-edition\\\/\"]}]},{\"@type\":\"ImageObject\",\"inLanguage\":\"en-US\",\"@id\":\"https:\\\/\\\/www.comprarmejor.es\\\/en\\\/product\\\/1961-ceremonial-songs-pablo-neruda-first-edition\\\/#primaryimage\",\"url\":\"https:\\\/\\\/www.comprarmejor.es\\\/wp-content\\\/uploads\\\/2015\\\/11\\\/p_1_0_9_0_1090-Cantos-Ceremoniales-Pablo-Neruda-primera-edicion-1961.jpg\",\"contentUrl\":\"https:\\\/\\\/www.comprarmejor.es\\\/wp-content\\\/uploads\\\/2015\\\/11\\\/p_1_0_9_0_1090-Cantos-Ceremoniales-Pablo-Neruda-primera-edicion-1961.jpg\",\"width\":436,\"height\":600},{\"@type\":\"BreadcrumbList\",\"@id\":\"https:\\\/\\\/www.comprarmejor.es\\\/en\\\/product\\\/1961-ceremonial-songs-pablo-neruda-first-edition\\\/#breadcrumb\",\"itemListElement\":[{\"@type\":\"ListItem\",\"position\":1,\"name\":\"Portada\",\"item\":\"https:\\\/\\\/www.comprarmejor.es\\\/en\\\/\"},{\"@type\":\"ListItem\",\"position\":2,\"name\":\"Shop\",\"item\":\"https:\\\/\\\/www.comprarmejor.es\\\/en\\\/shop\\\/\"},{\"@type\":\"ListItem\",\"position\":3,\"name\":\"1961 Ceremonial songs, Pablo Neruda, first edition\"}]},{\"@type\":\"WebSite\",\"@id\":\"https:\\\/\\\/www.comprarmejor.es\\\/en\\\/#website\",\"url\":\"https:\\\/\\\/www.comprarmejor.es\\\/en\\\/\",\"name\":\"ComprarMejor\",\"description\":\"ComprarMejor\",\"publisher\":{\"@id\":\"https:\\\/\\\/www.comprarmejor.es\\\/en\\\/#organization\"},\"potentialAction\":[{\"@type\":\"SearchAction\",\"target\":{\"@type\":\"EntryPoint\",\"urlTemplate\":\"https:\\\/\\\/www.comprarmejor.es\\\/en\\\/?s={search_term_string}\"},\"query-input\":{\"@type\":\"PropertyValueSpecification\",\"valueRequired\":true,\"valueName\":\"search_term_string\"}}],\"inLanguage\":\"en-US\"},{\"@type\":\"Organization\",\"@id\":\"https:\\\/\\\/www.comprarmejor.es\\\/en\\\/#organization\",\"name\":\"COMPRAR MEJOR\",\"url\":\"https:\\\/\\\/www.comprarmejor.es\\\/en\\\/\",\"logo\":{\"@type\":\"ImageObject\",\"inLanguage\":\"en-US\",\"@id\":\"https:\\\/\\\/www.comprarmejor.es\\\/en\\\/#\\\/schema\\\/logo\\\/image\\\/\",\"url\":\"https:\\\/\\\/www.comprarmejor.es\\\/wp-content\\\/uploads\\\/2025\\\/09\\\/comprarmejortrinidad.jpg\",\"contentUrl\":\"https:\\\/\\\/www.comprarmejor.es\\\/wp-content\\\/uploads\\\/2025\\\/09\\\/comprarmejortrinidad.jpg\",\"width\":1022,\"height\":1380,\"caption\":\"COMPRAR MEJOR\"},\"image\":{\"@id\":\"https:\\\/\\\/www.comprarmejor.es\\\/en\\\/#\\\/schema\\\/logo\\\/image\\\/\"},\"sameAs\":[\"https:\\\/\\\/www.instagram.com\\\/amigosdelcodice\"]}]}<\/script>\n<!-- \/ Yoast SEO plugin. -->","yoast_head_json":{"title":"Ceremonial songs, Pablo Neruda, first edition, 1961","description":"Exemplary corresponding to the first edition of the poetry of Pablo Neruda Nobel, prize ceremonial songs. Published in Buenos Aires in 1961.","robots":{"index":"index","follow":"follow","max-snippet":"max-snippet:-1","max-image-preview":"max-image-preview:large","max-video-preview":"max-video-preview:-1"},"canonical":"https:\/\/www.comprarmejor.es\/en\/product\/1961-ceremonial-songs-pablo-neruda-first-edition\/","og_locale":"en_US","og_type":"article","og_title":"Ceremonial songs, Pablo Neruda, first edition, 1961","og_description":"Exemplary corresponding to the first edition of the poetry of Pablo Neruda Nobel, prize ceremonial songs. Published in Buenos Aires in 1961.","og_url":"https:\/\/www.comprarmejor.es\/en\/product\/1961-ceremonial-songs-pablo-neruda-first-edition\/","og_site_name":"ComprarMejor","article_modified_time":"2019-09-11T10:21:29+00:00","og_image":[{"width":436,"height":600,"url":"https:\/\/www.comprarmejor.es\/wp-content\/uploads\/2015\/11\/p_1_0_9_0_1090-Cantos-Ceremoniales-Pablo-Neruda-primera-edicion-1961.jpg","type":"image\/jpeg"}],"twitter_card":"summary_large_image","twitter_misc":{"Est. reading time":"1 minute"},"schema":{"@context":"https:\/\/schema.org","@graph":[{"@type":"WebPage","@id":"https:\/\/www.comprarmejor.es\/en\/product\/1961-ceremonial-songs-pablo-neruda-first-edition\/","url":"https:\/\/www.comprarmejor.es\/en\/product\/1961-ceremonial-songs-pablo-neruda-first-edition\/","name":"Ceremonial songs, Pablo Neruda, first edition, 1961","isPartOf":{"@id":"https:\/\/www.comprarmejor.es\/en\/#website"},"primaryImageOfPage":{"@id":"https:\/\/www.comprarmejor.es\/en\/product\/1961-ceremonial-songs-pablo-neruda-first-edition\/#primaryimage"},"image":{"@id":"https:\/\/www.comprarmejor.es\/en\/product\/1961-ceremonial-songs-pablo-neruda-first-edition\/#primaryimage"},"thumbnailUrl":"https:\/\/www.comprarmejor.es\/wp-content\/uploads\/2015\/11\/p_1_0_9_0_1090-Cantos-Ceremoniales-Pablo-Neruda-primera-edicion-1961.jpg","datePublished":"2015-11-03T12:22:15+00:00","dateModified":"2019-09-11T10:21:29+00:00","description":"Exemplary corresponding to the first edition of the poetry of Pablo Neruda Nobel, prize ceremonial songs. Published in Buenos Aires in 1961.","breadcrumb":{"@id":"https:\/\/www.comprarmejor.es\/en\/product\/1961-ceremonial-songs-pablo-neruda-first-edition\/#breadcrumb"},"inLanguage":"en-US","potentialAction":[{"@type":"ReadAction","target":["https:\/\/www.comprarmejor.es\/en\/product\/1961-ceremonial-songs-pablo-neruda-first-edition\/"]}]},{"@type":"ImageObject","inLanguage":"en-US","@id":"https:\/\/www.comprarmejor.es\/en\/product\/1961-ceremonial-songs-pablo-neruda-first-edition\/#primaryimage","url":"https:\/\/www.comprarmejor.es\/wp-content\/uploads\/2015\/11\/p_1_0_9_0_1090-Cantos-Ceremoniales-Pablo-Neruda-primera-edicion-1961.jpg","contentUrl":"https:\/\/www.comprarmejor.es\/wp-content\/uploads\/2015\/11\/p_1_0_9_0_1090-Cantos-Ceremoniales-Pablo-Neruda-primera-edicion-1961.jpg","width":436,"height":600},{"@type":"BreadcrumbList","@id":"https:\/\/www.comprarmejor.es\/en\/product\/1961-ceremonial-songs-pablo-neruda-first-edition\/#breadcrumb","itemListElement":[{"@type":"ListItem","position":1,"name":"Portada","item":"https:\/\/www.comprarmejor.es\/en\/"},{"@type":"ListItem","position":2,"name":"Shop","item":"https:\/\/www.comprarmejor.es\/en\/shop\/"},{"@type":"ListItem","position":3,"name":"1961 Ceremonial songs, Pablo Neruda, first edition"}]},{"@type":"WebSite","@id":"https:\/\/www.comprarmejor.es\/en\/#website","url":"https:\/\/www.comprarmejor.es\/en\/","name":"ComprarMejor","description":"ComprarMejor","publisher":{"@id":"https:\/\/www.comprarmejor.es\/en\/#organization"},"potentialAction":[{"@type":"SearchAction","target":{"@type":"EntryPoint","urlTemplate":"https:\/\/www.comprarmejor.es\/en\/?s={search_term_string}"},"query-input":{"@type":"PropertyValueSpecification","valueRequired":true,"valueName":"search_term_string"}}],"inLanguage":"en-US"},{"@type":"Organization","@id":"https:\/\/www.comprarmejor.es\/en\/#organization","name":"COMPRAR MEJOR","url":"https:\/\/www.comprarmejor.es\/en\/","logo":{"@type":"ImageObject","inLanguage":"en-US","@id":"https:\/\/www.comprarmejor.es\/en\/#\/schema\/logo\/image\/","url":"https:\/\/www.comprarmejor.es\/wp-content\/uploads\/2025\/09\/comprarmejortrinidad.jpg","contentUrl":"https:\/\/www.comprarmejor.es\/wp-content\/uploads\/2025\/09\/comprarmejortrinidad.jpg","width":1022,"height":1380,"caption":"COMPRAR MEJOR"},"image":{"@id":"https:\/\/www.comprarmejor.es\/en\/#\/schema\/logo\/image\/"},"sameAs":["https:\/\/www.instagram.com\/amigosdelcodice"]}]}},"_links":{"self":[{"href":"https:\/\/www.comprarmejor.es\/en\/wp-json\/wp\/v2\/product\/48559","targetHints":{"allow":["GET"]}}],"collection":[{"href":"https:\/\/www.comprarmejor.es\/en\/wp-json\/wp\/v2\/product"}],"about":[{"href":"https:\/\/www.comprarmejor.es\/en\/wp-json\/wp\/v2\/types\/product"}],"wp:featuredmedia":[{"embeddable":true,"href":"https:\/\/www.comprarmejor.es\/en\/wp-json\/wp\/v2\/media\/48551"}],"wp:attachment":[{"href":"https:\/\/www.comprarmejor.es\/en\/wp-json\/wp\/v2\/media?parent=48559"}],"wp:term":[{"taxonomy":"product_brand","embeddable":true,"href":"https:\/\/www.comprarmejor.es\/en\/wp-json\/wp\/v2\/product_brand?post=48559"},{"taxonomy":"product_cat","embeddable":true,"href":"https:\/\/www.comprarmejor.es\/en\/wp-json\/wp\/v2\/product_cat?post=48559"},{"taxonomy":"product_tag","embeddable":true,"href":"https:\/\/www.comprarmejor.es\/en\/wp-json\/wp\/v2\/product_tag?post=48559"}],"curies":[{"name":"wp","href":"https:\/\/api.w.org\/{rel}","templated":true}]}}