{"id":48569,"date":"2015-11-03T18:34:01","date_gmt":"2015-11-03T17:34:01","guid":{"rendered":"https:\/\/www.comprarmejor.es\/producto\/1959-navigations-and-returns-pablo-neruda-first-edition\/"},"modified":"2022-01-10T14:01:32","modified_gmt":"2022-01-10T13:01:32","slug":"souvenir-of-the-mosque-of-cordoba-small-plate-in-sterling-gold","status":"publish","type":"product","link":"https:\/\/www.comprarmejor.es\/en\/product\/souvenir-of-the-mosque-of-cordoba-small-plate-in-sterling-gold\/","title":{"rendered":"Souvenir of the Mosque of C\u00f3rdoba, small plate in sterling gold"},"content":{"rendered":"<p style=\"text-align: justify;\"><span class=\"VIiyi\" lang=\"en\"><span class=\"JLqJ4b\" data-language-for-alternatives=\"en\" data-language-to-translate-into=\"es\" data-phrase-index=\"0\" data-number-of-phrases=\"1\">Small porcelain plate, cobalt blue and sterling gold, by Artesan\u00edas Casven Beth, a souvenir of the Mosque of C\u00f3rdoba.<\/span><\/span><\/p>\n<p style=\"text-align: justify;\"><span class=\"VIiyi\" lang=\"en\"><span class=\"JLqJ4b\" data-language-for-alternatives=\"en\" data-language-to-translate-into=\"es\" data-phrase-index=\"0\" data-number-of-phrases=\"1\">8.2 cm diameter. With gift plate holder.<\/span><\/span><\/p>\n<p style=\"text-align: justify;\"><span class=\"VIiyi\" lang=\"en\"><span class=\"JLqJ4b\" data-language-for-alternatives=\"en\" data-language-to-translate-into=\"es\" data-phrase-index=\"0\" data-number-of-phrases=\"1\">In perfect state.<\/span><\/span><\/p>\n<p style=\"text-align: justify;\"><span title=\"Gastos de env\u00edo por cuenta del comprador, seg\u00fan pedido y destino.\"><span class=\"VIiyi\" lang=\"en\"><span class=\"JLqJ4b ChMk0b C1N51c\" data-language-for-alternatives=\"en\" data-language-to-translate-into=\"es\" data-phrase-index=\"16\" data-number-of-phrases=\"18\">Shipping costs paid by the buyer, according to order and destination<\/span><\/span>. <\/span><span title=\"Cons\u00faltenos cualquier duda, as\u00ed como por cualquier otra obra que est\u00e9 buscando.\"><a class=\"btn btn-default\" href=\"https:\/\/www.comprarmejor.es\/en\/contact\">Ask us<\/a> <span class=\"VIiyi\" lang=\"en\"><span class=\"JLqJ4b ChMk0b\" data-language-for-alternatives=\"en\" data-language-to-translate-into=\"es\" data-phrase-index=\"17\" data-number-of-phrases=\"18\">without obligation (indicating the reference of the article) any questions.<\/span><\/span><br \/>\n<\/span><\/p>\n","protected":false},"excerpt":{"rendered":"<p style=\"text-align: justify;\"><span id=\"result_box\" lang=\"en\" xml:lang=\"en\"><span title=\"Editada en Buenos Aires en 1959.\"><span class=\"VIiyi\" lang=\"en\"><span class=\"JLqJ4b\" data-language-for-alternatives=\"en\" data-language-to-translate-into=\"es\" data-phrase-index=\"0\" data-number-of-phrases=\"1\">Small porcelain plate, cobalt blue and sterling gold, by Artesan\u00edas Casven Beth, a souvenir of the Mosque of C\u00f3rdoba.<\/span><\/span><\/span><\/span><\/p>\n","protected":false},"featured_media":72382,"template":"","meta":[],"product_brand":[],"product_cat":[2196,5386],"product_tag":[],"class_list":{"0":"post-48569","1":"product","2":"type-product","3":"status-publish","4":"has-post-thumbnail","6":"product_cat-collectables-en","7":"product_cat-home-decoration","8":"product_shipping_class-from-0-to-1-kg","9":"description-off","11":"first","12":"instock","13":"taxable","14":"shipping-taxable","15":"purchasable","16":"product-type-simple"},"yoast_head":"<!-- This site is optimized with the Yoast SEO plugin v27.3 - https:\/\/yoast.com\/product\/yoast-seo-wordpress\/ -->\n<title>Souvenir of the Mosque of C\u00f3rdoba, small plate in sterling gold<\/title>\n<meta name=\"description\" content=\"Small porcelain plate, cobalt blue and sterling gold, by Artesan\u00edas Casven Beth, a souvenir of the Mosque of C\u00f3rdoba.\" \/>\n<meta name=\"robots\" content=\"index, follow, max-snippet:-1, max-image-preview:large, max-video-preview:-1\" \/>\n<link rel=\"canonical\" href=\"https:\/\/www.comprarmejor.es\/en\/product\/souvenir-of-the-mosque-of-cordoba-small-plate-in-sterling-gold\/\" \/>\n<meta property=\"og:locale\" content=\"en_US\" \/>\n<meta property=\"og:type\" content=\"article\" \/>\n<meta property=\"og:title\" content=\"Souvenir of the Mosque of C\u00f3rdoba, small plate in sterling gold\" \/>\n<meta property=\"og:description\" content=\"Small porcelain plate, cobalt blue and sterling gold, by Artesan\u00edas Casven Beth, a souvenir of the Mosque of C\u00f3rdoba.\" \/>\n<meta property=\"og:url\" content=\"https:\/\/www.comprarmejor.es\/en\/product\/souvenir-of-the-mosque-of-cordoba-small-plate-in-sterling-gold\/\" \/>\n<meta property=\"og:site_name\" content=\"ComprarMejor\" \/>\n<meta property=\"article:modified_time\" content=\"2022-01-10T13:01:32+00:00\" \/>\n<meta property=\"og:image\" content=\"https:\/\/www.comprarmejor.es\/wp-content\/uploads\/2015\/11\/DSC02943.jpg\" \/>\n\t<meta property=\"og:image:width\" content=\"600\" \/>\n\t<meta property=\"og:image:height\" content=\"576\" \/>\n\t<meta property=\"og:image:type\" content=\"image\/jpeg\" \/>\n<meta name=\"twitter:card\" content=\"summary_large_image\" \/>\n<script type=\"application\/ld+json\" class=\"yoast-schema-graph\">{\"@context\":\"https:\\\/\\\/schema.org\",\"@graph\":[{\"@type\":\"WebPage\",\"@id\":\"https:\\\/\\\/www.comprarmejor.es\\\/en\\\/product\\\/souvenir-of-the-mosque-of-cordoba-small-plate-in-sterling-gold\\\/\",\"url\":\"https:\\\/\\\/www.comprarmejor.es\\\/en\\\/product\\\/souvenir-of-the-mosque-of-cordoba-small-plate-in-sterling-gold\\\/\",\"name\":\"Souvenir of the Mosque of C\u00f3rdoba, small plate in sterling gold\",\"isPartOf\":{\"@id\":\"https:\\\/\\\/www.comprarmejor.es\\\/en\\\/#website\"},\"primaryImageOfPage\":{\"@id\":\"https:\\\/\\\/www.comprarmejor.es\\\/en\\\/product\\\/souvenir-of-the-mosque-of-cordoba-small-plate-in-sterling-gold\\\/#primaryimage\"},\"image\":{\"@id\":\"https:\\\/\\\/www.comprarmejor.es\\\/en\\\/product\\\/souvenir-of-the-mosque-of-cordoba-small-plate-in-sterling-gold\\\/#primaryimage\"},\"thumbnailUrl\":\"https:\\\/\\\/www.comprarmejor.es\\\/wp-content\\\/uploads\\\/2015\\\/11\\\/DSC02943.jpg\",\"datePublished\":\"2015-11-03T17:34:01+00:00\",\"dateModified\":\"2022-01-10T13:01:32+00:00\",\"description\":\"Small porcelain plate, cobalt blue and sterling gold, by Artesan\u00edas Casven Beth, a souvenir of the Mosque of C\u00f3rdoba.\",\"breadcrumb\":{\"@id\":\"https:\\\/\\\/www.comprarmejor.es\\\/en\\\/product\\\/souvenir-of-the-mosque-of-cordoba-small-plate-in-sterling-gold\\\/#breadcrumb\"},\"inLanguage\":\"en-US\",\"potentialAction\":[{\"@type\":\"ReadAction\",\"target\":[\"https:\\\/\\\/www.comprarmejor.es\\\/en\\\/product\\\/souvenir-of-the-mosque-of-cordoba-small-plate-in-sterling-gold\\\/\"]}]},{\"@type\":\"ImageObject\",\"inLanguage\":\"en-US\",\"@id\":\"https:\\\/\\\/www.comprarmejor.es\\\/en\\\/product\\\/souvenir-of-the-mosque-of-cordoba-small-plate-in-sterling-gold\\\/#primaryimage\",\"url\":\"https:\\\/\\\/www.comprarmejor.es\\\/wp-content\\\/uploads\\\/2015\\\/11\\\/DSC02943.jpg\",\"contentUrl\":\"https:\\\/\\\/www.comprarmejor.es\\\/wp-content\\\/uploads\\\/2015\\\/11\\\/DSC02943.jpg\",\"width\":600,\"height\":576},{\"@type\":\"BreadcrumbList\",\"@id\":\"https:\\\/\\\/www.comprarmejor.es\\\/en\\\/product\\\/souvenir-of-the-mosque-of-cordoba-small-plate-in-sterling-gold\\\/#breadcrumb\",\"itemListElement\":[{\"@type\":\"ListItem\",\"position\":1,\"name\":\"Portada\",\"item\":\"https:\\\/\\\/www.comprarmejor.es\\\/en\\\/\"},{\"@type\":\"ListItem\",\"position\":2,\"name\":\"Shop\",\"item\":\"https:\\\/\\\/www.comprarmejor.es\\\/en\\\/shop\\\/\"},{\"@type\":\"ListItem\",\"position\":3,\"name\":\"Souvenir of the Mosque of C\u00f3rdoba, small plate in sterling gold\"}]},{\"@type\":\"WebSite\",\"@id\":\"https:\\\/\\\/www.comprarmejor.es\\\/en\\\/#website\",\"url\":\"https:\\\/\\\/www.comprarmejor.es\\\/en\\\/\",\"name\":\"ComprarMejor\",\"description\":\"ComprarMejor\",\"publisher\":{\"@id\":\"https:\\\/\\\/www.comprarmejor.es\\\/en\\\/#organization\"},\"potentialAction\":[{\"@type\":\"SearchAction\",\"target\":{\"@type\":\"EntryPoint\",\"urlTemplate\":\"https:\\\/\\\/www.comprarmejor.es\\\/en\\\/?s={search_term_string}\"},\"query-input\":{\"@type\":\"PropertyValueSpecification\",\"valueRequired\":true,\"valueName\":\"search_term_string\"}}],\"inLanguage\":\"en-US\"},{\"@type\":\"Organization\",\"@id\":\"https:\\\/\\\/www.comprarmejor.es\\\/en\\\/#organization\",\"name\":\"COMPRAR MEJOR\",\"url\":\"https:\\\/\\\/www.comprarmejor.es\\\/en\\\/\",\"logo\":{\"@type\":\"ImageObject\",\"inLanguage\":\"en-US\",\"@id\":\"https:\\\/\\\/www.comprarmejor.es\\\/en\\\/#\\\/schema\\\/logo\\\/image\\\/\",\"url\":\"https:\\\/\\\/www.comprarmejor.es\\\/wp-content\\\/uploads\\\/2025\\\/09\\\/comprarmejortrinidad.jpg\",\"contentUrl\":\"https:\\\/\\\/www.comprarmejor.es\\\/wp-content\\\/uploads\\\/2025\\\/09\\\/comprarmejortrinidad.jpg\",\"width\":1022,\"height\":1380,\"caption\":\"COMPRAR MEJOR\"},\"image\":{\"@id\":\"https:\\\/\\\/www.comprarmejor.es\\\/en\\\/#\\\/schema\\\/logo\\\/image\\\/\"},\"sameAs\":[\"https:\\\/\\\/www.instagram.com\\\/amigosdelcodice\"]}]}<\/script>\n<!-- \/ Yoast SEO plugin. -->","yoast_head_json":{"title":"Souvenir of the Mosque of C\u00f3rdoba, small plate in sterling gold","description":"Small porcelain plate, cobalt blue and sterling gold, by Artesan\u00edas Casven Beth, a souvenir of the Mosque of C\u00f3rdoba.","robots":{"index":"index","follow":"follow","max-snippet":"max-snippet:-1","max-image-preview":"max-image-preview:large","max-video-preview":"max-video-preview:-1"},"canonical":"https:\/\/www.comprarmejor.es\/en\/product\/souvenir-of-the-mosque-of-cordoba-small-plate-in-sterling-gold\/","og_locale":"en_US","og_type":"article","og_title":"Souvenir of the Mosque of C\u00f3rdoba, small plate in sterling gold","og_description":"Small porcelain plate, cobalt blue and sterling gold, by Artesan\u00edas Casven Beth, a souvenir of the Mosque of C\u00f3rdoba.","og_url":"https:\/\/www.comprarmejor.es\/en\/product\/souvenir-of-the-mosque-of-cordoba-small-plate-in-sterling-gold\/","og_site_name":"ComprarMejor","article_modified_time":"2022-01-10T13:01:32+00:00","og_image":[{"width":600,"height":576,"url":"https:\/\/www.comprarmejor.es\/wp-content\/uploads\/2015\/11\/DSC02943.jpg","type":"image\/jpeg"}],"twitter_card":"summary_large_image","schema":{"@context":"https:\/\/schema.org","@graph":[{"@type":"WebPage","@id":"https:\/\/www.comprarmejor.es\/en\/product\/souvenir-of-the-mosque-of-cordoba-small-plate-in-sterling-gold\/","url":"https:\/\/www.comprarmejor.es\/en\/product\/souvenir-of-the-mosque-of-cordoba-small-plate-in-sterling-gold\/","name":"Souvenir of the Mosque of C\u00f3rdoba, small plate in sterling gold","isPartOf":{"@id":"https:\/\/www.comprarmejor.es\/en\/#website"},"primaryImageOfPage":{"@id":"https:\/\/www.comprarmejor.es\/en\/product\/souvenir-of-the-mosque-of-cordoba-small-plate-in-sterling-gold\/#primaryimage"},"image":{"@id":"https:\/\/www.comprarmejor.es\/en\/product\/souvenir-of-the-mosque-of-cordoba-small-plate-in-sterling-gold\/#primaryimage"},"thumbnailUrl":"https:\/\/www.comprarmejor.es\/wp-content\/uploads\/2015\/11\/DSC02943.jpg","datePublished":"2015-11-03T17:34:01+00:00","dateModified":"2022-01-10T13:01:32+00:00","description":"Small porcelain plate, cobalt blue and sterling gold, by Artesan\u00edas Casven Beth, a souvenir of the Mosque of C\u00f3rdoba.","breadcrumb":{"@id":"https:\/\/www.comprarmejor.es\/en\/product\/souvenir-of-the-mosque-of-cordoba-small-plate-in-sterling-gold\/#breadcrumb"},"inLanguage":"en-US","potentialAction":[{"@type":"ReadAction","target":["https:\/\/www.comprarmejor.es\/en\/product\/souvenir-of-the-mosque-of-cordoba-small-plate-in-sterling-gold\/"]}]},{"@type":"ImageObject","inLanguage":"en-US","@id":"https:\/\/www.comprarmejor.es\/en\/product\/souvenir-of-the-mosque-of-cordoba-small-plate-in-sterling-gold\/#primaryimage","url":"https:\/\/www.comprarmejor.es\/wp-content\/uploads\/2015\/11\/DSC02943.jpg","contentUrl":"https:\/\/www.comprarmejor.es\/wp-content\/uploads\/2015\/11\/DSC02943.jpg","width":600,"height":576},{"@type":"BreadcrumbList","@id":"https:\/\/www.comprarmejor.es\/en\/product\/souvenir-of-the-mosque-of-cordoba-small-plate-in-sterling-gold\/#breadcrumb","itemListElement":[{"@type":"ListItem","position":1,"name":"Portada","item":"https:\/\/www.comprarmejor.es\/en\/"},{"@type":"ListItem","position":2,"name":"Shop","item":"https:\/\/www.comprarmejor.es\/en\/shop\/"},{"@type":"ListItem","position":3,"name":"Souvenir of the Mosque of C\u00f3rdoba, small plate in sterling gold"}]},{"@type":"WebSite","@id":"https:\/\/www.comprarmejor.es\/en\/#website","url":"https:\/\/www.comprarmejor.es\/en\/","name":"ComprarMejor","description":"ComprarMejor","publisher":{"@id":"https:\/\/www.comprarmejor.es\/en\/#organization"},"potentialAction":[{"@type":"SearchAction","target":{"@type":"EntryPoint","urlTemplate":"https:\/\/www.comprarmejor.es\/en\/?s={search_term_string}"},"query-input":{"@type":"PropertyValueSpecification","valueRequired":true,"valueName":"search_term_string"}}],"inLanguage":"en-US"},{"@type":"Organization","@id":"https:\/\/www.comprarmejor.es\/en\/#organization","name":"COMPRAR MEJOR","url":"https:\/\/www.comprarmejor.es\/en\/","logo":{"@type":"ImageObject","inLanguage":"en-US","@id":"https:\/\/www.comprarmejor.es\/en\/#\/schema\/logo\/image\/","url":"https:\/\/www.comprarmejor.es\/wp-content\/uploads\/2025\/09\/comprarmejortrinidad.jpg","contentUrl":"https:\/\/www.comprarmejor.es\/wp-content\/uploads\/2025\/09\/comprarmejortrinidad.jpg","width":1022,"height":1380,"caption":"COMPRAR MEJOR"},"image":{"@id":"https:\/\/www.comprarmejor.es\/en\/#\/schema\/logo\/image\/"},"sameAs":["https:\/\/www.instagram.com\/amigosdelcodice"]}]}},"_links":{"self":[{"href":"https:\/\/www.comprarmejor.es\/en\/wp-json\/wp\/v2\/product\/48569","targetHints":{"allow":["GET"]}}],"collection":[{"href":"https:\/\/www.comprarmejor.es\/en\/wp-json\/wp\/v2\/product"}],"about":[{"href":"https:\/\/www.comprarmejor.es\/en\/wp-json\/wp\/v2\/types\/product"}],"wp:featuredmedia":[{"embeddable":true,"href":"https:\/\/www.comprarmejor.es\/en\/wp-json\/wp\/v2\/media\/72382"}],"wp:attachment":[{"href":"https:\/\/www.comprarmejor.es\/en\/wp-json\/wp\/v2\/media?parent=48569"}],"wp:term":[{"taxonomy":"product_brand","embeddable":true,"href":"https:\/\/www.comprarmejor.es\/en\/wp-json\/wp\/v2\/product_brand?post=48569"},{"taxonomy":"product_cat","embeddable":true,"href":"https:\/\/www.comprarmejor.es\/en\/wp-json\/wp\/v2\/product_cat?post=48569"},{"taxonomy":"product_tag","embeddable":true,"href":"https:\/\/www.comprarmejor.es\/en\/wp-json\/wp\/v2\/product_tag?post=48569"}],"curies":[{"name":"wp","href":"https:\/\/api.w.org\/{rel}","templated":true}]}}