{"id":48585,"date":"2015-11-04T19:02:08","date_gmt":"2015-11-04T18:02:08","guid":{"rendered":"https:\/\/www.comprarmejor.es\/producto\/1958-estravagario-pablo-neruda-first-edition\/"},"modified":"2022-06-23T23:36:47","modified_gmt":"2022-06-23T21:36:47","slug":"borobudur-jean-louis-nou-and-louis-frederic-1996-moleiro","status":"publish","type":"product","link":"https:\/\/www.comprarmejor.es\/en\/product\/borobudur-jean-louis-nou-and-louis-frederic-1996-moleiro\/","title":{"rendered":"Borobudur. Jean-Louis Nou and Louis Frederic. 1996 (Moleiro)"},"content":{"rendered":"<p style=\"text-align: justify;\">Spanish edition of 1996 by Moleiro publishing house of the French edition of 1994 \u201c<strong>Borobudur<\/strong>\u201d, by Jean-Louis Nou and Louis Fr\u00e9d\u00e9ric. Translation by Manuel Serrat Crespo (1942-2014).<\/p>\n<p style=\"text-align: justify;\">Hardcover bound with illustrated dust jacket, guide tape, 30.2 x 33.2 cm format, 348 color pages with impressive photographs and fold-outs.<\/p>\n<p style=\"text-align: justify;\">Immense Buddhist monument, built on the island of Java from the end of the 8th century, the <strong>Borobudur<\/strong> has no equal in the world, due to its dimensions and the magnificence of its bas-reliefs. This work allows us to penetrate for the first time into the heart of this stone mandala, and to approach the Mahayana Buddhist pantheon by reading daily life and the Indo-Javanese rites sculpted there.<\/p>\n<p style=\"text-align: justify;\">The Buddhist texts illustrated in the &#8220;stone book&#8221; that is the <strong>Borobudur<\/strong> are: the &#8220;Mah\u00e2-Karmavibhanga&#8221; (Great Classification of Acts), the &#8220;Lal\u00eetavistara&#8221; (terrestrial life of the Buddha), the &#8220;J\u00e2taka&#8221; and the &#8220;Avadana \u201d (moral stories that describe the previous lives of Buddha and his disciples), the \u201cGandavy\u00fbha\u201d (esoteric text that evokes the search of the young Sudhana, the infinity of the Buddhas gathered in one, and different appearances), and its corollary the \u201cSamantabhadra (char\u00ee) pranidh\u00e2na\u201d (vow made by Samantabhadra to realize the great awakening and make it shared by all).<\/p>\n<p style=\"text-align: justify;\">Copy in perfect condition, new, unused.<\/p>\n<p style=\"text-align: justify;\"><span title=\"Gastos de env\u00edo por cuenta del comprador, seg\u00fan pedido y destino.\"><span class=\"VIiyi\" lang=\"en\"><span class=\"JLqJ4b\" data-language-for-alternatives=\"en\" data-language-to-translate-into=\"es\" data-phrase-index=\"0\" data-number-of-phrases=\"1\"><span class=\"Q4iAWc\">Shipping costs paid by the buyer, according to order and destination<\/span><\/span><\/span>. <\/span><span title=\"Cons\u00faltenos cualquier duda, as\u00ed como por cualquier otra obra que est\u00e9 buscando.\"><a class=\"btn btn-default\" href=\"https:\/\/www.comprarmejor.es\/en\/contact\">Ask us<\/a> <span class=\"VIiyi\" lang=\"en\"><span class=\"JLqJ4b\" data-language-for-alternatives=\"en\" data-language-to-translate-into=\"es\" data-phrase-index=\"0\" data-number-of-phrases=\"1\"><span class=\"Q4iAWc\">any questions you may have, indicating the article reference.<\/span><\/span><\/span><br \/>\n<\/span><\/p>\n","protected":false},"excerpt":{"rendered":"<p style=\"text-align: justify;\"><span id=\"result_box\" lang=\"en\" xml:lang=\"en\"><span title=\"Editada en Buenos Aires en 1958.\"><span class=\"VIiyi\" lang=\"en\"><span class=\"JLqJ4b\" data-language-for-alternatives=\"en\" data-language-to-translate-into=\"es\" data-phrase-index=\"0\" data-number-of-phrases=\"1\"><span class=\"Q4iAWc\">Spanish edition of 1996 by Moleiro publishing house of the French edition of 1994 \u201cBorobudur\u201d, by Jean-Louis Nou and Louis Fr\u00e9d\u00e9ric.<br \/>\n<\/span><\/span><\/span><\/span><\/span><\/p>\n","protected":false},"featured_media":77172,"template":"","meta":[],"product_brand":[],"product_cat":[2256],"product_tag":[5791,5120,4017],"class_list":{"0":"post-48585","1":"product","2":"type-product","3":"status-publish","4":"has-post-thumbnail","6":"product_cat-books-in-general","7":"product_tag-arte-en","8":"product_tag-history-en","9":"product_tag-moleiro-en","10":"product_shipping_class-from-2-to-5-kg","11":"description-off","13":"first","14":"instock","15":"sale","16":"taxable","17":"shipping-taxable","18":"purchasable","19":"product-type-simple"},"yoast_head":"<!-- This site is optimized with the Yoast SEO plugin v27.3 - https:\/\/yoast.com\/product\/yoast-seo-wordpress\/ -->\n<title>Borobudur. Jean-Louis Nou and Louis Frederic. 1996 (Moleiro)<\/title>\n<meta name=\"description\" content=\"Spanish edition of 1996 by Moleiro publishing house of the French edition of 1994 \u201cBorobudur\u201d, by Jean-Louis Nou and Louis Fr\u00e9d\u00e9ric.\" \/>\n<meta name=\"robots\" content=\"index, follow, max-snippet:-1, max-image-preview:large, max-video-preview:-1\" \/>\n<link rel=\"canonical\" href=\"https:\/\/www.comprarmejor.es\/en\/product\/borobudur-jean-louis-nou-and-louis-frederic-1996-moleiro\/\" \/>\n<meta property=\"og:locale\" content=\"en_US\" \/>\n<meta property=\"og:type\" content=\"article\" \/>\n<meta property=\"og:title\" content=\"Borobudur. Jean-Louis Nou and Louis Frederic. 1996 (Moleiro)\" \/>\n<meta property=\"og:description\" content=\"Spanish edition of 1996 by Moleiro publishing house of the French edition of 1994 \u201cBorobudur\u201d, by Jean-Louis Nou and Louis Fr\u00e9d\u00e9ric.\" \/>\n<meta property=\"og:url\" content=\"https:\/\/www.comprarmejor.es\/en\/product\/borobudur-jean-louis-nou-and-louis-frederic-1996-moleiro\/\" \/>\n<meta property=\"og:site_name\" content=\"ComprarMejor\" \/>\n<meta property=\"article:modified_time\" content=\"2022-06-23T21:36:47+00:00\" \/>\n<meta property=\"og:image\" content=\"https:\/\/www.comprarmejor.es\/wp-content\/uploads\/2015\/11\/DSC04142.jpg\" \/>\n\t<meta property=\"og:image:width\" content=\"600\" \/>\n\t<meta property=\"og:image:height\" content=\"543\" \/>\n\t<meta property=\"og:image:type\" content=\"image\/jpeg\" \/>\n<meta name=\"twitter:card\" content=\"summary_large_image\" \/>\n<meta name=\"twitter:label1\" content=\"Est. reading time\" \/>\n\t<meta name=\"twitter:data1\" content=\"1 minute\" \/>\n<script type=\"application\/ld+json\" class=\"yoast-schema-graph\">{\"@context\":\"https:\\\/\\\/schema.org\",\"@graph\":[{\"@type\":\"WebPage\",\"@id\":\"https:\\\/\\\/www.comprarmejor.es\\\/en\\\/product\\\/borobudur-jean-louis-nou-and-louis-frederic-1996-moleiro\\\/\",\"url\":\"https:\\\/\\\/www.comprarmejor.es\\\/en\\\/product\\\/borobudur-jean-louis-nou-and-louis-frederic-1996-moleiro\\\/\",\"name\":\"Borobudur. Jean-Louis Nou and Louis Frederic. 1996 (Moleiro)\",\"isPartOf\":{\"@id\":\"https:\\\/\\\/www.comprarmejor.es\\\/en\\\/#website\"},\"primaryImageOfPage\":{\"@id\":\"https:\\\/\\\/www.comprarmejor.es\\\/en\\\/product\\\/borobudur-jean-louis-nou-and-louis-frederic-1996-moleiro\\\/#primaryimage\"},\"image\":{\"@id\":\"https:\\\/\\\/www.comprarmejor.es\\\/en\\\/product\\\/borobudur-jean-louis-nou-and-louis-frederic-1996-moleiro\\\/#primaryimage\"},\"thumbnailUrl\":\"https:\\\/\\\/www.comprarmejor.es\\\/wp-content\\\/uploads\\\/2015\\\/11\\\/DSC04142.jpg\",\"datePublished\":\"2015-11-04T18:02:08+00:00\",\"dateModified\":\"2022-06-23T21:36:47+00:00\",\"description\":\"Spanish edition of 1996 by Moleiro publishing house of the French edition of 1994 \u201cBorobudur\u201d, by Jean-Louis Nou and Louis Fr\u00e9d\u00e9ric.\",\"breadcrumb\":{\"@id\":\"https:\\\/\\\/www.comprarmejor.es\\\/en\\\/product\\\/borobudur-jean-louis-nou-and-louis-frederic-1996-moleiro\\\/#breadcrumb\"},\"inLanguage\":\"en-US\",\"potentialAction\":[{\"@type\":\"ReadAction\",\"target\":[\"https:\\\/\\\/www.comprarmejor.es\\\/en\\\/product\\\/borobudur-jean-louis-nou-and-louis-frederic-1996-moleiro\\\/\"]}]},{\"@type\":\"ImageObject\",\"inLanguage\":\"en-US\",\"@id\":\"https:\\\/\\\/www.comprarmejor.es\\\/en\\\/product\\\/borobudur-jean-louis-nou-and-louis-frederic-1996-moleiro\\\/#primaryimage\",\"url\":\"https:\\\/\\\/www.comprarmejor.es\\\/wp-content\\\/uploads\\\/2015\\\/11\\\/DSC04142.jpg\",\"contentUrl\":\"https:\\\/\\\/www.comprarmejor.es\\\/wp-content\\\/uploads\\\/2015\\\/11\\\/DSC04142.jpg\",\"width\":600,\"height\":543},{\"@type\":\"BreadcrumbList\",\"@id\":\"https:\\\/\\\/www.comprarmejor.es\\\/en\\\/product\\\/borobudur-jean-louis-nou-and-louis-frederic-1996-moleiro\\\/#breadcrumb\",\"itemListElement\":[{\"@type\":\"ListItem\",\"position\":1,\"name\":\"Portada\",\"item\":\"https:\\\/\\\/www.comprarmejor.es\\\/en\\\/\"},{\"@type\":\"ListItem\",\"position\":2,\"name\":\"Shop\",\"item\":\"https:\\\/\\\/www.comprarmejor.es\\\/en\\\/shop\\\/\"},{\"@type\":\"ListItem\",\"position\":3,\"name\":\"Borobudur. Jean-Louis Nou and Louis Frederic. 1996 (Moleiro)\"}]},{\"@type\":\"WebSite\",\"@id\":\"https:\\\/\\\/www.comprarmejor.es\\\/en\\\/#website\",\"url\":\"https:\\\/\\\/www.comprarmejor.es\\\/en\\\/\",\"name\":\"ComprarMejor\",\"description\":\"ComprarMejor\",\"publisher\":{\"@id\":\"https:\\\/\\\/www.comprarmejor.es\\\/en\\\/#organization\"},\"potentialAction\":[{\"@type\":\"SearchAction\",\"target\":{\"@type\":\"EntryPoint\",\"urlTemplate\":\"https:\\\/\\\/www.comprarmejor.es\\\/en\\\/?s={search_term_string}\"},\"query-input\":{\"@type\":\"PropertyValueSpecification\",\"valueRequired\":true,\"valueName\":\"search_term_string\"}}],\"inLanguage\":\"en-US\"},{\"@type\":\"Organization\",\"@id\":\"https:\\\/\\\/www.comprarmejor.es\\\/en\\\/#organization\",\"name\":\"COMPRAR MEJOR\",\"url\":\"https:\\\/\\\/www.comprarmejor.es\\\/en\\\/\",\"logo\":{\"@type\":\"ImageObject\",\"inLanguage\":\"en-US\",\"@id\":\"https:\\\/\\\/www.comprarmejor.es\\\/en\\\/#\\\/schema\\\/logo\\\/image\\\/\",\"url\":\"https:\\\/\\\/www.comprarmejor.es\\\/wp-content\\\/uploads\\\/2025\\\/09\\\/comprarmejortrinidad.jpg\",\"contentUrl\":\"https:\\\/\\\/www.comprarmejor.es\\\/wp-content\\\/uploads\\\/2025\\\/09\\\/comprarmejortrinidad.jpg\",\"width\":1022,\"height\":1380,\"caption\":\"COMPRAR MEJOR\"},\"image\":{\"@id\":\"https:\\\/\\\/www.comprarmejor.es\\\/en\\\/#\\\/schema\\\/logo\\\/image\\\/\"},\"sameAs\":[\"https:\\\/\\\/www.instagram.com\\\/amigosdelcodice\"]}]}<\/script>\n<!-- \/ Yoast SEO plugin. -->","yoast_head_json":{"title":"Borobudur. Jean-Louis Nou and Louis Frederic. 1996 (Moleiro)","description":"Spanish edition of 1996 by Moleiro publishing house of the French edition of 1994 \u201cBorobudur\u201d, by Jean-Louis Nou and Louis Fr\u00e9d\u00e9ric.","robots":{"index":"index","follow":"follow","max-snippet":"max-snippet:-1","max-image-preview":"max-image-preview:large","max-video-preview":"max-video-preview:-1"},"canonical":"https:\/\/www.comprarmejor.es\/en\/product\/borobudur-jean-louis-nou-and-louis-frederic-1996-moleiro\/","og_locale":"en_US","og_type":"article","og_title":"Borobudur. Jean-Louis Nou and Louis Frederic. 1996 (Moleiro)","og_description":"Spanish edition of 1996 by Moleiro publishing house of the French edition of 1994 \u201cBorobudur\u201d, by Jean-Louis Nou and Louis Fr\u00e9d\u00e9ric.","og_url":"https:\/\/www.comprarmejor.es\/en\/product\/borobudur-jean-louis-nou-and-louis-frederic-1996-moleiro\/","og_site_name":"ComprarMejor","article_modified_time":"2022-06-23T21:36:47+00:00","og_image":[{"width":600,"height":543,"url":"https:\/\/www.comprarmejor.es\/wp-content\/uploads\/2015\/11\/DSC04142.jpg","type":"image\/jpeg"}],"twitter_card":"summary_large_image","twitter_misc":{"Est. reading time":"1 minute"},"schema":{"@context":"https:\/\/schema.org","@graph":[{"@type":"WebPage","@id":"https:\/\/www.comprarmejor.es\/en\/product\/borobudur-jean-louis-nou-and-louis-frederic-1996-moleiro\/","url":"https:\/\/www.comprarmejor.es\/en\/product\/borobudur-jean-louis-nou-and-louis-frederic-1996-moleiro\/","name":"Borobudur. Jean-Louis Nou and Louis Frederic. 1996 (Moleiro)","isPartOf":{"@id":"https:\/\/www.comprarmejor.es\/en\/#website"},"primaryImageOfPage":{"@id":"https:\/\/www.comprarmejor.es\/en\/product\/borobudur-jean-louis-nou-and-louis-frederic-1996-moleiro\/#primaryimage"},"image":{"@id":"https:\/\/www.comprarmejor.es\/en\/product\/borobudur-jean-louis-nou-and-louis-frederic-1996-moleiro\/#primaryimage"},"thumbnailUrl":"https:\/\/www.comprarmejor.es\/wp-content\/uploads\/2015\/11\/DSC04142.jpg","datePublished":"2015-11-04T18:02:08+00:00","dateModified":"2022-06-23T21:36:47+00:00","description":"Spanish edition of 1996 by Moleiro publishing house of the French edition of 1994 \u201cBorobudur\u201d, by Jean-Louis Nou and Louis Fr\u00e9d\u00e9ric.","breadcrumb":{"@id":"https:\/\/www.comprarmejor.es\/en\/product\/borobudur-jean-louis-nou-and-louis-frederic-1996-moleiro\/#breadcrumb"},"inLanguage":"en-US","potentialAction":[{"@type":"ReadAction","target":["https:\/\/www.comprarmejor.es\/en\/product\/borobudur-jean-louis-nou-and-louis-frederic-1996-moleiro\/"]}]},{"@type":"ImageObject","inLanguage":"en-US","@id":"https:\/\/www.comprarmejor.es\/en\/product\/borobudur-jean-louis-nou-and-louis-frederic-1996-moleiro\/#primaryimage","url":"https:\/\/www.comprarmejor.es\/wp-content\/uploads\/2015\/11\/DSC04142.jpg","contentUrl":"https:\/\/www.comprarmejor.es\/wp-content\/uploads\/2015\/11\/DSC04142.jpg","width":600,"height":543},{"@type":"BreadcrumbList","@id":"https:\/\/www.comprarmejor.es\/en\/product\/borobudur-jean-louis-nou-and-louis-frederic-1996-moleiro\/#breadcrumb","itemListElement":[{"@type":"ListItem","position":1,"name":"Portada","item":"https:\/\/www.comprarmejor.es\/en\/"},{"@type":"ListItem","position":2,"name":"Shop","item":"https:\/\/www.comprarmejor.es\/en\/shop\/"},{"@type":"ListItem","position":3,"name":"Borobudur. Jean-Louis Nou and Louis Frederic. 1996 (Moleiro)"}]},{"@type":"WebSite","@id":"https:\/\/www.comprarmejor.es\/en\/#website","url":"https:\/\/www.comprarmejor.es\/en\/","name":"ComprarMejor","description":"ComprarMejor","publisher":{"@id":"https:\/\/www.comprarmejor.es\/en\/#organization"},"potentialAction":[{"@type":"SearchAction","target":{"@type":"EntryPoint","urlTemplate":"https:\/\/www.comprarmejor.es\/en\/?s={search_term_string}"},"query-input":{"@type":"PropertyValueSpecification","valueRequired":true,"valueName":"search_term_string"}}],"inLanguage":"en-US"},{"@type":"Organization","@id":"https:\/\/www.comprarmejor.es\/en\/#organization","name":"COMPRAR MEJOR","url":"https:\/\/www.comprarmejor.es\/en\/","logo":{"@type":"ImageObject","inLanguage":"en-US","@id":"https:\/\/www.comprarmejor.es\/en\/#\/schema\/logo\/image\/","url":"https:\/\/www.comprarmejor.es\/wp-content\/uploads\/2025\/09\/comprarmejortrinidad.jpg","contentUrl":"https:\/\/www.comprarmejor.es\/wp-content\/uploads\/2025\/09\/comprarmejortrinidad.jpg","width":1022,"height":1380,"caption":"COMPRAR MEJOR"},"image":{"@id":"https:\/\/www.comprarmejor.es\/en\/#\/schema\/logo\/image\/"},"sameAs":["https:\/\/www.instagram.com\/amigosdelcodice"]}]}},"_links":{"self":[{"href":"https:\/\/www.comprarmejor.es\/en\/wp-json\/wp\/v2\/product\/48585","targetHints":{"allow":["GET"]}}],"collection":[{"href":"https:\/\/www.comprarmejor.es\/en\/wp-json\/wp\/v2\/product"}],"about":[{"href":"https:\/\/www.comprarmejor.es\/en\/wp-json\/wp\/v2\/types\/product"}],"wp:featuredmedia":[{"embeddable":true,"href":"https:\/\/www.comprarmejor.es\/en\/wp-json\/wp\/v2\/media\/77172"}],"wp:attachment":[{"href":"https:\/\/www.comprarmejor.es\/en\/wp-json\/wp\/v2\/media?parent=48585"}],"wp:term":[{"taxonomy":"product_brand","embeddable":true,"href":"https:\/\/www.comprarmejor.es\/en\/wp-json\/wp\/v2\/product_brand?post=48585"},{"taxonomy":"product_cat","embeddable":true,"href":"https:\/\/www.comprarmejor.es\/en\/wp-json\/wp\/v2\/product_cat?post=48585"},{"taxonomy":"product_tag","embeddable":true,"href":"https:\/\/www.comprarmejor.es\/en\/wp-json\/wp\/v2\/product_tag?post=48585"}],"curies":[{"name":"wp","href":"https:\/\/api.w.org\/{rel}","templated":true}]}}