{"id":48593,"date":"2015-11-05T12:48:44","date_gmt":"2015-11-05T11:48:44","guid":{"rendered":"https:\/\/www.comprarmejor.es\/producto\/monster-of-the-laguna-de-tagua-chile-1784\/"},"modified":"2020-07-10T15:52:43","modified_gmt":"2020-07-10T13:52:43","slug":"monster-of-the-laguna-de-tagua-chile-1784","status":"publish","type":"product","link":"https:\/\/www.comprarmejor.es\/en\/product\/monster-of-the-laguna-de-tagua-chile-1784\/","title":{"rendered":"Monster of the Laguna de Tagua, Chile, 1784"},"content":{"rendered":"<p style=\"text-align: justify;\"><span lang=\"en\" xml:lang=\"en\"><span title=\"Monstruo de la Laguna de Tagua, grabado original coloreado an\u00f3nimo del siglo XVIII, Chile, 1784.\">Monster of the Laguna de Tagua, anonymous colored original engraving of the 18th century, Chile, 1784.<\/span><\/span><\/p>\n<p style=\"text-align: justify;\"><span title=\"La horripilante criatura es el poco conocido monstruo de la Laguna de Tagua Tagua, personaje de una leyenda de San Vicente, en la VI Regi\u00f3n, Chile.\">The horrifying creature is the little-known monster from Tagua Tagua Lagoon, a character from a legend of San Vicente, in Region VI, Chile. <\/span><span title=\"Para m\u00e1s informaci\u00f3n PULSE AQU\u00cd para acceder a la p\u00e1gina web del Patrimonio Tagua Tagua.\">For more information <strong><a href=\"http:\/\/www.patrimoniotaguatagua.cl\/el-monstruo-de-la-laguna-de-tagua-tagua-2\/\" target=\"_blank\" rel=\"noopener noreferrer\">CLICK HERE<\/a><\/strong> to access the Tagua Tagua Heritage website.<\/span><\/p>\n<p style=\"text-align: justify;\"><span title=\"Edici\u00f3n facs\u00edmile limitada a 1.784 ejemplares, numerada y certificada por el editor.\">Facsimile edition limited to 1,784 copies, numbered and certified by the publisher. <\/span><span title=\"Formato 20,5 x 29 cm.\">Format 20.5 x 29 cm. <\/span><span title=\"Realizado en papel envejecido como si del original se tratara.\">Made on aged paper as if it were the original.<\/span><\/p>\n<p style=\"text-align: justify;\"><span title=\"Gastos de env\u00edo por cuenta del comprador seg\u00fan pedido y destino.\">Presented in black folder with golden titles, format 22.8 x 31 cm, with internal flaps, which includes the engraving, a sheet with the transcription of the text printed on the engraving, and the certificate of the\u00a0<span id=\"result_box\" lang=\"en\" xml:lang=\"en\"><span title=\"Presentado en carpeta negra con t\u00edtulos dorados, formato 22,8 x 31 cm, con solapas interiores, en la que se incluye el grabado, una hoja con la transcripci\u00f3n del texto impreso en el grabado, y el certificado del ejemplar.\">copy.<\/span><\/span><\/span><\/p>\n<p style=\"text-align: justify;\"><span title=\"Gastos de env\u00edo por cuenta del comprador, seg\u00fan pedido y destino.\">Shipping<\/span> by the buyer to order and destination.\u00a0<span title=\"Cons\u00faltenos cualquier duda, as\u00ed como por cualquier otro facs\u00edmile que est\u00e9 buscando.\"><a class=\"btn btn-default\" href=\"https:\/\/www.comprarmejor.es\/en\/contact\">Ask us<\/a> <span lang=\"en\" xml:lang=\"en\"><span title=\"Cons\u00faltenos sin compromiso (indicando la referencia del art\u00edculo) cualquier duda.\">without obligation (indicating the reference of the article) any doubt.<\/span><\/span><br \/>\n<\/span><\/p>\n","protected":false},"excerpt":{"rendered":"<p style=\"text-align: justify;\"><span id=\"result_box\" lang=\"en\" xml:lang=\"en\"><span title=\"Estas y otras frases se le han dedicado al c\u00f3dice titulado De Sphaera, creado hacia 1470. Est\u00e1 considerado como el libro de astrolog\u00eda mejor ilustrado del Renacimiento.\"><span lang=\"en\" xml:lang=\"en\"><span title=\"Monstruo de la Laguna de Tagua, grabado original coloreado an\u00f3nimo del siglo XVIII, Chile, 1784.\">Monster of the Laguna de Tagua, anonymous colored original engraving of the 18th century, Chile, 1784.<\/span><\/span><\/span><\/span><\/p>\n","protected":false},"featured_media":48587,"template":"","meta":[],"product_brand":[],"product_cat":[2198,2190,2266],"product_tag":[5119],"class_list":{"0":"post-48593","1":"product","2":"type-product","3":"status-publish","4":"has-post-thumbnail","6":"product_cat-art","7":"product_cat-art-craft-antiques","8":"product_cat-engravings","9":"product_tag-siloe-en","10":"product_shipping_class-from-0-to-1-kg","11":"description-off","13":"first","14":"instock","15":"taxable","16":"shipping-taxable","17":"purchasable","18":"product-type-simple"},"yoast_head":"<!-- This site is optimized with the Yoast SEO plugin v27.3 - https:\/\/yoast.com\/product\/yoast-seo-wordpress\/ -->\n<title>Monster of the Laguna de Tagua, Chile, 1784, anonymous original engravi<\/title>\n<meta name=\"description\" content=\"Monster of the Laguna de Tagua, anonymous colored original engraving of the 18th century, Chile, 1784. The horrifying creature is the little-known monster\" \/>\n<meta name=\"robots\" content=\"index, follow, max-snippet:-1, max-image-preview:large, max-video-preview:-1\" \/>\n<link rel=\"canonical\" href=\"https:\/\/www.comprarmejor.es\/en\/product\/monster-of-the-laguna-de-tagua-chile-1784\/\" \/>\n<meta property=\"og:locale\" content=\"en_US\" \/>\n<meta property=\"og:type\" content=\"article\" \/>\n<meta property=\"og:title\" content=\"Monster of the Laguna de Tagua, Chile, 1784, anonymous original engravi\" \/>\n<meta property=\"og:description\" content=\"Monster of the Laguna de Tagua, anonymous colored original engraving of the 18th century, Chile, 1784. The horrifying creature is the little-known monster\" \/>\n<meta property=\"og:url\" content=\"https:\/\/www.comprarmejor.es\/en\/product\/monster-of-the-laguna-de-tagua-chile-1784\/\" \/>\n<meta property=\"og:site_name\" content=\"ComprarMejor\" \/>\n<meta property=\"article:modified_time\" content=\"2020-07-10T13:52:43+00:00\" \/>\n<meta property=\"og:image\" content=\"https:\/\/www.comprarmejor.es\/wp-content\/uploads\/2015\/11\/p_6_4_7_9_6479-Monstruo-de-la-Laguna-de-Tagua-Chile-1784.jpg\" \/>\n\t<meta property=\"og:image:width\" content=\"455\" \/>\n\t<meta property=\"og:image:height\" content=\"598\" \/>\n\t<meta property=\"og:image:type\" content=\"image\/jpeg\" \/>\n<meta name=\"twitter:card\" content=\"summary_large_image\" \/>\n<meta name=\"twitter:label1\" content=\"Est. reading time\" \/>\n\t<meta name=\"twitter:data1\" content=\"1 minute\" \/>\n<script type=\"application\/ld+json\" class=\"yoast-schema-graph\">{\"@context\":\"https:\\\/\\\/schema.org\",\"@graph\":[{\"@type\":\"WebPage\",\"@id\":\"https:\\\/\\\/www.comprarmejor.es\\\/en\\\/product\\\/monster-of-the-laguna-de-tagua-chile-1784\\\/\",\"url\":\"https:\\\/\\\/www.comprarmejor.es\\\/en\\\/product\\\/monster-of-the-laguna-de-tagua-chile-1784\\\/\",\"name\":\"Monster of the Laguna de Tagua, Chile, 1784, anonymous original engravi\",\"isPartOf\":{\"@id\":\"https:\\\/\\\/www.comprarmejor.es\\\/en\\\/#website\"},\"primaryImageOfPage\":{\"@id\":\"https:\\\/\\\/www.comprarmejor.es\\\/en\\\/product\\\/monster-of-the-laguna-de-tagua-chile-1784\\\/#primaryimage\"},\"image\":{\"@id\":\"https:\\\/\\\/www.comprarmejor.es\\\/en\\\/product\\\/monster-of-the-laguna-de-tagua-chile-1784\\\/#primaryimage\"},\"thumbnailUrl\":\"https:\\\/\\\/www.comprarmejor.es\\\/wp-content\\\/uploads\\\/2015\\\/11\\\/p_6_4_7_9_6479-Monstruo-de-la-Laguna-de-Tagua-Chile-1784.jpg\",\"datePublished\":\"2015-11-05T11:48:44+00:00\",\"dateModified\":\"2020-07-10T13:52:43+00:00\",\"description\":\"Monster of the Laguna de Tagua, anonymous colored original engraving of the 18th century, Chile, 1784. The horrifying creature is the little-known monster\",\"breadcrumb\":{\"@id\":\"https:\\\/\\\/www.comprarmejor.es\\\/en\\\/product\\\/monster-of-the-laguna-de-tagua-chile-1784\\\/#breadcrumb\"},\"inLanguage\":\"en-US\",\"potentialAction\":[{\"@type\":\"ReadAction\",\"target\":[\"https:\\\/\\\/www.comprarmejor.es\\\/en\\\/product\\\/monster-of-the-laguna-de-tagua-chile-1784\\\/\"]}]},{\"@type\":\"ImageObject\",\"inLanguage\":\"en-US\",\"@id\":\"https:\\\/\\\/www.comprarmejor.es\\\/en\\\/product\\\/monster-of-the-laguna-de-tagua-chile-1784\\\/#primaryimage\",\"url\":\"https:\\\/\\\/www.comprarmejor.es\\\/wp-content\\\/uploads\\\/2015\\\/11\\\/p_6_4_7_9_6479-Monstruo-de-la-Laguna-de-Tagua-Chile-1784.jpg\",\"contentUrl\":\"https:\\\/\\\/www.comprarmejor.es\\\/wp-content\\\/uploads\\\/2015\\\/11\\\/p_6_4_7_9_6479-Monstruo-de-la-Laguna-de-Tagua-Chile-1784.jpg\",\"width\":455,\"height\":598},{\"@type\":\"BreadcrumbList\",\"@id\":\"https:\\\/\\\/www.comprarmejor.es\\\/en\\\/product\\\/monster-of-the-laguna-de-tagua-chile-1784\\\/#breadcrumb\",\"itemListElement\":[{\"@type\":\"ListItem\",\"position\":1,\"name\":\"Portada\",\"item\":\"https:\\\/\\\/www.comprarmejor.es\\\/en\\\/\"},{\"@type\":\"ListItem\",\"position\":2,\"name\":\"Shop\",\"item\":\"https:\\\/\\\/www.comprarmejor.es\\\/en\\\/shop\\\/\"},{\"@type\":\"ListItem\",\"position\":3,\"name\":\"Monster of the Laguna de Tagua, Chile, 1784\"}]},{\"@type\":\"WebSite\",\"@id\":\"https:\\\/\\\/www.comprarmejor.es\\\/en\\\/#website\",\"url\":\"https:\\\/\\\/www.comprarmejor.es\\\/en\\\/\",\"name\":\"ComprarMejor\",\"description\":\"ComprarMejor\",\"publisher\":{\"@id\":\"https:\\\/\\\/www.comprarmejor.es\\\/en\\\/#organization\"},\"potentialAction\":[{\"@type\":\"SearchAction\",\"target\":{\"@type\":\"EntryPoint\",\"urlTemplate\":\"https:\\\/\\\/www.comprarmejor.es\\\/en\\\/?s={search_term_string}\"},\"query-input\":{\"@type\":\"PropertyValueSpecification\",\"valueRequired\":true,\"valueName\":\"search_term_string\"}}],\"inLanguage\":\"en-US\"},{\"@type\":\"Organization\",\"@id\":\"https:\\\/\\\/www.comprarmejor.es\\\/en\\\/#organization\",\"name\":\"COMPRAR MEJOR\",\"url\":\"https:\\\/\\\/www.comprarmejor.es\\\/en\\\/\",\"logo\":{\"@type\":\"ImageObject\",\"inLanguage\":\"en-US\",\"@id\":\"https:\\\/\\\/www.comprarmejor.es\\\/en\\\/#\\\/schema\\\/logo\\\/image\\\/\",\"url\":\"https:\\\/\\\/www.comprarmejor.es\\\/wp-content\\\/uploads\\\/2025\\\/09\\\/comprarmejortrinidad.jpg\",\"contentUrl\":\"https:\\\/\\\/www.comprarmejor.es\\\/wp-content\\\/uploads\\\/2025\\\/09\\\/comprarmejortrinidad.jpg\",\"width\":1022,\"height\":1380,\"caption\":\"COMPRAR MEJOR\"},\"image\":{\"@id\":\"https:\\\/\\\/www.comprarmejor.es\\\/en\\\/#\\\/schema\\\/logo\\\/image\\\/\"},\"sameAs\":[\"https:\\\/\\\/www.instagram.com\\\/amigosdelcodice\"]}]}<\/script>\n<!-- \/ Yoast SEO plugin. -->","yoast_head_json":{"title":"Monster of the Laguna de Tagua, Chile, 1784, anonymous original engravi","description":"Monster of the Laguna de Tagua, anonymous colored original engraving of the 18th century, Chile, 1784. The horrifying creature is the little-known monster","robots":{"index":"index","follow":"follow","max-snippet":"max-snippet:-1","max-image-preview":"max-image-preview:large","max-video-preview":"max-video-preview:-1"},"canonical":"https:\/\/www.comprarmejor.es\/en\/product\/monster-of-the-laguna-de-tagua-chile-1784\/","og_locale":"en_US","og_type":"article","og_title":"Monster of the Laguna de Tagua, Chile, 1784, anonymous original engravi","og_description":"Monster of the Laguna de Tagua, anonymous colored original engraving of the 18th century, Chile, 1784. The horrifying creature is the little-known monster","og_url":"https:\/\/www.comprarmejor.es\/en\/product\/monster-of-the-laguna-de-tagua-chile-1784\/","og_site_name":"ComprarMejor","article_modified_time":"2020-07-10T13:52:43+00:00","og_image":[{"width":455,"height":598,"url":"https:\/\/www.comprarmejor.es\/wp-content\/uploads\/2015\/11\/p_6_4_7_9_6479-Monstruo-de-la-Laguna-de-Tagua-Chile-1784.jpg","type":"image\/jpeg"}],"twitter_card":"summary_large_image","twitter_misc":{"Est. reading time":"1 minute"},"schema":{"@context":"https:\/\/schema.org","@graph":[{"@type":"WebPage","@id":"https:\/\/www.comprarmejor.es\/en\/product\/monster-of-the-laguna-de-tagua-chile-1784\/","url":"https:\/\/www.comprarmejor.es\/en\/product\/monster-of-the-laguna-de-tagua-chile-1784\/","name":"Monster of the Laguna de Tagua, Chile, 1784, anonymous original engravi","isPartOf":{"@id":"https:\/\/www.comprarmejor.es\/en\/#website"},"primaryImageOfPage":{"@id":"https:\/\/www.comprarmejor.es\/en\/product\/monster-of-the-laguna-de-tagua-chile-1784\/#primaryimage"},"image":{"@id":"https:\/\/www.comprarmejor.es\/en\/product\/monster-of-the-laguna-de-tagua-chile-1784\/#primaryimage"},"thumbnailUrl":"https:\/\/www.comprarmejor.es\/wp-content\/uploads\/2015\/11\/p_6_4_7_9_6479-Monstruo-de-la-Laguna-de-Tagua-Chile-1784.jpg","datePublished":"2015-11-05T11:48:44+00:00","dateModified":"2020-07-10T13:52:43+00:00","description":"Monster of the Laguna de Tagua, anonymous colored original engraving of the 18th century, Chile, 1784. The horrifying creature is the little-known monster","breadcrumb":{"@id":"https:\/\/www.comprarmejor.es\/en\/product\/monster-of-the-laguna-de-tagua-chile-1784\/#breadcrumb"},"inLanguage":"en-US","potentialAction":[{"@type":"ReadAction","target":["https:\/\/www.comprarmejor.es\/en\/product\/monster-of-the-laguna-de-tagua-chile-1784\/"]}]},{"@type":"ImageObject","inLanguage":"en-US","@id":"https:\/\/www.comprarmejor.es\/en\/product\/monster-of-the-laguna-de-tagua-chile-1784\/#primaryimage","url":"https:\/\/www.comprarmejor.es\/wp-content\/uploads\/2015\/11\/p_6_4_7_9_6479-Monstruo-de-la-Laguna-de-Tagua-Chile-1784.jpg","contentUrl":"https:\/\/www.comprarmejor.es\/wp-content\/uploads\/2015\/11\/p_6_4_7_9_6479-Monstruo-de-la-Laguna-de-Tagua-Chile-1784.jpg","width":455,"height":598},{"@type":"BreadcrumbList","@id":"https:\/\/www.comprarmejor.es\/en\/product\/monster-of-the-laguna-de-tagua-chile-1784\/#breadcrumb","itemListElement":[{"@type":"ListItem","position":1,"name":"Portada","item":"https:\/\/www.comprarmejor.es\/en\/"},{"@type":"ListItem","position":2,"name":"Shop","item":"https:\/\/www.comprarmejor.es\/en\/shop\/"},{"@type":"ListItem","position":3,"name":"Monster of the Laguna de Tagua, Chile, 1784"}]},{"@type":"WebSite","@id":"https:\/\/www.comprarmejor.es\/en\/#website","url":"https:\/\/www.comprarmejor.es\/en\/","name":"ComprarMejor","description":"ComprarMejor","publisher":{"@id":"https:\/\/www.comprarmejor.es\/en\/#organization"},"potentialAction":[{"@type":"SearchAction","target":{"@type":"EntryPoint","urlTemplate":"https:\/\/www.comprarmejor.es\/en\/?s={search_term_string}"},"query-input":{"@type":"PropertyValueSpecification","valueRequired":true,"valueName":"search_term_string"}}],"inLanguage":"en-US"},{"@type":"Organization","@id":"https:\/\/www.comprarmejor.es\/en\/#organization","name":"COMPRAR MEJOR","url":"https:\/\/www.comprarmejor.es\/en\/","logo":{"@type":"ImageObject","inLanguage":"en-US","@id":"https:\/\/www.comprarmejor.es\/en\/#\/schema\/logo\/image\/","url":"https:\/\/www.comprarmejor.es\/wp-content\/uploads\/2025\/09\/comprarmejortrinidad.jpg","contentUrl":"https:\/\/www.comprarmejor.es\/wp-content\/uploads\/2025\/09\/comprarmejortrinidad.jpg","width":1022,"height":1380,"caption":"COMPRAR MEJOR"},"image":{"@id":"https:\/\/www.comprarmejor.es\/en\/#\/schema\/logo\/image\/"},"sameAs":["https:\/\/www.instagram.com\/amigosdelcodice"]}]}},"_links":{"self":[{"href":"https:\/\/www.comprarmejor.es\/en\/wp-json\/wp\/v2\/product\/48593","targetHints":{"allow":["GET"]}}],"collection":[{"href":"https:\/\/www.comprarmejor.es\/en\/wp-json\/wp\/v2\/product"}],"about":[{"href":"https:\/\/www.comprarmejor.es\/en\/wp-json\/wp\/v2\/types\/product"}],"wp:featuredmedia":[{"embeddable":true,"href":"https:\/\/www.comprarmejor.es\/en\/wp-json\/wp\/v2\/media\/48587"}],"wp:attachment":[{"href":"https:\/\/www.comprarmejor.es\/en\/wp-json\/wp\/v2\/media?parent=48593"}],"wp:term":[{"taxonomy":"product_brand","embeddable":true,"href":"https:\/\/www.comprarmejor.es\/en\/wp-json\/wp\/v2\/product_brand?post=48593"},{"taxonomy":"product_cat","embeddable":true,"href":"https:\/\/www.comprarmejor.es\/en\/wp-json\/wp\/v2\/product_cat?post=48593"},{"taxonomy":"product_tag","embeddable":true,"href":"https:\/\/www.comprarmejor.es\/en\/wp-json\/wp\/v2\/product_tag?post=48593"}],"curies":[{"name":"wp","href":"https:\/\/api.w.org\/{rel}","templated":true}]}}