{"id":48669,"date":"2015-11-07T11:44:22","date_gmt":"2015-11-07T10:44:22","guid":{"rendered":"https:\/\/www.comprarmejor.es\/producto\/cantigas-de-santa-maria-alfonso-x-the-wise-s-xiii-codex-rico-of-el-escorial-5\/"},"modified":"2022-04-13T17:30:24","modified_gmt":"2022-04-13T15:30:24","slug":"cantigas-de-santa-maria-alfonso-x-the-wise-s-xiii-codex-rico-of-el-escorial-5","status":"publish","type":"product","link":"https:\/\/www.comprarmejor.es\/en\/product\/cantigas-de-santa-maria-alfonso-x-the-wise-s-xiii-codex-rico-of-el-escorial-5\/","title":{"rendered":"Cantigas de Santa Mar\u00eda, Alfonso X the Wise, s. XIII, Codex Rico of El Escorial (5*+)"},"content":{"rendered":"<p style=\"text-align: justify;\"><span id=\"result_box\" lang=\"en\" xml:lang=\"en\"><span title=\"Gastos de env\u00edo por cuenta del comprador, seg\u00fan pedido y destino.\"><span lang=\"en\" xml:lang=\"en\"><span title=\"\u00a1Un 5 estrellas en toda gran Biblioteca!\"><span lang=\"en\" xml:lang=\"en\">Exemplary in perfect condition corresponding to the luxurious and extraordinary new facsimile edition made in 2011 by the editorial Testimony of the original manuscript preserved in the Royal Library of the Monastery of El Escorial, known as the Codex Rico de las Cantigas. A 5 star plus in every great Library!<\/span><\/span><\/span><\/span><\/span><\/p>\n<p style=\"text-align: justify;\"><span title=\"El cancionero de las Cantigas de Santa Mar\u00eda (siglo XIII) fue promovido por Alfonso X el Sabio y surgi\u00f3 al amparo de la creciente devoci\u00f3n mariana que tuvo lugar en toda Europa desde el siglo XII, convirti\u00e9ndose en una de las obras fundamentales de la Edad Media\">The songbook of the Cantigas de Santa Mar\u00eda (13th century) was promoted by Alfonso X el Sabio and emerged under the protection of the growing Marian devotion that took place throughout Europe since the 12th century, becoming one of the fundamental works of the Middle Ages <\/span><span title=\"dedicadas a la Virgen, estando compuesto por 400 cantigas a la misma, junto con otros poemas de ensalzamiento de las fiestas de Mar\u00eda y de Cristo.\">Dedicated to the Virgin, being composed of 400 cantigas to the same, along with other poems of exalzamiento of the celebrations of Maria and of Christ. <\/span><span title=\"Este volumen es el primero de las llamadas Cantigas Historiadas, a trav\u00e9s del cual se despliega ante nosotros la vida en la Corona de Castilla en el siglo XIII.\">This volume is the first of the so-called Cantigas Historiadas, through which the life in the Crown of Castile in the thirteenth century unfolds before us.<\/span><\/p>\n<p style=\"text-align: justify;\"><span title=\"Es este c\u00f3dice la poes\u00eda, m\u00fasica e imagen se conjugan en absoluta armon\u00eda.\">It is this codex poetry, music and image are combined in absolute harmony. <\/span><span title=\"Como su nombre indica, es sin lugar a dudas una pieza absolutamente excepcional, tanto por su calidad pict\u00f3rica, como por su valor documental, ya que a trav\u00e9s de sus im\u00e1genes se despliega ante nosotros la vida en la corona de Castilla durante el siglo XIII.\">As its name indicates, it is undoubtedly an absolutely exceptional piece, as much for its pictorial quality as for its documentary value, since through its images the life in the crown of Castile during the XIII century unfolds before us. <\/span><span title=\"Escenas cortesanas de car\u00e1cter oficial pero tambi\u00e9n la vida cotidiana en palacio, as\u00ed como la de las clases populares en ciudades y peque\u00f1as villas, asistiendo a sus juegos, danzas y oficios religiosos.\">Courteous scenes of official character but also the daily life in the palace, as well as that of the popular classes in cities and small towns, attending their games, dances and religious offices. <\/span><span title=\"Este primer volumen, tal y como ha llegado hasta nosotros, recoge 196 cantigas, aunque lamentablemente 3 han perdido su aparato ic\u00f3nico.\">This first volume, as it has come to us, collects 196 songs, although unfortunately 3 have lost their iconic apparatus.<\/span><\/p>\n<p style=\"text-align: justify;\"><span title=\"Es un c\u00f3dice de marca mayor y en la actualidad cuenta con 257 folios de pergamino de excelente calidad.\">It is a codex of major brand and currently has 257 folios of parchment of excellent quality. <\/span><span title=\"Luce una discreta encuadernaci\u00f3n escurialense moderna que sigue las pautas de la encuadernaci\u00f3n en piel que recibi\u00f3 a su llegada al Monasterio.\">There is a discreet modern Escurialense binding that follows the guidelines of the leather binding that received on arrival at the Monastery.<\/span><\/p>\n<p style=\"text-align: justify;\"><span title=\"El estudio de las Cantigas de Santa Mar\u00eda, a pesar de ser uno de los temas del medievalismo hispano que m\u00e1s se ha tratado, tanto dentro como fuera de nuestras fronteras, sigue ofreciendo al investigador respuestas imprescindibles para la comprensi\u00f3n de la Edad Media en Espa\u00f1a,\">The study of Cantigas de Santa Mar\u00eda, in spite of being one of the themes of Hispanic medievalism that has been treated the most, both inside and outside our borders, continues to offer the researcher essential answers to the understanding of the Middle Ages in Spain, <\/span><span title=\"y al mismo tiempo provocando constantes dudas que nos llevan a replantear una y otra vez, el porqu\u00e9 de su ejecuci\u00f3n, el lugar, los agentes que intervinieron, el m\u00e9todo de trabajo, o la eterna pregunta de la implicaci\u00f3n del monarca que ha alimentado estudios durante\">And at the same time provoking constant doubts that lead us to rethink over and over again, the why of its execution, the place, the agents that intervened, the method of work, or the eternal question of the involvement of the monarch that has fed studies during <\/span><span title=\"d\u00e9cadas.\">Decades.<\/span><\/p>\n<p style=\"text-align: justify;\"><span title=\"Esas constantes dudas han servido como est\u00edmulo para la edici\u00f3n de este facs\u00edmile que la editorial Testimonio nos proporciona con una calidad inmejorable, as\u00ed como su correspondiente volumen de estudios (en este caso, dos tomos), un proyecto fundamental que tras largos a\u00f1os de trabajo surge\">These constant doubts have served as a stimulus for the edition of this facsimile that the publisher Testimonio provides us with unbeatable quality, as well as its corresponding volume of studies (in this case, two volumes), a fundamental project that after many years of work arises <\/span><span title=\"en este momento para dar respuesta a muchas de las inc\u00f3gnitas planteadas con anterioridad, as\u00ed como para proporcionarnos una correcta y actualizada edici\u00f3n del texto.\">At this moment to answer many of the unknowns raised previously, as well as to provide us with a correct and updated edition of the text.<\/span><\/p>\n<p style=\"text-align: justify;\"><span title=\"Caracter\u00edsticas de esta espectacular edici\u00f3n facs\u00edmile:\">Features of this spectacular facsimile edition:<br \/>\n<\/span><span title=\"Edici\u00f3n limitada a 980 ejemplares, numerada y certificada.\">Limited edition to 980 copies, numbered and certified.<br \/>\n<\/span><span title=\"C\u00f3dice encuadernado en piel marr\u00f3n sobre madera, gran formato 36 x 50,2 cm.\">Bound codex in brown leather on wood, large format 36 x 50.2 cm. <\/span><span title=\"Dos cierres met\u00e1licos dorados.\">Two gold metal clasps. <\/span><span title=\"514 p\u00e1ginas con pr\u00e1cticamente la mitad de ellas extraordinariamente miniadas con escenas medievales y con gran lujo de detalles y oros.\">514 pages with almost half of them extraordinarily mined with medieval scenes and with great luxury of details and golds.<br \/>\n<\/span><span title=\"Acompa\u00f1ado de dos libros estudio, formato 24,3 x 32 cm, y encuadernados en tapa dura acolchada e ilustrada.\">Accompanied by two study books, format 24.3 x 32 cm, and bound in hardcover and padded illustrated. <\/span><span title=\"El tomo I contiene la transcripci\u00f3n y traducci\u00f3n al espa\u00f1ol con un total de 476 p\u00e1ginas.\">Volume I contains the transcription and translation into Spanish with a total of 476 pages. <\/span><span title=\"El tomo II contiene los estudios propiamente dichos, con un total de 700 p\u00e1ginas.\">Volume II contains the actual studies, with a total of 700 pages. <\/span><span title=\"Unos libros estudio que por su calidad e importancia han tomado viva propia y podemos suministr\u00e1rselos, independientemente a si compra o no el facs\u00edmile.\">Books study that by their quality and importance have taken their own lives and we can supply them, regardless of whether or not you buy the facsimile.<\/span><\/p>\n<p style=\"text-align: justify;\"><span title=\"Gastos de env\u00edo por cuenta del comprador, seg\u00fan pedido y destino.\">Shipping<\/span>\u00a0by the buyer, upon request and destination.\u00a0<span title=\"Cons\u00faltenos cualquier duda, as\u00ed como por cualquier otro facs\u00edmile que est\u00e9 buscando.\"><a class=\"btn btn-default\" href=\"https:\/\/www.comprarmejor.es\/en\/contact\">Ask us<\/a> <span lang=\"en\" xml:lang=\"en\"><span title=\"Cons\u00faltenos sin compromiso (indicando el c\u00f3digo del art\u00edculo) cualquier duda, as\u00ed como por cualquier otro facs\u00edmile o art\u00edculo que est\u00e9 buscando.\">without obligation (indicating the code of the article) any doubt.<\/span><\/span><br \/>\n<\/span><\/p>\n","protected":false},"excerpt":{"rendered":"<p style=\"text-align: justify;\"><span id=\"result_box\" lang=\"en\" xml:lang=\"en\"><span title=\"Ejemplar en perfecto estado correspondiente a la nueva y reciente edici\u00f3n facsimilar realizada por la editorial Testimonio del manuscrito original conservado en la Real Biblioteca del Monasterio de El Escorial, conocido como el C\u00f3dice Rico de las Cantigas.\"><span lang=\"en\" xml:lang=\"en\"><span title=\"\u00a1Un 5 estrellas en toda gran Biblioteca!\"><span lang=\"en\" xml:lang=\"en\"><span class=\"VIiyi\" lang=\"en\"><span class=\"JLqJ4b ChMk0b\" data-language-for-alternatives=\"en\" data-language-to-translate-into=\"es\" data-phrase-index=\"0\" data-number-of-phrases=\"1\"><span class=\"Q4iAWc\">Copy corresponding to the luxurious and extraordinary new facsimile edition made by the editorial Testimony of the original manuscript preserved in the Royal Library of the Monastery of El Escorial, known as the C\u00f3dice Rico de las Cantigas.<\/span><\/span><\/span><\/span><\/span><\/span><\/span><\/span><\/p>\n","protected":false},"featured_media":48655,"template":"","meta":[],"product_brand":[],"product_cat":[2208,2250],"product_tag":[3986,4242,3984,3999],"class_list":{"0":"post-48669","1":"product","2":"type-product","3":"status-publish","4":"has-post-thumbnail","6":"product_cat-grand-luxury-library","7":"product_cat-other-facsimiles","8":"product_tag-alfonso-en","9":"product_tag-cantigas-en","10":"product_tag-escorial-en-2","11":"product_tag-testimonio-en","12":"product_shipping_class-from-6-to-10-kg","13":"description-off","15":"first","16":"instock","17":"taxable","18":"shipping-taxable","19":"purchasable","20":"product-type-simple"},"yoast_head":"<!-- This site is optimized with the Yoast SEO plugin v27.3 - https:\/\/yoast.com\/product\/yoast-seo-wordpress\/ -->\n<title>Cantigas de Santa Mar\u00eda, Alfonso X the Wise, s. XIII, codex Escorial<\/title>\n<meta name=\"description\" content=\"The original manuscript in the Royal Library of the Monastery of El Escorial, known as the Codex Rico Cantigas of state.\" \/>\n<meta name=\"robots\" content=\"index, follow, max-snippet:-1, max-image-preview:large, max-video-preview:-1\" \/>\n<link rel=\"canonical\" href=\"https:\/\/www.comprarmejor.es\/en\/product\/cantigas-de-santa-maria-alfonso-x-the-wise-s-xiii-codex-rico-of-el-escorial-5\/\" \/>\n<meta property=\"og:locale\" content=\"en_US\" \/>\n<meta property=\"og:type\" content=\"article\" \/>\n<meta property=\"og:title\" content=\"Cantigas de Santa Mar\u00eda, Alfonso X the Wise, s. XIII, codex Escorial\" \/>\n<meta property=\"og:description\" content=\"The original manuscript in the Royal Library of the Monastery of El Escorial, known as the Codex Rico Cantigas of state.\" \/>\n<meta property=\"og:url\" content=\"https:\/\/www.comprarmejor.es\/en\/product\/cantigas-de-santa-maria-alfonso-x-the-wise-s-xiii-codex-rico-of-el-escorial-5\/\" \/>\n<meta property=\"og:site_name\" content=\"ComprarMejor\" \/>\n<meta property=\"article:modified_time\" content=\"2022-04-13T15:30:24+00:00\" \/>\n<meta property=\"og:image\" content=\"https:\/\/www.comprarmejor.es\/wp-content\/uploads\/2015\/11\/p_6_0_7_1_6071-Cantigas-de-Santa-Maria-Alfonso-X-el-Sabio-s.-XIII-codice-Rico-de-El-Escorial-5.jpg\" \/>\n\t<meta property=\"og:image:width\" content=\"599\" \/>\n\t<meta property=\"og:image:height\" content=\"449\" \/>\n\t<meta property=\"og:image:type\" content=\"image\/jpeg\" \/>\n<meta name=\"twitter:card\" content=\"summary_large_image\" \/>\n<meta name=\"twitter:label1\" content=\"Est. reading time\" \/>\n\t<meta name=\"twitter:data1\" content=\"3 minutes\" \/>\n<script type=\"application\/ld+json\" class=\"yoast-schema-graph\">{\"@context\":\"https:\\\/\\\/schema.org\",\"@graph\":[{\"@type\":\"WebPage\",\"@id\":\"https:\\\/\\\/www.comprarmejor.es\\\/en\\\/product\\\/cantigas-de-santa-maria-alfonso-x-the-wise-s-xiii-codex-rico-of-el-escorial-5\\\/\",\"url\":\"https:\\\/\\\/www.comprarmejor.es\\\/en\\\/product\\\/cantigas-de-santa-maria-alfonso-x-the-wise-s-xiii-codex-rico-of-el-escorial-5\\\/\",\"name\":\"Cantigas de Santa Mar\u00eda, Alfonso X the Wise, s. XIII, codex Escorial\",\"isPartOf\":{\"@id\":\"https:\\\/\\\/www.comprarmejor.es\\\/en\\\/#website\"},\"primaryImageOfPage\":{\"@id\":\"https:\\\/\\\/www.comprarmejor.es\\\/en\\\/product\\\/cantigas-de-santa-maria-alfonso-x-the-wise-s-xiii-codex-rico-of-el-escorial-5\\\/#primaryimage\"},\"image\":{\"@id\":\"https:\\\/\\\/www.comprarmejor.es\\\/en\\\/product\\\/cantigas-de-santa-maria-alfonso-x-the-wise-s-xiii-codex-rico-of-el-escorial-5\\\/#primaryimage\"},\"thumbnailUrl\":\"https:\\\/\\\/www.comprarmejor.es\\\/wp-content\\\/uploads\\\/2015\\\/11\\\/p_6_0_7_1_6071-Cantigas-de-Santa-Maria-Alfonso-X-el-Sabio-s.-XIII-codice-Rico-de-El-Escorial-5.jpg\",\"datePublished\":\"2015-11-07T10:44:22+00:00\",\"dateModified\":\"2022-04-13T15:30:24+00:00\",\"description\":\"The original manuscript in the Royal Library of the Monastery of El Escorial, known as the Codex Rico Cantigas of state.\",\"breadcrumb\":{\"@id\":\"https:\\\/\\\/www.comprarmejor.es\\\/en\\\/product\\\/cantigas-de-santa-maria-alfonso-x-the-wise-s-xiii-codex-rico-of-el-escorial-5\\\/#breadcrumb\"},\"inLanguage\":\"en-US\",\"potentialAction\":[{\"@type\":\"ReadAction\",\"target\":[\"https:\\\/\\\/www.comprarmejor.es\\\/en\\\/product\\\/cantigas-de-santa-maria-alfonso-x-the-wise-s-xiii-codex-rico-of-el-escorial-5\\\/\"]}]},{\"@type\":\"ImageObject\",\"inLanguage\":\"en-US\",\"@id\":\"https:\\\/\\\/www.comprarmejor.es\\\/en\\\/product\\\/cantigas-de-santa-maria-alfonso-x-the-wise-s-xiii-codex-rico-of-el-escorial-5\\\/#primaryimage\",\"url\":\"https:\\\/\\\/www.comprarmejor.es\\\/wp-content\\\/uploads\\\/2015\\\/11\\\/p_6_0_7_1_6071-Cantigas-de-Santa-Maria-Alfonso-X-el-Sabio-s.-XIII-codice-Rico-de-El-Escorial-5.jpg\",\"contentUrl\":\"https:\\\/\\\/www.comprarmejor.es\\\/wp-content\\\/uploads\\\/2015\\\/11\\\/p_6_0_7_1_6071-Cantigas-de-Santa-Maria-Alfonso-X-el-Sabio-s.-XIII-codice-Rico-de-El-Escorial-5.jpg\",\"width\":599,\"height\":449},{\"@type\":\"BreadcrumbList\",\"@id\":\"https:\\\/\\\/www.comprarmejor.es\\\/en\\\/product\\\/cantigas-de-santa-maria-alfonso-x-the-wise-s-xiii-codex-rico-of-el-escorial-5\\\/#breadcrumb\",\"itemListElement\":[{\"@type\":\"ListItem\",\"position\":1,\"name\":\"Portada\",\"item\":\"https:\\\/\\\/www.comprarmejor.es\\\/en\\\/\"},{\"@type\":\"ListItem\",\"position\":2,\"name\":\"Shop\",\"item\":\"https:\\\/\\\/www.comprarmejor.es\\\/en\\\/shop\\\/\"},{\"@type\":\"ListItem\",\"position\":3,\"name\":\"Cantigas de Santa Mar\u00eda, Alfonso X the Wise, s. XIII, Codex Rico of El Escorial (5*+)\"}]},{\"@type\":\"WebSite\",\"@id\":\"https:\\\/\\\/www.comprarmejor.es\\\/en\\\/#website\",\"url\":\"https:\\\/\\\/www.comprarmejor.es\\\/en\\\/\",\"name\":\"ComprarMejor\",\"description\":\"ComprarMejor\",\"publisher\":{\"@id\":\"https:\\\/\\\/www.comprarmejor.es\\\/en\\\/#organization\"},\"potentialAction\":[{\"@type\":\"SearchAction\",\"target\":{\"@type\":\"EntryPoint\",\"urlTemplate\":\"https:\\\/\\\/www.comprarmejor.es\\\/en\\\/?s={search_term_string}\"},\"query-input\":{\"@type\":\"PropertyValueSpecification\",\"valueRequired\":true,\"valueName\":\"search_term_string\"}}],\"inLanguage\":\"en-US\"},{\"@type\":\"Organization\",\"@id\":\"https:\\\/\\\/www.comprarmejor.es\\\/en\\\/#organization\",\"name\":\"COMPRAR MEJOR\",\"url\":\"https:\\\/\\\/www.comprarmejor.es\\\/en\\\/\",\"logo\":{\"@type\":\"ImageObject\",\"inLanguage\":\"en-US\",\"@id\":\"https:\\\/\\\/www.comprarmejor.es\\\/en\\\/#\\\/schema\\\/logo\\\/image\\\/\",\"url\":\"https:\\\/\\\/www.comprarmejor.es\\\/wp-content\\\/uploads\\\/2025\\\/09\\\/comprarmejortrinidad.jpg\",\"contentUrl\":\"https:\\\/\\\/www.comprarmejor.es\\\/wp-content\\\/uploads\\\/2025\\\/09\\\/comprarmejortrinidad.jpg\",\"width\":1022,\"height\":1380,\"caption\":\"COMPRAR MEJOR\"},\"image\":{\"@id\":\"https:\\\/\\\/www.comprarmejor.es\\\/en\\\/#\\\/schema\\\/logo\\\/image\\\/\"},\"sameAs\":[\"https:\\\/\\\/www.instagram.com\\\/amigosdelcodice\"]}]}<\/script>\n<!-- \/ Yoast SEO plugin. -->","yoast_head_json":{"title":"Cantigas de Santa Mar\u00eda, Alfonso X the Wise, s. XIII, codex Escorial","description":"The original manuscript in the Royal Library of the Monastery of El Escorial, known as the Codex Rico Cantigas of state.","robots":{"index":"index","follow":"follow","max-snippet":"max-snippet:-1","max-image-preview":"max-image-preview:large","max-video-preview":"max-video-preview:-1"},"canonical":"https:\/\/www.comprarmejor.es\/en\/product\/cantigas-de-santa-maria-alfonso-x-the-wise-s-xiii-codex-rico-of-el-escorial-5\/","og_locale":"en_US","og_type":"article","og_title":"Cantigas de Santa Mar\u00eda, Alfonso X the Wise, s. XIII, codex Escorial","og_description":"The original manuscript in the Royal Library of the Monastery of El Escorial, known as the Codex Rico Cantigas of state.","og_url":"https:\/\/www.comprarmejor.es\/en\/product\/cantigas-de-santa-maria-alfonso-x-the-wise-s-xiii-codex-rico-of-el-escorial-5\/","og_site_name":"ComprarMejor","article_modified_time":"2022-04-13T15:30:24+00:00","og_image":[{"width":599,"height":449,"url":"https:\/\/www.comprarmejor.es\/wp-content\/uploads\/2015\/11\/p_6_0_7_1_6071-Cantigas-de-Santa-Maria-Alfonso-X-el-Sabio-s.-XIII-codice-Rico-de-El-Escorial-5.jpg","type":"image\/jpeg"}],"twitter_card":"summary_large_image","twitter_misc":{"Est. reading time":"3 minutes"},"schema":{"@context":"https:\/\/schema.org","@graph":[{"@type":"WebPage","@id":"https:\/\/www.comprarmejor.es\/en\/product\/cantigas-de-santa-maria-alfonso-x-the-wise-s-xiii-codex-rico-of-el-escorial-5\/","url":"https:\/\/www.comprarmejor.es\/en\/product\/cantigas-de-santa-maria-alfonso-x-the-wise-s-xiii-codex-rico-of-el-escorial-5\/","name":"Cantigas de Santa Mar\u00eda, Alfonso X the Wise, s. XIII, codex Escorial","isPartOf":{"@id":"https:\/\/www.comprarmejor.es\/en\/#website"},"primaryImageOfPage":{"@id":"https:\/\/www.comprarmejor.es\/en\/product\/cantigas-de-santa-maria-alfonso-x-the-wise-s-xiii-codex-rico-of-el-escorial-5\/#primaryimage"},"image":{"@id":"https:\/\/www.comprarmejor.es\/en\/product\/cantigas-de-santa-maria-alfonso-x-the-wise-s-xiii-codex-rico-of-el-escorial-5\/#primaryimage"},"thumbnailUrl":"https:\/\/www.comprarmejor.es\/wp-content\/uploads\/2015\/11\/p_6_0_7_1_6071-Cantigas-de-Santa-Maria-Alfonso-X-el-Sabio-s.-XIII-codice-Rico-de-El-Escorial-5.jpg","datePublished":"2015-11-07T10:44:22+00:00","dateModified":"2022-04-13T15:30:24+00:00","description":"The original manuscript in the Royal Library of the Monastery of El Escorial, known as the Codex Rico Cantigas of state.","breadcrumb":{"@id":"https:\/\/www.comprarmejor.es\/en\/product\/cantigas-de-santa-maria-alfonso-x-the-wise-s-xiii-codex-rico-of-el-escorial-5\/#breadcrumb"},"inLanguage":"en-US","potentialAction":[{"@type":"ReadAction","target":["https:\/\/www.comprarmejor.es\/en\/product\/cantigas-de-santa-maria-alfonso-x-the-wise-s-xiii-codex-rico-of-el-escorial-5\/"]}]},{"@type":"ImageObject","inLanguage":"en-US","@id":"https:\/\/www.comprarmejor.es\/en\/product\/cantigas-de-santa-maria-alfonso-x-the-wise-s-xiii-codex-rico-of-el-escorial-5\/#primaryimage","url":"https:\/\/www.comprarmejor.es\/wp-content\/uploads\/2015\/11\/p_6_0_7_1_6071-Cantigas-de-Santa-Maria-Alfonso-X-el-Sabio-s.-XIII-codice-Rico-de-El-Escorial-5.jpg","contentUrl":"https:\/\/www.comprarmejor.es\/wp-content\/uploads\/2015\/11\/p_6_0_7_1_6071-Cantigas-de-Santa-Maria-Alfonso-X-el-Sabio-s.-XIII-codice-Rico-de-El-Escorial-5.jpg","width":599,"height":449},{"@type":"BreadcrumbList","@id":"https:\/\/www.comprarmejor.es\/en\/product\/cantigas-de-santa-maria-alfonso-x-the-wise-s-xiii-codex-rico-of-el-escorial-5\/#breadcrumb","itemListElement":[{"@type":"ListItem","position":1,"name":"Portada","item":"https:\/\/www.comprarmejor.es\/en\/"},{"@type":"ListItem","position":2,"name":"Shop","item":"https:\/\/www.comprarmejor.es\/en\/shop\/"},{"@type":"ListItem","position":3,"name":"Cantigas de Santa Mar\u00eda, Alfonso X the Wise, s. XIII, Codex Rico of El Escorial (5*+)"}]},{"@type":"WebSite","@id":"https:\/\/www.comprarmejor.es\/en\/#website","url":"https:\/\/www.comprarmejor.es\/en\/","name":"ComprarMejor","description":"ComprarMejor","publisher":{"@id":"https:\/\/www.comprarmejor.es\/en\/#organization"},"potentialAction":[{"@type":"SearchAction","target":{"@type":"EntryPoint","urlTemplate":"https:\/\/www.comprarmejor.es\/en\/?s={search_term_string}"},"query-input":{"@type":"PropertyValueSpecification","valueRequired":true,"valueName":"search_term_string"}}],"inLanguage":"en-US"},{"@type":"Organization","@id":"https:\/\/www.comprarmejor.es\/en\/#organization","name":"COMPRAR MEJOR","url":"https:\/\/www.comprarmejor.es\/en\/","logo":{"@type":"ImageObject","inLanguage":"en-US","@id":"https:\/\/www.comprarmejor.es\/en\/#\/schema\/logo\/image\/","url":"https:\/\/www.comprarmejor.es\/wp-content\/uploads\/2025\/09\/comprarmejortrinidad.jpg","contentUrl":"https:\/\/www.comprarmejor.es\/wp-content\/uploads\/2025\/09\/comprarmejortrinidad.jpg","width":1022,"height":1380,"caption":"COMPRAR MEJOR"},"image":{"@id":"https:\/\/www.comprarmejor.es\/en\/#\/schema\/logo\/image\/"},"sameAs":["https:\/\/www.instagram.com\/amigosdelcodice"]}]}},"_links":{"self":[{"href":"https:\/\/www.comprarmejor.es\/en\/wp-json\/wp\/v2\/product\/48669","targetHints":{"allow":["GET"]}}],"collection":[{"href":"https:\/\/www.comprarmejor.es\/en\/wp-json\/wp\/v2\/product"}],"about":[{"href":"https:\/\/www.comprarmejor.es\/en\/wp-json\/wp\/v2\/types\/product"}],"wp:featuredmedia":[{"embeddable":true,"href":"https:\/\/www.comprarmejor.es\/en\/wp-json\/wp\/v2\/media\/48655"}],"wp:attachment":[{"href":"https:\/\/www.comprarmejor.es\/en\/wp-json\/wp\/v2\/media?parent=48669"}],"wp:term":[{"taxonomy":"product_brand","embeddable":true,"href":"https:\/\/www.comprarmejor.es\/en\/wp-json\/wp\/v2\/product_brand?post=48669"},{"taxonomy":"product_cat","embeddable":true,"href":"https:\/\/www.comprarmejor.es\/en\/wp-json\/wp\/v2\/product_cat?post=48669"},{"taxonomy":"product_tag","embeddable":true,"href":"https:\/\/www.comprarmejor.es\/en\/wp-json\/wp\/v2\/product_tag?post=48669"}],"curies":[{"name":"wp","href":"https:\/\/api.w.org\/{rel}","templated":true}]}}